{"id":5477,"date":"2025-12-05T21:45:41","date_gmt":"2025-12-05T21:45:41","guid":{"rendered":"https:\/\/planitpower.com\/?page_id=5477"},"modified":"2025-12-09T09:53:36","modified_gmt":"2025-12-09T09:53:36","slug":"mon-compte","status":"publish","type":"page","link":"https:\/\/planitpower.com\/fr\/mon-compte\/","title":{"rendered":"Mon compte"},"content":{"rendered":"<div  class=\"wp-block-product-blocks-my-account wopb-block-37260e\"><div class=\"wopb-product-wrapper\">\n<div class=\"wopb-my-account-container wopb-guest-account-container\">\n\t<\/div>\n<\/div><\/div> \n\n<div class=\"woocommerce\"><\/div>","protected":false},"excerpt":{"rendered":"","protected":false},"author":1,"featured_media":0,"parent":0,"menu_order":0,"comment_status":"closed","ping_status":"closed","template":"","meta":{"jetpack_post_was_ever_published":false,"footnotes":""},"class_list":["post-5477","page","type-page","status-publish"],"yoast_head":"<!-- This site is optimized with the Yoast SEO plugin v27.3 - https:\/\/yoast.com\/product\/yoast-seo-wordpress\/ -->\n<title>My account - Planitpower<\/title>\n<meta name=\"robots\" content=\"index, follow, max-snippet:-1, max-image-preview:large, max-video-preview:-1\" \/>\n<link rel=\"canonical\" href=\"https:\/\/planitpower.com\/fr\/mon-compte\/\" \/>\n<meta property=\"og:locale\" content=\"fr_FR\" \/>\n<meta property=\"og:type\" content=\"article\" \/>\n<meta property=\"og:title\" content=\"My account - Planitpower\" \/>\n<meta property=\"og:url\" content=\"https:\/\/planitpower.com\/fr\/mon-compte\/\" \/>\n<meta property=\"og:site_name\" content=\"Planitpower\" \/>\n<meta property=\"article:modified_time\" content=\"2025-12-09T09:53:36+00:00\" \/>\n<meta name=\"twitter:card\" content=\"summary_large_image\" \/>\n<meta name=\"twitter:label1\" content=\"Dur\u00e9e de lecture estim\u00e9e\" \/>\n\t<meta name=\"twitter:data1\" content=\"1 minute\" \/>\n<script type=\"application\/ld+json\" class=\"yoast-schema-graph\">{\"@context\":\"https:\\\/\\\/schema.org\",\"@graph\":[{\"@type\":\"WebPage\",\"@id\":\"https:\\\/\\\/planitpower.com\\\/my-account\\\/\",\"url\":\"https:\\\/\\\/planitpower.com\\\/my-account\\\/\",\"name\":\"My account - Planitpower\",\"isPartOf\":{\"@id\":\"https:\\\/\\\/planitpower.com\\\/#website\"},\"datePublished\":\"2025-12-05T21:45:41+00:00\",\"dateModified\":\"2025-12-09T09:53:36+00:00\",\"breadcrumb\":{\"@id\":\"https:\\\/\\\/planitpower.com\\\/my-account\\\/#breadcrumb\"},\"inLanguage\":\"fr-FR\",\"potentialAction\":[{\"@type\":\"ReadAction\",\"target\":[\"https:\\\/\\\/planitpower.com\\\/my-account\\\/\"]}]},{\"@type\":\"BreadcrumbList\",\"@id\":\"https:\\\/\\\/planitpower.com\\\/my-account\\\/#breadcrumb\",\"itemListElement\":[{\"@type\":\"ListItem\",\"position\":1,\"name\":\"Home\",\"item\":\"https:\\\/\\\/planitpower.com\\\/\"},{\"@type\":\"ListItem\",\"position\":2,\"name\":\"My account\"}]},{\"@type\":\"WebSite\",\"@id\":\"https:\\\/\\\/planitpower.com\\\/#website\",\"url\":\"https:\\\/\\\/planitpower.com\\\/\",\"name\":\"Planitpower\",\"description\":\"Inspire energy\",\"publisher\":{\"@id\":\"https:\\\/\\\/planitpower.com\\\/#\\\/schema\\\/person\\\/b531587eda267b930b04174d12de6efa\"},\"potentialAction\":[{\"@type\":\"SearchAction\",\"target\":{\"@type\":\"EntryPoint\",\"urlTemplate\":\"https:\\\/\\\/planitpower.com\\\/?s={search_term_string}\"},\"query-input\":{\"@type\":\"PropertyValueSpecification\",\"valueRequired\":true,\"valueName\":\"search_term_string\"}}],\"inLanguage\":\"fr-FR\"},{\"@type\":[\"Person\",\"Organization\"],\"@id\":\"https:\\\/\\\/planitpower.com\\\/#\\\/schema\\\/person\\\/b531587eda267b930b04174d12de6efa\",\"name\":\"Editorial Team\",\"image\":{\"@type\":\"ImageObject\",\"inLanguage\":\"fr-FR\",\"@id\":\"https:\\\/\\\/i0.wp.com\\\/planitpower.com\\\/wp-content\\\/uploads\\\/2025\\\/12\\\/cropped-planitpower_circle_375x375.png?fit=512%2C512&ssl=1\",\"url\":\"https:\\\/\\\/i0.wp.com\\\/planitpower.com\\\/wp-content\\\/uploads\\\/2025\\\/12\\\/cropped-planitpower_circle_375x375.png?fit=512%2C512&ssl=1\",\"contentUrl\":\"https:\\\/\\\/i0.wp.com\\\/planitpower.com\\\/wp-content\\\/uploads\\\/2025\\\/12\\\/cropped-planitpower_circle_375x375.png?fit=512%2C512&ssl=1\",\"width\":512,\"height\":512,\"caption\":\"Editorial Team\"},\"logo\":{\"@id\":\"https:\\\/\\\/i0.wp.com\\\/planitpower.com\\\/wp-content\\\/uploads\\\/2025\\\/12\\\/cropped-planitpower_circle_375x375.png?fit=512%2C512&ssl=1\"},\"sameAs\":[\"https:\\\/\\\/Planitpower.com\"]}]}<\/script>\n<!-- \/ Yoast SEO plugin. -->","yoast_head_json":{"title":"Mon compte - Planitpower","robots":{"index":"index","follow":"follow","max-snippet":"max-snippet:-1","max-image-preview":"max-image-preview:large","max-video-preview":"max-video-preview:-1"},"canonical":"https:\/\/planitpower.com\/fr\/mon-compte\/","og_locale":"fr_FR","og_type":"article","og_title":"My account - Planitpower","og_url":"https:\/\/planitpower.com\/fr\/mon-compte\/","og_site_name":"Planitpower","article_modified_time":"2025-12-09T09:53:36+00:00","twitter_card":"summary_large_image","twitter_misc":{"Dur\u00e9e de lecture estim\u00e9e":"1 minute"},"schema":{"@context":"https:\/\/schema.org","@graph":[{"@type":"WebPage","@id":"https:\/\/planitpower.com\/my-account\/","url":"https:\/\/planitpower.com\/my-account\/","name":"Mon compte - Planitpower","isPartOf":{"@id":"https:\/\/planitpower.com\/#website"},"datePublished":"2025-12-05T21:45:41+00:00","dateModified":"2025-12-09T09:53:36+00:00","breadcrumb":{"@id":"https:\/\/planitpower.com\/my-account\/#breadcrumb"},"inLanguage":"fr-FR","potentialAction":[{"@type":"ReadAction","target":["https:\/\/planitpower.com\/my-account\/"]}]},{"@type":"BreadcrumbList","@id":"https:\/\/planitpower.com\/my-account\/#breadcrumb","itemListElement":[{"@type":"ListItem","position":1,"name":"Home","item":"https:\/\/planitpower.com\/"},{"@type":"ListItem","position":2,"name":"My account"}]},{"@type":"WebSite","@id":"https:\/\/planitpower.com\/#website","url":"https:\/\/planitpower.com\/","name":"Planitpower","description":"Inspirons l'\u00e9nergie!","publisher":{"@id":"https:\/\/planitpower.com\/#\/schema\/person\/b531587eda267b930b04174d12de6efa"},"potentialAction":[{"@type":"SearchAction","target":{"@type":"EntryPoint","urlTemplate":"https:\/\/planitpower.com\/?s={search_term_string}"},"query-input":{"@type":"PropertyValueSpecification","valueRequired":true,"valueName":"search_term_string"}}],"inLanguage":"fr-FR"},{"@type":["Person","Organization"],"@id":"https:\/\/planitpower.com\/#\/schema\/person\/b531587eda267b930b04174d12de6efa","name":"Equipe \u00e9ditoriale","image":{"@type":"ImageObject","inLanguage":"fr-FR","@id":"https:\/\/i0.wp.com\/planitpower.com\/wp-content\/uploads\/2025\/12\/cropped-planitpower_circle_375x375.png?fit=512%2C512&ssl=1","url":"https:\/\/i0.wp.com\/planitpower.com\/wp-content\/uploads\/2025\/12\/cropped-planitpower_circle_375x375.png?fit=512%2C512&ssl=1","contentUrl":"https:\/\/i0.wp.com\/planitpower.com\/wp-content\/uploads\/2025\/12\/cropped-planitpower_circle_375x375.png?fit=512%2C512&ssl=1","width":512,"height":512,"caption":"Editorial Team"},"logo":{"@id":"https:\/\/i0.wp.com\/planitpower.com\/wp-content\/uploads\/2025\/12\/cropped-planitpower_circle_375x375.png?fit=512%2C512&ssl=1"},"sameAs":["https:\/\/Planitpower.com"]}]}},"_hostinger_reach_plugin_has_subscription_block":false,"_hostinger_reach_plugin_is_elementor":false,"jetpack_likes_enabled":true,"jetpack_sharing_enabled":true,"jetpack-related-posts":[{"id":3046,"url":"https:\/\/planitpower.com\/fr\/origine-2\/","url_meta":{"origin":5477,"position":0},"title":"Origine","author":"Editorial Team","date":"09\/09\/2025","format":false,"excerpt":"\u00a0Graduated as an energy engineer, I have gradually developed my expertise in the field of special techniques: HVAC, electricity, sanitary, etc. This is a logical curve in a career driven by a great passion for my field. I have participated aswell in several training programs to strengthen this versatility and\u2026","rel":"","context":"Article similaire","block_context":{"text":"Article similaire","link":""},"img":{"alt_text":"","src":"","width":0,"height":0},"classes":[]},{"id":5640,"url":"https:\/\/planitpower.com\/fr\/a-propos\/","url_meta":{"origin":5477,"position":1},"title":"A PROPOS","author":"Editorial Team","date":"20\/12\/2025","format":false,"excerpt":"Mission Welcome\u00a0to\u00a0PlanItPower\u00a0 \u00a0 \u00a0 \u00a0 \u00a0 \u00a0 \u00a0 \u00a0 \u00a0 \u00a0 \u00a0 \u00a0 \u00a0 \u00a0 \u00a0 \u00a0 \u00a0 \u00a0 \u00a0 \u00a0 \u00a0 \u00a0 \u00a0 \u00a0 \u00a0 \u00a0 \u00a0 \u00a0 \u00a0 \u00a0 \u00a0 \u00a0 \u00a0 \u00a0 \u00a0 \u00a0 \u00a0 \u00a0Empowering Sustainable Solutions for a Greener Tomorrow At\u00a0PlanItPower, we are committed to\u2026","rel":"","context":"Article similaire","block_context":{"text":"Article similaire","link":""},"img":{"alt_text":"","src":"https:\/\/i0.wp.com\/planitpower.com\/wp-content\/uploads\/2025\/12\/consulting.jpg?resize=350%2C200&ssl=1","width":350,"height":200,"srcset":"https:\/\/i0.wp.com\/planitpower.com\/wp-content\/uploads\/2025\/12\/consulting.jpg?resize=350%2C200&ssl=1 1x, https:\/\/i0.wp.com\/planitpower.com\/wp-content\/uploads\/2025\/12\/consulting.jpg?resize=525%2C300&ssl=1 1.5x, https:\/\/i0.wp.com\/planitpower.com\/wp-content\/uploads\/2025\/12\/consulting.jpg?resize=700%2C400&ssl=1 2x, https:\/\/i0.wp.com\/planitpower.com\/wp-content\/uploads\/2025\/12\/consulting.jpg?resize=1050%2C600&ssl=1 3x"},"classes":[]},{"id":3362,"url":"https:\/\/planitpower.com\/fr\/politique-de-confidentialite\/","url_meta":{"origin":5477,"position":2},"title":"Politique de confidentialit\u00e9","author":"Editorial Team","date":"27\/10\/2025","format":false,"excerpt":"Planitpower exploite cette boutique et ce site web, ainsi que l&#039;ensemble des informations, contenus, fonctionnalit\u00e9s, outils, produits et services associ\u00e9s, afin de vous offrir, en tant que client, une exp\u00e9rience d&#039;achat personnalis\u00e9e (les \"\u00a0Services\u00a0\"). La pr\u00e9sente Politique de confidentialit\u00e9 d\u00e9crit comment nous recueillons, utilisons et divulguons vos renseignements personnels lorsque vous visitez, utilisez ou effectuez un achat sur notre site\u2026","rel":"","context":"Article similaire","block_context":{"text":"Article similaire","link":""},"img":{"alt_text":"","src":"","width":0,"height":0},"classes":[]},{"id":3407,"url":"https:\/\/planitpower.com\/fr\/faq\/","url_meta":{"origin":5477,"position":3},"title":"FAQ","author":"Editorial Team","date":"27\/10\/2025","format":false,"excerpt":"Bienvenue dans notre Foire aux questions (FAQ)\u00a0! Vous trouverez ici les questions les plus fr\u00e9quemment pos\u00e9es par nos clients concernant nos produits, la livraison et le service apr\u00e8s-vente. Produits et utilisation\u00a0: Q\u00a0: Vos produits sont-ils compatibles avec les portes et \u00e9quipements europ\u00e9ens\u00a0? R\u00a0: Oui, tous nos produits sont s\u00e9lectionn\u00e9s pour \u00eatre compatibles avec les normes europ\u00e9ennes (portes\u2026).","rel":"","context":"Article similaire","block_context":{"text":"Article similaire","link":""},"img":{"alt_text":"","src":"","width":0,"height":0},"classes":[]},{"id":5675,"url":"https:\/\/planitpower.com\/fr\/conditions-generales-de-vente\/","url_meta":{"origin":5477,"position":4},"title":"Conditions g\u00e9n\u00e9rales de vente","author":"Editorial Team","date":"21\/12\/2025","format":false,"excerpt":"Article 1 \u2013 Champ d\u2019application Les pr\u00e9sentes conditions g\u00e9n\u00e9rales de vente (ci-apr\u00e8s \u201c CGV \u201d) sont conclues entre Sami Ben Slimane (num\u00e9ro d\u2019immatriculation au registre du commerce et des soci\u00e9t\u00e9s : 860625-53776), fondateur d\u2019une entreprise individuelle immatricul\u00e9e \u00e0 la Banque-Carrefour des Entreprises de Belgique sous le num\u00e9ro (XXX), exer\u00e7ant son activit\u00e9 sous la d\u00e9nomination commerciale Planitpower, et tout\u2026","rel":"","context":"Article similaire","block_context":{"text":"Article similaire","link":""},"img":{"alt_text":"","src":"","width":0,"height":0},"classes":[]}],"jetpack_shortlink":"https:\/\/wp.me\/Pdsfhc-1ql","_links":{"self":[{"href":"https:\/\/planitpower.com\/fr\/wp-json\/wp\/v2\/pages\/5477","targetHints":{"allow":["GET"]}}],"collection":[{"href":"https:\/\/planitpower.com\/fr\/wp-json\/wp\/v2\/pages"}],"about":[{"href":"https:\/\/planitpower.com\/fr\/wp-json\/wp\/v2\/types\/page"}],"author":[{"embeddable":true,"href":"https:\/\/planitpower.com\/fr\/wp-json\/wp\/v2\/users\/1"}],"replies":[{"embeddable":true,"href":"https:\/\/planitpower.com\/fr\/wp-json\/wp\/v2\/comments?post=5477"}],"version-history":[{"count":0,"href":"https:\/\/planitpower.com\/fr\/wp-json\/wp\/v2\/pages\/5477\/revisions"}],"wp:attachment":[{"href":"https:\/\/planitpower.com\/fr\/wp-json\/wp\/v2\/media?parent=5477"}],"curies":[{"name":"wp","href":"https:\/\/api.w.org\/{rel}","templated":true}]}}