{"id":5557,"date":"2025-12-08T23:45:51","date_gmt":"2025-12-08T23:45:51","guid":{"rendered":"https:\/\/planitpower.com\/?page_id=5557"},"modified":"2025-12-08T23:51:00","modified_gmt":"2025-12-08T23:51:00","slug":"contact","status":"publish","type":"page","link":"https:\/\/planitpower.com\/fr\/contact\/","title":{"rendered":"CONTACT"},"content":{"rendered":"<form action=\"https:\/\/planitpower.com\/fr\/wp-json\/ws-form\/v1\/submit\" class=\"wsf-form wsf-form-canvas\" id=\"ws-form-1\" data-id=\"2\" method=\"POST\" data-instance-id=\"1\" data-wsf-style-id=\"3\" data-trp-original-action=\"https:\/\/planitpower.com\/fr\/wp-json\/ws-form\/v1\/submit\"><input type=\"hidden\" name=\"trp-form-language\" value=\"fr\"\/><\/form>","protected":false},"excerpt":{"rendered":"","protected":false},"author":1,"featured_media":0,"parent":0,"menu_order":0,"comment_status":"closed","ping_status":"closed","template":"","meta":{"jetpack_post_was_ever_published":false,"footnotes":""},"class_list":["post-5557","page","type-page","status-publish"],"yoast_head":"<!-- This site is optimized with the Yoast SEO plugin v27.3 - https:\/\/yoast.com\/product\/yoast-seo-wordpress\/ -->\n<title>CONTACT - Planitpower<\/title>\n<meta name=\"description\" content=\"A project? A question? or simply curiosity? Contact Us\" \/>\n<meta name=\"robots\" content=\"index, follow, max-snippet:-1, max-image-preview:large, max-video-preview:-1\" \/>\n<link rel=\"canonical\" href=\"https:\/\/planitpower.com\/fr\/contact\/\" \/>\n<meta property=\"og:locale\" content=\"fr_FR\" \/>\n<meta property=\"og:type\" content=\"article\" \/>\n<meta property=\"og:title\" content=\"CONTACT - Planitpower\" \/>\n<meta property=\"og:description\" content=\"A project? A question? or simply curiosity? Contact Us\" \/>\n<meta property=\"og:url\" content=\"https:\/\/planitpower.com\/fr\/contact\/\" \/>\n<meta property=\"og:site_name\" content=\"Planitpower\" \/>\n<meta property=\"article:modified_time\" content=\"2025-12-08T23:51:00+00:00\" \/>\n<meta name=\"twitter:card\" content=\"summary_large_image\" \/>\n<script type=\"application\/ld+json\" class=\"yoast-schema-graph\">{\"@context\":\"https:\\\/\\\/schema.org\",\"@graph\":[{\"@type\":\"WebPage\",\"@id\":\"https:\\\/\\\/planitpower.com\\\/contact\\\/\",\"url\":\"https:\\\/\\\/planitpower.com\\\/contact\\\/\",\"name\":\"CONTACT - Planitpower\",\"isPartOf\":{\"@id\":\"https:\\\/\\\/planitpower.com\\\/#website\"},\"datePublished\":\"2025-12-08T23:45:51+00:00\",\"dateModified\":\"2025-12-08T23:51:00+00:00\",\"description\":\"A project? A question? or simply curiosity? Contact Us\",\"breadcrumb\":{\"@id\":\"https:\\\/\\\/planitpower.com\\\/contact\\\/#breadcrumb\"},\"inLanguage\":\"fr-FR\",\"potentialAction\":[{\"@type\":\"ReadAction\",\"target\":[\"https:\\\/\\\/planitpower.com\\\/contact\\\/\"]}]},{\"@type\":\"BreadcrumbList\",\"@id\":\"https:\\\/\\\/planitpower.com\\\/contact\\\/#breadcrumb\",\"itemListElement\":[{\"@type\":\"ListItem\",\"position\":1,\"name\":\"Home\",\"item\":\"https:\\\/\\\/planitpower.com\\\/\"},{\"@type\":\"ListItem\",\"position\":2,\"name\":\"CONTACT\"}]},{\"@type\":\"WebSite\",\"@id\":\"https:\\\/\\\/planitpower.com\\\/#website\",\"url\":\"https:\\\/\\\/planitpower.com\\\/\",\"name\":\"Planitpower\",\"description\":\"Inspire energy\",\"publisher\":{\"@id\":\"https:\\\/\\\/planitpower.com\\\/#\\\/schema\\\/person\\\/b531587eda267b930b04174d12de6efa\"},\"potentialAction\":[{\"@type\":\"SearchAction\",\"target\":{\"@type\":\"EntryPoint\",\"urlTemplate\":\"https:\\\/\\\/planitpower.com\\\/?s={search_term_string}\"},\"query-input\":{\"@type\":\"PropertyValueSpecification\",\"valueRequired\":true,\"valueName\":\"search_term_string\"}}],\"inLanguage\":\"fr-FR\"},{\"@type\":[\"Person\",\"Organization\"],\"@id\":\"https:\\\/\\\/planitpower.com\\\/#\\\/schema\\\/person\\\/b531587eda267b930b04174d12de6efa\",\"name\":\"Editorial Team\",\"image\":{\"@type\":\"ImageObject\",\"inLanguage\":\"fr-FR\",\"@id\":\"https:\\\/\\\/i0.wp.com\\\/planitpower.com\\\/wp-content\\\/uploads\\\/2025\\\/12\\\/cropped-planitpower_circle_375x375.png?fit=512%2C512&ssl=1\",\"url\":\"https:\\\/\\\/i0.wp.com\\\/planitpower.com\\\/wp-content\\\/uploads\\\/2025\\\/12\\\/cropped-planitpower_circle_375x375.png?fit=512%2C512&ssl=1\",\"contentUrl\":\"https:\\\/\\\/i0.wp.com\\\/planitpower.com\\\/wp-content\\\/uploads\\\/2025\\\/12\\\/cropped-planitpower_circle_375x375.png?fit=512%2C512&ssl=1\",\"width\":512,\"height\":512,\"caption\":\"Editorial Team\"},\"logo\":{\"@id\":\"https:\\\/\\\/i0.wp.com\\\/planitpower.com\\\/wp-content\\\/uploads\\\/2025\\\/12\\\/cropped-planitpower_circle_375x375.png?fit=512%2C512&ssl=1\"},\"sameAs\":[\"https:\\\/\\\/Planitpower.com\"]}]}<\/script>\n<!-- \/ Yoast SEO plugin. -->","yoast_head_json":{"title":"CONTACT - Planitpower","description":"Un projet ? Une question ? Ou simplement de la curiosit\u00e9 ? Contactez-nous","robots":{"index":"index","follow":"follow","max-snippet":"max-snippet:-1","max-image-preview":"max-image-preview:large","max-video-preview":"max-video-preview:-1"},"canonical":"https:\/\/planitpower.com\/fr\/contact\/","og_locale":"fr_FR","og_type":"article","og_title":"CONTACT - Planitpower","og_description":"A project? A question? or simply curiosity? Contact Us","og_url":"https:\/\/planitpower.com\/fr\/contact\/","og_site_name":"Planitpower","article_modified_time":"2025-12-08T23:51:00+00:00","twitter_card":"summary_large_image","schema":{"@context":"https:\/\/schema.org","@graph":[{"@type":"WebPage","@id":"https:\/\/planitpower.com\/contact\/","url":"https:\/\/planitpower.com\/contact\/","name":"CONTACT - Planitpower","isPartOf":{"@id":"https:\/\/planitpower.com\/#website"},"datePublished":"2025-12-08T23:45:51+00:00","dateModified":"2025-12-08T23:51:00+00:00","description":"Un projet ? Une question ? Ou simplement de la curiosit\u00e9 ? Contactez-nous","breadcrumb":{"@id":"https:\/\/planitpower.com\/contact\/#breadcrumb"},"inLanguage":"fr-FR","potentialAction":[{"@type":"ReadAction","target":["https:\/\/planitpower.com\/contact\/"]}]},{"@type":"BreadcrumbList","@id":"https:\/\/planitpower.com\/contact\/#breadcrumb","itemListElement":[{"@type":"ListItem","position":1,"name":"Home","item":"https:\/\/planitpower.com\/"},{"@type":"ListItem","position":2,"name":"CONTACT"}]},{"@type":"WebSite","@id":"https:\/\/planitpower.com\/#website","url":"https:\/\/planitpower.com\/","name":"Planitpower","description":"Inspirons l'\u00e9nergie!","publisher":{"@id":"https:\/\/planitpower.com\/#\/schema\/person\/b531587eda267b930b04174d12de6efa"},"potentialAction":[{"@type":"SearchAction","target":{"@type":"EntryPoint","urlTemplate":"https:\/\/planitpower.com\/?s={search_term_string}"},"query-input":{"@type":"PropertyValueSpecification","valueRequired":true,"valueName":"search_term_string"}}],"inLanguage":"fr-FR"},{"@type":["Person","Organization"],"@id":"https:\/\/planitpower.com\/#\/schema\/person\/b531587eda267b930b04174d12de6efa","name":"Equipe \u00e9ditoriale","image":{"@type":"ImageObject","inLanguage":"fr-FR","@id":"https:\/\/i0.wp.com\/planitpower.com\/wp-content\/uploads\/2025\/12\/cropped-planitpower_circle_375x375.png?fit=512%2C512&ssl=1","url":"https:\/\/i0.wp.com\/planitpower.com\/wp-content\/uploads\/2025\/12\/cropped-planitpower_circle_375x375.png?fit=512%2C512&ssl=1","contentUrl":"https:\/\/i0.wp.com\/planitpower.com\/wp-content\/uploads\/2025\/12\/cropped-planitpower_circle_375x375.png?fit=512%2C512&ssl=1","width":512,"height":512,"caption":"Editorial Team"},"logo":{"@id":"https:\/\/i0.wp.com\/planitpower.com\/wp-content\/uploads\/2025\/12\/cropped-planitpower_circle_375x375.png?fit=512%2C512&ssl=1"},"sameAs":["https:\/\/Planitpower.com"]}]}},"_hostinger_reach_plugin_has_subscription_block":false,"_hostinger_reach_plugin_is_elementor":false,"jetpack_likes_enabled":true,"jetpack_sharing_enabled":true,"jetpack-related-posts":[{"id":3366,"url":"https:\/\/planitpower.com\/fr\/politique-de-remboursement\/","url_meta":{"origin":5557,"position":0},"title":"Politique de remboursement","author":"Editorial Team","date":"27\/10\/2025","format":false,"excerpt":"Chez PlanItPower, votre satisfaction est notre priorit\u00e9. Si votre achat ne vous donne pas enti\u00e8re satisfaction, vous pouvez demander un retour ou un remboursement selon les conditions ci-dessous. 1. Droit de r\u00e9tractation (Consommateurs de l&#039;UE) En tant que client de l&#039;UE, vous disposez d&#039;un droit de r\u00e9tractation de 14 jours \u00e0 compter de la r\u00e9ception de votre commande.","rel":"","context":"Article similaire","block_context":{"text":"Article similaire","link":""},"img":{"alt_text":"","src":"","width":0,"height":0},"classes":[]},{"id":3398,"url":"https:\/\/planitpower.com\/fr\/avis-logique\/","url_meta":{"origin":5557,"position":1},"title":"Avis juridique","author":"Editorial Team","date":"27\/10\/2025","format":false,"excerpt":"Propri\u00e9taire du site web : PlanItPower. Enregistr\u00e9e comme activit\u00e9 secondaire ind\u00e9pendante \u00e0 Niel, en Flandre (Belgique). Num\u00e9ro d&#039;immatriculation : BExxx. Num\u00e9ro de TVA : xxx. Contact : info@planitpower.com. H\u00e9bergement : Ce site web est h\u00e9berg\u00e9 par Hostinger. Adresses : Kaunas (Jonavos str. 60C) et Vilnius (\u0160vitrigailos str. 34). Activit\u00e9 : PlanItPower est un bureau d&#039;\u00e9tudes et d&#039;ing\u00e9nierie sp\u00e9cialis\u00e9 en g\u00e9nie m\u00e9canique, \u00e9lectrique et plomberie (MEP) et en gestion de l&#039;\u00e9nergie, ainsi qu&#039;une plateforme de commerce \u00e9lectronique d\u00e9di\u00e9e\u2026","rel":"","context":"Article similaire","block_context":{"text":"Article similaire","link":""},"img":{"alt_text":"","src":"","width":0,"height":0},"classes":[]},{"id":3407,"url":"https:\/\/planitpower.com\/fr\/faq\/","url_meta":{"origin":5557,"position":2},"title":"FAQ","author":"Editorial Team","date":"27\/10\/2025","format":false,"excerpt":"Bienvenue dans notre Foire aux questions (FAQ)\u00a0! Vous trouverez ici les questions les plus fr\u00e9quemment pos\u00e9es par nos clients concernant nos produits, la livraison et le service apr\u00e8s-vente. Produits et utilisation\u00a0: Q\u00a0: Vos produits sont-ils compatibles avec les portes et \u00e9quipements europ\u00e9ens\u00a0? R\u00a0: Oui, tous nos produits sont s\u00e9lectionn\u00e9s pour \u00eatre compatibles avec les normes europ\u00e9ennes (portes\u2026).","rel":"","context":"Article similaire","block_context":{"text":"Article similaire","link":""},"img":{"alt_text":"","src":"","width":0,"height":0},"classes":[]},{"id":3376,"url":"https:\/\/planitpower.com\/fr\/politique-dexpedition\/","url_meta":{"origin":5557,"position":3},"title":"Politique d'exp\u00e9dition","author":"Editorial Team","date":"27\/10\/2025","format":false,"excerpt":"At\u00a0PlanItPower, we aim to deliver your order as quickly and reliably as possible. Please read our Shipping Policy for details on processing, delivery times, and costs. 1. Order Processing Orders are processed within\u00a01\u20133 business days\u00a0after payment confirmation. Once your order has been shipped, you will receive a confirmation email with\u2026","rel":"","context":"Article similaire","block_context":{"text":"Article similaire","link":""},"img":{"alt_text":"","src":"","width":0,"height":0},"classes":[]},{"id":3046,"url":"https:\/\/planitpower.com\/fr\/origine-2\/","url_meta":{"origin":5557,"position":4},"title":"Origine","author":"Editorial Team","date":"09\/09\/2025","format":false,"excerpt":"\u00a0Graduated as an energy engineer, I have gradually developed my expertise in the field of special techniques: HVAC, electricity, sanitary, etc. This is a logical curve in a career driven by a great passion for my field. I have participated aswell in several training programs to strengthen this versatility and\u2026","rel":"","context":"Article similaire","block_context":{"text":"Article similaire","link":""},"img":{"alt_text":"","src":"","width":0,"height":0},"classes":[]},{"id":92,"url":"https:\/\/planitpower.com\/fr\/contactez-nous\/","url_meta":{"origin":5557,"position":5},"title":"CONTACT","author":"Editorial Team","date":"29\/12\/2016","format":false,"excerpt":"PlanItPower Pr\u00eat \u00e0 d\u00e9marrer\u00a0? Remplissez le formulaire ci-dessous pour pr\u00e9senter votre projet ou poser vos questions. PlanItPower est l\u00e0 pour vous aider \u00e0 concr\u00e9tiser votre vision\u00a0! Veuillez activer JavaScript dans votre navigateur pour remplir ce formulaire. Nom complet *Pr\u00e9nom Nom de famille Adresse e-mail *D\u00e9crivez bri\u00e8vement\u2026","rel":"","context":"Article similaire","block_context":{"text":"Article similaire","link":""},"img":{"alt_text":"Loading","src":"https:\/\/planitpower.com\/wp-content\/plugins\/wpforms-lite\/assets\/images\/submit-spin.svg","width":350,"height":200},"classes":[]}],"jetpack_shortlink":"https:\/\/wp.me\/Pdsfhc-1rD","_links":{"self":[{"href":"https:\/\/planitpower.com\/fr\/wp-json\/wp\/v2\/pages\/5557","targetHints":{"allow":["GET"]}}],"collection":[{"href":"https:\/\/planitpower.com\/fr\/wp-json\/wp\/v2\/pages"}],"about":[{"href":"https:\/\/planitpower.com\/fr\/wp-json\/wp\/v2\/types\/page"}],"author":[{"embeddable":true,"href":"https:\/\/planitpower.com\/fr\/wp-json\/wp\/v2\/users\/1"}],"replies":[{"embeddable":true,"href":"https:\/\/planitpower.com\/fr\/wp-json\/wp\/v2\/comments?post=5557"}],"version-history":[{"count":0,"href":"https:\/\/planitpower.com\/fr\/wp-json\/wp\/v2\/pages\/5557\/revisions"}],"wp:attachment":[{"href":"https:\/\/planitpower.com\/fr\/wp-json\/wp\/v2\/media?parent=5557"}],"curies":[{"name":"wp","href":"https:\/\/api.w.org\/{rel}","templated":true}]}}