{"id":5616,"date":"2025-12-18T23:50:07","date_gmt":"2025-12-18T23:50:07","guid":{"rendered":"https:\/\/planitpower.com\/?page_id=5616"},"modified":"2025-12-21T21:03:06","modified_gmt":"2025-12-21T21:03:06","slug":"portail-dassistance","status":"publish","type":"page","link":"https:\/\/planitpower.com\/fr\/portail-dassistance\/","title":{"rendered":"PORTAIL D&#039;ASSISTANCE"},"content":{"rendered":"<p>Veuillez vous connecter ou cr\u00e9er un compte pour acc\u00e9der au portail d&#039;assistance client.<\/p> <div class=\"fst_login_form_auth_wrapper\"><div id=\"fst_login_form\" class=\"fst_login_wrapper\"><form name=\"loginform\" id=\"loginform\" action=\"https:\/\/planitpower.com\/wp-login.php\" method=\"post\"><p class=\"login-username\">\n\t\t\t\t<label for=\"user_login\">Identifiant ou adresse e-mail<\/label>\n\t\t\t\t<input type=\"text\" name=\"log\" id=\"user_login\" autocomplete=\"username\" class=\"input\" value=\"\" size=\"20\" \/>\n\t\t\t<\/p><p class=\"login-password\">\n\t\t\t\t<label for=\"user_pass\">Mot de passe<\/label>\n\t\t\t\t<input type=\"password\" name=\"pwd\" id=\"user_pass\" autocomplete=\"current-password\" spellcheck=\"false\" class=\"input\" value=\"\" size=\"20\" \/>\n\t\t\t<\/p><p class=\"login-remember\"><label><input name=\"rememberme\" type=\"checkbox\" id=\"rememberme\" value=\"forever\" checked=\"checked\" \/> Se souvenir de moi<\/label><\/p><p class=\"login-submit\">\n\t\t\t\t<input type=\"submit\" name=\"wp-submit\" id=\"wp-submit\" class=\"button button-primary\" value=\"Se connecter\" \/>\n\t\t\t\t<input type=\"hidden\" name=\"redirect_to\" value=\"\" \/>\n\t\t\t<\/p><\/form><p style=\"text-align: center\">Vous n\u2019\u00eates pas inscrit\u00a0?  <a href=\"#\" id=\"fs_show_signup\">Cr\u00e9er un compte<\/a><\/p><p style=\"text-align: center\">Mot de passe oubli\u00e9\u00a0? <a href=\"#\" id=\"fs_show_reset_password\">R\u00e9initialiser le mot de passe<\/a><\/p><\/div><div class=\"fst_registration_wrapper hide\"><form id=\"fstRegistrationForm\" class=\"fs_registration_form\" method=\"post\" name=\"fs_registration_form\" action=\"\"><div class=\"fst_registration_fields\"><div class=\"fst_field_group fst_field_first_name\"><div class=\"fst_field_label is-required\"><label for=\"fst_first_name\">Pr\u00e9nom<\/label><\/div><div class=\"fs_input_wrap\"><input type=\"text\" id=\"fst_first_name\" placeholder=\"Pr\u00e9nom\" name=\"first_name\" required=\"required\"  \/><\/div><\/div><\/div><div class=\"fst_registration_fields\"><div class=\"fst_field_group fst_field_last_name\"><div class=\"fst_field_label\"><label for=\"fst_last_name\">Nom<\/label><\/div><div class=\"fs_input_wrap\"><input type=\"text\" id=\"fst_last_name\" placeholder=\"Nom\" name=\"last_name\"  \/><\/div><\/div><\/div><div class=\"fst_registration_fields\"><div class=\"fst_field_group fst_field_username\"><div class=\"fst_field_label is-required\"><label for=\"fst_username\">Nom utilisateur<\/label><\/div><div class=\"fs_input_wrap\"><input type=\"text\" id=\"fst_username\" placeholder=\"Nom utilisateur\" name=\"username\" required=\"required\"  \/><\/div><\/div><\/div><div class=\"fst_registration_fields\"><div class=\"fst_field_group fst_field_email\"><div class=\"fst_field_label is-required\"><label for=\"fst_email\">Adresse e-mail<\/label><\/div><div class=\"fs_input_wrap\"><input type=\"email\" id=\"fst_email\" placeholder=\"Votre adresse e-mail\" name=\"email\" required=\"required\"  \/><\/div><\/div><\/div><div class=\"fst_registration_fields\"><div class=\"fst_field_group fst_field_password\"><div class=\"fst_field_label is-required\"><label for=\"fst_password\">Mot de Passe<\/label><\/div><div class=\"fs_input_wrap\"><input type=\"password\" id=\"fst_password\" placeholder=\"Mot de Passe\" name=\"password\" required=\"required\"  \/><\/div><\/div><\/div><input type=\"hidden\" name=\"__redirect_to\" value=\"\"><input type=\"hidden\" name=\"_fsupport_signup_nonce\" value=\"7e4bf489fb\"><button type=\"submit\" id=\"fst_submit\"><svg version=\"1.1\" id=\"loader-1\" xmlns=\"http:\/\/www.w3.org\/2000\/svg\" xmlns:xlink=\"http:\/\/www.w3.org\/1999\/xlink\" x=\"0px\" y=\"0px\"\n           width=\"40px\" height=\"20px\" viewbox=\"0 0 50 50\" style=\"enable-background:new 0 0 50 50;\" xml:space=\"preserve\">\n        <path fill=\"#000\" d=\"M43.935,25.145c0-10.318-8.364-18.683-18.683-18.683c-10.318,0-18.683,8.365-18.683,18.683h4.068c0-8.071,6.543-14.615,14.615-14.615c8.072,0,14.615,6.543,14.615,14.615H43.935z\">\n          <animatetransform attributetype=\"xml\"\n            attributename=\"transform\"\n            type=\"rotate\"\n            from=\"0 25 25\"\n            to=\"360 25 25\"\n            dur=\"0.6s\"\n            repeatcount=\"indefinite\"\/>\n          <\/path>\n        <\/svg><span>Inscription<\/span><\/button><input type=\"hidden\" name=\"trp-form-language\" value=\"fr\"\/><\/form><p style=\"text-align: center\">Vous avez d\u00e9j\u00e0 un compte\u00a0?  <a href=\"#\" id=\"fs_show_login\">Connexion<\/a><\/p><\/div><div class=\"fst_reset_pass_wrapper hide\"><form id=\"fstResetPasswordForm\" class=\"fs_reset_pass_form\" method=\"post\" name=\"fs_reset_pass_form\" action=\"\"><div class=\"fst_registration_fields\"><div class=\"fst_field_group fst_field_user_login\"><div class=\"fst_field_label is-required\"><label for=\"fst_reset_email\">Adresse e-mail<\/label><\/div><div class=\"fs_input_wrap\"><input type=\"text\" id=\"fst_reset_email\" placeholder=\"Votre adresse e-mail\" name=\"user_login\" required=\"required\"  \/><\/div><\/div><\/div><input type=\"hidden\" name=\"__redirect_to\" value=\"\"><input type=\"hidden\" name=\"_fsupport_reset_pass_nonce\" value=\"d7d7341245\"><button type=\"submit\" id=\"fst_reset_pass\"><svg version=\"1.1\" id=\"loader-1\" xmlns=\"http:\/\/www.w3.org\/2000\/svg\" xmlns:xlink=\"http:\/\/www.w3.org\/1999\/xlink\" x=\"0px\" y=\"0px\"\n           width=\"40px\" height=\"20px\" viewbox=\"0 0 50 50\" style=\"enable-background:new 0 0 50 50;\" xml:space=\"preserve\">\n        <path fill=\"#000\" d=\"M43.935,25.145c0-10.318-8.364-18.683-18.683-18.683c-10.318,0-18.683,8.365-18.683,18.683h4.068c0-8.071,6.543-14.615,14.615-14.615c8.072,0,14.615,6.543,14.615,14.615H43.935z\">\n          <animatetransform attributetype=\"xml\"\n            attributename=\"transform\"\n            type=\"rotate\"\n            from=\"0 25 25\"\n            to=\"360 25 25\"\n            dur=\"0.6s\"\n            repeatcount=\"indefinite\"\/>\n          <\/path>\n        <\/svg><span>R\u00e9initialiser le mot de passe<\/span><\/button><input type=\"hidden\" name=\"trp-form-language\" value=\"fr\"\/><\/form><\/div><\/div>","protected":false},"excerpt":{"rendered":"","protected":false},"author":1,"featured_media":0,"parent":0,"menu_order":0,"comment_status":"closed","ping_status":"closed","template":"","meta":{"jetpack_post_was_ever_published":false,"footnotes":""},"class_list":["post-5616","page","type-page","status-publish"],"yoast_head":"<!-- This site is optimized with the Yoast SEO plugin v27.3 - https:\/\/yoast.com\/product\/yoast-seo-wordpress\/ -->\n<title>SUPPORT PORTAL - Planitpower<\/title>\n<meta name=\"description\" content=\"Access our support portal to find answers, submit tickets, and get help quickly from our support team.\" \/>\n<meta name=\"robots\" content=\"index, follow, max-snippet:-1, max-image-preview:large, max-video-preview:-1\" \/>\n<link rel=\"canonical\" href=\"https:\/\/planitpower.com\/fr\/portail-dassistance\/\" \/>\n<meta property=\"og:locale\" content=\"fr_FR\" \/>\n<meta property=\"og:type\" content=\"article\" \/>\n<meta property=\"og:title\" content=\"SUPPORT PORTAL - Planitpower\" \/>\n<meta property=\"og:description\" content=\"Access our support portal to find answers, submit tickets, and get help quickly from our support team.\" \/>\n<meta property=\"og:url\" content=\"https:\/\/planitpower.com\/fr\/portail-dassistance\/\" \/>\n<meta property=\"og:site_name\" content=\"Planitpower\" \/>\n<meta property=\"article:modified_time\" content=\"2025-12-21T21:03:06+00:00\" \/>\n<meta name=\"twitter:card\" content=\"summary_large_image\" \/>\n<meta name=\"twitter:label1\" content=\"Dur\u00e9e de lecture estim\u00e9e\" \/>\n\t<meta name=\"twitter:data1\" content=\"1 minute\" \/>\n<script type=\"application\/ld+json\" class=\"yoast-schema-graph\">{\"@context\":\"https:\\\/\\\/schema.org\",\"@graph\":[{\"@type\":\"WebPage\",\"@id\":\"https:\\\/\\\/planitpower.com\\\/support-portal\\\/\",\"url\":\"https:\\\/\\\/planitpower.com\\\/support-portal\\\/\",\"name\":\"SUPPORT PORTAL - Planitpower\",\"isPartOf\":{\"@id\":\"https:\\\/\\\/planitpower.com\\\/#website\"},\"datePublished\":\"2025-12-18T23:50:07+00:00\",\"dateModified\":\"2025-12-21T21:03:06+00:00\",\"description\":\"Access our support portal to find answers, submit tickets, and get help quickly from our support team.\",\"breadcrumb\":{\"@id\":\"https:\\\/\\\/planitpower.com\\\/support-portal\\\/#breadcrumb\"},\"inLanguage\":\"fr-FR\",\"potentialAction\":[{\"@type\":\"ReadAction\",\"target\":[\"https:\\\/\\\/planitpower.com\\\/support-portal\\\/\"]}]},{\"@type\":\"BreadcrumbList\",\"@id\":\"https:\\\/\\\/planitpower.com\\\/support-portal\\\/#breadcrumb\",\"itemListElement\":[{\"@type\":\"ListItem\",\"position\":1,\"name\":\"Home\",\"item\":\"https:\\\/\\\/planitpower.com\\\/\"},{\"@type\":\"ListItem\",\"position\":2,\"name\":\"SUPPORT PORTAL\"}]},{\"@type\":\"WebSite\",\"@id\":\"https:\\\/\\\/planitpower.com\\\/#website\",\"url\":\"https:\\\/\\\/planitpower.com\\\/\",\"name\":\"Planitpower\",\"description\":\"Inspire energy\",\"publisher\":{\"@id\":\"https:\\\/\\\/planitpower.com\\\/#\\\/schema\\\/person\\\/b531587eda267b930b04174d12de6efa\"},\"potentialAction\":[{\"@type\":\"SearchAction\",\"target\":{\"@type\":\"EntryPoint\",\"urlTemplate\":\"https:\\\/\\\/planitpower.com\\\/?s={search_term_string}\"},\"query-input\":{\"@type\":\"PropertyValueSpecification\",\"valueRequired\":true,\"valueName\":\"search_term_string\"}}],\"inLanguage\":\"fr-FR\"},{\"@type\":[\"Person\",\"Organization\"],\"@id\":\"https:\\\/\\\/planitpower.com\\\/#\\\/schema\\\/person\\\/b531587eda267b930b04174d12de6efa\",\"name\":\"Editorial Team\",\"image\":{\"@type\":\"ImageObject\",\"inLanguage\":\"fr-FR\",\"@id\":\"https:\\\/\\\/i0.wp.com\\\/planitpower.com\\\/wp-content\\\/uploads\\\/2025\\\/12\\\/cropped-planitpower_circle_375x375.png?fit=512%2C512&ssl=1\",\"url\":\"https:\\\/\\\/i0.wp.com\\\/planitpower.com\\\/wp-content\\\/uploads\\\/2025\\\/12\\\/cropped-planitpower_circle_375x375.png?fit=512%2C512&ssl=1\",\"contentUrl\":\"https:\\\/\\\/i0.wp.com\\\/planitpower.com\\\/wp-content\\\/uploads\\\/2025\\\/12\\\/cropped-planitpower_circle_375x375.png?fit=512%2C512&ssl=1\",\"width\":512,\"height\":512,\"caption\":\"Editorial Team\"},\"logo\":{\"@id\":\"https:\\\/\\\/i0.wp.com\\\/planitpower.com\\\/wp-content\\\/uploads\\\/2025\\\/12\\\/cropped-planitpower_circle_375x375.png?fit=512%2C512&ssl=1\"},\"sameAs\":[\"https:\\\/\\\/Planitpower.com\"]}]}<\/script>\n<!-- \/ Yoast SEO plugin. -->","yoast_head_json":{"title":"PORTAIL D&#039;ASSISTANCE - Planitpower","description":"Acc\u00e9dez \u00e0 notre portail d&#039;assistance pour trouver des r\u00e9ponses, soumettre des tickets et obtenir rapidement l&#039;aide de notre \u00e9quipe d&#039;assistance.","robots":{"index":"index","follow":"follow","max-snippet":"max-snippet:-1","max-image-preview":"max-image-preview:large","max-video-preview":"max-video-preview:-1"},"canonical":"https:\/\/planitpower.com\/fr\/portail-dassistance\/","og_locale":"fr_FR","og_type":"article","og_title":"SUPPORT PORTAL - Planitpower","og_description":"Access our support portal to find answers, submit tickets, and get help quickly from our support team.","og_url":"https:\/\/planitpower.com\/fr\/portail-dassistance\/","og_site_name":"Planitpower","article_modified_time":"2025-12-21T21:03:06+00:00","twitter_card":"summary_large_image","twitter_misc":{"Dur\u00e9e de lecture estim\u00e9e":"1 minute"},"schema":{"@context":"https:\/\/schema.org","@graph":[{"@type":"WebPage","@id":"https:\/\/planitpower.com\/support-portal\/","url":"https:\/\/planitpower.com\/support-portal\/","name":"PORTAIL D&#039;ASSISTANCE - Planitpower","isPartOf":{"@id":"https:\/\/planitpower.com\/#website"},"datePublished":"2025-12-18T23:50:07+00:00","dateModified":"2025-12-21T21:03:06+00:00","description":"Acc\u00e9dez \u00e0 notre portail d&#039;assistance pour trouver des r\u00e9ponses, soumettre des tickets et obtenir rapidement l&#039;aide de notre \u00e9quipe d&#039;assistance.","breadcrumb":{"@id":"https:\/\/planitpower.com\/support-portal\/#breadcrumb"},"inLanguage":"fr-FR","potentialAction":[{"@type":"ReadAction","target":["https:\/\/planitpower.com\/support-portal\/"]}]},{"@type":"BreadcrumbList","@id":"https:\/\/planitpower.com\/support-portal\/#breadcrumb","itemListElement":[{"@type":"ListItem","position":1,"name":"Home","item":"https:\/\/planitpower.com\/"},{"@type":"ListItem","position":2,"name":"SUPPORT PORTAL"}]},{"@type":"WebSite","@id":"https:\/\/planitpower.com\/#website","url":"https:\/\/planitpower.com\/","name":"Planitpower","description":"Inspirons l'\u00e9nergie!","publisher":{"@id":"https:\/\/planitpower.com\/#\/schema\/person\/b531587eda267b930b04174d12de6efa"},"potentialAction":[{"@type":"SearchAction","target":{"@type":"EntryPoint","urlTemplate":"https:\/\/planitpower.com\/?s={search_term_string}"},"query-input":{"@type":"PropertyValueSpecification","valueRequired":true,"valueName":"search_term_string"}}],"inLanguage":"fr-FR"},{"@type":["Person","Organization"],"@id":"https:\/\/planitpower.com\/#\/schema\/person\/b531587eda267b930b04174d12de6efa","name":"Equipe \u00e9ditoriale","image":{"@type":"ImageObject","inLanguage":"fr-FR","@id":"https:\/\/i0.wp.com\/planitpower.com\/wp-content\/uploads\/2025\/12\/cropped-planitpower_circle_375x375.png?fit=512%2C512&ssl=1","url":"https:\/\/i0.wp.com\/planitpower.com\/wp-content\/uploads\/2025\/12\/cropped-planitpower_circle_375x375.png?fit=512%2C512&ssl=1","contentUrl":"https:\/\/i0.wp.com\/planitpower.com\/wp-content\/uploads\/2025\/12\/cropped-planitpower_circle_375x375.png?fit=512%2C512&ssl=1","width":512,"height":512,"caption":"Editorial Team"},"logo":{"@id":"https:\/\/i0.wp.com\/planitpower.com\/wp-content\/uploads\/2025\/12\/cropped-planitpower_circle_375x375.png?fit=512%2C512&ssl=1"},"sameAs":["https:\/\/Planitpower.com"]}]}},"_hostinger_reach_plugin_has_subscription_block":false,"_hostinger_reach_plugin_is_elementor":false,"jetpack_likes_enabled":true,"jetpack_sharing_enabled":true,"jetpack-related-posts":[{"id":3407,"url":"https:\/\/planitpower.com\/fr\/faq\/","url_meta":{"origin":5616,"position":0},"title":"FAQ","author":"Editorial Team","date":"27\/10\/2025","format":false,"excerpt":"Bienvenue dans notre Foire aux questions (FAQ)\u00a0! Vous trouverez ici les questions les plus fr\u00e9quemment pos\u00e9es par nos clients concernant nos produits, la livraison et le service apr\u00e8s-vente. Produits et utilisation\u00a0: Q\u00a0: Vos produits sont-ils compatibles avec les portes et \u00e9quipements europ\u00e9ens\u00a0? R\u00a0: Oui, tous nos produits sont s\u00e9lectionn\u00e9s pour \u00eatre compatibles avec les normes europ\u00e9ennes (portes\u2026).","rel":"","context":"Article similaire","block_context":{"text":"Article similaire","link":""},"img":{"alt_text":"","src":"","width":0,"height":0},"classes":[]},{"id":3366,"url":"https:\/\/planitpower.com\/fr\/politique-de-remboursement\/","url_meta":{"origin":5616,"position":1},"title":"Politique de remboursement","author":"Editorial Team","date":"27\/10\/2025","format":false,"excerpt":"Chez PlanItPower, votre satisfaction est notre priorit\u00e9. Si votre achat ne vous donne pas enti\u00e8re satisfaction, vous pouvez demander un retour ou un remboursement selon les conditions ci-dessous. 1. Droit de r\u00e9tractation (Consommateurs de l&#039;UE) En tant que client de l&#039;UE, vous disposez d&#039;un droit de r\u00e9tractation de 14 jours \u00e0 compter de la r\u00e9ception de votre commande.","rel":"","context":"Article similaire","block_context":{"text":"Article similaire","link":""},"img":{"alt_text":"","src":"","width":0,"height":0},"classes":[]},{"id":3376,"url":"https:\/\/planitpower.com\/fr\/politique-dexpedition\/","url_meta":{"origin":5616,"position":2},"title":"Politique d'exp\u00e9dition","author":"Editorial Team","date":"27\/10\/2025","format":false,"excerpt":"At\u00a0PlanItPower, we aim to deliver your order as quickly and reliably as possible. Please read our Shipping Policy for details on processing, delivery times, and costs. 1. Order Processing Orders are processed within\u00a01\u20133 business days\u00a0after payment confirmation. Once your order has been shipped, you will receive a confirmation email with\u2026","rel":"","context":"Article similaire","block_context":{"text":"Article similaire","link":""},"img":{"alt_text":"","src":"","width":0,"height":0},"classes":[]},{"id":3378,"url":"https:\/\/planitpower.com\/fr\/coordonnees\/","url_meta":{"origin":5616,"position":3},"title":"Informations sur les contacts","author":"Editorial Team","date":"08\/12\/2025","format":false,"excerpt":"Nous sommes l\u00e0 pour vous aider ! Pour toute question concernant nos produits, votre commande ou nos services, n&#039;h\u00e9sitez pas \u00e0 nous contacter. Notre \u00e9quipe vous r\u00e9pondra dans les plus brefs d\u00e9lais. \ud83d\udce7 Assistance par e-mail Pour toute demande d&#039;information, commande ou retour\u00a0: \u2709\ufe0f info@planitpower.com \ud83c\udfe2 Adresse commerciale\u00a0: PlanItPowerChauss\u00e9e d&#039;Alsemberg 897, 1180\u2026","rel":"","context":"Article similaire","block_context":{"text":"Article similaire","link":""},"img":{"alt_text":"","src":"","width":0,"height":0},"classes":[]},{"id":5640,"url":"https:\/\/planitpower.com\/fr\/a-propos\/","url_meta":{"origin":5616,"position":4},"title":"A PROPOS","author":"Editorial Team","date":"20\/12\/2025","format":false,"excerpt":"Mission Welcome\u00a0to\u00a0PlanItPower\u00a0 \u00a0 \u00a0 \u00a0 \u00a0 \u00a0 \u00a0 \u00a0 \u00a0 \u00a0 \u00a0 \u00a0 \u00a0 \u00a0 \u00a0 \u00a0 \u00a0 \u00a0 \u00a0 \u00a0 \u00a0 \u00a0 \u00a0 \u00a0 \u00a0 \u00a0 \u00a0 \u00a0 \u00a0 \u00a0 \u00a0 \u00a0 \u00a0 \u00a0 \u00a0 \u00a0 \u00a0 \u00a0Empowering Sustainable Solutions for a Greener Tomorrow At\u00a0PlanItPower, we are committed to\u2026","rel":"","context":"Article similaire","block_context":{"text":"Article similaire","link":""},"img":{"alt_text":"","src":"https:\/\/i0.wp.com\/planitpower.com\/wp-content\/uploads\/2025\/12\/consulting.jpg?resize=350%2C200&ssl=1","width":350,"height":200,"srcset":"https:\/\/i0.wp.com\/planitpower.com\/wp-content\/uploads\/2025\/12\/consulting.jpg?resize=350%2C200&ssl=1 1x, https:\/\/i0.wp.com\/planitpower.com\/wp-content\/uploads\/2025\/12\/consulting.jpg?resize=525%2C300&ssl=1 1.5x, https:\/\/i0.wp.com\/planitpower.com\/wp-content\/uploads\/2025\/12\/consulting.jpg?resize=700%2C400&ssl=1 2x, https:\/\/i0.wp.com\/planitpower.com\/wp-content\/uploads\/2025\/12\/consulting.jpg?resize=1050%2C600&ssl=1 3x"},"classes":[]},{"id":3362,"url":"https:\/\/planitpower.com\/fr\/politique-de-confidentialite\/","url_meta":{"origin":5616,"position":5},"title":"Politique de confidentialit\u00e9","author":"Editorial Team","date":"27\/10\/2025","format":false,"excerpt":"Planitpower exploite cette boutique et ce site web, ainsi que l&#039;ensemble des informations, contenus, fonctionnalit\u00e9s, outils, produits et services associ\u00e9s, afin de vous offrir, en tant que client, une exp\u00e9rience d&#039;achat personnalis\u00e9e (les \"\u00a0Services\u00a0\"). La pr\u00e9sente Politique de confidentialit\u00e9 d\u00e9crit comment nous recueillons, utilisons et divulguons vos renseignements personnels lorsque vous visitez, utilisez ou effectuez un achat sur notre site\u2026","rel":"","context":"Article similaire","block_context":{"text":"Article similaire","link":""},"img":{"alt_text":"","src":"","width":0,"height":0},"classes":[]}],"jetpack_shortlink":"https:\/\/wp.me\/Pdsfhc-1sA","_links":{"self":[{"href":"https:\/\/planitpower.com\/fr\/wp-json\/wp\/v2\/pages\/5616","targetHints":{"allow":["GET"]}}],"collection":[{"href":"https:\/\/planitpower.com\/fr\/wp-json\/wp\/v2\/pages"}],"about":[{"href":"https:\/\/planitpower.com\/fr\/wp-json\/wp\/v2\/types\/page"}],"author":[{"embeddable":true,"href":"https:\/\/planitpower.com\/fr\/wp-json\/wp\/v2\/users\/1"}],"replies":[{"embeddable":true,"href":"https:\/\/planitpower.com\/fr\/wp-json\/wp\/v2\/comments?post=5616"}],"version-history":[{"count":0,"href":"https:\/\/planitpower.com\/fr\/wp-json\/wp\/v2\/pages\/5616\/revisions"}],"wp:attachment":[{"href":"https:\/\/planitpower.com\/fr\/wp-json\/wp\/v2\/media?parent=5616"}],"curies":[{"name":"wp","href":"https:\/\/api.w.org\/{rel}","templated":true}]}}