{"id":5697,"date":"2025-12-21T23:00:32","date_gmt":"2025-12-21T23:00:32","guid":{"rendered":"https:\/\/planitpower.com\/?page_id=5697"},"modified":"2025-12-21T23:00:34","modified_gmt":"2025-12-21T23:00:34","slug":"droits-dauteur","status":"publish","type":"page","link":"https:\/\/planitpower.com\/fr\/droits-dauteur\/","title":{"rendered":"DROITS D&#039;AUTEUR"},"content":{"rendered":"<p>\u00a9 2026. Tous droits r\u00e9serv\u00e9s.<\/p>\n\n\n\n<p>Planitpower est une marque d\u00e9pos\u00e9e ou un nom commercial prot\u00e9g\u00e9. Tous les droits relatifs au nom, au logo et \u00e0 l&#039;identit\u00e9 visuelle sont strictement r\u00e9serv\u00e9s.<\/p>\n\n\n\n<p>Ce site web et l&#039;ensemble de son contenu, y compris, mais sans s&#039;y limiter, les textes, images, graphiques, logos, ic\u00f4nes, mises en page, designs, vid\u00e9os et documents t\u00e9l\u00e9chargeables, sont prot\u00e9g\u00e9s par le droit d&#039;auteur, les marques de commerce et autres lois sur la propri\u00e9t\u00e9 intellectuelle.<\/p>\n\n\n\n<h3 class=\"wp-block-heading\">Utilisation autoris\u00e9e<\/h3>\n\n\n\n<p>Ce site web est exclusivement destin\u00e9 \u00e0 un usage personnel, informatif ou interne par les visiteurs et les clients. Vous pouvez consulter, t\u00e9l\u00e9charger ou imprimer des pages individuelles pour votre usage personnel et non commercial, \u00e0 condition que tous les avis de droit d&#039;auteur et de propri\u00e9t\u00e9 restent intacts.<\/p>\n\n\n\n<h3 class=\"wp-block-heading\">Utilisation interdite<\/h3>\n\n\n\n<p>Sans le consentement \u00e9crit pr\u00e9alable de <strong>puissance plan\u00e9taire<\/strong>, il est strictement interdit de :<\/p>\n\n\n\n<ul class=\"wp-block-list\">\n<li>reproduire, copier, modifier, distribuer, publier, transmettre ou exploiter toute partie de ce site Web ou de son contenu \u00e0 des fins commerciales ou publiques\u00a0;<\/li>\n\n\n\n<li>rendre ce site web ou son contenu disponible sur tout r\u00e9seau, plateforme ou syst\u00e8me\u00a0;<\/li>\n\n\n\n<li>encadrer, reproduire ou int\u00e9grer ce site Web ou l&#039;une de ses pages sur un autre site Web ou une autre plateforme num\u00e9rique\u00a0;<\/li>\n\n\n\n<li>utiliser le contenu du site Web \u00e0 des fins d&#039;exploration, d&#039;extraction ou de collecte automatis\u00e9e de donn\u00e9es.<\/li>\n<\/ul>\n\n\n\n<h3 class=\"wp-block-heading\">Marques d\u00e9pos\u00e9es<\/h3>\n\n\n\n<p>Toutes les marques verbales, logos, d\u00e9nominations commerciales et marques visuelles affich\u00e9s sur ce site Web sont la propri\u00e9t\u00e9 de <strong>Planitpower<\/strong>, Sauf indication contraire, toute utilisation, reproduction ou distribution de ces marques sans autorisation \u00e9crite pr\u00e9alable est strictement interdite.<\/p>\n\n\n\n<h3 class=\"wp-block-heading\">\u00c0 propos du site web<\/h3>\n\n\n\n<p>Ce site web a pour but de fournir des informations g\u00e9n\u00e9rales sur nos produits, services et activit\u00e9s. Bien que nous nous efforcions de garantir l&#039;exactitude et la mise \u00e0 jour des informations fournies, <strong>Planitpower<\/strong> ne garantit ni l&#039;exhaustivit\u00e9 ni l&#039;exactitude des informations.<\/p>\n\n\n\n<p>Certaines sections du site Web peuvent inclure des fonctionnalit\u00e9s interactives telles que des avis, des commentaires, des questions ou du contenu g\u00e9n\u00e9r\u00e9 par les utilisateurs. <strong>Planitpower<\/strong> n&#039;est pas responsable des opinions, d\u00e9clarations ou contenus publi\u00e9s par les utilisateurs ou visiteurs. Ces contenus refl\u00e8tent les points de vue de leurs auteurs respectifs et ne repr\u00e9sentent pas les opinions, politiques ou positions de l&#039;entreprise. <strong><strong>Planitpower<\/strong><\/strong>.<\/p>\n\n\n\n<h3 class=\"wp-block-heading\">Contact<\/h3>\n\n\n\n<p>Pour toute question relative \u00e0 l&#039;utilisation de ce site web, aux droits d&#039;auteur ou aux droits de propri\u00e9t\u00e9 intellectuelle, veuillez nous contacter \u00e0 l&#039;adresse suivante\u00a0:<br><strong>info<\/strong>@planitpower.com<\/p>","protected":false},"excerpt":{"rendered":"<p>\u00a9 2026. All rights reserved. Planitpower is a registered trademark or a protected trade name. All rights related to the name, logo, and visual identity are strictly reserved. This website and all its content, including but not limited to text, images, graphics, logos, icons, layouts, designs, videos, and downloadable materials, are protected by copyright, trademark, [&hellip;]<\/p>\n","protected":false},"author":1,"featured_media":0,"parent":0,"menu_order":0,"comment_status":"closed","ping_status":"closed","template":"","meta":{"jetpack_post_was_ever_published":false,"footnotes":""},"class_list":["post-5697","page","type-page","status-publish"],"yoast_head":"<!-- This site is optimized with the Yoast SEO plugin v27.3 - https:\/\/yoast.com\/product\/yoast-seo-wordpress\/ -->\n<title>COPYRIGHT - Planitpower<\/title>\n<meta name=\"description\" content=\"Learn how our website content, brand name, logo, and intellectual property are protected by copyright and trademark laws.\" \/>\n<meta name=\"robots\" content=\"index, follow, max-snippet:-1, max-image-preview:large, max-video-preview:-1\" \/>\n<link rel=\"canonical\" href=\"https:\/\/planitpower.com\/fr\/droits-dauteur\/\" \/>\n<meta property=\"og:locale\" content=\"fr_FR\" \/>\n<meta property=\"og:type\" content=\"article\" \/>\n<meta property=\"og:title\" content=\"COPYRIGHT - Planitpower\" \/>\n<meta property=\"og:description\" content=\"Learn how our website content, brand name, logo, and intellectual property are protected by copyright and trademark laws.\" \/>\n<meta property=\"og:url\" content=\"https:\/\/planitpower.com\/fr\/droits-dauteur\/\" \/>\n<meta property=\"og:site_name\" content=\"Planitpower\" \/>\n<meta property=\"article:modified_time\" content=\"2025-12-21T23:00:34+00:00\" \/>\n<meta name=\"twitter:card\" content=\"summary_large_image\" \/>\n<meta name=\"twitter:label1\" content=\"Dur\u00e9e de lecture estim\u00e9e\" \/>\n\t<meta name=\"twitter:data1\" content=\"2 minutes\" \/>\n<script type=\"application\/ld+json\" class=\"yoast-schema-graph\">{\"@context\":\"https:\\\/\\\/schema.org\",\"@graph\":[{\"@type\":\"WebPage\",\"@id\":\"https:\\\/\\\/planitpower.com\\\/copyright\\\/\",\"url\":\"https:\\\/\\\/planitpower.com\\\/copyright\\\/\",\"name\":\"COPYRIGHT - Planitpower\",\"isPartOf\":{\"@id\":\"https:\\\/\\\/planitpower.com\\\/#website\"},\"datePublished\":\"2025-12-21T23:00:32+00:00\",\"dateModified\":\"2025-12-21T23:00:34+00:00\",\"description\":\"Learn how our website content, brand name, logo, and intellectual property are protected by copyright and trademark laws.\",\"breadcrumb\":{\"@id\":\"https:\\\/\\\/planitpower.com\\\/copyright\\\/#breadcrumb\"},\"inLanguage\":\"fr-FR\",\"potentialAction\":[{\"@type\":\"ReadAction\",\"target\":[\"https:\\\/\\\/planitpower.com\\\/copyright\\\/\"]}]},{\"@type\":\"BreadcrumbList\",\"@id\":\"https:\\\/\\\/planitpower.com\\\/copyright\\\/#breadcrumb\",\"itemListElement\":[{\"@type\":\"ListItem\",\"position\":1,\"name\":\"Home\",\"item\":\"https:\\\/\\\/planitpower.com\\\/\"},{\"@type\":\"ListItem\",\"position\":2,\"name\":\"COPYRIGHT\"}]},{\"@type\":\"WebSite\",\"@id\":\"https:\\\/\\\/planitpower.com\\\/#website\",\"url\":\"https:\\\/\\\/planitpower.com\\\/\",\"name\":\"Planitpower\",\"description\":\"Inspire energy\",\"publisher\":{\"@id\":\"https:\\\/\\\/planitpower.com\\\/#\\\/schema\\\/person\\\/b531587eda267b930b04174d12de6efa\"},\"potentialAction\":[{\"@type\":\"SearchAction\",\"target\":{\"@type\":\"EntryPoint\",\"urlTemplate\":\"https:\\\/\\\/planitpower.com\\\/?s={search_term_string}\"},\"query-input\":{\"@type\":\"PropertyValueSpecification\",\"valueRequired\":true,\"valueName\":\"search_term_string\"}}],\"inLanguage\":\"fr-FR\"},{\"@type\":[\"Person\",\"Organization\"],\"@id\":\"https:\\\/\\\/planitpower.com\\\/#\\\/schema\\\/person\\\/b531587eda267b930b04174d12de6efa\",\"name\":\"Editorial Team\",\"image\":{\"@type\":\"ImageObject\",\"inLanguage\":\"fr-FR\",\"@id\":\"https:\\\/\\\/i0.wp.com\\\/planitpower.com\\\/wp-content\\\/uploads\\\/2025\\\/12\\\/cropped-planitpower_circle_375x375.png?fit=512%2C512&ssl=1\",\"url\":\"https:\\\/\\\/i0.wp.com\\\/planitpower.com\\\/wp-content\\\/uploads\\\/2025\\\/12\\\/cropped-planitpower_circle_375x375.png?fit=512%2C512&ssl=1\",\"contentUrl\":\"https:\\\/\\\/i0.wp.com\\\/planitpower.com\\\/wp-content\\\/uploads\\\/2025\\\/12\\\/cropped-planitpower_circle_375x375.png?fit=512%2C512&ssl=1\",\"width\":512,\"height\":512,\"caption\":\"Editorial Team\"},\"logo\":{\"@id\":\"https:\\\/\\\/i0.wp.com\\\/planitpower.com\\\/wp-content\\\/uploads\\\/2025\\\/12\\\/cropped-planitpower_circle_375x375.png?fit=512%2C512&ssl=1\"},\"sameAs\":[\"https:\\\/\\\/Planitpower.com\"]}]}<\/script>\n<!-- \/ Yoast SEO plugin. -->","yoast_head_json":{"title":"DROITS D&#039;AUTEUR - Planitpower","description":"D\u00e9couvrez comment le contenu de notre site web, notre nom de marque, notre logo et notre propri\u00e9t\u00e9 intellectuelle sont prot\u00e9g\u00e9s par les lois sur le droit d&#039;auteur et les marques de commerce.","robots":{"index":"index","follow":"follow","max-snippet":"max-snippet:-1","max-image-preview":"max-image-preview:large","max-video-preview":"max-video-preview:-1"},"canonical":"https:\/\/planitpower.com\/fr\/droits-dauteur\/","og_locale":"fr_FR","og_type":"article","og_title":"COPYRIGHT - Planitpower","og_description":"Learn how our website content, brand name, logo, and intellectual property are protected by copyright and trademark laws.","og_url":"https:\/\/planitpower.com\/fr\/droits-dauteur\/","og_site_name":"Planitpower","article_modified_time":"2025-12-21T23:00:34+00:00","twitter_card":"summary_large_image","twitter_misc":{"Dur\u00e9e de lecture estim\u00e9e":"2 minutes"},"schema":{"@context":"https:\/\/schema.org","@graph":[{"@type":"WebPage","@id":"https:\/\/planitpower.com\/copyright\/","url":"https:\/\/planitpower.com\/copyright\/","name":"DROITS D&#039;AUTEUR - Planitpower","isPartOf":{"@id":"https:\/\/planitpower.com\/#website"},"datePublished":"2025-12-21T23:00:32+00:00","dateModified":"2025-12-21T23:00:34+00:00","description":"D\u00e9couvrez comment le contenu de notre site web, notre nom de marque, notre logo et notre propri\u00e9t\u00e9 intellectuelle sont prot\u00e9g\u00e9s par les lois sur le droit d&#039;auteur et les marques de commerce.","breadcrumb":{"@id":"https:\/\/planitpower.com\/copyright\/#breadcrumb"},"inLanguage":"fr-FR","potentialAction":[{"@type":"ReadAction","target":["https:\/\/planitpower.com\/copyright\/"]}]},{"@type":"BreadcrumbList","@id":"https:\/\/planitpower.com\/copyright\/#breadcrumb","itemListElement":[{"@type":"ListItem","position":1,"name":"Home","item":"https:\/\/planitpower.com\/"},{"@type":"ListItem","position":2,"name":"COPYRIGHT"}]},{"@type":"WebSite","@id":"https:\/\/planitpower.com\/#website","url":"https:\/\/planitpower.com\/","name":"Planitpower","description":"Inspirons l'\u00e9nergie!","publisher":{"@id":"https:\/\/planitpower.com\/#\/schema\/person\/b531587eda267b930b04174d12de6efa"},"potentialAction":[{"@type":"SearchAction","target":{"@type":"EntryPoint","urlTemplate":"https:\/\/planitpower.com\/?s={search_term_string}"},"query-input":{"@type":"PropertyValueSpecification","valueRequired":true,"valueName":"search_term_string"}}],"inLanguage":"fr-FR"},{"@type":["Person","Organization"],"@id":"https:\/\/planitpower.com\/#\/schema\/person\/b531587eda267b930b04174d12de6efa","name":"Equipe \u00e9ditoriale","image":{"@type":"ImageObject","inLanguage":"fr-FR","@id":"https:\/\/i0.wp.com\/planitpower.com\/wp-content\/uploads\/2025\/12\/cropped-planitpower_circle_375x375.png?fit=512%2C512&ssl=1","url":"https:\/\/i0.wp.com\/planitpower.com\/wp-content\/uploads\/2025\/12\/cropped-planitpower_circle_375x375.png?fit=512%2C512&ssl=1","contentUrl":"https:\/\/i0.wp.com\/planitpower.com\/wp-content\/uploads\/2025\/12\/cropped-planitpower_circle_375x375.png?fit=512%2C512&ssl=1","width":512,"height":512,"caption":"Editorial Team"},"logo":{"@id":"https:\/\/i0.wp.com\/planitpower.com\/wp-content\/uploads\/2025\/12\/cropped-planitpower_circle_375x375.png?fit=512%2C512&ssl=1"},"sameAs":["https:\/\/Planitpower.com"]}]}},"_hostinger_reach_plugin_has_subscription_block":false,"_hostinger_reach_plugin_is_elementor":false,"jetpack_likes_enabled":true,"jetpack_sharing_enabled":true,"jetpack-related-posts":[{"id":3398,"url":"https:\/\/planitpower.com\/fr\/avis-logique\/","url_meta":{"origin":5697,"position":0},"title":"Avis juridique","author":"Editorial Team","date":"27\/10\/2025","format":false,"excerpt":"Propri\u00e9taire du site web : PlanItPower. Enregistr\u00e9e comme activit\u00e9 secondaire ind\u00e9pendante \u00e0 Niel, en Flandre (Belgique). Num\u00e9ro d&#039;immatriculation : BExxx. Num\u00e9ro de TVA : xxx. Contact : info@planitpower.com. H\u00e9bergement : Ce site web est h\u00e9berg\u00e9 par Hostinger. Adresses : Kaunas (Jonavos str. 60C) et Vilnius (\u0160vitrigailos str. 34). Activit\u00e9 : PlanItPower est un bureau d&#039;\u00e9tudes et d&#039;ing\u00e9nierie sp\u00e9cialis\u00e9 en g\u00e9nie m\u00e9canique, \u00e9lectrique et plomberie (MEP) et en gestion de l&#039;\u00e9nergie, ainsi qu&#039;une plateforme de commerce \u00e9lectronique d\u00e9di\u00e9e\u2026","rel":"","context":"Article similaire","block_context":{"text":"Article similaire","link":""},"img":{"alt_text":"","src":"","width":0,"height":0},"classes":[]},{"id":5675,"url":"https:\/\/planitpower.com\/fr\/conditions-generales-de-vente\/","url_meta":{"origin":5697,"position":1},"title":"Conditions g\u00e9n\u00e9rales de vente","author":"Editorial Team","date":"21\/12\/2025","format":false,"excerpt":"Article 1 \u2013 Champ d\u2019application Les pr\u00e9sentes conditions g\u00e9n\u00e9rales de vente (ci-apr\u00e8s \u201c CGV \u201d) sont conclues entre Sami Ben Slimane (num\u00e9ro d\u2019immatriculation au registre du commerce et des soci\u00e9t\u00e9s : 860625-53776), fondateur d\u2019une entreprise individuelle immatricul\u00e9e \u00e0 la Banque-Carrefour des Entreprises de Belgique sous le num\u00e9ro (XXX), exer\u00e7ant son activit\u00e9 sous la d\u00e9nomination commerciale Planitpower, et tout\u2026","rel":"","context":"Article similaire","block_context":{"text":"Article similaire","link":""},"img":{"alt_text":"","src":"","width":0,"height":0},"classes":[]},{"id":3362,"url":"https:\/\/planitpower.com\/fr\/politique-de-confidentialite\/","url_meta":{"origin":5697,"position":2},"title":"Politique de confidentialit\u00e9","author":"Editorial Team","date":"27\/10\/2025","format":false,"excerpt":"Planitpower exploite cette boutique et ce site web, ainsi que l&#039;ensemble des informations, contenus, fonctionnalit\u00e9s, outils, produits et services associ\u00e9s, afin de vous offrir, en tant que client, une exp\u00e9rience d&#039;achat personnalis\u00e9e (les \"\u00a0Services\u00a0\"). La pr\u00e9sente Politique de confidentialit\u00e9 d\u00e9crit comment nous recueillons, utilisons et divulguons vos renseignements personnels lorsque vous visitez, utilisez ou effectuez un achat sur notre site\u2026","rel":"","context":"Article similaire","block_context":{"text":"Article similaire","link":""},"img":{"alt_text":"","src":"","width":0,"height":0},"classes":[]},{"id":3407,"url":"https:\/\/planitpower.com\/fr\/faq\/","url_meta":{"origin":5697,"position":3},"title":"FAQ","author":"Editorial Team","date":"27\/10\/2025","format":false,"excerpt":"Bienvenue dans notre Foire aux questions (FAQ)\u00a0! Vous trouverez ici les questions les plus fr\u00e9quemment pos\u00e9es par nos clients concernant nos produits, la livraison et le service apr\u00e8s-vente. Produits et utilisation\u00a0: Q\u00a0: Vos produits sont-ils compatibles avec les portes et \u00e9quipements europ\u00e9ens\u00a0? R\u00a0: Oui, tous nos produits sont s\u00e9lectionn\u00e9s pour \u00eatre compatibles avec les normes europ\u00e9ennes (portes\u2026).","rel":"","context":"Article similaire","block_context":{"text":"Article similaire","link":""},"img":{"alt_text":"","src":"","width":0,"height":0},"classes":[]}],"jetpack_shortlink":"https:\/\/wp.me\/Pdsfhc-1tT","_links":{"self":[{"href":"https:\/\/planitpower.com\/fr\/wp-json\/wp\/v2\/pages\/5697","targetHints":{"allow":["GET"]}}],"collection":[{"href":"https:\/\/planitpower.com\/fr\/wp-json\/wp\/v2\/pages"}],"about":[{"href":"https:\/\/planitpower.com\/fr\/wp-json\/wp\/v2\/types\/page"}],"author":[{"embeddable":true,"href":"https:\/\/planitpower.com\/fr\/wp-json\/wp\/v2\/users\/1"}],"replies":[{"embeddable":true,"href":"https:\/\/planitpower.com\/fr\/wp-json\/wp\/v2\/comments?post=5697"}],"version-history":[{"count":0,"href":"https:\/\/planitpower.com\/fr\/wp-json\/wp\/v2\/pages\/5697\/revisions"}],"wp:attachment":[{"href":"https:\/\/planitpower.com\/fr\/wp-json\/wp\/v2\/media?parent=5697"}],"curies":[{"name":"wp","href":"https:\/\/api.w.org\/{rel}","templated":true}]}}