{"id":6,"date":"2019-07-23T04:41:08","date_gmt":"2019-07-23T04:41:08","guid":{"rendered":"https:\/\/tf01.themeruby.com\/tech\/?page_id=6"},"modified":"2025-11-13T09:33:33","modified_gmt":"2025-11-13T09:33:33","slug":"efficacite-energetique","status":"publish","type":"page","link":"https:\/\/planitpower.com\/fr\/efficacite-energetique\/","title":{"rendered":"Efficacit\u00e9 \u00e9nerg\u00e9tique"},"content":{"rendered":"","protected":false},"excerpt":{"rendered":"","protected":false},"author":1,"featured_media":0,"parent":0,"menu_order":0,"comment_status":"closed","ping_status":"closed","template":"","meta":{"jetpack_post_was_ever_published":false,"footnotes":""},"class_list":["post-6","page","type-page","status-publish"],"yoast_head":"<!-- This site is optimized with the Yoast SEO plugin v27.4 - https:\/\/yoast.com\/product\/yoast-seo-wordpress\/ -->\n<title>Energy Efficiency - Planitpower<\/title>\n<meta name=\"description\" content=\"Discover the latest news related the energy efficiency topic\" \/>\n<meta name=\"robots\" content=\"index, follow, max-snippet:-1, max-image-preview:large, max-video-preview:-1\" \/>\n<link rel=\"canonical\" href=\"https:\/\/planitpower.com\/fr\/efficacite-energetique\/\" \/>\n<meta property=\"og:locale\" content=\"fr_FR\" \/>\n<meta property=\"og:type\" content=\"article\" \/>\n<meta property=\"og:title\" content=\"Energy Efficiency - Planitpower\" \/>\n<meta property=\"og:description\" content=\"Discover the latest news related the energy efficiency topic\" \/>\n<meta property=\"og:url\" content=\"https:\/\/planitpower.com\/fr\/efficacite-energetique\/\" \/>\n<meta property=\"og:site_name\" content=\"Planitpower\" \/>\n<meta property=\"article:modified_time\" content=\"2025-11-13T09:33:33+00:00\" \/>\n<meta name=\"twitter:card\" content=\"summary_large_image\" \/>\n<script type=\"application\/ld+json\" class=\"yoast-schema-graph\">{\"@context\":\"https:\\\/\\\/schema.org\",\"@graph\":[{\"@type\":\"WebPage\",\"@id\":\"https:\\\/\\\/planitpower.com\\\/energy-efficiency\\\/\",\"url\":\"https:\\\/\\\/planitpower.com\\\/energy-efficiency\\\/\",\"name\":\"Energy Efficiency - Planitpower\",\"isPartOf\":{\"@id\":\"https:\\\/\\\/planitpower.com\\\/#website\"},\"datePublished\":\"2019-07-23T04:41:08+00:00\",\"dateModified\":\"2025-11-13T09:33:33+00:00\",\"description\":\"Discover the latest news related the energy efficiency topic\",\"breadcrumb\":{\"@id\":\"https:\\\/\\\/planitpower.com\\\/energy-efficiency\\\/#breadcrumb\"},\"inLanguage\":\"fr-FR\",\"potentialAction\":[{\"@type\":\"ReadAction\",\"target\":[\"https:\\\/\\\/planitpower.com\\\/energy-efficiency\\\/\"]}]},{\"@type\":\"BreadcrumbList\",\"@id\":\"https:\\\/\\\/planitpower.com\\\/energy-efficiency\\\/#breadcrumb\",\"itemListElement\":[{\"@type\":\"ListItem\",\"position\":1,\"name\":\"Home\",\"item\":\"https:\\\/\\\/planitpower.com\\\/\"},{\"@type\":\"ListItem\",\"position\":2,\"name\":\"Energy Efficiency\"}]},{\"@type\":\"WebSite\",\"@id\":\"https:\\\/\\\/planitpower.com\\\/#website\",\"url\":\"https:\\\/\\\/planitpower.com\\\/\",\"name\":\"Planitpower\",\"description\":\"Inspire energy\",\"publisher\":{\"@id\":\"https:\\\/\\\/planitpower.com\\\/#\\\/schema\\\/person\\\/b531587eda267b930b04174d12de6efa\"},\"potentialAction\":[{\"@type\":\"SearchAction\",\"target\":{\"@type\":\"EntryPoint\",\"urlTemplate\":\"https:\\\/\\\/planitpower.com\\\/?s={search_term_string}\"},\"query-input\":{\"@type\":\"PropertyValueSpecification\",\"valueRequired\":true,\"valueName\":\"search_term_string\"}}],\"inLanguage\":\"fr-FR\"},{\"@type\":[\"Person\",\"Organization\"],\"@id\":\"https:\\\/\\\/planitpower.com\\\/#\\\/schema\\\/person\\\/b531587eda267b930b04174d12de6efa\",\"name\":\"Editorial Team\",\"image\":{\"@type\":\"ImageObject\",\"inLanguage\":\"fr-FR\",\"@id\":\"https:\\\/\\\/i0.wp.com\\\/planitpower.com\\\/wp-content\\\/uploads\\\/2025\\\/12\\\/cropped-planitpower_circle_375x375.png?fit=512%2C512&ssl=1\",\"url\":\"https:\\\/\\\/i0.wp.com\\\/planitpower.com\\\/wp-content\\\/uploads\\\/2025\\\/12\\\/cropped-planitpower_circle_375x375.png?fit=512%2C512&ssl=1\",\"contentUrl\":\"https:\\\/\\\/i0.wp.com\\\/planitpower.com\\\/wp-content\\\/uploads\\\/2025\\\/12\\\/cropped-planitpower_circle_375x375.png?fit=512%2C512&ssl=1\",\"width\":512,\"height\":512,\"caption\":\"Editorial Team\"},\"logo\":{\"@id\":\"https:\\\/\\\/i0.wp.com\\\/planitpower.com\\\/wp-content\\\/uploads\\\/2025\\\/12\\\/cropped-planitpower_circle_375x375.png?fit=512%2C512&ssl=1\"},\"sameAs\":[\"https:\\\/\\\/Planitpower.com\"]}]}<\/script>\n<!-- \/ Yoast SEO plugin. -->","yoast_head_json":{"title":"Efficacit\u00e9 \u00e9nerg\u00e9tique - Planitpower","description":"D\u00e9couvrez les derni\u00e8res actualit\u00e9s concernant l&#039;efficacit\u00e9 \u00e9nerg\u00e9tique.","robots":{"index":"index","follow":"follow","max-snippet":"max-snippet:-1","max-image-preview":"max-image-preview:large","max-video-preview":"max-video-preview:-1"},"canonical":"https:\/\/planitpower.com\/fr\/efficacite-energetique\/","og_locale":"fr_FR","og_type":"article","og_title":"Energy Efficiency - Planitpower","og_description":"Discover the latest news related the energy efficiency topic","og_url":"https:\/\/planitpower.com\/fr\/efficacite-energetique\/","og_site_name":"Planitpower","article_modified_time":"2025-11-13T09:33:33+00:00","twitter_card":"summary_large_image","schema":{"@context":"https:\/\/schema.org","@graph":[{"@type":"WebPage","@id":"https:\/\/planitpower.com\/energy-efficiency\/","url":"https:\/\/planitpower.com\/energy-efficiency\/","name":"Efficacit\u00e9 \u00e9nerg\u00e9tique - Planitpower","isPartOf":{"@id":"https:\/\/planitpower.com\/#website"},"datePublished":"2019-07-23T04:41:08+00:00","dateModified":"2025-11-13T09:33:33+00:00","description":"D\u00e9couvrez les derni\u00e8res actualit\u00e9s concernant l&#039;efficacit\u00e9 \u00e9nerg\u00e9tique.","breadcrumb":{"@id":"https:\/\/planitpower.com\/energy-efficiency\/#breadcrumb"},"inLanguage":"fr-FR","potentialAction":[{"@type":"ReadAction","target":["https:\/\/planitpower.com\/energy-efficiency\/"]}]},{"@type":"BreadcrumbList","@id":"https:\/\/planitpower.com\/energy-efficiency\/#breadcrumb","itemListElement":[{"@type":"ListItem","position":1,"name":"Home","item":"https:\/\/planitpower.com\/"},{"@type":"ListItem","position":2,"name":"Energy Efficiency"}]},{"@type":"WebSite","@id":"https:\/\/planitpower.com\/#website","url":"https:\/\/planitpower.com\/","name":"Planitpower","description":"Inspirons l'\u00e9nergie!","publisher":{"@id":"https:\/\/planitpower.com\/#\/schema\/person\/b531587eda267b930b04174d12de6efa"},"potentialAction":[{"@type":"SearchAction","target":{"@type":"EntryPoint","urlTemplate":"https:\/\/planitpower.com\/?s={search_term_string}"},"query-input":{"@type":"PropertyValueSpecification","valueRequired":true,"valueName":"search_term_string"}}],"inLanguage":"fr-FR"},{"@type":["Person","Organization"],"@id":"https:\/\/planitpower.com\/#\/schema\/person\/b531587eda267b930b04174d12de6efa","name":"Equipe \u00e9ditoriale","image":{"@type":"ImageObject","inLanguage":"fr-FR","@id":"https:\/\/i0.wp.com\/planitpower.com\/wp-content\/uploads\/2025\/12\/cropped-planitpower_circle_375x375.png?fit=512%2C512&ssl=1","url":"https:\/\/i0.wp.com\/planitpower.com\/wp-content\/uploads\/2025\/12\/cropped-planitpower_circle_375x375.png?fit=512%2C512&ssl=1","contentUrl":"https:\/\/i0.wp.com\/planitpower.com\/wp-content\/uploads\/2025\/12\/cropped-planitpower_circle_375x375.png?fit=512%2C512&ssl=1","width":512,"height":512,"caption":"Editorial Team"},"logo":{"@id":"https:\/\/i0.wp.com\/planitpower.com\/wp-content\/uploads\/2025\/12\/cropped-planitpower_circle_375x375.png?fit=512%2C512&ssl=1"},"sameAs":["https:\/\/Planitpower.com"]}]}},"_hostinger_reach_plugin_has_subscription_block":false,"_hostinger_reach_plugin_is_elementor":false,"jetpack_likes_enabled":true,"jetpack_sharing_enabled":true,"jetpack-related-posts":[{"id":5640,"url":"https:\/\/planitpower.com\/fr\/a-propos\/","url_meta":{"origin":6,"position":0},"title":"A PROPOS","author":"Editorial Team","date":"20\/12\/2025","format":false,"excerpt":"Mission Welcome\u00a0to\u00a0PlanItPower\u00a0 \u00a0 \u00a0 \u00a0 \u00a0 \u00a0 \u00a0 \u00a0 \u00a0 \u00a0 \u00a0 \u00a0 \u00a0 \u00a0 \u00a0 \u00a0 \u00a0 \u00a0 \u00a0 \u00a0 \u00a0 \u00a0 \u00a0 \u00a0 \u00a0 \u00a0 \u00a0 \u00a0 \u00a0 \u00a0 \u00a0 \u00a0 \u00a0 \u00a0 \u00a0 \u00a0 \u00a0 \u00a0Empowering Sustainable Solutions for a Greener Tomorrow At\u00a0PlanItPower, we are committed to\u2026","rel":"","context":"Article similaire","block_context":{"text":"Article similaire","link":""},"img":{"alt_text":"","src":"https:\/\/i0.wp.com\/planitpower.com\/wp-content\/uploads\/2025\/12\/consulting.jpg?resize=350%2C200&ssl=1","width":350,"height":200,"srcset":"https:\/\/i0.wp.com\/planitpower.com\/wp-content\/uploads\/2025\/12\/consulting.jpg?resize=350%2C200&ssl=1 1x, https:\/\/i0.wp.com\/planitpower.com\/wp-content\/uploads\/2025\/12\/consulting.jpg?resize=525%2C300&ssl=1 1.5x, https:\/\/i0.wp.com\/planitpower.com\/wp-content\/uploads\/2025\/12\/consulting.jpg?resize=700%2C400&ssl=1 2x, https:\/\/i0.wp.com\/planitpower.com\/wp-content\/uploads\/2025\/12\/consulting.jpg?resize=1050%2C600&ssl=1 3x"},"classes":[]},{"id":883,"url":"https:\/\/planitpower.com\/fr\/domicile\/","url_meta":{"origin":6,"position":1},"title":"ACADEMIE","author":"Editorial Team","date":"20\/12\/2020","format":false,"excerpt":"edit Energy Efficiency Easy steps for Preparing Your Furnace for the Winter Posted by by Editorial Team READ MORE edit Clean-TechnologiesEnergy EfficiencyRenewable Energies Are Solar Energy Panels Reliable? edit Energy managementSmart Buildings Electrochromic Smart Glass: what you should know about POPULAR NEWS All Clean-Technologies Energy Efficiency Energy management Energy storage\u2026","rel":"","context":"Article similaire","block_context":{"text":"Article similaire","link":""},"img":{"alt_text":"","src":"https:\/\/i0.wp.com\/planitpower.com\/wp-content\/uploads\/2022\/04\/6509053707_ae70af679a_s.jpg?resize=350%2C200&ssl=1","width":350,"height":200},"classes":[]},{"id":3046,"url":"https:\/\/planitpower.com\/fr\/origine-2\/","url_meta":{"origin":6,"position":2},"title":"Origine","author":"Editorial Team","date":"09\/09\/2025","format":false,"excerpt":"\u00a0Graduated as an energy engineer, I have gradually developed my expertise in the field of special techniques: HVAC, electricity, sanitary, etc. This is a logical curve in a career driven by a great passion for my field. I have participated aswell in several training programs to strengthen this versatility and\u2026","rel":"","context":"Article similaire","block_context":{"text":"Article similaire","link":""},"img":{"alt_text":"","src":"","width":0,"height":0},"classes":[]},{"id":3398,"url":"https:\/\/planitpower.com\/fr\/avis-logique\/","url_meta":{"origin":6,"position":3},"title":"Avis juridique","author":"Editorial Team","date":"27\/10\/2025","format":false,"excerpt":"Propri\u00e9taire du site web : PlanItPower. Enregistr\u00e9e comme activit\u00e9 secondaire ind\u00e9pendante \u00e0 Niel, en Flandre (Belgique). Num\u00e9ro d&#039;immatriculation : BExxx. Num\u00e9ro de TVA : xxx. Contact : info@planitpower.com. H\u00e9bergement : Ce site web est h\u00e9berg\u00e9 par Hostinger. Adresses : Kaunas (Jonavos str. 60C) et Vilnius (\u0160vitrigailos str. 34). Activit\u00e9 : PlanItPower est un bureau d&#039;\u00e9tudes et d&#039;ing\u00e9nierie sp\u00e9cialis\u00e9 en g\u00e9nie m\u00e9canique, \u00e9lectrique et plomberie (MEP) et en gestion de l&#039;\u00e9nergie, ainsi qu&#039;une plateforme de commerce \u00e9lectronique d\u00e9di\u00e9e\u2026","rel":"","context":"Article similaire","block_context":{"text":"Article similaire","link":""},"img":{"alt_text":"","src":"","width":0,"height":0},"classes":[]},{"id":3407,"url":"https:\/\/planitpower.com\/fr\/faq\/","url_meta":{"origin":6,"position":4},"title":"FAQ","author":"Editorial Team","date":"27\/10\/2025","format":false,"excerpt":"Bienvenue dans notre Foire aux questions (FAQ)\u00a0! Vous trouverez ici les questions les plus fr\u00e9quemment pos\u00e9es par nos clients concernant nos produits, la livraison et le service apr\u00e8s-vente. Produits et utilisation\u00a0: Q\u00a0: Vos produits sont-ils compatibles avec les portes et \u00e9quipements europ\u00e9ens\u00a0? R\u00a0: Oui, tous nos produits sont s\u00e9lectionn\u00e9s pour \u00eatre compatibles avec les normes europ\u00e9ennes (portes\u2026).","rel":"","context":"Article similaire","block_context":{"text":"Article similaire","link":""},"img":{"alt_text":"","src":"","width":0,"height":0},"classes":[]},{"id":5675,"url":"https:\/\/planitpower.com\/fr\/conditions-generales-de-vente\/","url_meta":{"origin":6,"position":5},"title":"Conditions g\u00e9n\u00e9rales de vente","author":"Editorial Team","date":"21\/12\/2025","format":false,"excerpt":"Article 1 \u2013 Champ d\u2019application Les pr\u00e9sentes conditions g\u00e9n\u00e9rales de vente (ci-apr\u00e8s \u201c CGV \u201d) sont conclues entre Sami Ben Slimane (num\u00e9ro d\u2019immatriculation au registre du commerce et des soci\u00e9t\u00e9s : 860625-53776), fondateur d\u2019une entreprise individuelle immatricul\u00e9e \u00e0 la Banque-Carrefour des Entreprises de Belgique sous le num\u00e9ro (XXX), exer\u00e7ant son activit\u00e9 sous la d\u00e9nomination commerciale Planitpower, et tout\u2026","rel":"","context":"Article similaire","block_context":{"text":"Article similaire","link":""},"img":{"alt_text":"","src":"","width":0,"height":0},"classes":[]}],"jetpack_shortlink":"https:\/\/wp.me\/Pdsfhc-6","_links":{"self":[{"href":"https:\/\/planitpower.com\/fr\/wp-json\/wp\/v2\/pages\/6","targetHints":{"allow":["GET"]}}],"collection":[{"href":"https:\/\/planitpower.com\/fr\/wp-json\/wp\/v2\/pages"}],"about":[{"href":"https:\/\/planitpower.com\/fr\/wp-json\/wp\/v2\/types\/page"}],"author":[{"embeddable":true,"href":"https:\/\/planitpower.com\/fr\/wp-json\/wp\/v2\/users\/1"}],"replies":[{"embeddable":true,"href":"https:\/\/planitpower.com\/fr\/wp-json\/wp\/v2\/comments?post=6"}],"version-history":[{"count":0,"href":"https:\/\/planitpower.com\/fr\/wp-json\/wp\/v2\/pages\/6\/revisions"}],"wp:attachment":[{"href":"https:\/\/planitpower.com\/fr\/wp-json\/wp\/v2\/media?parent=6"}],"curies":[{"name":"wp","href":"https:\/\/api.w.org\/{rel}","templated":true}]}}