{"id":3429,"date":"2026-01-04T01:27:29","date_gmt":"2026-01-04T01:27:29","guid":{"rendered":"https:\/\/planitpower.com\/?post_type=product&#038;p=3429"},"modified":"2026-01-04T16:43:27","modified_gmt":"2026-01-04T16:43:27","slug":"bougie-blanche-innr-e14-470-lm","status":"publish","type":"product","link":"https:\/\/planitpower.com\/fr\/boutique\/bougie-blanche-innr-e14-470-lm\/","title":{"rendered":"Bougie Innr-E14 blanche 470 lm"},"content":{"rendered":"<h3 class=\"wp-block-heading\">Description<\/h3>\n\n\n\n<p>L&#039;ampoule connect\u00e9e Innr Smart Candle White E14 470 lm apporte une touche d&#039;\u00e9l\u00e9gance \u00e0 votre int\u00e9rieur sans remplacer vos luminaires pr\u00e9f\u00e9r\u00e9s. Con\u00e7ue pour s&#039;adapter \u00e0 une douille E14, cette ampoule diffuse une lumi\u00e8re blanc chaud de 470 lumens et permet un contr\u00f4le sans fil et une variation d&#039;intensit\u00e9 via un r\u00e9seau Zigbee. Elle s&#039;int\u00e8gre parfaitement \u00e0 votre syst\u00e8me domotique, vous permettant ainsi de moduler l&#039;ambiance, de programmer des horaires et de contr\u00f4ler l&#039;\u00e9clairage par la voix en toute simplicit\u00e9. Gr\u00e2ce \u00e0 sa conception \u00e9co\u00e9nerg\u00e9tique et son format compact, elle offre une alternative \u00e9l\u00e9gante aux lampes traditionnelles dans des pi\u00e8ces comme la salle \u00e0 manger, le couloir ou la chambre.<\/p>\n\n\n\n<div style=\"height:20px\" aria-hidden=\"true\" class=\"wp-block-spacer\"><\/div>\n\n\n\n<h3 class=\"wp-block-heading\">Sp\u00e9cifications techniques<\/h3>\n\n\n\n<ul class=\"wp-block-list\">\n<li>Type d&#039;ampoule \/ culot : E14 (petite vis Edison)<\/li>\n\n\n\n<li>Flux lumineux : env. 470 lm (blanc chaud)<\/li>\n\n\n\n<li>Consommation \u00e9lectrique : env. 4,6 W<\/li>\n\n\n\n<li>Temp\u00e9rature de couleur : 2700 K (blanc chaud)<\/li>\n\n\n\n<li>Plage de gradation : 1%\u2013100%<\/li>\n\n\n\n<li>Angle du faisceau : env. 300\u00b0<\/li>\n\n\n\n<li>Indice de rendu des couleurs (IRC) : &gt; 82<\/li>\n\n\n\n<li>Protocole sans fil\u00a0: Zigbee 3.0<\/li>\n\n\n\n<li>Tension\/Fr\u00e9quence\u00a0: 220-240\u00a0V ~ 50\/60\u00a0Hz<\/li>\n\n\n\n<li>Dur\u00e9e de vie nominale : &gt; 25 000 heures<\/li>\n\n\n\n<li>Temps d&#039;allumage : &lt; 0,5 s<\/li>\n\n\n\n<li>Fonctionne avec : Pont Zigbee requis ; compatible avec Philips Hue, Amazon Echo (avec hub int\u00e9gr\u00e9) et Google Assistant<\/li>\n\n\n\n<li>Remarque\u00a0: Non compatible avec Apple HomeKit, Hue Entertainment ni les fonctionnalit\u00e9s Hue Secure<\/li>\n<\/ul>","protected":false},"excerpt":{"rendered":"<h3 data-start=\"194\" data-end=\"213\">Caract\u00e9ristiques principales<\/h3>\n<ul data-start=\"214\" data-end=\"765\">\n<li data-start=\"214\" data-end=\"330\">\n<p data-start=\"216\" data-end=\"330\">Installation dans les douilles standard E14 pour bougies \u2014 id\u00e9ales pour les lustres, les appliques murales et l&#039;\u00e9clairage d\u00e9coratif.<\/p>\n<\/li>\n<li data-start=\"331\" data-end=\"428\">\n<p data-start=\"333\" data-end=\"428\">Contr\u00f4le sans fil de la gradation via Zigbee 3.0 \u2014 ajustez la luminosit\u00e9 sans effort de 1% \u00e0 100%.<\/p>\n<\/li>\n<li data-start=\"429\" data-end=\"519\">\n<p data-start=\"431\" data-end=\"519\">\u00c9met une lumi\u00e8re blanche chaude d&#039;environ 470 lm, cr\u00e9ant un \u00e9clairage confortable et efficace.<\/p>\n<\/li>\n<li data-start=\"520\" data-end=\"670\">\n<p data-start=\"522\" data-end=\"670\">Compatibilit\u00e9 avec les principaux \u00e9cosyst\u00e8mes de maison intelligente, notamment Amazon Alexa, Google Assistant et les syst\u00e8mes utilisant Zigbee (fonctionne avec un pont compatible).<\/p>\n<\/li>\n<li data-start=\"671\" data-end=\"765\">\n<p data-start=\"673\" data-end=\"765\">Faible consommation d&#039;\u00e9nergie (environ 4,6 W) et longue dur\u00e9e de vie pour un \u00e9clairage intelligent \u00e9co\u00e9nerg\u00e9tique.<\/p>\n<\/li>\n<\/ul>","protected":false},"featured_media":3433,"comment_status":"open","ping_status":"closed","template":"","meta":{"jetpack_post_was_ever_published":false,"jetpack_publicize_message":"","jetpack_publicize_feature_enabled":true,"jetpack_social_post_already_shared":false,"jetpack_social_options":{"image_generator_settings":{"template":"highway","default_image_id":0,"font":"","enabled":false},"version":2}},"product_brand":[102],"product_cat":[110],"product_tag":[],"class_list":{"0":"post-3429","1":"product","2":"type-product","3":"status-publish","4":"has-post-thumbnail","6":"product_brand-innr","7":"product_cat-smart-lighting","9":"first","10":"instock","11":"taxable","12":"shipping-taxable","13":"purchasable","14":"product-type-simple"},"yoast_head":"<!-- This site is optimized with the Yoast SEO plugin v27.3 - https:\/\/yoast.com\/product\/yoast-seo-wordpress\/ -->\n<title>Innr- E14 white 470 lm - Candle - Planitpower<\/title>\n<meta name=\"description\" content=\"Smart E14 candle bulb by Innr with 470 lm warm white light, Zigbee control, full dimming, and energy-efficient design for cozy smart lighting.\" \/>\n<meta name=\"robots\" content=\"index, follow, max-snippet:-1, max-image-preview:large, max-video-preview:-1\" \/>\n<link rel=\"canonical\" href=\"https:\/\/planitpower.com\/fr\/boutique\/bougie-blanche-innr-e14-470-lm\/\" \/>\n<meta property=\"og:locale\" content=\"fr_FR\" \/>\n<meta property=\"og:type\" content=\"article\" \/>\n<meta property=\"og:title\" content=\"Innr- E14 white 470 lm - Candle - Planitpower\" \/>\n<meta property=\"og:description\" content=\"Smart E14 candle bulb by Innr with 470 lm warm white light, Zigbee control, full dimming, and energy-efficient design for cozy smart lighting.\" \/>\n<meta property=\"og:url\" content=\"https:\/\/planitpower.com\/fr\/boutique\/bougie-blanche-innr-e14-470-lm\/\" \/>\n<meta property=\"og:site_name\" content=\"Planitpower\" \/>\n<meta property=\"article:modified_time\" content=\"2026-01-04T16:43:27+00:00\" \/>\n<meta property=\"og:image\" content=\"https:\/\/i0.wp.com\/planitpower.com\/wp-content\/uploads\/2025\/10\/RB243candle_white_EUgroot.webp?fit=1100%2C1107&ssl=1\" \/>\n\t<meta property=\"og:image:width\" content=\"1100\" \/>\n\t<meta property=\"og:image:height\" content=\"1107\" \/>\n\t<meta property=\"og:image:type\" content=\"image\/webp\" \/>\n<meta name=\"twitter:card\" content=\"summary_large_image\" \/>\n<meta name=\"twitter:label1\" content=\"Dur\u00e9e de lecture estim\u00e9e\" \/>\n\t<meta name=\"twitter:data1\" content=\"1 minute\" \/>\n<script type=\"application\/ld+json\" class=\"yoast-schema-graph\">{\"@context\":\"https:\\\/\\\/schema.org\",\"@graph\":[{\"@type\":\"WebPage\",\"@id\":\"https:\\\/\\\/planitpower.com\\\/shop\\\/innr-e14-white-470lm-candle\\\/\",\"url\":\"https:\\\/\\\/planitpower.com\\\/shop\\\/innr-e14-white-470lm-candle\\\/\",\"name\":\"Innr- E14 white 470 lm - Candle - Planitpower\",\"isPartOf\":{\"@id\":\"https:\\\/\\\/planitpower.com\\\/#website\"},\"primaryImageOfPage\":{\"@id\":\"https:\\\/\\\/planitpower.com\\\/shop\\\/innr-e14-white-470lm-candle\\\/#primaryimage\"},\"image\":{\"@id\":\"https:\\\/\\\/planitpower.com\\\/shop\\\/innr-e14-white-470lm-candle\\\/#primaryimage\"},\"thumbnailUrl\":\"https:\\\/\\\/i0.wp.com\\\/planitpower.com\\\/wp-content\\\/uploads\\\/2025\\\/10\\\/RB243candle_white_EUgroot.webp?fit=1100%2C1107&ssl=1\",\"datePublished\":\"2026-01-04T01:27:29+00:00\",\"dateModified\":\"2026-01-04T16:43:27+00:00\",\"description\":\"Smart E14 candle bulb by Innr with 470 lm warm white light, Zigbee control, full dimming, and energy-efficient design for cozy smart lighting.\",\"breadcrumb\":{\"@id\":\"https:\\\/\\\/planitpower.com\\\/shop\\\/innr-e14-white-470lm-candle\\\/#breadcrumb\"},\"inLanguage\":\"fr-FR\",\"potentialAction\":[{\"@type\":\"ReadAction\",\"target\":[\"https:\\\/\\\/planitpower.com\\\/shop\\\/innr-e14-white-470lm-candle\\\/\"]}]},{\"@type\":\"ImageObject\",\"inLanguage\":\"fr-FR\",\"@id\":\"https:\\\/\\\/planitpower.com\\\/shop\\\/innr-e14-white-470lm-candle\\\/#primaryimage\",\"url\":\"https:\\\/\\\/i0.wp.com\\\/planitpower.com\\\/wp-content\\\/uploads\\\/2025\\\/10\\\/RB243candle_white_EUgroot.webp?fit=1100%2C1107&ssl=1\",\"contentUrl\":\"https:\\\/\\\/i0.wp.com\\\/planitpower.com\\\/wp-content\\\/uploads\\\/2025\\\/10\\\/RB243candle_white_EUgroot.webp?fit=1100%2C1107&ssl=1\",\"width\":1100,\"height\":1107},{\"@type\":\"BreadcrumbList\",\"@id\":\"https:\\\/\\\/planitpower.com\\\/shop\\\/innr-e14-white-470lm-candle\\\/#breadcrumb\",\"itemListElement\":[{\"@type\":\"ListItem\",\"position\":1,\"name\":\"Home\",\"item\":\"https:\\\/\\\/planitpower.com\\\/\"},{\"@type\":\"ListItem\",\"position\":2,\"name\":\"SHOP\",\"item\":\"https:\\\/\\\/planitpower.com\\\/shop\\\/\"},{\"@type\":\"ListItem\",\"position\":3,\"name\":\"Innr- E14 white 470 lm &#8211; Candle\"}]},{\"@type\":\"WebSite\",\"@id\":\"https:\\\/\\\/planitpower.com\\\/#website\",\"url\":\"https:\\\/\\\/planitpower.com\\\/\",\"name\":\"Planitpower\",\"description\":\"Inspire energy\",\"publisher\":{\"@id\":\"https:\\\/\\\/planitpower.com\\\/#\\\/schema\\\/person\\\/b531587eda267b930b04174d12de6efa\"},\"potentialAction\":[{\"@type\":\"SearchAction\",\"target\":{\"@type\":\"EntryPoint\",\"urlTemplate\":\"https:\\\/\\\/planitpower.com\\\/?s={search_term_string}\"},\"query-input\":{\"@type\":\"PropertyValueSpecification\",\"valueRequired\":true,\"valueName\":\"search_term_string\"}}],\"inLanguage\":\"fr-FR\"},{\"@type\":[\"Person\",\"Organization\"],\"@id\":\"https:\\\/\\\/planitpower.com\\\/#\\\/schema\\\/person\\\/b531587eda267b930b04174d12de6efa\",\"name\":\"Editorial Team\",\"image\":{\"@type\":\"ImageObject\",\"inLanguage\":\"fr-FR\",\"@id\":\"https:\\\/\\\/i0.wp.com\\\/planitpower.com\\\/wp-content\\\/uploads\\\/2025\\\/12\\\/cropped-planitpower_circle_375x375.png?fit=512%2C512&ssl=1\",\"url\":\"https:\\\/\\\/i0.wp.com\\\/planitpower.com\\\/wp-content\\\/uploads\\\/2025\\\/12\\\/cropped-planitpower_circle_375x375.png?fit=512%2C512&ssl=1\",\"contentUrl\":\"https:\\\/\\\/i0.wp.com\\\/planitpower.com\\\/wp-content\\\/uploads\\\/2025\\\/12\\\/cropped-planitpower_circle_375x375.png?fit=512%2C512&ssl=1\",\"width\":512,\"height\":512,\"caption\":\"Editorial Team\"},\"logo\":{\"@id\":\"https:\\\/\\\/i0.wp.com\\\/planitpower.com\\\/wp-content\\\/uploads\\\/2025\\\/12\\\/cropped-planitpower_circle_375x375.png?fit=512%2C512&ssl=1\"},\"sameAs\":[\"https:\\\/\\\/Planitpower.com\"]}]}<\/script>\n<!-- \/ Yoast SEO plugin. -->","yoast_head_json":{"title":"Innr- E14 blanc 470 lm - Bougie - Planitpower","description":"Ampoule intelligente E14 de type bougie par Innr avec une lumi\u00e8re blanche chaude de 470 lm, un contr\u00f4le Zigbee, une gradation compl\u00e8te et une conception \u00e9co\u00e9nerg\u00e9tique pour un \u00e9clairage intelligent et confortable.","robots":{"index":"index","follow":"follow","max-snippet":"max-snippet:-1","max-image-preview":"max-image-preview:large","max-video-preview":"max-video-preview:-1"},"canonical":"https:\/\/planitpower.com\/fr\/boutique\/bougie-blanche-innr-e14-470-lm\/","og_locale":"fr_FR","og_type":"article","og_title":"Innr- E14 white 470 lm - Candle - Planitpower","og_description":"Smart E14 candle bulb by Innr with 470 lm warm white light, Zigbee control, full dimming, and energy-efficient design for cozy smart lighting.","og_url":"https:\/\/planitpower.com\/fr\/boutique\/bougie-blanche-innr-e14-470-lm\/","og_site_name":"Planitpower","article_modified_time":"2026-01-04T16:43:27+00:00","og_image":[{"width":1100,"height":1107,"url":"https:\/\/i0.wp.com\/planitpower.com\/wp-content\/uploads\/2025\/10\/RB243candle_white_EUgroot.webp?fit=1100%2C1107&ssl=1","type":"image\/webp"}],"twitter_card":"summary_large_image","twitter_misc":{"Dur\u00e9e de lecture estim\u00e9e":"1 minute"},"schema":{"@context":"https:\/\/schema.org","@graph":[{"@type":"WebPage","@id":"https:\/\/planitpower.com\/shop\/innr-e14-white-470lm-candle\/","url":"https:\/\/planitpower.com\/shop\/innr-e14-white-470lm-candle\/","name":"Innr- E14 blanc 470 lm - Bougie - Planitpower","isPartOf":{"@id":"https:\/\/planitpower.com\/#website"},"primaryImageOfPage":{"@id":"https:\/\/planitpower.com\/shop\/innr-e14-white-470lm-candle\/#primaryimage"},"image":{"@id":"https:\/\/planitpower.com\/shop\/innr-e14-white-470lm-candle\/#primaryimage"},"thumbnailUrl":"https:\/\/i0.wp.com\/planitpower.com\/wp-content\/uploads\/2025\/10\/RB243candle_white_EUgroot.webp?fit=1100%2C1107&ssl=1","datePublished":"2026-01-04T01:27:29+00:00","dateModified":"2026-01-04T16:43:27+00:00","description":"Ampoule intelligente E14 de type bougie par Innr avec une lumi\u00e8re blanche chaude de 470 lm, un contr\u00f4le Zigbee, une gradation compl\u00e8te et une conception \u00e9co\u00e9nerg\u00e9tique pour un \u00e9clairage intelligent et confortable.","breadcrumb":{"@id":"https:\/\/planitpower.com\/shop\/innr-e14-white-470lm-candle\/#breadcrumb"},"inLanguage":"fr-FR","potentialAction":[{"@type":"ReadAction","target":["https:\/\/planitpower.com\/shop\/innr-e14-white-470lm-candle\/"]}]},{"@type":"ImageObject","inLanguage":"fr-FR","@id":"https:\/\/planitpower.com\/shop\/innr-e14-white-470lm-candle\/#primaryimage","url":"https:\/\/i0.wp.com\/planitpower.com\/wp-content\/uploads\/2025\/10\/RB243candle_white_EUgroot.webp?fit=1100%2C1107&ssl=1","contentUrl":"https:\/\/i0.wp.com\/planitpower.com\/wp-content\/uploads\/2025\/10\/RB243candle_white_EUgroot.webp?fit=1100%2C1107&ssl=1","width":1100,"height":1107},{"@type":"BreadcrumbList","@id":"https:\/\/planitpower.com\/shop\/innr-e14-white-470lm-candle\/#breadcrumb","itemListElement":[{"@type":"ListItem","position":1,"name":"Home","item":"https:\/\/planitpower.com\/"},{"@type":"ListItem","position":2,"name":"SHOP","item":"https:\/\/planitpower.com\/shop\/"},{"@type":"ListItem","position":3,"name":"Innr- E14 white 470 lm &#8211; Candle"}]},{"@type":"WebSite","@id":"https:\/\/planitpower.com\/#website","url":"https:\/\/planitpower.com\/","name":"Planitpower","description":"Inspirons l'\u00e9nergie!","publisher":{"@id":"https:\/\/planitpower.com\/#\/schema\/person\/b531587eda267b930b04174d12de6efa"},"potentialAction":[{"@type":"SearchAction","target":{"@type":"EntryPoint","urlTemplate":"https:\/\/planitpower.com\/?s={search_term_string}"},"query-input":{"@type":"PropertyValueSpecification","valueRequired":true,"valueName":"search_term_string"}}],"inLanguage":"fr-FR"},{"@type":["Person","Organization"],"@id":"https:\/\/planitpower.com\/#\/schema\/person\/b531587eda267b930b04174d12de6efa","name":"Equipe \u00e9ditoriale","image":{"@type":"ImageObject","inLanguage":"fr-FR","@id":"https:\/\/i0.wp.com\/planitpower.com\/wp-content\/uploads\/2025\/12\/cropped-planitpower_circle_375x375.png?fit=512%2C512&ssl=1","url":"https:\/\/i0.wp.com\/planitpower.com\/wp-content\/uploads\/2025\/12\/cropped-planitpower_circle_375x375.png?fit=512%2C512&ssl=1","contentUrl":"https:\/\/i0.wp.com\/planitpower.com\/wp-content\/uploads\/2025\/12\/cropped-planitpower_circle_375x375.png?fit=512%2C512&ssl=1","width":512,"height":512,"caption":"Editorial Team"},"logo":{"@id":"https:\/\/i0.wp.com\/planitpower.com\/wp-content\/uploads\/2025\/12\/cropped-planitpower_circle_375x375.png?fit=512%2C512&ssl=1"},"sameAs":["https:\/\/Planitpower.com"]}]}},"jetpack_publicize_connections":[],"jetpack_likes_enabled":true,"jetpack_sharing_enabled":true,"jetpack-related-posts":[{"id":3554,"url":"https:\/\/planitpower.com\/fr\/boutique\/plafonnier-rond-innr-couleur-blanche\/","url_meta":{"origin":3429,"position":0},"title":"Plafonnier rond Innr (blanc et couleur)","author":"Editorial Team","date":"04\/01\/2026","format":false,"excerpt":"Main Features Smart round ceiling light with full-colour RGB and tunable white functionality. Adjustable white temperature from warm to cool (1800 K \u2013 6500 K) plus 16 million colour options. Bright 2400 lm light output, ideal for large rooms and living spaces. Fully dimmable (1 % \u2013 100 %) for\u2026","rel":"","context":"Article similaire","block_context":{"text":"Article similaire","link":""},"img":{"alt_text":"Innr Round Ceiling Light (White & Colour) - Planitpower - 4","src":"https:\/\/i0.wp.com\/planitpower.com\/wp-content\/uploads\/2025\/10\/RCL232_C.webp?fit=1200%2C1200&ssl=1&resize=350%2C200","width":350,"height":200,"srcset":"https:\/\/i0.wp.com\/planitpower.com\/wp-content\/uploads\/2025\/10\/RCL232_C.webp?fit=1200%2C1200&ssl=1&resize=350%2C200 1x, https:\/\/i0.wp.com\/planitpower.com\/wp-content\/uploads\/2025\/10\/RCL232_C.webp?fit=1200%2C1200&ssl=1&resize=525%2C300 1.5x, https:\/\/i0.wp.com\/planitpower.com\/wp-content\/uploads\/2025\/10\/RCL232_C.webp?fit=1200%2C1200&ssl=1&resize=700%2C400 2x, https:\/\/i0.wp.com\/planitpower.com\/wp-content\/uploads\/2025\/10\/RCL232_C.webp?fit=1200%2C1200&ssl=1&resize=1050%2C600 3x"},"classes":[]},{"id":3560,"url":"https:\/\/planitpower.com\/fr\/boutique\/prise-intelligente-innr-16a\/","url_meta":{"origin":3429,"position":1},"title":"Prise intelligente Innr \u2013 16 A","author":"Editorial Team","date":"04\/01\/2026","format":false,"excerpt":"Caract\u00e9ristiques principales : Prise connect\u00e9e permettant le contr\u00f4le \u00e0 distance et l&#039;automatisation de tout appareil connect\u00e9. Fonctionnement sans fil via Zigbee 3.0 \u2013 compatible avec Philips Hue, Amazon Alexa, Google Assistant et autres hubs Zigbee. Installation simple et rapide pour transformer vos appareils \u00e9lectrom\u00e9nagers en objets connect\u00e9s. Programmation, minuterie et commande vocale via applications compatibles.","rel":"","context":"Article similaire","block_context":{"text":"Article similaire","link":""},"img":{"alt_text":"Innr Smart Plug - 16A - Planitpower - 9","src":"https:\/\/i0.wp.com\/planitpower.com\/wp-content\/uploads\/2025\/10\/001SP240_Compositiongroot.webp?fit=1100%2C1100&ssl=1&resize=350%2C200","width":350,"height":200,"srcset":"https:\/\/i0.wp.com\/planitpower.com\/wp-content\/uploads\/2025\/10\/001SP240_Compositiongroot.webp?fit=1100%2C1100&ssl=1&resize=350%2C200 1x, https:\/\/i0.wp.com\/planitpower.com\/wp-content\/uploads\/2025\/10\/001SP240_Compositiongroot.webp?fit=1100%2C1100&ssl=1&resize=525%2C300 1.5x, https:\/\/i0.wp.com\/planitpower.com\/wp-content\/uploads\/2025\/10\/001SP240_Compositiongroot.webp?fit=1100%2C1100&ssl=1&resize=700%2C400 2x, https:\/\/i0.wp.com\/planitpower.com\/wp-content\/uploads\/2025\/10\/001SP240_Compositiongroot.webp?fit=1100%2C1100&ssl=1&resize=1050%2C600 3x"},"classes":[]},{"id":3547,"url":"https:\/\/planitpower.com\/fr\/boutique\/plafonnier-rond-innr-30-cm-confort\/","url_meta":{"origin":3429,"position":2},"title":"Plafonnier rond Innr (30 cm) Confort","author":"Editorial Team","date":"04\/01\/2026","format":false,"excerpt":"Main Features Smart round ceiling light (30 cm diameter) delivering bright, adjustable white light. Tunable white temperature from warm to cool (1800 K \u2013 6500 K) for every mood or activity. Fully dimmable (1 % \u2013 100 %) for precise brightness control. Zigbee 3.0 connectivity compatible with Philips Hue, Amazon\u2026","rel":"","context":"Article similaire","block_context":{"text":"Article similaire","link":""},"img":{"alt_text":"Round Ceiling light (30 cm) Comfort - Planitpower - 2","src":"https:\/\/i0.wp.com\/planitpower.com\/wp-content\/uploads\/2025\/10\/RCL231_T.webp?fit=1200%2C1200&ssl=1&resize=350%2C200","width":350,"height":200,"srcset":"https:\/\/i0.wp.com\/planitpower.com\/wp-content\/uploads\/2025\/10\/RCL231_T.webp?fit=1200%2C1200&ssl=1&resize=350%2C200 1x, https:\/\/i0.wp.com\/planitpower.com\/wp-content\/uploads\/2025\/10\/RCL231_T.webp?fit=1200%2C1200&ssl=1&resize=525%2C300 1.5x, https:\/\/i0.wp.com\/planitpower.com\/wp-content\/uploads\/2025\/10\/RCL231_T.webp?fit=1200%2C1200&ssl=1&resize=700%2C400 2x, https:\/\/i0.wp.com\/planitpower.com\/wp-content\/uploads\/2025\/10\/RCL231_T.webp?fit=1200%2C1200&ssl=1&resize=1050%2C600 3x"},"classes":[]},{"id":3534,"url":"https:\/\/planitpower.com\/fr\/boutique\/bande-lumineuse-flexible-zigbee-innr-couleur\/","url_meta":{"origin":3429,"position":3},"title":"Bande lumineuse flexible Innr Zigbee couleur","author":"Editorial Team","date":"04\/01\/2026","format":false,"excerpt":"Main Features Flexible smart LED light strip for indoor use \u2014 ideal for ambient or accent lighting. Full RGB colour spectrum plus tunable white light (1800 K \u2013 6500 K). Fully dimmable (1 % \u2013 100 %) with smooth transitions and precise colour control. Zigbee 3.0 connectivity compatible with major\u2026","rel":"","context":"Article similaire","block_context":{"text":"Article similaire","link":""},"img":{"alt_text":"Innr Zigbee Flex light strip color - Planitpower - 1","src":"https:\/\/i0.wp.com\/planitpower.com\/wp-content\/uploads\/2025\/10\/FL142CLD_2024_TH.webp?fit=1200%2C1200&ssl=1&resize=350%2C200","width":350,"height":200,"srcset":"https:\/\/i0.wp.com\/planitpower.com\/wp-content\/uploads\/2025\/10\/FL142CLD_2024_TH.webp?fit=1200%2C1200&ssl=1&resize=350%2C200 1x, https:\/\/i0.wp.com\/planitpower.com\/wp-content\/uploads\/2025\/10\/FL142CLD_2024_TH.webp?fit=1200%2C1200&ssl=1&resize=525%2C300 1.5x, https:\/\/i0.wp.com\/planitpower.com\/wp-content\/uploads\/2025\/10\/FL142CLD_2024_TH.webp?fit=1200%2C1200&ssl=1&resize=700%2C400 2x, https:\/\/i0.wp.com\/planitpower.com\/wp-content\/uploads\/2025\/10\/FL142CLD_2024_TH.webp?fit=1200%2C1200&ssl=1&resize=1050%2C600 3x"},"classes":[]},{"id":3580,"url":"https:\/\/planitpower.com\/fr\/boutique\/pont-zigbee-innr\/","url_meta":{"origin":3429,"position":4},"title":"Pont zigbee Innr","author":"Editorial Team","date":"24\/11\/2025","format":false,"excerpt":"Caract\u00e9ristiques principales : Pont central Zigbee 3.0 qui connecte et g\u00e8re tous les appareils intelligents Innr. Permet le contr\u00f4le sans fil des lumi\u00e8res, des prises et autres accessoires connect\u00e9s via l&#039;application Innr ou les plateformes compatibles. Int\u00e9gration fluide avec Amazon Alexa, Google Assistant et les autres \u00e9cosyst\u00e8mes Zigbee 3.0. Communication fiable \u00e0 faible latence pour une domotique performante et stable.","rel":"","context":"Article similaire","block_context":{"text":"Article similaire","link":""},"img":{"alt_text":"Innr Bridge - Planitpower - 3","src":"https:\/\/i0.wp.com\/planitpower.com\/wp-content\/uploads\/2025\/10\/01BG220BridgeComposition.webp?fit=1200%2C1200&ssl=1&resize=350%2C200","width":350,"height":200,"srcset":"https:\/\/i0.wp.com\/planitpower.com\/wp-content\/uploads\/2025\/10\/01BG220BridgeComposition.webp?fit=1200%2C1200&ssl=1&resize=350%2C200 1x, https:\/\/i0.wp.com\/planitpower.com\/wp-content\/uploads\/2025\/10\/01BG220BridgeComposition.webp?fit=1200%2C1200&ssl=1&resize=525%2C300 1.5x, https:\/\/i0.wp.com\/planitpower.com\/wp-content\/uploads\/2025\/10\/01BG220BridgeComposition.webp?fit=1200%2C1200&ssl=1&resize=700%2C400 2x, https:\/\/i0.wp.com\/planitpower.com\/wp-content\/uploads\/2025\/10\/01BG220BridgeComposition.webp?fit=1200%2C1200&ssl=1&resize=1050%2C600 3x"},"classes":[]},{"id":3587,"url":"https:\/\/planitpower.com\/fr\/boutique\/bouton-intelligent-innr\/","url_meta":{"origin":3429,"position":5},"title":"Bouton intelligent Innr","author":"Editorial Team","date":"04\/01\/2026","format":false,"excerpt":"Main Features Wireless smart button for instant control of your Innr Zigbee lighting and devices. Enables on\/off switching, dimming, and scene activation without using an app or voice control. Works seamlessly with the Innr Zigbee Bridge and compatible Zigbee 3.0 systems such as Philips Hue, Amazon Alexa, and Google Assistant.\u2026","rel":"","context":"Article similaire","block_context":{"text":"Article similaire","link":""},"img":{"alt_text":"Innr smart button - Planitpower - 1","src":"https:\/\/i0.wp.com\/planitpower.com\/wp-content\/uploads\/2025\/10\/1.webp?fit=1200%2C1200&ssl=1&resize=350%2C200","width":350,"height":200,"srcset":"https:\/\/i0.wp.com\/planitpower.com\/wp-content\/uploads\/2025\/10\/1.webp?fit=1200%2C1200&ssl=1&resize=350%2C200 1x, https:\/\/i0.wp.com\/planitpower.com\/wp-content\/uploads\/2025\/10\/1.webp?fit=1200%2C1200&ssl=1&resize=525%2C300 1.5x, https:\/\/i0.wp.com\/planitpower.com\/wp-content\/uploads\/2025\/10\/1.webp?fit=1200%2C1200&ssl=1&resize=700%2C400 2x, https:\/\/i0.wp.com\/planitpower.com\/wp-content\/uploads\/2025\/10\/1.webp?fit=1200%2C1200&ssl=1&resize=1050%2C600 3x"},"classes":[]}],"_links":{"self":[{"href":"https:\/\/planitpower.com\/fr\/wp-json\/wp\/v2\/product\/3429","targetHints":{"allow":["GET"]}}],"collection":[{"href":"https:\/\/planitpower.com\/fr\/wp-json\/wp\/v2\/product"}],"about":[{"href":"https:\/\/planitpower.com\/fr\/wp-json\/wp\/v2\/types\/product"}],"replies":[{"embeddable":true,"href":"https:\/\/planitpower.com\/fr\/wp-json\/wp\/v2\/comments?post=3429"}],"version-history":[{"count":0,"href":"https:\/\/planitpower.com\/fr\/wp-json\/wp\/v2\/product\/3429\/revisions"}],"wp:featuredmedia":[{"embeddable":true,"href":"https:\/\/planitpower.com\/fr\/wp-json\/wp\/v2\/media\/3433"}],"wp:attachment":[{"href":"https:\/\/planitpower.com\/fr\/wp-json\/wp\/v2\/media?parent=3429"}],"wp:term":[{"taxonomy":"product_brand","embeddable":true,"href":"https:\/\/planitpower.com\/fr\/wp-json\/wp\/v2\/product_brand?post=3429"},{"taxonomy":"product_cat","embeddable":true,"href":"https:\/\/planitpower.com\/fr\/wp-json\/wp\/v2\/product_cat?post=3429"},{"taxonomy":"product_tag","embeddable":true,"href":"https:\/\/planitpower.com\/fr\/wp-json\/wp\/v2\/product_tag?post=3429"}],"curies":[{"name":"wp","href":"https:\/\/api.w.org\/{rel}","templated":true}]}}