{"id":3534,"date":"2026-01-04T00:28:38","date_gmt":"2026-01-04T00:28:38","guid":{"rendered":"https:\/\/planitpower.com\/?post_type=product&#038;p=3534"},"modified":"2026-01-04T00:28:38","modified_gmt":"2026-01-04T00:28:38","slug":"bande-lumineuse-flexible-zigbee-innr-couleur","status":"publish","type":"product","link":"https:\/\/planitpower.com\/fr\/boutique\/bande-lumineuse-flexible-zigbee-innr-couleur\/","title":{"rendered":"Bande lumineuse flexible Innr Zigbee couleur"},"content":{"rendered":"<h3 data-start=\"793\" data-end=\"822\"><strong data-start=\"797\" data-end=\"820\">Description du produit<\/strong><\/h3>\n<p data-start=\"823\" data-end=\"1574\">Le <strong data-start=\"827\" data-end=\"861\">Bande flexible intelligente Innr \u2013 Int\u00e9rieur<\/strong> Ce ruban LED offre un \u00e9clairage d\u00e9coratif et polyvalent qui transforme n&#039;importe quelle pi\u00e8ce en un espace personnalis\u00e9 et dynamique. Avec 16 millions de couleurs et des nuances de blanc r\u00e9glables, du chaud au froid, vous pouvez facilement cr\u00e9er l&#039;ambiance id\u00e9ale pour la d\u00e9tente, le divertissement ou la concentration. Parfait pour une installation sous les meubles, derri\u00e8re les t\u00e9l\u00e9viseurs, au plafond ou autour des meubles, ce ruban LED flexible se plie et adh\u00e8re \u00e0 presque toutes les surfaces pour une installation discr\u00e8te. Contr\u00f4l\u00e9 via Zigbee 3.0, il s&#039;int\u00e8gre facilement \u00e0 votre syst\u00e8me domotique existant, vous offrant un contr\u00f4le total sur la luminosit\u00e9, la couleur et les horaires via une application ou par commandes vocales. Ce ruban allie esth\u00e9tique et efficacit\u00e9, sublimant l&#039;atmosph\u00e8re de votre maison gr\u00e2ce \u00e0 un \u00e9clairage de haute qualit\u00e9 et basse consommation.<\/p>\n<h3 data-start=\"1581\" data-end=\"1615\"><strong data-start=\"1585\" data-end=\"1613\">Sp\u00e9cifications techniques<\/strong><\/h3>\n<ul data-start=\"1616\" data-end=\"2237\">\n<li data-start=\"1616\" data-end=\"1664\">\n<p data-start=\"1618\" data-end=\"1664\"><strong data-start=\"1618\" data-end=\"1627\">Taper:<\/strong> Bande lumineuse LED intelligente (usage int\u00e9rieur)<\/p>\n<\/li>\n<li data-start=\"1665\" data-end=\"1714\">\n<p data-start=\"1667\" data-end=\"1714\"><strong data-start=\"1667\" data-end=\"1684\">\u00c9mission lumineuse :<\/strong> Variable (couleur et blanc)<\/p>\n<\/li>\n<li data-start=\"1715\" data-end=\"1780\">\n<p data-start=\"1717\" data-end=\"1780\"><strong data-start=\"1717\" data-end=\"1740\">Temp\u00e9rature de couleur :<\/strong> 1800 K \u2013 6500 K (RVB + blanc r\u00e9glable)<\/p>\n<\/li>\n<li data-start=\"1781\" data-end=\"1842\">\n<p data-start=\"1783\" data-end=\"1842\"><strong data-start=\"1783\" data-end=\"1805\">Consommation \u00e9lectrique :<\/strong> Environ 12 W (selon la longueur)<\/p>\n<\/li>\n<li data-start=\"1843\" data-end=\"1877\">\n<p data-start=\"1845\" data-end=\"1877\"><strong data-start=\"1845\" data-end=\"1863\">Plage de variation d&#039;intensit\u00e9\u00a0:<\/strong> 1 % \u2013 100 %<\/p>\n<\/li>\n<li data-start=\"1878\" data-end=\"1910\">\n<p data-start=\"1880\" data-end=\"1910\"><strong data-start=\"1880\" data-end=\"1893\">Dur\u00e9e de vie:<\/strong> &gt; 25 000 heures<\/p>\n<\/li>\n<li data-start=\"1911\" data-end=\"1948\">\n<p data-start=\"1913\" data-end=\"1948\"><strong data-start=\"1913\" data-end=\"1935\">Protocole sans fil\u00a0:<\/strong> Zigbee 3.0<\/p>\n<\/li>\n<li data-start=\"1949\" data-end=\"2000\">\n<p data-start=\"1951\" data-end=\"2000\"><strong data-start=\"1951\" data-end=\"1975\">Tension \/ Fr\u00e9quence :<\/strong> 220 \u2013 240 V ~ 50\/60 Hz<\/p>\n<\/li>\n<li data-start=\"2001\" data-end=\"2051\">\n<p data-start=\"2003\" data-end=\"2051\"><strong data-start=\"2003\" data-end=\"2015\">Contr\u00f4le:<\/strong> Application ou commande vocale (via un hub compatible)<\/p>\n<\/li>\n<li data-start=\"2052\" data-end=\"2102\">\n<p data-start=\"2054\" data-end=\"2102\"><strong data-start=\"2054\" data-end=\"2067\">Montage:<\/strong> Support adh\u00e9sif, bande d\u00e9coupable<\/p>\n<\/li>\n<li data-start=\"2103\" data-end=\"2147\">\n<p data-start=\"2105\" data-end=\"2147\"><strong data-start=\"2105\" data-end=\"2122\">Convient pour :<\/strong> Usage int\u00e9rieur uniquement (IP20)<\/p>\n<\/li>\n<li data-start=\"2148\" data-end=\"2237\">\n<p data-start=\"2150\" data-end=\"2237\"><strong data-start=\"2150\" data-end=\"2168\">Compatibilit\u00e9:<\/strong> Philips Hue, Amazon Alexa, Google Assistant et autres hubs Zigbee<\/p>\n<\/li>\n<\/ul>","protected":false},"excerpt":{"rendered":"<h3 data-start=\"220\" data-end=\"243\"><strong data-start=\"224\" data-end=\"241\">Caract\u00e9ristiques principales<\/strong><\/h3>\n<ul data-start=\"244\" data-end=\"786\">\n<li data-start=\"244\" data-end=\"333\">\n<p data-start=\"246\" data-end=\"333\">Bande lumineuse LED intelligente et flexible pour une utilisation en int\u00e9rieur \u2014 id\u00e9ale pour l&#039;\u00e9clairage d&#039;ambiance ou d&#039;accentuation.<\/p>\n<\/li>\n<li data-start=\"334\" data-end=\"406\">\n<p data-start=\"336\" data-end=\"406\">Spectre de couleurs RVB complet plus lumi\u00e8re blanche r\u00e9glable (1800 K \u2013 6500 K).<\/p>\n<\/li>\n<li data-start=\"407\" data-end=\"491\">\n<p data-start=\"409\" data-end=\"491\">Enti\u00e8rement r\u00e9glable (1 % \u2013 100 %) avec des transitions douces et un contr\u00f4le pr\u00e9cis des couleurs.<\/p>\n<\/li>\n<li data-start=\"492\" data-end=\"619\">\n<p data-start=\"494\" data-end=\"619\">Connectivit\u00e9 Zigbee 3.0 compatible avec les principaux syst\u00e8mes domotiques, notamment Philips Hue, Amazon Alexa et Google Assistant.<\/p>\n<\/li>\n<li data-start=\"620\" data-end=\"707\">\n<p data-start=\"622\" data-end=\"707\">Installation facile gr\u00e2ce \u00e0 son support adh\u00e9sif et \u00e0 sa longueur d\u00e9coupable pour des agencements personnalis\u00e9s.<\/p>\n<\/li>\n<li data-start=\"708\" data-end=\"786\">\n<p data-start=\"710\" data-end=\"786\">Bande LED 12 W \u00e0 faible consommation d&#039;\u00e9nergie et d&#039;une longue dur\u00e9e de vie de plus de 25 000 heures.<\/p>\n<\/li>\n<\/ul>","protected":false},"featured_media":3540,"comment_status":"open","ping_status":"closed","template":"","meta":{"jetpack_post_was_ever_published":false,"jetpack_publicize_message":"","jetpack_publicize_feature_enabled":true,"jetpack_social_post_already_shared":false,"jetpack_social_options":{"image_generator_settings":{"template":"highway","default_image_id":0,"font":"","enabled":false},"version":2}},"product_brand":[102],"product_cat":[110],"product_tag":[],"class_list":{"0":"post-3534","1":"product","2":"type-product","3":"status-publish","4":"has-post-thumbnail","6":"product_brand-innr","7":"product_cat-smart-lighting","8":"pa_size-95","9":"pa_size-96","10":"pa_size-4m-with-led-driver-no-power-plug","12":"first","13":"instock","14":"taxable","15":"shipping-taxable","16":"purchasable","17":"product-type-variable"},"yoast_head":"<!-- This site is optimized with the Yoast SEO plugin v27.3 - https:\/\/yoast.com\/product\/yoast-seo-wordpress\/ -->\n<title>Innr Zigbee Flex light strip color - Planitpower<\/title>\n<meta name=\"description\" content=\"Innr Smart Flex Strip \u2013 Indoor LED RGB + tunable white (1800\u20136500 K), Zigbee 3.0 control, dimmable, adhesive mounting, energy-efficient 12 W smart mood lighting.\" \/>\n<meta name=\"robots\" content=\"index, follow, max-snippet:-1, max-image-preview:large, max-video-preview:-1\" \/>\n<link rel=\"canonical\" href=\"https:\/\/planitpower.com\/fr\/boutique\/bande-lumineuse-flexible-zigbee-innr-couleur\/\" \/>\n<meta property=\"og:locale\" content=\"fr_FR\" \/>\n<meta property=\"og:type\" content=\"article\" \/>\n<meta property=\"og:title\" content=\"Innr Zigbee Flex light strip color - Planitpower\" \/>\n<meta property=\"og:description\" content=\"Innr Smart Flex Strip \u2013 Indoor LED RGB + tunable white (1800\u20136500 K), Zigbee 3.0 control, dimmable, adhesive mounting, energy-efficient 12 W smart mood lighting.\" \/>\n<meta property=\"og:url\" content=\"https:\/\/planitpower.com\/fr\/boutique\/bande-lumineuse-flexible-zigbee-innr-couleur\/\" \/>\n<meta property=\"og:site_name\" content=\"Planitpower\" \/>\n<meta property=\"og:image\" content=\"https:\/\/i0.wp.com\/planitpower.com\/wp-content\/uploads\/2025\/10\/FL142CLD_2024_TH.webp?fit=1920%2C1920&ssl=1\" \/>\n\t<meta property=\"og:image:width\" content=\"1920\" \/>\n\t<meta property=\"og:image:height\" content=\"1920\" \/>\n\t<meta property=\"og:image:type\" content=\"image\/webp\" \/>\n<meta name=\"twitter:card\" content=\"summary_large_image\" \/>\n<meta name=\"twitter:label1\" content=\"Dur\u00e9e de lecture estim\u00e9e\" \/>\n\t<meta name=\"twitter:data1\" content=\"2 minutes\" \/>\n<script type=\"application\/ld+json\" class=\"yoast-schema-graph\">{\"@context\":\"https:\\\/\\\/schema.org\",\"@graph\":[{\"@type\":\"WebPage\",\"@id\":\"https:\\\/\\\/planitpower.com\\\/shop\\\/innr-zigbee-flex-light-strip-color\\\/\",\"url\":\"https:\\\/\\\/planitpower.com\\\/shop\\\/innr-zigbee-flex-light-strip-color\\\/\",\"name\":\"Innr Zigbee Flex light strip color - Planitpower\",\"isPartOf\":{\"@id\":\"https:\\\/\\\/planitpower.com\\\/#website\"},\"primaryImageOfPage\":{\"@id\":\"https:\\\/\\\/planitpower.com\\\/shop\\\/innr-zigbee-flex-light-strip-color\\\/#primaryimage\"},\"image\":{\"@id\":\"https:\\\/\\\/planitpower.com\\\/shop\\\/innr-zigbee-flex-light-strip-color\\\/#primaryimage\"},\"thumbnailUrl\":\"https:\\\/\\\/i0.wp.com\\\/planitpower.com\\\/wp-content\\\/uploads\\\/2025\\\/10\\\/FL142CLD_2024_TH.webp?fit=1920%2C1920&ssl=1\",\"datePublished\":\"2026-01-04T00:28:38+00:00\",\"description\":\"Innr Smart Flex Strip \u2013 Indoor LED RGB + tunable white (1800\u20136500 K), Zigbee 3.0 control, dimmable, adhesive mounting, energy-efficient 12 W smart mood lighting.\",\"breadcrumb\":{\"@id\":\"https:\\\/\\\/planitpower.com\\\/shop\\\/innr-zigbee-flex-light-strip-color\\\/#breadcrumb\"},\"inLanguage\":\"fr-FR\",\"potentialAction\":[{\"@type\":\"ReadAction\",\"target\":[\"https:\\\/\\\/planitpower.com\\\/shop\\\/innr-zigbee-flex-light-strip-color\\\/\"]}]},{\"@type\":\"ImageObject\",\"inLanguage\":\"fr-FR\",\"@id\":\"https:\\\/\\\/planitpower.com\\\/shop\\\/innr-zigbee-flex-light-strip-color\\\/#primaryimage\",\"url\":\"https:\\\/\\\/i0.wp.com\\\/planitpower.com\\\/wp-content\\\/uploads\\\/2025\\\/10\\\/FL142CLD_2024_TH.webp?fit=1920%2C1920&ssl=1\",\"contentUrl\":\"https:\\\/\\\/i0.wp.com\\\/planitpower.com\\\/wp-content\\\/uploads\\\/2025\\\/10\\\/FL142CLD_2024_TH.webp?fit=1920%2C1920&ssl=1\",\"width\":1920,\"height\":1920,\"caption\":\"Innr Zigbee Flex light strip color - Planitpower - 1\"},{\"@type\":\"BreadcrumbList\",\"@id\":\"https:\\\/\\\/planitpower.com\\\/shop\\\/innr-zigbee-flex-light-strip-color\\\/#breadcrumb\",\"itemListElement\":[{\"@type\":\"ListItem\",\"position\":1,\"name\":\"Home\",\"item\":\"https:\\\/\\\/planitpower.com\\\/\"},{\"@type\":\"ListItem\",\"position\":2,\"name\":\"SHOP\",\"item\":\"https:\\\/\\\/planitpower.com\\\/shop\\\/\"},{\"@type\":\"ListItem\",\"position\":3,\"name\":\"Innr Zigbee Flex light strip color\"}]},{\"@type\":\"WebSite\",\"@id\":\"https:\\\/\\\/planitpower.com\\\/#website\",\"url\":\"https:\\\/\\\/planitpower.com\\\/\",\"name\":\"Planitpower\",\"description\":\"Inspire energy\",\"publisher\":{\"@id\":\"https:\\\/\\\/planitpower.com\\\/#\\\/schema\\\/person\\\/b531587eda267b930b04174d12de6efa\"},\"potentialAction\":[{\"@type\":\"SearchAction\",\"target\":{\"@type\":\"EntryPoint\",\"urlTemplate\":\"https:\\\/\\\/planitpower.com\\\/?s={search_term_string}\"},\"query-input\":{\"@type\":\"PropertyValueSpecification\",\"valueRequired\":true,\"valueName\":\"search_term_string\"}}],\"inLanguage\":\"fr-FR\"},{\"@type\":[\"Person\",\"Organization\"],\"@id\":\"https:\\\/\\\/planitpower.com\\\/#\\\/schema\\\/person\\\/b531587eda267b930b04174d12de6efa\",\"name\":\"Editorial Team\",\"image\":{\"@type\":\"ImageObject\",\"inLanguage\":\"fr-FR\",\"@id\":\"https:\\\/\\\/i0.wp.com\\\/planitpower.com\\\/wp-content\\\/uploads\\\/2025\\\/12\\\/cropped-planitpower_circle_375x375.png?fit=512%2C512&ssl=1\",\"url\":\"https:\\\/\\\/i0.wp.com\\\/planitpower.com\\\/wp-content\\\/uploads\\\/2025\\\/12\\\/cropped-planitpower_circle_375x375.png?fit=512%2C512&ssl=1\",\"contentUrl\":\"https:\\\/\\\/i0.wp.com\\\/planitpower.com\\\/wp-content\\\/uploads\\\/2025\\\/12\\\/cropped-planitpower_circle_375x375.png?fit=512%2C512&ssl=1\",\"width\":512,\"height\":512,\"caption\":\"Editorial Team\"},\"logo\":{\"@id\":\"https:\\\/\\\/i0.wp.com\\\/planitpower.com\\\/wp-content\\\/uploads\\\/2025\\\/12\\\/cropped-planitpower_circle_375x375.png?fit=512%2C512&ssl=1\"},\"sameAs\":[\"https:\\\/\\\/Planitpower.com\"]}]}<\/script>\n<!-- \/ Yoast SEO plugin. -->","yoast_head_json":{"title":"Bande lumineuse flexible Innr Zigbee couleur - Planitpower","description":"Bande LED intelligente flexible Innr \u2013 RGB d&#039;int\u00e9rieur + blanc r\u00e9glable (1800\u20136500 K), contr\u00f4le Zigbee 3.0, intensit\u00e9 variable, montage adh\u00e9sif, \u00e9clairage d&#039;ambiance intelligent \u00e9co\u00e9nerg\u00e9tique de 12 W.","robots":{"index":"index","follow":"follow","max-snippet":"max-snippet:-1","max-image-preview":"max-image-preview:large","max-video-preview":"max-video-preview:-1"},"canonical":"https:\/\/planitpower.com\/fr\/boutique\/bande-lumineuse-flexible-zigbee-innr-couleur\/","og_locale":"fr_FR","og_type":"article","og_title":"Innr Zigbee Flex light strip color - Planitpower","og_description":"Innr Smart Flex Strip \u2013 Indoor LED RGB + tunable white (1800\u20136500 K), Zigbee 3.0 control, dimmable, adhesive mounting, energy-efficient 12 W smart mood lighting.","og_url":"https:\/\/planitpower.com\/fr\/boutique\/bande-lumineuse-flexible-zigbee-innr-couleur\/","og_site_name":"Planitpower","og_image":[{"width":1920,"height":1920,"url":"https:\/\/i0.wp.com\/planitpower.com\/wp-content\/uploads\/2025\/10\/FL142CLD_2024_TH.webp?fit=1920%2C1920&ssl=1","type":"image\/webp"}],"twitter_card":"summary_large_image","twitter_misc":{"Dur\u00e9e de lecture estim\u00e9e":"2 minutes"},"schema":{"@context":"https:\/\/schema.org","@graph":[{"@type":"WebPage","@id":"https:\/\/planitpower.com\/shop\/innr-zigbee-flex-light-strip-color\/","url":"https:\/\/planitpower.com\/shop\/innr-zigbee-flex-light-strip-color\/","name":"Bande lumineuse flexible Innr Zigbee couleur - Planitpower","isPartOf":{"@id":"https:\/\/planitpower.com\/#website"},"primaryImageOfPage":{"@id":"https:\/\/planitpower.com\/shop\/innr-zigbee-flex-light-strip-color\/#primaryimage"},"image":{"@id":"https:\/\/planitpower.com\/shop\/innr-zigbee-flex-light-strip-color\/#primaryimage"},"thumbnailUrl":"https:\/\/i0.wp.com\/planitpower.com\/wp-content\/uploads\/2025\/10\/FL142CLD_2024_TH.webp?fit=1920%2C1920&ssl=1","datePublished":"2026-01-04T00:28:38+00:00","description":"Bande LED intelligente flexible Innr \u2013 RGB d&#039;int\u00e9rieur + blanc r\u00e9glable (1800\u20136500 K), contr\u00f4le Zigbee 3.0, intensit\u00e9 variable, montage adh\u00e9sif, \u00e9clairage d&#039;ambiance intelligent \u00e9co\u00e9nerg\u00e9tique de 12 W.","breadcrumb":{"@id":"https:\/\/planitpower.com\/shop\/innr-zigbee-flex-light-strip-color\/#breadcrumb"},"inLanguage":"fr-FR","potentialAction":[{"@type":"ReadAction","target":["https:\/\/planitpower.com\/shop\/innr-zigbee-flex-light-strip-color\/"]}]},{"@type":"ImageObject","inLanguage":"fr-FR","@id":"https:\/\/planitpower.com\/shop\/innr-zigbee-flex-light-strip-color\/#primaryimage","url":"https:\/\/i0.wp.com\/planitpower.com\/wp-content\/uploads\/2025\/10\/FL142CLD_2024_TH.webp?fit=1920%2C1920&ssl=1","contentUrl":"https:\/\/i0.wp.com\/planitpower.com\/wp-content\/uploads\/2025\/10\/FL142CLD_2024_TH.webp?fit=1920%2C1920&ssl=1","width":1920,"height":1920,"caption":"Innr Zigbee Flex light strip color - Planitpower - 1"},{"@type":"BreadcrumbList","@id":"https:\/\/planitpower.com\/shop\/innr-zigbee-flex-light-strip-color\/#breadcrumb","itemListElement":[{"@type":"ListItem","position":1,"name":"Home","item":"https:\/\/planitpower.com\/"},{"@type":"ListItem","position":2,"name":"SHOP","item":"https:\/\/planitpower.com\/shop\/"},{"@type":"ListItem","position":3,"name":"Innr Zigbee Flex light strip color"}]},{"@type":"WebSite","@id":"https:\/\/planitpower.com\/#website","url":"https:\/\/planitpower.com\/","name":"Planitpower","description":"Inspirons l'\u00e9nergie!","publisher":{"@id":"https:\/\/planitpower.com\/#\/schema\/person\/b531587eda267b930b04174d12de6efa"},"potentialAction":[{"@type":"SearchAction","target":{"@type":"EntryPoint","urlTemplate":"https:\/\/planitpower.com\/?s={search_term_string}"},"query-input":{"@type":"PropertyValueSpecification","valueRequired":true,"valueName":"search_term_string"}}],"inLanguage":"fr-FR"},{"@type":["Person","Organization"],"@id":"https:\/\/planitpower.com\/#\/schema\/person\/b531587eda267b930b04174d12de6efa","name":"Equipe \u00e9ditoriale","image":{"@type":"ImageObject","inLanguage":"fr-FR","@id":"https:\/\/i0.wp.com\/planitpower.com\/wp-content\/uploads\/2025\/12\/cropped-planitpower_circle_375x375.png?fit=512%2C512&ssl=1","url":"https:\/\/i0.wp.com\/planitpower.com\/wp-content\/uploads\/2025\/12\/cropped-planitpower_circle_375x375.png?fit=512%2C512&ssl=1","contentUrl":"https:\/\/i0.wp.com\/planitpower.com\/wp-content\/uploads\/2025\/12\/cropped-planitpower_circle_375x375.png?fit=512%2C512&ssl=1","width":512,"height":512,"caption":"Editorial Team"},"logo":{"@id":"https:\/\/i0.wp.com\/planitpower.com\/wp-content\/uploads\/2025\/12\/cropped-planitpower_circle_375x375.png?fit=512%2C512&ssl=1"},"sameAs":["https:\/\/Planitpower.com"]}]}},"jetpack_publicize_connections":[],"jetpack_likes_enabled":true,"jetpack_sharing_enabled":true,"jetpack-related-posts":[{"id":5208,"url":"https:\/\/planitpower.com\/fr\/boutique\/zendure-solarflow-2400-ac\/","url_meta":{"origin":3534,"position":0},"title":"Zendure SolarFlow 2400 AC","author":"Editorial Team","date":"28\/11\/2025","format":false,"excerpt":"Main features Syst\u00e8me de gestion intelligent AC-coupl\u00e9Contr\u00f4le automatiquement la charge et la d\u00e9charge des batteries AB3000X selon la production solaire, votre consommation et les horaires tarifaires. Compatible avec les micro-onduleursFonctionne avec les installations photovolta\u00efques AC jusqu\u2019\u00e0 2000 W, sans modifier l\u2019infrastructure existante. Puissance de sortie flexible800 W en mode plug-and-play\u2026","rel":"","context":"Article similaire","block_context":{"text":"Article similaire","link":""},"img":{"alt_text":"Zendure SolarFlow 2400 AC - planitpower","src":"https:\/\/i0.wp.com\/planitpower.com\/wp-content\/uploads\/2025\/11\/zendure-solarflow-2400-ac-seul.jpg?fit=500%2C500&ssl=1&resize=350%2C200","width":350,"height":200},"classes":[]}],"_links":{"self":[{"href":"https:\/\/planitpower.com\/fr\/wp-json\/wp\/v2\/product\/3534","targetHints":{"allow":["GET"]}}],"collection":[{"href":"https:\/\/planitpower.com\/fr\/wp-json\/wp\/v2\/product"}],"about":[{"href":"https:\/\/planitpower.com\/fr\/wp-json\/wp\/v2\/types\/product"}],"replies":[{"embeddable":true,"href":"https:\/\/planitpower.com\/fr\/wp-json\/wp\/v2\/comments?post=3534"}],"version-history":[{"count":0,"href":"https:\/\/planitpower.com\/fr\/wp-json\/wp\/v2\/product\/3534\/revisions"}],"wp:featuredmedia":[{"embeddable":true,"href":"https:\/\/planitpower.com\/fr\/wp-json\/wp\/v2\/media\/3540"}],"wp:attachment":[{"href":"https:\/\/planitpower.com\/fr\/wp-json\/wp\/v2\/media?parent=3534"}],"wp:term":[{"taxonomy":"product_brand","embeddable":true,"href":"https:\/\/planitpower.com\/fr\/wp-json\/wp\/v2\/product_brand?post=3534"},{"taxonomy":"product_cat","embeddable":true,"href":"https:\/\/planitpower.com\/fr\/wp-json\/wp\/v2\/product_cat?post=3534"},{"taxonomy":"product_tag","embeddable":true,"href":"https:\/\/planitpower.com\/fr\/wp-json\/wp\/v2\/product_tag?post=3534"}],"curies":[{"name":"wp","href":"https:\/\/api.w.org\/{rel}","templated":true}]}}