{"id":3547,"date":"2026-01-04T00:29:10","date_gmt":"2026-01-04T00:29:10","guid":{"rendered":"https:\/\/planitpower.com\/?post_type=product&#038;p=3547"},"modified":"2026-01-04T00:29:10","modified_gmt":"2026-01-04T00:29:10","slug":"plafonnier-rond-innr-30-cm-confort","status":"publish","type":"product","link":"https:\/\/planitpower.com\/fr\/boutique\/plafonnier-rond-innr-30-cm-confort\/","title":{"rendered":"Plafonnier rond Innr (30 cm) Confort"},"content":{"rendered":"<h3 data-start=\"788\" data-end=\"817\"><strong data-start=\"792\" data-end=\"815\">Description du produit<\/strong><\/h3>\n<p data-start=\"818\" data-end=\"1484\">Le <strong data-start=\"822\" data-end=\"872\">Plafonnier rond intelligent Innr (30 cm) Confort<\/strong> Ce plafonnier allie un design \u00e9l\u00e9gant \u00e0 des fonctionnalit\u00e9s d&#039;\u00e9clairage intelligent performantes. Offrant jusqu&#039;\u00e0 2\u00a0400 lumens de lumi\u00e8re blanche r\u00e9glable, il permet de passer facilement d&#039;une douce lumi\u00e8re chaude (1\u00a0800\u00a0K) \u00e0 une lumi\u00e8re du jour vive (6\u00a0500\u00a0K). Id\u00e9al pour les salons, les cuisines ou les bureaux, il diffuse une lumi\u00e8re uniforme et son profil ultra-fin s&#039;int\u00e8gre \u00e0 tous les int\u00e9rieurs modernes. Gr\u00e2ce \u00e0 la technologie Zigbee 3.0, il se connecte sans effort \u00e0 votre syst\u00e8me domotique pr\u00e9f\u00e9r\u00e9, vous permettant ainsi de r\u00e9gler l&#039;intensit\u00e9, de programmer son fonctionnement ou de le contr\u00f4ler via une application ou par commande vocale. Durable, \u00e9conome en \u00e9nergie et d&#039;une conception soign\u00e9e, ce plafonnier apporte confort et efficacit\u00e9 \u00e0 votre int\u00e9rieur.<\/p>\n<h3 data-start=\"1491\" data-end=\"1525\"><strong data-start=\"1495\" data-end=\"1523\">Sp\u00e9cifications techniques<\/strong><\/h3>\n<ul data-start=\"1526\" data-end=\"2064\">\n<li data-start=\"1526\" data-end=\"1563\">\n<p data-start=\"1528\" data-end=\"1563\"><strong data-start=\"1528\" data-end=\"1537\">Taper:<\/strong> Plafonnier LED intelligent<\/p>\n<\/li>\n<li data-start=\"1564\" data-end=\"1587\">\n<p data-start=\"1566\" data-end=\"1587\"><strong data-start=\"1566\" data-end=\"1579\">Diam\u00e8tre:<\/strong> 30 cm<\/p>\n<\/li>\n<li data-start=\"1588\" data-end=\"1625\">\n<p data-start=\"1590\" data-end=\"1625\"><strong data-start=\"1590\" data-end=\"1607\">\u00c9mission lumineuse :<\/strong> Environ 2400 lm<\/p>\n<\/li>\n<li data-start=\"1626\" data-end=\"1685\">\n<p data-start=\"1628\" data-end=\"1685\"><strong data-start=\"1628\" data-end=\"1651\">Temp\u00e9rature de couleur :<\/strong> 1800 K \u2013 6500 K (blanc r\u00e9glable)<\/p>\n<\/li>\n<li data-start=\"1686\" data-end=\"1725\">\n<p data-start=\"1688\" data-end=\"1725\"><strong data-start=\"1688\" data-end=\"1710\">Consommation \u00e9lectrique :<\/strong> Environ 24 W<\/p>\n<\/li>\n<li data-start=\"1726\" data-end=\"1760\">\n<p data-start=\"1728\" data-end=\"1760\"><strong data-start=\"1728\" data-end=\"1746\">Plage de variation d&#039;intensit\u00e9\u00a0:<\/strong> 1 % \u2013 100 %<\/p>\n<\/li>\n<li data-start=\"1761\" data-end=\"1806\">\n<p data-start=\"1763\" data-end=\"1806\"><strong data-start=\"1763\" data-end=\"1778\">Angle du faisceau :<\/strong> ~120\u00b0 (large distribution)<\/p>\n<\/li>\n<li data-start=\"1807\" data-end=\"1849\">\n<p data-start=\"1809\" data-end=\"1849\"><strong data-start=\"1809\" data-end=\"1842\">Indice de rendu des couleurs (IRC) :<\/strong> &gt; 82<\/p>\n<\/li>\n<li data-start=\"1850\" data-end=\"1888\">\n<p data-start=\"1852\" data-end=\"1888\"><strong data-start=\"1852\" data-end=\"1871\">Dur\u00e9e de vie estim\u00e9e\u00a0:<\/strong> &gt; 50 000 heures<\/p>\n<\/li>\n<li data-start=\"1889\" data-end=\"1940\">\n<p data-start=\"1891\" data-end=\"1940\"><strong data-start=\"1891\" data-end=\"1915\">Tension \/ Fr\u00e9quence :<\/strong> 220 \u2013 240 V ~ 50\/60 Hz<\/p>\n<\/li>\n<li data-start=\"1941\" data-end=\"1978\">\n<p data-start=\"1943\" data-end=\"1978\"><strong data-start=\"1943\" data-end=\"1965\">Protocole sans fil\u00a0:<\/strong> Zigbee 3.0<\/p>\n<\/li>\n<li data-start=\"1979\" data-end=\"2016\">\n<p data-start=\"1981\" data-end=\"2016\"><strong data-start=\"1981\" data-end=\"2009\">Convient pour une utilisation en int\u00e9rieur\u00a0:<\/strong> IP20<\/p>\n<\/li>\n<li data-start=\"2017\" data-end=\"2064\">\n<p data-start=\"2019\" data-end=\"2064\"><strong data-start=\"2019\" data-end=\"2032\">Montage:<\/strong> fixation au plafond (montage en surface)<\/p>\n<\/li>\n<\/ul>","protected":false},"excerpt":{"rendered":"<h3 data-start=\"222\" data-end=\"245\"><strong data-start=\"226\" data-end=\"243\">Caract\u00e9ristiques principales<\/strong><\/h3>\n<ul data-start=\"246\" data-end=\"781\">\n<li data-start=\"246\" data-end=\"335\">\n<p data-start=\"248\" data-end=\"335\">Plafonnier rond intelligent (30 cm de diam\u00e8tre) diffusant une lumi\u00e8re blanche brillante et r\u00e9glable.<\/p>\n<\/li>\n<li data-start=\"336\" data-end=\"429\">\n<p data-start=\"338\" data-end=\"429\">Temp\u00e9rature de blanc r\u00e9glable du chaud au froid (1800 K \u2013 6500 K) pour chaque humeur ou activit\u00e9.<\/p>\n<\/li>\n<li data-start=\"430\" data-end=\"494\">\n<p data-start=\"432\" data-end=\"494\">Enti\u00e8rement r\u00e9glable (1 % \u2013 100 %) pour un contr\u00f4le pr\u00e9cis de la luminosit\u00e9.<\/p>\n<\/li>\n<li data-start=\"495\" data-end=\"609\">\n<p data-start=\"497\" data-end=\"609\">Connectivit\u00e9 Zigbee 3.0 compatible avec Philips Hue, Amazon Alexa, Google Assistant et autres syst\u00e8mes Zigbee.<\/p>\n<\/li>\n<li data-start=\"610\" data-end=\"697\">\n<p data-start=\"612\" data-end=\"697\">Design \u00e9l\u00e9gant et moderne, avec une r\u00e9partition uniforme de la lumi\u00e8re et une fixation au plafond discr\u00e8te.<\/p>\n<\/li>\n<li data-start=\"698\" data-end=\"781\">\n<p data-start=\"700\" data-end=\"781\">Technologie LED 24 W \u00e9co\u00e9nerg\u00e9tique avec une longue dur\u00e9e de vie de plus de 50 000 heures.<\/p>\n<\/li>\n<\/ul>","protected":false},"featured_media":3551,"comment_status":"open","ping_status":"closed","template":"","meta":{"jetpack_post_was_ever_published":false,"jetpack_publicize_message":"","jetpack_publicize_feature_enabled":true,"jetpack_social_post_already_shared":false,"jetpack_social_options":{"image_generator_settings":{"template":"highway","default_image_id":0,"font":"","enabled":false},"version":2}},"product_brand":[102],"product_cat":[110],"product_tag":[],"class_list":{"0":"post-3547","1":"product","2":"type-product","3":"status-publish","4":"has-post-thumbnail","6":"product_brand-innr","7":"product_cat-smart-lighting","9":"first","10":"instock","11":"taxable","12":"shipping-taxable","13":"purchasable","14":"product-type-simple"},"yoast_head":"<!-- This site is optimized with the Yoast SEO plugin v27.3 - https:\/\/yoast.com\/product\/yoast-seo-wordpress\/ -->\n<title>Innr Round Ceiling light (30 cm) Comfort - Planitpower<\/title>\n<meta name=\"description\" content=\"Innr Smart Round Ceiling Light 30 cm \u2013 2400 lm tunable white (1800\u20136500 K), Zigbee 3.0 control, dimmable 24 W LED, sleek design, energy-efficient 50 000 h lifespan.\" \/>\n<meta name=\"robots\" content=\"index, follow, max-snippet:-1, max-image-preview:large, max-video-preview:-1\" \/>\n<link rel=\"canonical\" href=\"https:\/\/planitpower.com\/fr\/boutique\/plafonnier-rond-innr-30-cm-confort\/\" \/>\n<meta property=\"og:locale\" content=\"fr_FR\" \/>\n<meta property=\"og:type\" content=\"article\" \/>\n<meta property=\"og:title\" content=\"Innr Round Ceiling light (30 cm) Comfort - Planitpower\" \/>\n<meta property=\"og:description\" content=\"Innr Smart Round Ceiling Light 30 cm \u2013 2400 lm tunable white (1800\u20136500 K), Zigbee 3.0 control, dimmable 24 W LED, sleek design, energy-efficient 50 000 h lifespan.\" \/>\n<meta property=\"og:url\" content=\"https:\/\/planitpower.com\/fr\/boutique\/plafonnier-rond-innr-30-cm-confort\/\" \/>\n<meta property=\"og:site_name\" content=\"Planitpower\" \/>\n<meta property=\"og:image\" content=\"https:\/\/i0.wp.com\/planitpower.com\/wp-content\/uploads\/2025\/10\/RCL231_T.webp?fit=1920%2C1920&ssl=1\" \/>\n\t<meta property=\"og:image:width\" content=\"1920\" \/>\n\t<meta property=\"og:image:height\" content=\"1920\" \/>\n\t<meta property=\"og:image:type\" content=\"image\/webp\" \/>\n<meta name=\"twitter:card\" content=\"summary_large_image\" \/>\n<meta name=\"twitter:label1\" content=\"Dur\u00e9e de lecture estim\u00e9e\" \/>\n\t<meta name=\"twitter:data1\" content=\"1 minute\" \/>\n<script type=\"application\/ld+json\" class=\"yoast-schema-graph\">{\"@context\":\"https:\\\/\\\/schema.org\",\"@graph\":[{\"@type\":\"WebPage\",\"@id\":\"https:\\\/\\\/planitpower.com\\\/shop\\\/innr-round-ceiling-light-30-cm-comfort\\\/\",\"url\":\"https:\\\/\\\/planitpower.com\\\/shop\\\/innr-round-ceiling-light-30-cm-comfort\\\/\",\"name\":\"Innr Round Ceiling light (30 cm) Comfort - Planitpower\",\"isPartOf\":{\"@id\":\"https:\\\/\\\/planitpower.com\\\/#website\"},\"primaryImageOfPage\":{\"@id\":\"https:\\\/\\\/planitpower.com\\\/shop\\\/innr-round-ceiling-light-30-cm-comfort\\\/#primaryimage\"},\"image\":{\"@id\":\"https:\\\/\\\/planitpower.com\\\/shop\\\/innr-round-ceiling-light-30-cm-comfort\\\/#primaryimage\"},\"thumbnailUrl\":\"https:\\\/\\\/i0.wp.com\\\/planitpower.com\\\/wp-content\\\/uploads\\\/2025\\\/10\\\/RCL231_T.webp?fit=1920%2C1920&ssl=1\",\"datePublished\":\"2026-01-04T00:29:10+00:00\",\"description\":\"Innr Smart Round Ceiling Light 30 cm \u2013 2400 lm tunable white (1800\u20136500 K), Zigbee 3.0 control, dimmable 24 W LED, sleek design, energy-efficient 50 000 h lifespan.\",\"breadcrumb\":{\"@id\":\"https:\\\/\\\/planitpower.com\\\/shop\\\/innr-round-ceiling-light-30-cm-comfort\\\/#breadcrumb\"},\"inLanguage\":\"fr-FR\",\"potentialAction\":[{\"@type\":\"ReadAction\",\"target\":[\"https:\\\/\\\/planitpower.com\\\/shop\\\/innr-round-ceiling-light-30-cm-comfort\\\/\"]}]},{\"@type\":\"ImageObject\",\"inLanguage\":\"fr-FR\",\"@id\":\"https:\\\/\\\/planitpower.com\\\/shop\\\/innr-round-ceiling-light-30-cm-comfort\\\/#primaryimage\",\"url\":\"https:\\\/\\\/i0.wp.com\\\/planitpower.com\\\/wp-content\\\/uploads\\\/2025\\\/10\\\/RCL231_T.webp?fit=1920%2C1920&ssl=1\",\"contentUrl\":\"https:\\\/\\\/i0.wp.com\\\/planitpower.com\\\/wp-content\\\/uploads\\\/2025\\\/10\\\/RCL231_T.webp?fit=1920%2C1920&ssl=1\",\"width\":1920,\"height\":1920,\"caption\":\"Round Ceiling light (30 cm) Comfort - Planitpower - 2\"},{\"@type\":\"BreadcrumbList\",\"@id\":\"https:\\\/\\\/planitpower.com\\\/shop\\\/innr-round-ceiling-light-30-cm-comfort\\\/#breadcrumb\",\"itemListElement\":[{\"@type\":\"ListItem\",\"position\":1,\"name\":\"Home\",\"item\":\"https:\\\/\\\/planitpower.com\\\/\"},{\"@type\":\"ListItem\",\"position\":2,\"name\":\"SHOP\",\"item\":\"https:\\\/\\\/planitpower.com\\\/shop\\\/\"},{\"@type\":\"ListItem\",\"position\":3,\"name\":\"Innr Round Ceiling light (30 cm) Comfort\"}]},{\"@type\":\"WebSite\",\"@id\":\"https:\\\/\\\/planitpower.com\\\/#website\",\"url\":\"https:\\\/\\\/planitpower.com\\\/\",\"name\":\"Planitpower\",\"description\":\"Inspire energy\",\"publisher\":{\"@id\":\"https:\\\/\\\/planitpower.com\\\/#\\\/schema\\\/person\\\/b531587eda267b930b04174d12de6efa\"},\"potentialAction\":[{\"@type\":\"SearchAction\",\"target\":{\"@type\":\"EntryPoint\",\"urlTemplate\":\"https:\\\/\\\/planitpower.com\\\/?s={search_term_string}\"},\"query-input\":{\"@type\":\"PropertyValueSpecification\",\"valueRequired\":true,\"valueName\":\"search_term_string\"}}],\"inLanguage\":\"fr-FR\"},{\"@type\":[\"Person\",\"Organization\"],\"@id\":\"https:\\\/\\\/planitpower.com\\\/#\\\/schema\\\/person\\\/b531587eda267b930b04174d12de6efa\",\"name\":\"Editorial Team\",\"image\":{\"@type\":\"ImageObject\",\"inLanguage\":\"fr-FR\",\"@id\":\"https:\\\/\\\/i0.wp.com\\\/planitpower.com\\\/wp-content\\\/uploads\\\/2025\\\/12\\\/cropped-planitpower_circle_375x375.png?fit=512%2C512&ssl=1\",\"url\":\"https:\\\/\\\/i0.wp.com\\\/planitpower.com\\\/wp-content\\\/uploads\\\/2025\\\/12\\\/cropped-planitpower_circle_375x375.png?fit=512%2C512&ssl=1\",\"contentUrl\":\"https:\\\/\\\/i0.wp.com\\\/planitpower.com\\\/wp-content\\\/uploads\\\/2025\\\/12\\\/cropped-planitpower_circle_375x375.png?fit=512%2C512&ssl=1\",\"width\":512,\"height\":512,\"caption\":\"Editorial Team\"},\"logo\":{\"@id\":\"https:\\\/\\\/i0.wp.com\\\/planitpower.com\\\/wp-content\\\/uploads\\\/2025\\\/12\\\/cropped-planitpower_circle_375x375.png?fit=512%2C512&ssl=1\"},\"sameAs\":[\"https:\\\/\\\/Planitpower.com\"]}]}<\/script>\n<!-- \/ Yoast SEO plugin. -->","yoast_head_json":{"title":"Plafonnier rond Innr (30 cm) Comfort - Planitpower","description":"Plafonnier rond intelligent Innr 30 cm \u2013 2400 lm blanc r\u00e9glable (1800\u20136500 K), contr\u00f4le Zigbee 3.0, LED 24 W \u00e0 intensit\u00e9 variable, design \u00e9l\u00e9gant, dur\u00e9e de vie \u00e9co\u00e9nerg\u00e9tique de 50 000 h.","robots":{"index":"index","follow":"follow","max-snippet":"max-snippet:-1","max-image-preview":"max-image-preview:large","max-video-preview":"max-video-preview:-1"},"canonical":"https:\/\/planitpower.com\/fr\/boutique\/plafonnier-rond-innr-30-cm-confort\/","og_locale":"fr_FR","og_type":"article","og_title":"Innr Round Ceiling light (30 cm) Comfort - Planitpower","og_description":"Innr Smart Round Ceiling Light 30 cm \u2013 2400 lm tunable white (1800\u20136500 K), Zigbee 3.0 control, dimmable 24 W LED, sleek design, energy-efficient 50 000 h lifespan.","og_url":"https:\/\/planitpower.com\/fr\/boutique\/plafonnier-rond-innr-30-cm-confort\/","og_site_name":"Planitpower","og_image":[{"width":1920,"height":1920,"url":"https:\/\/i0.wp.com\/planitpower.com\/wp-content\/uploads\/2025\/10\/RCL231_T.webp?fit=1920%2C1920&ssl=1","type":"image\/webp"}],"twitter_card":"summary_large_image","twitter_misc":{"Dur\u00e9e de lecture estim\u00e9e":"1 minute"},"schema":{"@context":"https:\/\/schema.org","@graph":[{"@type":"WebPage","@id":"https:\/\/planitpower.com\/shop\/innr-round-ceiling-light-30-cm-comfort\/","url":"https:\/\/planitpower.com\/shop\/innr-round-ceiling-light-30-cm-comfort\/","name":"Plafonnier rond Innr (30 cm) Comfort - Planitpower","isPartOf":{"@id":"https:\/\/planitpower.com\/#website"},"primaryImageOfPage":{"@id":"https:\/\/planitpower.com\/shop\/innr-round-ceiling-light-30-cm-comfort\/#primaryimage"},"image":{"@id":"https:\/\/planitpower.com\/shop\/innr-round-ceiling-light-30-cm-comfort\/#primaryimage"},"thumbnailUrl":"https:\/\/i0.wp.com\/planitpower.com\/wp-content\/uploads\/2025\/10\/RCL231_T.webp?fit=1920%2C1920&ssl=1","datePublished":"2026-01-04T00:29:10+00:00","description":"Plafonnier rond intelligent Innr 30 cm \u2013 2400 lm blanc r\u00e9glable (1800\u20136500 K), contr\u00f4le Zigbee 3.0, LED 24 W \u00e0 intensit\u00e9 variable, design \u00e9l\u00e9gant, dur\u00e9e de vie \u00e9co\u00e9nerg\u00e9tique de 50 000 h.","breadcrumb":{"@id":"https:\/\/planitpower.com\/shop\/innr-round-ceiling-light-30-cm-comfort\/#breadcrumb"},"inLanguage":"fr-FR","potentialAction":[{"@type":"ReadAction","target":["https:\/\/planitpower.com\/shop\/innr-round-ceiling-light-30-cm-comfort\/"]}]},{"@type":"ImageObject","inLanguage":"fr-FR","@id":"https:\/\/planitpower.com\/shop\/innr-round-ceiling-light-30-cm-comfort\/#primaryimage","url":"https:\/\/i0.wp.com\/planitpower.com\/wp-content\/uploads\/2025\/10\/RCL231_T.webp?fit=1920%2C1920&ssl=1","contentUrl":"https:\/\/i0.wp.com\/planitpower.com\/wp-content\/uploads\/2025\/10\/RCL231_T.webp?fit=1920%2C1920&ssl=1","width":1920,"height":1920,"caption":"Round Ceiling light (30 cm) Comfort - Planitpower - 2"},{"@type":"BreadcrumbList","@id":"https:\/\/planitpower.com\/shop\/innr-round-ceiling-light-30-cm-comfort\/#breadcrumb","itemListElement":[{"@type":"ListItem","position":1,"name":"Home","item":"https:\/\/planitpower.com\/"},{"@type":"ListItem","position":2,"name":"SHOP","item":"https:\/\/planitpower.com\/shop\/"},{"@type":"ListItem","position":3,"name":"Innr Round Ceiling light (30 cm) Comfort"}]},{"@type":"WebSite","@id":"https:\/\/planitpower.com\/#website","url":"https:\/\/planitpower.com\/","name":"Planitpower","description":"Inspirons l'\u00e9nergie!","publisher":{"@id":"https:\/\/planitpower.com\/#\/schema\/person\/b531587eda267b930b04174d12de6efa"},"potentialAction":[{"@type":"SearchAction","target":{"@type":"EntryPoint","urlTemplate":"https:\/\/planitpower.com\/?s={search_term_string}"},"query-input":{"@type":"PropertyValueSpecification","valueRequired":true,"valueName":"search_term_string"}}],"inLanguage":"fr-FR"},{"@type":["Person","Organization"],"@id":"https:\/\/planitpower.com\/#\/schema\/person\/b531587eda267b930b04174d12de6efa","name":"Equipe \u00e9ditoriale","image":{"@type":"ImageObject","inLanguage":"fr-FR","@id":"https:\/\/i0.wp.com\/planitpower.com\/wp-content\/uploads\/2025\/12\/cropped-planitpower_circle_375x375.png?fit=512%2C512&ssl=1","url":"https:\/\/i0.wp.com\/planitpower.com\/wp-content\/uploads\/2025\/12\/cropped-planitpower_circle_375x375.png?fit=512%2C512&ssl=1","contentUrl":"https:\/\/i0.wp.com\/planitpower.com\/wp-content\/uploads\/2025\/12\/cropped-planitpower_circle_375x375.png?fit=512%2C512&ssl=1","width":512,"height":512,"caption":"Editorial Team"},"logo":{"@id":"https:\/\/i0.wp.com\/planitpower.com\/wp-content\/uploads\/2025\/12\/cropped-planitpower_circle_375x375.png?fit=512%2C512&ssl=1"},"sameAs":["https:\/\/Planitpower.com"]}]}},"jetpack_publicize_connections":[],"jetpack_likes_enabled":true,"jetpack_sharing_enabled":true,"jetpack-related-posts":[],"_links":{"self":[{"href":"https:\/\/planitpower.com\/fr\/wp-json\/wp\/v2\/product\/3547","targetHints":{"allow":["GET"]}}],"collection":[{"href":"https:\/\/planitpower.com\/fr\/wp-json\/wp\/v2\/product"}],"about":[{"href":"https:\/\/planitpower.com\/fr\/wp-json\/wp\/v2\/types\/product"}],"replies":[{"embeddable":true,"href":"https:\/\/planitpower.com\/fr\/wp-json\/wp\/v2\/comments?post=3547"}],"version-history":[{"count":0,"href":"https:\/\/planitpower.com\/fr\/wp-json\/wp\/v2\/product\/3547\/revisions"}],"wp:featuredmedia":[{"embeddable":true,"href":"https:\/\/planitpower.com\/fr\/wp-json\/wp\/v2\/media\/3551"}],"wp:attachment":[{"href":"https:\/\/planitpower.com\/fr\/wp-json\/wp\/v2\/media?parent=3547"}],"wp:term":[{"taxonomy":"product_brand","embeddable":true,"href":"https:\/\/planitpower.com\/fr\/wp-json\/wp\/v2\/product_brand?post=3547"},{"taxonomy":"product_cat","embeddable":true,"href":"https:\/\/planitpower.com\/fr\/wp-json\/wp\/v2\/product_cat?post=3547"},{"taxonomy":"product_tag","embeddable":true,"href":"https:\/\/planitpower.com\/fr\/wp-json\/wp\/v2\/product_tag?post=3547"}],"curies":[{"name":"wp","href":"https:\/\/api.w.org\/{rel}","templated":true}]}}