{"id":3560,"date":"2026-01-04T00:26:33","date_gmt":"2026-01-04T00:26:33","guid":{"rendered":"https:\/\/planitpower.com\/?post_type=product&#038;p=3560"},"modified":"2026-01-04T00:26:33","modified_gmt":"2026-01-04T00:26:33","slug":"prise-intelligente-innr-16a","status":"publish","type":"product","link":"https:\/\/planitpower.com\/fr\/boutique\/prise-intelligente-innr-16a\/","title":{"rendered":"Prise intelligente Innr \u2013 16 A"},"content":{"rendered":"<h3 data-start=\"782\" data-end=\"811\"><strong data-start=\"786\" data-end=\"809\">Description du produit<\/strong><\/h3>\n<p data-start=\"812\" data-end=\"1436\">Le <strong data-start=\"816\" data-end=\"835\">Prise intelligente Innr<\/strong> Transformez vos appareils du quotidien en appareils intelligents en un instant. Branchez-le simplement sur une prise standard et connectez-le \u00e0 votre hub Zigbee pour contr\u00f4ler \u00e0 distance lampes, cafeti\u00e8res, ventilateurs et autres appareils \u00e9lectrom\u00e9nagers. Gr\u00e2ce \u00e0 l&#039;application et \u00e0 la commande vocale, allumez et \u00e9teignez facilement vos appareils, programmez des horaires et automatisez des t\u00e2ches, que vous soyez chez vous ou \u00e0 l&#039;ext\u00e9rieur. Son format compact permet d&#039;installer deux prises c\u00f4te \u00e0 c\u00f4te sur la plupart des multiprises ou prises murales. Enti\u00e8rement compatible avec les principaux \u00e9cosyst\u00e8mes domotiques, la prise connect\u00e9e Innr allie praticit\u00e9, efficacit\u00e9 \u00e9nerg\u00e9tique et contr\u00f4le intelligent dans un format compact et fiable.<\/p>\n<h3 data-start=\"1443\" data-end=\"1477\"><strong data-start=\"1447\" data-end=\"1475\">Sp\u00e9cifications techniques<\/strong><\/h3>\n<ul data-start=\"1478\" data-end=\"1972\">\n<li data-start=\"1478\" data-end=\"1528\">\n<p data-start=\"1480\" data-end=\"1528\"><strong data-start=\"1480\" data-end=\"1489\">Taper:<\/strong> Prise intelligente (commande marche\/arr\u00eat sans fil)<\/p>\n<\/li>\n<li data-start=\"1529\" data-end=\"1561\">\n<p data-start=\"1531\" data-end=\"1561\"><strong data-start=\"1531\" data-end=\"1548\">Connectivit\u00e9 :<\/strong> Zigbee 3.0<\/p>\n<\/li>\n<li data-start=\"1562\" data-end=\"1613\">\n<p data-start=\"1564\" data-end=\"1613\"><strong data-start=\"1564\" data-end=\"1588\">Tension \/ Fr\u00e9quence :<\/strong> 220 \u2013 240 V ~ 50\/60 Hz<\/p>\n<\/li>\n<li data-start=\"1614\" data-end=\"1649\">\n<p data-start=\"1616\" data-end=\"1649\"><strong data-start=\"1616\" data-end=\"1633\">Charge maximale :<\/strong> 2300 W (10 A)<\/p>\n<\/li>\n<li data-start=\"1650\" data-end=\"1694\">\n<p data-start=\"1652\" data-end=\"1694\"><strong data-start=\"1652\" data-end=\"1684\">Consommation \u00e9lectrique (veille) :<\/strong> &lt; 0,3 W<\/p>\n<\/li>\n<li data-start=\"1695\" data-end=\"1784\">\n<p data-start=\"1697\" data-end=\"1784\"><strong data-start=\"1697\" data-end=\"1715\">Compatibilit\u00e9:<\/strong> Philips Hue, Amazon Alexa, Google Assistant et autres hubs Zigbee<\/p>\n<\/li>\n<li data-start=\"1785\" data-end=\"1828\">\n<p data-start=\"1787\" data-end=\"1828\"><strong data-start=\"1787\" data-end=\"1813\">Temp\u00e9rature de fonctionnement :<\/strong> 0 \u00b0C \u2013 35 \u00b0C<\/p>\n<\/li>\n<li data-start=\"1829\" data-end=\"1878\">\n<p data-start=\"1831\" data-end=\"1878\"><strong data-start=\"1831\" data-end=\"1846\">Dimensions :<\/strong> Format de prise standard UE compact<\/p>\n<\/li>\n<li data-start=\"1879\" data-end=\"1916\">\n<p data-start=\"1881\" data-end=\"1916\"><strong data-start=\"1881\" data-end=\"1909\">Convient pour une utilisation en int\u00e9rieur\u00a0:<\/strong> IP20<\/p>\n<\/li>\n<li data-start=\"1917\" data-end=\"1972\">\n<p data-start=\"1919\" data-end=\"1972\"><strong data-start=\"1919\" data-end=\"1936\">Installation:<\/strong> Installation facile, aucun c\u00e2blage requis<\/p>\n<\/li>\n<\/ul>","protected":false},"excerpt":{"rendered":"<h3 data-start=\"194\" data-end=\"217\"><strong data-start=\"198\" data-end=\"215\">Caract\u00e9ristiques principales<\/strong><\/h3>\n<ul data-start=\"218\" data-end=\"775\">\n<li data-start=\"218\" data-end=\"296\">\n<p data-start=\"220\" data-end=\"296\">Prise intelligente permettant le contr\u00f4le \u00e0 distance et l&#039;automatisation de tout appareil connect\u00e9.<\/p>\n<\/li>\n<li data-start=\"297\" data-end=\"420\">\n<p data-start=\"299\" data-end=\"420\">Fonctionnement sans fil via Zigbee 3.0 \u2014 compatible avec Philips Hue, Amazon Alexa, Google Assistant et autres hubs Zigbee.<\/p>\n<\/li>\n<li data-start=\"421\" data-end=\"503\">\n<p data-start=\"423\" data-end=\"503\">Installation simple et rapide pour transformer des appareils \u00e9lectrom\u00e9nagers ordinaires en appareils intelligents.<\/p>\n<\/li>\n<li data-start=\"504\" data-end=\"594\">\n<p data-start=\"506\" data-end=\"594\">Prend en charge la planification, les minuteurs et la commande vocale via des applications et assistants compatibles.<\/p>\n<\/li>\n<li data-start=\"595\" data-end=\"689\">\n<p data-start=\"597\" data-end=\"689\">Conception compacte compatible avec les prises murales europ\u00e9ennes standard sans bloquer les prises adjacentes.<\/p>\n<\/li>\n<li data-start=\"690\" data-end=\"775\">\n<p data-start=\"692\" data-end=\"775\">Fonctionnement \u00e9co\u00e9nerg\u00e9tique avec une faible consommation en veille et une durabilit\u00e9 \u00e0 long terme.<\/p>\n<\/li>\n<\/ul>","protected":false},"featured_media":3561,"comment_status":"open","ping_status":"closed","template":"","meta":{"jetpack_post_was_ever_published":false,"jetpack_publicize_message":"","jetpack_publicize_feature_enabled":true,"jetpack_social_post_already_shared":false,"jetpack_social_options":{"image_generator_settings":{"template":"highway","default_image_id":0,"font":"","enabled":false},"version":2}},"product_brand":[102],"product_cat":[99],"product_tag":[],"class_list":{"0":"post-3560","1":"product","2":"type-product","3":"status-publish","4":"has-post-thumbnail","6":"product_brand-innr","7":"product_cat-smart-plugs","9":"first","10":"instock","11":"taxable","12":"shipping-taxable","13":"purchasable","14":"product-type-simple"},"yoast_head":"<!-- This site is optimized with the Yoast SEO plugin v27.3 - https:\/\/yoast.com\/product\/yoast-seo-wordpress\/ -->\n<title>Innr Smart Plug - 16A - Planitpower<\/title>\n<meta name=\"description\" content=\"Innr Smart Plug \u2013 Zigbee 3.0 wireless control for lamps and appliances, 2300 W max load, app &amp; voice control, energy-efficient, compact EU design.\" \/>\n<meta name=\"robots\" content=\"index, follow, max-snippet:-1, max-image-preview:large, max-video-preview:-1\" \/>\n<link rel=\"canonical\" href=\"https:\/\/planitpower.com\/fr\/boutique\/prise-intelligente-innr-16a\/\" \/>\n<meta property=\"og:locale\" content=\"fr_FR\" \/>\n<meta property=\"og:type\" content=\"article\" \/>\n<meta property=\"og:title\" content=\"Innr Smart Plug - 16A - Planitpower\" \/>\n<meta property=\"og:description\" content=\"Innr Smart Plug \u2013 Zigbee 3.0 wireless control for lamps and appliances, 2300 W max load, app &amp; voice control, energy-efficient, compact EU design.\" \/>\n<meta property=\"og:url\" content=\"https:\/\/planitpower.com\/fr\/boutique\/prise-intelligente-innr-16a\/\" \/>\n<meta property=\"og:site_name\" content=\"Planitpower\" \/>\n<meta property=\"og:image\" content=\"https:\/\/i0.wp.com\/planitpower.com\/wp-content\/uploads\/2025\/10\/001SP240_Compositiongroot.webp?fit=1100%2C1100&ssl=1\" \/>\n\t<meta property=\"og:image:width\" content=\"1100\" \/>\n\t<meta property=\"og:image:height\" content=\"1100\" \/>\n\t<meta property=\"og:image:type\" content=\"image\/webp\" \/>\n<meta name=\"twitter:card\" content=\"summary_large_image\" \/>\n<meta name=\"twitter:label1\" content=\"Dur\u00e9e de lecture estim\u00e9e\" \/>\n\t<meta name=\"twitter:data1\" content=\"1 minute\" \/>\n<script type=\"application\/ld+json\" class=\"yoast-schema-graph\">{\"@context\":\"https:\\\/\\\/schema.org\",\"@graph\":[{\"@type\":\"WebPage\",\"@id\":\"https:\\\/\\\/planitpower.com\\\/shop\\\/innr-smart-plug-16a\\\/\",\"url\":\"https:\\\/\\\/planitpower.com\\\/shop\\\/innr-smart-plug-16a\\\/\",\"name\":\"Innr Smart Plug - 16A - Planitpower\",\"isPartOf\":{\"@id\":\"https:\\\/\\\/planitpower.com\\\/#website\"},\"primaryImageOfPage\":{\"@id\":\"https:\\\/\\\/planitpower.com\\\/shop\\\/innr-smart-plug-16a\\\/#primaryimage\"},\"image\":{\"@id\":\"https:\\\/\\\/planitpower.com\\\/shop\\\/innr-smart-plug-16a\\\/#primaryimage\"},\"thumbnailUrl\":\"https:\\\/\\\/i0.wp.com\\\/planitpower.com\\\/wp-content\\\/uploads\\\/2025\\\/10\\\/001SP240_Compositiongroot.webp?fit=1100%2C1100&ssl=1\",\"datePublished\":\"2026-01-04T00:26:33+00:00\",\"description\":\"Innr Smart Plug \u2013 Zigbee 3.0 wireless control for lamps and appliances, 2300 W max load, app & voice control, energy-efficient, compact EU design.\",\"breadcrumb\":{\"@id\":\"https:\\\/\\\/planitpower.com\\\/shop\\\/innr-smart-plug-16a\\\/#breadcrumb\"},\"inLanguage\":\"fr-FR\",\"potentialAction\":[{\"@type\":\"ReadAction\",\"target\":[\"https:\\\/\\\/planitpower.com\\\/shop\\\/innr-smart-plug-16a\\\/\"]}]},{\"@type\":\"ImageObject\",\"inLanguage\":\"fr-FR\",\"@id\":\"https:\\\/\\\/planitpower.com\\\/shop\\\/innr-smart-plug-16a\\\/#primaryimage\",\"url\":\"https:\\\/\\\/i0.wp.com\\\/planitpower.com\\\/wp-content\\\/uploads\\\/2025\\\/10\\\/001SP240_Compositiongroot.webp?fit=1100%2C1100&ssl=1\",\"contentUrl\":\"https:\\\/\\\/i0.wp.com\\\/planitpower.com\\\/wp-content\\\/uploads\\\/2025\\\/10\\\/001SP240_Compositiongroot.webp?fit=1100%2C1100&ssl=1\",\"width\":1100,\"height\":1100,\"caption\":\"Innr Smart Plug - 16A - Planitpower - 9\"},{\"@type\":\"BreadcrumbList\",\"@id\":\"https:\\\/\\\/planitpower.com\\\/shop\\\/innr-smart-plug-16a\\\/#breadcrumb\",\"itemListElement\":[{\"@type\":\"ListItem\",\"position\":1,\"name\":\"Home\",\"item\":\"https:\\\/\\\/planitpower.com\\\/\"},{\"@type\":\"ListItem\",\"position\":2,\"name\":\"SHOP\",\"item\":\"https:\\\/\\\/planitpower.com\\\/shop\\\/\"},{\"@type\":\"ListItem\",\"position\":3,\"name\":\"Innr Smart Plug &#8211; 16A\"}]},{\"@type\":\"WebSite\",\"@id\":\"https:\\\/\\\/planitpower.com\\\/#website\",\"url\":\"https:\\\/\\\/planitpower.com\\\/\",\"name\":\"Planitpower\",\"description\":\"Inspire energy\",\"publisher\":{\"@id\":\"https:\\\/\\\/planitpower.com\\\/#\\\/schema\\\/person\\\/b531587eda267b930b04174d12de6efa\"},\"potentialAction\":[{\"@type\":\"SearchAction\",\"target\":{\"@type\":\"EntryPoint\",\"urlTemplate\":\"https:\\\/\\\/planitpower.com\\\/?s={search_term_string}\"},\"query-input\":{\"@type\":\"PropertyValueSpecification\",\"valueRequired\":true,\"valueName\":\"search_term_string\"}}],\"inLanguage\":\"fr-FR\"},{\"@type\":[\"Person\",\"Organization\"],\"@id\":\"https:\\\/\\\/planitpower.com\\\/#\\\/schema\\\/person\\\/b531587eda267b930b04174d12de6efa\",\"name\":\"Editorial Team\",\"image\":{\"@type\":\"ImageObject\",\"inLanguage\":\"fr-FR\",\"@id\":\"https:\\\/\\\/i0.wp.com\\\/planitpower.com\\\/wp-content\\\/uploads\\\/2025\\\/12\\\/cropped-planitpower_circle_375x375.png?fit=512%2C512&ssl=1\",\"url\":\"https:\\\/\\\/i0.wp.com\\\/planitpower.com\\\/wp-content\\\/uploads\\\/2025\\\/12\\\/cropped-planitpower_circle_375x375.png?fit=512%2C512&ssl=1\",\"contentUrl\":\"https:\\\/\\\/i0.wp.com\\\/planitpower.com\\\/wp-content\\\/uploads\\\/2025\\\/12\\\/cropped-planitpower_circle_375x375.png?fit=512%2C512&ssl=1\",\"width\":512,\"height\":512,\"caption\":\"Editorial Team\"},\"logo\":{\"@id\":\"https:\\\/\\\/i0.wp.com\\\/planitpower.com\\\/wp-content\\\/uploads\\\/2025\\\/12\\\/cropped-planitpower_circle_375x375.png?fit=512%2C512&ssl=1\"},\"sameAs\":[\"https:\\\/\\\/Planitpower.com\"]}]}<\/script>\n<!-- \/ Yoast SEO plugin. -->","yoast_head_json":{"title":"Prise intelligente Innr - 16 A - Planitpower","description":"Prise connect\u00e9e Innr \u2013 Contr\u00f4le sans fil Zigbee 3.0 pour lampes et appareils \u00e9lectrom\u00e9nagers, charge maximale de 2300 W, application et contr\u00f4le vocal, \u00e9co\u00e9nerg\u00e9tique, conception compacte europ\u00e9enne.","robots":{"index":"index","follow":"follow","max-snippet":"max-snippet:-1","max-image-preview":"max-image-preview:large","max-video-preview":"max-video-preview:-1"},"canonical":"https:\/\/planitpower.com\/fr\/boutique\/prise-intelligente-innr-16a\/","og_locale":"fr_FR","og_type":"article","og_title":"Innr Smart Plug - 16A - Planitpower","og_description":"Innr Smart Plug \u2013 Zigbee 3.0 wireless control for lamps and appliances, 2300 W max load, app & voice control, energy-efficient, compact EU design.","og_url":"https:\/\/planitpower.com\/fr\/boutique\/prise-intelligente-innr-16a\/","og_site_name":"Planitpower","og_image":[{"width":1100,"height":1100,"url":"https:\/\/i0.wp.com\/planitpower.com\/wp-content\/uploads\/2025\/10\/001SP240_Compositiongroot.webp?fit=1100%2C1100&ssl=1","type":"image\/webp"}],"twitter_card":"summary_large_image","twitter_misc":{"Dur\u00e9e de lecture estim\u00e9e":"1 minute"},"schema":{"@context":"https:\/\/schema.org","@graph":[{"@type":"WebPage","@id":"https:\/\/planitpower.com\/shop\/innr-smart-plug-16a\/","url":"https:\/\/planitpower.com\/shop\/innr-smart-plug-16a\/","name":"Prise intelligente Innr - 16 A - Planitpower","isPartOf":{"@id":"https:\/\/planitpower.com\/#website"},"primaryImageOfPage":{"@id":"https:\/\/planitpower.com\/shop\/innr-smart-plug-16a\/#primaryimage"},"image":{"@id":"https:\/\/planitpower.com\/shop\/innr-smart-plug-16a\/#primaryimage"},"thumbnailUrl":"https:\/\/i0.wp.com\/planitpower.com\/wp-content\/uploads\/2025\/10\/001SP240_Compositiongroot.webp?fit=1100%2C1100&ssl=1","datePublished":"2026-01-04T00:26:33+00:00","description":"Prise connect\u00e9e Innr \u2013 Contr\u00f4le sans fil Zigbee 3.0 pour lampes et appareils \u00e9lectrom\u00e9nagers, charge maximale de 2300 W, application et contr\u00f4le vocal, \u00e9co\u00e9nerg\u00e9tique, conception compacte europ\u00e9enne.","breadcrumb":{"@id":"https:\/\/planitpower.com\/shop\/innr-smart-plug-16a\/#breadcrumb"},"inLanguage":"fr-FR","potentialAction":[{"@type":"ReadAction","target":["https:\/\/planitpower.com\/shop\/innr-smart-plug-16a\/"]}]},{"@type":"ImageObject","inLanguage":"fr-FR","@id":"https:\/\/planitpower.com\/shop\/innr-smart-plug-16a\/#primaryimage","url":"https:\/\/i0.wp.com\/planitpower.com\/wp-content\/uploads\/2025\/10\/001SP240_Compositiongroot.webp?fit=1100%2C1100&ssl=1","contentUrl":"https:\/\/i0.wp.com\/planitpower.com\/wp-content\/uploads\/2025\/10\/001SP240_Compositiongroot.webp?fit=1100%2C1100&ssl=1","width":1100,"height":1100,"caption":"Innr Smart Plug - 16A - Planitpower - 9"},{"@type":"BreadcrumbList","@id":"https:\/\/planitpower.com\/shop\/innr-smart-plug-16a\/#breadcrumb","itemListElement":[{"@type":"ListItem","position":1,"name":"Home","item":"https:\/\/planitpower.com\/"},{"@type":"ListItem","position":2,"name":"SHOP","item":"https:\/\/planitpower.com\/shop\/"},{"@type":"ListItem","position":3,"name":"Innr Smart Plug &#8211; 16A"}]},{"@type":"WebSite","@id":"https:\/\/planitpower.com\/#website","url":"https:\/\/planitpower.com\/","name":"Planitpower","description":"Inspirons l'\u00e9nergie!","publisher":{"@id":"https:\/\/planitpower.com\/#\/schema\/person\/b531587eda267b930b04174d12de6efa"},"potentialAction":[{"@type":"SearchAction","target":{"@type":"EntryPoint","urlTemplate":"https:\/\/planitpower.com\/?s={search_term_string}"},"query-input":{"@type":"PropertyValueSpecification","valueRequired":true,"valueName":"search_term_string"}}],"inLanguage":"fr-FR"},{"@type":["Person","Organization"],"@id":"https:\/\/planitpower.com\/#\/schema\/person\/b531587eda267b930b04174d12de6efa","name":"Equipe \u00e9ditoriale","image":{"@type":"ImageObject","inLanguage":"fr-FR","@id":"https:\/\/i0.wp.com\/planitpower.com\/wp-content\/uploads\/2025\/12\/cropped-planitpower_circle_375x375.png?fit=512%2C512&ssl=1","url":"https:\/\/i0.wp.com\/planitpower.com\/wp-content\/uploads\/2025\/12\/cropped-planitpower_circle_375x375.png?fit=512%2C512&ssl=1","contentUrl":"https:\/\/i0.wp.com\/planitpower.com\/wp-content\/uploads\/2025\/12\/cropped-planitpower_circle_375x375.png?fit=512%2C512&ssl=1","width":512,"height":512,"caption":"Editorial Team"},"logo":{"@id":"https:\/\/i0.wp.com\/planitpower.com\/wp-content\/uploads\/2025\/12\/cropped-planitpower_circle_375x375.png?fit=512%2C512&ssl=1"},"sameAs":["https:\/\/Planitpower.com"]}]}},"jetpack_publicize_connections":[],"jetpack_likes_enabled":true,"jetpack_sharing_enabled":true,"jetpack-related-posts":[{"id":3580,"url":"https:\/\/planitpower.com\/fr\/boutique\/pont-zigbee-innr\/","url_meta":{"origin":3560,"position":0},"title":"Pont zigbee Innr","author":"Editorial Team","date":"24\/11\/2025","format":false,"excerpt":"Caract\u00e9ristiques principales : Pont central Zigbee 3.0 qui connecte et g\u00e8re tous les appareils intelligents Innr. Permet le contr\u00f4le sans fil des lumi\u00e8res, des prises et autres accessoires connect\u00e9s via l&#039;application Innr ou les plateformes compatibles. Int\u00e9gration fluide avec Amazon Alexa, Google Assistant et les autres \u00e9cosyst\u00e8mes Zigbee 3.0. Communication fiable \u00e0 faible latence pour une domotique performante et stable.","rel":"","context":"Article similaire","block_context":{"text":"Article similaire","link":""},"img":{"alt_text":"Innr Bridge - Planitpower - 3","src":"https:\/\/i0.wp.com\/planitpower.com\/wp-content\/uploads\/2025\/10\/01BG220BridgeComposition.webp?fit=1200%2C1200&ssl=1&resize=350%2C200","width":350,"height":200,"srcset":"https:\/\/i0.wp.com\/planitpower.com\/wp-content\/uploads\/2025\/10\/01BG220BridgeComposition.webp?fit=1200%2C1200&ssl=1&resize=350%2C200 1x, https:\/\/i0.wp.com\/planitpower.com\/wp-content\/uploads\/2025\/10\/01BG220BridgeComposition.webp?fit=1200%2C1200&ssl=1&resize=525%2C300 1.5x, https:\/\/i0.wp.com\/planitpower.com\/wp-content\/uploads\/2025\/10\/01BG220BridgeComposition.webp?fit=1200%2C1200&ssl=1&resize=700%2C400 2x, https:\/\/i0.wp.com\/planitpower.com\/wp-content\/uploads\/2025\/10\/01BG220BridgeComposition.webp?fit=1200%2C1200&ssl=1&resize=1050%2C600 3x"},"classes":[]},{"id":3571,"url":"https:\/\/planitpower.com\/fr\/boutique\/prise-connectee-exterieure-innr-16a\/","url_meta":{"origin":3560,"position":1},"title":"Prise connect\u00e9e ext\u00e9rieure Innr \u2013 16 A","author":"Editorial Team","date":"04\/01\/2026","format":false,"excerpt":"Caract\u00e9ristiques principales : Prise ext\u00e9rieure intelligente de 16 A avec compteur de puissance int\u00e9gr\u00e9. Permet le contr\u00f4le \u00e0 distance, la programmation et le suivi de la consommation \u00e9nerg\u00e9tique des appareils \u00e9lectriques ext\u00e9rieurs. Bo\u00eetier IP44 r\u00e9sistant aux intemp\u00e9ries, con\u00e7u pour une utilisation en ext\u00e9rieur dans les jardins, sur les terrasses ou les all\u00e9es. Connectivit\u00e9 Zigbee 3.0 compatible avec Philips Hue, Amazon Alexa, Google Assistant et autres syst\u00e8mes domotiques Zigbee.","rel":"","context":"Article similaire","block_context":{"text":"Article similaire","link":""},"img":{"alt_text":"vInnr Outdoor Smart Plug - 16A - Planitpower - 6","src":"https:\/\/i0.wp.com\/planitpower.com\/wp-content\/uploads\/2025\/10\/OSP240compositionrender.webp?fit=1200%2C1200&ssl=1&resize=350%2C200","width":350,"height":200,"srcset":"https:\/\/i0.wp.com\/planitpower.com\/wp-content\/uploads\/2025\/10\/OSP240compositionrender.webp?fit=1200%2C1200&ssl=1&resize=350%2C200 1x, https:\/\/i0.wp.com\/planitpower.com\/wp-content\/uploads\/2025\/10\/OSP240compositionrender.webp?fit=1200%2C1200&ssl=1&resize=525%2C300 1.5x, https:\/\/i0.wp.com\/planitpower.com\/wp-content\/uploads\/2025\/10\/OSP240compositionrender.webp?fit=1200%2C1200&ssl=1&resize=700%2C400 2x, https:\/\/i0.wp.com\/planitpower.com\/wp-content\/uploads\/2025\/10\/OSP240compositionrender.webp?fit=1200%2C1200&ssl=1&resize=1050%2C600 3x"},"classes":[]},{"id":3591,"url":"https:\/\/planitpower.com\/fr\/boutique\/telecommande-innr\/","url_meta":{"origin":3560,"position":2},"title":"T\u00e9l\u00e9commande Innr","author":"Editorial Team","date":"04\/01\/2026","format":false,"excerpt":"Main Features Wireless smart remote for controlling Innr Zigbee lights and accessories. Supports on\/off switching, dimming, and scene selection for multiple lights or groups. Works with the Innr Zigbee Bridge and other Zigbee 3.0-compatible systems, including Philips Hue and Amazon Alexa. Provides quick, reliable control without needing an app or\u2026","rel":"","context":"Article similaire","block_context":{"text":"Article similaire","link":""},"img":{"alt_text":"Innr smart remote - Planitpower - 1","src":"https:\/\/i0.wp.com\/planitpower.com\/wp-content\/uploads\/2025\/10\/01RC250RemoteControlComposition.webp?fit=1200%2C1200&ssl=1&resize=350%2C200","width":350,"height":200,"srcset":"https:\/\/i0.wp.com\/planitpower.com\/wp-content\/uploads\/2025\/10\/01RC250RemoteControlComposition.webp?fit=1200%2C1200&ssl=1&resize=350%2C200 1x, https:\/\/i0.wp.com\/planitpower.com\/wp-content\/uploads\/2025\/10\/01RC250RemoteControlComposition.webp?fit=1200%2C1200&ssl=1&resize=525%2C300 1.5x, https:\/\/i0.wp.com\/planitpower.com\/wp-content\/uploads\/2025\/10\/01RC250RemoteControlComposition.webp?fit=1200%2C1200&ssl=1&resize=700%2C400 2x, https:\/\/i0.wp.com\/planitpower.com\/wp-content\/uploads\/2025\/10\/01RC250RemoteControlComposition.webp?fit=1200%2C1200&ssl=1&resize=1050%2C600 3x"},"classes":[]},{"id":3587,"url":"https:\/\/planitpower.com\/fr\/boutique\/bouton-intelligent-innr\/","url_meta":{"origin":3560,"position":3},"title":"Bouton intelligent Innr","author":"Editorial Team","date":"04\/01\/2026","format":false,"excerpt":"Main Features Wireless smart button for instant control of your Innr Zigbee lighting and devices. Enables on\/off switching, dimming, and scene activation without using an app or voice control. Works seamlessly with the Innr Zigbee Bridge and compatible Zigbee 3.0 systems such as Philips Hue, Amazon Alexa, and Google Assistant.\u2026","rel":"","context":"Article similaire","block_context":{"text":"Article similaire","link":""},"img":{"alt_text":"Innr smart button - Planitpower - 1","src":"https:\/\/i0.wp.com\/planitpower.com\/wp-content\/uploads\/2025\/10\/1.webp?fit=1200%2C1200&ssl=1&resize=350%2C200","width":350,"height":200,"srcset":"https:\/\/i0.wp.com\/planitpower.com\/wp-content\/uploads\/2025\/10\/1.webp?fit=1200%2C1200&ssl=1&resize=350%2C200 1x, https:\/\/i0.wp.com\/planitpower.com\/wp-content\/uploads\/2025\/10\/1.webp?fit=1200%2C1200&ssl=1&resize=525%2C300 1.5x, https:\/\/i0.wp.com\/planitpower.com\/wp-content\/uploads\/2025\/10\/1.webp?fit=1200%2C1200&ssl=1&resize=700%2C400 2x, https:\/\/i0.wp.com\/planitpower.com\/wp-content\/uploads\/2025\/10\/1.webp?fit=1200%2C1200&ssl=1&resize=1050%2C600 3x"},"classes":[]},{"id":3534,"url":"https:\/\/planitpower.com\/fr\/boutique\/bande-lumineuse-flexible-zigbee-innr-couleur\/","url_meta":{"origin":3560,"position":4},"title":"Bande lumineuse flexible Innr Zigbee couleur","author":"Editorial Team","date":"04\/01\/2026","format":false,"excerpt":"Main Features Flexible smart LED light strip for indoor use \u2014 ideal for ambient or accent lighting. Full RGB colour spectrum plus tunable white light (1800 K \u2013 6500 K). Fully dimmable (1 % \u2013 100 %) with smooth transitions and precise colour control. Zigbee 3.0 connectivity compatible with major\u2026","rel":"","context":"Article similaire","block_context":{"text":"Article similaire","link":""},"img":{"alt_text":"Innr Zigbee Flex light strip color - Planitpower - 1","src":"https:\/\/i0.wp.com\/planitpower.com\/wp-content\/uploads\/2025\/10\/FL142CLD_2024_TH.webp?fit=1200%2C1200&ssl=1&resize=350%2C200","width":350,"height":200,"srcset":"https:\/\/i0.wp.com\/planitpower.com\/wp-content\/uploads\/2025\/10\/FL142CLD_2024_TH.webp?fit=1200%2C1200&ssl=1&resize=350%2C200 1x, https:\/\/i0.wp.com\/planitpower.com\/wp-content\/uploads\/2025\/10\/FL142CLD_2024_TH.webp?fit=1200%2C1200&ssl=1&resize=525%2C300 1.5x, https:\/\/i0.wp.com\/planitpower.com\/wp-content\/uploads\/2025\/10\/FL142CLD_2024_TH.webp?fit=1200%2C1200&ssl=1&resize=700%2C400 2x, https:\/\/i0.wp.com\/planitpower.com\/wp-content\/uploads\/2025\/10\/FL142CLD_2024_TH.webp?fit=1200%2C1200&ssl=1&resize=1050%2C600 3x"},"classes":[]},{"id":3429,"url":"https:\/\/planitpower.com\/fr\/boutique\/bougie-blanche-innr-e14-470-lm\/","url_meta":{"origin":3560,"position":5},"title":"Bougie Innr-E14 blanche 470 lm","author":"Editorial Team","date":"04\/01\/2026","format":false,"excerpt":"Main Features Installation in standard E14 candle-fitting sockets \u2014 ideal for chandeliers, wall lamps and decorative lighting. Wireless dimmable control via Zigbee 3.0 \u2014 adjust brightness effortlessly from 1% up to 100%. Warm white light output of approx. 470 lm, creating a cosy and efficient illumination. Compatibility with major smart-home\u2026","rel":"","context":"Article similaire","block_context":{"text":"Article similaire","link":""},"img":{"alt_text":"","src":"https:\/\/i0.wp.com\/planitpower.com\/wp-content\/uploads\/2025\/10\/RB243candle_white_EUgroot.webp?fit=1100%2C1107&ssl=1&resize=350%2C200","width":350,"height":200,"srcset":"https:\/\/i0.wp.com\/planitpower.com\/wp-content\/uploads\/2025\/10\/RB243candle_white_EUgroot.webp?fit=1100%2C1107&ssl=1&resize=350%2C200 1x, https:\/\/i0.wp.com\/planitpower.com\/wp-content\/uploads\/2025\/10\/RB243candle_white_EUgroot.webp?fit=1100%2C1107&ssl=1&resize=525%2C300 1.5x, https:\/\/i0.wp.com\/planitpower.com\/wp-content\/uploads\/2025\/10\/RB243candle_white_EUgroot.webp?fit=1100%2C1107&ssl=1&resize=700%2C400 2x, https:\/\/i0.wp.com\/planitpower.com\/wp-content\/uploads\/2025\/10\/RB243candle_white_EUgroot.webp?fit=1100%2C1107&ssl=1&resize=1050%2C600 3x"},"classes":[]}],"_links":{"self":[{"href":"https:\/\/planitpower.com\/fr\/wp-json\/wp\/v2\/product\/3560","targetHints":{"allow":["GET"]}}],"collection":[{"href":"https:\/\/planitpower.com\/fr\/wp-json\/wp\/v2\/product"}],"about":[{"href":"https:\/\/planitpower.com\/fr\/wp-json\/wp\/v2\/types\/product"}],"replies":[{"embeddable":true,"href":"https:\/\/planitpower.com\/fr\/wp-json\/wp\/v2\/comments?post=3560"}],"version-history":[{"count":0,"href":"https:\/\/planitpower.com\/fr\/wp-json\/wp\/v2\/product\/3560\/revisions"}],"wp:featuredmedia":[{"embeddable":true,"href":"https:\/\/planitpower.com\/fr\/wp-json\/wp\/v2\/media\/3561"}],"wp:attachment":[{"href":"https:\/\/planitpower.com\/fr\/wp-json\/wp\/v2\/media?parent=3560"}],"wp:term":[{"taxonomy":"product_brand","embeddable":true,"href":"https:\/\/planitpower.com\/fr\/wp-json\/wp\/v2\/product_brand?post=3560"},{"taxonomy":"product_cat","embeddable":true,"href":"https:\/\/planitpower.com\/fr\/wp-json\/wp\/v2\/product_cat?post=3560"},{"taxonomy":"product_tag","embeddable":true,"href":"https:\/\/planitpower.com\/fr\/wp-json\/wp\/v2\/product_tag?post=3560"}],"curies":[{"name":"wp","href":"https:\/\/api.w.org\/{rel}","templated":true}]}}