{"id":3571,"date":"2026-01-04T00:28:55","date_gmt":"2026-01-04T00:28:55","guid":{"rendered":"https:\/\/planitpower.com\/?post_type=product&#038;p=3571"},"modified":"2026-01-04T00:28:55","modified_gmt":"2026-01-04T00:28:55","slug":"prise-connectee-exterieure-innr-16a","status":"publish","type":"product","link":"https:\/\/planitpower.com\/fr\/boutique\/prise-connectee-exterieure-innr-16a\/","title":{"rendered":"Prise connect\u00e9e ext\u00e9rieure Innr \u2013 16 A"},"content":{"rendered":"<h3 data-start=\"843\" data-end=\"872\"><strong data-start=\"847\" data-end=\"870\">Description du produit<\/strong><\/h3>\n<p data-start=\"873\" data-end=\"1600\">Le <strong data-start=\"877\" data-end=\"930\">Prise intelligente ext\u00e9rieure Innr (16 A avec mesure de la consommation)<\/strong> Cette prise vous permet de contr\u00f4ler intelligemment et en toute simplicit\u00e9 vos \u00e9quipements \u00e9lectriques ext\u00e9rieurs. Gr\u00e2ce \u00e0 sa capacit\u00e9 robuste de 16 amp\u00e8res et \u00e0 son syst\u00e8me de surveillance de la consommation d&#039;\u00e9nergie int\u00e9gr\u00e9, vous pouvez allumer, \u00e9teindre, programmer et suivre \u00e0 distance la consommation \u00e9lectrique de vos \u00e9clairages de jardin, pompes \u00e0 eau, chauffages de terrasse ou d\u00e9corations de No\u00ebl. Son indice de protection IP44 garantit une utilisation en toute s\u00e9curit\u00e9 m\u00eame sous la pluie ou dans des environnements humides. Compatible Zigbee 3.0, cette prise ext\u00e9rieure s&#039;int\u00e8gre parfaitement \u00e0 votre installation domotique existante et vous permet de la contr\u00f4ler via une application ou par la voix gr\u00e2ce \u00e0 Philips Hue, Amazon Alexa ou Google Assistant. Con\u00e7ue pour durer, elle allie praticit\u00e9, robustesse et gestion intelligente de l&#039;\u00e9nergie dans un seul appareil fiable.<\/p>\n<h3 data-start=\"1607\" data-end=\"1641\"><strong data-start=\"1611\" data-end=\"1639\">Sp\u00e9cifications techniques<\/strong><\/h3>\n<ul data-start=\"1642\" data-end=\"2223\">\n<li data-start=\"1642\" data-end=\"1695\">\n<p data-start=\"1644\" data-end=\"1695\"><strong data-start=\"1644\" data-end=\"1653\">Taper:<\/strong> Prise ext\u00e9rieure intelligente avec compteur d&#039;\u00e9nergie<\/p>\n<\/li>\n<li data-start=\"1696\" data-end=\"1728\">\n<p data-start=\"1698\" data-end=\"1728\"><strong data-start=\"1698\" data-end=\"1715\">Connectivit\u00e9 :<\/strong> Zigbee 3.0<\/p>\n<\/li>\n<li data-start=\"1729\" data-end=\"1779\">\n<p data-start=\"1731\" data-end=\"1779\"><strong data-start=\"1731\" data-end=\"1748\">Charge maximale :<\/strong> 16 A (jusqu&#039;\u00e0 3680 W \u00e0 230 V)<\/p>\n<\/li>\n<li data-start=\"1780\" data-end=\"1841\">\n<p data-start=\"1782\" data-end=\"1841\"><strong data-start=\"1782\" data-end=\"1803\">Surveillance de la consommation \u00e9lectrique\u00a0:<\/strong> Mesure de puissance int\u00e9gr\u00e9e en temps r\u00e9el<\/p>\n<\/li>\n<li data-start=\"1842\" data-end=\"1893\">\n<p data-start=\"1844\" data-end=\"1893\"><strong data-start=\"1844\" data-end=\"1868\">Tension \/ Fr\u00e9quence :<\/strong> 220 \u2013 240 V ~ 50\/60 Hz<\/p>\n<\/li>\n<li data-start=\"1894\" data-end=\"1961\">\n<p data-start=\"1896\" data-end=\"1961\"><strong data-start=\"1896\" data-end=\"1926\">Indice de protection contre les infiltrations :<\/strong> IP44 (r\u00e9sistant aux \u00e9claboussures, utilisation ext\u00e9rieure)<\/p>\n<\/li>\n<li data-start=\"1962\" data-end=\"2051\">\n<p data-start=\"1964\" data-end=\"2051\"><strong data-start=\"1964\" data-end=\"1982\">Compatibilit\u00e9:<\/strong> Philips Hue, Amazon Alexa, Google Assistant et autres hubs Zigbee<\/p>\n<\/li>\n<li data-start=\"2052\" data-end=\"2099\">\n<p data-start=\"2054\" data-end=\"2099\"><strong data-start=\"2054\" data-end=\"2080\">Temp\u00e9rature de fonctionnement :<\/strong> -20 \u00b0C \u00e0 +40 \u00b0C<\/p>\n<\/li>\n<li data-start=\"2100\" data-end=\"2136\">\n<p data-start=\"2102\" data-end=\"2136\"><strong data-start=\"2102\" data-end=\"2126\">Consommation en veille :<\/strong> &lt; 0,3 W<\/p>\n<\/li>\n<li data-start=\"2137\" data-end=\"2172\">\n<p data-start=\"2139\" data-end=\"2172\"><strong data-start=\"2139\" data-end=\"2156\">Installation:<\/strong> Pr\u00eat \u00e0 l'emploi<\/p>\n<\/li>\n<li data-start=\"2173\" data-end=\"2223\">\n<p data-start=\"2175\" data-end=\"2223\"><strong data-start=\"2175\" data-end=\"2186\">Conception:<\/strong> Bo\u00eetier noir r\u00e9sistant aux intemp\u00e9ries<\/p>\n<\/li>\n<\/ul>","protected":false},"excerpt":{"rendered":"<h3 data-start=\"228\" data-end=\"251\"><strong data-start=\"232\" data-end=\"249\">Caract\u00e9ristiques principales<\/strong><\/h3>\n<ul data-start=\"252\" data-end=\"836\">\n<li data-start=\"252\" data-end=\"321\">\n<p data-start=\"254\" data-end=\"321\">Prise ext\u00e9rieure intelligente d&#039;une capacit\u00e9 de 16 A avec mesure de puissance int\u00e9gr\u00e9e.<\/p>\n<\/li>\n<li data-start=\"322\" data-end=\"414\">\n<p data-start=\"324\" data-end=\"414\">Permet le contr\u00f4le \u00e0 distance, la programmation et la surveillance de la consommation \u00e9nerg\u00e9tique des appareils \u00e9lectriques ext\u00e9rieurs.<\/p>\n<\/li>\n<li data-start=\"415\" data-end=\"510\">\n<p data-start=\"417\" data-end=\"510\">Bo\u00eetier IP44 r\u00e9sistant aux intemp\u00e9ries, con\u00e7u pour une utilisation en ext\u00e9rieur dans les jardins, sur les terrasses ou les all\u00e9es.<\/p>\n<\/li>\n<li data-start=\"511\" data-end=\"642\">\n<p data-start=\"513\" data-end=\"642\">Connectivit\u00e9 Zigbee 3.0 compatible avec Philips Hue, Amazon Alexa, Google Assistant et autres syst\u00e8mes domotiques bas\u00e9s sur Zigbee.<\/p>\n<\/li>\n<li data-start=\"643\" data-end=\"737\">\n<p data-start=\"645\" data-end=\"737\">Prend en charge l&#039;automatisation et la commande vocale pour l&#039;\u00e9clairage, les pompes, les radiateurs ou les syst\u00e8mes d\u00e9coratifs.<\/p>\n<\/li>\n<li data-start=\"738\" data-end=\"836\">\n<p data-start=\"740\" data-end=\"836\">Construction robuste et \u00e9co\u00e9nerg\u00e9tique, offrant des performances fiables quelles que soient les conditions m\u00e9t\u00e9orologiques.<\/p>\n<\/li>\n<\/ul>","protected":false},"featured_media":3573,"comment_status":"open","ping_status":"closed","template":"","meta":{"jetpack_post_was_ever_published":false,"jetpack_publicize_message":"","jetpack_publicize_feature_enabled":true,"jetpack_social_post_already_shared":false,"jetpack_social_options":{"image_generator_settings":{"template":"highway","default_image_id":0,"font":"","enabled":false},"version":2}},"product_brand":[102],"product_cat":[99],"product_tag":[],"class_list":{"0":"post-3571","1":"product","2":"type-product","3":"status-publish","4":"has-post-thumbnail","6":"product_brand-innr","7":"product_cat-smart-plugs","9":"first","10":"instock","11":"taxable","12":"shipping-taxable","13":"purchasable","14":"product-type-simple"},"yoast_head":"<!-- This site is optimized with the Yoast SEO plugin v27.3 - https:\/\/yoast.com\/product\/yoast-seo-wordpress\/ -->\n<title>Innr Outdoor Smart Plug - 16A - Planitpower<\/title>\n<meta name=\"description\" content=\"Innr Outdoor Smart Plug (16A) \u2013 Zigbee 3.0 control with power metering, 3680 W load, IP44 weatherproof, app &amp; voice control, ideal for garden and outdoor devices.\" \/>\n<meta name=\"robots\" content=\"index, follow, max-snippet:-1, max-image-preview:large, max-video-preview:-1\" \/>\n<link rel=\"canonical\" href=\"https:\/\/planitpower.com\/fr\/boutique\/prise-connectee-exterieure-innr-16a\/\" \/>\n<meta property=\"og:locale\" content=\"fr_FR\" \/>\n<meta property=\"og:type\" content=\"article\" \/>\n<meta property=\"og:title\" content=\"Innr Outdoor Smart Plug - 16A - Planitpower\" \/>\n<meta property=\"og:description\" content=\"Innr Outdoor Smart Plug (16A) \u2013 Zigbee 3.0 control with power metering, 3680 W load, IP44 weatherproof, app &amp; voice control, ideal for garden and outdoor devices.\" \/>\n<meta property=\"og:url\" content=\"https:\/\/planitpower.com\/fr\/boutique\/prise-connectee-exterieure-innr-16a\/\" \/>\n<meta property=\"og:site_name\" content=\"Planitpower\" \/>\n<meta property=\"og:image\" content=\"https:\/\/i0.wp.com\/planitpower.com\/wp-content\/uploads\/2025\/10\/OSP240compositionrender.webp?fit=1920%2C1920&ssl=1\" \/>\n\t<meta property=\"og:image:width\" content=\"1920\" \/>\n\t<meta property=\"og:image:height\" content=\"1920\" \/>\n\t<meta property=\"og:image:type\" content=\"image\/webp\" \/>\n<meta name=\"twitter:card\" content=\"summary_large_image\" \/>\n<meta name=\"twitter:label1\" content=\"Dur\u00e9e de lecture estim\u00e9e\" \/>\n\t<meta name=\"twitter:data1\" content=\"1 minute\" \/>\n<script type=\"application\/ld+json\" class=\"yoast-schema-graph\">{\"@context\":\"https:\\\/\\\/schema.org\",\"@graph\":[{\"@type\":\"WebPage\",\"@id\":\"https:\\\/\\\/planitpower.com\\\/shop\\\/innr-outdoor-smart-plug-16a\\\/\",\"url\":\"https:\\\/\\\/planitpower.com\\\/shop\\\/innr-outdoor-smart-plug-16a\\\/\",\"name\":\"Innr Outdoor Smart Plug - 16A - Planitpower\",\"isPartOf\":{\"@id\":\"https:\\\/\\\/planitpower.com\\\/#website\"},\"primaryImageOfPage\":{\"@id\":\"https:\\\/\\\/planitpower.com\\\/shop\\\/innr-outdoor-smart-plug-16a\\\/#primaryimage\"},\"image\":{\"@id\":\"https:\\\/\\\/planitpower.com\\\/shop\\\/innr-outdoor-smart-plug-16a\\\/#primaryimage\"},\"thumbnailUrl\":\"https:\\\/\\\/i0.wp.com\\\/planitpower.com\\\/wp-content\\\/uploads\\\/2025\\\/10\\\/OSP240compositionrender.webp?fit=1920%2C1920&ssl=1\",\"datePublished\":\"2026-01-04T00:28:55+00:00\",\"description\":\"Innr Outdoor Smart Plug (16A) \u2013 Zigbee 3.0 control with power metering, 3680 W load, IP44 weatherproof, app & voice control, ideal for garden and outdoor devices.\",\"breadcrumb\":{\"@id\":\"https:\\\/\\\/planitpower.com\\\/shop\\\/innr-outdoor-smart-plug-16a\\\/#breadcrumb\"},\"inLanguage\":\"fr-FR\",\"potentialAction\":[{\"@type\":\"ReadAction\",\"target\":[\"https:\\\/\\\/planitpower.com\\\/shop\\\/innr-outdoor-smart-plug-16a\\\/\"]}]},{\"@type\":\"ImageObject\",\"inLanguage\":\"fr-FR\",\"@id\":\"https:\\\/\\\/planitpower.com\\\/shop\\\/innr-outdoor-smart-plug-16a\\\/#primaryimage\",\"url\":\"https:\\\/\\\/i0.wp.com\\\/planitpower.com\\\/wp-content\\\/uploads\\\/2025\\\/10\\\/OSP240compositionrender.webp?fit=1920%2C1920&ssl=1\",\"contentUrl\":\"https:\\\/\\\/i0.wp.com\\\/planitpower.com\\\/wp-content\\\/uploads\\\/2025\\\/10\\\/OSP240compositionrender.webp?fit=1920%2C1920&ssl=1\",\"width\":1920,\"height\":1920,\"caption\":\"vInnr Outdoor Smart Plug - 16A - Planitpower - 6\"},{\"@type\":\"BreadcrumbList\",\"@id\":\"https:\\\/\\\/planitpower.com\\\/shop\\\/innr-outdoor-smart-plug-16a\\\/#breadcrumb\",\"itemListElement\":[{\"@type\":\"ListItem\",\"position\":1,\"name\":\"Home\",\"item\":\"https:\\\/\\\/planitpower.com\\\/\"},{\"@type\":\"ListItem\",\"position\":2,\"name\":\"SHOP\",\"item\":\"https:\\\/\\\/planitpower.com\\\/shop\\\/\"},{\"@type\":\"ListItem\",\"position\":3,\"name\":\"Innr Outdoor Smart Plug &#8211; 16A\"}]},{\"@type\":\"WebSite\",\"@id\":\"https:\\\/\\\/planitpower.com\\\/#website\",\"url\":\"https:\\\/\\\/planitpower.com\\\/\",\"name\":\"Planitpower\",\"description\":\"Inspire energy\",\"publisher\":{\"@id\":\"https:\\\/\\\/planitpower.com\\\/#\\\/schema\\\/person\\\/b531587eda267b930b04174d12de6efa\"},\"potentialAction\":[{\"@type\":\"SearchAction\",\"target\":{\"@type\":\"EntryPoint\",\"urlTemplate\":\"https:\\\/\\\/planitpower.com\\\/?s={search_term_string}\"},\"query-input\":{\"@type\":\"PropertyValueSpecification\",\"valueRequired\":true,\"valueName\":\"search_term_string\"}}],\"inLanguage\":\"fr-FR\"},{\"@type\":[\"Person\",\"Organization\"],\"@id\":\"https:\\\/\\\/planitpower.com\\\/#\\\/schema\\\/person\\\/b531587eda267b930b04174d12de6efa\",\"name\":\"Editorial Team\",\"image\":{\"@type\":\"ImageObject\",\"inLanguage\":\"fr-FR\",\"@id\":\"https:\\\/\\\/i0.wp.com\\\/planitpower.com\\\/wp-content\\\/uploads\\\/2025\\\/12\\\/cropped-planitpower_circle_375x375.png?fit=512%2C512&ssl=1\",\"url\":\"https:\\\/\\\/i0.wp.com\\\/planitpower.com\\\/wp-content\\\/uploads\\\/2025\\\/12\\\/cropped-planitpower_circle_375x375.png?fit=512%2C512&ssl=1\",\"contentUrl\":\"https:\\\/\\\/i0.wp.com\\\/planitpower.com\\\/wp-content\\\/uploads\\\/2025\\\/12\\\/cropped-planitpower_circle_375x375.png?fit=512%2C512&ssl=1\",\"width\":512,\"height\":512,\"caption\":\"Editorial Team\"},\"logo\":{\"@id\":\"https:\\\/\\\/i0.wp.com\\\/planitpower.com\\\/wp-content\\\/uploads\\\/2025\\\/12\\\/cropped-planitpower_circle_375x375.png?fit=512%2C512&ssl=1\"},\"sameAs\":[\"https:\\\/\\\/Planitpower.com\"]}]}<\/script>\n<!-- \/ Yoast SEO plugin. -->","yoast_head_json":{"title":"Prise intelligente ext\u00e9rieure Innr - 16 A - Planitpower","description":"Prise intelligente ext\u00e9rieure Innr (16A) \u2013 Contr\u00f4le Zigbee 3.0 avec mesure de puissance, charge de 3680 W, \u00e9tanche IP44, contr\u00f4le par application et voix, id\u00e9ale pour les appareils de jardin et d&#039;ext\u00e9rieur.","robots":{"index":"index","follow":"follow","max-snippet":"max-snippet:-1","max-image-preview":"max-image-preview:large","max-video-preview":"max-video-preview:-1"},"canonical":"https:\/\/planitpower.com\/fr\/boutique\/prise-connectee-exterieure-innr-16a\/","og_locale":"fr_FR","og_type":"article","og_title":"Innr Outdoor Smart Plug - 16A - Planitpower","og_description":"Innr Outdoor Smart Plug (16A) \u2013 Zigbee 3.0 control with power metering, 3680 W load, IP44 weatherproof, app & voice control, ideal for garden and outdoor devices.","og_url":"https:\/\/planitpower.com\/fr\/boutique\/prise-connectee-exterieure-innr-16a\/","og_site_name":"Planitpower","og_image":[{"width":1920,"height":1920,"url":"https:\/\/i0.wp.com\/planitpower.com\/wp-content\/uploads\/2025\/10\/OSP240compositionrender.webp?fit=1920%2C1920&ssl=1","type":"image\/webp"}],"twitter_card":"summary_large_image","twitter_misc":{"Dur\u00e9e de lecture estim\u00e9e":"1 minute"},"schema":{"@context":"https:\/\/schema.org","@graph":[{"@type":"WebPage","@id":"https:\/\/planitpower.com\/shop\/innr-outdoor-smart-plug-16a\/","url":"https:\/\/planitpower.com\/shop\/innr-outdoor-smart-plug-16a\/","name":"Prise intelligente ext\u00e9rieure Innr - 16 A - Planitpower","isPartOf":{"@id":"https:\/\/planitpower.com\/#website"},"primaryImageOfPage":{"@id":"https:\/\/planitpower.com\/shop\/innr-outdoor-smart-plug-16a\/#primaryimage"},"image":{"@id":"https:\/\/planitpower.com\/shop\/innr-outdoor-smart-plug-16a\/#primaryimage"},"thumbnailUrl":"https:\/\/i0.wp.com\/planitpower.com\/wp-content\/uploads\/2025\/10\/OSP240compositionrender.webp?fit=1920%2C1920&ssl=1","datePublished":"2026-01-04T00:28:55+00:00","description":"Prise intelligente ext\u00e9rieure Innr (16A) \u2013 Contr\u00f4le Zigbee 3.0 avec mesure de puissance, charge de 3680 W, \u00e9tanche IP44, contr\u00f4le par application et voix, id\u00e9ale pour les appareils de jardin et d&#039;ext\u00e9rieur.","breadcrumb":{"@id":"https:\/\/planitpower.com\/shop\/innr-outdoor-smart-plug-16a\/#breadcrumb"},"inLanguage":"fr-FR","potentialAction":[{"@type":"ReadAction","target":["https:\/\/planitpower.com\/shop\/innr-outdoor-smart-plug-16a\/"]}]},{"@type":"ImageObject","inLanguage":"fr-FR","@id":"https:\/\/planitpower.com\/shop\/innr-outdoor-smart-plug-16a\/#primaryimage","url":"https:\/\/i0.wp.com\/planitpower.com\/wp-content\/uploads\/2025\/10\/OSP240compositionrender.webp?fit=1920%2C1920&ssl=1","contentUrl":"https:\/\/i0.wp.com\/planitpower.com\/wp-content\/uploads\/2025\/10\/OSP240compositionrender.webp?fit=1920%2C1920&ssl=1","width":1920,"height":1920,"caption":"vInnr Outdoor Smart Plug - 16A - Planitpower - 6"},{"@type":"BreadcrumbList","@id":"https:\/\/planitpower.com\/shop\/innr-outdoor-smart-plug-16a\/#breadcrumb","itemListElement":[{"@type":"ListItem","position":1,"name":"Home","item":"https:\/\/planitpower.com\/"},{"@type":"ListItem","position":2,"name":"SHOP","item":"https:\/\/planitpower.com\/shop\/"},{"@type":"ListItem","position":3,"name":"Innr Outdoor Smart Plug &#8211; 16A"}]},{"@type":"WebSite","@id":"https:\/\/planitpower.com\/#website","url":"https:\/\/planitpower.com\/","name":"Planitpower","description":"Inspirons l'\u00e9nergie!","publisher":{"@id":"https:\/\/planitpower.com\/#\/schema\/person\/b531587eda267b930b04174d12de6efa"},"potentialAction":[{"@type":"SearchAction","target":{"@type":"EntryPoint","urlTemplate":"https:\/\/planitpower.com\/?s={search_term_string}"},"query-input":{"@type":"PropertyValueSpecification","valueRequired":true,"valueName":"search_term_string"}}],"inLanguage":"fr-FR"},{"@type":["Person","Organization"],"@id":"https:\/\/planitpower.com\/#\/schema\/person\/b531587eda267b930b04174d12de6efa","name":"Equipe \u00e9ditoriale","image":{"@type":"ImageObject","inLanguage":"fr-FR","@id":"https:\/\/i0.wp.com\/planitpower.com\/wp-content\/uploads\/2025\/12\/cropped-planitpower_circle_375x375.png?fit=512%2C512&ssl=1","url":"https:\/\/i0.wp.com\/planitpower.com\/wp-content\/uploads\/2025\/12\/cropped-planitpower_circle_375x375.png?fit=512%2C512&ssl=1","contentUrl":"https:\/\/i0.wp.com\/planitpower.com\/wp-content\/uploads\/2025\/12\/cropped-planitpower_circle_375x375.png?fit=512%2C512&ssl=1","width":512,"height":512,"caption":"Editorial Team"},"logo":{"@id":"https:\/\/i0.wp.com\/planitpower.com\/wp-content\/uploads\/2025\/12\/cropped-planitpower_circle_375x375.png?fit=512%2C512&ssl=1"},"sameAs":["https:\/\/Planitpower.com"]}]}},"jetpack_publicize_connections":[],"jetpack_likes_enabled":true,"jetpack_sharing_enabled":true,"jetpack-related-posts":[{"id":5208,"url":"https:\/\/planitpower.com\/fr\/boutique\/zendure-solarflow-2400-ac\/","url_meta":{"origin":3571,"position":0},"title":"Zendure SolarFlow 2400 AC","author":"Editorial Team","date":"28\/11\/2025","format":false,"excerpt":"Main features Syst\u00e8me de gestion intelligent AC-coupl\u00e9Contr\u00f4le automatiquement la charge et la d\u00e9charge des batteries AB3000X selon la production solaire, votre consommation et les horaires tarifaires. Compatible avec les micro-onduleursFonctionne avec les installations photovolta\u00efques AC jusqu\u2019\u00e0 2000 W, sans modifier l\u2019infrastructure existante. Puissance de sortie flexible800 W en mode plug-and-play\u2026","rel":"","context":"Article similaire","block_context":{"text":"Article similaire","link":""},"img":{"alt_text":"Zendure SolarFlow 2400 AC - planitpower","src":"https:\/\/i0.wp.com\/planitpower.com\/wp-content\/uploads\/2025\/11\/zendure-solarflow-2400-ac-seul.jpg?fit=500%2C500&ssl=1&resize=350%2C200","width":350,"height":200},"classes":[]}],"_links":{"self":[{"href":"https:\/\/planitpower.com\/fr\/wp-json\/wp\/v2\/product\/3571","targetHints":{"allow":["GET"]}}],"collection":[{"href":"https:\/\/planitpower.com\/fr\/wp-json\/wp\/v2\/product"}],"about":[{"href":"https:\/\/planitpower.com\/fr\/wp-json\/wp\/v2\/types\/product"}],"replies":[{"embeddable":true,"href":"https:\/\/planitpower.com\/fr\/wp-json\/wp\/v2\/comments?post=3571"}],"version-history":[{"count":0,"href":"https:\/\/planitpower.com\/fr\/wp-json\/wp\/v2\/product\/3571\/revisions"}],"wp:featuredmedia":[{"embeddable":true,"href":"https:\/\/planitpower.com\/fr\/wp-json\/wp\/v2\/media\/3573"}],"wp:attachment":[{"href":"https:\/\/planitpower.com\/fr\/wp-json\/wp\/v2\/media?parent=3571"}],"wp:term":[{"taxonomy":"product_brand","embeddable":true,"href":"https:\/\/planitpower.com\/fr\/wp-json\/wp\/v2\/product_brand?post=3571"},{"taxonomy":"product_cat","embeddable":true,"href":"https:\/\/planitpower.com\/fr\/wp-json\/wp\/v2\/product_cat?post=3571"},{"taxonomy":"product_tag","embeddable":true,"href":"https:\/\/planitpower.com\/fr\/wp-json\/wp\/v2\/product_tag?post=3571"}],"curies":[{"name":"wp","href":"https:\/\/api.w.org\/{rel}","templated":true}]}}