{"id":3580,"date":"2025-11-24T14:13:38","date_gmt":"2025-11-24T14:13:38","guid":{"rendered":"https:\/\/planitpower.com\/?post_type=product&#038;p=3580"},"modified":"2026-02-19T21:06:58","modified_gmt":"2026-02-19T21:06:58","slug":"pont-zigbee-innr","status":"publish","type":"product","link":"https:\/\/planitpower.com\/fr\/boutique\/pont-zigbee-innr\/","title":{"rendered":"Pont zigbee Innr"},"content":{"rendered":"<h3 data-start=\"778\" data-end=\"807\"><strong data-start=\"782\" data-end=\"805\">Description du produit<\/strong><\/h3>\n<p data-start=\"808\" data-end=\"1519\">Le <strong data-start=\"812\" data-end=\"834\">Pont Innr Zigbee<\/strong> Le pont Zigbee est le hub central qui exploite pleinement le potentiel de votre \u00e9clairage et de vos accessoires connect\u00e9s Innr. Servant de passerelle entre votre r\u00e9seau domestique et vos appareils Zigbee, il permet un contr\u00f4le, une automatisation et une programmation simplifi\u00e9s de votre installation domotique via l&#039;application Innr. Vous pouvez ainsi g\u00e9rer facilement la luminosit\u00e9, la couleur et la dur\u00e9e d&#039;\u00e9clairage, ou utiliser des assistants vocaux comme Alexa et Google Assistant pour une utilisation mains libres. Con\u00e7u pour une stabilit\u00e9 et une simplicit\u00e9 d&#039;utilisation optimales, le pont Zigbee garantit une communication rapide et une connexion s\u00e9curis\u00e9e entre tous vos appareils. Gr\u00e2ce \u00e0 sa conception compacte et \u00e0 son installation facile, il constitue la base id\u00e9ale pour cr\u00e9er un syst\u00e8me domotique fiable et \u00e9volutif.<\/p>\n<h3 data-start=\"1526\" data-end=\"1560\"><strong data-start=\"1530\" data-end=\"1558\">Sp\u00e9cifications techniques<\/strong><\/h3>\n<ul data-start=\"1561\" data-end=\"2222\">\n<li data-start=\"1561\" data-end=\"1602\">\n<p data-start=\"1563\" data-end=\"1602\"><strong data-start=\"1563\" data-end=\"1572\">Taper:<\/strong> Pont\/passerelle Zigbee 3.0<\/p>\n<\/li>\n<li data-start=\"1603\" data-end=\"1671\">\n<p data-start=\"1605\" data-end=\"1671\"><strong data-start=\"1605\" data-end=\"1622\">Connectivit\u00e9 :<\/strong> Ethernet (vers le routeur) + Zigbee 3.0 (vers les appareils)<\/p>\n<\/li>\n<li data-start=\"1672\" data-end=\"1789\">\n<p data-start=\"1674\" data-end=\"1789\"><strong data-start=\"1674\" data-end=\"1692\">Compatibilit\u00e9:<\/strong> Compatible avec Innr, Philips Hue*, Amazon Alexa et Google Assistant (*les fonctionnalit\u00e9s du pont Hue peuvent varier)<\/p>\n<\/li>\n<li data-start=\"1790\" data-end=\"1843\">\n<p data-start=\"1792\" data-end=\"1843\"><strong data-start=\"1792\" data-end=\"1809\">Alimentation \u00e9lectrique :<\/strong> Alimentation 5 V CC via adaptateur USB inclus<\/p>\n<\/li>\n<li data-start=\"1844\" data-end=\"1914\">\n<p data-start=\"1846\" data-end=\"1914\"><strong data-start=\"1846\" data-end=\"1866\">Plage de fonctionnement :<\/strong> Jusqu&#039;\u00e0 30 m en int\u00e9rieur (selon l&#039;environnement)<\/p>\n<\/li>\n<li data-start=\"1915\" data-end=\"1997\">\n<p data-start=\"1917\" data-end=\"1997\"><strong data-start=\"1917\" data-end=\"1939\">Appareils compatibles\u00a0:<\/strong> Ampoules, prises et accessoires intelligents Innr Zigbee 3.0<\/p>\n<\/li>\n<li data-start=\"1998\" data-end=\"2041\">\n<p data-start=\"2000\" data-end=\"2041\"><strong data-start=\"2000\" data-end=\"2026\">Temp\u00e9rature de fonctionnement :<\/strong> 0 \u00b0C \u2013 35 \u00b0C<\/p>\n<\/li>\n<li data-start=\"2042\" data-end=\"2097\">\n<p data-start=\"2044\" data-end=\"2097\"><strong data-start=\"2044\" data-end=\"2061\">Installation:<\/strong> Installation simplifi\u00e9e avec l&#039;application Innr<\/p>\n<\/li>\n<li data-start=\"2098\" data-end=\"2155\">\n<p data-start=\"2100\" data-end=\"2155\"><strong data-start=\"2100\" data-end=\"2115\">Dimensions :<\/strong> Conception compacte pour bureau ou \u00e9tag\u00e8re<\/p>\n<\/li>\n<li data-start=\"2156\" data-end=\"2222\">\n<p data-start=\"2158\" data-end=\"2222\"><strong data-start=\"2158\" data-end=\"2178\">M\u00e9thodes de contr\u00f4le\u00a0:<\/strong> R\u00e8gles d&#039;application, d&#039;assistant vocal ou d&#039;automatisation<\/p>\n<\/li>\n<\/ul>","protected":false},"excerpt":{"rendered":"<h3 data-start=\"235\" data-end=\"258\"><strong data-start=\"239\" data-end=\"256\">Caract\u00e9ristiques principales<\/strong><\/h3>\n<ul data-start=\"259\" data-end=\"771\">\n<li data-start=\"259\" data-end=\"338\">\n<p data-start=\"261\" data-end=\"338\">Pont central Zigbee 3.0 qui connecte et g\u00e8re tous les appareils intelligents Innr.<\/p>\n<\/li>\n<li data-start=\"339\" data-end=\"455\">\n<p data-start=\"341\" data-end=\"455\">Permet de contr\u00f4ler sans fil les lumi\u00e8res, les prises et autres accessoires intelligents via l&#039;application Innr ou les plateformes compatibles.<\/p>\n<\/li>\n<li data-start=\"456\" data-end=\"550\">\n<p data-start=\"458\" data-end=\"550\">Int\u00e9gration transparente avec Amazon Alexa, Google Assistant et les autres \u00e9cosyst\u00e8mes Zigbee 3.0.<\/p>\n<\/li>\n<li data-start=\"551\" data-end=\"625\">\n<p data-start=\"553\" data-end=\"625\">Communication fiable \u00e0 faible latence pour des performances stables de la maison connect\u00e9e.<\/p>\n<\/li>\n<li data-start=\"626\" data-end=\"703\">\n<p data-start=\"628\" data-end=\"703\">Installation simple avec d\u00e9tection automatique des appareils et connexion s\u00e9curis\u00e9e au cloud.<\/p>\n<\/li>\n<li data-start=\"704\" data-end=\"771\">\n<p data-start=\"706\" data-end=\"771\">Un design compact et discret, adapt\u00e9 \u00e0 tous les environnements int\u00e9rieurs.<\/p>\n<\/li>\n<\/ul>","protected":false},"featured_media":3582,"comment_status":"open","ping_status":"closed","template":"","meta":{"jetpack_post_was_ever_published":false,"jetpack_publicize_message":"","jetpack_publicize_feature_enabled":false,"jetpack_social_post_already_shared":false,"jetpack_social_options":{"image_generator_settings":{"template":"highway","default_image_id":0,"font":"","enabled":false},"version":2}},"product_brand":[102],"product_cat":[122],"product_tag":[],"class_list":{"0":"post-3580","1":"product","2":"type-product","3":"status-publish","4":"has-post-thumbnail","6":"product_brand-innr","7":"product_cat-home-automation-hubs-ecosystems","9":"first","10":"instock","11":"taxable","12":"shipping-taxable","13":"purchasable","14":"product-type-simple"},"yoast_head":"<!-- This site is optimized with the Yoast SEO plugin v27.3 - https:\/\/yoast.com\/product\/yoast-seo-wordpress\/ -->\n<title>Innr zigbee Bridge - Planitpower<\/title>\n<meta name=\"description\" content=\"Innr Zigbee Bridge \u2013 central smart-home hub for Innr devices, Zigbee 3.0 connectivity, Alexa &amp; Google compatible, fast setup, stable wireless control, compact design.\" \/>\n<meta name=\"robots\" content=\"index, follow, max-snippet:-1, max-image-preview:large, max-video-preview:-1\" \/>\n<link rel=\"canonical\" href=\"https:\/\/planitpower.com\/fr\/boutique\/pont-zigbee-innr\/\" \/>\n<meta property=\"og:locale\" content=\"fr_FR\" \/>\n<meta property=\"og:type\" content=\"article\" \/>\n<meta property=\"og:title\" content=\"Innr zigbee Bridge - Planitpower\" \/>\n<meta property=\"og:description\" content=\"Innr Zigbee Bridge \u2013 central smart-home hub for Innr devices, Zigbee 3.0 connectivity, Alexa &amp; Google compatible, fast setup, stable wireless control, compact design.\" \/>\n<meta property=\"og:url\" content=\"https:\/\/planitpower.com\/fr\/boutique\/pont-zigbee-innr\/\" \/>\n<meta property=\"og:site_name\" content=\"Planitpower\" \/>\n<meta property=\"article:modified_time\" content=\"2026-02-19T21:06:58+00:00\" \/>\n<meta property=\"og:image\" content=\"https:\/\/i0.wp.com\/planitpower.com\/wp-content\/uploads\/2025\/10\/01BG220BridgeComposition.webp?fit=1920%2C1920&ssl=1\" \/>\n\t<meta property=\"og:image:width\" content=\"1920\" \/>\n\t<meta property=\"og:image:height\" content=\"1920\" \/>\n\t<meta property=\"og:image:type\" content=\"image\/webp\" \/>\n<meta name=\"twitter:card\" content=\"summary_large_image\" \/>\n<meta name=\"twitter:label1\" content=\"Dur\u00e9e de lecture estim\u00e9e\" \/>\n\t<meta name=\"twitter:data1\" content=\"2 minutes\" \/>\n<script type=\"application\/ld+json\" class=\"yoast-schema-graph\">{\"@context\":\"https:\\\/\\\/schema.org\",\"@graph\":[{\"@type\":\"WebPage\",\"@id\":\"https:\\\/\\\/planitpower.com\\\/shop\\\/innr-zigbee-bridge\\\/\",\"url\":\"https:\\\/\\\/planitpower.com\\\/shop\\\/innr-zigbee-bridge\\\/\",\"name\":\"Innr zigbee Bridge - Planitpower\",\"isPartOf\":{\"@id\":\"https:\\\/\\\/planitpower.com\\\/#website\"},\"primaryImageOfPage\":{\"@id\":\"https:\\\/\\\/planitpower.com\\\/shop\\\/innr-zigbee-bridge\\\/#primaryimage\"},\"image\":{\"@id\":\"https:\\\/\\\/planitpower.com\\\/shop\\\/innr-zigbee-bridge\\\/#primaryimage\"},\"thumbnailUrl\":\"https:\\\/\\\/i0.wp.com\\\/planitpower.com\\\/wp-content\\\/uploads\\\/2025\\\/10\\\/01BG220BridgeComposition.webp?fit=1920%2C1920&ssl=1\",\"datePublished\":\"2025-11-24T14:13:38+00:00\",\"dateModified\":\"2026-02-19T21:06:58+00:00\",\"description\":\"Innr Zigbee Bridge \u2013 central smart-home hub for Innr devices, Zigbee 3.0 connectivity, Alexa & Google compatible, fast setup, stable wireless control, compact design.\",\"breadcrumb\":{\"@id\":\"https:\\\/\\\/planitpower.com\\\/shop\\\/innr-zigbee-bridge\\\/#breadcrumb\"},\"inLanguage\":\"fr-FR\",\"potentialAction\":[{\"@type\":\"ReadAction\",\"target\":[\"https:\\\/\\\/planitpower.com\\\/shop\\\/innr-zigbee-bridge\\\/\"]}]},{\"@type\":\"ImageObject\",\"inLanguage\":\"fr-FR\",\"@id\":\"https:\\\/\\\/planitpower.com\\\/shop\\\/innr-zigbee-bridge\\\/#primaryimage\",\"url\":\"https:\\\/\\\/i0.wp.com\\\/planitpower.com\\\/wp-content\\\/uploads\\\/2025\\\/10\\\/01BG220BridgeComposition.webp?fit=1920%2C1920&ssl=1\",\"contentUrl\":\"https:\\\/\\\/i0.wp.com\\\/planitpower.com\\\/wp-content\\\/uploads\\\/2025\\\/10\\\/01BG220BridgeComposition.webp?fit=1920%2C1920&ssl=1\",\"width\":1920,\"height\":1920,\"caption\":\"Innr Bridge - Planitpower - 3\"},{\"@type\":\"BreadcrumbList\",\"@id\":\"https:\\\/\\\/planitpower.com\\\/shop\\\/innr-zigbee-bridge\\\/#breadcrumb\",\"itemListElement\":[{\"@type\":\"ListItem\",\"position\":1,\"name\":\"Home\",\"item\":\"https:\\\/\\\/planitpower.com\\\/\"},{\"@type\":\"ListItem\",\"position\":2,\"name\":\"SHOP\",\"item\":\"https:\\\/\\\/planitpower.com\\\/shop\\\/\"},{\"@type\":\"ListItem\",\"position\":3,\"name\":\"Innr zigbee Bridge\"}]},{\"@type\":\"WebSite\",\"@id\":\"https:\\\/\\\/planitpower.com\\\/#website\",\"url\":\"https:\\\/\\\/planitpower.com\\\/\",\"name\":\"Planitpower\",\"description\":\"Inspire energy\",\"publisher\":{\"@id\":\"https:\\\/\\\/planitpower.com\\\/#\\\/schema\\\/person\\\/b531587eda267b930b04174d12de6efa\"},\"potentialAction\":[{\"@type\":\"SearchAction\",\"target\":{\"@type\":\"EntryPoint\",\"urlTemplate\":\"https:\\\/\\\/planitpower.com\\\/?s={search_term_string}\"},\"query-input\":{\"@type\":\"PropertyValueSpecification\",\"valueRequired\":true,\"valueName\":\"search_term_string\"}}],\"inLanguage\":\"fr-FR\"},{\"@type\":[\"Person\",\"Organization\"],\"@id\":\"https:\\\/\\\/planitpower.com\\\/#\\\/schema\\\/person\\\/b531587eda267b930b04174d12de6efa\",\"name\":\"Editorial Team\",\"image\":{\"@type\":\"ImageObject\",\"inLanguage\":\"fr-FR\",\"@id\":\"https:\\\/\\\/i0.wp.com\\\/planitpower.com\\\/wp-content\\\/uploads\\\/2025\\\/12\\\/cropped-planitpower_circle_375x375.png?fit=512%2C512&ssl=1\",\"url\":\"https:\\\/\\\/i0.wp.com\\\/planitpower.com\\\/wp-content\\\/uploads\\\/2025\\\/12\\\/cropped-planitpower_circle_375x375.png?fit=512%2C512&ssl=1\",\"contentUrl\":\"https:\\\/\\\/i0.wp.com\\\/planitpower.com\\\/wp-content\\\/uploads\\\/2025\\\/12\\\/cropped-planitpower_circle_375x375.png?fit=512%2C512&ssl=1\",\"width\":512,\"height\":512,\"caption\":\"Editorial Team\"},\"logo\":{\"@id\":\"https:\\\/\\\/i0.wp.com\\\/planitpower.com\\\/wp-content\\\/uploads\\\/2025\\\/12\\\/cropped-planitpower_circle_375x375.png?fit=512%2C512&ssl=1\"},\"sameAs\":[\"https:\\\/\\\/Planitpower.com\"]}]}<\/script>\n<!-- \/ Yoast SEO plugin. -->","yoast_head_json":{"title":"Pont Zigbee Innr - Planitpower","description":"Pont Zigbee Innr \u2013 hub domotique central pour les appareils Innr, connectivit\u00e9 Zigbee 3.0, compatible avec Alexa et Google, installation rapide, contr\u00f4le sans fil stable, conception compacte.","robots":{"index":"index","follow":"follow","max-snippet":"max-snippet:-1","max-image-preview":"max-image-preview:large","max-video-preview":"max-video-preview:-1"},"canonical":"https:\/\/planitpower.com\/fr\/boutique\/pont-zigbee-innr\/","og_locale":"fr_FR","og_type":"article","og_title":"Innr zigbee Bridge - Planitpower","og_description":"Innr Zigbee Bridge \u2013 central smart-home hub for Innr devices, Zigbee 3.0 connectivity, Alexa & Google compatible, fast setup, stable wireless control, compact design.","og_url":"https:\/\/planitpower.com\/fr\/boutique\/pont-zigbee-innr\/","og_site_name":"Planitpower","article_modified_time":"2026-02-19T21:06:58+00:00","og_image":[{"width":1920,"height":1920,"url":"https:\/\/i0.wp.com\/planitpower.com\/wp-content\/uploads\/2025\/10\/01BG220BridgeComposition.webp?fit=1920%2C1920&ssl=1","type":"image\/webp"}],"twitter_card":"summary_large_image","twitter_misc":{"Dur\u00e9e de lecture estim\u00e9e":"2 minutes"},"schema":{"@context":"https:\/\/schema.org","@graph":[{"@type":"WebPage","@id":"https:\/\/planitpower.com\/shop\/innr-zigbee-bridge\/","url":"https:\/\/planitpower.com\/shop\/innr-zigbee-bridge\/","name":"Pont Zigbee Innr - Planitpower","isPartOf":{"@id":"https:\/\/planitpower.com\/#website"},"primaryImageOfPage":{"@id":"https:\/\/planitpower.com\/shop\/innr-zigbee-bridge\/#primaryimage"},"image":{"@id":"https:\/\/planitpower.com\/shop\/innr-zigbee-bridge\/#primaryimage"},"thumbnailUrl":"https:\/\/i0.wp.com\/planitpower.com\/wp-content\/uploads\/2025\/10\/01BG220BridgeComposition.webp?fit=1920%2C1920&ssl=1","datePublished":"2025-11-24T14:13:38+00:00","dateModified":"2026-02-19T21:06:58+00:00","description":"Pont Zigbee Innr \u2013 hub domotique central pour les appareils Innr, connectivit\u00e9 Zigbee 3.0, compatible avec Alexa et Google, installation rapide, contr\u00f4le sans fil stable, conception compacte.","breadcrumb":{"@id":"https:\/\/planitpower.com\/shop\/innr-zigbee-bridge\/#breadcrumb"},"inLanguage":"fr-FR","potentialAction":[{"@type":"ReadAction","target":["https:\/\/planitpower.com\/shop\/innr-zigbee-bridge\/"]}]},{"@type":"ImageObject","inLanguage":"fr-FR","@id":"https:\/\/planitpower.com\/shop\/innr-zigbee-bridge\/#primaryimage","url":"https:\/\/i0.wp.com\/planitpower.com\/wp-content\/uploads\/2025\/10\/01BG220BridgeComposition.webp?fit=1920%2C1920&ssl=1","contentUrl":"https:\/\/i0.wp.com\/planitpower.com\/wp-content\/uploads\/2025\/10\/01BG220BridgeComposition.webp?fit=1920%2C1920&ssl=1","width":1920,"height":1920,"caption":"Innr Bridge - Planitpower - 3"},{"@type":"BreadcrumbList","@id":"https:\/\/planitpower.com\/shop\/innr-zigbee-bridge\/#breadcrumb","itemListElement":[{"@type":"ListItem","position":1,"name":"Home","item":"https:\/\/planitpower.com\/"},{"@type":"ListItem","position":2,"name":"SHOP","item":"https:\/\/planitpower.com\/shop\/"},{"@type":"ListItem","position":3,"name":"Innr zigbee Bridge"}]},{"@type":"WebSite","@id":"https:\/\/planitpower.com\/#website","url":"https:\/\/planitpower.com\/","name":"Planitpower","description":"Inspirons l'\u00e9nergie!","publisher":{"@id":"https:\/\/planitpower.com\/#\/schema\/person\/b531587eda267b930b04174d12de6efa"},"potentialAction":[{"@type":"SearchAction","target":{"@type":"EntryPoint","urlTemplate":"https:\/\/planitpower.com\/?s={search_term_string}"},"query-input":{"@type":"PropertyValueSpecification","valueRequired":true,"valueName":"search_term_string"}}],"inLanguage":"fr-FR"},{"@type":["Person","Organization"],"@id":"https:\/\/planitpower.com\/#\/schema\/person\/b531587eda267b930b04174d12de6efa","name":"Equipe \u00e9ditoriale","image":{"@type":"ImageObject","inLanguage":"fr-FR","@id":"https:\/\/i0.wp.com\/planitpower.com\/wp-content\/uploads\/2025\/12\/cropped-planitpower_circle_375x375.png?fit=512%2C512&ssl=1","url":"https:\/\/i0.wp.com\/planitpower.com\/wp-content\/uploads\/2025\/12\/cropped-planitpower_circle_375x375.png?fit=512%2C512&ssl=1","contentUrl":"https:\/\/i0.wp.com\/planitpower.com\/wp-content\/uploads\/2025\/12\/cropped-planitpower_circle_375x375.png?fit=512%2C512&ssl=1","width":512,"height":512,"caption":"Editorial Team"},"logo":{"@id":"https:\/\/i0.wp.com\/planitpower.com\/wp-content\/uploads\/2025\/12\/cropped-planitpower_circle_375x375.png?fit=512%2C512&ssl=1"},"sameAs":["https:\/\/Planitpower.com"]}]}},"jetpack_publicize_connections":[],"jetpack_likes_enabled":true,"jetpack_sharing_enabled":true,"jetpack-related-posts":[{"id":3587,"url":"https:\/\/planitpower.com\/fr\/boutique\/bouton-intelligent-innr\/","url_meta":{"origin":3580,"position":0},"title":"Bouton intelligent Innr","author":"Editorial Team","date":"04\/01\/2026","format":false,"excerpt":"Main Features Wireless smart button for instant control of your Innr Zigbee lighting and devices. Enables on\/off switching, dimming, and scene activation without using an app or voice control. Works seamlessly with the Innr Zigbee Bridge and compatible Zigbee 3.0 systems such as Philips Hue, Amazon Alexa, and Google Assistant.\u2026","rel":"","context":"Article similaire","block_context":{"text":"Article similaire","link":""},"img":{"alt_text":"Innr smart button - Planitpower - 1","src":"https:\/\/i0.wp.com\/planitpower.com\/wp-content\/uploads\/2025\/10\/1.webp?fit=1200%2C1200&ssl=1&resize=350%2C200","width":350,"height":200,"srcset":"https:\/\/i0.wp.com\/planitpower.com\/wp-content\/uploads\/2025\/10\/1.webp?fit=1200%2C1200&ssl=1&resize=350%2C200 1x, https:\/\/i0.wp.com\/planitpower.com\/wp-content\/uploads\/2025\/10\/1.webp?fit=1200%2C1200&ssl=1&resize=525%2C300 1.5x, https:\/\/i0.wp.com\/planitpower.com\/wp-content\/uploads\/2025\/10\/1.webp?fit=1200%2C1200&ssl=1&resize=700%2C400 2x, https:\/\/i0.wp.com\/planitpower.com\/wp-content\/uploads\/2025\/10\/1.webp?fit=1200%2C1200&ssl=1&resize=1050%2C600 3x"},"classes":[]},{"id":3591,"url":"https:\/\/planitpower.com\/fr\/boutique\/telecommande-innr\/","url_meta":{"origin":3580,"position":1},"title":"T\u00e9l\u00e9commande Innr","author":"Editorial Team","date":"04\/01\/2026","format":false,"excerpt":"Main Features Wireless smart remote for controlling Innr Zigbee lights and accessories. Supports on\/off switching, dimming, and scene selection for multiple lights or groups. Works with the Innr Zigbee Bridge and other Zigbee 3.0-compatible systems, including Philips Hue and Amazon Alexa. Provides quick, reliable control without needing an app or\u2026","rel":"","context":"Article similaire","block_context":{"text":"Article similaire","link":""},"img":{"alt_text":"Innr smart remote - Planitpower - 1","src":"https:\/\/i0.wp.com\/planitpower.com\/wp-content\/uploads\/2025\/10\/01RC250RemoteControlComposition.webp?fit=1200%2C1200&ssl=1&resize=350%2C200","width":350,"height":200,"srcset":"https:\/\/i0.wp.com\/planitpower.com\/wp-content\/uploads\/2025\/10\/01RC250RemoteControlComposition.webp?fit=1200%2C1200&ssl=1&resize=350%2C200 1x, https:\/\/i0.wp.com\/planitpower.com\/wp-content\/uploads\/2025\/10\/01RC250RemoteControlComposition.webp?fit=1200%2C1200&ssl=1&resize=525%2C300 1.5x, https:\/\/i0.wp.com\/planitpower.com\/wp-content\/uploads\/2025\/10\/01RC250RemoteControlComposition.webp?fit=1200%2C1200&ssl=1&resize=700%2C400 2x, https:\/\/i0.wp.com\/planitpower.com\/wp-content\/uploads\/2025\/10\/01RC250RemoteControlComposition.webp?fit=1200%2C1200&ssl=1&resize=1050%2C600 3x"},"classes":[]},{"id":3560,"url":"https:\/\/planitpower.com\/fr\/boutique\/prise-intelligente-innr-16a\/","url_meta":{"origin":3580,"position":2},"title":"Prise intelligente Innr \u2013 16 A","author":"Editorial Team","date":"04\/01\/2026","format":false,"excerpt":"Caract\u00e9ristiques principales : Prise connect\u00e9e permettant le contr\u00f4le \u00e0 distance et l&#039;automatisation de tout appareil connect\u00e9. Fonctionnement sans fil via Zigbee 3.0 \u2013 compatible avec Philips Hue, Amazon Alexa, Google Assistant et autres hubs Zigbee. Installation simple et rapide pour transformer vos appareils \u00e9lectrom\u00e9nagers en objets connect\u00e9s. Programmation, minuterie et commande vocale via applications compatibles.","rel":"","context":"Article similaire","block_context":{"text":"Article similaire","link":""},"img":{"alt_text":"Innr Smart Plug - 16A - Planitpower - 9","src":"https:\/\/i0.wp.com\/planitpower.com\/wp-content\/uploads\/2025\/10\/001SP240_Compositiongroot.webp?fit=1100%2C1100&ssl=1&resize=350%2C200","width":350,"height":200,"srcset":"https:\/\/i0.wp.com\/planitpower.com\/wp-content\/uploads\/2025\/10\/001SP240_Compositiongroot.webp?fit=1100%2C1100&ssl=1&resize=350%2C200 1x, https:\/\/i0.wp.com\/planitpower.com\/wp-content\/uploads\/2025\/10\/001SP240_Compositiongroot.webp?fit=1100%2C1100&ssl=1&resize=525%2C300 1.5x, https:\/\/i0.wp.com\/planitpower.com\/wp-content\/uploads\/2025\/10\/001SP240_Compositiongroot.webp?fit=1100%2C1100&ssl=1&resize=700%2C400 2x, https:\/\/i0.wp.com\/planitpower.com\/wp-content\/uploads\/2025\/10\/001SP240_Compositiongroot.webp?fit=1100%2C1100&ssl=1&resize=1050%2C600 3x"},"classes":[]},{"id":3429,"url":"https:\/\/planitpower.com\/fr\/boutique\/bougie-blanche-innr-e14-470-lm\/","url_meta":{"origin":3580,"position":3},"title":"Bougie Innr-E14 blanche 470 lm","author":"Editorial Team","date":"04\/01\/2026","format":false,"excerpt":"Main Features Installation in standard E14 candle-fitting sockets \u2014 ideal for chandeliers, wall lamps and decorative lighting. Wireless dimmable control via Zigbee 3.0 \u2014 adjust brightness effortlessly from 1% up to 100%. Warm white light output of approx. 470 lm, creating a cosy and efficient illumination. Compatibility with major smart-home\u2026","rel":"","context":"Article similaire","block_context":{"text":"Article similaire","link":""},"img":{"alt_text":"","src":"https:\/\/i0.wp.com\/planitpower.com\/wp-content\/uploads\/2025\/10\/RB243candle_white_EUgroot.webp?fit=1100%2C1107&ssl=1&resize=350%2C200","width":350,"height":200,"srcset":"https:\/\/i0.wp.com\/planitpower.com\/wp-content\/uploads\/2025\/10\/RB243candle_white_EUgroot.webp?fit=1100%2C1107&ssl=1&resize=350%2C200 1x, https:\/\/i0.wp.com\/planitpower.com\/wp-content\/uploads\/2025\/10\/RB243candle_white_EUgroot.webp?fit=1100%2C1107&ssl=1&resize=525%2C300 1.5x, https:\/\/i0.wp.com\/planitpower.com\/wp-content\/uploads\/2025\/10\/RB243candle_white_EUgroot.webp?fit=1100%2C1107&ssl=1&resize=700%2C400 2x, https:\/\/i0.wp.com\/planitpower.com\/wp-content\/uploads\/2025\/10\/RB243candle_white_EUgroot.webp?fit=1100%2C1107&ssl=1&resize=1050%2C600 3x"},"classes":[]},{"id":3534,"url":"https:\/\/planitpower.com\/fr\/boutique\/bande-lumineuse-flexible-zigbee-innr-couleur\/","url_meta":{"origin":3580,"position":4},"title":"Bande lumineuse flexible Innr Zigbee couleur","author":"Editorial Team","date":"04\/01\/2026","format":false,"excerpt":"Main Features Flexible smart LED light strip for indoor use \u2014 ideal for ambient or accent lighting. Full RGB colour spectrum plus tunable white light (1800 K \u2013 6500 K). Fully dimmable (1 % \u2013 100 %) with smooth transitions and precise colour control. Zigbee 3.0 connectivity compatible with major\u2026","rel":"","context":"Article similaire","block_context":{"text":"Article similaire","link":""},"img":{"alt_text":"Innr Zigbee Flex light strip color - Planitpower - 1","src":"https:\/\/i0.wp.com\/planitpower.com\/wp-content\/uploads\/2025\/10\/FL142CLD_2024_TH.webp?fit=1200%2C1200&ssl=1&resize=350%2C200","width":350,"height":200,"srcset":"https:\/\/i0.wp.com\/planitpower.com\/wp-content\/uploads\/2025\/10\/FL142CLD_2024_TH.webp?fit=1200%2C1200&ssl=1&resize=350%2C200 1x, https:\/\/i0.wp.com\/planitpower.com\/wp-content\/uploads\/2025\/10\/FL142CLD_2024_TH.webp?fit=1200%2C1200&ssl=1&resize=525%2C300 1.5x, https:\/\/i0.wp.com\/planitpower.com\/wp-content\/uploads\/2025\/10\/FL142CLD_2024_TH.webp?fit=1200%2C1200&ssl=1&resize=700%2C400 2x, https:\/\/i0.wp.com\/planitpower.com\/wp-content\/uploads\/2025\/10\/FL142CLD_2024_TH.webp?fit=1200%2C1200&ssl=1&resize=1050%2C600 3x"},"classes":[]},{"id":3571,"url":"https:\/\/planitpower.com\/fr\/boutique\/prise-connectee-exterieure-innr-16a\/","url_meta":{"origin":3580,"position":5},"title":"Prise connect\u00e9e ext\u00e9rieure Innr \u2013 16 A","author":"Editorial Team","date":"04\/01\/2026","format":false,"excerpt":"Caract\u00e9ristiques principales : Prise ext\u00e9rieure intelligente de 16 A avec compteur de puissance int\u00e9gr\u00e9. Permet le contr\u00f4le \u00e0 distance, la programmation et le suivi de la consommation \u00e9nerg\u00e9tique des appareils \u00e9lectriques ext\u00e9rieurs. Bo\u00eetier IP44 r\u00e9sistant aux intemp\u00e9ries, con\u00e7u pour une utilisation en ext\u00e9rieur dans les jardins, sur les terrasses ou les all\u00e9es. Connectivit\u00e9 Zigbee 3.0 compatible avec Philips Hue, Amazon Alexa, Google Assistant et autres syst\u00e8mes domotiques Zigbee.","rel":"","context":"Article similaire","block_context":{"text":"Article similaire","link":""},"img":{"alt_text":"vInnr Outdoor Smart Plug - 16A - Planitpower - 6","src":"https:\/\/i0.wp.com\/planitpower.com\/wp-content\/uploads\/2025\/10\/OSP240compositionrender.webp?fit=1200%2C1200&ssl=1&resize=350%2C200","width":350,"height":200,"srcset":"https:\/\/i0.wp.com\/planitpower.com\/wp-content\/uploads\/2025\/10\/OSP240compositionrender.webp?fit=1200%2C1200&ssl=1&resize=350%2C200 1x, https:\/\/i0.wp.com\/planitpower.com\/wp-content\/uploads\/2025\/10\/OSP240compositionrender.webp?fit=1200%2C1200&ssl=1&resize=525%2C300 1.5x, https:\/\/i0.wp.com\/planitpower.com\/wp-content\/uploads\/2025\/10\/OSP240compositionrender.webp?fit=1200%2C1200&ssl=1&resize=700%2C400 2x, https:\/\/i0.wp.com\/planitpower.com\/wp-content\/uploads\/2025\/10\/OSP240compositionrender.webp?fit=1200%2C1200&ssl=1&resize=1050%2C600 3x"},"classes":[]}],"_links":{"self":[{"href":"https:\/\/planitpower.com\/fr\/wp-json\/wp\/v2\/product\/3580","targetHints":{"allow":["GET"]}}],"collection":[{"href":"https:\/\/planitpower.com\/fr\/wp-json\/wp\/v2\/product"}],"about":[{"href":"https:\/\/planitpower.com\/fr\/wp-json\/wp\/v2\/types\/product"}],"replies":[{"embeddable":true,"href":"https:\/\/planitpower.com\/fr\/wp-json\/wp\/v2\/comments?post=3580"}],"version-history":[{"count":1,"href":"https:\/\/planitpower.com\/fr\/wp-json\/wp\/v2\/product\/3580\/revisions"}],"predecessor-version":[{"id":6069,"href":"https:\/\/planitpower.com\/fr\/wp-json\/wp\/v2\/product\/3580\/revisions\/6069"}],"wp:featuredmedia":[{"embeddable":true,"href":"https:\/\/planitpower.com\/fr\/wp-json\/wp\/v2\/media\/3582"}],"wp:attachment":[{"href":"https:\/\/planitpower.com\/fr\/wp-json\/wp\/v2\/media?parent=3580"}],"wp:term":[{"taxonomy":"product_brand","embeddable":true,"href":"https:\/\/planitpower.com\/fr\/wp-json\/wp\/v2\/product_brand?post=3580"},{"taxonomy":"product_cat","embeddable":true,"href":"https:\/\/planitpower.com\/fr\/wp-json\/wp\/v2\/product_cat?post=3580"},{"taxonomy":"product_tag","embeddable":true,"href":"https:\/\/planitpower.com\/fr\/wp-json\/wp\/v2\/product_tag?post=3580"}],"curies":[{"name":"wp","href":"https:\/\/api.w.org\/{rel}","templated":true}]}}