{"id":3587,"date":"2026-01-04T00:29:47","date_gmt":"2026-01-04T00:29:47","guid":{"rendered":"https:\/\/planitpower.com\/?post_type=product&#038;p=3587"},"modified":"2026-01-04T00:29:47","modified_gmt":"2026-01-04T00:29:47","slug":"bouton-intelligent-innr","status":"publish","type":"product","link":"https:\/\/planitpower.com\/fr\/boutique\/bouton-intelligent-innr\/","title":{"rendered":"Bouton intelligent Innr"},"content":{"rendered":"<h3 data-start=\"719\" data-end=\"748\"><strong data-start=\"723\" data-end=\"746\">Description du produit<\/strong><\/h3>\n<p data-start=\"749\" data-end=\"1394\">Le <strong data-start=\"753\" data-end=\"774\">Bouton intelligent Innr<\/strong> Il vous offre un contr\u00f4le simple et direct de votre syst\u00e8me d&#039;\u00e9clairage intelligent. D&#039;une simple pression, vous pouvez allumer ou \u00e9teindre les lumi\u00e8res, r\u00e9gler l&#039;intensit\u00e9 lumineuse ou activer des ambiances lumineuses pr\u00e9d\u00e9finies, sans ouvrir d&#039;application ni utiliser de commandes vocales. Con\u00e7u pour \u00eatre utilis\u00e9 avec le pont Zigbee Innr, il s&#039;int\u00e8gre \u00e9galement parfaitement avec d&#039;autres hubs compatibles Zigbee 3.0, tels que Philips Hue et Amazon Alexa. Son design compact et \u00e9l\u00e9gant tient parfaitement dans la main et peut \u00eatre fix\u00e9 au mur pour un acc\u00e8s rapide. Aliment\u00e9 par une pile bouton rempla\u00e7able, le bouton intelligent offre flexibilit\u00e9, praticit\u00e9 et un contr\u00f4le fiable de votre installation d&#039;\u00e9clairage Innr.<\/p>\n<h3 data-start=\"1401\" data-end=\"1435\"><strong data-start=\"1405\" data-end=\"1433\">Sp\u00e9cifications techniques<\/strong><\/h3>\n<ul data-start=\"1436\" data-end=\"2055\">\n<li data-start=\"1436\" data-end=\"1479\">\n<p data-start=\"1438\" data-end=\"1479\"><strong data-start=\"1438\" data-end=\"1447\">Taper:<\/strong> bouton de commande intelligent sans fil<\/p>\n<\/li>\n<li data-start=\"1480\" data-end=\"1512\">\n<p data-start=\"1482\" data-end=\"1512\"><strong data-start=\"1482\" data-end=\"1499\">Connectivit\u00e9 :<\/strong> Zigbee 3.0<\/p>\n<\/li>\n<li data-start=\"1513\" data-end=\"1566\">\n<p data-start=\"1515\" data-end=\"1566\"><strong data-start=\"1515\" data-end=\"1529\">Fonctions :<\/strong> Commande marche\/arr\u00eat, variation d&#039;intensit\u00e9 et contr\u00f4le des sc\u00e8nes<\/p>\n<\/li>\n<li data-start=\"1567\" data-end=\"1668\">\n<p data-start=\"1569\" data-end=\"1668\"><strong data-start=\"1569\" data-end=\"1587\">Compatibilit\u00e9:<\/strong> Compatible avec Innr Zigbee Bridge, Philips Hue, Amazon Alexa et Google Assistant<\/p>\n<\/li>\n<li data-start=\"1669\" data-end=\"1743\">\n<p data-start=\"1671\" data-end=\"1743\"><strong data-start=\"1671\" data-end=\"1688\">Alimentation \u00e9lectrique :<\/strong> Pile bouton rempla\u00e7able (CR2450 ou \u00e9quivalent)<\/p>\n<\/li>\n<li data-start=\"1744\" data-end=\"1793\">\n<p data-start=\"1746\" data-end=\"1793\"><strong data-start=\"1746\" data-end=\"1763\">Autonomie de la batterie :<\/strong> Jusqu&#039;\u00e0 2 ans (utilisation typique)<\/p>\n<\/li>\n<li data-start=\"1794\" data-end=\"1854\">\n<p data-start=\"1796\" data-end=\"1854\"><strong data-start=\"1796\" data-end=\"1806\">Gamme:<\/strong> Jusqu&#039;\u00e0 30 m en int\u00e9rieur (selon l&#039;environnement)<\/p>\n<\/li>\n<li data-start=\"1855\" data-end=\"1911\">\n<p data-start=\"1857\" data-end=\"1911\"><strong data-start=\"1857\" data-end=\"1874\">Installation:<\/strong> Appairage facile via un hub Zigbee ou une application<\/p>\n<\/li>\n<li data-start=\"1912\" data-end=\"1962\">\n<p data-start=\"1914\" data-end=\"1962\"><strong data-start=\"1914\" data-end=\"1935\">Options de montage :<\/strong> Portable ou mural<\/p>\n<\/li>\n<li data-start=\"1963\" data-end=\"2011\">\n<p data-start=\"1965\" data-end=\"2011\"><strong data-start=\"1965\" data-end=\"1980\">Dimensions :<\/strong> Bo\u00eetier compact et l\u00e9ger<\/p>\n<\/li>\n<li data-start=\"2012\" data-end=\"2055\">\n<p data-start=\"2014\" data-end=\"2055\"><strong data-start=\"2014\" data-end=\"2040\">Temp\u00e9rature de fonctionnement :<\/strong> 0 \u00b0C \u2013 35 \u00b0C<\/p>\n<\/li>\n<\/ul>","protected":false},"excerpt":{"rendered":"<h3 data-start=\"202\" data-end=\"225\"><strong data-start=\"206\" data-end=\"223\">Caract\u00e9ristiques principales<\/strong><\/h3>\n<ul data-start=\"226\" data-end=\"712\">\n<li data-start=\"226\" data-end=\"313\">\n<p data-start=\"228\" data-end=\"313\">Bouton intelligent sans fil pour un contr\u00f4le instantan\u00e9 de votre \u00e9clairage et de vos appareils Innr Zigbee.<\/p>\n<\/li>\n<li data-start=\"314\" data-end=\"412\">\n<p data-start=\"316\" data-end=\"412\">Permet d&#039;allumer\/d&#039;\u00e9teindre, de r\u00e9gler l&#039;intensit\u00e9 lumineuse et d&#039;activer des sc\u00e8nes sans utiliser d&#039;application ni de commande vocale.<\/p>\n<\/li>\n<li data-start=\"413\" data-end=\"552\">\n<p data-start=\"415\" data-end=\"552\">Fonctionne parfaitement avec le pont Innr Zigbee et les syst\u00e8mes Zigbee 3.0 compatibles tels que Philips Hue, Amazon Alexa et Google Assistant.<\/p>\n<\/li>\n<li data-start=\"553\" data-end=\"627\">\n<p data-start=\"555\" data-end=\"627\">Design compact et minimaliste, adapt\u00e9 \u00e0 une fixation murale ou \u00e0 une utilisation manuelle.<\/p>\n<\/li>\n<li data-start=\"628\" data-end=\"712\">\n<p data-start=\"630\" data-end=\"712\">Aliment\u00e9 par batterie, il offre une autonomie prolong\u00e9e et une configuration facile gr\u00e2ce \u00e0 l&#039;appairage Zigbee.<\/p>\n<\/li>\n<\/ul>","protected":false},"featured_media":3588,"comment_status":"open","ping_status":"closed","template":"","meta":{"jetpack_post_was_ever_published":false,"jetpack_publicize_message":"","jetpack_publicize_feature_enabled":true,"jetpack_social_post_already_shared":false,"jetpack_social_options":{"image_generator_settings":{"template":"highway","default_image_id":0,"font":"","enabled":false},"version":2}},"product_brand":[102],"product_cat":[170],"product_tag":[],"class_list":{"0":"post-3587","1":"product","2":"type-product","3":"status-publish","4":"has-post-thumbnail","6":"product_brand-innr","7":"product_cat-smart-switch","9":"first","10":"instock","11":"taxable","12":"shipping-taxable","13":"purchasable","14":"product-type-simple"},"yoast_head":"<!-- This site is optimized with the Yoast SEO plugin v27.3 - https:\/\/yoast.com\/product\/yoast-seo-wordpress\/ -->\n<title>Innr Smart button - Planitpower<\/title>\n<meta name=\"description\" content=\"Innr Smart Button \u2013 Zigbee 3.0 wireless light control, on\/off, dimming, and scene activation, battery-powered, compact design, easy pairing with Innr Bridge.\" \/>\n<meta name=\"robots\" content=\"index, follow, max-snippet:-1, max-image-preview:large, max-video-preview:-1\" \/>\n<link rel=\"canonical\" href=\"https:\/\/planitpower.com\/fr\/boutique\/bouton-intelligent-innr\/\" \/>\n<meta property=\"og:locale\" content=\"fr_FR\" \/>\n<meta property=\"og:type\" content=\"article\" \/>\n<meta property=\"og:title\" content=\"Innr Smart button - Planitpower\" \/>\n<meta property=\"og:description\" content=\"Innr Smart Button \u2013 Zigbee 3.0 wireless light control, on\/off, dimming, and scene activation, battery-powered, compact design, easy pairing with Innr Bridge.\" \/>\n<meta property=\"og:url\" content=\"https:\/\/planitpower.com\/fr\/boutique\/bouton-intelligent-innr\/\" \/>\n<meta property=\"og:site_name\" content=\"Planitpower\" \/>\n<meta property=\"og:image\" content=\"https:\/\/i0.wp.com\/planitpower.com\/wp-content\/uploads\/2025\/10\/1.webp?fit=1920%2C1920&ssl=1\" \/>\n\t<meta property=\"og:image:width\" content=\"1920\" \/>\n\t<meta property=\"og:image:height\" content=\"1920\" \/>\n\t<meta property=\"og:image:type\" content=\"image\/webp\" \/>\n<meta name=\"twitter:card\" content=\"summary_large_image\" \/>\n<meta name=\"twitter:label1\" content=\"Dur\u00e9e de lecture estim\u00e9e\" \/>\n\t<meta name=\"twitter:data1\" content=\"1 minute\" \/>\n<script type=\"application\/ld+json\" class=\"yoast-schema-graph\">{\"@context\":\"https:\\\/\\\/schema.org\",\"@graph\":[{\"@type\":\"WebPage\",\"@id\":\"https:\\\/\\\/planitpower.com\\\/shop\\\/innr-smart-button\\\/\",\"url\":\"https:\\\/\\\/planitpower.com\\\/shop\\\/innr-smart-button\\\/\",\"name\":\"Innr Smart button - Planitpower\",\"isPartOf\":{\"@id\":\"https:\\\/\\\/planitpower.com\\\/#website\"},\"primaryImageOfPage\":{\"@id\":\"https:\\\/\\\/planitpower.com\\\/shop\\\/innr-smart-button\\\/#primaryimage\"},\"image\":{\"@id\":\"https:\\\/\\\/planitpower.com\\\/shop\\\/innr-smart-button\\\/#primaryimage\"},\"thumbnailUrl\":\"https:\\\/\\\/i0.wp.com\\\/planitpower.com\\\/wp-content\\\/uploads\\\/2025\\\/10\\\/1.webp?fit=1920%2C1920&ssl=1\",\"datePublished\":\"2026-01-04T00:29:47+00:00\",\"description\":\"Innr Smart Button \u2013 Zigbee 3.0 wireless light control, on\\\/off, dimming, and scene activation, battery-powered, compact design, easy pairing with Innr Bridge.\",\"breadcrumb\":{\"@id\":\"https:\\\/\\\/planitpower.com\\\/shop\\\/innr-smart-button\\\/#breadcrumb\"},\"inLanguage\":\"fr-FR\",\"potentialAction\":[{\"@type\":\"ReadAction\",\"target\":[\"https:\\\/\\\/planitpower.com\\\/shop\\\/innr-smart-button\\\/\"]}]},{\"@type\":\"ImageObject\",\"inLanguage\":\"fr-FR\",\"@id\":\"https:\\\/\\\/planitpower.com\\\/shop\\\/innr-smart-button\\\/#primaryimage\",\"url\":\"https:\\\/\\\/i0.wp.com\\\/planitpower.com\\\/wp-content\\\/uploads\\\/2025\\\/10\\\/1.webp?fit=1920%2C1920&ssl=1\",\"contentUrl\":\"https:\\\/\\\/i0.wp.com\\\/planitpower.com\\\/wp-content\\\/uploads\\\/2025\\\/10\\\/1.webp?fit=1920%2C1920&ssl=1\",\"width\":1920,\"height\":1920,\"caption\":\"Innr smart button - Planitpower - 1\"},{\"@type\":\"BreadcrumbList\",\"@id\":\"https:\\\/\\\/planitpower.com\\\/shop\\\/innr-smart-button\\\/#breadcrumb\",\"itemListElement\":[{\"@type\":\"ListItem\",\"position\":1,\"name\":\"Home\",\"item\":\"https:\\\/\\\/planitpower.com\\\/\"},{\"@type\":\"ListItem\",\"position\":2,\"name\":\"SHOP\",\"item\":\"https:\\\/\\\/planitpower.com\\\/shop\\\/\"},{\"@type\":\"ListItem\",\"position\":3,\"name\":\"Innr Smart button\"}]},{\"@type\":\"WebSite\",\"@id\":\"https:\\\/\\\/planitpower.com\\\/#website\",\"url\":\"https:\\\/\\\/planitpower.com\\\/\",\"name\":\"Planitpower\",\"description\":\"Inspire energy\",\"publisher\":{\"@id\":\"https:\\\/\\\/planitpower.com\\\/#\\\/schema\\\/person\\\/b531587eda267b930b04174d12de6efa\"},\"potentialAction\":[{\"@type\":\"SearchAction\",\"target\":{\"@type\":\"EntryPoint\",\"urlTemplate\":\"https:\\\/\\\/planitpower.com\\\/?s={search_term_string}\"},\"query-input\":{\"@type\":\"PropertyValueSpecification\",\"valueRequired\":true,\"valueName\":\"search_term_string\"}}],\"inLanguage\":\"fr-FR\"},{\"@type\":[\"Person\",\"Organization\"],\"@id\":\"https:\\\/\\\/planitpower.com\\\/#\\\/schema\\\/person\\\/b531587eda267b930b04174d12de6efa\",\"name\":\"Editorial Team\",\"image\":{\"@type\":\"ImageObject\",\"inLanguage\":\"fr-FR\",\"@id\":\"https:\\\/\\\/i0.wp.com\\\/planitpower.com\\\/wp-content\\\/uploads\\\/2025\\\/12\\\/cropped-planitpower_circle_375x375.png?fit=512%2C512&ssl=1\",\"url\":\"https:\\\/\\\/i0.wp.com\\\/planitpower.com\\\/wp-content\\\/uploads\\\/2025\\\/12\\\/cropped-planitpower_circle_375x375.png?fit=512%2C512&ssl=1\",\"contentUrl\":\"https:\\\/\\\/i0.wp.com\\\/planitpower.com\\\/wp-content\\\/uploads\\\/2025\\\/12\\\/cropped-planitpower_circle_375x375.png?fit=512%2C512&ssl=1\",\"width\":512,\"height\":512,\"caption\":\"Editorial Team\"},\"logo\":{\"@id\":\"https:\\\/\\\/i0.wp.com\\\/planitpower.com\\\/wp-content\\\/uploads\\\/2025\\\/12\\\/cropped-planitpower_circle_375x375.png?fit=512%2C512&ssl=1\"},\"sameAs\":[\"https:\\\/\\\/Planitpower.com\"]}]}<\/script>\n<!-- \/ Yoast SEO plugin. -->","yoast_head_json":{"title":"Bouton intelligent Innr - Planitpower","description":"Bouton intelligent Innr \u2013 Contr\u00f4le de lumi\u00e8re sans fil Zigbee 3.0, marche\/arr\u00eat, variation d&#039;intensit\u00e9 et activation de sc\u00e8nes, aliment\u00e9 par batterie, conception compacte, appairage facile avec le pont Innr.","robots":{"index":"index","follow":"follow","max-snippet":"max-snippet:-1","max-image-preview":"max-image-preview:large","max-video-preview":"max-video-preview:-1"},"canonical":"https:\/\/planitpower.com\/fr\/boutique\/bouton-intelligent-innr\/","og_locale":"fr_FR","og_type":"article","og_title":"Innr Smart button - Planitpower","og_description":"Innr Smart Button \u2013 Zigbee 3.0 wireless light control, on\/off, dimming, and scene activation, battery-powered, compact design, easy pairing with Innr Bridge.","og_url":"https:\/\/planitpower.com\/fr\/boutique\/bouton-intelligent-innr\/","og_site_name":"Planitpower","og_image":[{"width":1920,"height":1920,"url":"https:\/\/i0.wp.com\/planitpower.com\/wp-content\/uploads\/2025\/10\/1.webp?fit=1920%2C1920&ssl=1","type":"image\/webp"}],"twitter_card":"summary_large_image","twitter_misc":{"Dur\u00e9e de lecture estim\u00e9e":"1 minute"},"schema":{"@context":"https:\/\/schema.org","@graph":[{"@type":"WebPage","@id":"https:\/\/planitpower.com\/shop\/innr-smart-button\/","url":"https:\/\/planitpower.com\/shop\/innr-smart-button\/","name":"Bouton intelligent Innr - Planitpower","isPartOf":{"@id":"https:\/\/planitpower.com\/#website"},"primaryImageOfPage":{"@id":"https:\/\/planitpower.com\/shop\/innr-smart-button\/#primaryimage"},"image":{"@id":"https:\/\/planitpower.com\/shop\/innr-smart-button\/#primaryimage"},"thumbnailUrl":"https:\/\/i0.wp.com\/planitpower.com\/wp-content\/uploads\/2025\/10\/1.webp?fit=1920%2C1920&ssl=1","datePublished":"2026-01-04T00:29:47+00:00","description":"Bouton intelligent Innr \u2013 Contr\u00f4le de lumi\u00e8re sans fil Zigbee 3.0, marche\/arr\u00eat, variation d&#039;intensit\u00e9 et activation de sc\u00e8nes, aliment\u00e9 par batterie, conception compacte, appairage facile avec le pont Innr.","breadcrumb":{"@id":"https:\/\/planitpower.com\/shop\/innr-smart-button\/#breadcrumb"},"inLanguage":"fr-FR","potentialAction":[{"@type":"ReadAction","target":["https:\/\/planitpower.com\/shop\/innr-smart-button\/"]}]},{"@type":"ImageObject","inLanguage":"fr-FR","@id":"https:\/\/planitpower.com\/shop\/innr-smart-button\/#primaryimage","url":"https:\/\/i0.wp.com\/planitpower.com\/wp-content\/uploads\/2025\/10\/1.webp?fit=1920%2C1920&ssl=1","contentUrl":"https:\/\/i0.wp.com\/planitpower.com\/wp-content\/uploads\/2025\/10\/1.webp?fit=1920%2C1920&ssl=1","width":1920,"height":1920,"caption":"Innr smart button - Planitpower - 1"},{"@type":"BreadcrumbList","@id":"https:\/\/planitpower.com\/shop\/innr-smart-button\/#breadcrumb","itemListElement":[{"@type":"ListItem","position":1,"name":"Home","item":"https:\/\/planitpower.com\/"},{"@type":"ListItem","position":2,"name":"SHOP","item":"https:\/\/planitpower.com\/shop\/"},{"@type":"ListItem","position":3,"name":"Innr Smart button"}]},{"@type":"WebSite","@id":"https:\/\/planitpower.com\/#website","url":"https:\/\/planitpower.com\/","name":"Planitpower","description":"Inspirons l'\u00e9nergie!","publisher":{"@id":"https:\/\/planitpower.com\/#\/schema\/person\/b531587eda267b930b04174d12de6efa"},"potentialAction":[{"@type":"SearchAction","target":{"@type":"EntryPoint","urlTemplate":"https:\/\/planitpower.com\/?s={search_term_string}"},"query-input":{"@type":"PropertyValueSpecification","valueRequired":true,"valueName":"search_term_string"}}],"inLanguage":"fr-FR"},{"@type":["Person","Organization"],"@id":"https:\/\/planitpower.com\/#\/schema\/person\/b531587eda267b930b04174d12de6efa","name":"Equipe \u00e9ditoriale","image":{"@type":"ImageObject","inLanguage":"fr-FR","@id":"https:\/\/i0.wp.com\/planitpower.com\/wp-content\/uploads\/2025\/12\/cropped-planitpower_circle_375x375.png?fit=512%2C512&ssl=1","url":"https:\/\/i0.wp.com\/planitpower.com\/wp-content\/uploads\/2025\/12\/cropped-planitpower_circle_375x375.png?fit=512%2C512&ssl=1","contentUrl":"https:\/\/i0.wp.com\/planitpower.com\/wp-content\/uploads\/2025\/12\/cropped-planitpower_circle_375x375.png?fit=512%2C512&ssl=1","width":512,"height":512,"caption":"Editorial Team"},"logo":{"@id":"https:\/\/i0.wp.com\/planitpower.com\/wp-content\/uploads\/2025\/12\/cropped-planitpower_circle_375x375.png?fit=512%2C512&ssl=1"},"sameAs":["https:\/\/Planitpower.com"]}]}},"jetpack_publicize_connections":[],"jetpack_likes_enabled":true,"jetpack_sharing_enabled":true,"jetpack-related-posts":[{"id":3591,"url":"https:\/\/planitpower.com\/fr\/boutique\/telecommande-innr\/","url_meta":{"origin":3587,"position":0},"title":"T\u00e9l\u00e9commande Innr","author":"Editorial Team","date":"04\/01\/2026","format":false,"excerpt":"Main Features Wireless smart remote for controlling Innr Zigbee lights and accessories. Supports on\/off switching, dimming, and scene selection for multiple lights or groups. Works with the Innr Zigbee Bridge and other Zigbee 3.0-compatible systems, including Philips Hue and Amazon Alexa. Provides quick, reliable control without needing an app or\u2026","rel":"","context":"Article similaire","block_context":{"text":"Article similaire","link":""},"img":{"alt_text":"Innr smart remote - Planitpower - 1","src":"https:\/\/i0.wp.com\/planitpower.com\/wp-content\/uploads\/2025\/10\/01RC250RemoteControlComposition.webp?fit=1200%2C1200&ssl=1&resize=350%2C200","width":350,"height":200,"srcset":"https:\/\/i0.wp.com\/planitpower.com\/wp-content\/uploads\/2025\/10\/01RC250RemoteControlComposition.webp?fit=1200%2C1200&ssl=1&resize=350%2C200 1x, https:\/\/i0.wp.com\/planitpower.com\/wp-content\/uploads\/2025\/10\/01RC250RemoteControlComposition.webp?fit=1200%2C1200&ssl=1&resize=525%2C300 1.5x, https:\/\/i0.wp.com\/planitpower.com\/wp-content\/uploads\/2025\/10\/01RC250RemoteControlComposition.webp?fit=1200%2C1200&ssl=1&resize=700%2C400 2x, https:\/\/i0.wp.com\/planitpower.com\/wp-content\/uploads\/2025\/10\/01RC250RemoteControlComposition.webp?fit=1200%2C1200&ssl=1&resize=1050%2C600 3x"},"classes":[]},{"id":3580,"url":"https:\/\/planitpower.com\/fr\/boutique\/pont-zigbee-innr\/","url_meta":{"origin":3587,"position":1},"title":"Pont zigbee Innr","author":"Editorial Team","date":"24\/11\/2025","format":false,"excerpt":"Caract\u00e9ristiques principales : Pont central Zigbee 3.0 qui connecte et g\u00e8re tous les appareils intelligents Innr. Permet le contr\u00f4le sans fil des lumi\u00e8res, des prises et autres accessoires connect\u00e9s via l&#039;application Innr ou les plateformes compatibles. Int\u00e9gration fluide avec Amazon Alexa, Google Assistant et les autres \u00e9cosyst\u00e8mes Zigbee 3.0. Communication fiable \u00e0 faible latence pour une domotique performante et stable.","rel":"","context":"Article similaire","block_context":{"text":"Article similaire","link":""},"img":{"alt_text":"Innr Bridge - Planitpower - 3","src":"https:\/\/i0.wp.com\/planitpower.com\/wp-content\/uploads\/2025\/10\/01BG220BridgeComposition.webp?fit=1200%2C1200&ssl=1&resize=350%2C200","width":350,"height":200,"srcset":"https:\/\/i0.wp.com\/planitpower.com\/wp-content\/uploads\/2025\/10\/01BG220BridgeComposition.webp?fit=1200%2C1200&ssl=1&resize=350%2C200 1x, https:\/\/i0.wp.com\/planitpower.com\/wp-content\/uploads\/2025\/10\/01BG220BridgeComposition.webp?fit=1200%2C1200&ssl=1&resize=525%2C300 1.5x, https:\/\/i0.wp.com\/planitpower.com\/wp-content\/uploads\/2025\/10\/01BG220BridgeComposition.webp?fit=1200%2C1200&ssl=1&resize=700%2C400 2x, https:\/\/i0.wp.com\/planitpower.com\/wp-content\/uploads\/2025\/10\/01BG220BridgeComposition.webp?fit=1200%2C1200&ssl=1&resize=1050%2C600 3x"},"classes":[]},{"id":3534,"url":"https:\/\/planitpower.com\/fr\/boutique\/bande-lumineuse-flexible-zigbee-innr-couleur\/","url_meta":{"origin":3587,"position":2},"title":"Bande lumineuse flexible Innr Zigbee couleur","author":"Editorial Team","date":"04\/01\/2026","format":false,"excerpt":"Main Features Flexible smart LED light strip for indoor use \u2014 ideal for ambient or accent lighting. Full RGB colour spectrum plus tunable white light (1800 K \u2013 6500 K). Fully dimmable (1 % \u2013 100 %) with smooth transitions and precise colour control. Zigbee 3.0 connectivity compatible with major\u2026","rel":"","context":"Article similaire","block_context":{"text":"Article similaire","link":""},"img":{"alt_text":"Innr Zigbee Flex light strip color - Planitpower - 1","src":"https:\/\/i0.wp.com\/planitpower.com\/wp-content\/uploads\/2025\/10\/FL142CLD_2024_TH.webp?fit=1200%2C1200&ssl=1&resize=350%2C200","width":350,"height":200,"srcset":"https:\/\/i0.wp.com\/planitpower.com\/wp-content\/uploads\/2025\/10\/FL142CLD_2024_TH.webp?fit=1200%2C1200&ssl=1&resize=350%2C200 1x, https:\/\/i0.wp.com\/planitpower.com\/wp-content\/uploads\/2025\/10\/FL142CLD_2024_TH.webp?fit=1200%2C1200&ssl=1&resize=525%2C300 1.5x, https:\/\/i0.wp.com\/planitpower.com\/wp-content\/uploads\/2025\/10\/FL142CLD_2024_TH.webp?fit=1200%2C1200&ssl=1&resize=700%2C400 2x, https:\/\/i0.wp.com\/planitpower.com\/wp-content\/uploads\/2025\/10\/FL142CLD_2024_TH.webp?fit=1200%2C1200&ssl=1&resize=1050%2C600 3x"},"classes":[]},{"id":3429,"url":"https:\/\/planitpower.com\/fr\/boutique\/bougie-blanche-innr-e14-470-lm\/","url_meta":{"origin":3587,"position":3},"title":"Bougie Innr-E14 blanche 470 lm","author":"Editorial Team","date":"04\/01\/2026","format":false,"excerpt":"Main Features Installation in standard E14 candle-fitting sockets \u2014 ideal for chandeliers, wall lamps and decorative lighting. Wireless dimmable control via Zigbee 3.0 \u2014 adjust brightness effortlessly from 1% up to 100%. Warm white light output of approx. 470 lm, creating a cosy and efficient illumination. Compatibility with major smart-home\u2026","rel":"","context":"Article similaire","block_context":{"text":"Article similaire","link":""},"img":{"alt_text":"","src":"https:\/\/i0.wp.com\/planitpower.com\/wp-content\/uploads\/2025\/10\/RB243candle_white_EUgroot.webp?fit=1100%2C1107&ssl=1&resize=350%2C200","width":350,"height":200,"srcset":"https:\/\/i0.wp.com\/planitpower.com\/wp-content\/uploads\/2025\/10\/RB243candle_white_EUgroot.webp?fit=1100%2C1107&ssl=1&resize=350%2C200 1x, https:\/\/i0.wp.com\/planitpower.com\/wp-content\/uploads\/2025\/10\/RB243candle_white_EUgroot.webp?fit=1100%2C1107&ssl=1&resize=525%2C300 1.5x, https:\/\/i0.wp.com\/planitpower.com\/wp-content\/uploads\/2025\/10\/RB243candle_white_EUgroot.webp?fit=1100%2C1107&ssl=1&resize=700%2C400 2x, https:\/\/i0.wp.com\/planitpower.com\/wp-content\/uploads\/2025\/10\/RB243candle_white_EUgroot.webp?fit=1100%2C1107&ssl=1&resize=1050%2C600 3x"},"classes":[]},{"id":3547,"url":"https:\/\/planitpower.com\/fr\/boutique\/plafonnier-rond-innr-30-cm-confort\/","url_meta":{"origin":3587,"position":4},"title":"Plafonnier rond Innr (30 cm) Confort","author":"Editorial Team","date":"04\/01\/2026","format":false,"excerpt":"Main Features Smart round ceiling light (30 cm diameter) delivering bright, adjustable white light. Tunable white temperature from warm to cool (1800 K \u2013 6500 K) for every mood or activity. Fully dimmable (1 % \u2013 100 %) for precise brightness control. Zigbee 3.0 connectivity compatible with Philips Hue, Amazon\u2026","rel":"","context":"Article similaire","block_context":{"text":"Article similaire","link":""},"img":{"alt_text":"Round Ceiling light (30 cm) Comfort - Planitpower - 2","src":"https:\/\/i0.wp.com\/planitpower.com\/wp-content\/uploads\/2025\/10\/RCL231_T.webp?fit=1200%2C1200&ssl=1&resize=350%2C200","width":350,"height":200,"srcset":"https:\/\/i0.wp.com\/planitpower.com\/wp-content\/uploads\/2025\/10\/RCL231_T.webp?fit=1200%2C1200&ssl=1&resize=350%2C200 1x, https:\/\/i0.wp.com\/planitpower.com\/wp-content\/uploads\/2025\/10\/RCL231_T.webp?fit=1200%2C1200&ssl=1&resize=525%2C300 1.5x, https:\/\/i0.wp.com\/planitpower.com\/wp-content\/uploads\/2025\/10\/RCL231_T.webp?fit=1200%2C1200&ssl=1&resize=700%2C400 2x, https:\/\/i0.wp.com\/planitpower.com\/wp-content\/uploads\/2025\/10\/RCL231_T.webp?fit=1200%2C1200&ssl=1&resize=1050%2C600 3x"},"classes":[]},{"id":3554,"url":"https:\/\/planitpower.com\/fr\/boutique\/plafonnier-rond-innr-couleur-blanche\/","url_meta":{"origin":3587,"position":5},"title":"Plafonnier rond Innr (blanc et couleur)","author":"Editorial Team","date":"04\/01\/2026","format":false,"excerpt":"Main Features Smart round ceiling light with full-colour RGB and tunable white functionality. Adjustable white temperature from warm to cool (1800 K \u2013 6500 K) plus 16 million colour options. Bright 2400 lm light output, ideal for large rooms and living spaces. Fully dimmable (1 % \u2013 100 %) for\u2026","rel":"","context":"Article similaire","block_context":{"text":"Article similaire","link":""},"img":{"alt_text":"Innr Round Ceiling Light (White & Colour) - Planitpower - 4","src":"https:\/\/i0.wp.com\/planitpower.com\/wp-content\/uploads\/2025\/10\/RCL232_C.webp?fit=1200%2C1200&ssl=1&resize=350%2C200","width":350,"height":200,"srcset":"https:\/\/i0.wp.com\/planitpower.com\/wp-content\/uploads\/2025\/10\/RCL232_C.webp?fit=1200%2C1200&ssl=1&resize=350%2C200 1x, https:\/\/i0.wp.com\/planitpower.com\/wp-content\/uploads\/2025\/10\/RCL232_C.webp?fit=1200%2C1200&ssl=1&resize=525%2C300 1.5x, https:\/\/i0.wp.com\/planitpower.com\/wp-content\/uploads\/2025\/10\/RCL232_C.webp?fit=1200%2C1200&ssl=1&resize=700%2C400 2x, https:\/\/i0.wp.com\/planitpower.com\/wp-content\/uploads\/2025\/10\/RCL232_C.webp?fit=1200%2C1200&ssl=1&resize=1050%2C600 3x"},"classes":[]}],"_links":{"self":[{"href":"https:\/\/planitpower.com\/fr\/wp-json\/wp\/v2\/product\/3587","targetHints":{"allow":["GET"]}}],"collection":[{"href":"https:\/\/planitpower.com\/fr\/wp-json\/wp\/v2\/product"}],"about":[{"href":"https:\/\/planitpower.com\/fr\/wp-json\/wp\/v2\/types\/product"}],"replies":[{"embeddable":true,"href":"https:\/\/planitpower.com\/fr\/wp-json\/wp\/v2\/comments?post=3587"}],"version-history":[{"count":0,"href":"https:\/\/planitpower.com\/fr\/wp-json\/wp\/v2\/product\/3587\/revisions"}],"wp:featuredmedia":[{"embeddable":true,"href":"https:\/\/planitpower.com\/fr\/wp-json\/wp\/v2\/media\/3588"}],"wp:attachment":[{"href":"https:\/\/planitpower.com\/fr\/wp-json\/wp\/v2\/media?parent=3587"}],"wp:term":[{"taxonomy":"product_brand","embeddable":true,"href":"https:\/\/planitpower.com\/fr\/wp-json\/wp\/v2\/product_brand?post=3587"},{"taxonomy":"product_cat","embeddable":true,"href":"https:\/\/planitpower.com\/fr\/wp-json\/wp\/v2\/product_cat?post=3587"},{"taxonomy":"product_tag","embeddable":true,"href":"https:\/\/planitpower.com\/fr\/wp-json\/wp\/v2\/product_tag?post=3587"}],"curies":[{"name":"wp","href":"https:\/\/api.w.org\/{rel}","templated":true}]}}