{"id":3591,"date":"2026-01-04T00:30:03","date_gmt":"2026-01-04T00:30:03","guid":{"rendered":"https:\/\/planitpower.com\/?post_type=product&#038;p=3591"},"modified":"2026-01-04T00:30:03","modified_gmt":"2026-01-04T00:30:03","slug":"telecommande-innr","status":"publish","type":"product","link":"https:\/\/planitpower.com\/fr\/boutique\/telecommande-innr\/","title":{"rendered":"T\u00e9l\u00e9commande Innr"},"content":{"rendered":"<h3 data-start=\"741\" data-end=\"770\"><strong data-start=\"745\" data-end=\"768\">Description du produit<\/strong><\/h3>\n<p data-start=\"771\" data-end=\"1459\">Le <strong data-start=\"775\" data-end=\"798\">T\u00e9l\u00e9commande Innr<\/strong> Offre un contr\u00f4le simple et intuitif de votre syst\u00e8me d&#039;\u00e9clairage intelligent. Con\u00e7ue pour \u00eatre utilis\u00e9e avec le pont Zigbee Innr ou les r\u00e9seaux Zigbee 3.0 compatibles, elle vous permet d&#039;allumer et d&#039;\u00e9teindre les lumi\u00e8res, de r\u00e9gler l&#039;intensit\u00e9 lumineuse ou d&#039;activer instantan\u00e9ment des ambiances pr\u00e9d\u00e9finies. Id\u00e9ale pour ceux qui privil\u00e9gient le contr\u00f4le tactile, la t\u00e9l\u00e9commande fonctionne ind\u00e9pendamment de votre smartphone ou de votre assistant vocal pour une r\u00e9ponse imm\u00e9diate et sans latence. Gr\u00e2ce \u00e0 son design moderne et fin et \u00e0 son support mural magn\u00e9tique inclus, vous pouvez l&#039;utiliser comme t\u00e9l\u00e9commande portable ou la fixer sur toute surface. Aliment\u00e9e par une pile rempla\u00e7able, la t\u00e9l\u00e9commande Innr allie simplicit\u00e9, confort et fiabilit\u00e9 pour une utilisation quotidienne dans votre maison connect\u00e9e.<\/p>\n<h3 data-start=\"1466\" data-end=\"1500\"><strong data-start=\"1470\" data-end=\"1498\">Sp\u00e9cifications techniques<\/strong><\/h3>\n<ul data-start=\"1501\" data-end=\"2149\">\n<li data-start=\"1501\" data-end=\"1544\">\n<p data-start=\"1503\" data-end=\"1544\"><strong data-start=\"1503\" data-end=\"1512\">Taper:<\/strong> t\u00e9l\u00e9commande intelligente sans fil<\/p>\n<\/li>\n<li data-start=\"1545\" data-end=\"1577\">\n<p data-start=\"1547\" data-end=\"1577\"><strong data-start=\"1547\" data-end=\"1564\">Connectivit\u00e9 :<\/strong> Zigbee 3.0<\/p>\n<\/li>\n<li data-start=\"1578\" data-end=\"1633\">\n<p data-start=\"1580\" data-end=\"1633\"><strong data-start=\"1580\" data-end=\"1594\">Fonctions :<\/strong> S\u00e9lection des modes marche\/arr\u00eat, variation d&#039;intensit\u00e9 et s\u00e9lection des sc\u00e8nes<\/p>\n<\/li>\n<li data-start=\"1634\" data-end=\"1754\">\n<p data-start=\"1636\" data-end=\"1754\"><strong data-start=\"1636\" data-end=\"1654\">Compatibilit\u00e9:<\/strong> Compatible avec Innr Zigbee Bridge, Philips Hue, Amazon Alexa, Google Assistant et autres hubs Zigbee.<\/p>\n<\/li>\n<li data-start=\"1755\" data-end=\"1829\">\n<p data-start=\"1757\" data-end=\"1829\"><strong data-start=\"1757\" data-end=\"1774\">Alimentation \u00e9lectrique :<\/strong> Pile bouton rempla\u00e7able (CR2032 ou \u00e9quivalent)<\/p>\n<\/li>\n<li data-start=\"1830\" data-end=\"1879\">\n<p data-start=\"1832\" data-end=\"1879\"><strong data-start=\"1832\" data-end=\"1849\">Autonomie de la batterie :<\/strong> Jusqu&#039;\u00e0 2 ans (utilisation typique)<\/p>\n<\/li>\n<li data-start=\"1880\" data-end=\"1940\">\n<p data-start=\"1882\" data-end=\"1940\"><strong data-start=\"1882\" data-end=\"1892\">Gamme:<\/strong> Jusqu&#039;\u00e0 30 m en int\u00e9rieur (selon l&#039;environnement)<\/p>\n<\/li>\n<li data-start=\"1941\" data-end=\"2000\">\n<p data-start=\"1943\" data-end=\"2000\"><strong data-start=\"1943\" data-end=\"1956\">Montage:<\/strong> Support mural magn\u00e9tique inclus (amovible)<\/p>\n<\/li>\n<li data-start=\"2001\" data-end=\"2046\">\n<p data-start=\"2003\" data-end=\"2046\"><strong data-start=\"2003\" data-end=\"2018\">Dimensions :<\/strong> Conception compacte et ergonomique<\/p>\n<\/li>\n<li data-start=\"2047\" data-end=\"2090\">\n<p data-start=\"2049\" data-end=\"2090\"><strong data-start=\"2049\" data-end=\"2075\">Temp\u00e9rature de fonctionnement :<\/strong> 0 \u00b0C \u2013 35 \u00b0C<\/p>\n<\/li>\n<li data-start=\"2091\" data-end=\"2149\">\n<p data-start=\"2093\" data-end=\"2149\"><strong data-start=\"2093\" data-end=\"2110\">Installation:<\/strong> Appairage Zigbee simple, pr\u00eat \u00e0 l&#039;emploi<\/p>\n<\/li>\n<\/ul>","protected":false},"excerpt":{"rendered":"<h3 data-start=\"199\" data-end=\"222\"><strong data-start=\"203\" data-end=\"220\">Caract\u00e9ristiques principales<\/strong><\/h3>\n<ul data-start=\"223\" data-end=\"734\">\n<li data-start=\"223\" data-end=\"300\">\n<p data-start=\"225\" data-end=\"300\">T\u00e9l\u00e9commande intelligente sans fil pour contr\u00f4ler les \u00e9clairages et accessoires Innr Zigbee.<\/p>\n<\/li>\n<li data-start=\"301\" data-end=\"391\">\n<p data-start=\"303\" data-end=\"391\">Permet de r\u00e9gler l&#039;allumage\/l&#039;extinction, l&#039;intensit\u00e9 lumineuse et la s\u00e9lection de sc\u00e8nes pour plusieurs lampes ou groupes de lampes.<\/p>\n<\/li>\n<li data-start=\"392\" data-end=\"510\">\n<p data-start=\"394\" data-end=\"510\">Fonctionne avec le pont Innr Zigbee et d&#039;autres syst\u00e8mes compatibles Zigbee 3.0, notamment Philips Hue et Amazon Alexa.<\/p>\n<\/li>\n<li data-start=\"511\" data-end=\"590\">\n<p data-start=\"513\" data-end=\"590\">Offre un contr\u00f4le rapide et fiable sans avoir besoin d&#039;une application ou d&#039;un assistant vocal.<\/p>\n<\/li>\n<li data-start=\"591\" data-end=\"668\">\n<p data-start=\"593\" data-end=\"668\">Design \u00e9l\u00e9gant et ergonomique avec support mural magn\u00e9tique pour une installation flexible.<\/p>\n<\/li>\n<li data-start=\"669\" data-end=\"734\">\n<p data-start=\"671\" data-end=\"734\">Fonctionnant sur batterie, offrant une autonomie longue dur\u00e9e et une installation facile.<\/p>\n<\/li>\n<\/ul>","protected":false},"featured_media":3592,"comment_status":"open","ping_status":"closed","template":"","meta":{"jetpack_post_was_ever_published":false,"jetpack_publicize_message":"","jetpack_publicize_feature_enabled":true,"jetpack_social_post_already_shared":false,"jetpack_social_options":{"image_generator_settings":{"template":"highway","default_image_id":0,"font":"","enabled":false},"version":2}},"product_brand":[102],"product_cat":[122],"product_tag":[],"class_list":{"0":"post-3591","1":"product","2":"type-product","3":"status-publish","4":"has-post-thumbnail","6":"product_brand-innr","7":"product_cat-home-automation-hubs-ecosystems","9":"first","10":"instock","11":"taxable","12":"shipping-taxable","13":"purchasable","14":"product-type-simple"},"yoast_head":"<!-- This site is optimized with the Yoast SEO plugin v27.3 - https:\/\/yoast.com\/product\/yoast-seo-wordpress\/ -->\n<title>Innr Remote Control - Planitpower<\/title>\n<meta name=\"description\" content=\"Innr Remote Control \u2013 Zigbee 3.0 smart remote for lights, on\/off, dimming &amp; scene control, magnetic wall mount, long battery life, easy setup with Innr Bridge.\" \/>\n<meta name=\"robots\" content=\"index, follow, max-snippet:-1, max-image-preview:large, max-video-preview:-1\" \/>\n<link rel=\"canonical\" href=\"https:\/\/planitpower.com\/fr\/boutique\/telecommande-innr\/\" \/>\n<meta property=\"og:locale\" content=\"fr_FR\" \/>\n<meta property=\"og:type\" content=\"article\" \/>\n<meta property=\"og:title\" content=\"Innr Remote Control - Planitpower\" \/>\n<meta property=\"og:description\" content=\"Innr Remote Control \u2013 Zigbee 3.0 smart remote for lights, on\/off, dimming &amp; scene control, magnetic wall mount, long battery life, easy setup with Innr Bridge.\" \/>\n<meta property=\"og:url\" content=\"https:\/\/planitpower.com\/fr\/boutique\/telecommande-innr\/\" \/>\n<meta property=\"og:site_name\" content=\"Planitpower\" \/>\n<meta property=\"og:image\" content=\"https:\/\/i0.wp.com\/planitpower.com\/wp-content\/uploads\/2025\/10\/01RC250RemoteControlComposition.webp?fit=1920%2C1920&ssl=1\" \/>\n\t<meta property=\"og:image:width\" content=\"1920\" \/>\n\t<meta property=\"og:image:height\" content=\"1920\" \/>\n\t<meta property=\"og:image:type\" content=\"image\/webp\" \/>\n<meta name=\"twitter:card\" content=\"summary_large_image\" \/>\n<meta name=\"twitter:label1\" content=\"Dur\u00e9e de lecture estim\u00e9e\" \/>\n\t<meta name=\"twitter:data1\" content=\"2 minutes\" \/>\n<script type=\"application\/ld+json\" class=\"yoast-schema-graph\">{\"@context\":\"https:\\\/\\\/schema.org\",\"@graph\":[{\"@type\":\"WebPage\",\"@id\":\"https:\\\/\\\/planitpower.com\\\/shop\\\/innr-remote-control\\\/\",\"url\":\"https:\\\/\\\/planitpower.com\\\/shop\\\/innr-remote-control\\\/\",\"name\":\"Innr Remote Control - Planitpower\",\"isPartOf\":{\"@id\":\"https:\\\/\\\/planitpower.com\\\/#website\"},\"primaryImageOfPage\":{\"@id\":\"https:\\\/\\\/planitpower.com\\\/shop\\\/innr-remote-control\\\/#primaryimage\"},\"image\":{\"@id\":\"https:\\\/\\\/planitpower.com\\\/shop\\\/innr-remote-control\\\/#primaryimage\"},\"thumbnailUrl\":\"https:\\\/\\\/i0.wp.com\\\/planitpower.com\\\/wp-content\\\/uploads\\\/2025\\\/10\\\/01RC250RemoteControlComposition.webp?fit=1920%2C1920&ssl=1\",\"datePublished\":\"2026-01-04T00:30:03+00:00\",\"description\":\"Innr Remote Control \u2013 Zigbee 3.0 smart remote for lights, on\\\/off, dimming & scene control, magnetic wall mount, long battery life, easy setup with Innr Bridge.\",\"breadcrumb\":{\"@id\":\"https:\\\/\\\/planitpower.com\\\/shop\\\/innr-remote-control\\\/#breadcrumb\"},\"inLanguage\":\"fr-FR\",\"potentialAction\":[{\"@type\":\"ReadAction\",\"target\":[\"https:\\\/\\\/planitpower.com\\\/shop\\\/innr-remote-control\\\/\"]}]},{\"@type\":\"ImageObject\",\"inLanguage\":\"fr-FR\",\"@id\":\"https:\\\/\\\/planitpower.com\\\/shop\\\/innr-remote-control\\\/#primaryimage\",\"url\":\"https:\\\/\\\/i0.wp.com\\\/planitpower.com\\\/wp-content\\\/uploads\\\/2025\\\/10\\\/01RC250RemoteControlComposition.webp?fit=1920%2C1920&ssl=1\",\"contentUrl\":\"https:\\\/\\\/i0.wp.com\\\/planitpower.com\\\/wp-content\\\/uploads\\\/2025\\\/10\\\/01RC250RemoteControlComposition.webp?fit=1920%2C1920&ssl=1\",\"width\":1920,\"height\":1920,\"caption\":\"Innr smart remote - Planitpower - 1\"},{\"@type\":\"BreadcrumbList\",\"@id\":\"https:\\\/\\\/planitpower.com\\\/shop\\\/innr-remote-control\\\/#breadcrumb\",\"itemListElement\":[{\"@type\":\"ListItem\",\"position\":1,\"name\":\"Home\",\"item\":\"https:\\\/\\\/planitpower.com\\\/\"},{\"@type\":\"ListItem\",\"position\":2,\"name\":\"SHOP\",\"item\":\"https:\\\/\\\/planitpower.com\\\/shop\\\/\"},{\"@type\":\"ListItem\",\"position\":3,\"name\":\"Innr Remote Control\"}]},{\"@type\":\"WebSite\",\"@id\":\"https:\\\/\\\/planitpower.com\\\/#website\",\"url\":\"https:\\\/\\\/planitpower.com\\\/\",\"name\":\"Planitpower\",\"description\":\"Inspire energy\",\"publisher\":{\"@id\":\"https:\\\/\\\/planitpower.com\\\/#\\\/schema\\\/person\\\/b531587eda267b930b04174d12de6efa\"},\"potentialAction\":[{\"@type\":\"SearchAction\",\"target\":{\"@type\":\"EntryPoint\",\"urlTemplate\":\"https:\\\/\\\/planitpower.com\\\/?s={search_term_string}\"},\"query-input\":{\"@type\":\"PropertyValueSpecification\",\"valueRequired\":true,\"valueName\":\"search_term_string\"}}],\"inLanguage\":\"fr-FR\"},{\"@type\":[\"Person\",\"Organization\"],\"@id\":\"https:\\\/\\\/planitpower.com\\\/#\\\/schema\\\/person\\\/b531587eda267b930b04174d12de6efa\",\"name\":\"Editorial Team\",\"image\":{\"@type\":\"ImageObject\",\"inLanguage\":\"fr-FR\",\"@id\":\"https:\\\/\\\/i0.wp.com\\\/planitpower.com\\\/wp-content\\\/uploads\\\/2025\\\/12\\\/cropped-planitpower_circle_375x375.png?fit=512%2C512&ssl=1\",\"url\":\"https:\\\/\\\/i0.wp.com\\\/planitpower.com\\\/wp-content\\\/uploads\\\/2025\\\/12\\\/cropped-planitpower_circle_375x375.png?fit=512%2C512&ssl=1\",\"contentUrl\":\"https:\\\/\\\/i0.wp.com\\\/planitpower.com\\\/wp-content\\\/uploads\\\/2025\\\/12\\\/cropped-planitpower_circle_375x375.png?fit=512%2C512&ssl=1\",\"width\":512,\"height\":512,\"caption\":\"Editorial Team\"},\"logo\":{\"@id\":\"https:\\\/\\\/i0.wp.com\\\/planitpower.com\\\/wp-content\\\/uploads\\\/2025\\\/12\\\/cropped-planitpower_circle_375x375.png?fit=512%2C512&ssl=1\"},\"sameAs\":[\"https:\\\/\\\/Planitpower.com\"]}]}<\/script>\n<!-- \/ Yoast SEO plugin. -->","yoast_head_json":{"title":"T\u00e9l\u00e9commande Innr - Planitpower","description":"T\u00e9l\u00e9commande Innr \u2013 T\u00e9l\u00e9commande intelligente Zigbee 3.0 pour l&#039;\u00e9clairage, marche\/arr\u00eat, variation d&#039;intensit\u00e9 et contr\u00f4le des sc\u00e8nes, support mural magn\u00e9tique, longue dur\u00e9e de vie de la batterie, configuration facile avec le pont Innr.","robots":{"index":"index","follow":"follow","max-snippet":"max-snippet:-1","max-image-preview":"max-image-preview:large","max-video-preview":"max-video-preview:-1"},"canonical":"https:\/\/planitpower.com\/fr\/boutique\/telecommande-innr\/","og_locale":"fr_FR","og_type":"article","og_title":"Innr Remote Control - Planitpower","og_description":"Innr Remote Control \u2013 Zigbee 3.0 smart remote for lights, on\/off, dimming & scene control, magnetic wall mount, long battery life, easy setup with Innr Bridge.","og_url":"https:\/\/planitpower.com\/fr\/boutique\/telecommande-innr\/","og_site_name":"Planitpower","og_image":[{"width":1920,"height":1920,"url":"https:\/\/i0.wp.com\/planitpower.com\/wp-content\/uploads\/2025\/10\/01RC250RemoteControlComposition.webp?fit=1920%2C1920&ssl=1","type":"image\/webp"}],"twitter_card":"summary_large_image","twitter_misc":{"Dur\u00e9e de lecture estim\u00e9e":"2 minutes"},"schema":{"@context":"https:\/\/schema.org","@graph":[{"@type":"WebPage","@id":"https:\/\/planitpower.com\/shop\/innr-remote-control\/","url":"https:\/\/planitpower.com\/shop\/innr-remote-control\/","name":"T\u00e9l\u00e9commande Innr - Planitpower","isPartOf":{"@id":"https:\/\/planitpower.com\/#website"},"primaryImageOfPage":{"@id":"https:\/\/planitpower.com\/shop\/innr-remote-control\/#primaryimage"},"image":{"@id":"https:\/\/planitpower.com\/shop\/innr-remote-control\/#primaryimage"},"thumbnailUrl":"https:\/\/i0.wp.com\/planitpower.com\/wp-content\/uploads\/2025\/10\/01RC250RemoteControlComposition.webp?fit=1920%2C1920&ssl=1","datePublished":"2026-01-04T00:30:03+00:00","description":"T\u00e9l\u00e9commande Innr \u2013 T\u00e9l\u00e9commande intelligente Zigbee 3.0 pour l&#039;\u00e9clairage, marche\/arr\u00eat, variation d&#039;intensit\u00e9 et contr\u00f4le des sc\u00e8nes, support mural magn\u00e9tique, longue dur\u00e9e de vie de la batterie, configuration facile avec le pont Innr.","breadcrumb":{"@id":"https:\/\/planitpower.com\/shop\/innr-remote-control\/#breadcrumb"},"inLanguage":"fr-FR","potentialAction":[{"@type":"ReadAction","target":["https:\/\/planitpower.com\/shop\/innr-remote-control\/"]}]},{"@type":"ImageObject","inLanguage":"fr-FR","@id":"https:\/\/planitpower.com\/shop\/innr-remote-control\/#primaryimage","url":"https:\/\/i0.wp.com\/planitpower.com\/wp-content\/uploads\/2025\/10\/01RC250RemoteControlComposition.webp?fit=1920%2C1920&ssl=1","contentUrl":"https:\/\/i0.wp.com\/planitpower.com\/wp-content\/uploads\/2025\/10\/01RC250RemoteControlComposition.webp?fit=1920%2C1920&ssl=1","width":1920,"height":1920,"caption":"Innr smart remote - Planitpower - 1"},{"@type":"BreadcrumbList","@id":"https:\/\/planitpower.com\/shop\/innr-remote-control\/#breadcrumb","itemListElement":[{"@type":"ListItem","position":1,"name":"Home","item":"https:\/\/planitpower.com\/"},{"@type":"ListItem","position":2,"name":"SHOP","item":"https:\/\/planitpower.com\/shop\/"},{"@type":"ListItem","position":3,"name":"Innr Remote Control"}]},{"@type":"WebSite","@id":"https:\/\/planitpower.com\/#website","url":"https:\/\/planitpower.com\/","name":"Planitpower","description":"Inspirons l'\u00e9nergie!","publisher":{"@id":"https:\/\/planitpower.com\/#\/schema\/person\/b531587eda267b930b04174d12de6efa"},"potentialAction":[{"@type":"SearchAction","target":{"@type":"EntryPoint","urlTemplate":"https:\/\/planitpower.com\/?s={search_term_string}"},"query-input":{"@type":"PropertyValueSpecification","valueRequired":true,"valueName":"search_term_string"}}],"inLanguage":"fr-FR"},{"@type":["Person","Organization"],"@id":"https:\/\/planitpower.com\/#\/schema\/person\/b531587eda267b930b04174d12de6efa","name":"Equipe \u00e9ditoriale","image":{"@type":"ImageObject","inLanguage":"fr-FR","@id":"https:\/\/i0.wp.com\/planitpower.com\/wp-content\/uploads\/2025\/12\/cropped-planitpower_circle_375x375.png?fit=512%2C512&ssl=1","url":"https:\/\/i0.wp.com\/planitpower.com\/wp-content\/uploads\/2025\/12\/cropped-planitpower_circle_375x375.png?fit=512%2C512&ssl=1","contentUrl":"https:\/\/i0.wp.com\/planitpower.com\/wp-content\/uploads\/2025\/12\/cropped-planitpower_circle_375x375.png?fit=512%2C512&ssl=1","width":512,"height":512,"caption":"Editorial Team"},"logo":{"@id":"https:\/\/i0.wp.com\/planitpower.com\/wp-content\/uploads\/2025\/12\/cropped-planitpower_circle_375x375.png?fit=512%2C512&ssl=1"},"sameAs":["https:\/\/Planitpower.com"]}]}},"jetpack_publicize_connections":[],"jetpack_likes_enabled":true,"jetpack_sharing_enabled":true,"jetpack-related-posts":[{"id":3587,"url":"https:\/\/planitpower.com\/fr\/boutique\/bouton-intelligent-innr\/","url_meta":{"origin":3591,"position":0},"title":"Bouton intelligent Innr","author":"Editorial Team","date":"04\/01\/2026","format":false,"excerpt":"Main Features Wireless smart button for instant control of your Innr Zigbee lighting and devices. Enables on\/off switching, dimming, and scene activation without using an app or voice control. Works seamlessly with the Innr Zigbee Bridge and compatible Zigbee 3.0 systems such as Philips Hue, Amazon Alexa, and Google Assistant.\u2026","rel":"","context":"Article similaire","block_context":{"text":"Article similaire","link":""},"img":{"alt_text":"Innr smart button - Planitpower - 1","src":"https:\/\/i0.wp.com\/planitpower.com\/wp-content\/uploads\/2025\/10\/1.webp?fit=1200%2C1200&ssl=1&resize=350%2C200","width":350,"height":200,"srcset":"https:\/\/i0.wp.com\/planitpower.com\/wp-content\/uploads\/2025\/10\/1.webp?fit=1200%2C1200&ssl=1&resize=350%2C200 1x, https:\/\/i0.wp.com\/planitpower.com\/wp-content\/uploads\/2025\/10\/1.webp?fit=1200%2C1200&ssl=1&resize=525%2C300 1.5x, https:\/\/i0.wp.com\/planitpower.com\/wp-content\/uploads\/2025\/10\/1.webp?fit=1200%2C1200&ssl=1&resize=700%2C400 2x, https:\/\/i0.wp.com\/planitpower.com\/wp-content\/uploads\/2025\/10\/1.webp?fit=1200%2C1200&ssl=1&resize=1050%2C600 3x"},"classes":[]},{"id":3560,"url":"https:\/\/planitpower.com\/fr\/boutique\/prise-intelligente-innr-16a\/","url_meta":{"origin":3591,"position":1},"title":"Prise intelligente Innr \u2013 16 A","author":"Editorial Team","date":"04\/01\/2026","format":false,"excerpt":"Caract\u00e9ristiques principales : Prise connect\u00e9e permettant le contr\u00f4le \u00e0 distance et l&#039;automatisation de tout appareil connect\u00e9. Fonctionnement sans fil via Zigbee 3.0 \u2013 compatible avec Philips Hue, Amazon Alexa, Google Assistant et autres hubs Zigbee. Installation simple et rapide pour transformer vos appareils \u00e9lectrom\u00e9nagers en objets connect\u00e9s. Programmation, minuterie et commande vocale via applications compatibles.","rel":"","context":"Article similaire","block_context":{"text":"Article similaire","link":""},"img":{"alt_text":"Innr Smart Plug - 16A - Planitpower - 9","src":"https:\/\/i0.wp.com\/planitpower.com\/wp-content\/uploads\/2025\/10\/001SP240_Compositiongroot.webp?fit=1100%2C1100&ssl=1&resize=350%2C200","width":350,"height":200,"srcset":"https:\/\/i0.wp.com\/planitpower.com\/wp-content\/uploads\/2025\/10\/001SP240_Compositiongroot.webp?fit=1100%2C1100&ssl=1&resize=350%2C200 1x, https:\/\/i0.wp.com\/planitpower.com\/wp-content\/uploads\/2025\/10\/001SP240_Compositiongroot.webp?fit=1100%2C1100&ssl=1&resize=525%2C300 1.5x, https:\/\/i0.wp.com\/planitpower.com\/wp-content\/uploads\/2025\/10\/001SP240_Compositiongroot.webp?fit=1100%2C1100&ssl=1&resize=700%2C400 2x, https:\/\/i0.wp.com\/planitpower.com\/wp-content\/uploads\/2025\/10\/001SP240_Compositiongroot.webp?fit=1100%2C1100&ssl=1&resize=1050%2C600 3x"},"classes":[]},{"id":3571,"url":"https:\/\/planitpower.com\/fr\/boutique\/prise-connectee-exterieure-innr-16a\/","url_meta":{"origin":3591,"position":2},"title":"Prise connect\u00e9e ext\u00e9rieure Innr \u2013 16 A","author":"Editorial Team","date":"04\/01\/2026","format":false,"excerpt":"Caract\u00e9ristiques principales : Prise ext\u00e9rieure intelligente de 16 A avec compteur de puissance int\u00e9gr\u00e9. Permet le contr\u00f4le \u00e0 distance, la programmation et le suivi de la consommation \u00e9nerg\u00e9tique des appareils \u00e9lectriques ext\u00e9rieurs. Bo\u00eetier IP44 r\u00e9sistant aux intemp\u00e9ries, con\u00e7u pour une utilisation en ext\u00e9rieur dans les jardins, sur les terrasses ou les all\u00e9es. Connectivit\u00e9 Zigbee 3.0 compatible avec Philips Hue, Amazon Alexa, Google Assistant et autres syst\u00e8mes domotiques Zigbee.","rel":"","context":"Article similaire","block_context":{"text":"Article similaire","link":""},"img":{"alt_text":"vInnr Outdoor Smart Plug - 16A - Planitpower - 6","src":"https:\/\/i0.wp.com\/planitpower.com\/wp-content\/uploads\/2025\/10\/OSP240compositionrender.webp?fit=1200%2C1200&ssl=1&resize=350%2C200","width":350,"height":200,"srcset":"https:\/\/i0.wp.com\/planitpower.com\/wp-content\/uploads\/2025\/10\/OSP240compositionrender.webp?fit=1200%2C1200&ssl=1&resize=350%2C200 1x, https:\/\/i0.wp.com\/planitpower.com\/wp-content\/uploads\/2025\/10\/OSP240compositionrender.webp?fit=1200%2C1200&ssl=1&resize=525%2C300 1.5x, https:\/\/i0.wp.com\/planitpower.com\/wp-content\/uploads\/2025\/10\/OSP240compositionrender.webp?fit=1200%2C1200&ssl=1&resize=700%2C400 2x, https:\/\/i0.wp.com\/planitpower.com\/wp-content\/uploads\/2025\/10\/OSP240compositionrender.webp?fit=1200%2C1200&ssl=1&resize=1050%2C600 3x"},"classes":[]},{"id":3580,"url":"https:\/\/planitpower.com\/fr\/boutique\/pont-zigbee-innr\/","url_meta":{"origin":3591,"position":3},"title":"Pont zigbee Innr","author":"Editorial Team","date":"24\/11\/2025","format":false,"excerpt":"Caract\u00e9ristiques principales : Pont central Zigbee 3.0 qui connecte et g\u00e8re tous les appareils intelligents Innr. Permet le contr\u00f4le sans fil des lumi\u00e8res, des prises et autres accessoires connect\u00e9s via l&#039;application Innr ou les plateformes compatibles. Int\u00e9gration fluide avec Amazon Alexa, Google Assistant et les autres \u00e9cosyst\u00e8mes Zigbee 3.0. Communication fiable \u00e0 faible latence pour une domotique performante et stable.","rel":"","context":"Article similaire","block_context":{"text":"Article similaire","link":""},"img":{"alt_text":"Innr Bridge - Planitpower - 3","src":"https:\/\/i0.wp.com\/planitpower.com\/wp-content\/uploads\/2025\/10\/01BG220BridgeComposition.webp?fit=1200%2C1200&ssl=1&resize=350%2C200","width":350,"height":200,"srcset":"https:\/\/i0.wp.com\/planitpower.com\/wp-content\/uploads\/2025\/10\/01BG220BridgeComposition.webp?fit=1200%2C1200&ssl=1&resize=350%2C200 1x, https:\/\/i0.wp.com\/planitpower.com\/wp-content\/uploads\/2025\/10\/01BG220BridgeComposition.webp?fit=1200%2C1200&ssl=1&resize=525%2C300 1.5x, https:\/\/i0.wp.com\/planitpower.com\/wp-content\/uploads\/2025\/10\/01BG220BridgeComposition.webp?fit=1200%2C1200&ssl=1&resize=700%2C400 2x, https:\/\/i0.wp.com\/planitpower.com\/wp-content\/uploads\/2025\/10\/01BG220BridgeComposition.webp?fit=1200%2C1200&ssl=1&resize=1050%2C600 3x"},"classes":[]},{"id":3429,"url":"https:\/\/planitpower.com\/fr\/boutique\/bougie-blanche-innr-e14-470-lm\/","url_meta":{"origin":3591,"position":4},"title":"Bougie Innr-E14 blanche 470 lm","author":"Editorial Team","date":"04\/01\/2026","format":false,"excerpt":"Main Features Installation in standard E14 candle-fitting sockets \u2014 ideal for chandeliers, wall lamps and decorative lighting. Wireless dimmable control via Zigbee 3.0 \u2014 adjust brightness effortlessly from 1% up to 100%. Warm white light output of approx. 470 lm, creating a cosy and efficient illumination. Compatibility with major smart-home\u2026","rel":"","context":"Article similaire","block_context":{"text":"Article similaire","link":""},"img":{"alt_text":"","src":"https:\/\/i0.wp.com\/planitpower.com\/wp-content\/uploads\/2025\/10\/RB243candle_white_EUgroot.webp?fit=1100%2C1107&ssl=1&resize=350%2C200","width":350,"height":200,"srcset":"https:\/\/i0.wp.com\/planitpower.com\/wp-content\/uploads\/2025\/10\/RB243candle_white_EUgroot.webp?fit=1100%2C1107&ssl=1&resize=350%2C200 1x, https:\/\/i0.wp.com\/planitpower.com\/wp-content\/uploads\/2025\/10\/RB243candle_white_EUgroot.webp?fit=1100%2C1107&ssl=1&resize=525%2C300 1.5x, https:\/\/i0.wp.com\/planitpower.com\/wp-content\/uploads\/2025\/10\/RB243candle_white_EUgroot.webp?fit=1100%2C1107&ssl=1&resize=700%2C400 2x, https:\/\/i0.wp.com\/planitpower.com\/wp-content\/uploads\/2025\/10\/RB243candle_white_EUgroot.webp?fit=1100%2C1107&ssl=1&resize=1050%2C600 3x"},"classes":[]},{"id":3534,"url":"https:\/\/planitpower.com\/fr\/boutique\/bande-lumineuse-flexible-zigbee-innr-couleur\/","url_meta":{"origin":3591,"position":5},"title":"Bande lumineuse flexible Innr Zigbee couleur","author":"Editorial Team","date":"04\/01\/2026","format":false,"excerpt":"Main Features Flexible smart LED light strip for indoor use \u2014 ideal for ambient or accent lighting. Full RGB colour spectrum plus tunable white light (1800 K \u2013 6500 K). Fully dimmable (1 % \u2013 100 %) with smooth transitions and precise colour control. Zigbee 3.0 connectivity compatible with major\u2026","rel":"","context":"Article similaire","block_context":{"text":"Article similaire","link":""},"img":{"alt_text":"Innr Zigbee Flex light strip color - Planitpower - 1","src":"https:\/\/i0.wp.com\/planitpower.com\/wp-content\/uploads\/2025\/10\/FL142CLD_2024_TH.webp?fit=1200%2C1200&ssl=1&resize=350%2C200","width":350,"height":200,"srcset":"https:\/\/i0.wp.com\/planitpower.com\/wp-content\/uploads\/2025\/10\/FL142CLD_2024_TH.webp?fit=1200%2C1200&ssl=1&resize=350%2C200 1x, https:\/\/i0.wp.com\/planitpower.com\/wp-content\/uploads\/2025\/10\/FL142CLD_2024_TH.webp?fit=1200%2C1200&ssl=1&resize=525%2C300 1.5x, https:\/\/i0.wp.com\/planitpower.com\/wp-content\/uploads\/2025\/10\/FL142CLD_2024_TH.webp?fit=1200%2C1200&ssl=1&resize=700%2C400 2x, https:\/\/i0.wp.com\/planitpower.com\/wp-content\/uploads\/2025\/10\/FL142CLD_2024_TH.webp?fit=1200%2C1200&ssl=1&resize=1050%2C600 3x"},"classes":[]}],"_links":{"self":[{"href":"https:\/\/planitpower.com\/fr\/wp-json\/wp\/v2\/product\/3591","targetHints":{"allow":["GET"]}}],"collection":[{"href":"https:\/\/planitpower.com\/fr\/wp-json\/wp\/v2\/product"}],"about":[{"href":"https:\/\/planitpower.com\/fr\/wp-json\/wp\/v2\/types\/product"}],"replies":[{"embeddable":true,"href":"https:\/\/planitpower.com\/fr\/wp-json\/wp\/v2\/comments?post=3591"}],"version-history":[{"count":0,"href":"https:\/\/planitpower.com\/fr\/wp-json\/wp\/v2\/product\/3591\/revisions"}],"wp:featuredmedia":[{"embeddable":true,"href":"https:\/\/planitpower.com\/fr\/wp-json\/wp\/v2\/media\/3592"}],"wp:attachment":[{"href":"https:\/\/planitpower.com\/fr\/wp-json\/wp\/v2\/media?parent=3591"}],"wp:term":[{"taxonomy":"product_brand","embeddable":true,"href":"https:\/\/planitpower.com\/fr\/wp-json\/wp\/v2\/product_brand?post=3591"},{"taxonomy":"product_cat","embeddable":true,"href":"https:\/\/planitpower.com\/fr\/wp-json\/wp\/v2\/product_cat?post=3591"},{"taxonomy":"product_tag","embeddable":true,"href":"https:\/\/planitpower.com\/fr\/wp-json\/wp\/v2\/product_tag?post=3591"}],"curies":[{"name":"wp","href":"https:\/\/api.w.org\/{rel}","templated":true}]}}