{"id":3768,"date":"2025-11-24T14:12:27","date_gmt":"2025-11-24T14:12:27","guid":{"rendered":"https:\/\/planitpower.com\/?post_type=product&#038;p=3768"},"modified":"2026-01-03T01:59:29","modified_gmt":"2026-01-03T01:59:29","slug":"ecosoft-pure-balance-filtre-dosmose-inverse-avec-pompe","status":"publish","type":"product","link":"https:\/\/planitpower.com\/fr\/boutique\/ecosoft-pure-balance-filtre-dosmose-inverse-avec-pompe\/","title":{"rendered":"Filtre \u00e0 osmose inverse Ecosoft PURE Balance avec pompe"},"content":{"rendered":"<h2 class=\"wp-block-heading\"><strong>Description<\/strong><\/h2>\n\n\n\n<p>Le <strong>Filtre \u00e0 osmose inverse Ecosoft P'URE Balance avec pompe<\/strong> est un syst\u00e8me de filtration d'eau domestique haut de gamme con\u00e7u pour fournir une eau potable parfaitement \u00e9quilibr\u00e9e et enrichie en min\u00e9raux. Con\u00e7u pour les m\u00e9nages modernes, ce syst\u00e8me utilise une technologie avanc\u00e9e d'osmose inverse combin\u00e9e \u00e0 une min\u00e9ralisation intelligente pour garantir une eau \u00e0 la fois pure et naturellement rafra\u00eechissante.<\/p>\n\n\n\n<p>Gr\u00e2ce \u00e0 sa pompe de surpression int\u00e9gr\u00e9e, le filtre fonctionne efficacement m\u00eame dans les maisons o\u00f9 la pression de l'eau est faible. Il est pr\u00e9mont\u00e9 sur un cadre m\u00e9tallique durable pour une installation facile sous n'importe quel \u00e9vier de cuisine standard. Le processus de purification en six \u00e9tapes \u00e9limine les impuret\u00e9s nocives, notamment le chlore, les m\u00e9taux lourds, les pesticides, les bact\u00e9ries et les virus, tout en ajoutant des min\u00e9raux essentiels tels que le calcium et le magn\u00e9sium. Le r\u00e9sultat est une eau propre et \u00e9quilibr\u00e9e qui favorise la sant\u00e9 et le go\u00fbt - id\u00e9ale pour cuisiner, boire et pour l'usage quotidien.<\/p>\n\n\n\n<h2 class=\"wp-block-heading\"><strong>Sp\u00e9cifications techniques<\/strong><\/h2>\n\n\n\n<figure class=\"wp-block-table\"><table class=\"has-fixed-layout\"><thead><tr><th><strong>Param\u00e8tres<\/strong><\/th><th><strong>Sp\u00e9cifications<\/strong><\/th><\/tr><\/thead><tbody><tr><td><strong>Code du mod\u00e8le<\/strong><\/td><td>MO675MBALPSECO<\/td><\/tr><tr><td><strong>Capacit\u00e9 de filtration<\/strong><\/td><td>75 GPD (\u2248 280 litres\/jour)<\/td><\/tr><tr><td><strong>D\u00e9bit<\/strong><\/td><td>Environ 12 litres\/heure<\/td><\/tr><tr><td><strong>Taux de r\u00e9cup\u00e9ration<\/strong><\/td><td>Jusqu'\u00e0 50 % (pur : d\u00e9chets \u2248 1 : 1)<\/td><\/tr><tr><td><strong>Volume du r\u00e9servoir de stockage<\/strong><\/td><td>12 litres (utilisable \u2248 7 litres)<\/td><\/tr><tr><td><strong>Pression de travail (version pompe)<\/strong><\/td><td>Fonctionne m\u00eame \u00e0 faible pression d'entr\u00e9e<\/td><\/tr><tr><td><strong>Qualit\u00e9 de l'eau apr\u00e8s filtration<\/strong><\/td><td>pH 7-8,5 ; min\u00e9raux totaux 60-80 ppm ; calcium 10-15 ppm ; magn\u00e9sium 4-6 ppm ; sodium &lt; 5 ppm<\/td><\/tr><tr><td><strong>Dimensions (H \u00d7 L \u00d7 P)<\/strong><\/td><td>485 \u00d7 410 \u00d7 195 mm<\/td><\/tr><tr><td><strong>Poids net<\/strong><\/td><td>10 kg<\/td><\/tr><tr><td><strong>Exigences relatives aux sources d'eau<\/strong><\/td><td>pH 6,5-8,5 ; TDS \u2264 1500 ppm ; duret\u00e9 &lt; 500 ppm CaCO\u2083 ; chlore \u2264 0,5 ppm ; fer \u2264 0,3 ppm ; mangan\u00e8se \u2264 0,1 ppm ; DCO \u2264 5 ppm O\u2082 ; bact\u00e9ries \u2264 50 CFU\/100 ml.<\/td><\/tr><\/tbody><\/table><\/figure>\n\n\n\n<p><\/p>","protected":false},"excerpt":{"rendered":"<ul>\n<li data-start=\"1198\" data-end=\"1460\"><strong data-start=\"1198\" data-end=\"1230\">Syst\u00e8me de filtration en six \u00e9tapes :<\/strong> Combine la filtration des s\u00e9diments, le charbon actif, une cartouche pr\u00e9-membrane AquaGreen, une membrane d'osmose inverse de 75 GPD, la min\u00e9ralisation avec du calcium et du magn\u00e9sium, et une \u00e9tape finale de polissage au charbon pour une puret\u00e9 et un go\u00fbt optimaux.<\/li>\n<li data-start=\"1463\" data-end=\"1609\"><strong data-start=\"1463\" data-end=\"1489\">Pompe de surpression int\u00e9gr\u00e9e :<\/strong> Garantit des performances constantes dans les zones o\u00f9 la pression du r\u00e9seau est faible, en assurant un fonctionnement stable et une filtration efficace.<\/li>\n<li data-start=\"1612\" data-end=\"1811\"><strong data-start=\"1612\" data-end=\"1650\">Technologie \u00e9cologique AquaGreen :<\/strong> R\u00e9duit le gaspillage d'eau et am\u00e9liore l'efficacit\u00e9, avec une r\u00e9cup\u00e9ration pouvant atteindre 50 %, ce qui permet d'\u00e9conomiser jusqu'\u00e0 20 000 litres d'eau par an par rapport aux syst\u00e8mes d'osmose inverse conventionnels.<\/li>\n<li data-start=\"1814\" data-end=\"2015\"><strong data-start=\"1814\" data-end=\"1843\">Teneur en min\u00e9raux \u00e9quilibr\u00e9e :<\/strong> Apr\u00e8s purification, l'eau conserve un niveau id\u00e9al de min\u00e9raux essentiels, ce qui donne une concentration min\u00e9rale totale d'environ 60-80 ppm pour un go\u00fbt naturel et agr\u00e9able.<\/li>\n<li data-start=\"2018\" data-end=\"2196\"><strong data-start=\"2018\" data-end=\"2050\">Compact et facile \u00e0 installer :<\/strong> L'appareil s'ins\u00e8re parfaitement sous un \u00e9vier standard et comprend un kit d'installation complet avec tous les accessoires n\u00e9cessaires tels que le robinet, le tuyau et le r\u00e9servoir.<\/li>\n<li data-start=\"2199\" data-end=\"2337\"><strong data-start=\"2199\" data-end=\"2230\">Mat\u00e9riaux durables et s\u00fbrs :<\/strong> Fabriqu\u00e9s \u00e0 partir de plastiques certifi\u00e9s, de qualit\u00e9 alimentaire et sans BPA, conformes aux normes internationales de qualit\u00e9 et de s\u00e9curit\u00e9.<\/li>\n<li data-start=\"2340\" data-end=\"2463\"><strong data-start=\"2340\" data-end=\"2364\">Fonctionnement \u00e0 faible bruit :<\/strong> La pompe int\u00e9gr\u00e9e et la conception du syst\u00e8me garantissent un fonctionnement silencieux adapt\u00e9 aux environnements domestiques.<\/li>\n<\/ul>","protected":false},"featured_media":3778,"comment_status":"open","ping_status":"closed","template":"","meta":{"jetpack_post_was_ever_published":false,"jetpack_publicize_message":"","jetpack_publicize_feature_enabled":false,"jetpack_social_post_already_shared":false,"jetpack_social_options":{"image_generator_settings":{"template":"highway","default_image_id":0,"font":"","enabled":false},"version":2}},"product_brand":[128],"product_cat":[100],"product_tag":[],"class_list":{"0":"post-3768","1":"product","2":"type-product","3":"status-publish","4":"has-post-thumbnail","6":"product_brand-ecosoft","7":"product_cat-water-filtration","8":"product_shipping_class-free-delivery","10":"first","11":"instock","12":"taxable","13":"shipping-taxable","14":"purchasable","15":"product-type-simple"},"yoast_head":"<!-- This site is optimized with the Yoast SEO plugin v27.3 - https:\/\/yoast.com\/product\/yoast-seo-wordpress\/ -->\n<title>Ecosoft PURE Balance reverse osmosis filter with pump - Planitpower<\/title>\n<meta name=\"description\" content=\"Discover the Ecosoft PURE Balance Reverse Osmosis Filter with Pump \u2014 a six-stage water purification system with mineralisation and AquaGreen technology. Delivers pure, great-tasting, mineral-balanced water even at low pressure. Compact, efficient, and eco-friendly \u2014 ideal for any modern kitchen.\" \/>\n<meta name=\"robots\" content=\"index, follow, max-snippet:-1, max-image-preview:large, max-video-preview:-1\" \/>\n<link rel=\"canonical\" href=\"https:\/\/planitpower.com\/fr\/boutique\/ecosoft-pure-balance-filtre-dosmose-inverse-avec-pompe\/\" \/>\n<meta property=\"og:locale\" content=\"fr_FR\" \/>\n<meta property=\"og:type\" content=\"article\" \/>\n<meta property=\"og:title\" content=\"Ecosoft PURE Balance reverse osmosis filter with pump - Planitpower\" \/>\n<meta property=\"og:description\" content=\"Discover the Ecosoft PURE Balance Reverse Osmosis Filter with Pump \u2014 a six-stage water purification system with mineralisation and AquaGreen technology. Delivers pure, great-tasting, mineral-balanced water even at low pressure. Compact, efficient, and eco-friendly \u2014 ideal for any modern kitchen.\" \/>\n<meta property=\"og:url\" content=\"https:\/\/planitpower.com\/fr\/boutique\/ecosoft-pure-balance-filtre-dosmose-inverse-avec-pompe\/\" \/>\n<meta property=\"og:site_name\" content=\"Planitpower\" \/>\n<meta property=\"article:modified_time\" content=\"2026-01-03T01:59:29+00:00\" \/>\n<meta property=\"og:image\" content=\"https:\/\/i0.wp.com\/planitpower.com\/wp-content\/uploads\/2025\/11\/MO3400PECO-12.png?fit=1200%2C1200&ssl=1\" \/>\n\t<meta property=\"og:image:width\" content=\"1200\" \/>\n\t<meta property=\"og:image:height\" content=\"1200\" \/>\n\t<meta property=\"og:image:type\" content=\"image\/png\" \/>\n<meta name=\"twitter:card\" content=\"summary_large_image\" \/>\n<meta name=\"twitter:label1\" content=\"Dur\u00e9e de lecture estim\u00e9e\" \/>\n\t<meta name=\"twitter:data1\" content=\"2 minutes\" \/>\n<script type=\"application\/ld+json\" class=\"yoast-schema-graph\">{\"@context\":\"https:\\\/\\\/schema.org\",\"@graph\":[{\"@type\":\"WebPage\",\"@id\":\"https:\\\/\\\/planitpower.com\\\/shop\\\/ecosoft-pure-balance-reverse-osmosis-filter-with-pump\\\/\",\"url\":\"https:\\\/\\\/planitpower.com\\\/shop\\\/ecosoft-pure-balance-reverse-osmosis-filter-with-pump\\\/\",\"name\":\"Ecosoft PURE Balance reverse osmosis filter with pump - Planitpower\",\"isPartOf\":{\"@id\":\"https:\\\/\\\/planitpower.com\\\/#website\"},\"primaryImageOfPage\":{\"@id\":\"https:\\\/\\\/planitpower.com\\\/shop\\\/ecosoft-pure-balance-reverse-osmosis-filter-with-pump\\\/#primaryimage\"},\"image\":{\"@id\":\"https:\\\/\\\/planitpower.com\\\/shop\\\/ecosoft-pure-balance-reverse-osmosis-filter-with-pump\\\/#primaryimage\"},\"thumbnailUrl\":\"https:\\\/\\\/i0.wp.com\\\/planitpower.com\\\/wp-content\\\/uploads\\\/2025\\\/11\\\/MO3400PECO-12.png?fit=1200%2C1200&ssl=1\",\"datePublished\":\"2025-11-24T14:12:27+00:00\",\"dateModified\":\"2026-01-03T01:59:29+00:00\",\"description\":\"Discover the Ecosoft PURE Balance Reverse Osmosis Filter with Pump \u2014 a six-stage water purification system with mineralisation and AquaGreen technology. Delivers pure, great-tasting, mineral-balanced water even at low pressure. Compact, efficient, and eco-friendly \u2014 ideal for any modern kitchen.\",\"breadcrumb\":{\"@id\":\"https:\\\/\\\/planitpower.com\\\/shop\\\/ecosoft-pure-balance-reverse-osmosis-filter-with-pump\\\/#breadcrumb\"},\"inLanguage\":\"fr-FR\",\"potentialAction\":[{\"@type\":\"ReadAction\",\"target\":[\"https:\\\/\\\/planitpower.com\\\/shop\\\/ecosoft-pure-balance-reverse-osmosis-filter-with-pump\\\/\"]}]},{\"@type\":\"ImageObject\",\"inLanguage\":\"fr-FR\",\"@id\":\"https:\\\/\\\/planitpower.com\\\/shop\\\/ecosoft-pure-balance-reverse-osmosis-filter-with-pump\\\/#primaryimage\",\"url\":\"https:\\\/\\\/i0.wp.com\\\/planitpower.com\\\/wp-content\\\/uploads\\\/2025\\\/11\\\/MO3400PECO-12.png?fit=1200%2C1200&ssl=1\",\"contentUrl\":\"https:\\\/\\\/i0.wp.com\\\/planitpower.com\\\/wp-content\\\/uploads\\\/2025\\\/11\\\/MO3400PECO-12.png?fit=1200%2C1200&ssl=1\",\"width\":1200,\"height\":1200,\"caption\":\"Ecosoft PURE Balance reverse osmosis filter with pump - Planitpower - 1\"},{\"@type\":\"BreadcrumbList\",\"@id\":\"https:\\\/\\\/planitpower.com\\\/shop\\\/ecosoft-pure-balance-reverse-osmosis-filter-with-pump\\\/#breadcrumb\",\"itemListElement\":[{\"@type\":\"ListItem\",\"position\":1,\"name\":\"Home\",\"item\":\"https:\\\/\\\/planitpower.com\\\/\"},{\"@type\":\"ListItem\",\"position\":2,\"name\":\"SHOP\",\"item\":\"https:\\\/\\\/planitpower.com\\\/shop\\\/\"},{\"@type\":\"ListItem\",\"position\":3,\"name\":\"Ecosoft PURE Balance reverse osmosis filter with pump\"}]},{\"@type\":\"WebSite\",\"@id\":\"https:\\\/\\\/planitpower.com\\\/#website\",\"url\":\"https:\\\/\\\/planitpower.com\\\/\",\"name\":\"Planitpower\",\"description\":\"Inspire energy\",\"publisher\":{\"@id\":\"https:\\\/\\\/planitpower.com\\\/#\\\/schema\\\/person\\\/b531587eda267b930b04174d12de6efa\"},\"potentialAction\":[{\"@type\":\"SearchAction\",\"target\":{\"@type\":\"EntryPoint\",\"urlTemplate\":\"https:\\\/\\\/planitpower.com\\\/?s={search_term_string}\"},\"query-input\":{\"@type\":\"PropertyValueSpecification\",\"valueRequired\":true,\"valueName\":\"search_term_string\"}}],\"inLanguage\":\"fr-FR\"},{\"@type\":[\"Person\",\"Organization\"],\"@id\":\"https:\\\/\\\/planitpower.com\\\/#\\\/schema\\\/person\\\/b531587eda267b930b04174d12de6efa\",\"name\":\"Editorial Team\",\"image\":{\"@type\":\"ImageObject\",\"inLanguage\":\"fr-FR\",\"@id\":\"https:\\\/\\\/i0.wp.com\\\/planitpower.com\\\/wp-content\\\/uploads\\\/2025\\\/12\\\/cropped-planitpower_circle_375x375.png?fit=512%2C512&ssl=1\",\"url\":\"https:\\\/\\\/i0.wp.com\\\/planitpower.com\\\/wp-content\\\/uploads\\\/2025\\\/12\\\/cropped-planitpower_circle_375x375.png?fit=512%2C512&ssl=1\",\"contentUrl\":\"https:\\\/\\\/i0.wp.com\\\/planitpower.com\\\/wp-content\\\/uploads\\\/2025\\\/12\\\/cropped-planitpower_circle_375x375.png?fit=512%2C512&ssl=1\",\"width\":512,\"height\":512,\"caption\":\"Editorial Team\"},\"logo\":{\"@id\":\"https:\\\/\\\/i0.wp.com\\\/planitpower.com\\\/wp-content\\\/uploads\\\/2025\\\/12\\\/cropped-planitpower_circle_375x375.png?fit=512%2C512&ssl=1\"},\"sameAs\":[\"https:\\\/\\\/Planitpower.com\"]}]}<\/script>\n<!-- \/ Yoast SEO plugin. -->","yoast_head_json":{"title":"Filtre \u00e0 osmose inverse Ecosoft PURE Balance avec pompe - Planitpower","description":"D\u00e9couvrez le filtre \u00e0 osmose inverse Ecosoft PURE Balance avec pompe - un syst\u00e8me de purification de l'eau en six \u00e9tapes avec min\u00e9ralisation et technologie AquaGreen. Il fournit une eau pure, savoureuse et \u00e9quilibr\u00e9e en min\u00e9raux, m\u00eame \u00e0 basse pression. Compact, efficace et \u00e9cologique, il est id\u00e9al pour les cuisines modernes.","robots":{"index":"index","follow":"follow","max-snippet":"max-snippet:-1","max-image-preview":"max-image-preview:large","max-video-preview":"max-video-preview:-1"},"canonical":"https:\/\/planitpower.com\/fr\/boutique\/ecosoft-pure-balance-filtre-dosmose-inverse-avec-pompe\/","og_locale":"fr_FR","og_type":"article","og_title":"Ecosoft PURE Balance reverse osmosis filter with pump - Planitpower","og_description":"Discover the Ecosoft PURE Balance Reverse Osmosis Filter with Pump \u2014 a six-stage water purification system with mineralisation and AquaGreen technology. Delivers pure, great-tasting, mineral-balanced water even at low pressure. Compact, efficient, and eco-friendly \u2014 ideal for any modern kitchen.","og_url":"https:\/\/planitpower.com\/fr\/boutique\/ecosoft-pure-balance-filtre-dosmose-inverse-avec-pompe\/","og_site_name":"Planitpower","article_modified_time":"2026-01-03T01:59:29+00:00","og_image":[{"width":1200,"height":1200,"url":"https:\/\/i0.wp.com\/planitpower.com\/wp-content\/uploads\/2025\/11\/MO3400PECO-12.png?fit=1200%2C1200&ssl=1","type":"image\/png"}],"twitter_card":"summary_large_image","twitter_misc":{"Dur\u00e9e de lecture estim\u00e9e":"2 minutes"},"schema":{"@context":"https:\/\/schema.org","@graph":[{"@type":"WebPage","@id":"https:\/\/planitpower.com\/shop\/ecosoft-pure-balance-reverse-osmosis-filter-with-pump\/","url":"https:\/\/planitpower.com\/shop\/ecosoft-pure-balance-reverse-osmosis-filter-with-pump\/","name":"Filtre \u00e0 osmose inverse Ecosoft PURE Balance avec pompe - Planitpower","isPartOf":{"@id":"https:\/\/planitpower.com\/#website"},"primaryImageOfPage":{"@id":"https:\/\/planitpower.com\/shop\/ecosoft-pure-balance-reverse-osmosis-filter-with-pump\/#primaryimage"},"image":{"@id":"https:\/\/planitpower.com\/shop\/ecosoft-pure-balance-reverse-osmosis-filter-with-pump\/#primaryimage"},"thumbnailUrl":"https:\/\/i0.wp.com\/planitpower.com\/wp-content\/uploads\/2025\/11\/MO3400PECO-12.png?fit=1200%2C1200&ssl=1","datePublished":"2025-11-24T14:12:27+00:00","dateModified":"2026-01-03T01:59:29+00:00","description":"D\u00e9couvrez le filtre \u00e0 osmose inverse Ecosoft PURE Balance avec pompe - un syst\u00e8me de purification de l'eau en six \u00e9tapes avec min\u00e9ralisation et technologie AquaGreen. Il fournit une eau pure, savoureuse et \u00e9quilibr\u00e9e en min\u00e9raux, m\u00eame \u00e0 basse pression. Compact, efficace et \u00e9cologique, il est id\u00e9al pour les cuisines modernes.","breadcrumb":{"@id":"https:\/\/planitpower.com\/shop\/ecosoft-pure-balance-reverse-osmosis-filter-with-pump\/#breadcrumb"},"inLanguage":"fr-FR","potentialAction":[{"@type":"ReadAction","target":["https:\/\/planitpower.com\/shop\/ecosoft-pure-balance-reverse-osmosis-filter-with-pump\/"]}]},{"@type":"ImageObject","inLanguage":"fr-FR","@id":"https:\/\/planitpower.com\/shop\/ecosoft-pure-balance-reverse-osmosis-filter-with-pump\/#primaryimage","url":"https:\/\/i0.wp.com\/planitpower.com\/wp-content\/uploads\/2025\/11\/MO3400PECO-12.png?fit=1200%2C1200&ssl=1","contentUrl":"https:\/\/i0.wp.com\/planitpower.com\/wp-content\/uploads\/2025\/11\/MO3400PECO-12.png?fit=1200%2C1200&ssl=1","width":1200,"height":1200,"caption":"Ecosoft PURE Balance reverse osmosis filter with pump - Planitpower - 1"},{"@type":"BreadcrumbList","@id":"https:\/\/planitpower.com\/shop\/ecosoft-pure-balance-reverse-osmosis-filter-with-pump\/#breadcrumb","itemListElement":[{"@type":"ListItem","position":1,"name":"Home","item":"https:\/\/planitpower.com\/"},{"@type":"ListItem","position":2,"name":"SHOP","item":"https:\/\/planitpower.com\/shop\/"},{"@type":"ListItem","position":3,"name":"Ecosoft PURE Balance reverse osmosis filter with pump"}]},{"@type":"WebSite","@id":"https:\/\/planitpower.com\/#website","url":"https:\/\/planitpower.com\/","name":"Planitpower","description":"Inspirons l'\u00e9nergie!","publisher":{"@id":"https:\/\/planitpower.com\/#\/schema\/person\/b531587eda267b930b04174d12de6efa"},"potentialAction":[{"@type":"SearchAction","target":{"@type":"EntryPoint","urlTemplate":"https:\/\/planitpower.com\/?s={search_term_string}"},"query-input":{"@type":"PropertyValueSpecification","valueRequired":true,"valueName":"search_term_string"}}],"inLanguage":"fr-FR"},{"@type":["Person","Organization"],"@id":"https:\/\/planitpower.com\/#\/schema\/person\/b531587eda267b930b04174d12de6efa","name":"Equipe \u00e9ditoriale","image":{"@type":"ImageObject","inLanguage":"fr-FR","@id":"https:\/\/i0.wp.com\/planitpower.com\/wp-content\/uploads\/2025\/12\/cropped-planitpower_circle_375x375.png?fit=512%2C512&ssl=1","url":"https:\/\/i0.wp.com\/planitpower.com\/wp-content\/uploads\/2025\/12\/cropped-planitpower_circle_375x375.png?fit=512%2C512&ssl=1","contentUrl":"https:\/\/i0.wp.com\/planitpower.com\/wp-content\/uploads\/2025\/12\/cropped-planitpower_circle_375x375.png?fit=512%2C512&ssl=1","width":512,"height":512,"caption":"Editorial Team"},"logo":{"@id":"https:\/\/i0.wp.com\/planitpower.com\/wp-content\/uploads\/2025\/12\/cropped-planitpower_circle_375x375.png?fit=512%2C512&ssl=1"},"sameAs":["https:\/\/Planitpower.com"]}]}},"jetpack_publicize_connections":[],"jetpack_likes_enabled":true,"jetpack_sharing_enabled":true,"jetpack-related-posts":[{"id":5208,"url":"https:\/\/planitpower.com\/fr\/boutique\/zendure-solarflow-2400-ac\/","url_meta":{"origin":3768,"position":0},"title":"Zendure SolarFlow 2400 AC","author":"Editorial Team","date":"28\/11\/2025","format":false,"excerpt":"Main features Syst\u00e8me de gestion intelligent AC-coupl\u00e9Contr\u00f4le automatiquement la charge et la d\u00e9charge des batteries AB3000X selon la production solaire, votre consommation et les horaires tarifaires. Compatible avec les micro-onduleursFonctionne avec les installations photovolta\u00efques AC jusqu\u2019\u00e0 2000 W, sans modifier l\u2019infrastructure existante. Puissance de sortie flexible800 W en mode plug-and-play\u2026","rel":"","context":"Article similaire","block_context":{"text":"Article similaire","link":""},"img":{"alt_text":"Zendure SolarFlow 2400 AC - planitpower","src":"https:\/\/i0.wp.com\/planitpower.com\/wp-content\/uploads\/2025\/11\/zendure-solarflow-2400-ac-seul.jpg?fit=500%2C500&ssl=1&resize=350%2C200","width":350,"height":200},"classes":[]}],"_links":{"self":[{"href":"https:\/\/planitpower.com\/fr\/wp-json\/wp\/v2\/product\/3768","targetHints":{"allow":["GET"]}}],"collection":[{"href":"https:\/\/planitpower.com\/fr\/wp-json\/wp\/v2\/product"}],"about":[{"href":"https:\/\/planitpower.com\/fr\/wp-json\/wp\/v2\/types\/product"}],"replies":[{"embeddable":true,"href":"https:\/\/planitpower.com\/fr\/wp-json\/wp\/v2\/comments?post=3768"}],"version-history":[{"count":0,"href":"https:\/\/planitpower.com\/fr\/wp-json\/wp\/v2\/product\/3768\/revisions"}],"wp:featuredmedia":[{"embeddable":true,"href":"https:\/\/planitpower.com\/fr\/wp-json\/wp\/v2\/media\/3778"}],"wp:attachment":[{"href":"https:\/\/planitpower.com\/fr\/wp-json\/wp\/v2\/media?parent=3768"}],"wp:term":[{"taxonomy":"product_brand","embeddable":true,"href":"https:\/\/planitpower.com\/fr\/wp-json\/wp\/v2\/product_brand?post=3768"},{"taxonomy":"product_cat","embeddable":true,"href":"https:\/\/planitpower.com\/fr\/wp-json\/wp\/v2\/product_cat?post=3768"},{"taxonomy":"product_tag","embeddable":true,"href":"https:\/\/planitpower.com\/fr\/wp-json\/wp\/v2\/product_tag?post=3768"}],"curies":[{"name":"wp","href":"https:\/\/api.w.org\/{rel}","templated":true}]}}