{"id":3790,"date":"2025-11-12T21:56:02","date_gmt":"2025-11-12T21:56:02","guid":{"rendered":"https:\/\/planitpower.com\/?post_type=product&#038;p=3790"},"modified":"2026-04-18T20:33:51","modified_gmt":"2026-04-18T20:33:51","slug":"ecosoft-pink-100-adoucisseur-deau","status":"publish","type":"product","link":"https:\/\/planitpower.com\/fr\/boutique\/ecosoft-pink-100-adoucisseur-deau\/","title":{"rendered":"Adoucisseur d'eau Ecosoft Pink 100"},"content":{"rendered":"<h2 class=\"wp-block-heading\">Description<\/h2>\n\n\n\n<p>Le <strong>Ecosoft Pink 100<\/strong> L'adoucisseur d'eau Ecosoft est con\u00e7u pour offrir les meilleurs avantages en mati\u00e8re d'adoucissement de l'eau dans un encombrement r\u00e9duit. Son bo\u00eetier profil\u00e9, d'une hauteur inf\u00e9rieure \u00e0 500 mm, est id\u00e9al pour une installation dans les espaces restreints tels que les buanderies, sous les \u00e9viers ou dans les appartements. Gr\u00e2ce \u00e0 la robuste vanne de r\u00e9gulation Clack\u00ae DV, fabriqu\u00e9e aux \u00c9tats-Unis et dot\u00e9e d'un disque rev\u00eatu de carbone diamant\u00e9, l'unit\u00e9 offre des performances fiables en mati\u00e8re d'eau douce pour la plomberie, les appareils \u00e9lectrom\u00e9nagers et la robinetterie de la maison. Avec son syst\u00e8me de r\u00e9g\u00e9n\u00e9ration proportionnelle \u00e0 flux ascendant, le Pink 100 minimise la consommation de sel et d'eau, vous aidant \u00e0 r\u00e9duire les co\u00fbts d'exploitation tout en prot\u00e9geant votre installation contre l'entartrage.<\/p>\n\n\n\n<h2 class=\"wp-block-heading\">Sp\u00e9cifications techniques<\/h2>\n\n\n\n<p>Voici les principales caract\u00e9ristiques techniques de l'Ecosoft Pink 100 :<\/p>\n\n\n\n<figure class=\"wp-block-table\"><table class=\"has-fixed-layout\"><thead><tr><th>Param\u00e8tres<\/th><th>Sp\u00e9cifications<\/th><\/tr><\/thead><tbody><tr><td>D\u00e9bit d'exploitation<\/td><td>1,2 m\u00b3\/h<\/td><\/tr><tr><td>Quantit\u00e9 de milieu (volume de r\u00e9sine)<\/td><td>10 L<\/td><\/tr><tr><td>Capacit\u00e9 volum\u00e9trique* (\u00e0 250 mg\/L de duret\u00e9 CaCO\u2083)<\/td><td>2 m\u00b3<\/td><\/tr><tr><td>Consommation de sel par r\u00e9g\u00e9n\u00e9ration<\/td><td>~1,0 kg<\/td><\/tr><tr><td>Consommation d'eau par r\u00e9g\u00e9n\u00e9ration (d\u00e9charge)<\/td><td>~0.08 m\u00b3<\/td><\/tr><tr><td>Dur\u00e9e de la r\u00e9g\u00e9n\u00e9ration<\/td><td>80-110 minutes<\/td><\/tr><tr><td>Perte de charge en mode service<\/td><td>0,5 bar<\/td><\/tr><tr><td>Pression d'entr\u00e9e<\/td><td>2-6 bar<\/td><\/tr><tr><td>Exigences \u00e9lectriques<\/td><td>230 V, 50 Hz<\/td><\/tr><tr><td>Consommation \u00e9lectrique<\/td><td>30 W<\/td><\/tr><tr><td>Raccordements des tuyaux d'entr\u00e9e et de sortie<\/td><td>\u00be\u2033<\/td><\/tr><tr><td>Dimensions (L \u00d7 P \u00d7 H)<\/td><td>270 mm \u00d7 430 mm \u00d7 469 mm<\/td><\/tr><tr><td>Limites de l'eau influente (max)<\/td><td>Duret\u00e9 jusqu'\u00e0 750 mg\/L CaCO\u2083 ; Fer \u2264 0,2 mg\/L ; Mangan\u00e8se \u2264 0,05 mg\/L ; Particules de s\u00e9diments jusqu'\u00e0 100 \u00b5m ; Temp\u00e9rature +4 ... +30 \u00b0C<\/td><\/tr><\/tbody><\/table><\/figure>\n\n\n\n<p>* Capacit\u00e9 volum\u00e9trique pour des conditions de duret\u00e9 standard (5 meq\/L \/ 250 mg\/L CaCO\u2083).<\/p>","protected":false},"excerpt":{"rendered":"<p><!-- wp:heading --><\/p>\n<h2 class=\"wp-block-heading\">Principales caract\u00e9ristiques<\/h2>\n<p><!-- \/wp:paragraph --><\/p>\n<p><!-- wp:list --><\/p>\n<ul class=\"wp-block-list\"><!-- wp:list-item --><\/p>\n<li><strong>Taille ultra-compacte<\/strong>: Avec une hauteur d'environ 470 mm et une largeur de 270 mm, le Pink 100 s'adapte aux espaces restreints sans compromettre les performances.<\/li>\n<p><!-- \/wp:list-item --><\/p>\n<p><!-- wp:list-item --><\/p>\n<li><strong>Technologie des vannes de haute qualit\u00e9<\/strong>: Le syst\u00e8me de vanne m\u00e9langeuse Clack\u00ae DV garantit une r\u00e9g\u00e9n\u00e9ration constante et efficace ainsi qu'une longue dur\u00e9e de vie.<\/li>\n<p><!-- \/wp:list-item --><\/p>\n<p><!-- wp:list-item --><\/p>\n<li><strong>R\u00e9g\u00e9n\u00e9ration proportionnelle en amont<\/strong>: Ce mode avanc\u00e9 permet de r\u00e9g\u00e9n\u00e9rer le lit de r\u00e9sine uniquement lorsque cela est n\u00e9cessaire et de mani\u00e8re \u00e9conomique, en \u00e9conomisant \u00e0 la fois le sel et l'eau.<\/li>\n<p><!-- \/wp:list-item --><\/p>\n<p><!-- wp:list-item --><\/p>\n<li><strong>Gain de place et pr\u00e9paration de l'ensemble de la maison<\/strong>: Bien que compact, le syst\u00e8me est con\u00e7u pour adoucir toute la maison pour les petites familles ou les appartements, en prot\u00e9geant les tuyaux, les appareils et les robinetteries contre le calcaire.<\/li>\n<p><!-- \/wp:list-item --><\/p>\n<p><!-- wp:list-item --><\/p>\n<li><strong>R\u00e9sine et mat\u00e9riaux certifi\u00e9s<\/strong>: La r\u00e9sine \u00e9changeuse d'ions utilis\u00e9e est certifi\u00e9e conforme aux normes internationales (par exemple NSF\/ANSI 61, 372) pour une utilisation s\u00fbre dans les syst\u00e8mes d'eau potable.<\/li>\n<p><!-- \/wp:list-item --><\/p>\n<p><!-- wp:list-item --><\/p>\n<li><strong>Consommation intelligente<\/strong>: Con\u00e7u pour n'utiliser que ~1 kg de sel par r\u00e9g\u00e9n\u00e9ration et environ 0,08 m\u00b3 d'eau pour la r\u00e9g\u00e9n\u00e9ration dans des conditions standard, le Pink 100 offre un fonctionnement \u00e9conomique.<\/li>\n<p><!-- \/wp:list-item --><\/p>\n<p><!-- wp:list-item --><\/p>\n<li><strong>Entretien minimal<\/strong>: Gr\u00e2ce \u00e0 ses composants de haute qualit\u00e9 et \u00e0 sa conception efficace, l'appareil ne n\u00e9cessite qu'une intervention minimale, ce qui est id\u00e9al pour les propri\u00e9taires occup\u00e9s.<\/li>\n<p><!-- \/wp:list-item --><\/ul>\n<p><!-- \/wp:list --><\/p>","protected":false},"featured_media":3824,"comment_status":"open","ping_status":"closed","template":"","meta":{"jetpack_post_was_ever_published":false,"jetpack_publicize_message":"","jetpack_publicize_feature_enabled":true,"jetpack_social_post_already_shared":false,"jetpack_social_options":{"image_generator_settings":{"template":"highway","default_image_id":0,"font":"","enabled":false},"version":2}},"product_brand":[128],"product_cat":[100],"product_tag":[],"class_list":{"0":"post-3790","1":"product","2":"type-product","3":"status-publish","4":"has-post-thumbnail","6":"product_brand-ecosoft","7":"product_cat-water-filtration","8":"product_shipping_class-free-delivery","10":"first","11":"instock","12":"taxable","13":"shipping-taxable","14":"purchasable","15":"product-type-simple"},"yoast_head":"<!-- This site is optimized with the Yoast SEO plugin v27.5 - https:\/\/yoast.com\/product\/yoast-seo-wordpress\/ -->\n<title>Ecosoft Pink 100 water softener - Planitpower<\/title>\n<meta name=\"description\" content=\"Discover the ultra-compact and high-efficiency Ecosoft Pink 100 water softener \u2014 perfect for apartments or small houses. Space-saving design, minimal salt use, and reliable Clack\u00ae DV valve for whole-home limescale protection.\" \/>\n<meta name=\"robots\" content=\"index, follow, max-snippet:-1, max-image-preview:large, max-video-preview:-1\" \/>\n<link rel=\"canonical\" href=\"https:\/\/planitpower.com\/fr\/boutique\/ecosoft-pink-100-adoucisseur-deau\/\" \/>\n<meta property=\"og:locale\" content=\"fr_FR\" \/>\n<meta property=\"og:type\" content=\"article\" \/>\n<meta property=\"og:title\" content=\"Ecosoft Pink 100 water softener - Planitpower\" \/>\n<meta property=\"og:description\" content=\"Discover the ultra-compact and high-efficiency Ecosoft Pink 100 water softener \u2014 perfect for apartments or small houses. Space-saving design, minimal salt use, and reliable Clack\u00ae DV valve for whole-home limescale protection.\" \/>\n<meta property=\"og:url\" content=\"https:\/\/planitpower.com\/fr\/boutique\/ecosoft-pink-100-adoucisseur-deau\/\" \/>\n<meta property=\"og:site_name\" content=\"Planitpower\" \/>\n<meta property=\"article:modified_time\" content=\"2026-04-18T20:33:51+00:00\" \/>\n<meta property=\"og:image\" content=\"https:\/\/planitpower.com\/wp-content\/uploads\/2025\/11\/1.webp\" \/>\n\t<meta property=\"og:image:width\" content=\"960\" \/>\n\t<meta property=\"og:image:height\" content=\"960\" \/>\n\t<meta property=\"og:image:type\" content=\"image\/webp\" \/>\n<meta name=\"twitter:card\" content=\"summary_large_image\" \/>\n<meta name=\"twitter:label1\" content=\"Dur\u00e9e de lecture estim\u00e9e\" \/>\n\t<meta name=\"twitter:data1\" content=\"2 minutes\" \/>\n<script type=\"application\/ld+json\" class=\"yoast-schema-graph\">{\"@context\":\"https:\\\/\\\/schema.org\",\"@graph\":[{\"@type\":\"WebPage\",\"@id\":\"https:\\\/\\\/planitpower.com\\\/shop\\\/ecosoft-pink-100-water-softener\\\/\",\"url\":\"https:\\\/\\\/planitpower.com\\\/shop\\\/ecosoft-pink-100-water-softener\\\/\",\"name\":\"Ecosoft Pink 100 water softener - Planitpower\",\"isPartOf\":{\"@id\":\"https:\\\/\\\/planitpower.com\\\/#website\"},\"primaryImageOfPage\":{\"@id\":\"https:\\\/\\\/planitpower.com\\\/shop\\\/ecosoft-pink-100-water-softener\\\/#primaryimage\"},\"image\":{\"@id\":\"https:\\\/\\\/planitpower.com\\\/shop\\\/ecosoft-pink-100-water-softener\\\/#primaryimage\"},\"thumbnailUrl\":\"https:\\\/\\\/i0.wp.com\\\/planitpower.com\\\/wp-content\\\/uploads\\\/2025\\\/11\\\/1.webp?fit=960%2C960&ssl=1\",\"datePublished\":\"2025-11-12T21:56:02+00:00\",\"dateModified\":\"2026-04-18T20:33:51+00:00\",\"description\":\"Discover the ultra-compact and high-efficiency Ecosoft Pink 100 water softener \u2014 perfect for apartments or small houses. Space-saving design, minimal salt use, and reliable Clack\u00ae DV valve for whole-home limescale protection.\",\"breadcrumb\":{\"@id\":\"https:\\\/\\\/planitpower.com\\\/shop\\\/ecosoft-pink-100-water-softener\\\/#breadcrumb\"},\"inLanguage\":\"fr-FR\",\"potentialAction\":[{\"@type\":\"ReadAction\",\"target\":[\"https:\\\/\\\/planitpower.com\\\/shop\\\/ecosoft-pink-100-water-softener\\\/\"]}]},{\"@type\":\"ImageObject\",\"inLanguage\":\"fr-FR\",\"@id\":\"https:\\\/\\\/planitpower.com\\\/shop\\\/ecosoft-pink-100-water-softener\\\/#primaryimage\",\"url\":\"https:\\\/\\\/i0.wp.com\\\/planitpower.com\\\/wp-content\\\/uploads\\\/2025\\\/11\\\/1.webp?fit=960%2C960&ssl=1\",\"contentUrl\":\"https:\\\/\\\/i0.wp.com\\\/planitpower.com\\\/wp-content\\\/uploads\\\/2025\\\/11\\\/1.webp?fit=960%2C960&ssl=1\",\"width\":960,\"height\":960,\"caption\":\"Ecosoft Pink 100 water softener - planitpower -10\"},{\"@type\":\"BreadcrumbList\",\"@id\":\"https:\\\/\\\/planitpower.com\\\/shop\\\/ecosoft-pink-100-water-softener\\\/#breadcrumb\",\"itemListElement\":[{\"@type\":\"ListItem\",\"position\":1,\"name\":\"Home\",\"item\":\"https:\\\/\\\/planitpower.com\\\/\"},{\"@type\":\"ListItem\",\"position\":2,\"name\":\"SHOP\",\"item\":\"https:\\\/\\\/planitpower.com\\\/shop\\\/\"},{\"@type\":\"ListItem\",\"position\":3,\"name\":\"Ecosoft Pink 100 water softener\"}]},{\"@type\":\"WebSite\",\"@id\":\"https:\\\/\\\/planitpower.com\\\/#website\",\"url\":\"https:\\\/\\\/planitpower.com\\\/\",\"name\":\"Planitpower\",\"description\":\"Inspire energy\",\"publisher\":{\"@id\":\"https:\\\/\\\/planitpower.com\\\/#\\\/schema\\\/person\\\/b531587eda267b930b04174d12de6efa\"},\"potentialAction\":[{\"@type\":\"SearchAction\",\"target\":{\"@type\":\"EntryPoint\",\"urlTemplate\":\"https:\\\/\\\/planitpower.com\\\/?s={search_term_string}\"},\"query-input\":{\"@type\":\"PropertyValueSpecification\",\"valueRequired\":true,\"valueName\":\"search_term_string\"}}],\"inLanguage\":\"fr-FR\"},{\"@type\":[\"Person\",\"Organization\"],\"@id\":\"https:\\\/\\\/planitpower.com\\\/#\\\/schema\\\/person\\\/b531587eda267b930b04174d12de6efa\",\"name\":\"Editorial Team\",\"image\":{\"@type\":\"ImageObject\",\"inLanguage\":\"fr-FR\",\"@id\":\"https:\\\/\\\/i0.wp.com\\\/planitpower.com\\\/wp-content\\\/uploads\\\/2025\\\/12\\\/cropped-planitpower_circle_375x375.png?fit=512%2C512&ssl=1\",\"url\":\"https:\\\/\\\/i0.wp.com\\\/planitpower.com\\\/wp-content\\\/uploads\\\/2025\\\/12\\\/cropped-planitpower_circle_375x375.png?fit=512%2C512&ssl=1\",\"contentUrl\":\"https:\\\/\\\/i0.wp.com\\\/planitpower.com\\\/wp-content\\\/uploads\\\/2025\\\/12\\\/cropped-planitpower_circle_375x375.png?fit=512%2C512&ssl=1\",\"width\":512,\"height\":512,\"caption\":\"Editorial Team\"},\"logo\":{\"@id\":\"https:\\\/\\\/i0.wp.com\\\/planitpower.com\\\/wp-content\\\/uploads\\\/2025\\\/12\\\/cropped-planitpower_circle_375x375.png?fit=512%2C512&ssl=1\"},\"sameAs\":[\"https:\\\/\\\/Planitpower.com\"]}]}<\/script>\n<!-- \/ Yoast SEO plugin. -->","yoast_head_json":{"title":"Adoucisseur d'eau Ecosoft Pink 100 - Planitpower","description":"D\u00e9couvrez l'adoucisseur d'eau Ecosoft Pink 100, ultra-compact et \u00e0 haut rendement, parfait pour les appartements ou les petites maisons. Conception peu encombrante, utilisation minimale de sel et vanne Clack\u00ae DV fiable pour une protection contre le calcaire dans toute la maison.","robots":{"index":"index","follow":"follow","max-snippet":"max-snippet:-1","max-image-preview":"max-image-preview:large","max-video-preview":"max-video-preview:-1"},"canonical":"https:\/\/planitpower.com\/fr\/boutique\/ecosoft-pink-100-adoucisseur-deau\/","og_locale":"fr_FR","og_type":"article","og_title":"Ecosoft Pink 100 water softener - Planitpower","og_description":"Discover the ultra-compact and high-efficiency Ecosoft Pink 100 water softener \u2014 perfect for apartments or small houses. Space-saving design, minimal salt use, and reliable Clack\u00ae DV valve for whole-home limescale protection.","og_url":"https:\/\/planitpower.com\/fr\/boutique\/ecosoft-pink-100-adoucisseur-deau\/","og_site_name":"Planitpower","article_modified_time":"2026-04-18T20:33:51+00:00","og_image":[{"width":960,"height":960,"url":"https:\/\/planitpower.com\/wp-content\/uploads\/2025\/11\/1.webp","type":"image\/webp"}],"twitter_card":"summary_large_image","twitter_misc":{"Dur\u00e9e de lecture estim\u00e9e":"2 minutes"},"schema":{"@context":"https:\/\/schema.org","@graph":[{"@type":"WebPage","@id":"https:\/\/planitpower.com\/shop\/ecosoft-pink-100-water-softener\/","url":"https:\/\/planitpower.com\/shop\/ecosoft-pink-100-water-softener\/","name":"Adoucisseur d'eau Ecosoft Pink 100 - Planitpower","isPartOf":{"@id":"https:\/\/planitpower.com\/#website"},"primaryImageOfPage":{"@id":"https:\/\/planitpower.com\/shop\/ecosoft-pink-100-water-softener\/#primaryimage"},"image":{"@id":"https:\/\/planitpower.com\/shop\/ecosoft-pink-100-water-softener\/#primaryimage"},"thumbnailUrl":"https:\/\/i0.wp.com\/planitpower.com\/wp-content\/uploads\/2025\/11\/1.webp?fit=960%2C960&ssl=1","datePublished":"2025-11-12T21:56:02+00:00","dateModified":"2026-04-18T20:33:51+00:00","description":"D\u00e9couvrez l'adoucisseur d'eau Ecosoft Pink 100, ultra-compact et \u00e0 haut rendement, parfait pour les appartements ou les petites maisons. Conception peu encombrante, utilisation minimale de sel et vanne Clack\u00ae DV fiable pour une protection contre le calcaire dans toute la maison.","breadcrumb":{"@id":"https:\/\/planitpower.com\/shop\/ecosoft-pink-100-water-softener\/#breadcrumb"},"inLanguage":"fr-FR","potentialAction":[{"@type":"ReadAction","target":["https:\/\/planitpower.com\/shop\/ecosoft-pink-100-water-softener\/"]}]},{"@type":"ImageObject","inLanguage":"fr-FR","@id":"https:\/\/planitpower.com\/shop\/ecosoft-pink-100-water-softener\/#primaryimage","url":"https:\/\/i0.wp.com\/planitpower.com\/wp-content\/uploads\/2025\/11\/1.webp?fit=960%2C960&ssl=1","contentUrl":"https:\/\/i0.wp.com\/planitpower.com\/wp-content\/uploads\/2025\/11\/1.webp?fit=960%2C960&ssl=1","width":960,"height":960,"caption":"Ecosoft Pink 100 water softener - planitpower -10"},{"@type":"BreadcrumbList","@id":"https:\/\/planitpower.com\/shop\/ecosoft-pink-100-water-softener\/#breadcrumb","itemListElement":[{"@type":"ListItem","position":1,"name":"Home","item":"https:\/\/planitpower.com\/"},{"@type":"ListItem","position":2,"name":"SHOP","item":"https:\/\/planitpower.com\/shop\/"},{"@type":"ListItem","position":3,"name":"Ecosoft Pink 100 water softener"}]},{"@type":"WebSite","@id":"https:\/\/planitpower.com\/#website","url":"https:\/\/planitpower.com\/","name":"Planitpower","description":"Inspirons l'\u00e9nergie!","publisher":{"@id":"https:\/\/planitpower.com\/#\/schema\/person\/b531587eda267b930b04174d12de6efa"},"potentialAction":[{"@type":"SearchAction","target":{"@type":"EntryPoint","urlTemplate":"https:\/\/planitpower.com\/?s={search_term_string}"},"query-input":{"@type":"PropertyValueSpecification","valueRequired":true,"valueName":"search_term_string"}}],"inLanguage":"fr-FR"},{"@type":["Person","Organization"],"@id":"https:\/\/planitpower.com\/#\/schema\/person\/b531587eda267b930b04174d12de6efa","name":"Equipe \u00e9ditoriale","image":{"@type":"ImageObject","inLanguage":"fr-FR","@id":"https:\/\/i0.wp.com\/planitpower.com\/wp-content\/uploads\/2025\/12\/cropped-planitpower_circle_375x375.png?fit=512%2C512&ssl=1","url":"https:\/\/i0.wp.com\/planitpower.com\/wp-content\/uploads\/2025\/12\/cropped-planitpower_circle_375x375.png?fit=512%2C512&ssl=1","contentUrl":"https:\/\/i0.wp.com\/planitpower.com\/wp-content\/uploads\/2025\/12\/cropped-planitpower_circle_375x375.png?fit=512%2C512&ssl=1","width":512,"height":512,"caption":"Editorial Team"},"logo":{"@id":"https:\/\/i0.wp.com\/planitpower.com\/wp-content\/uploads\/2025\/12\/cropped-planitpower_circle_375x375.png?fit=512%2C512&ssl=1"},"sameAs":["https:\/\/Planitpower.com"]}]}},"jetpack_publicize_connections":[],"jetpack_likes_enabled":true,"jetpack_sharing_enabled":true,"jetpack-related-posts":[{"id":3855,"url":"https:\/\/planitpower.com\/fr\/boutique\/adoucisseur-deau-ecosoft-pink-150-efree\/","url_meta":{"origin":3790,"position":0},"title":"Adoucisseur d'eau Ecosoft Pink 150 eFree","author":"Editorial Team","date":"12\/11\/2025","format":false,"excerpt":"Main Features Ultra-compact cabinet design: With dimensions around 540 \u00d7 270 \u00d7 430 mm, this softener suits installations under sinks or in compact utility areas. High-quality Clack\u00ae DV valve with mixing valve: A reliable US-made control valve ensures smooth operation, precise regeneration, and long service life. Up-flow proportional regeneration: Only\u2026","rel":"","context":"Article similaire","block_context":{"text":"Article similaire","link":""},"img":{"alt_text":"Ecosoft Pink 150 eFree water softener - planitpower","src":"https:\/\/i0.wp.com\/planitpower.com\/wp-content\/uploads\/2025\/11\/1-1.webp?fit=1000%2C1000&ssl=1&resize=350%2C200","width":350,"height":200,"srcset":"https:\/\/i0.wp.com\/planitpower.com\/wp-content\/uploads\/2025\/11\/1-1.webp?fit=1000%2C1000&ssl=1&resize=350%2C200 1x, https:\/\/i0.wp.com\/planitpower.com\/wp-content\/uploads\/2025\/11\/1-1.webp?fit=1000%2C1000&ssl=1&resize=525%2C300 1.5x, https:\/\/i0.wp.com\/planitpower.com\/wp-content\/uploads\/2025\/11\/1-1.webp?fit=1000%2C1000&ssl=1&resize=700%2C400 2x"},"classes":[]},{"id":3836,"url":"https:\/\/planitpower.com\/fr\/boutique\/ecosoft-pink-150-adoucisseur-deau\/","url_meta":{"origin":3790,"position":1},"title":"Adoucisseur d'eau Ecosoft Pink 150","author":"Editorial Team","date":"12\/11\/2025","format":false,"excerpt":"Main features Ultra-compact design \u2013 With a height around 539 mm and cabinet style enclosure, the Pink 150 is designed to fit under a sink or in confined spaces without sacrificing performance. Premium control valve \u2013 Equipped with the Clack\u00ae DV valve with mixing function, this system ensures accurate performance,\u2026","rel":"","context":"Article similaire","block_context":{"text":"Article similaire","link":""},"img":{"alt_text":"Ecosoft Pink 100 water softener - planitpower -10","src":"https:\/\/i0.wp.com\/planitpower.com\/wp-content\/uploads\/2025\/11\/1.webp?fit=960%2C960&ssl=1&resize=350%2C200","width":350,"height":200,"srcset":"https:\/\/i0.wp.com\/planitpower.com\/wp-content\/uploads\/2025\/11\/1.webp?fit=960%2C960&ssl=1&resize=350%2C200 1x, https:\/\/i0.wp.com\/planitpower.com\/wp-content\/uploads\/2025\/11\/1.webp?fit=960%2C960&ssl=1&resize=525%2C300 1.5x, https:\/\/i0.wp.com\/planitpower.com\/wp-content\/uploads\/2025\/11\/1.webp?fit=960%2C960&ssl=1&resize=700%2C400 2x"},"classes":[]},{"id":3850,"url":"https:\/\/planitpower.com\/fr\/boutique\/adoucisseur-deau-ecosoft-pink-100-efree\/","url_meta":{"origin":3790,"position":2},"title":"Adoucisseur d'eau Ecosoft Pink 100 eFree","author":"Editorial Team","date":"12\/11\/2025","format":false,"excerpt":"Main Features Ultra-compact cabinet with a height of around 467 mm (\u224847 cm), enabling installation under sinks or in cupboards. High-efficiency ion-exchange resin (DOWEX HCR-S\/S) coupled with an American-made Clack\u00ae DV valve ensures reliable, proportional regeneration and strong performance. Up-flow regeneration design which uses significantly less salt and rinse-water compared\u2026","rel":"","context":"Article similaire","block_context":{"text":"Article similaire","link":""},"img":{"alt_text":"Ecosoft Pink 100 eFree water softener - planitpower - 1","src":"https:\/\/i0.wp.com\/planitpower.com\/wp-content\/uploads\/2025\/11\/FU1013CABDVUPEF_0.png.webp?fit=1000%2C1000&ssl=1&resize=350%2C200","width":350,"height":200,"srcset":"https:\/\/i0.wp.com\/planitpower.com\/wp-content\/uploads\/2025\/11\/FU1013CABDVUPEF_0.png.webp?fit=1000%2C1000&ssl=1&resize=350%2C200 1x, https:\/\/i0.wp.com\/planitpower.com\/wp-content\/uploads\/2025\/11\/FU1013CABDVUPEF_0.png.webp?fit=1000%2C1000&ssl=1&resize=525%2C300 1.5x, https:\/\/i0.wp.com\/planitpower.com\/wp-content\/uploads\/2025\/11\/FU1013CABDVUPEF_0.png.webp?fit=1000%2C1000&ssl=1&resize=700%2C400 2x"},"classes":[]},{"id":3859,"url":"https:\/\/planitpower.com\/fr\/boutique\/adoucisseur-deau-ecosoft-rose-200-efree\/","url_meta":{"origin":3790,"position":3},"title":"Adoucisseur d&#039;eau Ecosoft Pink 200 eFree","author":"Editorial Team","date":"04\/01\/2026","format":false,"excerpt":"Caract\u00e9ristiques principales : Design compact et \u00e9l\u00e9gant \u2013 Faible encombrement et bo\u00eetier moderne s&#039;int\u00e9grant \u00e0 tous les int\u00e9rieurs et espaces d&#039;installation. R\u00e9g\u00e9n\u00e9ration ascendante efficace \u2013 R\u00e9duit la consommation d&#039;eau et de sel tout en maintenant des performances d&#039;adoucissement optimales. R\u00e9sine \u00e9changeuse d&#039;ions de qualit\u00e9 sup\u00e9rieure \u2013 Garantit une \u00e9limination sup\u00e9rieure du calcaire et des r\u00e9sultats constants dans le temps. Commande Clack\u00ae haute qualit\u00e9\u2026","rel":"","context":"Article similaire","block_context":{"text":"Article similaire","link":""},"img":{"alt_text":"Ecosoft Pink 200 eFree water softener - planitpower","src":"https:\/\/i0.wp.com\/planitpower.com\/wp-content\/uploads\/2025\/11\/FU1024CABDVUPEF_0.png.webp?fit=1000%2C1000&ssl=1&resize=350%2C200","width":350,"height":200,"srcset":"https:\/\/i0.wp.com\/planitpower.com\/wp-content\/uploads\/2025\/11\/FU1024CABDVUPEF_0.png.webp?fit=1000%2C1000&ssl=1&resize=350%2C200 1x, https:\/\/i0.wp.com\/planitpower.com\/wp-content\/uploads\/2025\/11\/FU1024CABDVUPEF_0.png.webp?fit=1000%2C1000&ssl=1&resize=525%2C300 1.5x, https:\/\/i0.wp.com\/planitpower.com\/wp-content\/uploads\/2025\/11\/FU1024CABDVUPEF_0.png.webp?fit=1000%2C1000&ssl=1&resize=700%2C400 2x"},"classes":[]},{"id":3839,"url":"https:\/\/planitpower.com\/fr\/boutique\/ecosoft-pink-200-adoucisseur-deau\/","url_meta":{"origin":3790,"position":4},"title":"Adoucisseur d'eau Ecosoft Pink 200","author":"Editorial Team","date":"12\/11\/2025","format":false,"excerpt":"Main features Ultra-compact dimensions allow installation in tight spaces (e.g., under sink or small utility room), yet support whole-house usage. Premium Clack\u00ae DV control valve with diamond-carbon coated discs ensures long-term reliability and smooth operation. Up-flow proportional regeneration mode helps minimise salt and water usage during regeneration cycles. High-quality ion-exchange\u2026","rel":"","context":"Article similaire","block_context":{"text":"Article similaire","link":""},"img":{"alt_text":"Ecosoft Pink 200 water softener - Planitpower - 6","src":"https:\/\/i0.wp.com\/planitpower.com\/wp-content\/uploads\/2025\/11\/FU1024CABDVUPBT-01.png.webp?fit=960%2C960&ssl=1&resize=350%2C200","width":350,"height":200,"srcset":"https:\/\/i0.wp.com\/planitpower.com\/wp-content\/uploads\/2025\/11\/FU1024CABDVUPBT-01.png.webp?fit=960%2C960&ssl=1&resize=350%2C200 1x, https:\/\/i0.wp.com\/planitpower.com\/wp-content\/uploads\/2025\/11\/FU1024CABDVUPBT-01.png.webp?fit=960%2C960&ssl=1&resize=525%2C300 1.5x, https:\/\/i0.wp.com\/planitpower.com\/wp-content\/uploads\/2025\/11\/FU1024CABDVUPBT-01.png.webp?fit=960%2C960&ssl=1&resize=700%2C400 2x"},"classes":[]},{"id":3865,"url":"https:\/\/planitpower.com\/fr\/boutique\/ecosoft-anthracite-gold-250-adoucisseur-deau-de-puits\/","url_meta":{"origin":3790,"position":5},"title":"Ecosoft Anthracite Gold 250 adoucisseur d'eau de puits","author":"Editorial Team","date":"12\/11\/2025","format":false,"excerpt":"Main features Multifunctional media: The device uses ECOMIX\u00ae A, a patented composite filtration and softening media capable of simultaneous removal of hardness, iron, manganese, ammonium and organic impurities. Compact mono-block design: The softener is supplied as a single cabinet unit, simplifying installation and saving space in utility rooms or boiler\u2026","rel":"","context":"Article similaire","block_context":{"text":"Article similaire","link":""},"img":{"alt_text":"Anthracite Gold well water softener - planitpower - 8","src":"https:\/\/i0.wp.com\/planitpower.com\/wp-content\/uploads\/2025\/11\/FK1035CABCEMIXCOR-01_0.png?fit=960%2C960&ssl=1&resize=350%2C200","width":350,"height":200,"srcset":"https:\/\/i0.wp.com\/planitpower.com\/wp-content\/uploads\/2025\/11\/FK1035CABCEMIXCOR-01_0.png?fit=960%2C960&ssl=1&resize=350%2C200 1x, https:\/\/i0.wp.com\/planitpower.com\/wp-content\/uploads\/2025\/11\/FK1035CABCEMIXCOR-01_0.png?fit=960%2C960&ssl=1&resize=525%2C300 1.5x, https:\/\/i0.wp.com\/planitpower.com\/wp-content\/uploads\/2025\/11\/FK1035CABCEMIXCOR-01_0.png?fit=960%2C960&ssl=1&resize=700%2C400 2x"},"classes":[]}],"_links":{"self":[{"href":"https:\/\/planitpower.com\/fr\/wp-json\/wp\/v2\/product\/3790","targetHints":{"allow":["GET"]}}],"collection":[{"href":"https:\/\/planitpower.com\/fr\/wp-json\/wp\/v2\/product"}],"about":[{"href":"https:\/\/planitpower.com\/fr\/wp-json\/wp\/v2\/types\/product"}],"replies":[{"embeddable":true,"href":"https:\/\/planitpower.com\/fr\/wp-json\/wp\/v2\/comments?post=3790"}],"version-history":[{"count":2,"href":"https:\/\/planitpower.com\/fr\/wp-json\/wp\/v2\/product\/3790\/revisions"}],"predecessor-version":[{"id":6406,"href":"https:\/\/planitpower.com\/fr\/wp-json\/wp\/v2\/product\/3790\/revisions\/6406"}],"wp:featuredmedia":[{"embeddable":true,"href":"https:\/\/planitpower.com\/fr\/wp-json\/wp\/v2\/media\/3824"}],"wp:attachment":[{"href":"https:\/\/planitpower.com\/fr\/wp-json\/wp\/v2\/media?parent=3790"}],"wp:term":[{"taxonomy":"product_brand","embeddable":true,"href":"https:\/\/planitpower.com\/fr\/wp-json\/wp\/v2\/product_brand?post=3790"},{"taxonomy":"product_cat","embeddable":true,"href":"https:\/\/planitpower.com\/fr\/wp-json\/wp\/v2\/product_cat?post=3790"},{"taxonomy":"product_tag","embeddable":true,"href":"https:\/\/planitpower.com\/fr\/wp-json\/wp\/v2\/product_tag?post=3790"}],"curies":[{"name":"wp","href":"https:\/\/api.w.org\/{rel}","templated":true}]}}