{"id":3839,"date":"2025-11-12T21:56:33","date_gmt":"2025-11-12T21:56:33","guid":{"rendered":"https:\/\/planitpower.com\/?post_type=product&#038;p=3839"},"modified":"2026-01-03T02:00:13","modified_gmt":"2026-01-03T02:00:13","slug":"ecosoft-pink-200-adoucisseur-deau","status":"publish","type":"product","link":"https:\/\/planitpower.com\/fr\/boutique\/ecosoft-pink-200-adoucisseur-deau\/","title":{"rendered":"Adoucisseur d'eau Ecosoft Pink 200"},"content":{"rendered":"<h2 class=\"wp-block-heading\">Description<\/h2>\n\n\n\n<p>L'adoucisseur d'eau Ecosoft Pink 200 est une solution d'adoucissement pour toute la maison con\u00e7ue par Ecosoft pour offrir une protection efficace contre le calcaire dans un encombrement r\u00e9duit. Gr\u00e2ce \u00e0 son design ultra-compact et \u00e0 ses composants de qualit\u00e9 sup\u00e9rieure - y compris une vanne Clack\u00ae DV fabriqu\u00e9e aux Etats-Unis avec des disques rev\u00eatus de carbone diamant\u00e9 - cette unit\u00e9 s'int\u00e8gre dans les espaces utilitaires plus petits tout en offrant une performance compl\u00e8te pour la maison. Il \u00e9limine les ions de calcium et de magn\u00e9sium, contribuant \u00e0 prot\u00e9ger vos appareils, vos tuyaux et votre plomberie contre l'accumulation de tartre, prolongeant ainsi leur dur\u00e9e de vie et r\u00e9duisant la consommation de d\u00e9tergent et d'\u00e9nergie. Gr\u00e2ce \u00e0 la r\u00e9g\u00e9n\u00e9ration proportionnelle en amont, le syst\u00e8me garantit une utilisation efficace du sel et de l'eau, ce qui en fait un choix int\u00e9ressant pour les m\u00e9nages \u00e0 la recherche d'un adoucisseur d'eau fiable et peu encombrant.<\/p>\n\n\n\n<h2 class=\"wp-block-heading\">Sp\u00e9cifications techniques<\/h2>\n\n\n\n<figure class=\"wp-block-table\"><table class=\"has-fixed-layout\"><thead><tr><th>Param\u00e8tres<\/th><th>Sp\u00e9cifications<\/th><th>Commentaire<\/th><\/tr><\/thead><tbody><tr><td>D\u00e9bit d'exploitation<\/td><td>1,8 m\u00b3\/h<\/td><td>Pour le mod\u00e8le m\u00e9dia 20 L (Pink 200) <\/td><\/tr><tr><td>Quantit\u00e9 de m\u00e9dia (r\u00e9sine \u00e9changeuse d'ions)<\/td><td>20 L<\/td><td>Mod\u00e8le FU1024CABDVUP \/ Rose 200 <\/td><\/tr><tr><td>Capacit\u00e9 en volume*<\/td><td>5 m\u00b3<\/td><td>A 250 mg\/L CaCO\u2083 duret\u00e9 de l'influent <\/td><\/tr><tr><td>Consommation de sel par r\u00e9g\u00e9n\u00e9ration**<\/td><td>2,0 kg<\/td><td>Consommation de sel recommand\u00e9e pour la version 20 L<\/td><\/tr><tr><td>Consommation d'eau par r\u00e9g\u00e9n\u00e9ration<\/td><td>0.12 m\u00b3<\/td><td>D\u00e9charge par cycle de r\u00e9g\u00e9n\u00e9ration <\/td><\/tr><tr><td>Dur\u00e9e de la r\u00e9g\u00e9n\u00e9ration<\/td><td>80-110 minutes<\/td><td><\/td><\/tr><tr><td>Perte de charge en mode service<\/td><td>0,5 bar<\/td><td><\/td><\/tr><tr><td>Pression de l'eau \u00e0 l'entr\u00e9e<\/td><td>2-6 bar<\/td><td><\/td><\/tr><tr><td>Exigences \u00e9lectriques<\/td><td>230 V, 50 Hz<\/td><td><\/td><\/tr><tr><td>Consommation \u00e9lectrique<\/td><td>30 W<\/td><td>Consommation \u00e9lectrique nominale en fonctionnement<\/td><\/tr><tr><td>Taille de la connexion entr\u00e9e\/sortie<\/td><td>\u00be\u2033<\/td><td>Raccordement de plomberie standard <\/td><\/tr><tr><td>Hauteur \u00d7 Largeur \u00d7 Profondeur<\/td><td>742 \u00d7 270 \u00d7 430 mm<\/td><td>Dimensions du mod\u00e8le 20 L (Pink 200) <\/td><\/tr><tr><td>Limites de l'eau \u00e0 l'entr\u00e9e - duret\u00e9<\/td><td>jusqu'\u00e0 750 mg de CaCO\u2083\/L<\/td><td>Pour la limite de duret\u00e9 de l'eau influente <\/td><\/tr><tr><td>Limites d'eau \u00e0 l'entr\u00e9e - fer<\/td><td>0,2 mg\/L<\/td><td>Teneur maximale en fer dans l'eau influente <\/td><\/tr><tr><td>Limites de l'eau \u00e0 l'entr\u00e9e - mangan\u00e8se<\/td><td>0,05 mg\/L<\/td><td>Teneur maximale en mangan\u00e8se dans l'eau influente <\/td><\/tr><tr><td>Plage de temp\u00e9rature de l'eau<\/td><td>+4...+30 \u00b0C<\/td><td>Plage de temp\u00e9rature de fonctionnement de l'eau <\/td><\/tr><\/tbody><\/table><\/figure>\n\n\n\n<p>* Capacit\u00e9 volum\u00e9trique sp\u00e9cifi\u00e9e pour une duret\u00e9 de l'influent de 5 meq\/L (\u2248 250 mg CaCO\u2083\/L) dans les donn\u00e9es du fabricant.<br>** La recommandation d'utilisation du sel utilise du sel granul\u00e9 Ecosil selon les recommandations du fabricant.<\/p>","protected":false},"excerpt":{"rendered":"<h2 data-start=\"1048\" data-end=\"1066\">Principales caract\u00e9ristiques<\/h2>\n<ul data-start=\"1067\" data-end=\"2089\">\n<li data-start=\"1067\" data-end=\"1203\">\n<p data-start=\"1069\" data-end=\"1203\">Les dimensions ultra-compactes permettent une installation dans des espaces restreints (par exemple, sous un \u00e9vier ou dans une petite pi\u00e8ce de service), tout en permettant une utilisation dans toute la maison.<\/p>\n<\/li>\n<li data-start=\"1204\" data-end=\"1324\">\n<p data-start=\"1206\" data-end=\"1324\">La vanne de r\u00e9gulation Premium Clack\u00ae DV avec disques rev\u00eatus de carbone diamant\u00e9 garantit une fiabilit\u00e9 \u00e0 long terme et un fonctionnement en douceur.<\/p>\n<\/li>\n<li data-start=\"1325\" data-end=\"1431\">\n<p data-start=\"1327\" data-end=\"1431\">Le mode de r\u00e9g\u00e9n\u00e9ration proportionnelle \u00e0 flux ascendant permet de minimiser la consommation de sel et d'eau pendant les cycles de r\u00e9g\u00e9n\u00e9ration.<\/p>\n<\/li>\n<li data-start=\"1432\" data-end=\"1567\">\n<p data-start=\"1434\" data-end=\"1567\">R\u00e9sine \u00e9changeuse d'ions de haute qualit\u00e9 (DOWEX\u2122 HCR-S\/S) associ\u00e9e \u00e0 un bo\u00eetier robuste et \u00e0 un r\u00e9servoir sous pression pour fournir une eau douce constante.<\/p>\n<\/li>\n<li data-start=\"1568\" data-end=\"1680\">\n<p data-start=\"1570\" data-end=\"1680\">R\u00e9glages de duret\u00e9 et de r\u00e9g\u00e9n\u00e9ration r\u00e9glables par l'utilisateur via l'interface de la vanne de commande pour des performances sur mesure.<\/p>\n<\/li>\n<li data-start=\"1681\" data-end=\"1832\">\n<p data-start=\"1683\" data-end=\"1832\">Con\u00e7u pour les habitations pr\u00e9sentant des niveaux de duret\u00e9 de l'eau mod\u00e9r\u00e9s \u00e0 \u00e9lev\u00e9s (duret\u00e9 \u00e0 l'entr\u00e9e jusqu'\u00e0 750 mg CaCO\u2083\/L) sans n\u00e9cessiter de pr\u00e9-filtration dans de nombreux cas.<\/p>\n<\/li>\n<li data-start=\"1833\" data-end=\"1991\">\n<p data-start=\"1835\" data-end=\"1991\">L'utilisation typique de sel de r\u00e9g\u00e9n\u00e9ration est d'environ 2 kg par cycle (pour la version 20 L), et le d\u00e9bit d'eau par cycle est d'environ 0,12 m\u00b3, ce qui permet de minimiser les d\u00e9chets.<\/p>\n<\/li>\n<li data-start=\"1992\" data-end=\"2089\">\n<p data-start=\"1994\" data-end=\"2089\">Le raccord d'entr\u00e9e\/sortie standard de 3\/4\u2033 facilite l'int\u00e9gration dans la plomberie existante.<\/p>\n<\/li>\n<\/ul>","protected":false},"featured_media":3842,"comment_status":"open","ping_status":"closed","template":"","meta":{"jetpack_post_was_ever_published":false,"jetpack_publicize_message":"","jetpack_publicize_feature_enabled":true,"jetpack_social_post_already_shared":false,"jetpack_social_options":{"image_generator_settings":{"template":"highway","default_image_id":0,"font":"","enabled":false},"version":2}},"product_brand":[128],"product_cat":[100],"product_tag":[],"class_list":{"0":"post-3839","1":"product","2":"type-product","3":"status-publish","4":"has-post-thumbnail","6":"product_brand-ecosoft","7":"product_cat-water-filtration","8":"product_shipping_class-free-delivery","10":"first","11":"instock","12":"taxable","13":"shipping-taxable","14":"purchasable","15":"product-type-simple"},"yoast_head":"<!-- This site is optimized with the Yoast SEO plugin v27.3 - https:\/\/yoast.com\/product\/yoast-seo-wordpress\/ -->\n<title>Ecosoft Pink 200 water softener - Planitpower<\/title>\n<meta name=\"description\" content=\"Discover the Ecosoft\u202fPink 200\u202fWater\u202fSoftener: a compact, high-performance whole-house softening system that saves space, salt and water \u2014 ideal for Belgian homes seeking cleaner appliances, smoother water and extended lifespan of plumbing.\" \/>\n<meta name=\"robots\" content=\"index, follow, max-snippet:-1, max-image-preview:large, max-video-preview:-1\" \/>\n<link rel=\"canonical\" href=\"https:\/\/planitpower.com\/fr\/boutique\/ecosoft-pink-200-adoucisseur-deau\/\" \/>\n<meta property=\"og:locale\" content=\"fr_FR\" \/>\n<meta property=\"og:type\" content=\"article\" \/>\n<meta property=\"og:title\" content=\"Ecosoft Pink 200 water softener - Planitpower\" \/>\n<meta property=\"og:description\" content=\"Discover the Ecosoft\u202fPink 200\u202fWater\u202fSoftener: a compact, high-performance whole-house softening system that saves space, salt and water \u2014 ideal for Belgian homes seeking cleaner appliances, smoother water and extended lifespan of plumbing.\" \/>\n<meta property=\"og:url\" content=\"https:\/\/planitpower.com\/fr\/boutique\/ecosoft-pink-200-adoucisseur-deau\/\" \/>\n<meta property=\"og:site_name\" content=\"Planitpower\" \/>\n<meta property=\"article:modified_time\" content=\"2026-01-03T02:00:13+00:00\" \/>\n<meta property=\"og:image\" content=\"https:\/\/i0.wp.com\/planitpower.com\/wp-content\/uploads\/2025\/11\/FU1024CABDVUPBT-01.png.webp?fit=960%2C960&ssl=1\" \/>\n\t<meta property=\"og:image:width\" content=\"960\" \/>\n\t<meta property=\"og:image:height\" content=\"960\" \/>\n\t<meta property=\"og:image:type\" content=\"image\/webp\" \/>\n<meta name=\"twitter:card\" content=\"summary_large_image\" \/>\n<meta name=\"twitter:label1\" content=\"Dur\u00e9e de lecture estim\u00e9e\" \/>\n\t<meta name=\"twitter:data1\" content=\"2 minutes\" \/>\n<script type=\"application\/ld+json\" class=\"yoast-schema-graph\">{\"@context\":\"https:\\\/\\\/schema.org\",\"@graph\":[{\"@type\":\"WebPage\",\"@id\":\"https:\\\/\\\/planitpower.com\\\/shop\\\/ecosoft-pink-200-water-softener\\\/\",\"url\":\"https:\\\/\\\/planitpower.com\\\/shop\\\/ecosoft-pink-200-water-softener\\\/\",\"name\":\"Ecosoft Pink 200 water softener - Planitpower\",\"isPartOf\":{\"@id\":\"https:\\\/\\\/planitpower.com\\\/#website\"},\"primaryImageOfPage\":{\"@id\":\"https:\\\/\\\/planitpower.com\\\/shop\\\/ecosoft-pink-200-water-softener\\\/#primaryimage\"},\"image\":{\"@id\":\"https:\\\/\\\/planitpower.com\\\/shop\\\/ecosoft-pink-200-water-softener\\\/#primaryimage\"},\"thumbnailUrl\":\"https:\\\/\\\/i0.wp.com\\\/planitpower.com\\\/wp-content\\\/uploads\\\/2025\\\/11\\\/FU1024CABDVUPBT-01.png.webp?fit=960%2C960&ssl=1\",\"datePublished\":\"2025-11-12T21:56:33+00:00\",\"dateModified\":\"2026-01-03T02:00:13+00:00\",\"description\":\"Discover the Ecosoft\u202fPink 200\u202fWater\u202fSoftener: a compact, high-performance whole-house softening system that saves space, salt and water \u2014 ideal for Belgian homes seeking cleaner appliances, smoother water and extended lifespan of plumbing.\",\"breadcrumb\":{\"@id\":\"https:\\\/\\\/planitpower.com\\\/shop\\\/ecosoft-pink-200-water-softener\\\/#breadcrumb\"},\"inLanguage\":\"fr-FR\",\"potentialAction\":[{\"@type\":\"ReadAction\",\"target\":[\"https:\\\/\\\/planitpower.com\\\/shop\\\/ecosoft-pink-200-water-softener\\\/\"]}]},{\"@type\":\"ImageObject\",\"inLanguage\":\"fr-FR\",\"@id\":\"https:\\\/\\\/planitpower.com\\\/shop\\\/ecosoft-pink-200-water-softener\\\/#primaryimage\",\"url\":\"https:\\\/\\\/i0.wp.com\\\/planitpower.com\\\/wp-content\\\/uploads\\\/2025\\\/11\\\/FU1024CABDVUPBT-01.png.webp?fit=960%2C960&ssl=1\",\"contentUrl\":\"https:\\\/\\\/i0.wp.com\\\/planitpower.com\\\/wp-content\\\/uploads\\\/2025\\\/11\\\/FU1024CABDVUPBT-01.png.webp?fit=960%2C960&ssl=1\",\"width\":960,\"height\":960,\"caption\":\"Ecosoft Pink 200 water softener - Planitpower - 6\"},{\"@type\":\"BreadcrumbList\",\"@id\":\"https:\\\/\\\/planitpower.com\\\/shop\\\/ecosoft-pink-200-water-softener\\\/#breadcrumb\",\"itemListElement\":[{\"@type\":\"ListItem\",\"position\":1,\"name\":\"Home\",\"item\":\"https:\\\/\\\/planitpower.com\\\/\"},{\"@type\":\"ListItem\",\"position\":2,\"name\":\"SHOP\",\"item\":\"https:\\\/\\\/planitpower.com\\\/shop\\\/\"},{\"@type\":\"ListItem\",\"position\":3,\"name\":\"Ecosoft Pink 200 water softener\"}]},{\"@type\":\"WebSite\",\"@id\":\"https:\\\/\\\/planitpower.com\\\/#website\",\"url\":\"https:\\\/\\\/planitpower.com\\\/\",\"name\":\"Planitpower\",\"description\":\"Inspire energy\",\"publisher\":{\"@id\":\"https:\\\/\\\/planitpower.com\\\/#\\\/schema\\\/person\\\/b531587eda267b930b04174d12de6efa\"},\"potentialAction\":[{\"@type\":\"SearchAction\",\"target\":{\"@type\":\"EntryPoint\",\"urlTemplate\":\"https:\\\/\\\/planitpower.com\\\/?s={search_term_string}\"},\"query-input\":{\"@type\":\"PropertyValueSpecification\",\"valueRequired\":true,\"valueName\":\"search_term_string\"}}],\"inLanguage\":\"fr-FR\"},{\"@type\":[\"Person\",\"Organization\"],\"@id\":\"https:\\\/\\\/planitpower.com\\\/#\\\/schema\\\/person\\\/b531587eda267b930b04174d12de6efa\",\"name\":\"Editorial Team\",\"image\":{\"@type\":\"ImageObject\",\"inLanguage\":\"fr-FR\",\"@id\":\"https:\\\/\\\/i0.wp.com\\\/planitpower.com\\\/wp-content\\\/uploads\\\/2025\\\/12\\\/cropped-planitpower_circle_375x375.png?fit=512%2C512&ssl=1\",\"url\":\"https:\\\/\\\/i0.wp.com\\\/planitpower.com\\\/wp-content\\\/uploads\\\/2025\\\/12\\\/cropped-planitpower_circle_375x375.png?fit=512%2C512&ssl=1\",\"contentUrl\":\"https:\\\/\\\/i0.wp.com\\\/planitpower.com\\\/wp-content\\\/uploads\\\/2025\\\/12\\\/cropped-planitpower_circle_375x375.png?fit=512%2C512&ssl=1\",\"width\":512,\"height\":512,\"caption\":\"Editorial Team\"},\"logo\":{\"@id\":\"https:\\\/\\\/i0.wp.com\\\/planitpower.com\\\/wp-content\\\/uploads\\\/2025\\\/12\\\/cropped-planitpower_circle_375x375.png?fit=512%2C512&ssl=1\"},\"sameAs\":[\"https:\\\/\\\/Planitpower.com\"]}]}<\/script>\n<!-- \/ Yoast SEO plugin. -->","yoast_head_json":{"title":"Adoucisseur d'eau Ecosoft Pink 200 - Planitpower","description":"D\u00e9couvrez l'adoucisseur d'eau Ecosoft Pink 200 : un syst\u00e8me d'adoucissement compact et performant pour toute la maison qui \u00e9conomise de l'espace, du sel et de l'eau - id\u00e9al pour les maisons belges qui recherchent des appareils plus propres, une eau plus douce et une dur\u00e9e de vie prolong\u00e9e de la plomberie.","robots":{"index":"index","follow":"follow","max-snippet":"max-snippet:-1","max-image-preview":"max-image-preview:large","max-video-preview":"max-video-preview:-1"},"canonical":"https:\/\/planitpower.com\/fr\/boutique\/ecosoft-pink-200-adoucisseur-deau\/","og_locale":"fr_FR","og_type":"article","og_title":"Ecosoft Pink 200 water softener - Planitpower","og_description":"Discover the Ecosoft\u202fPink 200\u202fWater\u202fSoftener: a compact, high-performance whole-house softening system that saves space, salt and water \u2014 ideal for Belgian homes seeking cleaner appliances, smoother water and extended lifespan of plumbing.","og_url":"https:\/\/planitpower.com\/fr\/boutique\/ecosoft-pink-200-adoucisseur-deau\/","og_site_name":"Planitpower","article_modified_time":"2026-01-03T02:00:13+00:00","og_image":[{"width":960,"height":960,"url":"https:\/\/i0.wp.com\/planitpower.com\/wp-content\/uploads\/2025\/11\/FU1024CABDVUPBT-01.png.webp?fit=960%2C960&ssl=1","type":"image\/webp"}],"twitter_card":"summary_large_image","twitter_misc":{"Dur\u00e9e de lecture estim\u00e9e":"2 minutes"},"schema":{"@context":"https:\/\/schema.org","@graph":[{"@type":"WebPage","@id":"https:\/\/planitpower.com\/shop\/ecosoft-pink-200-water-softener\/","url":"https:\/\/planitpower.com\/shop\/ecosoft-pink-200-water-softener\/","name":"Adoucisseur d'eau Ecosoft Pink 200 - Planitpower","isPartOf":{"@id":"https:\/\/planitpower.com\/#website"},"primaryImageOfPage":{"@id":"https:\/\/planitpower.com\/shop\/ecosoft-pink-200-water-softener\/#primaryimage"},"image":{"@id":"https:\/\/planitpower.com\/shop\/ecosoft-pink-200-water-softener\/#primaryimage"},"thumbnailUrl":"https:\/\/i0.wp.com\/planitpower.com\/wp-content\/uploads\/2025\/11\/FU1024CABDVUPBT-01.png.webp?fit=960%2C960&ssl=1","datePublished":"2025-11-12T21:56:33+00:00","dateModified":"2026-01-03T02:00:13+00:00","description":"D\u00e9couvrez l'adoucisseur d'eau Ecosoft Pink 200 : un syst\u00e8me d'adoucissement compact et performant pour toute la maison qui \u00e9conomise de l'espace, du sel et de l'eau - id\u00e9al pour les maisons belges qui recherchent des appareils plus propres, une eau plus douce et une dur\u00e9e de vie prolong\u00e9e de la plomberie.","breadcrumb":{"@id":"https:\/\/planitpower.com\/shop\/ecosoft-pink-200-water-softener\/#breadcrumb"},"inLanguage":"fr-FR","potentialAction":[{"@type":"ReadAction","target":["https:\/\/planitpower.com\/shop\/ecosoft-pink-200-water-softener\/"]}]},{"@type":"ImageObject","inLanguage":"fr-FR","@id":"https:\/\/planitpower.com\/shop\/ecosoft-pink-200-water-softener\/#primaryimage","url":"https:\/\/i0.wp.com\/planitpower.com\/wp-content\/uploads\/2025\/11\/FU1024CABDVUPBT-01.png.webp?fit=960%2C960&ssl=1","contentUrl":"https:\/\/i0.wp.com\/planitpower.com\/wp-content\/uploads\/2025\/11\/FU1024CABDVUPBT-01.png.webp?fit=960%2C960&ssl=1","width":960,"height":960,"caption":"Ecosoft Pink 200 water softener - Planitpower - 6"},{"@type":"BreadcrumbList","@id":"https:\/\/planitpower.com\/shop\/ecosoft-pink-200-water-softener\/#breadcrumb","itemListElement":[{"@type":"ListItem","position":1,"name":"Home","item":"https:\/\/planitpower.com\/"},{"@type":"ListItem","position":2,"name":"SHOP","item":"https:\/\/planitpower.com\/shop\/"},{"@type":"ListItem","position":3,"name":"Ecosoft Pink 200 water softener"}]},{"@type":"WebSite","@id":"https:\/\/planitpower.com\/#website","url":"https:\/\/planitpower.com\/","name":"Planitpower","description":"Inspirons l'\u00e9nergie!","publisher":{"@id":"https:\/\/planitpower.com\/#\/schema\/person\/b531587eda267b930b04174d12de6efa"},"potentialAction":[{"@type":"SearchAction","target":{"@type":"EntryPoint","urlTemplate":"https:\/\/planitpower.com\/?s={search_term_string}"},"query-input":{"@type":"PropertyValueSpecification","valueRequired":true,"valueName":"search_term_string"}}],"inLanguage":"fr-FR"},{"@type":["Person","Organization"],"@id":"https:\/\/planitpower.com\/#\/schema\/person\/b531587eda267b930b04174d12de6efa","name":"Equipe \u00e9ditoriale","image":{"@type":"ImageObject","inLanguage":"fr-FR","@id":"https:\/\/i0.wp.com\/planitpower.com\/wp-content\/uploads\/2025\/12\/cropped-planitpower_circle_375x375.png?fit=512%2C512&ssl=1","url":"https:\/\/i0.wp.com\/planitpower.com\/wp-content\/uploads\/2025\/12\/cropped-planitpower_circle_375x375.png?fit=512%2C512&ssl=1","contentUrl":"https:\/\/i0.wp.com\/planitpower.com\/wp-content\/uploads\/2025\/12\/cropped-planitpower_circle_375x375.png?fit=512%2C512&ssl=1","width":512,"height":512,"caption":"Editorial Team"},"logo":{"@id":"https:\/\/i0.wp.com\/planitpower.com\/wp-content\/uploads\/2025\/12\/cropped-planitpower_circle_375x375.png?fit=512%2C512&ssl=1"},"sameAs":["https:\/\/Planitpower.com"]}]}},"jetpack_publicize_connections":[],"jetpack_likes_enabled":true,"jetpack_sharing_enabled":true,"jetpack-related-posts":[{"id":5208,"url":"https:\/\/planitpower.com\/fr\/boutique\/zendure-solarflow-2400-ac\/","url_meta":{"origin":3839,"position":0},"title":"Zendure SolarFlow 2400 AC","author":"Editorial Team","date":"28\/11\/2025","format":false,"excerpt":"Main features Syst\u00e8me de gestion intelligent AC-coupl\u00e9Contr\u00f4le automatiquement la charge et la d\u00e9charge des batteries AB3000X selon la production solaire, votre consommation et les horaires tarifaires. Compatible avec les micro-onduleursFonctionne avec les installations photovolta\u00efques AC jusqu\u2019\u00e0 2000 W, sans modifier l\u2019infrastructure existante. Puissance de sortie flexible800 W en mode plug-and-play\u2026","rel":"","context":"Article similaire","block_context":{"text":"Article similaire","link":""},"img":{"alt_text":"Zendure SolarFlow 2400 AC - planitpower","src":"https:\/\/i0.wp.com\/planitpower.com\/wp-content\/uploads\/2025\/11\/zendure-solarflow-2400-ac-seul.jpg?fit=500%2C500&ssl=1&resize=350%2C200","width":350,"height":200},"classes":[]}],"_links":{"self":[{"href":"https:\/\/planitpower.com\/fr\/wp-json\/wp\/v2\/product\/3839","targetHints":{"allow":["GET"]}}],"collection":[{"href":"https:\/\/planitpower.com\/fr\/wp-json\/wp\/v2\/product"}],"about":[{"href":"https:\/\/planitpower.com\/fr\/wp-json\/wp\/v2\/types\/product"}],"replies":[{"embeddable":true,"href":"https:\/\/planitpower.com\/fr\/wp-json\/wp\/v2\/comments?post=3839"}],"version-history":[{"count":0,"href":"https:\/\/planitpower.com\/fr\/wp-json\/wp\/v2\/product\/3839\/revisions"}],"wp:featuredmedia":[{"embeddable":true,"href":"https:\/\/planitpower.com\/fr\/wp-json\/wp\/v2\/media\/3842"}],"wp:attachment":[{"href":"https:\/\/planitpower.com\/fr\/wp-json\/wp\/v2\/media?parent=3839"}],"wp:term":[{"taxonomy":"product_brand","embeddable":true,"href":"https:\/\/planitpower.com\/fr\/wp-json\/wp\/v2\/product_brand?post=3839"},{"taxonomy":"product_cat","embeddable":true,"href":"https:\/\/planitpower.com\/fr\/wp-json\/wp\/v2\/product_cat?post=3839"},{"taxonomy":"product_tag","embeddable":true,"href":"https:\/\/planitpower.com\/fr\/wp-json\/wp\/v2\/product_tag?post=3839"}],"curies":[{"name":"wp","href":"https:\/\/api.w.org\/{rel}","templated":true}]}}