{"id":3850,"date":"2025-11-12T21:56:46","date_gmt":"2025-11-12T21:56:46","guid":{"rendered":"https:\/\/planitpower.com\/?post_type=product&#038;p=3850"},"modified":"2026-01-03T01:59:58","modified_gmt":"2026-01-03T01:59:58","slug":"adoucisseur-deau-ecosoft-pink-100-efree","status":"publish","type":"product","link":"https:\/\/planitpower.com\/fr\/boutique\/adoucisseur-deau-ecosoft-pink-100-efree\/","title":{"rendered":"Adoucisseur d'eau Ecosoft Pink 100 eFree"},"content":{"rendered":"<h3 class=\"wp-block-heading\">Description<\/h3>\n\n\n\n<p>Le <strong>Adoucisseur d'eau Ecosoft Pink 100 eFree<\/strong> est con\u00e7u comme une solution peu encombrante et tr\u00e8s performante pour les foyers confront\u00e9s \u00e0 l'eau dure. Gr\u00e2ce \u00e0 ses dimensions ultra-compactes et \u00e0 sa conception compatible avec les \u00e9viers, il s'int\u00e8gre parfaitement dans les espaces restreints, tels que les armoires de cuisine ou les buanderies, tout en assurant un adoucissement complet de l'eau de la maison. Le syst\u00e8me utilise une r\u00e9sine de haute qualit\u00e9 et une technologie de vanne haut de gamme pour \u00e9liminer les ions de calcium et de magn\u00e9sium, \u00e9vitant ainsi les d\u00e9p\u00f4ts de calcaire dans la plomberie, les appareils \u00e9lectrom\u00e9nagers et la robinetterie. Gr\u00e2ce \u00e0 son cycle de r\u00e9g\u00e9n\u00e9ration intelligent, il optimise l'utilisation du sel et de l'eau, ce qui rend son fonctionnement \u00e9conomique. En r\u00e9sum\u00e9, l'Ecosoft Pink 100 eFree offre les avantages de l'eau douce (plus longue dur\u00e9e de vie des appareils, moins de d\u00e9tergent, plus de confort) dans un ensemble compact et efficace, con\u00e7u pour les petits logements ou les espaces restreints.<\/p>\n\n\n\n<h3 class=\"wp-block-heading\">Sp\u00e9cifications techniques<\/h3>\n\n\n\n<figure class=\"wp-block-table\"><table class=\"has-fixed-layout\"><thead><tr><th>Param\u00e8tres<\/th><th>Valeur<\/th><\/tr><\/thead><tbody><tr><td>D\u00e9bit d'exploitation<\/td><td>1,2 m\u00b3\/h (\u22481200 L\/h) <\/td><\/tr><tr><td>Quantit\u00e9 de support (r\u00e9sine)<\/td><td>10 L <\/td><\/tr><tr><td>Capacit\u00e9 en volume*<\/td><td>2 m\u00b3 (pour la duret\u00e9 5 meq\/L = 250 mg\/L CaCO\u2083) <\/td><\/tr><tr><td>Consommation de sel par r\u00e9g\u00e9n\u00e9ration<\/td><td>0,8-1,0 kg (typique) <\/td><\/tr><tr><td>Consommation d'eau par r\u00e9g\u00e9n\u00e9ration<\/td><td>0,08 m\u00b3 (\u224880 L) <\/td><\/tr><tr><td>Dur\u00e9e de la r\u00e9g\u00e9n\u00e9ration<\/td><td>80-110 minutes <\/td><\/tr><tr><td>Perte de charge en mode service<\/td><td>0,5 bar <\/td><\/tr><tr><td>Pression d'entr\u00e9e<\/td><td>2-6 bar <\/td><\/tr><tr><td>Exigences \u00e9lectriques<\/td><td>230 V, 50 Hz <\/td><\/tr><tr><td>Consommation \u00e9lectrique<\/td><td>30 W <\/td><\/tr><tr><td>Raccordements des tuyaux d'entr\u00e9e et de sortie<\/td><td>\u00be\u2033 <\/td><\/tr><tr><td>Dimensions (H \u00d7 L \u00d7 P)<\/td><td>470 \u00d7 270 \u00d7 430 mm <\/td><\/tr><tr><td>Poids (sec)<\/td><td>18,8 kg <\/td><\/tr><tr><td>Duret\u00e9 maximale de l'effluent<\/td><td>15 meq\/L (750 mg\/L CaCO\u2083) <\/td><\/tr><tr><td>Fer maximal dans l'influent<\/td><td>0,2 mg\/L <\/td><\/tr><tr><td>Concentration maximale de mangan\u00e8se dans l'influent<\/td><td>0,05 mg\/L <\/td><\/tr><tr><td>Pr\u00e9filtration des s\u00e9diments requise<\/td><td>100 \u00b5m <\/td><\/tr><\/tbody><\/table><\/figure>\n\n\n\n<p>*Suppose une duret\u00e9 \u00e0 l'entr\u00e9e de 250 mg\/L de CaCO\u2083 ; la capacit\u00e9 r\u00e9elle variera avec des niveaux de duret\u00e9 plus \u00e9lev\u00e9s.<\/p>","protected":false},"excerpt":{"rendered":"<h3 data-start=\"1081\" data-end=\"1100\">Caract\u00e9ristiques principales<\/h3>\n<ul data-start=\"1101\" data-end=\"2236\">\n<li data-start=\"1101\" data-end=\"1256\">\n<p data-start=\"1103\" data-end=\"1256\">Armoire ultra-compacte d'une hauteur d'environ 467 mm (\u224847 cm), permettant une installation sous les \u00e9viers ou dans les armoires.<\/p>\n<\/li>\n<li data-start=\"1257\" data-end=\"1463\">\n<p data-start=\"1259\" data-end=\"1463\">La r\u00e9sine \u00e9changeuse d'ions \u00e0 haute efficacit\u00e9 (DOWEX HCR-S\/S) associ\u00e9e \u00e0 une vanne Clack\u00ae DV de fabrication am\u00e9ricaine assure une r\u00e9g\u00e9n\u00e9ration fiable et proportionnelle ainsi qu'une performance \u00e9lev\u00e9e.<\/p>\n<\/li>\n<li data-start=\"1464\" data-end=\"1657\">\n<p data-start=\"1466\" data-end=\"1657\">Conception de r\u00e9g\u00e9n\u00e9ration \u00e0 flux ascendant qui utilise beaucoup moins de sel et d'eau de rin\u00e7age que les syst\u00e8mes conventionnels, ce qui favorise les \u00e9conomies et la durabilit\u00e9.<\/p>\n<\/li>\n<li data-start=\"1658\" data-end=\"1885\">\n<p data-start=\"1660\" data-end=\"1885\">D\u00e9di\u00e9 \u00e0 la r\u00e9duction du calcaire dans votre plomberie et vos appareils \u00e9lectrom\u00e9nagers, il am\u00e9liore ainsi la long\u00e9vit\u00e9 des \u00e9quipements consommateurs d'eau et le confort au quotidien (peau\/cheveux plus doux, moins d'utilisation de d\u00e9tergents).<\/p>\n<\/li>\n<li data-start=\"1886\" data-end=\"2067\">\n<p data-start=\"1888\" data-end=\"2067\">Con\u00e7ue pour un usage domestique (petite famille, appartement), elle offre un d\u00e9bit nominal de 1,2 m\u00b3\/h, suffisant pour r\u00e9pondre \u00e0 la demande en eau domestique.<\/p>\n<\/li>\n<li data-start=\"2068\" data-end=\"2236\">\n<p data-start=\"2070\" data-end=\"2236\">Le raccordement \u00e9lectrique standard (230 V \/ 50 Hz) et la tuyauterie d'entr\u00e9e\/sortie \u00be\u2033 le rendent compatible avec la plupart des installations domestiques.<\/p>\n<\/li>\n<\/ul>\n<div id=\"gtx-trans\" style=\"position: absolute; left: 1023px; top: 223.516px;\">\n<div class=\"gtx-trans-icon\">\u00a0<\/div>\n<\/div>","protected":false},"featured_media":3852,"comment_status":"open","ping_status":"closed","template":"","meta":{"jetpack_post_was_ever_published":false,"jetpack_publicize_message":"","jetpack_publicize_feature_enabled":true,"jetpack_social_post_already_shared":false,"jetpack_social_options":{"image_generator_settings":{"template":"highway","default_image_id":0,"font":"","enabled":false},"version":2}},"product_brand":[128],"product_cat":[100],"product_tag":[],"class_list":{"0":"post-3850","1":"product","2":"type-product","3":"status-publish","4":"has-post-thumbnail","6":"product_brand-ecosoft","7":"product_cat-water-filtration","8":"product_shipping_class-free-delivery","10":"first","11":"instock","12":"taxable","13":"shipping-taxable","14":"purchasable","15":"product-type-simple"},"yoast_head":"<!-- This site is optimized with the Yoast SEO plugin v27.4 - https:\/\/yoast.com\/product\/yoast-seo-wordpress\/ -->\n<title>Ecosoft Pink 100 eFree water softener - Planitpower<\/title>\n<meta name=\"description\" content=\"Ecosoft Pink 100 eFree water softener \u2013 ultra-compact household softener that efficiently reduces limescale, uses minimal salt and water per regeneration, ideal for apartments and small families.\" \/>\n<meta name=\"robots\" content=\"index, follow, max-snippet:-1, max-image-preview:large, max-video-preview:-1\" \/>\n<link rel=\"canonical\" href=\"https:\/\/planitpower.com\/fr\/boutique\/adoucisseur-deau-ecosoft-pink-100-efree\/\" \/>\n<meta property=\"og:locale\" content=\"fr_FR\" \/>\n<meta property=\"og:type\" content=\"article\" \/>\n<meta property=\"og:title\" content=\"Ecosoft Pink 100 eFree water softener - Planitpower\" \/>\n<meta property=\"og:description\" content=\"Ecosoft Pink 100 eFree water softener \u2013 ultra-compact household softener that efficiently reduces limescale, uses minimal salt and water per regeneration, ideal for apartments and small families.\" \/>\n<meta property=\"og:url\" content=\"https:\/\/planitpower.com\/fr\/boutique\/adoucisseur-deau-ecosoft-pink-100-efree\/\" \/>\n<meta property=\"og:site_name\" content=\"Planitpower\" \/>\n<meta property=\"article:modified_time\" content=\"2026-01-03T01:59:58+00:00\" \/>\n<meta property=\"og:image\" content=\"https:\/\/i0.wp.com\/planitpower.com\/wp-content\/uploads\/2025\/11\/FU1013CABDVUPEF_0.png.webp?fit=1000%2C1000&ssl=1\" \/>\n\t<meta property=\"og:image:width\" content=\"1000\" \/>\n\t<meta property=\"og:image:height\" content=\"1000\" \/>\n\t<meta property=\"og:image:type\" content=\"image\/webp\" \/>\n<meta name=\"twitter:card\" content=\"summary_large_image\" \/>\n<meta name=\"twitter:label1\" content=\"Dur\u00e9e de lecture estim\u00e9e\" \/>\n\t<meta name=\"twitter:data1\" content=\"2 minutes\" \/>\n<script type=\"application\/ld+json\" class=\"yoast-schema-graph\">{\"@context\":\"https:\\\/\\\/schema.org\",\"@graph\":[{\"@type\":\"WebPage\",\"@id\":\"https:\\\/\\\/planitpower.com\\\/shop\\\/ecosoft-pink-100-efree-water-softener\\\/\",\"url\":\"https:\\\/\\\/planitpower.com\\\/shop\\\/ecosoft-pink-100-efree-water-softener\\\/\",\"name\":\"Ecosoft Pink 100 eFree water softener - Planitpower\",\"isPartOf\":{\"@id\":\"https:\\\/\\\/planitpower.com\\\/#website\"},\"primaryImageOfPage\":{\"@id\":\"https:\\\/\\\/planitpower.com\\\/shop\\\/ecosoft-pink-100-efree-water-softener\\\/#primaryimage\"},\"image\":{\"@id\":\"https:\\\/\\\/planitpower.com\\\/shop\\\/ecosoft-pink-100-efree-water-softener\\\/#primaryimage\"},\"thumbnailUrl\":\"https:\\\/\\\/i0.wp.com\\\/planitpower.com\\\/wp-content\\\/uploads\\\/2025\\\/11\\\/FU1013CABDVUPEF_0.png.webp?fit=1000%2C1000&ssl=1\",\"datePublished\":\"2025-11-12T21:56:46+00:00\",\"dateModified\":\"2026-01-03T01:59:58+00:00\",\"description\":\"Ecosoft Pink 100 eFree water softener \u2013 ultra-compact household softener that efficiently reduces limescale, uses minimal salt and water per regeneration, ideal for apartments and small families.\",\"breadcrumb\":{\"@id\":\"https:\\\/\\\/planitpower.com\\\/shop\\\/ecosoft-pink-100-efree-water-softener\\\/#breadcrumb\"},\"inLanguage\":\"fr-FR\",\"potentialAction\":[{\"@type\":\"ReadAction\",\"target\":[\"https:\\\/\\\/planitpower.com\\\/shop\\\/ecosoft-pink-100-efree-water-softener\\\/\"]}]},{\"@type\":\"ImageObject\",\"inLanguage\":\"fr-FR\",\"@id\":\"https:\\\/\\\/planitpower.com\\\/shop\\\/ecosoft-pink-100-efree-water-softener\\\/#primaryimage\",\"url\":\"https:\\\/\\\/i0.wp.com\\\/planitpower.com\\\/wp-content\\\/uploads\\\/2025\\\/11\\\/FU1013CABDVUPEF_0.png.webp?fit=1000%2C1000&ssl=1\",\"contentUrl\":\"https:\\\/\\\/i0.wp.com\\\/planitpower.com\\\/wp-content\\\/uploads\\\/2025\\\/11\\\/FU1013CABDVUPEF_0.png.webp?fit=1000%2C1000&ssl=1\",\"width\":1000,\"height\":1000,\"caption\":\"Ecosoft Pink 100 eFree water softener - planitpower - 1\"},{\"@type\":\"BreadcrumbList\",\"@id\":\"https:\\\/\\\/planitpower.com\\\/shop\\\/ecosoft-pink-100-efree-water-softener\\\/#breadcrumb\",\"itemListElement\":[{\"@type\":\"ListItem\",\"position\":1,\"name\":\"Home\",\"item\":\"https:\\\/\\\/planitpower.com\\\/\"},{\"@type\":\"ListItem\",\"position\":2,\"name\":\"SHOP\",\"item\":\"https:\\\/\\\/planitpower.com\\\/shop\\\/\"},{\"@type\":\"ListItem\",\"position\":3,\"name\":\"Ecosoft Pink 100 eFree water softener\"}]},{\"@type\":\"WebSite\",\"@id\":\"https:\\\/\\\/planitpower.com\\\/#website\",\"url\":\"https:\\\/\\\/planitpower.com\\\/\",\"name\":\"Planitpower\",\"description\":\"Inspire energy\",\"publisher\":{\"@id\":\"https:\\\/\\\/planitpower.com\\\/#\\\/schema\\\/person\\\/b531587eda267b930b04174d12de6efa\"},\"potentialAction\":[{\"@type\":\"SearchAction\",\"target\":{\"@type\":\"EntryPoint\",\"urlTemplate\":\"https:\\\/\\\/planitpower.com\\\/?s={search_term_string}\"},\"query-input\":{\"@type\":\"PropertyValueSpecification\",\"valueRequired\":true,\"valueName\":\"search_term_string\"}}],\"inLanguage\":\"fr-FR\"},{\"@type\":[\"Person\",\"Organization\"],\"@id\":\"https:\\\/\\\/planitpower.com\\\/#\\\/schema\\\/person\\\/b531587eda267b930b04174d12de6efa\",\"name\":\"Editorial Team\",\"image\":{\"@type\":\"ImageObject\",\"inLanguage\":\"fr-FR\",\"@id\":\"https:\\\/\\\/i0.wp.com\\\/planitpower.com\\\/wp-content\\\/uploads\\\/2025\\\/12\\\/cropped-planitpower_circle_375x375.png?fit=512%2C512&ssl=1\",\"url\":\"https:\\\/\\\/i0.wp.com\\\/planitpower.com\\\/wp-content\\\/uploads\\\/2025\\\/12\\\/cropped-planitpower_circle_375x375.png?fit=512%2C512&ssl=1\",\"contentUrl\":\"https:\\\/\\\/i0.wp.com\\\/planitpower.com\\\/wp-content\\\/uploads\\\/2025\\\/12\\\/cropped-planitpower_circle_375x375.png?fit=512%2C512&ssl=1\",\"width\":512,\"height\":512,\"caption\":\"Editorial Team\"},\"logo\":{\"@id\":\"https:\\\/\\\/i0.wp.com\\\/planitpower.com\\\/wp-content\\\/uploads\\\/2025\\\/12\\\/cropped-planitpower_circle_375x375.png?fit=512%2C512&ssl=1\"},\"sameAs\":[\"https:\\\/\\\/Planitpower.com\"]}]}<\/script>\n<!-- \/ Yoast SEO plugin. -->","yoast_head_json":{"title":"Adoucisseur d'eau Ecosoft Pink 100 eFree - Planitpower","description":"Adoucisseur d'eau Ecosoft Pink 100 eFree - adoucisseur d'eau domestique ultra-compact qui r\u00e9duit efficacement le calcaire, utilise un minimum de sel et d'eau par r\u00e9g\u00e9n\u00e9ration, id\u00e9al pour les appartements et les petites familles.","robots":{"index":"index","follow":"follow","max-snippet":"max-snippet:-1","max-image-preview":"max-image-preview:large","max-video-preview":"max-video-preview:-1"},"canonical":"https:\/\/planitpower.com\/fr\/boutique\/adoucisseur-deau-ecosoft-pink-100-efree\/","og_locale":"fr_FR","og_type":"article","og_title":"Ecosoft Pink 100 eFree water softener - Planitpower","og_description":"Ecosoft Pink 100 eFree water softener \u2013 ultra-compact household softener that efficiently reduces limescale, uses minimal salt and water per regeneration, ideal for apartments and small families.","og_url":"https:\/\/planitpower.com\/fr\/boutique\/adoucisseur-deau-ecosoft-pink-100-efree\/","og_site_name":"Planitpower","article_modified_time":"2026-01-03T01:59:58+00:00","og_image":[{"width":1000,"height":1000,"url":"https:\/\/i0.wp.com\/planitpower.com\/wp-content\/uploads\/2025\/11\/FU1013CABDVUPEF_0.png.webp?fit=1000%2C1000&ssl=1","type":"image\/webp"}],"twitter_card":"summary_large_image","twitter_misc":{"Dur\u00e9e de lecture estim\u00e9e":"2 minutes"},"schema":{"@context":"https:\/\/schema.org","@graph":[{"@type":"WebPage","@id":"https:\/\/planitpower.com\/shop\/ecosoft-pink-100-efree-water-softener\/","url":"https:\/\/planitpower.com\/shop\/ecosoft-pink-100-efree-water-softener\/","name":"Adoucisseur d'eau Ecosoft Pink 100 eFree - Planitpower","isPartOf":{"@id":"https:\/\/planitpower.com\/#website"},"primaryImageOfPage":{"@id":"https:\/\/planitpower.com\/shop\/ecosoft-pink-100-efree-water-softener\/#primaryimage"},"image":{"@id":"https:\/\/planitpower.com\/shop\/ecosoft-pink-100-efree-water-softener\/#primaryimage"},"thumbnailUrl":"https:\/\/i0.wp.com\/planitpower.com\/wp-content\/uploads\/2025\/11\/FU1013CABDVUPEF_0.png.webp?fit=1000%2C1000&ssl=1","datePublished":"2025-11-12T21:56:46+00:00","dateModified":"2026-01-03T01:59:58+00:00","description":"Adoucisseur d'eau Ecosoft Pink 100 eFree - adoucisseur d'eau domestique ultra-compact qui r\u00e9duit efficacement le calcaire, utilise un minimum de sel et d'eau par r\u00e9g\u00e9n\u00e9ration, id\u00e9al pour les appartements et les petites familles.","breadcrumb":{"@id":"https:\/\/planitpower.com\/shop\/ecosoft-pink-100-efree-water-softener\/#breadcrumb"},"inLanguage":"fr-FR","potentialAction":[{"@type":"ReadAction","target":["https:\/\/planitpower.com\/shop\/ecosoft-pink-100-efree-water-softener\/"]}]},{"@type":"ImageObject","inLanguage":"fr-FR","@id":"https:\/\/planitpower.com\/shop\/ecosoft-pink-100-efree-water-softener\/#primaryimage","url":"https:\/\/i0.wp.com\/planitpower.com\/wp-content\/uploads\/2025\/11\/FU1013CABDVUPEF_0.png.webp?fit=1000%2C1000&ssl=1","contentUrl":"https:\/\/i0.wp.com\/planitpower.com\/wp-content\/uploads\/2025\/11\/FU1013CABDVUPEF_0.png.webp?fit=1000%2C1000&ssl=1","width":1000,"height":1000,"caption":"Ecosoft Pink 100 eFree water softener - planitpower - 1"},{"@type":"BreadcrumbList","@id":"https:\/\/planitpower.com\/shop\/ecosoft-pink-100-efree-water-softener\/#breadcrumb","itemListElement":[{"@type":"ListItem","position":1,"name":"Home","item":"https:\/\/planitpower.com\/"},{"@type":"ListItem","position":2,"name":"SHOP","item":"https:\/\/planitpower.com\/shop\/"},{"@type":"ListItem","position":3,"name":"Ecosoft Pink 100 eFree water softener"}]},{"@type":"WebSite","@id":"https:\/\/planitpower.com\/#website","url":"https:\/\/planitpower.com\/","name":"Planitpower","description":"Inspirons l'\u00e9nergie!","publisher":{"@id":"https:\/\/planitpower.com\/#\/schema\/person\/b531587eda267b930b04174d12de6efa"},"potentialAction":[{"@type":"SearchAction","target":{"@type":"EntryPoint","urlTemplate":"https:\/\/planitpower.com\/?s={search_term_string}"},"query-input":{"@type":"PropertyValueSpecification","valueRequired":true,"valueName":"search_term_string"}}],"inLanguage":"fr-FR"},{"@type":["Person","Organization"],"@id":"https:\/\/planitpower.com\/#\/schema\/person\/b531587eda267b930b04174d12de6efa","name":"Equipe \u00e9ditoriale","image":{"@type":"ImageObject","inLanguage":"fr-FR","@id":"https:\/\/i0.wp.com\/planitpower.com\/wp-content\/uploads\/2025\/12\/cropped-planitpower_circle_375x375.png?fit=512%2C512&ssl=1","url":"https:\/\/i0.wp.com\/planitpower.com\/wp-content\/uploads\/2025\/12\/cropped-planitpower_circle_375x375.png?fit=512%2C512&ssl=1","contentUrl":"https:\/\/i0.wp.com\/planitpower.com\/wp-content\/uploads\/2025\/12\/cropped-planitpower_circle_375x375.png?fit=512%2C512&ssl=1","width":512,"height":512,"caption":"Editorial Team"},"logo":{"@id":"https:\/\/i0.wp.com\/planitpower.com\/wp-content\/uploads\/2025\/12\/cropped-planitpower_circle_375x375.png?fit=512%2C512&ssl=1"},"sameAs":["https:\/\/Planitpower.com"]}]}},"jetpack_publicize_connections":[],"jetpack_likes_enabled":true,"jetpack_sharing_enabled":true,"jetpack-related-posts":[{"id":3790,"url":"https:\/\/planitpower.com\/fr\/boutique\/ecosoft-pink-100-adoucisseur-deau\/","url_meta":{"origin":3850,"position":0},"title":"Adoucisseur d'eau Ecosoft Pink 100","author":"Editorial Team","date":"12\/11\/2025","format":false,"excerpt":"Main features Ultra-compact size: With a height of around 470 mm and a width of 270 mm, the Pink 100 fits into restricted spaces without compromising performance. High-quality valve technology: The Clack\u00ae DV mixing-valve system ensures consistent, efficient regeneration and long service life. Up-flow proportional regeneration: This advanced mode means\u2026","rel":"","context":"Article similaire","block_context":{"text":"Article similaire","link":""},"img":{"alt_text":"Ecosoft Pink 100 water softener - planitpower -10","src":"https:\/\/i0.wp.com\/planitpower.com\/wp-content\/uploads\/2025\/11\/1.webp?fit=960%2C960&ssl=1&resize=350%2C200","width":350,"height":200,"srcset":"https:\/\/i0.wp.com\/planitpower.com\/wp-content\/uploads\/2025\/11\/1.webp?fit=960%2C960&ssl=1&resize=350%2C200 1x, https:\/\/i0.wp.com\/planitpower.com\/wp-content\/uploads\/2025\/11\/1.webp?fit=960%2C960&ssl=1&resize=525%2C300 1.5x, https:\/\/i0.wp.com\/planitpower.com\/wp-content\/uploads\/2025\/11\/1.webp?fit=960%2C960&ssl=1&resize=700%2C400 2x"},"classes":[]},{"id":3859,"url":"https:\/\/planitpower.com\/fr\/boutique\/adoucisseur-deau-ecosoft-rose-200-efree\/","url_meta":{"origin":3850,"position":1},"title":"Adoucisseur d&#039;eau Ecosoft Pink 200 eFree","author":"Editorial Team","date":"04\/01\/2026","format":false,"excerpt":"Caract\u00e9ristiques principales : Design compact et \u00e9l\u00e9gant \u2013 Faible encombrement et bo\u00eetier moderne s&#039;int\u00e9grant \u00e0 tous les int\u00e9rieurs et espaces d&#039;installation. R\u00e9g\u00e9n\u00e9ration ascendante efficace \u2013 R\u00e9duit la consommation d&#039;eau et de sel tout en maintenant des performances d&#039;adoucissement optimales. R\u00e9sine \u00e9changeuse d&#039;ions de qualit\u00e9 sup\u00e9rieure \u2013 Garantit une \u00e9limination sup\u00e9rieure du calcaire et des r\u00e9sultats constants dans le temps. Commande Clack\u00ae haute qualit\u00e9\u2026","rel":"","context":"Article similaire","block_context":{"text":"Article similaire","link":""},"img":{"alt_text":"Ecosoft Pink 200 eFree water softener - planitpower","src":"https:\/\/i0.wp.com\/planitpower.com\/wp-content\/uploads\/2025\/11\/FU1024CABDVUPEF_0.png.webp?fit=1000%2C1000&ssl=1&resize=350%2C200","width":350,"height":200,"srcset":"https:\/\/i0.wp.com\/planitpower.com\/wp-content\/uploads\/2025\/11\/FU1024CABDVUPEF_0.png.webp?fit=1000%2C1000&ssl=1&resize=350%2C200 1x, https:\/\/i0.wp.com\/planitpower.com\/wp-content\/uploads\/2025\/11\/FU1024CABDVUPEF_0.png.webp?fit=1000%2C1000&ssl=1&resize=525%2C300 1.5x, https:\/\/i0.wp.com\/planitpower.com\/wp-content\/uploads\/2025\/11\/FU1024CABDVUPEF_0.png.webp?fit=1000%2C1000&ssl=1&resize=700%2C400 2x"},"classes":[]},{"id":3836,"url":"https:\/\/planitpower.com\/fr\/boutique\/ecosoft-pink-150-adoucisseur-deau\/","url_meta":{"origin":3850,"position":2},"title":"Adoucisseur d'eau Ecosoft Pink 150","author":"Editorial Team","date":"12\/11\/2025","format":false,"excerpt":"Main features Ultra-compact design \u2013 With a height around 539 mm and cabinet style enclosure, the Pink 150 is designed to fit under a sink or in confined spaces without sacrificing performance. Premium control valve \u2013 Equipped with the Clack\u00ae DV valve with mixing function, this system ensures accurate performance,\u2026","rel":"","context":"Article similaire","block_context":{"text":"Article similaire","link":""},"img":{"alt_text":"Ecosoft Pink 100 water softener - planitpower -10","src":"https:\/\/i0.wp.com\/planitpower.com\/wp-content\/uploads\/2025\/11\/1.webp?fit=960%2C960&ssl=1&resize=350%2C200","width":350,"height":200,"srcset":"https:\/\/i0.wp.com\/planitpower.com\/wp-content\/uploads\/2025\/11\/1.webp?fit=960%2C960&ssl=1&resize=350%2C200 1x, https:\/\/i0.wp.com\/planitpower.com\/wp-content\/uploads\/2025\/11\/1.webp?fit=960%2C960&ssl=1&resize=525%2C300 1.5x, https:\/\/i0.wp.com\/planitpower.com\/wp-content\/uploads\/2025\/11\/1.webp?fit=960%2C960&ssl=1&resize=700%2C400 2x"},"classes":[]},{"id":3855,"url":"https:\/\/planitpower.com\/fr\/boutique\/adoucisseur-deau-ecosoft-pink-150-efree\/","url_meta":{"origin":3850,"position":3},"title":"Adoucisseur d'eau Ecosoft Pink 150 eFree","author":"Editorial Team","date":"12\/11\/2025","format":false,"excerpt":"Main Features Ultra-compact cabinet design: With dimensions around 540 \u00d7 270 \u00d7 430 mm, this softener suits installations under sinks or in compact utility areas. High-quality Clack\u00ae DV valve with mixing valve: A reliable US-made control valve ensures smooth operation, precise regeneration, and long service life. Up-flow proportional regeneration: Only\u2026","rel":"","context":"Article similaire","block_context":{"text":"Article similaire","link":""},"img":{"alt_text":"Ecosoft Pink 150 eFree water softener - planitpower","src":"https:\/\/i0.wp.com\/planitpower.com\/wp-content\/uploads\/2025\/11\/1-1.webp?fit=1000%2C1000&ssl=1&resize=350%2C200","width":350,"height":200,"srcset":"https:\/\/i0.wp.com\/planitpower.com\/wp-content\/uploads\/2025\/11\/1-1.webp?fit=1000%2C1000&ssl=1&resize=350%2C200 1x, https:\/\/i0.wp.com\/planitpower.com\/wp-content\/uploads\/2025\/11\/1-1.webp?fit=1000%2C1000&ssl=1&resize=525%2C300 1.5x, https:\/\/i0.wp.com\/planitpower.com\/wp-content\/uploads\/2025\/11\/1-1.webp?fit=1000%2C1000&ssl=1&resize=700%2C400 2x"},"classes":[]},{"id":3839,"url":"https:\/\/planitpower.com\/fr\/boutique\/ecosoft-pink-200-adoucisseur-deau\/","url_meta":{"origin":3850,"position":4},"title":"Adoucisseur d'eau Ecosoft Pink 200","author":"Editorial Team","date":"12\/11\/2025","format":false,"excerpt":"Main features Ultra-compact dimensions allow installation in tight spaces (e.g., under sink or small utility room), yet support whole-house usage. Premium Clack\u00ae DV control valve with diamond-carbon coated discs ensures long-term reliability and smooth operation. Up-flow proportional regeneration mode helps minimise salt and water usage during regeneration cycles. High-quality ion-exchange\u2026","rel":"","context":"Article similaire","block_context":{"text":"Article similaire","link":""},"img":{"alt_text":"Ecosoft Pink 200 water softener - Planitpower - 6","src":"https:\/\/i0.wp.com\/planitpower.com\/wp-content\/uploads\/2025\/11\/FU1024CABDVUPBT-01.png.webp?fit=960%2C960&ssl=1&resize=350%2C200","width":350,"height":200,"srcset":"https:\/\/i0.wp.com\/planitpower.com\/wp-content\/uploads\/2025\/11\/FU1024CABDVUPBT-01.png.webp?fit=960%2C960&ssl=1&resize=350%2C200 1x, https:\/\/i0.wp.com\/planitpower.com\/wp-content\/uploads\/2025\/11\/FU1024CABDVUPBT-01.png.webp?fit=960%2C960&ssl=1&resize=525%2C300 1.5x, https:\/\/i0.wp.com\/planitpower.com\/wp-content\/uploads\/2025\/11\/FU1024CABDVUPBT-01.png.webp?fit=960%2C960&ssl=1&resize=700%2C400 2x"},"classes":[]},{"id":3684,"url":"https:\/\/planitpower.com\/fr\/boutique\/ecosoft-titanium-azure-180-adoucisseur-deau\/","url_meta":{"origin":3850,"position":5},"title":"Ecosoft Titanium Azure 180","author":"Editorial Team","date":"12\/11\/2025","format":false,"excerpt":"Main Features High-performance water softening system designed to protect household plumbing, heating systems and appliances from limescale and mineral deposits. Compact monoblock cabinet featuring premium US-made components and the reliable Clack\u00ae CE control valve for easy multilingual operation. Flow rate up to 1.3 m\u00b3\/h (industry-leading in its class) ensures ample\u2026","rel":"","context":"Article similaire","block_context":{"text":"Article similaire","link":""},"img":{"alt_text":"Ecosoft Titanium Azure 180 water softener - Planitpower - 11","src":"https:\/\/i0.wp.com\/planitpower.com\/wp-content\/uploads\/2025\/11\/FU1235CABCEMV-01_1.png.webp?fit=960%2C960&ssl=1&resize=350%2C200","width":350,"height":200,"srcset":"https:\/\/i0.wp.com\/planitpower.com\/wp-content\/uploads\/2025\/11\/FU1235CABCEMV-01_1.png.webp?fit=960%2C960&ssl=1&resize=350%2C200 1x, https:\/\/i0.wp.com\/planitpower.com\/wp-content\/uploads\/2025\/11\/FU1235CABCEMV-01_1.png.webp?fit=960%2C960&ssl=1&resize=525%2C300 1.5x, https:\/\/i0.wp.com\/planitpower.com\/wp-content\/uploads\/2025\/11\/FU1235CABCEMV-01_1.png.webp?fit=960%2C960&ssl=1&resize=700%2C400 2x"},"classes":[]}],"_links":{"self":[{"href":"https:\/\/planitpower.com\/fr\/wp-json\/wp\/v2\/product\/3850","targetHints":{"allow":["GET"]}}],"collection":[{"href":"https:\/\/planitpower.com\/fr\/wp-json\/wp\/v2\/product"}],"about":[{"href":"https:\/\/planitpower.com\/fr\/wp-json\/wp\/v2\/types\/product"}],"replies":[{"embeddable":true,"href":"https:\/\/planitpower.com\/fr\/wp-json\/wp\/v2\/comments?post=3850"}],"version-history":[{"count":0,"href":"https:\/\/planitpower.com\/fr\/wp-json\/wp\/v2\/product\/3850\/revisions"}],"wp:featuredmedia":[{"embeddable":true,"href":"https:\/\/planitpower.com\/fr\/wp-json\/wp\/v2\/media\/3852"}],"wp:attachment":[{"href":"https:\/\/planitpower.com\/fr\/wp-json\/wp\/v2\/media?parent=3850"}],"wp:term":[{"taxonomy":"product_brand","embeddable":true,"href":"https:\/\/planitpower.com\/fr\/wp-json\/wp\/v2\/product_brand?post=3850"},{"taxonomy":"product_cat","embeddable":true,"href":"https:\/\/planitpower.com\/fr\/wp-json\/wp\/v2\/product_cat?post=3850"},{"taxonomy":"product_tag","embeddable":true,"href":"https:\/\/planitpower.com\/fr\/wp-json\/wp\/v2\/product_tag?post=3850"}],"curies":[{"name":"wp","href":"https:\/\/api.w.org\/{rel}","templated":true}]}}