{"id":3929,"date":"2025-11-12T21:57:17","date_gmt":"2025-11-12T21:57:17","guid":{"rendered":"https:\/\/planitpower.com\/?post_type=product&#038;p=3929"},"modified":"2025-12-26T00:20:12","modified_gmt":"2025-12-26T00:20:12","slug":"micro-onduleur-ecoflow-stream","status":"publish","type":"product","link":"https:\/\/planitpower.com\/fr\/boutique\/micro-onduleur-ecoflow-stream\/","title":{"rendered":"Micro-onduleur EcoFlow TREAM"},"content":{"rendered":"<h2 class=\"wp-block-heading\">Description<\/h2>\n\n\n\n<p>Le micro-onduleur EcoFlow STREAM offre une solution simple et performante pour convertir le courant continu (CC) produit par vos panneaux solaires en courant alternatif (CA) utilisable sur le r\u00e9seau \u00e9lectrique domestique. Con\u00e7u pour une installation ultra-simple, ce micro-onduleur se connecte aux panneaux solaires standard (ou aux panneaux compatibles EcoFlow) et injecte l&#039;\u00e9lectricit\u00e9 sur le r\u00e9seau ou dans votre installation \u00e9lectrique domestique, permettant ainsi aux propri\u00e9taires comme aux locataires d&#039;exploiter l&#039;\u00e9nergie solaire avec une simplicit\u00e9 d&#039;installation optimale. L&#039;appareil s&#039;int\u00e8gre \u00e0 l&#039;application EcoFlow pour un suivi en temps r\u00e9el de la production et de la consommation, permettant une utilisation plus intelligente de l&#039;\u00e9nergie et potentiellement une r\u00e9duction de vos factures d&#039;\u00e9lectricit\u00e9.<\/p>\n\n\n\n<p>Gr\u00e2ce \u00e0 ses protections int\u00e9gr\u00e9es contre l&#039;\u00eelotage, les surtensions et les surintensit\u00e9s, le micro-onduleur STREAM r\u00e9pond aux exigences de s\u00e9curit\u00e9 et de fiabilit\u00e9 des installations solaires modernes. Son format compact et sa conception robuste permettent une installation aussi bien en int\u00e9rieur qu&#039;en ext\u00e9rieur, dans un endroit ombrag\u00e9 et ventil\u00e9. Pour les utilisateurs souhaitant r\u00e9duire leur d\u00e9pendance au r\u00e9seau et accro\u00eetre leur autoconsommation d&#039;\u00e9nergie solaire, ce micro-onduleur offre une solution modulaire pour acc\u00e9der au solaire domestique.<\/p>\n\n\n\n<h2 class=\"wp-block-heading\">Sp\u00e9cifications techniques<\/h2>\n\n\n\n<p>Voici un tableau r\u00e9capitulatif des principales donn\u00e9es techniques du micro-onduleur EcoFlow STREAM\u00a0:<\/p>\n\n\n\n<figure class=\"wp-block-table\"><table class=\"has-fixed-layout\"><thead><tr><th>Sp\u00e9cifications<\/th><th>Valeur<\/th><\/tr><\/thead><tbody><tr><td>Nombre de MPPT<\/td><td>3 (sur certains march\u00e9s)<\/td><\/tr><tr><td>Nombre de bornes PV<\/td><td>4 paires<\/td><\/tr><tr><td>Plage de tension MPPT<\/td><td>16 V \u2013 60 V<\/td><\/tr><tr><td>Tension d&#039;entr\u00e9e CC maximale<\/td><td>60 V<\/td><\/tr><tr><td>Tension d&#039;entr\u00e9e de d\u00e9marrage<\/td><td>20 V<\/td><\/tr><tr><td>Puissance d&#039;entr\u00e9e maximale<\/td><td>1 200 W au total (450 W par MPPT selon les sp\u00e9cifications am\u00e9ricaines)<\/td><\/tr><tr><td>Courant d&#039;entr\u00e9e maximal<\/td><td>3 \u00d7 14 A<\/td><\/tr><tr><td>Courant de court-circuit continu maximal<\/td><td>3 \u00d7 20 A<\/td><\/tr><tr><td>Puissance de sortie CA nominale<\/td><td>1,200 W<\/td><\/tr><tr><td>Courant de sortie maximal<\/td><td>10 A<\/td><\/tr><tr><td>Tension de sortie nominale<\/td><td>120 V (mod\u00e8le am\u00e9ricain)<\/td><\/tr><tr><td>Plage de tension de sortie<\/td><td>105,6 V \u2013 127,2 V (sp\u00e9cifications am\u00e9ricaines)<\/td><\/tr><tr><td>Fr\u00e9quence de sortie nominale<\/td><td>60 Hz (mod\u00e8le am\u00e9ricain)<\/td><\/tr><tr><td>Dimensions<\/td><td>310 \u00d7 236 \u00d7 35,5 mm (12,2 \u00d7 9,3 \u00d7 1,4 po)<\/td><\/tr><tr><td>Poids<\/td><td>5,0 kg (11,0 lb)<\/td><\/tr><tr><td>Communication<\/td><td>Wi-Fi, Bluetooth<\/td><\/tr><tr><td>Type d&#039;isolation<\/td><td>Isolation galvanique via transformateur haute fr\u00e9quence<\/td><\/tr><tr><td>Temp\u00e9rature de fonctionnement<\/td><td>\u201340 \u00b0C \u00e0 +65 \u00b0C<\/td><\/tr><tr><td>Indice de protection\/d&#039;infiltration<\/td><td>NEMA 6 (sp\u00e9cifications am\u00e9ricaines)<\/td><\/tr><tr><td>Garantie<\/td><td>10 ans<\/td><\/tr><\/tbody><\/table><\/figure>\n\n\n\n<p>Remarque : les sp\u00e9cifications peuvent varier selon la r\u00e9gion (par exemple, mod\u00e8les 230 V\/50 Hz en Europe) et l&#039;installation doit \u00eatre conforme aux normes locales de raccordement au r\u00e9seau et de s\u00e9curit\u00e9.<\/p>","protected":false},"excerpt":{"rendered":"<p>Description The EcoFlow STREAM Microinverter offers a simple yet powerful way to convert solar panel DC output into usable grid-tied AC power for your home. Designed with a plug-and-play mindset, this microinverter connects standard solar panels (or EcoFlow\u2019s compatible panels) and delivers output to the grid or home circuits, enabling homeowners and renters alike to [&hellip;]<\/p>\n","protected":false},"featured_media":3930,"comment_status":"open","ping_status":"closed","template":"","meta":{"jetpack_post_was_ever_published":false,"jetpack_publicize_message":"","jetpack_publicize_feature_enabled":true,"jetpack_social_post_already_shared":false,"jetpack_social_options":{"image_generator_settings":{"template":"highway","default_image_id":0,"font":"","enabled":false},"version":2}},"product_brand":[129],"product_cat":[114],"product_tag":[],"class_list":{"0":"post-3929","1":"product","2":"type-product","3":"status-publish","4":"has-post-thumbnail","6":"product_brand-ecoflow","7":"product_cat-inverters-smart-energy-management","8":"product_shipping_class-free-delivery","10":"first","11":"instock","12":"taxable","13":"shipping-taxable","14":"purchasable","15":"product-type-simple"},"yoast_head":"<!-- This site is optimized with the Yoast SEO plugin v27.3 - https:\/\/yoast.com\/product\/yoast-seo-wordpress\/ -->\n<title>EcoFlow TREAM MicroInverter - Planitpower<\/title>\n<meta name=\"description\" content=\"Discover the EcoFlow\u202fSTREAM\u202fMicroinverter \u2013 a plug-and-play grid-tied solar microinverter delivering up to 1.2 kW output, ideal for smart home solar setups and DIY installation.\" \/>\n<meta name=\"robots\" content=\"index, follow, max-snippet:-1, max-image-preview:large, max-video-preview:-1\" \/>\n<link rel=\"canonical\" href=\"https:\/\/planitpower.com\/fr\/boutique\/micro-onduleur-ecoflow-stream\/\" \/>\n<meta property=\"og:locale\" content=\"fr_FR\" \/>\n<meta property=\"og:type\" content=\"article\" \/>\n<meta property=\"og:title\" content=\"EcoFlow TREAM MicroInverter - Planitpower\" \/>\n<meta property=\"og:description\" content=\"Discover the EcoFlow\u202fSTREAM\u202fMicroinverter \u2013 a plug-and-play grid-tied solar microinverter delivering up to 1.2 kW output, ideal for smart home solar setups and DIY installation.\" \/>\n<meta property=\"og:url\" content=\"https:\/\/planitpower.com\/fr\/boutique\/micro-onduleur-ecoflow-stream\/\" \/>\n<meta property=\"og:site_name\" content=\"Planitpower\" \/>\n<meta property=\"article:modified_time\" content=\"2025-12-26T00:20:12+00:00\" \/>\n<meta property=\"og:image\" content=\"https:\/\/i0.wp.com\/planitpower.com\/wp-content\/uploads\/2025\/11\/ecoflow-stream-microinverter-1156661596_2000x.webp?fit=2000%2C2000&ssl=1\" \/>\n\t<meta property=\"og:image:width\" content=\"2000\" \/>\n\t<meta property=\"og:image:height\" content=\"2000\" \/>\n\t<meta property=\"og:image:type\" content=\"image\/webp\" \/>\n<meta name=\"twitter:card\" content=\"summary_large_image\" \/>\n<meta name=\"twitter:label1\" content=\"Dur\u00e9e de lecture estim\u00e9e\" \/>\n\t<meta name=\"twitter:data1\" content=\"2 minutes\" \/>\n<script type=\"application\/ld+json\" class=\"yoast-schema-graph\">{\"@context\":\"https:\\\/\\\/schema.org\",\"@graph\":[{\"@type\":\"WebPage\",\"@id\":\"https:\\\/\\\/planitpower.com\\\/shop\\\/ecoflow-stream-microinverter\\\/\",\"url\":\"https:\\\/\\\/planitpower.com\\\/shop\\\/ecoflow-stream-microinverter\\\/\",\"name\":\"EcoFlow TREAM MicroInverter - Planitpower\",\"isPartOf\":{\"@id\":\"https:\\\/\\\/planitpower.com\\\/#website\"},\"primaryImageOfPage\":{\"@id\":\"https:\\\/\\\/planitpower.com\\\/shop\\\/ecoflow-stream-microinverter\\\/#primaryimage\"},\"image\":{\"@id\":\"https:\\\/\\\/planitpower.com\\\/shop\\\/ecoflow-stream-microinverter\\\/#primaryimage\"},\"thumbnailUrl\":\"https:\\\/\\\/i0.wp.com\\\/planitpower.com\\\/wp-content\\\/uploads\\\/2025\\\/11\\\/ecoflow-stream-microinverter-1156661596_2000x.webp?fit=2000%2C2000&ssl=1\",\"datePublished\":\"2025-11-12T21:57:17+00:00\",\"dateModified\":\"2025-12-26T00:20:12+00:00\",\"description\":\"Discover the EcoFlow\u202fSTREAM\u202fMicroinverter \u2013 a plug-and-play grid-tied solar microinverter delivering up to 1.2 kW output, ideal for smart home solar setups and DIY installation.\",\"breadcrumb\":{\"@id\":\"https:\\\/\\\/planitpower.com\\\/shop\\\/ecoflow-stream-microinverter\\\/#breadcrumb\"},\"inLanguage\":\"fr-FR\",\"potentialAction\":[{\"@type\":\"ReadAction\",\"target\":[\"https:\\\/\\\/planitpower.com\\\/shop\\\/ecoflow-stream-microinverter\\\/\"]}]},{\"@type\":\"ImageObject\",\"inLanguage\":\"fr-FR\",\"@id\":\"https:\\\/\\\/planitpower.com\\\/shop\\\/ecoflow-stream-microinverter\\\/#primaryimage\",\"url\":\"https:\\\/\\\/i0.wp.com\\\/planitpower.com\\\/wp-content\\\/uploads\\\/2025\\\/11\\\/ecoflow-stream-microinverter-1156661596_2000x.webp?fit=2000%2C2000&ssl=1\",\"contentUrl\":\"https:\\\/\\\/i0.wp.com\\\/planitpower.com\\\/wp-content\\\/uploads\\\/2025\\\/11\\\/ecoflow-stream-microinverter-1156661596_2000x.webp?fit=2000%2C2000&ssl=1\",\"width\":2000,\"height\":2000,\"caption\":\"EcoFlow STREAM Microinverter - Planitpower - 5\"},{\"@type\":\"BreadcrumbList\",\"@id\":\"https:\\\/\\\/planitpower.com\\\/shop\\\/ecoflow-stream-microinverter\\\/#breadcrumb\",\"itemListElement\":[{\"@type\":\"ListItem\",\"position\":1,\"name\":\"Home\",\"item\":\"https:\\\/\\\/planitpower.com\\\/\"},{\"@type\":\"ListItem\",\"position\":2,\"name\":\"SHOP\",\"item\":\"https:\\\/\\\/planitpower.com\\\/shop\\\/\"},{\"@type\":\"ListItem\",\"position\":3,\"name\":\"EcoFlow TREAM MicroInverter\"}]},{\"@type\":\"WebSite\",\"@id\":\"https:\\\/\\\/planitpower.com\\\/#website\",\"url\":\"https:\\\/\\\/planitpower.com\\\/\",\"name\":\"Planitpower\",\"description\":\"Inspire energy\",\"publisher\":{\"@id\":\"https:\\\/\\\/planitpower.com\\\/#\\\/schema\\\/person\\\/b531587eda267b930b04174d12de6efa\"},\"potentialAction\":[{\"@type\":\"SearchAction\",\"target\":{\"@type\":\"EntryPoint\",\"urlTemplate\":\"https:\\\/\\\/planitpower.com\\\/?s={search_term_string}\"},\"query-input\":{\"@type\":\"PropertyValueSpecification\",\"valueRequired\":true,\"valueName\":\"search_term_string\"}}],\"inLanguage\":\"fr-FR\"},{\"@type\":[\"Person\",\"Organization\"],\"@id\":\"https:\\\/\\\/planitpower.com\\\/#\\\/schema\\\/person\\\/b531587eda267b930b04174d12de6efa\",\"name\":\"Editorial Team\",\"image\":{\"@type\":\"ImageObject\",\"inLanguage\":\"fr-FR\",\"@id\":\"https:\\\/\\\/i0.wp.com\\\/planitpower.com\\\/wp-content\\\/uploads\\\/2025\\\/12\\\/cropped-planitpower_circle_375x375.png?fit=512%2C512&ssl=1\",\"url\":\"https:\\\/\\\/i0.wp.com\\\/planitpower.com\\\/wp-content\\\/uploads\\\/2025\\\/12\\\/cropped-planitpower_circle_375x375.png?fit=512%2C512&ssl=1\",\"contentUrl\":\"https:\\\/\\\/i0.wp.com\\\/planitpower.com\\\/wp-content\\\/uploads\\\/2025\\\/12\\\/cropped-planitpower_circle_375x375.png?fit=512%2C512&ssl=1\",\"width\":512,\"height\":512,\"caption\":\"Editorial Team\"},\"logo\":{\"@id\":\"https:\\\/\\\/i0.wp.com\\\/planitpower.com\\\/wp-content\\\/uploads\\\/2025\\\/12\\\/cropped-planitpower_circle_375x375.png?fit=512%2C512&ssl=1\"},\"sameAs\":[\"https:\\\/\\\/Planitpower.com\"]}]}<\/script>\n<!-- \/ Yoast SEO plugin. -->","yoast_head_json":{"title":"Micro-onduleur EcoFlow TREAM - Planitpower","description":"D\u00e9couvrez le micro-onduleur EcoFlow STREAM \u2013 un micro-onduleur solaire connect\u00e9 au r\u00e9seau, pr\u00eat \u00e0 l&#039;emploi, fournissant jusqu&#039;\u00e0 1,2 kW de puissance, id\u00e9al pour les installations solaires domestiques intelligentes et l&#039;installation DIY.","robots":{"index":"index","follow":"follow","max-snippet":"max-snippet:-1","max-image-preview":"max-image-preview:large","max-video-preview":"max-video-preview:-1"},"canonical":"https:\/\/planitpower.com\/fr\/boutique\/micro-onduleur-ecoflow-stream\/","og_locale":"fr_FR","og_type":"article","og_title":"EcoFlow TREAM MicroInverter - Planitpower","og_description":"Discover the EcoFlow\u202fSTREAM\u202fMicroinverter \u2013 a plug-and-play grid-tied solar microinverter delivering up to 1.2 kW output, ideal for smart home solar setups and DIY installation.","og_url":"https:\/\/planitpower.com\/fr\/boutique\/micro-onduleur-ecoflow-stream\/","og_site_name":"Planitpower","article_modified_time":"2025-12-26T00:20:12+00:00","og_image":[{"width":2000,"height":2000,"url":"https:\/\/i0.wp.com\/planitpower.com\/wp-content\/uploads\/2025\/11\/ecoflow-stream-microinverter-1156661596_2000x.webp?fit=2000%2C2000&ssl=1","type":"image\/webp"}],"twitter_card":"summary_large_image","twitter_misc":{"Dur\u00e9e de lecture estim\u00e9e":"2 minutes"},"schema":{"@context":"https:\/\/schema.org","@graph":[{"@type":"WebPage","@id":"https:\/\/planitpower.com\/shop\/ecoflow-stream-microinverter\/","url":"https:\/\/planitpower.com\/shop\/ecoflow-stream-microinverter\/","name":"Micro-onduleur EcoFlow TREAM - Planitpower","isPartOf":{"@id":"https:\/\/planitpower.com\/#website"},"primaryImageOfPage":{"@id":"https:\/\/planitpower.com\/shop\/ecoflow-stream-microinverter\/#primaryimage"},"image":{"@id":"https:\/\/planitpower.com\/shop\/ecoflow-stream-microinverter\/#primaryimage"},"thumbnailUrl":"https:\/\/i0.wp.com\/planitpower.com\/wp-content\/uploads\/2025\/11\/ecoflow-stream-microinverter-1156661596_2000x.webp?fit=2000%2C2000&ssl=1","datePublished":"2025-11-12T21:57:17+00:00","dateModified":"2025-12-26T00:20:12+00:00","description":"D\u00e9couvrez le micro-onduleur EcoFlow STREAM \u2013 un micro-onduleur solaire connect\u00e9 au r\u00e9seau, pr\u00eat \u00e0 l&#039;emploi, fournissant jusqu&#039;\u00e0 1,2 kW de puissance, id\u00e9al pour les installations solaires domestiques intelligentes et l&#039;installation DIY.","breadcrumb":{"@id":"https:\/\/planitpower.com\/shop\/ecoflow-stream-microinverter\/#breadcrumb"},"inLanguage":"fr-FR","potentialAction":[{"@type":"ReadAction","target":["https:\/\/planitpower.com\/shop\/ecoflow-stream-microinverter\/"]}]},{"@type":"ImageObject","inLanguage":"fr-FR","@id":"https:\/\/planitpower.com\/shop\/ecoflow-stream-microinverter\/#primaryimage","url":"https:\/\/i0.wp.com\/planitpower.com\/wp-content\/uploads\/2025\/11\/ecoflow-stream-microinverter-1156661596_2000x.webp?fit=2000%2C2000&ssl=1","contentUrl":"https:\/\/i0.wp.com\/planitpower.com\/wp-content\/uploads\/2025\/11\/ecoflow-stream-microinverter-1156661596_2000x.webp?fit=2000%2C2000&ssl=1","width":2000,"height":2000,"caption":"EcoFlow STREAM Microinverter - Planitpower - 5"},{"@type":"BreadcrumbList","@id":"https:\/\/planitpower.com\/shop\/ecoflow-stream-microinverter\/#breadcrumb","itemListElement":[{"@type":"ListItem","position":1,"name":"Home","item":"https:\/\/planitpower.com\/"},{"@type":"ListItem","position":2,"name":"SHOP","item":"https:\/\/planitpower.com\/shop\/"},{"@type":"ListItem","position":3,"name":"EcoFlow TREAM MicroInverter"}]},{"@type":"WebSite","@id":"https:\/\/planitpower.com\/#website","url":"https:\/\/planitpower.com\/","name":"Planitpower","description":"Inspirons l'\u00e9nergie!","publisher":{"@id":"https:\/\/planitpower.com\/#\/schema\/person\/b531587eda267b930b04174d12de6efa"},"potentialAction":[{"@type":"SearchAction","target":{"@type":"EntryPoint","urlTemplate":"https:\/\/planitpower.com\/?s={search_term_string}"},"query-input":{"@type":"PropertyValueSpecification","valueRequired":true,"valueName":"search_term_string"}}],"inLanguage":"fr-FR"},{"@type":["Person","Organization"],"@id":"https:\/\/planitpower.com\/#\/schema\/person\/b531587eda267b930b04174d12de6efa","name":"Equipe \u00e9ditoriale","image":{"@type":"ImageObject","inLanguage":"fr-FR","@id":"https:\/\/i0.wp.com\/planitpower.com\/wp-content\/uploads\/2025\/12\/cropped-planitpower_circle_375x375.png?fit=512%2C512&ssl=1","url":"https:\/\/i0.wp.com\/planitpower.com\/wp-content\/uploads\/2025\/12\/cropped-planitpower_circle_375x375.png?fit=512%2C512&ssl=1","contentUrl":"https:\/\/i0.wp.com\/planitpower.com\/wp-content\/uploads\/2025\/12\/cropped-planitpower_circle_375x375.png?fit=512%2C512&ssl=1","width":512,"height":512,"caption":"Editorial Team"},"logo":{"@id":"https:\/\/i0.wp.com\/planitpower.com\/wp-content\/uploads\/2025\/12\/cropped-planitpower_circle_375x375.png?fit=512%2C512&ssl=1"},"sameAs":["https:\/\/Planitpower.com"]}]}},"jetpack_publicize_connections":[],"jetpack_likes_enabled":true,"jetpack_sharing_enabled":true,"jetpack-related-posts":[{"id":5298,"url":"https:\/\/planitpower.com\/fr\/boutique\/kits-solaires-ecoflow-climatiseur-ecoflow-stream-pro\/","url_meta":{"origin":3929,"position":0},"title":"Kits solaires EcoFlow : EcoFlow STREAM AC Pro\/AC","author":"Editorial Team","date":"30\/11\/2025","format":false,"excerpt":"Description Ce kit \u00e9nerg\u00e9tique EcoFlow polyvalent combine le STREAM Ultra, le STREAM AC Pro, le STREAM AC, deux panneaux solaires rigides de 450 W et un micro-onduleur STREAM pour cr\u00e9er une solution d&#039;alimentation domestique avanc\u00e9e et flexible. Con\u00e7u pour les foyers qui souhaitent un stockage d&#039;\u00e9nergie fiable, une production solaire efficace et une gestion intelligente de l&#039;\u00e9nergie, ce kit\u2026","rel":"","context":"Article similaire","block_context":{"text":"Article similaire","link":""},"img":{"alt_text":"EcoFlow solar kits EcoFlow STREAM AC ProAC - planitpower - 2","src":"https:\/\/i0.wp.com\/planitpower.com\/wp-content\/uploads\/2025\/11\/ecoflow-stream-ac-pro-1167021741_2000x-1.webp?fit=1200%2C1200&ssl=1&resize=350%2C200","width":350,"height":200,"srcset":"https:\/\/i0.wp.com\/planitpower.com\/wp-content\/uploads\/2025\/11\/ecoflow-stream-ac-pro-1167021741_2000x-1.webp?fit=1200%2C1200&ssl=1&resize=350%2C200 1x, https:\/\/i0.wp.com\/planitpower.com\/wp-content\/uploads\/2025\/11\/ecoflow-stream-ac-pro-1167021741_2000x-1.webp?fit=1200%2C1200&ssl=1&resize=525%2C300 1.5x, https:\/\/i0.wp.com\/planitpower.com\/wp-content\/uploads\/2025\/11\/ecoflow-stream-ac-pro-1167021741_2000x-1.webp?fit=1200%2C1200&ssl=1&resize=700%2C400 2x, https:\/\/i0.wp.com\/planitpower.com\/wp-content\/uploads\/2025\/11\/ecoflow-stream-ac-pro-1167021741_2000x-1.webp?fit=1200%2C1200&ssl=1&resize=1050%2C600 3x"},"classes":[]},{"id":3936,"url":"https:\/\/planitpower.com\/fr\/boutique\/flux-ecoflow-ac-pro\/","url_meta":{"origin":3929,"position":1},"title":"EcoFlow STREAM AC Pro","author":"Editorial Team","date":"04\/01\/2026","format":false,"excerpt":"Main Features Plug-and-Play Installation: Simply plug into a standard socket, no complex DC wiring required. 1.92 kWh Base Capacity: Offers meaningful storage for surplus solar or grid-cheap hours, extendable via modular units. Up to 1,200 W AC Output in Standalone Mode: Capable of powering most household loads. Paired mode boosts\u2026","rel":"","context":"Article similaire","block_context":{"text":"Article similaire","link":""},"img":{"alt_text":"EcoFlow STREAM AC Pro - Planitpower - 5","src":"https:\/\/i0.wp.com\/planitpower.com\/wp-content\/uploads\/2025\/11\/ecoflow-stream-ac-pro-1158520568_2000x.webp?fit=1200%2C1200&ssl=1&resize=350%2C200","width":350,"height":200,"srcset":"https:\/\/i0.wp.com\/planitpower.com\/wp-content\/uploads\/2025\/11\/ecoflow-stream-ac-pro-1158520568_2000x.webp?fit=1200%2C1200&ssl=1&resize=350%2C200 1x, https:\/\/i0.wp.com\/planitpower.com\/wp-content\/uploads\/2025\/11\/ecoflow-stream-ac-pro-1158520568_2000x.webp?fit=1200%2C1200&ssl=1&resize=525%2C300 1.5x, https:\/\/i0.wp.com\/planitpower.com\/wp-content\/uploads\/2025\/11\/ecoflow-stream-ac-pro-1158520568_2000x.webp?fit=1200%2C1200&ssl=1&resize=700%2C400 2x, https:\/\/i0.wp.com\/planitpower.com\/wp-content\/uploads\/2025\/11\/ecoflow-stream-ac-pro-1158520568_2000x.webp?fit=1200%2C1200&ssl=1&resize=1050%2C600 3x"},"classes":[]},{"id":5311,"url":"https:\/\/planitpower.com\/fr\/boutique\/kits-solaires-ecoflow-stream-ultra-x\/","url_meta":{"origin":3929,"position":2},"title":"Kits solaires EcoFlow : EcoFlow STREAM Ultra X","author":"Editorial Team","date":"29\/11\/2025","format":false,"excerpt":"Ce kit solaire, qui associe la batterie\/onduleur EcoFlow STREAM Ultra X \u00e0 un panneau rigide de 450 W et un panneau bifacial de 520 W, offre une solution \u00e9nerg\u00e9tique domestique simple et performante. En journ\u00e9e, les panneaux solaires captent la lumi\u00e8re du soleil et l&#039;injectent dans le STREAM Ultra X, qui la convertit en \u00e9lectricit\u00e9.","rel":"","context":"Article similaire","block_context":{"text":"Article similaire","link":""},"img":{"alt_text":"EcoFlow solar kits: EcoFlow STREAM Ultra X - planitpower - 6","src":"https:\/\/i0.wp.com\/planitpower.com\/wp-content\/uploads\/2025\/11\/ecoflow-stream-ultra-x-1183190543_2000x.webp?fit=1200%2C1200&ssl=1&resize=350%2C200","width":350,"height":200,"srcset":"https:\/\/i0.wp.com\/planitpower.com\/wp-content\/uploads\/2025\/11\/ecoflow-stream-ultra-x-1183190543_2000x.webp?fit=1200%2C1200&ssl=1&resize=350%2C200 1x, https:\/\/i0.wp.com\/planitpower.com\/wp-content\/uploads\/2025\/11\/ecoflow-stream-ultra-x-1183190543_2000x.webp?fit=1200%2C1200&ssl=1&resize=525%2C300 1.5x, https:\/\/i0.wp.com\/planitpower.com\/wp-content\/uploads\/2025\/11\/ecoflow-stream-ultra-x-1183190543_2000x.webp?fit=1200%2C1200&ssl=1&resize=700%2C400 2x, https:\/\/i0.wp.com\/planitpower.com\/wp-content\/uploads\/2025\/11\/ecoflow-stream-ultra-x-1183190543_2000x.webp?fit=1200%2C1200&ssl=1&resize=1050%2C600 3x"},"classes":[]},{"id":3918,"url":"https:\/\/planitpower.com\/fr\/boutique\/ecoflow-stream-pro\/","url_meta":{"origin":3929,"position":3},"title":"EcoFlow STREAM Pro","author":"Editorial Team","date":"12\/11\/2025","format":false,"excerpt":"Main Features Plug-and-play home battery: no major rewiring needed; the unit interfaces with a standard AC socket, making it highly accessible for retrofit applications. Expandable storage: although the base capacity is 1.92 kWh, the system supports modular expansion (for example adding a second unit) so you can increase storage as\u2026","rel":"","context":"Article similaire","block_context":{"text":"Article similaire","link":""},"img":{"alt_text":"","src":"https:\/\/i0.wp.com\/planitpower.com\/wp-content\/uploads\/2025\/11\/ecoflow-stream-ultra-pro-max-1181675437_2000x.webp?fit=1200%2C1200&ssl=1&resize=350%2C200","width":350,"height":200,"srcset":"https:\/\/i0.wp.com\/planitpower.com\/wp-content\/uploads\/2025\/11\/ecoflow-stream-ultra-pro-max-1181675437_2000x.webp?fit=1200%2C1200&ssl=1&resize=350%2C200 1x, https:\/\/i0.wp.com\/planitpower.com\/wp-content\/uploads\/2025\/11\/ecoflow-stream-ultra-pro-max-1181675437_2000x.webp?fit=1200%2C1200&ssl=1&resize=525%2C300 1.5x, https:\/\/i0.wp.com\/planitpower.com\/wp-content\/uploads\/2025\/11\/ecoflow-stream-ultra-pro-max-1181675437_2000x.webp?fit=1200%2C1200&ssl=1&resize=700%2C400 2x, https:\/\/i0.wp.com\/planitpower.com\/wp-content\/uploads\/2025\/11\/ecoflow-stream-ultra-pro-max-1181675437_2000x.webp?fit=1200%2C1200&ssl=1&resize=1050%2C600 3x"},"classes":[]},{"id":3909,"url":"https:\/\/planitpower.com\/fr\/boutique\/flux-ecoflow-ultra\/","url_meta":{"origin":3929,"position":4},"title":"EcoFlow STREAM Ultra","author":"Editorial Team","date":"04\/01\/2026","format":false,"excerpt":"Main features Plug-and-Play Installation: Just plug the STREAM Ultra into a wall outlet and connect solar input\u2014no heavy wiring or dedicated off-grid inverter required. Scalable Capacity: Start with 1.92 kWh and expand up to 11.52 kWh by adding up to six units in a modular fashion. High Solar Input Flexibility:\u2026","rel":"","context":"Article similaire","block_context":{"text":"Article similaire","link":""},"img":{"alt_text":"EcoFlow STREAM Ultra - planitpower - 1","src":"https:\/\/i0.wp.com\/planitpower.com\/wp-content\/uploads\/2025\/11\/ecoflow-stream-ultra-pro-max-1181675439_2000x.webp?fit=1200%2C1200&ssl=1&resize=350%2C200","width":350,"height":200,"srcset":"https:\/\/i0.wp.com\/planitpower.com\/wp-content\/uploads\/2025\/11\/ecoflow-stream-ultra-pro-max-1181675439_2000x.webp?fit=1200%2C1200&ssl=1&resize=350%2C200 1x, https:\/\/i0.wp.com\/planitpower.com\/wp-content\/uploads\/2025\/11\/ecoflow-stream-ultra-pro-max-1181675439_2000x.webp?fit=1200%2C1200&ssl=1&resize=525%2C300 1.5x, https:\/\/i0.wp.com\/planitpower.com\/wp-content\/uploads\/2025\/11\/ecoflow-stream-ultra-pro-max-1181675439_2000x.webp?fit=1200%2C1200&ssl=1&resize=700%2C400 2x, https:\/\/i0.wp.com\/planitpower.com\/wp-content\/uploads\/2025\/11\/ecoflow-stream-ultra-pro-max-1181675439_2000x.webp?fit=1200%2C1200&ssl=1&resize=1050%2C600 3x"},"classes":[]},{"id":3926,"url":"https:\/\/planitpower.com\/fr\/boutique\/flux-ecoflow-max\/","url_meta":{"origin":3929,"position":5},"title":"EcoFlow STREAM Max","author":"Editorial Team","date":"04\/01\/2026","format":false,"excerpt":"Main features Plug-and-play installation: Simply connect to a standard 230 V outlet (or dedicated circuit) and pair with solar panels and a compatible smart meter. No major rewiring required. Integrated hybrid inverter + battery: With built-in bidirectional inverter delivering up to 1,200 W output (in single unit) and support for\u2026","rel":"","context":"Article similaire","block_context":{"text":"Article similaire","link":""},"img":{"alt_text":"EcoFlow STREAM Ultra - planitpower - 3","src":"https:\/\/i0.wp.com\/planitpower.com\/wp-content\/uploads\/2025\/11\/ecoflow-stream-ultra-pro-1158520551_2000x.webp?fit=1200%2C1200&ssl=1&resize=350%2C200","width":350,"height":200,"srcset":"https:\/\/i0.wp.com\/planitpower.com\/wp-content\/uploads\/2025\/11\/ecoflow-stream-ultra-pro-1158520551_2000x.webp?fit=1200%2C1200&ssl=1&resize=350%2C200 1x, https:\/\/i0.wp.com\/planitpower.com\/wp-content\/uploads\/2025\/11\/ecoflow-stream-ultra-pro-1158520551_2000x.webp?fit=1200%2C1200&ssl=1&resize=525%2C300 1.5x, https:\/\/i0.wp.com\/planitpower.com\/wp-content\/uploads\/2025\/11\/ecoflow-stream-ultra-pro-1158520551_2000x.webp?fit=1200%2C1200&ssl=1&resize=700%2C400 2x, https:\/\/i0.wp.com\/planitpower.com\/wp-content\/uploads\/2025\/11\/ecoflow-stream-ultra-pro-1158520551_2000x.webp?fit=1200%2C1200&ssl=1&resize=1050%2C600 3x"},"classes":[]}],"_links":{"self":[{"href":"https:\/\/planitpower.com\/fr\/wp-json\/wp\/v2\/product\/3929","targetHints":{"allow":["GET"]}}],"collection":[{"href":"https:\/\/planitpower.com\/fr\/wp-json\/wp\/v2\/product"}],"about":[{"href":"https:\/\/planitpower.com\/fr\/wp-json\/wp\/v2\/types\/product"}],"replies":[{"embeddable":true,"href":"https:\/\/planitpower.com\/fr\/wp-json\/wp\/v2\/comments?post=3929"}],"version-history":[{"count":0,"href":"https:\/\/planitpower.com\/fr\/wp-json\/wp\/v2\/product\/3929\/revisions"}],"wp:featuredmedia":[{"embeddable":true,"href":"https:\/\/planitpower.com\/fr\/wp-json\/wp\/v2\/media\/3930"}],"wp:attachment":[{"href":"https:\/\/planitpower.com\/fr\/wp-json\/wp\/v2\/media?parent=3929"}],"wp:term":[{"taxonomy":"product_brand","embeddable":true,"href":"https:\/\/planitpower.com\/fr\/wp-json\/wp\/v2\/product_brand?post=3929"},{"taxonomy":"product_cat","embeddable":true,"href":"https:\/\/planitpower.com\/fr\/wp-json\/wp\/v2\/product_cat?post=3929"},{"taxonomy":"product_tag","embeddable":true,"href":"https:\/\/planitpower.com\/fr\/wp-json\/wp\/v2\/product_tag?post=3929"}],"curies":[{"name":"wp","href":"https:\/\/api.w.org\/{rel}","templated":true}]}}