{"id":4005,"date":"2025-11-24T16:47:36","date_gmt":"2025-11-24T16:47:36","guid":{"rendered":"https:\/\/planitpower.com\/?post_type=product&#038;p=4005"},"modified":"2025-12-26T00:12:06","modified_gmt":"2025-12-26T00:12:06","slug":"station-daccueil-ecoflow","status":"publish","type":"product","link":"https:\/\/planitpower.com\/fr\/boutique\/station-daccueil-ecoflow\/","title":{"rendered":"Station d'accueil Ecoflow"},"content":{"rendered":"<h3 class=\"wp-block-heading\">Description<\/h3>\n\n\n\n<p>Le EcoFlow Power Dock est un module d'extension haut de gamme con\u00e7u pour am\u00e9liorer de mani\u00e8re transparente les capacit\u00e9s de stockage et de production d'\u00e9nergie de l'architecture du syst\u00e8me 48 V d'EcoFlow. Avec cette unit\u00e9, vous pouvez connecter plusieurs batteries EcoFlow LFP \u00e0 un seul Power Hub et alimenter simultan\u00e9ment des appareils 48 V directement, transformant une installation en un syst\u00e8me flexible de grande capacit\u00e9 adapt\u00e9 aux syst\u00e8mes hors r\u00e9seau, aux camping-cars, aux ateliers et aux petites maisons. Les connecteurs plug-and-play du Power Dock sont con\u00e7us pour s'adapter \u00e0 l'\u00e9cosyst\u00e8me EcoFlow, pour une installation et une extension rapides et fiables.<\/p>\n\n\n\n<p>Pouvant accueillir jusqu'\u00e0 neuf modules de batterie LFP et compatible avec des charges doubles de 48 V CC, la station d'accueil Power Dock offre des options de stockage et de production d'\u00e9nergie robustes tout en conservant la m\u00eame philosophie de conception rationalis\u00e9e que le reste de la gamme de kits d'alimentation EcoFlow.<\/p>\n\n\n\n<h3 class=\"wp-block-heading\">Sp\u00e9cifications techniques<\/h3>\n\n\n\n<p><\/p>\n\n\n\n<figure class=\"wp-block-table\"><table class=\"has-fixed-layout\"><thead><tr><th>Sp\u00e9cifications<\/th><th>Valeur<\/th><\/tr><\/thead><tbody><tr><td>Mod\u00e8le<\/td><td>EF-PK-O05-3 (socle d'alimentation)<\/td><\/tr><tr><td>Dimensions (L \u00d7 P \u00d7 H)<\/td><td>316 \u00d7 70 \u00d7 143 mm (12,4 \u00d7 2,8 \u00d7 5,6 in) <\/td><\/tr><tr><td>Poids net<\/td><td>Environ 1,8 kg (4 lb) <\/td><\/tr><tr><td>Temp\u00e9rature de fonctionnement<\/td><td>De -25 \u00b0C \u00e0 45 \u00b0C (de -13 \u00b0F \u00e0 113 \u00b0F) <\/td><\/tr><tr><td>Temp\u00e9rature de stockage<\/td><td>De -25 \u00b0C \u00e0 70 \u00b0C (de -13 \u00b0F \u00e0 158 \u00b0F) <\/td><\/tr><tr><td>Humidit\u00e9 de fonctionnement<\/td><td>0 % \u00e0 95 % RH (sans condensation) <\/td><\/tr><tr><td>Indice d'altitude<\/td><td>\u2264 3 000 m (9 842 ft) <\/td><\/tr><tr><td>Indice de protection IP<\/td><td>IP20 <\/td><\/tr><tr><td>Port du concentrateur d'\u00e9nergie (entr\u00e9e\/sortie)<\/td><td>40-60 V\u2393, 100 A max <\/td><\/tr><tr><td>Ports de batterie 1\/2<\/td><td>40-60 V\u2393, 100 A max<\/td><\/tr><tr><td>Port de batterie 3\/Multi-Conn.<\/td><td>40-60 V\u2393, 100 A max<\/td><\/tr><tr><td>Sorties 48 V DC (1\/2)<\/td><td>40-60 V\u2393, 55 A max <\/td><\/tr><tr><td>Garantie<\/td><td>5 ans<\/td><\/tr><\/tbody><\/table><\/figure>\n\n\n\n<p><br><\/p>\n\n\n\n<p><\/p>","protected":false},"excerpt":{"rendered":"<h3 data-start=\"1066\" data-end=\"1085\">Principales caract\u00e9ristiques<\/h3>\n<ul data-start=\"1086\" data-end=\"2143\">\n<li data-start=\"1086\" data-end=\"1241\">\n<p data-start=\"1088\" data-end=\"1241\">Compatible avec les Power Hubs EcoFlow de 5 kVA (Gen 2) et de 3,6 kVA (Gen 1), ce qui permet des mises \u00e0 niveau flexibles du syst\u00e8me.<\/p>\n<\/li>\n<li data-start=\"1242\" data-end=\"1434\">\n<p data-start=\"1244\" data-end=\"1434\">Connectez jusqu'\u00e0 neuf modules de batterie EcoFlow LFP (par exemple, des batteries LFP de 2 kWh ou 5 kWh) via un Power Hub, pour obtenir des capacit\u00e9s de stockage totales allant jusqu'\u00e0 45 kWh.<\/p>\n<\/li>\n<li data-start=\"1435\" data-end=\"1588\">\n<p data-start=\"1437\" data-end=\"1588\">Deux sorties directes de 48 V CC pour les appareils : permet d'alimenter des charges \u00e0 haute tension CC sans conversion.<\/p>\n<\/li>\n<li data-start=\"1589\" data-end=\"1753\">\n<p data-start=\"1591\" data-end=\"1753\">Des connecteurs sp\u00e9ciaux pr\u00eats \u00e0 l'emploi, adapt\u00e9s \u00e0 l'\u00e9cosyst\u00e8me EcoFlow, permettent une installation rapide et minimisent la complexit\u00e9 de l'installation.<\/p>\n<\/li>\n<li data-start=\"1754\" data-end=\"1957\">\n<p data-start=\"1756\" data-end=\"1957\">Surveillance compl\u00e8te du syst\u00e8me via la plateforme PowerInsight d'EcoFlow, la console ou l'application mobile, permettant aux utilisateurs de suivre l'utilisation de la batterie, les performances du syst\u00e8me et les charges des appareils. Une conception robuste adapt\u00e9e aux environnements exigeants : pr\u00e9vue pour des temp\u00e9ratures de fonctionnement allant de -25 \u00b0C \u00e0 45 \u00b0C, et une altitude allant jusqu'\u00e0 3 000 m.<\/p>\n<\/li>\n<\/ul>","protected":false},"featured_media":4008,"comment_status":"open","ping_status":"closed","template":"","meta":{"jetpack_post_was_ever_published":false,"jetpack_publicize_message":"","jetpack_publicize_feature_enabled":false,"jetpack_social_post_already_shared":false,"jetpack_social_options":{"image_generator_settings":{"template":"highway","default_image_id":0,"font":"","enabled":false},"version":2}},"product_brand":[129],"product_cat":[175],"product_tag":[],"class_list":{"0":"post-4005","1":"product","2":"type-product","3":"status-publish","4":"has-post-thumbnail","6":"product_brand-ecoflow","7":"product_cat-power-docks","8":"product_shipping_class-free-delivery","10":"first","11":"instock","12":"taxable","13":"shipping-taxable","14":"purchasable","15":"product-type-simple"},"yoast_head":"<!-- This site is optimized with the Yoast SEO plugin v27.3 - https:\/\/yoast.com\/product\/yoast-seo-wordpress\/ -->\n<title>Ecoflow Power Dock - Planitpower<\/title>\n<meta name=\"description\" content=\"Explore the powerful EcoFlow\u202fPower\u202fDock \u2014 expand your 48 V system, support up to 45 kWh of battery capacity and integrate dual 48 V appliances with plug-and-play ease.\" \/>\n<meta name=\"robots\" content=\"index, follow, max-snippet:-1, max-image-preview:large, max-video-preview:-1\" \/>\n<link rel=\"canonical\" href=\"https:\/\/planitpower.com\/fr\/boutique\/station-daccueil-ecoflow\/\" \/>\n<meta property=\"og:locale\" content=\"fr_FR\" \/>\n<meta property=\"og:type\" content=\"article\" \/>\n<meta property=\"og:title\" content=\"Ecoflow Power Dock - Planitpower\" \/>\n<meta property=\"og:description\" content=\"Explore the powerful EcoFlow\u202fPower\u202fDock \u2014 expand your 48 V system, support up to 45 kWh of battery capacity and integrate dual 48 V appliances with plug-and-play ease.\" \/>\n<meta property=\"og:url\" content=\"https:\/\/planitpower.com\/fr\/boutique\/station-daccueil-ecoflow\/\" \/>\n<meta property=\"og:site_name\" content=\"Planitpower\" \/>\n<meta property=\"article:modified_time\" content=\"2025-12-26T00:12:06+00:00\" \/>\n<meta property=\"og:image\" content=\"https:\/\/i0.wp.com\/planitpower.com\/wp-content\/uploads\/2025\/11\/ecoflow-power-dock-voor-power-hub-5kva-4.jpg?fit=1000%2C1000&ssl=1\" \/>\n\t<meta property=\"og:image:width\" content=\"1000\" \/>\n\t<meta property=\"og:image:height\" content=\"1000\" \/>\n\t<meta property=\"og:image:type\" content=\"image\/jpeg\" \/>\n<meta name=\"twitter:card\" content=\"summary_large_image\" \/>\n<meta name=\"twitter:label1\" content=\"Dur\u00e9e de lecture estim\u00e9e\" \/>\n\t<meta name=\"twitter:data1\" content=\"2 minutes\" \/>\n<script type=\"application\/ld+json\" class=\"yoast-schema-graph\">{\"@context\":\"https:\\\/\\\/schema.org\",\"@graph\":[{\"@type\":\"WebPage\",\"@id\":\"https:\\\/\\\/planitpower.com\\\/shop\\\/ecoflow-power-dock\\\/\",\"url\":\"https:\\\/\\\/planitpower.com\\\/shop\\\/ecoflow-power-dock\\\/\",\"name\":\"Ecoflow Power Dock - Planitpower\",\"isPartOf\":{\"@id\":\"https:\\\/\\\/planitpower.com\\\/#website\"},\"primaryImageOfPage\":{\"@id\":\"https:\\\/\\\/planitpower.com\\\/shop\\\/ecoflow-power-dock\\\/#primaryimage\"},\"image\":{\"@id\":\"https:\\\/\\\/planitpower.com\\\/shop\\\/ecoflow-power-dock\\\/#primaryimage\"},\"thumbnailUrl\":\"https:\\\/\\\/i0.wp.com\\\/planitpower.com\\\/wp-content\\\/uploads\\\/2025\\\/11\\\/ecoflow-power-dock-voor-power-hub-5kva-4.jpg?fit=1000%2C1000&ssl=1\",\"datePublished\":\"2025-11-24T16:47:36+00:00\",\"dateModified\":\"2025-12-26T00:12:06+00:00\",\"description\":\"Explore the powerful EcoFlow\u202fPower\u202fDock \u2014 expand your 48 V system, support up to 45 kWh of battery capacity and integrate dual 48 V appliances with plug-and-play ease.\",\"breadcrumb\":{\"@id\":\"https:\\\/\\\/planitpower.com\\\/shop\\\/ecoflow-power-dock\\\/#breadcrumb\"},\"inLanguage\":\"fr-FR\",\"potentialAction\":[{\"@type\":\"ReadAction\",\"target\":[\"https:\\\/\\\/planitpower.com\\\/shop\\\/ecoflow-power-dock\\\/\"]}]},{\"@type\":\"ImageObject\",\"inLanguage\":\"fr-FR\",\"@id\":\"https:\\\/\\\/planitpower.com\\\/shop\\\/ecoflow-power-dock\\\/#primaryimage\",\"url\":\"https:\\\/\\\/i0.wp.com\\\/planitpower.com\\\/wp-content\\\/uploads\\\/2025\\\/11\\\/ecoflow-power-dock-voor-power-hub-5kva-4.jpg?fit=1000%2C1000&ssl=1\",\"contentUrl\":\"https:\\\/\\\/i0.wp.com\\\/planitpower.com\\\/wp-content\\\/uploads\\\/2025\\\/11\\\/ecoflow-power-dock-voor-power-hub-5kva-4.jpg?fit=1000%2C1000&ssl=1\",\"width\":1000,\"height\":1000,\"caption\":\"EcoFlow Power Dock for Power Hub 5kVa - planitpower - 1\"},{\"@type\":\"BreadcrumbList\",\"@id\":\"https:\\\/\\\/planitpower.com\\\/shop\\\/ecoflow-power-dock\\\/#breadcrumb\",\"itemListElement\":[{\"@type\":\"ListItem\",\"position\":1,\"name\":\"Home\",\"item\":\"https:\\\/\\\/planitpower.com\\\/\"},{\"@type\":\"ListItem\",\"position\":2,\"name\":\"SHOP\",\"item\":\"https:\\\/\\\/planitpower.com\\\/shop\\\/\"},{\"@type\":\"ListItem\",\"position\":3,\"name\":\"Ecoflow Power Dock\"}]},{\"@type\":\"WebSite\",\"@id\":\"https:\\\/\\\/planitpower.com\\\/#website\",\"url\":\"https:\\\/\\\/planitpower.com\\\/\",\"name\":\"Planitpower\",\"description\":\"Inspire energy\",\"publisher\":{\"@id\":\"https:\\\/\\\/planitpower.com\\\/#\\\/schema\\\/person\\\/b531587eda267b930b04174d12de6efa\"},\"potentialAction\":[{\"@type\":\"SearchAction\",\"target\":{\"@type\":\"EntryPoint\",\"urlTemplate\":\"https:\\\/\\\/planitpower.com\\\/?s={search_term_string}\"},\"query-input\":{\"@type\":\"PropertyValueSpecification\",\"valueRequired\":true,\"valueName\":\"search_term_string\"}}],\"inLanguage\":\"fr-FR\"},{\"@type\":[\"Person\",\"Organization\"],\"@id\":\"https:\\\/\\\/planitpower.com\\\/#\\\/schema\\\/person\\\/b531587eda267b930b04174d12de6efa\",\"name\":\"Editorial Team\",\"image\":{\"@type\":\"ImageObject\",\"inLanguage\":\"fr-FR\",\"@id\":\"https:\\\/\\\/i0.wp.com\\\/planitpower.com\\\/wp-content\\\/uploads\\\/2025\\\/12\\\/cropped-planitpower_circle_375x375.png?fit=512%2C512&ssl=1\",\"url\":\"https:\\\/\\\/i0.wp.com\\\/planitpower.com\\\/wp-content\\\/uploads\\\/2025\\\/12\\\/cropped-planitpower_circle_375x375.png?fit=512%2C512&ssl=1\",\"contentUrl\":\"https:\\\/\\\/i0.wp.com\\\/planitpower.com\\\/wp-content\\\/uploads\\\/2025\\\/12\\\/cropped-planitpower_circle_375x375.png?fit=512%2C512&ssl=1\",\"width\":512,\"height\":512,\"caption\":\"Editorial Team\"},\"logo\":{\"@id\":\"https:\\\/\\\/i0.wp.com\\\/planitpower.com\\\/wp-content\\\/uploads\\\/2025\\\/12\\\/cropped-planitpower_circle_375x375.png?fit=512%2C512&ssl=1\"},\"sameAs\":[\"https:\\\/\\\/Planitpower.com\"]}]}<\/script>\n<!-- \/ Yoast SEO plugin. -->","yoast_head_json":{"title":"Station d'accueil Ecoflow - Planitpower","description":"D\u00e9couvrez la puissante station d'accueil EcoFlow Power Dock - \u00e9tendez votre syst\u00e8me 48 V, prenez en charge jusqu'\u00e0 45 kWh de capacit\u00e9 de batterie et int\u00e9grez des appareils 48 V doubles avec la facilit\u00e9 du plug-and-play.","robots":{"index":"index","follow":"follow","max-snippet":"max-snippet:-1","max-image-preview":"max-image-preview:large","max-video-preview":"max-video-preview:-1"},"canonical":"https:\/\/planitpower.com\/fr\/boutique\/station-daccueil-ecoflow\/","og_locale":"fr_FR","og_type":"article","og_title":"Ecoflow Power Dock - Planitpower","og_description":"Explore the powerful EcoFlow\u202fPower\u202fDock \u2014 expand your 48 V system, support up to 45 kWh of battery capacity and integrate dual 48 V appliances with plug-and-play ease.","og_url":"https:\/\/planitpower.com\/fr\/boutique\/station-daccueil-ecoflow\/","og_site_name":"Planitpower","article_modified_time":"2025-12-26T00:12:06+00:00","og_image":[{"width":1000,"height":1000,"url":"https:\/\/i0.wp.com\/planitpower.com\/wp-content\/uploads\/2025\/11\/ecoflow-power-dock-voor-power-hub-5kva-4.jpg?fit=1000%2C1000&ssl=1","type":"image\/jpeg"}],"twitter_card":"summary_large_image","twitter_misc":{"Dur\u00e9e de lecture estim\u00e9e":"2 minutes"},"schema":{"@context":"https:\/\/schema.org","@graph":[{"@type":"WebPage","@id":"https:\/\/planitpower.com\/shop\/ecoflow-power-dock\/","url":"https:\/\/planitpower.com\/shop\/ecoflow-power-dock\/","name":"Station d'accueil Ecoflow - Planitpower","isPartOf":{"@id":"https:\/\/planitpower.com\/#website"},"primaryImageOfPage":{"@id":"https:\/\/planitpower.com\/shop\/ecoflow-power-dock\/#primaryimage"},"image":{"@id":"https:\/\/planitpower.com\/shop\/ecoflow-power-dock\/#primaryimage"},"thumbnailUrl":"https:\/\/i0.wp.com\/planitpower.com\/wp-content\/uploads\/2025\/11\/ecoflow-power-dock-voor-power-hub-5kva-4.jpg?fit=1000%2C1000&ssl=1","datePublished":"2025-11-24T16:47:36+00:00","dateModified":"2025-12-26T00:12:06+00:00","description":"D\u00e9couvrez la puissante station d'accueil EcoFlow Power Dock - \u00e9tendez votre syst\u00e8me 48 V, prenez en charge jusqu'\u00e0 45 kWh de capacit\u00e9 de batterie et int\u00e9grez des appareils 48 V doubles avec la facilit\u00e9 du plug-and-play.","breadcrumb":{"@id":"https:\/\/planitpower.com\/shop\/ecoflow-power-dock\/#breadcrumb"},"inLanguage":"fr-FR","potentialAction":[{"@type":"ReadAction","target":["https:\/\/planitpower.com\/shop\/ecoflow-power-dock\/"]}]},{"@type":"ImageObject","inLanguage":"fr-FR","@id":"https:\/\/planitpower.com\/shop\/ecoflow-power-dock\/#primaryimage","url":"https:\/\/i0.wp.com\/planitpower.com\/wp-content\/uploads\/2025\/11\/ecoflow-power-dock-voor-power-hub-5kva-4.jpg?fit=1000%2C1000&ssl=1","contentUrl":"https:\/\/i0.wp.com\/planitpower.com\/wp-content\/uploads\/2025\/11\/ecoflow-power-dock-voor-power-hub-5kva-4.jpg?fit=1000%2C1000&ssl=1","width":1000,"height":1000,"caption":"EcoFlow Power Dock for Power Hub 5kVa - planitpower - 1"},{"@type":"BreadcrumbList","@id":"https:\/\/planitpower.com\/shop\/ecoflow-power-dock\/#breadcrumb","itemListElement":[{"@type":"ListItem","position":1,"name":"Home","item":"https:\/\/planitpower.com\/"},{"@type":"ListItem","position":2,"name":"SHOP","item":"https:\/\/planitpower.com\/shop\/"},{"@type":"ListItem","position":3,"name":"Ecoflow Power Dock"}]},{"@type":"WebSite","@id":"https:\/\/planitpower.com\/#website","url":"https:\/\/planitpower.com\/","name":"Planitpower","description":"Inspirons l'\u00e9nergie!","publisher":{"@id":"https:\/\/planitpower.com\/#\/schema\/person\/b531587eda267b930b04174d12de6efa"},"potentialAction":[{"@type":"SearchAction","target":{"@type":"EntryPoint","urlTemplate":"https:\/\/planitpower.com\/?s={search_term_string}"},"query-input":{"@type":"PropertyValueSpecification","valueRequired":true,"valueName":"search_term_string"}}],"inLanguage":"fr-FR"},{"@type":["Person","Organization"],"@id":"https:\/\/planitpower.com\/#\/schema\/person\/b531587eda267b930b04174d12de6efa","name":"Equipe \u00e9ditoriale","image":{"@type":"ImageObject","inLanguage":"fr-FR","@id":"https:\/\/i0.wp.com\/planitpower.com\/wp-content\/uploads\/2025\/12\/cropped-planitpower_circle_375x375.png?fit=512%2C512&ssl=1","url":"https:\/\/i0.wp.com\/planitpower.com\/wp-content\/uploads\/2025\/12\/cropped-planitpower_circle_375x375.png?fit=512%2C512&ssl=1","contentUrl":"https:\/\/i0.wp.com\/planitpower.com\/wp-content\/uploads\/2025\/12\/cropped-planitpower_circle_375x375.png?fit=512%2C512&ssl=1","width":512,"height":512,"caption":"Editorial Team"},"logo":{"@id":"https:\/\/i0.wp.com\/planitpower.com\/wp-content\/uploads\/2025\/12\/cropped-planitpower_circle_375x375.png?fit=512%2C512&ssl=1"},"sameAs":["https:\/\/Planitpower.com"]}]}},"jetpack_publicize_connections":[],"jetpack_likes_enabled":true,"jetpack_sharing_enabled":true,"jetpack-related-posts":[{"id":4011,"url":"https:\/\/planitpower.com\/fr\/boutique\/ecoflow-power-link-for-power-hub-5kva\/","url_meta":{"origin":4005,"position":0},"title":"EcoFlow Power Link pour Power Hub 5kVa","author":"Editorial Team","date":"24\/11\/2025","format":false,"excerpt":"Main features Fully compatible with the Power Hub 5 kVA and 3.6 kW EcoFlow models for seamless integration. Enables communication via EF BUS ports and CAN bus (RV-C \/ NMEA2000) for advanced sensor, relay, and system connectivity. Simplified calibration and wiring with a convenient terminal block that reduces installation time\u2026","rel":"","context":"Article similaire","block_context":{"text":"Article similaire","link":""},"img":{"alt_text":"Ecoflow Power Link - planitpower - 1","src":"https:\/\/i0.wp.com\/planitpower.com\/wp-content\/uploads\/2025\/11\/ecoflow-power-dock-voor-power-hub-5kva-4-1.jpg?fit=1000%2C1000&ssl=1&resize=350%2C200","width":350,"height":200,"srcset":"https:\/\/i0.wp.com\/planitpower.com\/wp-content\/uploads\/2025\/11\/ecoflow-power-dock-voor-power-hub-5kva-4-1.jpg?fit=1000%2C1000&ssl=1&resize=350%2C200 1x, https:\/\/i0.wp.com\/planitpower.com\/wp-content\/uploads\/2025\/11\/ecoflow-power-dock-voor-power-hub-5kva-4-1.jpg?fit=1000%2C1000&ssl=1&resize=525%2C300 1.5x, https:\/\/i0.wp.com\/planitpower.com\/wp-content\/uploads\/2025\/11\/ecoflow-power-dock-voor-power-hub-5kva-4-1.jpg?fit=1000%2C1000&ssl=1&resize=700%2C400 2x"},"classes":[]},{"id":4122,"url":"https:\/\/planitpower.com\/fr\/boutique\/batterie-supplementaire-intelligente-ecoflow-delta-pro-3\/","url_meta":{"origin":4005,"position":1},"title":"Batterie suppl\u00e9mentaire intelligente EcoFlow DELTA Pro 3","author":"Editorial Team","date":"04\/01\/2026","format":false,"excerpt":"Description La batterie suppl\u00e9mentaire intelligente EcoFlow DELTA Pro 3 est con\u00e7ue pour \u00e9tendre facilement votre syst\u00e8me de stockage d&#039;\u00e9nergie domestique. Elle fonctionne parfaitement avec la station d&#039;alimentation portable EcoFlow DELTA Pro 3, vous permettant d&#039;augmenter sa capacit\u00e9 jusqu&#039;\u00e0 8 kWh (avec une batterie suppl\u00e9mentaire) ou 12 kWh\u2026","rel":"","context":"Article similaire","block_context":{"text":"Article similaire","link":""},"img":{"alt_text":"EcoFlow\u202fDELTA\u202fPro\u202f3\u202fSmart\u202fExtra\u202fBattery - planitpower - 2","src":"https:\/\/i0.wp.com\/planitpower.com\/wp-content\/uploads\/2025\/11\/ecoflow-delta-pro-3-smart-extra-battery-58795204116823_2000x.webp?fit=1200%2C1200&ssl=1&resize=350%2C200","width":350,"height":200,"srcset":"https:\/\/i0.wp.com\/planitpower.com\/wp-content\/uploads\/2025\/11\/ecoflow-delta-pro-3-smart-extra-battery-58795204116823_2000x.webp?fit=1200%2C1200&ssl=1&resize=350%2C200 1x, https:\/\/i0.wp.com\/planitpower.com\/wp-content\/uploads\/2025\/11\/ecoflow-delta-pro-3-smart-extra-battery-58795204116823_2000x.webp?fit=1200%2C1200&ssl=1&resize=525%2C300 1.5x, https:\/\/i0.wp.com\/planitpower.com\/wp-content\/uploads\/2025\/11\/ecoflow-delta-pro-3-smart-extra-battery-58795204116823_2000x.webp?fit=1200%2C1200&ssl=1&resize=700%2C400 2x, https:\/\/i0.wp.com\/planitpower.com\/wp-content\/uploads\/2025\/11\/ecoflow-delta-pro-3-smart-extra-battery-58795204116823_2000x.webp?fit=1200%2C1200&ssl=1&resize=1050%2C600 3x"},"classes":[]},{"id":3999,"url":"https:\/\/planitpower.com\/fr\/boutique\/ecoflow-power-hub-5kva\/","url_meta":{"origin":4005,"position":2},"title":"Ecoflow Power Hub 5kVA","author":"Editorial Team","date":"24\/11\/2025","format":false,"excerpt":"Caract\u00e9ristiques principales : Onduleur haute puissance et assistance de puissance : Le Power Hub convertit l&#039;\u00e9nergie CC stock\u00e9e en courant alternatif pour alimenter les appareils \u00e0 forte consommation. Gr\u00e2ce \u00e0 la fonction X-Boost d&#039;EcoFlow, vous pouvez obtenir jusqu&#039;\u00e0 environ 4 kW en continu (avec une capacit\u00e9 de pointe sup\u00e9rieure) de votre syst\u00e8me. Mode Bypass et EPS : Lorsqu&#039;il est connect\u00e9 \u00e0\u2026","rel":"","context":"Article similaire","block_context":{"text":"Article similaire","link":""},"img":{"alt_text":"Ecoflow Power Hub 5kVA - planitpower - 3","src":"https:\/\/i0.wp.com\/planitpower.com\/wp-content\/uploads\/2025\/11\/645x1000x0_ecoflow-power-hub-5kva-4.jpg?fit=645%2C645&ssl=1&resize=350%2C200","width":350,"height":200,"srcset":"https:\/\/i0.wp.com\/planitpower.com\/wp-content\/uploads\/2025\/11\/645x1000x0_ecoflow-power-hub-5kva-4.jpg?fit=645%2C645&ssl=1&resize=350%2C200 1x, https:\/\/i0.wp.com\/planitpower.com\/wp-content\/uploads\/2025\/11\/645x1000x0_ecoflow-power-hub-5kva-4.jpg?fit=645%2C645&ssl=1&resize=525%2C300 1.5x"},"classes":[]},{"id":3976,"url":"https:\/\/planitpower.com\/fr\/boutique\/ecoflow-power-hub-cable-pack\/","url_meta":{"origin":4005,"position":3},"title":"Hub d'alimentation EcoFlow + pack de c\u00e2bles","author":"Editorial Team","date":"24\/11\/2025","format":false,"excerpt":"Main features All-in-one power solution: Combines five major power modules into one device \u2014 including a 3,600 W inverter, dual MPPT solar chargers, DC-DC battery charger, and DC-DC step-down converter. High AC output: Delivers 3,600 W continuous power to run most household appliances or tools. Advanced solar input: Supports up\u2026","rel":"","context":"Article similaire","block_context":{"text":"Article similaire","link":""},"img":{"alt_text":"EcoFlow Power Hub +cable pack - planitpower","src":"https:\/\/i0.wp.com\/planitpower.com\/wp-content\/uploads\/2025\/11\/23123172_Product.webp?fit=1200%2C1200&ssl=1&resize=350%2C200","width":350,"height":200,"srcset":"https:\/\/i0.wp.com\/planitpower.com\/wp-content\/uploads\/2025\/11\/23123172_Product.webp?fit=1200%2C1200&ssl=1&resize=350%2C200 1x, https:\/\/i0.wp.com\/planitpower.com\/wp-content\/uploads\/2025\/11\/23123172_Product.webp?fit=1200%2C1200&ssl=1&resize=525%2C300 1.5x, https:\/\/i0.wp.com\/planitpower.com\/wp-content\/uploads\/2025\/11\/23123172_Product.webp?fit=1200%2C1200&ssl=1&resize=700%2C400 2x, https:\/\/i0.wp.com\/planitpower.com\/wp-content\/uploads\/2025\/11\/23123172_Product.webp?fit=1200%2C1200&ssl=1&resize=1050%2C600 3x"},"classes":[]},{"id":3975,"url":"https:\/\/planitpower.com\/fr\/boutique\/batterie-ecoflow-power-kits-2048-wh\/","url_meta":{"origin":4005,"position":4},"title":"Batterie EcoFlow Power Kits 51,2 V 40 Ah 2048 Wh","author":"Editorial Team","date":"24\/11\/2025","format":false,"excerpt":"Caract\u00e9ristiques principales\u00a0: Technologie LiFePO\u2084 (LFP)\u00a0: Cette batterie utilise des cellules lithium-fer-phosphate, offrant une s\u00e9curit\u00e9 accrue, une dur\u00e9e de vie plus longue et une meilleure stabilit\u00e9 thermique que les batteries lithium-ion classiques. Conception modulaire et empilable\u00a0: Con\u00e7ue pour s\u2019int\u00e9grer aux kits d\u2019alimentation EcoFlow, il est possible d\u2019empiler\/connecter jusqu\u2019\u00e0 trois batteries pour augmenter la capacit\u00e9 totale\u2026","rel":"","context":"Article similaire","block_context":{"text":"Article similaire","link":""},"img":{"alt_text":"EcoFlow Power Kits Battery 51.2V 40Ah 2048Wh - planitpower - 1","src":"https:\/\/i0.wp.com\/planitpower.com\/wp-content\/uploads\/2025\/11\/eng_pl_Battery-for-EcoFlow-Power-Kits-2048-Wh-26891_4.webp?fit=1200%2C1200&ssl=1&resize=350%2C200","width":350,"height":200,"srcset":"https:\/\/i0.wp.com\/planitpower.com\/wp-content\/uploads\/2025\/11\/eng_pl_Battery-for-EcoFlow-Power-Kits-2048-Wh-26891_4.webp?fit=1200%2C1200&ssl=1&resize=350%2C200 1x, https:\/\/i0.wp.com\/planitpower.com\/wp-content\/uploads\/2025\/11\/eng_pl_Battery-for-EcoFlow-Power-Kits-2048-Wh-26891_4.webp?fit=1200%2C1200&ssl=1&resize=525%2C300 1.5x, https:\/\/i0.wp.com\/planitpower.com\/wp-content\/uploads\/2025\/11\/eng_pl_Battery-for-EcoFlow-Power-Kits-2048-Wh-26891_4.webp?fit=1200%2C1200&ssl=1&resize=700%2C400 2x, https:\/\/i0.wp.com\/planitpower.com\/wp-content\/uploads\/2025\/11\/eng_pl_Battery-for-EcoFlow-Power-Kits-2048-Wh-26891_4.webp?fit=1200%2C1200&ssl=1&resize=1050%2C600 3x"},"classes":[]},{"id":3974,"url":"https:\/\/planitpower.com\/fr\/boutique\/kits-dalimentation-ecoflow-console\/","url_meta":{"origin":4005,"position":5},"title":"Moniteur des kits d'alimentation EcoFlow","author":"Editorial Team","date":"24\/11\/2025","format":false,"excerpt":"Main Features Large 7\u2033 IPS touch-screen display for intuitive interaction and system visualisation. Real-time monitoring of energy usage, battery state-of-charge, input sources and load distribution. Customisable charging\/discharging levels \u2013 set maximum draw or minimum charge thresholds to optimise battery life. Ability to adjust DC output voltage (12\u2009V\/24\u2009V) and configure AC\u2026","rel":"","context":"Article similaire","block_context":{"text":"Article similaire","link":""},"img":{"alt_text":"EcoFlow power kits monitor - planitpower - 1","src":"https:\/\/i0.wp.com\/planitpower.com\/wp-content\/uploads\/2025\/11\/ecoflow-power-kits-console-42500280549540_2000x.webp?fit=1200%2C1200&ssl=1&resize=350%2C200","width":350,"height":200,"srcset":"https:\/\/i0.wp.com\/planitpower.com\/wp-content\/uploads\/2025\/11\/ecoflow-power-kits-console-42500280549540_2000x.webp?fit=1200%2C1200&ssl=1&resize=350%2C200 1x, https:\/\/i0.wp.com\/planitpower.com\/wp-content\/uploads\/2025\/11\/ecoflow-power-kits-console-42500280549540_2000x.webp?fit=1200%2C1200&ssl=1&resize=525%2C300 1.5x, https:\/\/i0.wp.com\/planitpower.com\/wp-content\/uploads\/2025\/11\/ecoflow-power-kits-console-42500280549540_2000x.webp?fit=1200%2C1200&ssl=1&resize=700%2C400 2x, https:\/\/i0.wp.com\/planitpower.com\/wp-content\/uploads\/2025\/11\/ecoflow-power-kits-console-42500280549540_2000x.webp?fit=1200%2C1200&ssl=1&resize=1050%2C600 3x"},"classes":[]}],"_links":{"self":[{"href":"https:\/\/planitpower.com\/fr\/wp-json\/wp\/v2\/product\/4005","targetHints":{"allow":["GET"]}}],"collection":[{"href":"https:\/\/planitpower.com\/fr\/wp-json\/wp\/v2\/product"}],"about":[{"href":"https:\/\/planitpower.com\/fr\/wp-json\/wp\/v2\/types\/product"}],"replies":[{"embeddable":true,"href":"https:\/\/planitpower.com\/fr\/wp-json\/wp\/v2\/comments?post=4005"}],"version-history":[{"count":0,"href":"https:\/\/planitpower.com\/fr\/wp-json\/wp\/v2\/product\/4005\/revisions"}],"wp:featuredmedia":[{"embeddable":true,"href":"https:\/\/planitpower.com\/fr\/wp-json\/wp\/v2\/media\/4008"}],"wp:attachment":[{"href":"https:\/\/planitpower.com\/fr\/wp-json\/wp\/v2\/media?parent=4005"}],"wp:term":[{"taxonomy":"product_brand","embeddable":true,"href":"https:\/\/planitpower.com\/fr\/wp-json\/wp\/v2\/product_brand?post=4005"},{"taxonomy":"product_cat","embeddable":true,"href":"https:\/\/planitpower.com\/fr\/wp-json\/wp\/v2\/product_cat?post=4005"},{"taxonomy":"product_tag","embeddable":true,"href":"https:\/\/planitpower.com\/fr\/wp-json\/wp\/v2\/product_tag?post=4005"}],"curies":[{"name":"wp","href":"https:\/\/api.w.org\/{rel}","templated":true}]}}