{"id":4156,"date":"2025-12-25T00:27:39","date_gmt":"2025-12-25T00:27:39","guid":{"rendered":"https:\/\/planitpower.com\/?post_type=product&#038;p=4156"},"modified":"2026-04-13T20:07:27","modified_gmt":"2026-04-13T20:07:27","slug":"hub-aqara-m2","status":"publish","type":"product","link":"https:\/\/planitpower.com\/fr\/boutique\/hub-aqara-m2\/","title":{"rendered":"Aqara HUB M2"},"content":{"rendered":"<h3 class=\"wp-block-heading\"><strong>Description<\/strong><\/h3>\n\n\n\n<p>Le <strong>Hub Aqara M2<\/strong> Le Hub M2 est l&#039;unit\u00e9 de contr\u00f4le centrale de l&#039;\u00e9cosyst\u00e8me domotique Aqara. Con\u00e7u pour connecter et g\u00e9rer de nombreux appareils intelligents en toute simplicit\u00e9, il fait office de hub Zigbee 3.0 performant, assurant une communication stable et s\u00e9curis\u00e9e entre vos capteurs, interrupteurs et contr\u00f4leurs Aqara. Compatible avec de nombreuses plateformes domotiques, dont Apple HomeKit, Google Assistant et Amazon Alexa, le Hub M2 vous permet de cr\u00e9er un environnement de vie v\u00e9ritablement connect\u00e9 et intelligent.<\/p>\n\n\n\n<p>Log\u00e9 dans un bo\u00eetier \u00e9l\u00e9gant et compact, le hub Aqara M2 se place partout dans la maison et se connecte via Ethernet, Wi-Fi (2,4 GHz) ou \u00e9metteur infrarouge, offrant flexibilit\u00e9 et fiabilit\u00e9 accrues. Son contr\u00f4le infrarouge avanc\u00e9 lui permet de g\u00e9rer les appareils infrarouges traditionnels comme les t\u00e9l\u00e9viseurs, les climatiseurs et les ventilateurs, cr\u00e9ant ainsi une interface id\u00e9ale entre la domotique moderne et les appareils \u00e9lectrom\u00e9nagers classiques.<\/p>\n\n\n\n<h3 class=\"wp-block-heading\"><strong>Sp\u00e9cifications techniques<\/strong><\/h3>\n\n\n\n<p><\/p>\n\n\n\n<figure class=\"wp-block-table\"><table class=\"has-fixed-layout\"><thead><tr><th><strong>Sp\u00e9cifications<\/strong><\/th><th><strong>D\u00e9tails<\/strong><\/th><\/tr><\/thead><tbody><tr><td><strong>Mod\u00e8le<\/strong><\/td><td>HM2-G01<\/td><\/tr><tr><td><strong>Protocoles sans fil<\/strong><\/td><td>Zigbee 3.0, Wi-Fi 2,4 GHz (IEEE 802.11 b\/g\/n), infrarouge, Bluetooth (pour la connexion des appareils uniquement), Ethernet<\/td><\/tr><tr><td><strong>Puissance d'entr\u00e9e<\/strong><\/td><td>5 V CC, 1 A (via USB-C)<\/td><\/tr><tr><td><strong>Port d&#039;alimentation<\/strong><\/td><td>USB-C<\/td><\/tr><tr><td><strong>Fr\u00e9quence infrarouge<\/strong><\/td><td>38 kHz<\/td><\/tr><tr><td><strong>Plateformes prises en charge<\/strong><\/td><td>Apple HomeKit, Google Home, Amazon Alexa, IFTTT, application Aqara Home<\/td><\/tr><tr><td><strong>Temp\u00e9rature de fonctionnement<\/strong><\/td><td>0\u00b0C \u00e0 +40\u00b0C<\/td><\/tr><tr><td><strong>Humidit\u00e9 de fonctionnement<\/strong><\/td><td>0-95% RH, sans condensation<\/td><\/tr><tr><td><strong>Dimensions<\/strong><\/td><td>100,5 \u00d7 30,75 mm<\/td><\/tr><tr><td><strong>Compatibilit\u00e9<\/strong><\/td><td>Compatible avec tous les appareils Aqara Zigbee et certains appareils \u00e0 commande infrarouge<\/td><\/tr><tr><td><strong>Options de connexion<\/strong><\/td><td>Wi-Fi, Ethernet, Bluetooth (configuration uniquement)<\/td><\/tr><\/tbody><\/table><\/figure>","protected":false},"excerpt":{"rendered":"<h3 data-start=\"938\" data-end=\"959\"><strong data-start=\"942\" data-end=\"959\">Caract\u00e9ristiques principales<\/strong><\/h3>\n<ul data-start=\"960\" data-end=\"1963\">\n<li data-start=\"960\" data-end=\"1087\">\n<p data-start=\"962\" data-end=\"1087\"><strong data-start=\"962\" data-end=\"989\">Connectivit\u00e9 Zigbee 3.0<\/strong> \u2013 Assure une communication rapide, stable et \u00e9conome en \u00e9nergie entre tous les appareils Aqara connect\u00e9s.<\/p>\n<\/li>\n<li data-start=\"1088\" data-end=\"1208\">\n<p data-start=\"1090\" data-end=\"1208\"><strong data-start=\"1090\" data-end=\"1116\">Prise en charge multiprotocole<\/strong> \u2013 Fonctionne avec les connexions Ethernet, Wi-Fi (2,4 GHz) et infrarouge pour une flexibilit\u00e9 maximale.<\/p>\n<\/li>\n<li data-start=\"1209\" data-end=\"1311\">\n<p data-start=\"1211\" data-end=\"1311\"><strong data-start=\"1211\" data-end=\"1233\">Compatibilit\u00e9 \u00e9tendue<\/strong> \u2013 Enti\u00e8rement compatible avec Apple HomeKit, Google Home, Alexa, IFTTT et bien plus encore.<\/p>\n<\/li>\n<li data-start=\"1312\" data-end=\"1444\">\n<p data-start=\"1314\" data-end=\"1444\"><strong data-start=\"1314\" data-end=\"1338\">Centre de contr\u00f4le infrarouge<\/strong> \u2013 Remplace plusieurs t\u00e9l\u00e9commandes en g\u00e9rant directement les appareils compatibles infrarouge via l&#039;application Aqara Home.<\/p>\n<\/li>\n<li data-start=\"1445\" data-end=\"1574\">\n<p data-start=\"1447\" data-end=\"1574\"><strong data-start=\"1447\" data-end=\"1470\">Automatisation avanc\u00e9e<\/strong> \u2013 Permet de mettre en \u0153uvre des sc\u00e9narios et des automatisations complexes pour la maison connect\u00e9e, notamment pour l&#039;\u00e9clairage, la s\u00e9curit\u00e9, la temp\u00e9rature, etc.<\/p>\n<\/li>\n<li data-start=\"1575\" data-end=\"1706\">\n<p data-start=\"1577\" data-end=\"1706\"><strong data-start=\"1577\" data-end=\"1604\">Contr\u00f4le local et cloud<\/strong> \u2013 Fonctionne \u00e0 la fois en local et via le cloud pour garantir la fiabilit\u00e9 m\u00eame en cas de panne d&#039;Internet.<\/p>\n<\/li>\n<li data-start=\"1707\" data-end=\"1826\">\n<p data-start=\"1709\" data-end=\"1826\"><strong data-start=\"1709\" data-end=\"1730\">S\u00e9curit\u00e9 renforc\u00e9e<\/strong> \u2013 Utilise un chiffrement avanc\u00e9 et un appairage s\u00e9curis\u00e9 pour prot\u00e9ger votre r\u00e9seau domestique et vos donn\u00e9es personnelles.<\/p>\n<\/li>\n<li data-start=\"1827\" data-end=\"1963\">\n<p data-start=\"1829\" data-end=\"1963\"><strong data-start=\"1829\" data-end=\"1859\">Design compact et \u00e9l\u00e9gant<\/strong> \u2013 S&#039;int\u00e8gre parfaitement dans tout int\u00e9rieur moderne gr\u00e2ce \u00e0 sa forme ronde minimaliste et son indicateur LED discret.<\/p>\n<\/li>\n<\/ul>","protected":false},"featured_media":4160,"comment_status":"open","ping_status":"closed","template":"","meta":{"jetpack_post_was_ever_published":false,"jetpack_publicize_message":"","jetpack_publicize_feature_enabled":true,"jetpack_social_post_already_shared":true,"jetpack_social_options":{"image_generator_settings":{"template":"highway","default_image_id":0,"font":"","enabled":false},"version":2}},"product_brand":[103],"product_cat":[134],"product_tag":[],"class_list":{"0":"post-4156","1":"product","2":"type-product","3":"status-publish","4":"has-post-thumbnail","6":"product_brand-aqara","7":"product_cat-smart-sensors","9":"first","10":"instock","11":"taxable","12":"shipping-taxable","13":"purchasable","14":"product-type-simple"},"yoast_head":"<!-- This site is optimized with the Yoast SEO plugin v27.5 - https:\/\/yoast.com\/product\/yoast-seo-wordpress\/ -->\n<title>Aqara HUB M2 - Planitpower<\/title>\n<meta name=\"description\" content=\"Discover the Aqara Hub M2, the ultimate Zigbee 3.0 smart home hub that connects all your Aqara devices with Wi-Fi, Ethernet, and infrared control. Compatible with Apple HomeKit, Google Home, and Alexa.\" \/>\n<meta name=\"robots\" content=\"index, follow, max-snippet:-1, max-image-preview:large, max-video-preview:-1\" \/>\n<link rel=\"canonical\" href=\"https:\/\/planitpower.com\/fr\/boutique\/hub-aqara-m2\/\" \/>\n<meta property=\"og:locale\" content=\"fr_FR\" \/>\n<meta property=\"og:type\" content=\"article\" \/>\n<meta property=\"og:title\" content=\"Aqara HUB M2 - Planitpower\" \/>\n<meta property=\"og:description\" content=\"Discover the Aqara Hub M2, the ultimate Zigbee 3.0 smart home hub that connects all your Aqara devices with Wi-Fi, Ethernet, and infrared control. Compatible with Apple HomeKit, Google Home, and Alexa.\" \/>\n<meta property=\"og:url\" content=\"https:\/\/planitpower.com\/fr\/boutique\/hub-aqara-m2\/\" \/>\n<meta property=\"og:site_name\" content=\"Planitpower\" \/>\n<meta property=\"article:modified_time\" content=\"2026-04-13T20:07:27+00:00\" \/>\n<meta property=\"og:image\" content=\"https:\/\/planitpower.com\/wp-content\/uploads\/2025\/11\/AqaraM2-packshot_1920x1920.jpg\" \/>\n\t<meta property=\"og:image:width\" content=\"1000\" \/>\n\t<meta property=\"og:image:height\" content=\"1000\" \/>\n\t<meta property=\"og:image:type\" content=\"image\/jpeg\" \/>\n<meta name=\"twitter:card\" content=\"summary_large_image\" \/>\n<meta name=\"twitter:label1\" content=\"Dur\u00e9e de lecture estim\u00e9e\" \/>\n\t<meta name=\"twitter:data1\" content=\"2 minutes\" \/>\n<script type=\"application\/ld+json\" class=\"yoast-schema-graph\">{\"@context\":\"https:\\\/\\\/schema.org\",\"@graph\":[{\"@type\":\"WebPage\",\"@id\":\"https:\\\/\\\/planitpower.com\\\/shop\\\/aqara-hub-m2\\\/\",\"url\":\"https:\\\/\\\/planitpower.com\\\/shop\\\/aqara-hub-m2\\\/\",\"name\":\"Aqara HUB M2 - Planitpower\",\"isPartOf\":{\"@id\":\"https:\\\/\\\/planitpower.com\\\/#website\"},\"primaryImageOfPage\":{\"@id\":\"https:\\\/\\\/planitpower.com\\\/shop\\\/aqara-hub-m2\\\/#primaryimage\"},\"image\":{\"@id\":\"https:\\\/\\\/planitpower.com\\\/shop\\\/aqara-hub-m2\\\/#primaryimage\"},\"thumbnailUrl\":\"https:\\\/\\\/i0.wp.com\\\/planitpower.com\\\/wp-content\\\/uploads\\\/2025\\\/11\\\/AqaraM2-packshot_1920x1920.jpg?fit=1000%2C1000&ssl=1\",\"datePublished\":\"2025-12-25T00:27:39+00:00\",\"dateModified\":\"2026-04-13T20:07:27+00:00\",\"description\":\"Discover the Aqara Hub M2, the ultimate Zigbee 3.0 smart home hub that connects all your Aqara devices with Wi-Fi, Ethernet, and infrared control. Compatible with Apple HomeKit, Google Home, and Alexa.\",\"breadcrumb\":{\"@id\":\"https:\\\/\\\/planitpower.com\\\/shop\\\/aqara-hub-m2\\\/#breadcrumb\"},\"inLanguage\":\"fr-FR\",\"potentialAction\":[{\"@type\":\"ReadAction\",\"target\":[\"https:\\\/\\\/planitpower.com\\\/shop\\\/aqara-hub-m2\\\/\"]}]},{\"@type\":\"ImageObject\",\"inLanguage\":\"fr-FR\",\"@id\":\"https:\\\/\\\/planitpower.com\\\/shop\\\/aqara-hub-m2\\\/#primaryimage\",\"url\":\"https:\\\/\\\/i0.wp.com\\\/planitpower.com\\\/wp-content\\\/uploads\\\/2025\\\/11\\\/AqaraM2-packshot_1920x1920.jpg?fit=1000%2C1000&ssl=1\",\"contentUrl\":\"https:\\\/\\\/i0.wp.com\\\/planitpower.com\\\/wp-content\\\/uploads\\\/2025\\\/11\\\/AqaraM2-packshot_1920x1920.jpg?fit=1000%2C1000&ssl=1\",\"width\":1000,\"height\":1000,\"caption\":\"Aqara Hub M2 - planitpower - 1\"},{\"@type\":\"BreadcrumbList\",\"@id\":\"https:\\\/\\\/planitpower.com\\\/shop\\\/aqara-hub-m2\\\/#breadcrumb\",\"itemListElement\":[{\"@type\":\"ListItem\",\"position\":1,\"name\":\"Home\",\"item\":\"https:\\\/\\\/planitpower.com\\\/\"},{\"@type\":\"ListItem\",\"position\":2,\"name\":\"SHOP\",\"item\":\"https:\\\/\\\/planitpower.com\\\/shop\\\/\"},{\"@type\":\"ListItem\",\"position\":3,\"name\":\"Aqara HUB M2\"}]},{\"@type\":\"WebSite\",\"@id\":\"https:\\\/\\\/planitpower.com\\\/#website\",\"url\":\"https:\\\/\\\/planitpower.com\\\/\",\"name\":\"Planitpower\",\"description\":\"Inspire energy\",\"publisher\":{\"@id\":\"https:\\\/\\\/planitpower.com\\\/#\\\/schema\\\/person\\\/b531587eda267b930b04174d12de6efa\"},\"potentialAction\":[{\"@type\":\"SearchAction\",\"target\":{\"@type\":\"EntryPoint\",\"urlTemplate\":\"https:\\\/\\\/planitpower.com\\\/?s={search_term_string}\"},\"query-input\":{\"@type\":\"PropertyValueSpecification\",\"valueRequired\":true,\"valueName\":\"search_term_string\"}}],\"inLanguage\":\"fr-FR\"},{\"@type\":[\"Person\",\"Organization\"],\"@id\":\"https:\\\/\\\/planitpower.com\\\/#\\\/schema\\\/person\\\/b531587eda267b930b04174d12de6efa\",\"name\":\"Editorial Team\",\"image\":{\"@type\":\"ImageObject\",\"inLanguage\":\"fr-FR\",\"@id\":\"https:\\\/\\\/i0.wp.com\\\/planitpower.com\\\/wp-content\\\/uploads\\\/2025\\\/12\\\/cropped-planitpower_circle_375x375.png?fit=512%2C512&ssl=1\",\"url\":\"https:\\\/\\\/i0.wp.com\\\/planitpower.com\\\/wp-content\\\/uploads\\\/2025\\\/12\\\/cropped-planitpower_circle_375x375.png?fit=512%2C512&ssl=1\",\"contentUrl\":\"https:\\\/\\\/i0.wp.com\\\/planitpower.com\\\/wp-content\\\/uploads\\\/2025\\\/12\\\/cropped-planitpower_circle_375x375.png?fit=512%2C512&ssl=1\",\"width\":512,\"height\":512,\"caption\":\"Editorial Team\"},\"logo\":{\"@id\":\"https:\\\/\\\/i0.wp.com\\\/planitpower.com\\\/wp-content\\\/uploads\\\/2025\\\/12\\\/cropped-planitpower_circle_375x375.png?fit=512%2C512&ssl=1\"},\"sameAs\":[\"https:\\\/\\\/Planitpower.com\"]}]}<\/script>\n<!-- \/ Yoast SEO plugin. -->","yoast_head_json":{"title":"Aqara HUB M2 - Planitpower","description":"D\u00e9couvrez le hub Aqara M2, la solution Zigbee 3.0 ultime pour la maison connect\u00e9e. Il permet de connecter tous vos appareils Aqara via Wi-Fi, Ethernet et infrarouge. Compatible avec Apple HomeKit, Google Home et Alexa.","robots":{"index":"index","follow":"follow","max-snippet":"max-snippet:-1","max-image-preview":"max-image-preview:large","max-video-preview":"max-video-preview:-1"},"canonical":"https:\/\/planitpower.com\/fr\/boutique\/hub-aqara-m2\/","og_locale":"fr_FR","og_type":"article","og_title":"Aqara HUB M2 - Planitpower","og_description":"Discover the Aqara Hub M2, the ultimate Zigbee 3.0 smart home hub that connects all your Aqara devices with Wi-Fi, Ethernet, and infrared control. Compatible with Apple HomeKit, Google Home, and Alexa.","og_url":"https:\/\/planitpower.com\/fr\/boutique\/hub-aqara-m2\/","og_site_name":"Planitpower","article_modified_time":"2026-04-13T20:07:27+00:00","og_image":[{"width":1000,"height":1000,"url":"https:\/\/planitpower.com\/wp-content\/uploads\/2025\/11\/AqaraM2-packshot_1920x1920.jpg","type":"image\/jpeg"}],"twitter_card":"summary_large_image","twitter_misc":{"Dur\u00e9e de lecture estim\u00e9e":"2 minutes"},"schema":{"@context":"https:\/\/schema.org","@graph":[{"@type":"WebPage","@id":"https:\/\/planitpower.com\/shop\/aqara-hub-m2\/","url":"https:\/\/planitpower.com\/shop\/aqara-hub-m2\/","name":"Aqara HUB M2 - Planitpower","isPartOf":{"@id":"https:\/\/planitpower.com\/#website"},"primaryImageOfPage":{"@id":"https:\/\/planitpower.com\/shop\/aqara-hub-m2\/#primaryimage"},"image":{"@id":"https:\/\/planitpower.com\/shop\/aqara-hub-m2\/#primaryimage"},"thumbnailUrl":"https:\/\/i0.wp.com\/planitpower.com\/wp-content\/uploads\/2025\/11\/AqaraM2-packshot_1920x1920.jpg?fit=1000%2C1000&ssl=1","datePublished":"2025-12-25T00:27:39+00:00","dateModified":"2026-04-13T20:07:27+00:00","description":"D\u00e9couvrez le hub Aqara M2, la solution Zigbee 3.0 ultime pour la maison connect\u00e9e. Il permet de connecter tous vos appareils Aqara via Wi-Fi, Ethernet et infrarouge. Compatible avec Apple HomeKit, Google Home et Alexa.","breadcrumb":{"@id":"https:\/\/planitpower.com\/shop\/aqara-hub-m2\/#breadcrumb"},"inLanguage":"fr-FR","potentialAction":[{"@type":"ReadAction","target":["https:\/\/planitpower.com\/shop\/aqara-hub-m2\/"]}]},{"@type":"ImageObject","inLanguage":"fr-FR","@id":"https:\/\/planitpower.com\/shop\/aqara-hub-m2\/#primaryimage","url":"https:\/\/i0.wp.com\/planitpower.com\/wp-content\/uploads\/2025\/11\/AqaraM2-packshot_1920x1920.jpg?fit=1000%2C1000&ssl=1","contentUrl":"https:\/\/i0.wp.com\/planitpower.com\/wp-content\/uploads\/2025\/11\/AqaraM2-packshot_1920x1920.jpg?fit=1000%2C1000&ssl=1","width":1000,"height":1000,"caption":"Aqara Hub M2 - planitpower - 1"},{"@type":"BreadcrumbList","@id":"https:\/\/planitpower.com\/shop\/aqara-hub-m2\/#breadcrumb","itemListElement":[{"@type":"ListItem","position":1,"name":"Home","item":"https:\/\/planitpower.com\/"},{"@type":"ListItem","position":2,"name":"SHOP","item":"https:\/\/planitpower.com\/shop\/"},{"@type":"ListItem","position":3,"name":"Aqara HUB M2"}]},{"@type":"WebSite","@id":"https:\/\/planitpower.com\/#website","url":"https:\/\/planitpower.com\/","name":"Planitpower","description":"Inspirons l'\u00e9nergie!","publisher":{"@id":"https:\/\/planitpower.com\/#\/schema\/person\/b531587eda267b930b04174d12de6efa"},"potentialAction":[{"@type":"SearchAction","target":{"@type":"EntryPoint","urlTemplate":"https:\/\/planitpower.com\/?s={search_term_string}"},"query-input":{"@type":"PropertyValueSpecification","valueRequired":true,"valueName":"search_term_string"}}],"inLanguage":"fr-FR"},{"@type":["Person","Organization"],"@id":"https:\/\/planitpower.com\/#\/schema\/person\/b531587eda267b930b04174d12de6efa","name":"Equipe \u00e9ditoriale","image":{"@type":"ImageObject","inLanguage":"fr-FR","@id":"https:\/\/i0.wp.com\/planitpower.com\/wp-content\/uploads\/2025\/12\/cropped-planitpower_circle_375x375.png?fit=512%2C512&ssl=1","url":"https:\/\/i0.wp.com\/planitpower.com\/wp-content\/uploads\/2025\/12\/cropped-planitpower_circle_375x375.png?fit=512%2C512&ssl=1","contentUrl":"https:\/\/i0.wp.com\/planitpower.com\/wp-content\/uploads\/2025\/12\/cropped-planitpower_circle_375x375.png?fit=512%2C512&ssl=1","width":512,"height":512,"caption":"Editorial Team"},"logo":{"@id":"https:\/\/i0.wp.com\/planitpower.com\/wp-content\/uploads\/2025\/12\/cropped-planitpower_circle_375x375.png?fit=512%2C512&ssl=1"},"sameAs":["https:\/\/Planitpower.com"]}]}},"jetpack_publicize_connections":[],"jetpack_likes_enabled":true,"jetpack_sharing_enabled":true,"jetpack-related-posts":[{"id":5774,"url":"https:\/\/planitpower.com\/fr\/boutique\/hub-domotique-aqara-hub-m200\/","url_meta":{"origin":4156,"position":0},"title":"Aqara HUB M200","author":"Editorial Team","date":"25\/12\/2025","format":false,"excerpt":"Caract\u00e9ristiques principales : Hub domotique multiprotocole compatible avec Matter, Thread, Zigbee 3.0, Bluetooth et Wi-Fi. Contr\u00f4leur Matter et routeur de bordure Thread, garantissant une large compatibilit\u00e9 avec les \u00e9cosyst\u00e8mes existants et une \u00e9volutivit\u00e9 optimale. Compatibilit\u00e9 \u00e9tendue avec de nombreuses plateformes, notamment Apple Home, Google Home, Amazon Alexa, SmartThings et Aqara Home. Wi-Fi 6 double bande (2,4 GHz et 5 GHz) pour\u2026","rel":"","context":"Article similaire","block_context":{"text":"Article similaire","link":""},"img":{"alt_text":"Aqara Hub M200 - Planitpower- 1","src":"https:\/\/i0.wp.com\/planitpower.com\/wp-content\/uploads\/2025\/12\/aqara-hub-m200-offline-hm-g03d-2-1762447632081.webp?fit=1000%2C1000&ssl=1&resize=350%2C200","width":350,"height":200,"srcset":"https:\/\/i0.wp.com\/planitpower.com\/wp-content\/uploads\/2025\/12\/aqara-hub-m200-offline-hm-g03d-2-1762447632081.webp?fit=1000%2C1000&ssl=1&resize=350%2C200 1x, https:\/\/i0.wp.com\/planitpower.com\/wp-content\/uploads\/2025\/12\/aqara-hub-m200-offline-hm-g03d-2-1762447632081.webp?fit=1000%2C1000&ssl=1&resize=525%2C300 1.5x, https:\/\/i0.wp.com\/planitpower.com\/wp-content\/uploads\/2025\/12\/aqara-hub-m200-offline-hm-g03d-2-1762447632081.webp?fit=1000%2C1000&ssl=1&resize=700%2C400 2x"},"classes":[]},{"id":4221,"url":"https:\/\/planitpower.com\/fr\/boutique\/moyeu-aqara-m3\/","url_meta":{"origin":4156,"position":1},"title":"Aqara HUB M3","author":"Editorial Team","date":"04\/01\/2026","format":false,"excerpt":"Caract\u00e9ristiques principales\u00a0: Compatibilit\u00e9 multiprotocole\u00a0: Compatible avec Matter, Zigbee 3.0, Thread, Bluetooth et Wi-Fi, pour une int\u00e9gration fluide avec un vaste \u00e9cosyst\u00e8me d\u2019appareils connect\u00e9s. Contr\u00f4leur et passerelle Matter\u00a0: Fonctionne \u00e0 la fois comme contr\u00f4leur et passerelle Matter, permettant aux appareils Aqara de fonctionner avec les principaux \u00e9cosyst\u00e8mes tels qu\u2019Apple Home, Google Home, Amazon\u2026","rel":"","context":"Article similaire","block_context":{"text":"Article similaire","link":""},"img":{"alt_text":"Aqara HUB M3 - planitpower - 1","src":"https:\/\/i0.wp.com\/planitpower.com\/wp-content\/uploads\/2025\/11\/Hub_M3.jpg?fit=1000%2C1000&ssl=1&resize=350%2C200","width":350,"height":200,"srcset":"https:\/\/i0.wp.com\/planitpower.com\/wp-content\/uploads\/2025\/11\/Hub_M3.jpg?fit=1000%2C1000&ssl=1&resize=350%2C200 1x, https:\/\/i0.wp.com\/planitpower.com\/wp-content\/uploads\/2025\/11\/Hub_M3.jpg?fit=1000%2C1000&ssl=1&resize=525%2C300 1.5x, https:\/\/i0.wp.com\/planitpower.com\/wp-content\/uploads\/2025\/11\/Hub_M3.jpg?fit=1000%2C1000&ssl=1&resize=700%2C400 2x"},"classes":[]},{"id":4172,"url":"https:\/\/planitpower.com\/fr\/boutique\/hub-de-camera-aqara-g3\/","url_meta":{"origin":4156,"position":2},"title":"Aqara Camera Hub G3","author":"Editorial Team","date":"24\/11\/2025","format":false,"excerpt":"Main Features 2K Ultra HD Video Quality: Captures sharp and detailed footage with a 2304 x 1296 pixel resolution, ensuring clear visuals even in low light conditions. AI-Powered Recognition: Advanced AI identifies faces, pets, and gestures, allowing personalized automation and alerts. Full Pan and Tilt Coverage: Offers 360\u00b0 horizontal and\u2026","rel":"","context":"Article similaire","block_context":{"text":"Article similaire","link":""},"img":{"alt_text":"Camera Hub G3 - planitpower - 1","src":"https:\/\/i0.wp.com\/planitpower.com\/wp-content\/uploads\/2025\/11\/Aqara-g3-packshot_1920x1920.jpg?fit=1000%2C1000&ssl=1&resize=350%2C200","width":350,"height":200,"srcset":"https:\/\/i0.wp.com\/planitpower.com\/wp-content\/uploads\/2025\/11\/Aqara-g3-packshot_1920x1920.jpg?fit=1000%2C1000&ssl=1&resize=350%2C200 1x, https:\/\/i0.wp.com\/planitpower.com\/wp-content\/uploads\/2025\/11\/Aqara-g3-packshot_1920x1920.jpg?fit=1000%2C1000&ssl=1&resize=525%2C300 1.5x, https:\/\/i0.wp.com\/planitpower.com\/wp-content\/uploads\/2025\/11\/Aqara-g3-packshot_1920x1920.jpg?fit=1000%2C1000&ssl=1&resize=700%2C400 2x"},"classes":[]},{"id":4253,"url":"https:\/\/planitpower.com\/fr\/boutique\/hub-aqara-m1s-gen2\/","url_meta":{"origin":4156,"position":3},"title":"Hub Aqara M1S Gen2","author":"Editorial Team","date":"25\/12\/2025","format":false,"excerpt":"Main Features Zigbee 3.0 Connectivity \u2013 Offers faster, more reliable, and energy-efficient communication for up to 128 Aqara devices. Multi-Platform Compatibility \u2013 Works seamlessly with Apple HomeKit, Amazon Alexa, Google Assistant, and IFTTT for flexible smart home control. Enhanced Security \u2013 Features local alarm notifications and HomeKit Secure Video compatibility\u2026","rel":"","context":"Article similaire","block_context":{"text":"Article similaire","link":""},"img":{"alt_text":"Aqara Hub M1S Gen2 - planitpower - 1","src":"https:\/\/i0.wp.com\/planitpower.com\/wp-content\/uploads\/2025\/11\/M1S-Gen-2_1920x1920.jpg?fit=1000%2C1000&ssl=1&resize=350%2C200","width":350,"height":200,"srcset":"https:\/\/i0.wp.com\/planitpower.com\/wp-content\/uploads\/2025\/11\/M1S-Gen-2_1920x1920.jpg?fit=1000%2C1000&ssl=1&resize=350%2C200 1x, https:\/\/i0.wp.com\/planitpower.com\/wp-content\/uploads\/2025\/11\/M1S-Gen-2_1920x1920.jpg?fit=1000%2C1000&ssl=1&resize=525%2C300 1.5x, https:\/\/i0.wp.com\/planitpower.com\/wp-content\/uploads\/2025\/11\/M1S-Gen-2_1920x1920.jpg?fit=1000%2C1000&ssl=1&resize=700%2C400 2x"},"classes":[]},{"id":4163,"url":"https:\/\/planitpower.com\/fr\/boutique\/hub-camera-g2h-pro\/","url_meta":{"origin":4156,"position":4},"title":"Aqara Camera Hub G2H Pro","author":"Editorial Team","date":"25\/12\/2025","format":false,"excerpt":"Main Features Dual Functionality: Combines a 1080p security camera and a Zigbee 3.0 smart home hub in one compact device. Wide Compatibility: Works with Apple HomeKit Secure Video, Amazon Alexa, Google Home, and IFTTT. Enhanced Privacy: Local video storage on microSD card (up to 512GB) and encrypted data transmission ensure\u2026","rel":"","context":"Article similaire","block_context":{"text":"Article similaire","link":""},"img":{"alt_text":"Camera Hub G2H Pro - planitpower - 3","src":"https:\/\/i0.wp.com\/planitpower.com\/wp-content\/uploads\/2025\/11\/Aqara-Camera-Hub-G2H-Pro.jpg?fit=1000%2C1000&ssl=1&resize=350%2C200","width":350,"height":200,"srcset":"https:\/\/i0.wp.com\/planitpower.com\/wp-content\/uploads\/2025\/11\/Aqara-Camera-Hub-G2H-Pro.jpg?fit=1000%2C1000&ssl=1&resize=350%2C200 1x, https:\/\/i0.wp.com\/planitpower.com\/wp-content\/uploads\/2025\/11\/Aqara-Camera-Hub-G2H-Pro.jpg?fit=1000%2C1000&ssl=1&resize=525%2C300 1.5x, https:\/\/i0.wp.com\/planitpower.com\/wp-content\/uploads\/2025\/11\/Aqara-Camera-Hub-G2H-Pro.jpg?fit=1000%2C1000&ssl=1&resize=700%2C400 2x"},"classes":[]},{"id":4237,"url":"https:\/\/planitpower.com\/fr\/boutique\/interrupteur-daffichage-aqara-v1-eu\/","url_meta":{"origin":4156,"position":5},"title":"Aqara Display Switch V1 UE","author":"Editorial Team","date":"25\/12\/2025","format":false,"excerpt":"Main Features Smart Touchscreen Control: Full-color display for easy control of lighting, scenes, and smart home devices. Multi-Functional Interface: Customizable widgets allow quick access to frequently used functions like lights, sensors, or scenes. Wide Compatibility: Works with Apple HomeKit, Amazon Alexa, Google Assistant, and Matter (via compatible Aqara Hub). Energy\u2026","rel":"","context":"Article similaire","block_context":{"text":"Article similaire","link":""},"img":{"alt_text":"Aqara Display Switch V1 EU - planitpower - 1","src":"https:\/\/i0.wp.com\/planitpower.com\/wp-content\/uploads\/2025\/11\/display-switch-v1.jpg?fit=1000%2C1000&ssl=1&resize=350%2C200","width":350,"height":200,"srcset":"https:\/\/i0.wp.com\/planitpower.com\/wp-content\/uploads\/2025\/11\/display-switch-v1.jpg?fit=1000%2C1000&ssl=1&resize=350%2C200 1x, https:\/\/i0.wp.com\/planitpower.com\/wp-content\/uploads\/2025\/11\/display-switch-v1.jpg?fit=1000%2C1000&ssl=1&resize=525%2C300 1.5x, https:\/\/i0.wp.com\/planitpower.com\/wp-content\/uploads\/2025\/11\/display-switch-v1.jpg?fit=1000%2C1000&ssl=1&resize=700%2C400 2x"},"classes":[]}],"_links":{"self":[{"href":"https:\/\/planitpower.com\/fr\/wp-json\/wp\/v2\/product\/4156","targetHints":{"allow":["GET"]}}],"collection":[{"href":"https:\/\/planitpower.com\/fr\/wp-json\/wp\/v2\/product"}],"about":[{"href":"https:\/\/planitpower.com\/fr\/wp-json\/wp\/v2\/types\/product"}],"replies":[{"embeddable":true,"href":"https:\/\/planitpower.com\/fr\/wp-json\/wp\/v2\/comments?post=4156"}],"version-history":[{"count":1,"href":"https:\/\/planitpower.com\/fr\/wp-json\/wp\/v2\/product\/4156\/revisions"}],"predecessor-version":[{"id":6232,"href":"https:\/\/planitpower.com\/fr\/wp-json\/wp\/v2\/product\/4156\/revisions\/6232"}],"wp:featuredmedia":[{"embeddable":true,"href":"https:\/\/planitpower.com\/fr\/wp-json\/wp\/v2\/media\/4160"}],"wp:attachment":[{"href":"https:\/\/planitpower.com\/fr\/wp-json\/wp\/v2\/media?parent=4156"}],"wp:term":[{"taxonomy":"product_brand","embeddable":true,"href":"https:\/\/planitpower.com\/fr\/wp-json\/wp\/v2\/product_brand?post=4156"},{"taxonomy":"product_cat","embeddable":true,"href":"https:\/\/planitpower.com\/fr\/wp-json\/wp\/v2\/product_cat?post=4156"},{"taxonomy":"product_tag","embeddable":true,"href":"https:\/\/planitpower.com\/fr\/wp-json\/wp\/v2\/product_tag?post=4156"}],"curies":[{"name":"wp","href":"https:\/\/api.w.org\/{rel}","templated":true}]}}