{"id":4164,"date":"2025-12-25T00:27:15","date_gmt":"2025-12-25T00:27:15","guid":{"rendered":"https:\/\/planitpower.com\/?post_type=product&#038;p=4164"},"modified":"2025-12-25T00:27:18","modified_gmt":"2025-12-25T00:27:18","slug":"moteur-de-store-enrouleur-e1","status":"publish","type":"product","link":"https:\/\/planitpower.com\/fr\/boutique\/moteur-de-store-enrouleur-e1\/","title":{"rendered":"Moteur de store enrouleur Aqara E1"},"content":{"rendered":"<h3 class=\"wp-block-heading\"><strong>Description<\/strong><\/h3>\n\n\n\n<p>Le <strong>Moteur de store enrouleur Aqara E1<\/strong> Ce moteur intelligent et compact est con\u00e7u pour automatiser vos stores enrouleurs existants. Facile \u00e0 installer sans c\u00e2blage complexe, il transforme les stores traditionnels en stores connect\u00e9s en quelques minutes. Aliment\u00e9 par une batterie rechargeable int\u00e9gr\u00e9e, il offre jusqu&#039;\u00e0 deux mois d&#039;autonomie et est compatible avec diff\u00e9rents types de cha\u00eenettes\u00a0: perles en plastique, cha\u00eenettes m\u00e9talliques et cordons.<br>Ce pilote s&#039;int\u00e8gre parfaitement aux \u00e9cosyst\u00e8mes domotiques les plus populaires tels qu&#039;Apple HomeKit, Amazon Alexa et Google Assistant, et prend en charge Matter via un hub Aqara. Gr\u00e2ce \u00e0 l&#039;application Aqara Home, les utilisateurs peuvent facilement contr\u00f4ler, programmer ou automatiser leurs stores en fonction de l&#039;heure, de l&#039;intensit\u00e9 lumineuse ou des capteurs connect\u00e9s, pour un confort optimal et des \u00e9conomies d&#039;\u00e9nergie garanties.<\/p>\n\n\n\n<h3 class=\"wp-block-heading\"><strong>Sp\u00e9cifications techniques<\/strong><\/h3>\n\n\n\n<p><\/p>\n\n\n\n<figure class=\"wp-block-table\"><table class=\"has-fixed-layout\"><thead><tr><th><strong>Param\u00e8tres<\/strong><\/th><th><strong>Sp\u00e9cifications<\/strong><\/th><\/tr><\/thead><tbody><tr><td><strong>Mod\u00e8le<\/strong><\/td><td>RSD-M01<\/td><\/tr><tr><td><strong>Alimentation \u00e9lectrique<\/strong><\/td><td>Batterie au lithium rechargeable int\u00e9gr\u00e9e (chargement USB-C)<\/td><\/tr><tr><td><strong>Autonomie de la batterie<\/strong><\/td><td>Jusqu&#039;\u00e0 2 mois par charge (selon l&#039;utilisation)<\/td><\/tr><tr><td><strong>Protocole sans fil<\/strong><\/td><td>Zigbee 3.0<\/td><\/tr><tr><td><strong>Tension d&#039;entr\u00e9e<\/strong><\/td><td>5V \u2393 1A<\/td><\/tr><tr><td><strong>Compatibilit\u00e9<\/strong><\/td><td>Apple HomeKit, Alexa, Google Assistant, IFTTT, Matter (via Aqara Hub)<\/td><\/tr><tr><td><strong>Temp\u00e9rature de fonctionnement<\/strong><\/td><td>-10\u00b0C \u00e0 +45\u00b0C<\/td><\/tr><tr><td><strong>Dimensions<\/strong><\/td><td>42 \u00d7 37 \u00d7 165 mm<\/td><\/tr><tr><td><strong>Types de cha\u00eenes prises en charge<\/strong><\/td><td>Cha\u00eenes de perles (plastique ou m\u00e9tal, diam\u00e8tre 3\u20136 mm)<\/td><\/tr><tr><td><strong>M\u00e9thode de montage<\/strong><\/td><td>fixation par adh\u00e9sif ou par vis<\/td><\/tr><tr><td><strong>Couleur<\/strong><\/td><td>Blanc<\/td><\/tr><tr><td><strong>Contr\u00f4le de l&#039;application<\/strong><\/td><td>Application Aqara Home (iOS \/ Android)<\/td><\/tr><\/tbody><\/table><\/figure>","protected":false},"excerpt":{"rendered":"<h3 data-start=\"878\" data-end=\"901\"><strong data-start=\"882\" data-end=\"899\">Caract\u00e9ristiques principales<\/strong><\/h3>\n<ul data-start=\"902\" data-end=\"1655\">\n<li data-start=\"902\" data-end=\"1046\">\n<p data-start=\"904\" data-end=\"1046\"><strong data-start=\"904\" data-end=\"935\">Installation de r\u00e9novation facile\u00a0:<\/strong> Inutile de remplacer vos stores : installez le moteur en quelques minutes et connectez-le \u00e0 votre syst\u00e8me de cha\u00eenette existant.<\/p>\n<\/li>\n<li data-start=\"1047\" data-end=\"1194\">\n<p data-start=\"1049\" data-end=\"1194\"><strong data-start=\"1049\" data-end=\"1076\">Int\u00e9gration \u00e0 la maison intelligente\u00a0:<\/strong> Fonctionne avec Aqara Home, Apple HomeKit, Alexa, Google Assistant et IFTTT\u00a0; compatible avec Matter via Aqara Hub.<\/p>\n<\/li>\n<li data-start=\"1195\" data-end=\"1315\">\n<p data-start=\"1197\" data-end=\"1315\"><strong data-start=\"1197\" data-end=\"1220\">Fonctionnement sans fil :<\/strong> Fonctionne sur une batterie rechargeable longue dur\u00e9e, \u00e9liminant ainsi le besoin de c\u00e2bles d&#039;alimentation constants.<\/p>\n<\/li>\n<li data-start=\"1316\" data-end=\"1447\">\n<p data-start=\"1318\" data-end=\"1447\"><strong data-start=\"1318\" data-end=\"1340\">Automatisation personnalis\u00e9e\u00a0:<\/strong> Contr\u00f4lez les stores par commandes vocales, programmation ou d\u00e9clencheurs intelligents comme des capteurs de temp\u00e9rature ou de luminosit\u00e9.<\/p>\n<\/li>\n<li data-start=\"1448\" data-end=\"1550\">\n<p data-start=\"1450\" data-end=\"1550\"><strong data-start=\"1450\" data-end=\"1474\">Positionnement pr\u00e9cis :<\/strong> R\u00e9glez pr\u00e9cis\u00e9ment la position du store pour un meilleur contr\u00f4le de la lumi\u00e8re et une plus grande intimit\u00e9.<\/p>\n<\/li>\n<li data-start=\"1551\" data-end=\"1655\">\n<p data-start=\"1553\" data-end=\"1655\"><strong data-start=\"1553\" data-end=\"1585\">Design compact et minimaliste\u00a0:<\/strong> S&#039;int\u00e8gre naturellement \u00e0 tous les int\u00e9rieurs sans prendre beaucoup de place.<\/p>\n<\/li>\n<\/ul>","protected":false},"featured_media":4165,"comment_status":"open","ping_status":"closed","template":"","meta":{"jetpack_post_was_ever_published":false,"jetpack_publicize_message":"","jetpack_publicize_feature_enabled":true,"jetpack_social_post_already_shared":true,"jetpack_social_options":{"image_generator_settings":{"template":"highway","default_image_id":0,"font":"","enabled":false},"version":2}},"product_brand":[103],"product_cat":[135],"product_tag":[],"class_list":{"0":"post-4164","1":"product","2":"type-product","3":"status-publish","4":"has-post-thumbnail","6":"product_brand-aqara","7":"product_cat-automated-curtains","9":"first","10":"instock","11":"taxable","12":"shipping-taxable","13":"purchasable","14":"product-type-simple"},"yoast_head":"<!-- This site is optimized with the Yoast SEO plugin v27.3 - https:\/\/yoast.com\/product\/yoast-seo-wordpress\/ -->\n<title>Aqara Roller shade driver E1 - Planitpower<\/title>\n<meta name=\"description\" content=\"Upgrade your blinds with the Aqara Roller Shade Driver E1 \u2014 a smart, battery-powered solution for automating roller shades. Compatible with HomeKit, Alexa, and Google Assistant for easy, voice-controlled comfort.\" \/>\n<meta name=\"robots\" content=\"index, follow, max-snippet:-1, max-image-preview:large, max-video-preview:-1\" \/>\n<link rel=\"canonical\" href=\"https:\/\/planitpower.com\/fr\/boutique\/moteur-de-store-enrouleur-e1\/\" \/>\n<meta property=\"og:locale\" content=\"fr_FR\" \/>\n<meta property=\"og:type\" content=\"article\" \/>\n<meta property=\"og:title\" content=\"Aqara Roller shade driver E1 - Planitpower\" \/>\n<meta property=\"og:description\" content=\"Upgrade your blinds with the Aqara Roller Shade Driver E1 \u2014 a smart, battery-powered solution for automating roller shades. Compatible with HomeKit, Alexa, and Google Assistant for easy, voice-controlled comfort.\" \/>\n<meta property=\"og:url\" content=\"https:\/\/planitpower.com\/fr\/boutique\/moteur-de-store-enrouleur-e1\/\" \/>\n<meta property=\"og:site_name\" content=\"Planitpower\" \/>\n<meta property=\"article:modified_time\" content=\"2025-12-25T00:27:18+00:00\" \/>\n<meta property=\"og:image\" content=\"https:\/\/i0.wp.com\/planitpower.com\/wp-content\/uploads\/2025\/11\/1_53301595-7f66-4929-a3a7-669ee94ad190.webp?fit=1200%2C1200&ssl=1\" \/>\n\t<meta property=\"og:image:width\" content=\"1200\" \/>\n\t<meta property=\"og:image:height\" content=\"1200\" \/>\n\t<meta property=\"og:image:type\" content=\"image\/webp\" \/>\n<meta name=\"twitter:card\" content=\"summary_large_image\" \/>\n<meta name=\"twitter:label1\" content=\"Dur\u00e9e de lecture estim\u00e9e\" \/>\n\t<meta name=\"twitter:data1\" content=\"2 minutes\" \/>\n<script type=\"application\/ld+json\" class=\"yoast-schema-graph\">{\"@context\":\"https:\\\/\\\/schema.org\",\"@graph\":[{\"@type\":\"WebPage\",\"@id\":\"https:\\\/\\\/planitpower.com\\\/shop\\\/roller-shade-driver-e1\\\/\",\"url\":\"https:\\\/\\\/planitpower.com\\\/shop\\\/roller-shade-driver-e1\\\/\",\"name\":\"Aqara Roller shade driver E1 - Planitpower\",\"isPartOf\":{\"@id\":\"https:\\\/\\\/planitpower.com\\\/#website\"},\"primaryImageOfPage\":{\"@id\":\"https:\\\/\\\/planitpower.com\\\/shop\\\/roller-shade-driver-e1\\\/#primaryimage\"},\"image\":{\"@id\":\"https:\\\/\\\/planitpower.com\\\/shop\\\/roller-shade-driver-e1\\\/#primaryimage\"},\"thumbnailUrl\":\"https:\\\/\\\/i0.wp.com\\\/planitpower.com\\\/wp-content\\\/uploads\\\/2025\\\/11\\\/1_53301595-7f66-4929-a3a7-669ee94ad190.webp?fit=1200%2C1200&ssl=1\",\"datePublished\":\"2025-12-25T00:27:15+00:00\",\"dateModified\":\"2025-12-25T00:27:18+00:00\",\"description\":\"Upgrade your blinds with the Aqara Roller Shade Driver E1 \u2014 a smart, battery-powered solution for automating roller shades. Compatible with HomeKit, Alexa, and Google Assistant for easy, voice-controlled comfort.\",\"breadcrumb\":{\"@id\":\"https:\\\/\\\/planitpower.com\\\/shop\\\/roller-shade-driver-e1\\\/#breadcrumb\"},\"inLanguage\":\"fr-FR\",\"potentialAction\":[{\"@type\":\"ReadAction\",\"target\":[\"https:\\\/\\\/planitpower.com\\\/shop\\\/roller-shade-driver-e1\\\/\"]}]},{\"@type\":\"ImageObject\",\"inLanguage\":\"fr-FR\",\"@id\":\"https:\\\/\\\/planitpower.com\\\/shop\\\/roller-shade-driver-e1\\\/#primaryimage\",\"url\":\"https:\\\/\\\/i0.wp.com\\\/planitpower.com\\\/wp-content\\\/uploads\\\/2025\\\/11\\\/1_53301595-7f66-4929-a3a7-669ee94ad190.webp?fit=1200%2C1200&ssl=1\",\"contentUrl\":\"https:\\\/\\\/i0.wp.com\\\/planitpower.com\\\/wp-content\\\/uploads\\\/2025\\\/11\\\/1_53301595-7f66-4929-a3a7-669ee94ad190.webp?fit=1200%2C1200&ssl=1\",\"width\":1200,\"height\":1200,\"caption\":\"Aqara Roller Shade Driver E1 - Planitpower - 4\"},{\"@type\":\"BreadcrumbList\",\"@id\":\"https:\\\/\\\/planitpower.com\\\/shop\\\/roller-shade-driver-e1\\\/#breadcrumb\",\"itemListElement\":[{\"@type\":\"ListItem\",\"position\":1,\"name\":\"Home\",\"item\":\"https:\\\/\\\/planitpower.com\\\/\"},{\"@type\":\"ListItem\",\"position\":2,\"name\":\"SHOP\",\"item\":\"https:\\\/\\\/planitpower.com\\\/shop\\\/\"},{\"@type\":\"ListItem\",\"position\":3,\"name\":\"Aqara Roller shade driver E1\"}]},{\"@type\":\"WebSite\",\"@id\":\"https:\\\/\\\/planitpower.com\\\/#website\",\"url\":\"https:\\\/\\\/planitpower.com\\\/\",\"name\":\"Planitpower\",\"description\":\"Inspire energy\",\"publisher\":{\"@id\":\"https:\\\/\\\/planitpower.com\\\/#\\\/schema\\\/person\\\/b531587eda267b930b04174d12de6efa\"},\"potentialAction\":[{\"@type\":\"SearchAction\",\"target\":{\"@type\":\"EntryPoint\",\"urlTemplate\":\"https:\\\/\\\/planitpower.com\\\/?s={search_term_string}\"},\"query-input\":{\"@type\":\"PropertyValueSpecification\",\"valueRequired\":true,\"valueName\":\"search_term_string\"}}],\"inLanguage\":\"fr-FR\"},{\"@type\":[\"Person\",\"Organization\"],\"@id\":\"https:\\\/\\\/planitpower.com\\\/#\\\/schema\\\/person\\\/b531587eda267b930b04174d12de6efa\",\"name\":\"Editorial Team\",\"image\":{\"@type\":\"ImageObject\",\"inLanguage\":\"fr-FR\",\"@id\":\"https:\\\/\\\/i0.wp.com\\\/planitpower.com\\\/wp-content\\\/uploads\\\/2025\\\/12\\\/cropped-planitpower_circle_375x375.png?fit=512%2C512&ssl=1\",\"url\":\"https:\\\/\\\/i0.wp.com\\\/planitpower.com\\\/wp-content\\\/uploads\\\/2025\\\/12\\\/cropped-planitpower_circle_375x375.png?fit=512%2C512&ssl=1\",\"contentUrl\":\"https:\\\/\\\/i0.wp.com\\\/planitpower.com\\\/wp-content\\\/uploads\\\/2025\\\/12\\\/cropped-planitpower_circle_375x375.png?fit=512%2C512&ssl=1\",\"width\":512,\"height\":512,\"caption\":\"Editorial Team\"},\"logo\":{\"@id\":\"https:\\\/\\\/i0.wp.com\\\/planitpower.com\\\/wp-content\\\/uploads\\\/2025\\\/12\\\/cropped-planitpower_circle_375x375.png?fit=512%2C512&ssl=1\"},\"sameAs\":[\"https:\\\/\\\/Planitpower.com\"]}]}<\/script>\n<!-- \/ Yoast SEO plugin. -->","yoast_head_json":{"title":"Moteur de store enrouleur Aqara E1 - Planitpower","description":"Modernisez vos stores avec le moteur de stores enrouleurs Aqara E1\u00a0: une solution intelligente et sans fil pour automatiser vos stores enrouleurs. Compatible avec HomeKit, Alexa et Google Assistant pour un confort optimal gr\u00e2ce \u00e0 la commande vocale.","robots":{"index":"index","follow":"follow","max-snippet":"max-snippet:-1","max-image-preview":"max-image-preview:large","max-video-preview":"max-video-preview:-1"},"canonical":"https:\/\/planitpower.com\/fr\/boutique\/moteur-de-store-enrouleur-e1\/","og_locale":"fr_FR","og_type":"article","og_title":"Aqara Roller shade driver E1 - Planitpower","og_description":"Upgrade your blinds with the Aqara Roller Shade Driver E1 \u2014 a smart, battery-powered solution for automating roller shades. Compatible with HomeKit, Alexa, and Google Assistant for easy, voice-controlled comfort.","og_url":"https:\/\/planitpower.com\/fr\/boutique\/moteur-de-store-enrouleur-e1\/","og_site_name":"Planitpower","article_modified_time":"2025-12-25T00:27:18+00:00","og_image":[{"width":1200,"height":1200,"url":"https:\/\/i0.wp.com\/planitpower.com\/wp-content\/uploads\/2025\/11\/1_53301595-7f66-4929-a3a7-669ee94ad190.webp?fit=1200%2C1200&ssl=1","type":"image\/webp"}],"twitter_card":"summary_large_image","twitter_misc":{"Dur\u00e9e de lecture estim\u00e9e":"2 minutes"},"schema":{"@context":"https:\/\/schema.org","@graph":[{"@type":"WebPage","@id":"https:\/\/planitpower.com\/shop\/roller-shade-driver-e1\/","url":"https:\/\/planitpower.com\/shop\/roller-shade-driver-e1\/","name":"Moteur de store enrouleur Aqara E1 - Planitpower","isPartOf":{"@id":"https:\/\/planitpower.com\/#website"},"primaryImageOfPage":{"@id":"https:\/\/planitpower.com\/shop\/roller-shade-driver-e1\/#primaryimage"},"image":{"@id":"https:\/\/planitpower.com\/shop\/roller-shade-driver-e1\/#primaryimage"},"thumbnailUrl":"https:\/\/i0.wp.com\/planitpower.com\/wp-content\/uploads\/2025\/11\/1_53301595-7f66-4929-a3a7-669ee94ad190.webp?fit=1200%2C1200&ssl=1","datePublished":"2025-12-25T00:27:15+00:00","dateModified":"2025-12-25T00:27:18+00:00","description":"Modernisez vos stores avec le moteur de stores enrouleurs Aqara E1\u00a0: une solution intelligente et sans fil pour automatiser vos stores enrouleurs. Compatible avec HomeKit, Alexa et Google Assistant pour un confort optimal gr\u00e2ce \u00e0 la commande vocale.","breadcrumb":{"@id":"https:\/\/planitpower.com\/shop\/roller-shade-driver-e1\/#breadcrumb"},"inLanguage":"fr-FR","potentialAction":[{"@type":"ReadAction","target":["https:\/\/planitpower.com\/shop\/roller-shade-driver-e1\/"]}]},{"@type":"ImageObject","inLanguage":"fr-FR","@id":"https:\/\/planitpower.com\/shop\/roller-shade-driver-e1\/#primaryimage","url":"https:\/\/i0.wp.com\/planitpower.com\/wp-content\/uploads\/2025\/11\/1_53301595-7f66-4929-a3a7-669ee94ad190.webp?fit=1200%2C1200&ssl=1","contentUrl":"https:\/\/i0.wp.com\/planitpower.com\/wp-content\/uploads\/2025\/11\/1_53301595-7f66-4929-a3a7-669ee94ad190.webp?fit=1200%2C1200&ssl=1","width":1200,"height":1200,"caption":"Aqara Roller Shade Driver E1 - Planitpower - 4"},{"@type":"BreadcrumbList","@id":"https:\/\/planitpower.com\/shop\/roller-shade-driver-e1\/#breadcrumb","itemListElement":[{"@type":"ListItem","position":1,"name":"Home","item":"https:\/\/planitpower.com\/"},{"@type":"ListItem","position":2,"name":"SHOP","item":"https:\/\/planitpower.com\/shop\/"},{"@type":"ListItem","position":3,"name":"Aqara Roller shade driver E1"}]},{"@type":"WebSite","@id":"https:\/\/planitpower.com\/#website","url":"https:\/\/planitpower.com\/","name":"Planitpower","description":"Inspirons l'\u00e9nergie!","publisher":{"@id":"https:\/\/planitpower.com\/#\/schema\/person\/b531587eda267b930b04174d12de6efa"},"potentialAction":[{"@type":"SearchAction","target":{"@type":"EntryPoint","urlTemplate":"https:\/\/planitpower.com\/?s={search_term_string}"},"query-input":{"@type":"PropertyValueSpecification","valueRequired":true,"valueName":"search_term_string"}}],"inLanguage":"fr-FR"},{"@type":["Person","Organization"],"@id":"https:\/\/planitpower.com\/#\/schema\/person\/b531587eda267b930b04174d12de6efa","name":"Equipe \u00e9ditoriale","image":{"@type":"ImageObject","inLanguage":"fr-FR","@id":"https:\/\/i0.wp.com\/planitpower.com\/wp-content\/uploads\/2025\/12\/cropped-planitpower_circle_375x375.png?fit=512%2C512&ssl=1","url":"https:\/\/i0.wp.com\/planitpower.com\/wp-content\/uploads\/2025\/12\/cropped-planitpower_circle_375x375.png?fit=512%2C512&ssl=1","contentUrl":"https:\/\/i0.wp.com\/planitpower.com\/wp-content\/uploads\/2025\/12\/cropped-planitpower_circle_375x375.png?fit=512%2C512&ssl=1","width":512,"height":512,"caption":"Editorial Team"},"logo":{"@id":"https:\/\/i0.wp.com\/planitpower.com\/wp-content\/uploads\/2025\/12\/cropped-planitpower_circle_375x375.png?fit=512%2C512&ssl=1"},"sameAs":["https:\/\/Planitpower.com"]}]}},"jetpack_publicize_connections":[],"jetpack_likes_enabled":true,"jetpack_sharing_enabled":true,"jetpack-related-posts":[{"id":4225,"url":"https:\/\/planitpower.com\/fr\/boutique\/controleur-de-store-enrouleur-aqara-t1s\/","url_meta":{"origin":4164,"position":0},"title":"Contr\u00f4leur de store enrouleur Aqara T1S","author":"Editorial Team","date":"25\/12\/2025","format":false,"excerpt":"Main Features Matter Over Bridge Support: Works seamlessly with major smart home platforms such as Apple Home, Google Home, Amazon Alexa, and more via the Aqara Hub. Precise Shade Control: Adjust your roller shades to the exact position you want using the Aqara Home app or voice commands. Energy Efficiency:\u2026","rel":"","context":"Article similaire","block_context":{"text":"Article similaire","link":""},"img":{"alt_text":"Aqara Roller Shade Controller T1S - Planitpower - 3","src":"https:\/\/i0.wp.com\/planitpower.com\/wp-content\/uploads\/2025\/11\/1_11_1920x1920.jpg?fit=1000%2C1000&ssl=1&resize=350%2C200","width":350,"height":200,"srcset":"https:\/\/i0.wp.com\/planitpower.com\/wp-content\/uploads\/2025\/11\/1_11_1920x1920.jpg?fit=1000%2C1000&ssl=1&resize=350%2C200 1x, https:\/\/i0.wp.com\/planitpower.com\/wp-content\/uploads\/2025\/11\/1_11_1920x1920.jpg?fit=1000%2C1000&ssl=1&resize=525%2C300 1.5x, https:\/\/i0.wp.com\/planitpower.com\/wp-content\/uploads\/2025\/11\/1_11_1920x1920.jpg?fit=1000%2C1000&ssl=1&resize=700%2C400 2x"},"classes":[]},{"id":4185,"url":"https:\/\/planitpower.com\/fr\/boutique\/moteur-de-rideau-aqara-version-e1\/","url_meta":{"origin":4164,"position":1},"title":"Moteur de rideau Aqara E1 (version tige)","author":"Editorial Team","date":"25\/12\/2025","format":false,"excerpt":"Main Features Easy Installation: Designed for rod-type curtains, it installs quickly without any tools or permanent modification to your curtain setup. Smart Control: Operate your curtains remotely via the Aqara Home app or integrate them into your smart home ecosystem. Voice & Automation Support: Compatible with Apple HomeKit, Alexa, Google\u2026","rel":"","context":"Article similaire","block_context":{"text":"Article similaire","link":""},"img":{"alt_text":"Aqara Curtain Driver E1 (Rod Version) - planitpower - 4","src":"https:\/\/i0.wp.com\/planitpower.com\/wp-content\/uploads\/2025\/11\/Curtain-Driver-E1-Rod_1920x1920.jpg?fit=1000%2C1000&ssl=1&resize=350%2C200","width":350,"height":200,"srcset":"https:\/\/i0.wp.com\/planitpower.com\/wp-content\/uploads\/2025\/11\/Curtain-Driver-E1-Rod_1920x1920.jpg?fit=1000%2C1000&ssl=1&resize=350%2C200 1x, https:\/\/i0.wp.com\/planitpower.com\/wp-content\/uploads\/2025\/11\/Curtain-Driver-E1-Rod_1920x1920.jpg?fit=1000%2C1000&ssl=1&resize=525%2C300 1.5x, https:\/\/i0.wp.com\/planitpower.com\/wp-content\/uploads\/2025\/11\/Curtain-Driver-E1-Rod_1920x1920.jpg?fit=1000%2C1000&ssl=1&resize=700%2C400 2x"},"classes":[]},{"id":4192,"url":"https:\/\/planitpower.com\/fr\/boutique\/version-a-rail-du-moteur-de-rideau-aqara-e1\/","url_meta":{"origin":4164,"position":2},"title":"Moteur de rideau Aqara E1 (Version pour rails)","author":"Editorial Team","date":"25\/12\/2025","format":false,"excerpt":"Main Features Smart Curtain Automation \u2013 Open or close your curtains automatically via the Aqara app, voice command, or smart schedules. Wide Compatibility \u2013 Works with major smart home platforms, including Apple HomeKit, Amazon Alexa, Google Assistant, IFTTT, and Matter (via Aqara Hub). Powerful Motor and Smooth Motion \u2013 Ensures\u2026","rel":"","context":"Article similaire","block_context":{"text":"Article similaire","link":""},"img":{"alt_text":"Aqara Curtain Driver E1 (Track Version) - planitpower - 3","src":"https:\/\/i0.wp.com\/planitpower.com\/wp-content\/uploads\/2025\/11\/Curtain-Driver-E1-track_1920x1920.jpg?fit=1000%2C1000&ssl=1&resize=350%2C200","width":350,"height":200,"srcset":"https:\/\/i0.wp.com\/planitpower.com\/wp-content\/uploads\/2025\/11\/Curtain-Driver-E1-track_1920x1920.jpg?fit=1000%2C1000&ssl=1&resize=350%2C200 1x, https:\/\/i0.wp.com\/planitpower.com\/wp-content\/uploads\/2025\/11\/Curtain-Driver-E1-track_1920x1920.jpg?fit=1000%2C1000&ssl=1&resize=525%2C300 1.5x, https:\/\/i0.wp.com\/planitpower.com\/wp-content\/uploads\/2025\/11\/Curtain-Driver-E1-track_1920x1920.jpg?fit=1000%2C1000&ssl=1&resize=700%2C400 2x"},"classes":[]},{"id":4363,"url":"https:\/\/planitpower.com\/fr\/boutique\/interrupteur-dobturateur-aqara-h2-eu\/","url_meta":{"origin":4164,"position":3},"title":"Interrupteur \u00e0 obturateur Aqara H2 UE","author":"Editorial Team","date":"24\/11\/2025","format":false,"excerpt":"Main Features Dual Protocol Support: Works with Zigbee 3.0 and Matter-over-Bridge for future-proof smart home connectivity. Advanced Automation: Create smart routines using the Aqara Home app, such as opening blinds at sunrise or closing them when leaving home. Multi-Platform Compatibility: Fully integrates with Apple HomeKit, Google Assistant, Amazon Alexa, and\u2026","rel":"","context":"Article similaire","block_context":{"text":"Article similaire","link":""},"img":{"alt_text":"Aqara Shutter Switch H2 EU - planitpower - 3","src":"https:\/\/i0.wp.com\/planitpower.com\/wp-content\/uploads\/2025\/11\/Aqara_Shutter_Switch_H2_EU_1.webp?fit=1200%2C1200&ssl=1&resize=350%2C200","width":350,"height":200,"srcset":"https:\/\/i0.wp.com\/planitpower.com\/wp-content\/uploads\/2025\/11\/Aqara_Shutter_Switch_H2_EU_1.webp?fit=1200%2C1200&ssl=1&resize=350%2C200 1x, https:\/\/i0.wp.com\/planitpower.com\/wp-content\/uploads\/2025\/11\/Aqara_Shutter_Switch_H2_EU_1.webp?fit=1200%2C1200&ssl=1&resize=525%2C300 1.5x, https:\/\/i0.wp.com\/planitpower.com\/wp-content\/uploads\/2025\/11\/Aqara_Shutter_Switch_H2_EU_1.webp?fit=1200%2C1200&ssl=1&resize=700%2C400 2x, https:\/\/i0.wp.com\/planitpower.com\/wp-content\/uploads\/2025\/11\/Aqara_Shutter_Switch_H2_EU_1.webp?fit=1200%2C1200&ssl=1&resize=1050%2C600 3x"},"classes":[]},{"id":4574,"url":"https:\/\/planitpower.com\/fr\/boutique\/hub-aqara-e1\/","url_meta":{"origin":4164,"position":4},"title":"Aqara Hub E1","author":"Editorial Team","date":"15\/11\/2025","format":false,"excerpt":"Caract\u00e9ristiques principales : Compatibilit\u00e9 \u00e9tendue avec les \u00e9cosyst\u00e8mes : Le hub E1 permet \u00e0 vos appareils Aqara pour enfants de s&#039;int\u00e9grer aux principales plateformes, notamment Apple HomeKit, Amazon Alexa, Google Assistant et IFTTT, vous offrant ainsi un contr\u00f4le vocal et via application gr\u00e2ce \u00e0 des syst\u00e8mes familiers. Prise en charge de jusqu&#039;\u00e0 128 appareils Zigbee : Utilisant la technologie Zigbee 3.0, ce hub prend en charge\u2026","rel":"","context":"Article similaire","block_context":{"text":"Article similaire","link":""},"img":{"alt_text":"Aqara Hub E1 - planitpower - 1","src":"https:\/\/i0.wp.com\/planitpower.com\/wp-content\/uploads\/2025\/11\/Aqara-Hub-E1-packshot_1920x1920.jpg?fit=1000%2C1000&ssl=1&resize=350%2C200","width":350,"height":200,"srcset":"https:\/\/i0.wp.com\/planitpower.com\/wp-content\/uploads\/2025\/11\/Aqara-Hub-E1-packshot_1920x1920.jpg?fit=1000%2C1000&ssl=1&resize=350%2C200 1x, https:\/\/i0.wp.com\/planitpower.com\/wp-content\/uploads\/2025\/11\/Aqara-Hub-E1-packshot_1920x1920.jpg?fit=1000%2C1000&ssl=1&resize=525%2C300 1.5x, https:\/\/i0.wp.com\/planitpower.com\/wp-content\/uploads\/2025\/11\/Aqara-Hub-E1-packshot_1920x1920.jpg?fit=1000%2C1000&ssl=1&resize=700%2C400 2x"},"classes":[]},{"id":4259,"url":"https:\/\/planitpower.com\/fr\/boutique\/thermostat-de-radiateur-aqara-e1\/","url_meta":{"origin":4164,"position":5},"title":"Thermostat de radiateur Aqara E1","author":"Editorial Team","date":"25\/12\/2025","format":false,"excerpt":"Main Features Smart temperature control \u2013 Manage each room individually for optimal comfort and efficiency. Zigbee 3.0 & Matter-ready \u2013 Ensures fast, reliable, and low-energy communication with compatible hubs. Voice and app control \u2013 Operate your heating hands-free via Siri, Alexa, or Google Assistant. Advanced automation \u2013 Supports schedules, geofencing,\u2026","rel":"","context":"Article similaire","block_context":{"text":"Article similaire","link":""},"img":{"alt_text":"Aqara Radiator Thermostat E1 - planitpower - 2","src":"https:\/\/i0.wp.com\/planitpower.com\/wp-content\/uploads\/2025\/11\/Aqara-Radiator-Thermostat-E1_Product_5-scaled.png?fit=1200%2C675&ssl=1&resize=350%2C200","width":350,"height":200,"srcset":"https:\/\/i0.wp.com\/planitpower.com\/wp-content\/uploads\/2025\/11\/Aqara-Radiator-Thermostat-E1_Product_5-scaled.png?fit=1200%2C675&ssl=1&resize=350%2C200 1x, https:\/\/i0.wp.com\/planitpower.com\/wp-content\/uploads\/2025\/11\/Aqara-Radiator-Thermostat-E1_Product_5-scaled.png?fit=1200%2C675&ssl=1&resize=525%2C300 1.5x, https:\/\/i0.wp.com\/planitpower.com\/wp-content\/uploads\/2025\/11\/Aqara-Radiator-Thermostat-E1_Product_5-scaled.png?fit=1200%2C675&ssl=1&resize=700%2C400 2x, https:\/\/i0.wp.com\/planitpower.com\/wp-content\/uploads\/2025\/11\/Aqara-Radiator-Thermostat-E1_Product_5-scaled.png?fit=1200%2C675&ssl=1&resize=1050%2C600 3x"},"classes":[]}],"_links":{"self":[{"href":"https:\/\/planitpower.com\/fr\/wp-json\/wp\/v2\/product\/4164","targetHints":{"allow":["GET"]}}],"collection":[{"href":"https:\/\/planitpower.com\/fr\/wp-json\/wp\/v2\/product"}],"about":[{"href":"https:\/\/planitpower.com\/fr\/wp-json\/wp\/v2\/types\/product"}],"replies":[{"embeddable":true,"href":"https:\/\/planitpower.com\/fr\/wp-json\/wp\/v2\/comments?post=4164"}],"version-history":[{"count":0,"href":"https:\/\/planitpower.com\/fr\/wp-json\/wp\/v2\/product\/4164\/revisions"}],"wp:featuredmedia":[{"embeddable":true,"href":"https:\/\/planitpower.com\/fr\/wp-json\/wp\/v2\/media\/4165"}],"wp:attachment":[{"href":"https:\/\/planitpower.com\/fr\/wp-json\/wp\/v2\/media?parent=4164"}],"wp:term":[{"taxonomy":"product_brand","embeddable":true,"href":"https:\/\/planitpower.com\/fr\/wp-json\/wp\/v2\/product_brand?post=4164"},{"taxonomy":"product_cat","embeddable":true,"href":"https:\/\/planitpower.com\/fr\/wp-json\/wp\/v2\/product_cat?post=4164"},{"taxonomy":"product_tag","embeddable":true,"href":"https:\/\/planitpower.com\/fr\/wp-json\/wp\/v2\/product_tag?post=4164"}],"curies":[{"name":"wp","href":"https:\/\/api.w.org\/{rel}","templated":true}]}}