{"id":4172,"date":"2025-11-24T12:44:50","date_gmt":"2025-11-24T12:44:50","guid":{"rendered":"https:\/\/planitpower.com\/?post_type=product&#038;p=4172"},"modified":"2025-12-24T23:51:48","modified_gmt":"2025-12-24T23:51:48","slug":"hub-de-camera-aqara-g3","status":"publish","type":"product","link":"https:\/\/planitpower.com\/fr\/boutique\/securite\/camera-intelligente\/hub-de-camera-aqara-g3\/","title":{"rendered":"Aqara Camera Hub G3"},"content":{"rendered":"<h3 class=\"wp-block-heading\"><strong>Description<\/strong><\/h3>\n\n\n\n<p>Le <strong>Aqara Camera Hub G3<\/strong> La cam\u00e9ra Aqara Camera Hub G3 est une cam\u00e9ra de s\u00e9curit\u00e9 connect\u00e9e de pointe con\u00e7ue pour une surveillance optimale et une automatisation intelligente de votre maison. Dot\u00e9e d&#039;une r\u00e9solution 2K, de la reconnaissance faciale et gestuelle par IA et d&#039;une compatibilit\u00e9 totale avec les \u00e9cosyst\u00e8mes domotiques les plus populaires comme Apple HomeKit, Google Home et Amazon Alexa, cette cam\u00e9ra tout-en-un fait office \u00e0 la fois de cam\u00e9ra de s\u00e9curit\u00e9 et de hub Zigbee 3.0. Son design \u00e9l\u00e9gant et compact int\u00e8gre un syst\u00e8me motoris\u00e9 de panoramique et d&#039;inclinaison offrant une vision \u00e0 360\u00b0 et garantissant une couverture compl\u00e8te de votre domicile. La Camera Hub G3 d&#039;Aqara renforce non seulement la s\u00e9curit\u00e9 de votre maison, mais s&#039;int\u00e8gre \u00e9galement intelligemment avec les autres appareils Aqara, permettant ainsi de d\u00e9clencher des routines automatis\u00e9es par d\u00e9tection de mouvement ou de son.<\/p>\n\n\n\n<h3 class=\"wp-block-heading\"><strong>Sp\u00e9cifications techniques<\/strong><\/h3>\n\n\n\n<p><\/p>\n\n\n\n<figure class=\"wp-block-table\"><table class=\"has-fixed-layout\"><thead><tr><th><strong>Sp\u00e9cifications<\/strong><\/th><th><strong>D\u00e9tails<\/strong><\/th><\/tr><\/thead><tbody><tr><td><strong>R\u00e9solution vid\u00e9o<\/strong><\/td><td>2304 \u00d7 1296 (2K)<\/td><\/tr><tr><td><strong>Champ de vision<\/strong><\/td><td>diagonale de 110\u00b0<\/td><\/tr><tr><td><strong>Plage de rotation<\/strong><\/td><td>360\u00b0 horizontal, 110\u00b0 vertical<\/td><\/tr><tr><td><strong>Connectivit\u00e9<\/strong><\/td><td>Wi-Fi 2,4 GHz \/ 5 GHz, Zigbee 3.0<\/td><\/tr><tr><td><strong>Alimentation \u00e9lectrique<\/strong><\/td><td>USB Type-C, 5 V\/2 A<\/td><\/tr><tr><td><strong>Audio<\/strong><\/td><td>Audio bidirectionnel (microphone + haut-parleur)<\/td><\/tr><tr><td><strong>Options de stockage<\/strong><\/td><td>carte microSD (jusqu&#039;\u00e0 128 Go), stockage cloud<\/td><\/tr><tr><td><strong>Reconnaissance par IA<\/strong><\/td><td>D\u00e9tection des visages, des animaux de compagnie et des gestes<\/td><\/tr><tr><td><strong>Vision nocturne<\/strong><\/td><td>LED infrarouges 940 nm (invisibles)<\/td><\/tr><tr><td><strong>Temp\u00e9rature de fonctionnement<\/strong><\/td><td>-10\u00b0C \u00e0 40\u00b0C<\/td><\/tr><tr><td><strong>Dimensions<\/strong><\/td><td>123,4 \u00d7 85,1 \u00d7 67,8 mm<\/td><\/tr><tr><td><strong>Compatibilit\u00e9<\/strong><\/td><td>Apple HomeKit Secure Video, Google Home, Amazon Alexa, IFTTT<\/td><\/tr><tr><td><strong>App Support<\/strong><\/td><td>Aqara Home (iOS \/ Android)<\/td><\/tr><\/tbody><\/table><\/figure>","protected":false},"excerpt":{"rendered":"<h3 data-start=\"790\" data-end=\"813\"><strong data-start=\"794\" data-end=\"811\">Caract\u00e9ristiques principales<\/strong><\/h3>\n<ul data-start=\"814\" data-end=\"1998\">\n<li data-start=\"814\" data-end=\"974\">\n<p data-start=\"816\" data-end=\"974\"><strong data-start=\"816\" data-end=\"846\">Qualit\u00e9 vid\u00e9o 2K Ultra HD\u00a0:<\/strong> Capture des images nettes et d\u00e9taill\u00e9es gr\u00e2ce \u00e0 une r\u00e9solution de 2304 x 1296 pixels, garantissant des images claires m\u00eame en conditions de faible luminosit\u00e9.<\/p>\n<\/li>\n<li data-start=\"975\" data-end=\"1101\">\n<p data-start=\"977\" data-end=\"1101\"><strong data-start=\"977\" data-end=\"1004\">Reconnaissance bas\u00e9e sur l&#039;IA\u00a0:<\/strong> L&#039;intelligence artificielle avanc\u00e9e identifie les visages, les animaux domestiques et les gestes, permettant une automatisation et des alertes personnalis\u00e9es.<\/p>\n<\/li>\n<li data-start=\"1102\" data-end=\"1215\">\n<p data-start=\"1104\" data-end=\"1215\"><strong data-start=\"1104\" data-end=\"1135\">Couverture panoramique et d&#039;inclinaison compl\u00e8te\u00a0:<\/strong> Offre une rotation horizontale \u00e0 360\u00b0 et une rotation verticale \u00e0 110\u00b0 pour une couverture compl\u00e8te de la pi\u00e8ce.<\/p>\n<\/li>\n<li data-start=\"1216\" data-end=\"1335\">\n<p data-start=\"1218\" data-end=\"1335\"><strong data-start=\"1218\" data-end=\"1243\">Concentrateur intelligent Zigbee 3.0\u00a0:<\/strong> Permet de connecter et de contr\u00f4ler jusqu&#039;\u00e0 128 appareils intelligents Aqara tels que des capteurs, des interrupteurs et des serrures.<\/p>\n<\/li>\n<li data-start=\"1336\" data-end=\"1461\">\n<p data-start=\"1338\" data-end=\"1461\"><strong data-start=\"1338\" data-end=\"1366\">Mode de protection de la vie priv\u00e9e\u00a0:<\/strong> L&#039;objectif se tourne automatiquement vers le bas lorsque la cam\u00e9ra n&#039;est pas utilis\u00e9e, garantissant ainsi une confidentialit\u00e9 totale.<\/p>\n<\/li>\n<li data-start=\"1462\" data-end=\"1555\">\n<p data-start=\"1464\" data-end=\"1555\"><strong data-start=\"1464\" data-end=\"1484\">Vision nocturne infrarouge :<\/strong> \u00c9quip\u00e9 de LED infrarouges invisibles pour une surveillance nocturne discr\u00e8te.<\/p>\n<\/li>\n<li data-start=\"1556\" data-end=\"1662\">\n<p data-start=\"1558\" data-end=\"1662\"><strong data-start=\"1558\" data-end=\"1591\">Connectivit\u00e9 Wi-Fi double bande\u00a0:<\/strong> Compatible avec les r\u00e9seaux Wi-Fi 2,4 GHz et 5 GHz pour des connexions stables et rapides.<\/p>\n<\/li>\n<li data-start=\"1663\" data-end=\"1780\">\n<p data-start=\"1665\" data-end=\"1780\"><strong data-start=\"1665\" data-end=\"1697\">Int\u00e9gration de l&#039;assistant vocal\u00a0:<\/strong> Fonctionne parfaitement avec Apple Siri, Alexa et Google Assistant pour la commande vocale.<\/p>\n<\/li>\n<li data-start=\"1781\" data-end=\"1889\">\n<p data-start=\"1783\" data-end=\"1889\"><strong data-start=\"1783\" data-end=\"1801\">Audio bidirectionnel\u00a0:<\/strong> Le microphone et le haut-parleur int\u00e9gr\u00e9s permettent une communication claire via l&#039;application Aqara Home.<\/p>\n<\/li>\n<li data-start=\"1890\" data-end=\"1998\">\n<p data-start=\"1892\" data-end=\"1998\"><strong data-start=\"1892\" data-end=\"1920\">Stockage local et cloud\u00a0:<\/strong> Offre des options d&#039;enregistrement flexibles via carte microSD ou stockage cloud s\u00e9curis\u00e9.<\/p>\n<\/li>\n<\/ul>","protected":false},"featured_media":4175,"comment_status":"open","ping_status":"closed","template":"","meta":{"jetpack_post_was_ever_published":false,"jetpack_publicize_message":"","jetpack_publicize_feature_enabled":true,"jetpack_social_post_already_shared":true,"jetpack_social_options":{"image_generator_settings":{"template":"highway","default_image_id":0,"font":"","enabled":false},"version":2}},"product_brand":[103],"product_cat":[136],"product_tag":[],"class_list":{"0":"post-4172","1":"product","2":"type-product","3":"status-publish","4":"has-post-thumbnail","6":"product_brand-aqara","7":"product_cat-smart-camera","9":"first","10":"instock","11":"taxable","12":"shipping-taxable","13":"purchasable","14":"product-type-simple"},"yoast_head":"<!-- This site is optimized with the Yoast SEO plugin v27.3 - https:\/\/yoast.com\/product\/yoast-seo-wordpress\/ -->\n<title>Aqara Camera Hub G3 - Planitpower<\/title>\n<meta name=\"description\" content=\"Discover the Aqara Camera Hub G3 \u2013 a 2K smart home security camera with AI face recognition, 360\u00b0 pan-tilt coverage, and Zigbee 3.0 hub integration. Ideal for seamless home automation and privacy protection.\" \/>\n<meta name=\"robots\" content=\"index, follow, max-snippet:-1, max-image-preview:large, max-video-preview:-1\" \/>\n<link rel=\"canonical\" href=\"https:\/\/planitpower.com\/fr\/boutique\/securite\/camera-intelligente\/hub-de-camera-aqara-g3\/\" \/>\n<meta property=\"og:locale\" content=\"fr_FR\" \/>\n<meta property=\"og:type\" content=\"article\" \/>\n<meta property=\"og:title\" content=\"Aqara Camera Hub G3 - Planitpower\" \/>\n<meta property=\"og:description\" content=\"Discover the Aqara Camera Hub G3 \u2013 a 2K smart home security camera with AI face recognition, 360\u00b0 pan-tilt coverage, and Zigbee 3.0 hub integration. Ideal for seamless home automation and privacy protection.\" \/>\n<meta property=\"og:url\" content=\"https:\/\/planitpower.com\/fr\/boutique\/securite\/camera-intelligente\/hub-de-camera-aqara-g3\/\" \/>\n<meta property=\"og:site_name\" content=\"Planitpower\" \/>\n<meta property=\"article:modified_time\" content=\"2025-12-24T23:51:48+00:00\" \/>\n<meta property=\"og:image\" content=\"https:\/\/planitpower.com\/wp-content\/uploads\/2025\/11\/Aqara-g3-packshot_1920x1920.jpg\" \/>\n\t<meta property=\"og:image:width\" content=\"1000\" \/>\n\t<meta property=\"og:image:height\" content=\"1000\" \/>\n\t<meta property=\"og:image:type\" content=\"image\/jpeg\" \/>\n<meta name=\"twitter:card\" content=\"summary_large_image\" \/>\n<meta name=\"twitter:label1\" content=\"Dur\u00e9e de lecture estim\u00e9e\" \/>\n\t<meta name=\"twitter:data1\" content=\"2 minutes\" \/>\n<script type=\"application\/ld+json\" class=\"yoast-schema-graph\">{\"@context\":\"https:\\\/\\\/schema.org\",\"@graph\":[{\"@type\":\"WebPage\",\"@id\":\"https:\\\/\\\/planitpower.com\\\/shop\\\/security\\\/smart-camera\\\/aqara-camera-hub-g3\\\/\",\"url\":\"https:\\\/\\\/planitpower.com\\\/shop\\\/security\\\/smart-camera\\\/aqara-camera-hub-g3\\\/\",\"name\":\"Aqara Camera Hub G3 - Planitpower\",\"isPartOf\":{\"@id\":\"https:\\\/\\\/planitpower.com\\\/#website\"},\"primaryImageOfPage\":{\"@id\":\"https:\\\/\\\/planitpower.com\\\/shop\\\/security\\\/smart-camera\\\/aqara-camera-hub-g3\\\/#primaryimage\"},\"image\":{\"@id\":\"https:\\\/\\\/planitpower.com\\\/shop\\\/security\\\/smart-camera\\\/aqara-camera-hub-g3\\\/#primaryimage\"},\"thumbnailUrl\":\"https:\\\/\\\/i0.wp.com\\\/planitpower.com\\\/wp-content\\\/uploads\\\/2025\\\/11\\\/Aqara-g3-packshot_1920x1920.jpg?fit=1000%2C1000&ssl=1\",\"datePublished\":\"2025-11-24T12:44:50+00:00\",\"dateModified\":\"2025-12-24T23:51:48+00:00\",\"description\":\"Discover the Aqara Camera Hub G3 \u2013 a 2K smart home security camera with AI face recognition, 360\u00b0 pan-tilt coverage, and Zigbee 3.0 hub integration. Ideal for seamless home automation and privacy protection.\",\"breadcrumb\":{\"@id\":\"https:\\\/\\\/planitpower.com\\\/shop\\\/security\\\/smart-camera\\\/aqara-camera-hub-g3\\\/#breadcrumb\"},\"inLanguage\":\"fr-FR\",\"potentialAction\":[{\"@type\":\"ReadAction\",\"target\":[\"https:\\\/\\\/planitpower.com\\\/shop\\\/security\\\/smart-camera\\\/aqara-camera-hub-g3\\\/\"]}]},{\"@type\":\"ImageObject\",\"inLanguage\":\"fr-FR\",\"@id\":\"https:\\\/\\\/planitpower.com\\\/shop\\\/security\\\/smart-camera\\\/aqara-camera-hub-g3\\\/#primaryimage\",\"url\":\"https:\\\/\\\/i0.wp.com\\\/planitpower.com\\\/wp-content\\\/uploads\\\/2025\\\/11\\\/Aqara-g3-packshot_1920x1920.jpg?fit=1000%2C1000&ssl=1\",\"contentUrl\":\"https:\\\/\\\/i0.wp.com\\\/planitpower.com\\\/wp-content\\\/uploads\\\/2025\\\/11\\\/Aqara-g3-packshot_1920x1920.jpg?fit=1000%2C1000&ssl=1\",\"width\":1000,\"height\":1000,\"caption\":\"Camera Hub G3 - planitpower - 1\"},{\"@type\":\"BreadcrumbList\",\"@id\":\"https:\\\/\\\/planitpower.com\\\/shop\\\/security\\\/smart-camera\\\/aqara-camera-hub-g3\\\/#breadcrumb\",\"itemListElement\":[{\"@type\":\"ListItem\",\"position\":1,\"name\":\"Home\",\"item\":\"https:\\\/\\\/planitpower.com\\\/\"},{\"@type\":\"ListItem\",\"position\":2,\"name\":\"SHOP\",\"item\":\"https:\\\/\\\/planitpower.com\\\/shop\\\/\"},{\"@type\":\"ListItem\",\"position\":3,\"name\":\"Aqara Camera Hub G3\"}]},{\"@type\":\"WebSite\",\"@id\":\"https:\\\/\\\/planitpower.com\\\/#website\",\"url\":\"https:\\\/\\\/planitpower.com\\\/\",\"name\":\"Planitpower\",\"description\":\"Inspire energy\",\"publisher\":{\"@id\":\"https:\\\/\\\/planitpower.com\\\/#\\\/schema\\\/person\\\/b531587eda267b930b04174d12de6efa\"},\"potentialAction\":[{\"@type\":\"SearchAction\",\"target\":{\"@type\":\"EntryPoint\",\"urlTemplate\":\"https:\\\/\\\/planitpower.com\\\/?s={search_term_string}\"},\"query-input\":{\"@type\":\"PropertyValueSpecification\",\"valueRequired\":true,\"valueName\":\"search_term_string\"}}],\"inLanguage\":\"fr-FR\"},{\"@type\":[\"Person\",\"Organization\"],\"@id\":\"https:\\\/\\\/planitpower.com\\\/#\\\/schema\\\/person\\\/b531587eda267b930b04174d12de6efa\",\"name\":\"Editorial Team\",\"image\":{\"@type\":\"ImageObject\",\"inLanguage\":\"fr-FR\",\"@id\":\"https:\\\/\\\/i0.wp.com\\\/planitpower.com\\\/wp-content\\\/uploads\\\/2025\\\/12\\\/cropped-planitpower_circle_375x375.png?fit=512%2C512&ssl=1\",\"url\":\"https:\\\/\\\/i0.wp.com\\\/planitpower.com\\\/wp-content\\\/uploads\\\/2025\\\/12\\\/cropped-planitpower_circle_375x375.png?fit=512%2C512&ssl=1\",\"contentUrl\":\"https:\\\/\\\/i0.wp.com\\\/planitpower.com\\\/wp-content\\\/uploads\\\/2025\\\/12\\\/cropped-planitpower_circle_375x375.png?fit=512%2C512&ssl=1\",\"width\":512,\"height\":512,\"caption\":\"Editorial Team\"},\"logo\":{\"@id\":\"https:\\\/\\\/i0.wp.com\\\/planitpower.com\\\/wp-content\\\/uploads\\\/2025\\\/12\\\/cropped-planitpower_circle_375x375.png?fit=512%2C512&ssl=1\"},\"sameAs\":[\"https:\\\/\\\/Planitpower.com\"]}]}<\/script>\n<!-- \/ Yoast SEO plugin. -->","yoast_head_json":{"title":"Aqara Camera Hub G3 - Planitpower","description":"D\u00e9couvrez la cam\u00e9ra Aqara Camera Hub G3\u00a0: une cam\u00e9ra de s\u00e9curit\u00e9 connect\u00e9e 2K pour la maison, dot\u00e9e de la reconnaissance faciale par IA, d\u2019une couverture panoramique et d\u2019inclinaison \u00e0 360\u00b0 et de l\u2019int\u00e9gration avec un hub Zigbee 3.0. Id\u00e9ale pour une domotique fluide et une protection optimale de votre vie priv\u00e9e.","robots":{"index":"index","follow":"follow","max-snippet":"max-snippet:-1","max-image-preview":"max-image-preview:large","max-video-preview":"max-video-preview:-1"},"canonical":"https:\/\/planitpower.com\/fr\/boutique\/securite\/camera-intelligente\/hub-de-camera-aqara-g3\/","og_locale":"fr_FR","og_type":"article","og_title":"Aqara Camera Hub G3 - Planitpower","og_description":"Discover the Aqara Camera Hub G3 \u2013 a 2K smart home security camera with AI face recognition, 360\u00b0 pan-tilt coverage, and Zigbee 3.0 hub integration. Ideal for seamless home automation and privacy protection.","og_url":"https:\/\/planitpower.com\/fr\/boutique\/securite\/camera-intelligente\/hub-de-camera-aqara-g3\/","og_site_name":"Planitpower","article_modified_time":"2025-12-24T23:51:48+00:00","og_image":[{"width":1000,"height":1000,"url":"https:\/\/planitpower.com\/wp-content\/uploads\/2025\/11\/Aqara-g3-packshot_1920x1920.jpg","type":"image\/jpeg"}],"twitter_card":"summary_large_image","twitter_misc":{"Dur\u00e9e de lecture estim\u00e9e":"2 minutes"},"schema":{"@context":"https:\/\/schema.org","@graph":[{"@type":"WebPage","@id":"https:\/\/planitpower.com\/shop\/security\/smart-camera\/aqara-camera-hub-g3\/","url":"https:\/\/planitpower.com\/shop\/security\/smart-camera\/aqara-camera-hub-g3\/","name":"Aqara Camera Hub G3 - Planitpower","isPartOf":{"@id":"https:\/\/planitpower.com\/#website"},"primaryImageOfPage":{"@id":"https:\/\/planitpower.com\/shop\/security\/smart-camera\/aqara-camera-hub-g3\/#primaryimage"},"image":{"@id":"https:\/\/planitpower.com\/shop\/security\/smart-camera\/aqara-camera-hub-g3\/#primaryimage"},"thumbnailUrl":"https:\/\/i0.wp.com\/planitpower.com\/wp-content\/uploads\/2025\/11\/Aqara-g3-packshot_1920x1920.jpg?fit=1000%2C1000&ssl=1","datePublished":"2025-11-24T12:44:50+00:00","dateModified":"2025-12-24T23:51:48+00:00","description":"D\u00e9couvrez la cam\u00e9ra Aqara Camera Hub G3\u00a0: une cam\u00e9ra de s\u00e9curit\u00e9 connect\u00e9e 2K pour la maison, dot\u00e9e de la reconnaissance faciale par IA, d\u2019une couverture panoramique et d\u2019inclinaison \u00e0 360\u00b0 et de l\u2019int\u00e9gration avec un hub Zigbee 3.0. Id\u00e9ale pour une domotique fluide et une protection optimale de votre vie priv\u00e9e.","breadcrumb":{"@id":"https:\/\/planitpower.com\/shop\/security\/smart-camera\/aqara-camera-hub-g3\/#breadcrumb"},"inLanguage":"fr-FR","potentialAction":[{"@type":"ReadAction","target":["https:\/\/planitpower.com\/shop\/security\/smart-camera\/aqara-camera-hub-g3\/"]}]},{"@type":"ImageObject","inLanguage":"fr-FR","@id":"https:\/\/planitpower.com\/shop\/security\/smart-camera\/aqara-camera-hub-g3\/#primaryimage","url":"https:\/\/i0.wp.com\/planitpower.com\/wp-content\/uploads\/2025\/11\/Aqara-g3-packshot_1920x1920.jpg?fit=1000%2C1000&ssl=1","contentUrl":"https:\/\/i0.wp.com\/planitpower.com\/wp-content\/uploads\/2025\/11\/Aqara-g3-packshot_1920x1920.jpg?fit=1000%2C1000&ssl=1","width":1000,"height":1000,"caption":"Camera Hub G3 - planitpower - 1"},{"@type":"BreadcrumbList","@id":"https:\/\/planitpower.com\/shop\/security\/smart-camera\/aqara-camera-hub-g3\/#breadcrumb","itemListElement":[{"@type":"ListItem","position":1,"name":"Home","item":"https:\/\/planitpower.com\/"},{"@type":"ListItem","position":2,"name":"SHOP","item":"https:\/\/planitpower.com\/shop\/"},{"@type":"ListItem","position":3,"name":"Aqara Camera Hub G3"}]},{"@type":"WebSite","@id":"https:\/\/planitpower.com\/#website","url":"https:\/\/planitpower.com\/","name":"Planitpower","description":"Inspirons l'\u00e9nergie!","publisher":{"@id":"https:\/\/planitpower.com\/#\/schema\/person\/b531587eda267b930b04174d12de6efa"},"potentialAction":[{"@type":"SearchAction","target":{"@type":"EntryPoint","urlTemplate":"https:\/\/planitpower.com\/?s={search_term_string}"},"query-input":{"@type":"PropertyValueSpecification","valueRequired":true,"valueName":"search_term_string"}}],"inLanguage":"fr-FR"},{"@type":["Person","Organization"],"@id":"https:\/\/planitpower.com\/#\/schema\/person\/b531587eda267b930b04174d12de6efa","name":"Equipe \u00e9ditoriale","image":{"@type":"ImageObject","inLanguage":"fr-FR","@id":"https:\/\/i0.wp.com\/planitpower.com\/wp-content\/uploads\/2025\/12\/cropped-planitpower_circle_375x375.png?fit=512%2C512&ssl=1","url":"https:\/\/i0.wp.com\/planitpower.com\/wp-content\/uploads\/2025\/12\/cropped-planitpower_circle_375x375.png?fit=512%2C512&ssl=1","contentUrl":"https:\/\/i0.wp.com\/planitpower.com\/wp-content\/uploads\/2025\/12\/cropped-planitpower_circle_375x375.png?fit=512%2C512&ssl=1","width":512,"height":512,"caption":"Editorial Team"},"logo":{"@id":"https:\/\/i0.wp.com\/planitpower.com\/wp-content\/uploads\/2025\/12\/cropped-planitpower_circle_375x375.png?fit=512%2C512&ssl=1"},"sameAs":["https:\/\/Planitpower.com"]}]}},"jetpack_publicize_connections":[],"jetpack_likes_enabled":true,"jetpack_sharing_enabled":true,"jetpack-related-posts":[{"id":4315,"url":"https:\/\/planitpower.com\/fr\/boutique\/securite\/camera-intelligente\/hub-de-camera-aqara-g5-pro-wi-fi\/","url_meta":{"origin":4172,"position":0},"title":"Aqara Camera Hub G5 Pro Wi-Fi","author":"Editorial Team","date":"24\/11\/2025","format":false,"excerpt":"Main Features 2K Ultra HD Resolution (1440p) \u2013 Delivers crystal-clear video for precise monitoring and recording, day or night. AI-Powered Motion Detection \u2013 Recognizes humans, pets, and specific movements to reduce false alerts. Pan and Tilt Functionality \u2013 Offers 360\u00b0 horizontal and 120\u00b0 vertical rotation for complete room coverage. Built-in\u2026","rel":"","context":"Article similaire","block_context":{"text":"Article similaire","link":""},"img":{"alt_text":"","src":"","width":0,"height":0},"classes":[]},{"id":4351,"url":"https:\/\/planitpower.com\/fr\/boutique\/securite\/camera-intelligente\/sonnette-video-aqara-hub-g410-select\/","url_meta":{"origin":4172,"position":1},"title":"Sonnette vid\u00e9o Aqara Hub G410 Select","author":"Editorial Team","date":"24\/11\/2025","format":false,"excerpt":"Main Features 2K Ultra HD Video Quality: Captures clear, detailed video for enhanced monitoring and visitor identification. Local AI Face Recognition: Identifies familiar faces locally, without cloud processing, ensuring your privacy. Dual Power Options: Choose between wired installation or battery-powered mode for flexible setup. Infrared Night Vision: Delivers sharp, clear\u2026","rel":"","context":"Article similaire","block_context":{"text":"Article similaire","link":""},"img":{"alt_text":"","src":"","width":0,"height":0},"classes":[]},{"id":4163,"url":"https:\/\/planitpower.com\/fr\/boutique\/securite\/camera-intelligente\/hub-camera-g2h-pro\/","url_meta":{"origin":4172,"position":2},"title":"Aqara Camera Hub G2H Pro","author":"Editorial Team","date":"25\/12\/2025","format":false,"excerpt":"Main Features Dual Functionality: Combines a 1080p security camera and a Zigbee 3.0 smart home hub in one compact device. Wide Compatibility: Works with Apple HomeKit Secure Video, Amazon Alexa, Google Home, and IFTTT. Enhanced Privacy: Local video storage on microSD card (up to 512GB) and encrypted data transmission ensure\u2026","rel":"","context":"Article similaire","block_context":{"text":"Article similaire","link":""},"img":{"alt_text":"Camera Hub G2H Pro - planitpower - 3","src":"https:\/\/i0.wp.com\/planitpower.com\/wp-content\/uploads\/2025\/11\/Aqara-Camera-Hub-G2H-Pro.jpg?fit=1000%2C1000&ssl=1&resize=350%2C200","width":350,"height":200,"srcset":"https:\/\/i0.wp.com\/planitpower.com\/wp-content\/uploads\/2025\/11\/Aqara-Camera-Hub-G2H-Pro.jpg?fit=1000%2C1000&ssl=1&resize=350%2C200 1x, https:\/\/i0.wp.com\/planitpower.com\/wp-content\/uploads\/2025\/11\/Aqara-Camera-Hub-G2H-Pro.jpg?fit=1000%2C1000&ssl=1&resize=525%2C300 1.5x, https:\/\/i0.wp.com\/planitpower.com\/wp-content\/uploads\/2025\/11\/Aqara-Camera-Hub-G2H-Pro.jpg?fit=1000%2C1000&ssl=1&resize=700%2C400 2x"},"classes":[]},{"id":4266,"url":"https:\/\/planitpower.com\/fr\/boutique\/securite\/camera-intelligente\/camera-aqara-e1\/","url_meta":{"origin":4172,"position":3},"title":"Cam\u00e9ra Aqara E1","author":"Editorial Team","date":"25\/12\/2025","format":false,"excerpt":"Main Features 2K Ultra HD Resolution (2304 \u00d7 1296): Delivers crystal-clear video quality for sharp details and smoother live viewing. 360\u00b0 Pan and Tilt: Automatically tracks movement and provides a full panoramic view of your room. AI-Powered Human and Motion Detection: Identifies people and movements accurately while minimizing false alarms.\u2026","rel":"","context":"Article similaire","block_context":{"text":"Article similaire","link":""},"img":{"alt_text":"Aqara Camera E1 - planitpower - 1","src":"https:\/\/i0.wp.com\/planitpower.com\/wp-content\/uploads\/2025\/11\/packshot_E1_1920x1920.jpg?fit=1000%2C1000&ssl=1&resize=350%2C200","width":350,"height":200,"srcset":"https:\/\/i0.wp.com\/planitpower.com\/wp-content\/uploads\/2025\/11\/packshot_E1_1920x1920.jpg?fit=1000%2C1000&ssl=1&resize=350%2C200 1x, https:\/\/i0.wp.com\/planitpower.com\/wp-content\/uploads\/2025\/11\/packshot_E1_1920x1920.jpg?fit=1000%2C1000&ssl=1&resize=525%2C300 1.5x, https:\/\/i0.wp.com\/planitpower.com\/wp-content\/uploads\/2025\/11\/packshot_E1_1920x1920.jpg?fit=1000%2C1000&ssl=1&resize=700%2C400 2x"},"classes":[]},{"id":4231,"url":"https:\/\/planitpower.com\/fr\/boutique\/domotique-maison-intelligente\/ecosystemes-de-hubs-domotiques\/hub-de-panneau-aqara-s1-plus-eu\/","url_meta":{"origin":4172,"position":4},"title":"Aqara Panel Hub S1 Plus UE","author":"Editorial Team","date":"25\/12\/2025","format":false,"excerpt":"Main Features All-in-One Smart Control Panel: Combines a powerful Zigbee 3.0 hub with a customizable wall panel to manage multiple smart devices from one place. Touchscreen Interface: 4-inch high-definition LCD display offering an intuitive and responsive user experience. Zigbee 3.0 Compatibility: Connects and controls up to 128 Aqara and other\u2026","rel":"","context":"Article similaire","block_context":{"text":"Article similaire","link":""},"img":{"alt_text":"Display Switch V1 EU - planitpower - 2","src":"https:\/\/i0.wp.com\/planitpower.com\/wp-content\/uploads\/2025\/11\/Panel-Hub-S1.jpg?fit=1000%2C1000&ssl=1&resize=350%2C200","width":350,"height":200,"srcset":"https:\/\/i0.wp.com\/planitpower.com\/wp-content\/uploads\/2025\/11\/Panel-Hub-S1.jpg?fit=1000%2C1000&ssl=1&resize=350%2C200 1x, https:\/\/i0.wp.com\/planitpower.com\/wp-content\/uploads\/2025\/11\/Panel-Hub-S1.jpg?fit=1000%2C1000&ssl=1&resize=525%2C300 1.5x, https:\/\/i0.wp.com\/planitpower.com\/wp-content\/uploads\/2025\/11\/Panel-Hub-S1.jpg?fit=1000%2C1000&ssl=1&resize=700%2C400 2x"},"classes":[]},{"id":4221,"url":"https:\/\/planitpower.com\/fr\/boutique\/domotique-maison-intelligente\/ecosystemes-de-hubs-domotiques\/moyeu-aqara-m3\/","url_meta":{"origin":4172,"position":5},"title":"Aqara HUB M3","author":"Editorial Team","date":"04\/01\/2026","format":false,"excerpt":"Caract\u00e9ristiques principales\u00a0: Compatibilit\u00e9 multiprotocole\u00a0: Compatible avec Matter, Zigbee 3.0, Thread, Bluetooth et Wi-Fi, pour une int\u00e9gration fluide avec un vaste \u00e9cosyst\u00e8me d\u2019appareils connect\u00e9s. Contr\u00f4leur et passerelle Matter\u00a0: Fonctionne \u00e0 la fois comme contr\u00f4leur et passerelle Matter, permettant aux appareils Aqara de fonctionner avec les principaux \u00e9cosyst\u00e8mes tels qu\u2019Apple Home, Google Home, Amazon\u2026","rel":"","context":"Article similaire","block_context":{"text":"Article similaire","link":""},"img":{"alt_text":"Aqara HUB M3 - planitpower - 1","src":"https:\/\/i0.wp.com\/planitpower.com\/wp-content\/uploads\/2025\/11\/Hub_M3.jpg?fit=1000%2C1000&ssl=1&resize=350%2C200","width":350,"height":200,"srcset":"https:\/\/i0.wp.com\/planitpower.com\/wp-content\/uploads\/2025\/11\/Hub_M3.jpg?fit=1000%2C1000&ssl=1&resize=350%2C200 1x, https:\/\/i0.wp.com\/planitpower.com\/wp-content\/uploads\/2025\/11\/Hub_M3.jpg?fit=1000%2C1000&ssl=1&resize=525%2C300 1.5x, https:\/\/i0.wp.com\/planitpower.com\/wp-content\/uploads\/2025\/11\/Hub_M3.jpg?fit=1000%2C1000&ssl=1&resize=700%2C400 2x"},"classes":[]}],"_links":{"self":[{"href":"https:\/\/planitpower.com\/fr\/wp-json\/wp\/v2\/product\/4172","targetHints":{"allow":["GET"]}}],"collection":[{"href":"https:\/\/planitpower.com\/fr\/wp-json\/wp\/v2\/product"}],"about":[{"href":"https:\/\/planitpower.com\/fr\/wp-json\/wp\/v2\/types\/product"}],"replies":[{"embeddable":true,"href":"https:\/\/planitpower.com\/fr\/wp-json\/wp\/v2\/comments?post=4172"}],"version-history":[{"count":0,"href":"https:\/\/planitpower.com\/fr\/wp-json\/wp\/v2\/product\/4172\/revisions"}],"wp:featuredmedia":[{"embeddable":true,"href":"https:\/\/planitpower.com\/fr\/wp-json\/wp\/v2\/media\/4175"}],"wp:attachment":[{"href":"https:\/\/planitpower.com\/fr\/wp-json\/wp\/v2\/media?parent=4172"}],"wp:term":[{"taxonomy":"product_brand","embeddable":true,"href":"https:\/\/planitpower.com\/fr\/wp-json\/wp\/v2\/product_brand?post=4172"},{"taxonomy":"product_cat","embeddable":true,"href":"https:\/\/planitpower.com\/fr\/wp-json\/wp\/v2\/product_cat?post=4172"},{"taxonomy":"product_tag","embeddable":true,"href":"https:\/\/planitpower.com\/fr\/wp-json\/wp\/v2\/product_tag?post=4172"}],"curies":[{"name":"wp","href":"https:\/\/api.w.org\/{rel}","templated":true}]}}