{"id":4198,"date":"2025-11-24T15:39:07","date_gmt":"2025-11-24T15:39:07","guid":{"rendered":"https:\/\/planitpower.com\/?post_type=product&#038;p=4198"},"modified":"2025-12-24T23:46:03","modified_gmt":"2025-12-24T23:46:03","slug":"sonnette-video-intelligente-aqara-g4","status":"publish","type":"product","link":"https:\/\/planitpower.com\/fr\/boutique\/sonnette-video-intelligente-aqara-g4\/","title":{"rendered":"Sonnette vid\u00e9o intelligente Aqara G4"},"content":{"rendered":"<h3 class=\"wp-block-heading\"><strong>Description<\/strong><\/h3>\n\n\n\n<p>Le <strong>Sonnette vid\u00e9o intelligente Aqara G4<\/strong> Le G4 est un dispositif de s\u00e9curit\u00e9 domestique intelligent con\u00e7u pour am\u00e9liorer la s\u00e9curit\u00e9 et le confort \u00e0 votre domicile. Combinant une surveillance vid\u00e9o avanc\u00e9e, la reconnaissance faciale et une int\u00e9gration domotique fluide, il vous offre un contr\u00f4le total, que vous soyez chez vous ou non. Le G4 se distingue par son <strong>traitement IA local<\/strong>, ce qui garantit la confidentialit\u00e9 et une reconnaissance plus rapide sans d\u00e9pendre uniquement des services cloud. Compatible avec les principaux \u00e9cosyst\u00e8mes intelligents comme <strong>Apple HomeKit Secure Video, Google Home et Amazon Alexa<\/strong>, Cette sonnette se connecte facilement \u00e0 votre installation domotique existante.<\/p>\n\n\n\n<p>Ses options d&#039;installation flexibles (avec ou sans fil) le rendent adapt\u00e9 \u00e0 diff\u00e9rents types de maisons et d&#039;appartements. L&#039;appareil fournit <strong>vid\u00e9o nette en 1080p<\/strong>, <strong>communication bidirectionnelle<\/strong>, et <strong>alertes en temps r\u00e9el<\/strong> lorsque des mouvements ou des visages familiers sont d\u00e9tect\u00e9s \u2014 le tout via l&#039;application Aqara Home.<\/p>\n\n\n\n<h3 class=\"wp-block-heading\"><strong>Sp\u00e9cifications techniques<\/strong><\/h3>\n\n\n\n<p><\/p>\n\n\n\n<figure class=\"wp-block-table\"><table class=\"has-fixed-layout\"><thead><tr><th><strong>Sp\u00e9cifications<\/strong><\/th><th><strong>D\u00e9tails<\/strong><\/th><\/tr><\/thead><tbody><tr><td><strong>Mod\u00e8le<\/strong><\/td><td>SVD-C03<\/td><\/tr><tr><td><strong>R\u00e9solution vid\u00e9o<\/strong><\/td><td>Full HD 1080p avec HDR<\/td><\/tr><tr><td><strong>Champ de vision<\/strong><\/td><td>diagonale de 162\u00b0<\/td><\/tr><tr><td><strong>Alimentation \u00e9lectrique<\/strong><\/td><td>6 piles AA ou alimentation filaire (8\u201324 V CA \/ 12\u201324 V CC)<\/td><\/tr><tr><td><strong>Connectivit\u00e9<\/strong><\/td><td>Wi-Fi 2,4 GHz<\/td><\/tr><tr><td><strong>Traitement par IA<\/strong><\/td><td>Reconnaissance faciale locale (mode hors ligne pris en charge)<\/td><\/tr><tr><td><strong>Compatibilit\u00e9 avec les maisons intelligentes<\/strong><\/td><td>Apple HomeKit Secure Video, Google Home, Amazon Alexa, IFTTT<\/td><\/tr><tr><td><strong>Options de stockage<\/strong><\/td><td>Carte microSD (jusqu&#039;\u00e0 512 Go, via r\u00e9p\u00e9teur Chime) \/ Stockage cloud<\/td><\/tr><tr><td><strong>Audio<\/strong><\/td><td>Communication bidirectionnelle avec r\u00e9duction du bruit et modification de la voix<\/td><\/tr><tr><td><strong>R\u00e9p\u00e9teur de carillon<\/strong><\/td><td>Inclus\u00a0; sert de r\u00e9p\u00e9teur Wi-Fi et de concentrateur de stockage local<\/td><\/tr><tr><td><strong>Temp\u00e9rature de fonctionnement<\/strong><\/td><td>-10\u00b0C \u00e0 45\u00b0C<\/td><\/tr><tr><td><strong>Protection contre les infiltrations<\/strong><\/td><td>IPX3 (r\u00e9sistant aux intemp\u00e9ries)<\/td><\/tr><tr><td><strong>Dimensions<\/strong><\/td><td>Sonnette\u00a0: 141,5 \u00d7 65 \u00d7 30,4 mm\u00a0; R\u00e9p\u00e9teur de carillon\u00a0: 65 \u00d7 65 \u00d7 28 mm<\/td><\/tr><tr><td><strong>Couleur<\/strong><\/td><td>Noir ou blanc (varie selon la r\u00e9gion)<\/td><\/tr><\/tbody><\/table><\/figure>","protected":false},"excerpt":{"rendered":"<h3 data-start=\"975\" data-end=\"996\"><strong data-start=\"979\" data-end=\"996\">Caract\u00e9ristiques principales<\/strong><\/h3>\n<ul data-start=\"998\" data-end=\"2174\">\n<li data-start=\"998\" data-end=\"1130\">\n<p data-start=\"1000\" data-end=\"1130\"><strong data-start=\"1000\" data-end=\"1028\">Reconnaissance faciale locale<\/strong> \u2013 Identifiez instantan\u00e9ment les visages familiers gr\u00e2ce au traitement IA embarqu\u00e9, garantissant ainsi la confidentialit\u00e9 de vos donn\u00e9es.<\/p>\n<\/li>\n<li data-start=\"1131\" data-end=\"1236\">\n<p data-start=\"1133\" data-end=\"1236\"><strong data-start=\"1133\" data-end=\"1155\">Options d&#039;alimentation double<\/strong> \u2013 Fonctionne avec six piles AA ou une connexion secteur filaire pour une utilisation continue.<\/p>\n<\/li>\n<li data-start=\"1237\" data-end=\"1365\">\n<p data-start=\"1239\" data-end=\"1365\"><strong data-start=\"1239\" data-end=\"1264\">Fonctionnalit\u00e9 hors ligne<\/strong> \u2013 Le G4 peut continuer \u00e0 effectuer des op\u00e9rations essentielles comme l&#039;enregistrement et les alertes locales m\u00eame sans acc\u00e8s \u00e0 Internet.<\/p>\n<\/li>\n<li data-start=\"1366\" data-end=\"1487\">\n<p data-start=\"1368\" data-end=\"1487\"><strong data-start=\"1368\" data-end=\"1390\">Compatibilit\u00e9 \u00e9tendue<\/strong> \u2013 Fonctionne parfaitement avec Apple HomeKit Secure Video, Google Assistant, Amazon Alexa et IFTTT.<\/p>\n<\/li>\n<li data-start=\"1488\" data-end=\"1650\">\n<p data-start=\"1490\" data-end=\"1650\"><strong data-start=\"1490\" data-end=\"1521\">Alertes intelligentes et automatisation<\/strong> \u2013 Recevez des notifications instantan\u00e9es pour les visiteurs, les mouvements ou les livraisons de colis, et d\u00e9clenchez des automatisations avec d&#039;autres appareils Aqara.<\/p>\n<\/li>\n<li data-start=\"1651\" data-end=\"1749\">\n<p data-start=\"1653\" data-end=\"1749\"><strong data-start=\"1653\" data-end=\"1685\">Vid\u00e9o Full HD 1080p avec HDR<\/strong> \u2013 Offre des images nettes et \u00e9quilibr\u00e9es dans toutes les conditions d&#039;\u00e9clairage.<\/p>\n<\/li>\n<li data-start=\"1750\" data-end=\"1846\">\n<p data-start=\"1752\" data-end=\"1846\"><strong data-start=\"1752\" data-end=\"1777\">Fonction de modification de la voix<\/strong> \u2013 Pr\u00e9servez votre confidentialit\u00e9 en modifiant votre voix lors des communications bidirectionnelles.<\/p>\n<\/li>\n<li data-start=\"1847\" data-end=\"1944\">\n<p data-start=\"1849\" data-end=\"1944\"><strong data-start=\"1849\" data-end=\"1886\">Sonneries et alertes personnalisables<\/strong> \u2013 Personnalisez les sons gr\u00e2ce au r\u00e9p\u00e9teur de carillon int\u00e9rieur.<\/p>\n<\/li>\n<li data-start=\"1945\" data-end=\"2073\">\n<p data-start=\"1947\" data-end=\"2073\"><strong data-start=\"1947\" data-end=\"1974\">Stockage local et cloud<\/strong> \u2013 Prend en charge le stockage sur carte microSD (jusqu&#039;\u00e0 512 Go) via le r\u00e9p\u00e9teur de carillon et la sauvegarde cloud optionnelle.<\/p>\n<\/li>\n<li data-start=\"2074\" data-end=\"2174\">\n<p data-start=\"2076\" data-end=\"2174\"><strong data-start=\"2076\" data-end=\"2105\">Options de montage flexibles<\/strong> \u2013 Installation facile gr\u00e2ce aux plaques de montage inclin\u00e9es et plates incluses.<\/p>\n<\/li>\n<\/ul>","protected":false},"featured_media":4199,"comment_status":"open","ping_status":"closed","template":"","meta":{"jetpack_post_was_ever_published":false,"jetpack_publicize_message":"","jetpack_publicize_feature_enabled":false,"jetpack_social_post_already_shared":false,"jetpack_social_options":{"image_generator_settings":{"template":"highway","default_image_id":0,"font":"","enabled":false},"version":2}},"product_brand":[103],"product_cat":[136],"product_tag":[],"class_list":{"0":"post-4198","1":"product","2":"type-product","3":"status-publish","4":"has-post-thumbnail","6":"product_brand-aqara","7":"product_cat-smart-camera","9":"first","10":"instock","11":"taxable","12":"shipping-taxable","13":"purchasable","14":"product-type-simple"},"yoast_head":"<!-- This site is optimized with the Yoast SEO plugin v27.3 - https:\/\/yoast.com\/product\/yoast-seo-wordpress\/ -->\n<title>Aqara Smart Video Doorbell G4 - Planitpower<\/title>\n<meta name=\"description\" content=\"The Aqara Smart Video Doorbell G4 offers advanced 1080p video, local facial recognition, and offline functionality for complete smart home security. Compatible with HomeKit, Alexa, and Google Home, it delivers reliable protection and privacy.\" \/>\n<meta name=\"robots\" content=\"index, follow, max-snippet:-1, max-image-preview:large, max-video-preview:-1\" \/>\n<link rel=\"canonical\" href=\"https:\/\/planitpower.com\/fr\/boutique\/sonnette-video-intelligente-aqara-g4\/\" \/>\n<meta property=\"og:locale\" content=\"fr_FR\" \/>\n<meta property=\"og:type\" content=\"article\" \/>\n<meta property=\"og:title\" content=\"Aqara Smart Video Doorbell G4 - Planitpower\" \/>\n<meta property=\"og:description\" content=\"The Aqara Smart Video Doorbell G4 offers advanced 1080p video, local facial recognition, and offline functionality for complete smart home security. Compatible with HomeKit, Alexa, and Google Home, it delivers reliable protection and privacy.\" \/>\n<meta property=\"og:url\" content=\"https:\/\/planitpower.com\/fr\/boutique\/sonnette-video-intelligente-aqara-g4\/\" \/>\n<meta property=\"og:site_name\" content=\"Planitpower\" \/>\n<meta property=\"article:modified_time\" content=\"2025-12-24T23:46:03+00:00\" \/>\n<meta property=\"og:image\" content=\"https:\/\/i0.wp.com\/planitpower.com\/wp-content\/uploads\/2025\/11\/1-1.jpg?fit=1000%2C1000&ssl=1\" \/>\n\t<meta property=\"og:image:width\" content=\"1000\" \/>\n\t<meta property=\"og:image:height\" content=\"1000\" \/>\n\t<meta property=\"og:image:type\" content=\"image\/jpeg\" \/>\n<meta name=\"twitter:card\" content=\"summary_large_image\" \/>\n<meta name=\"twitter:label1\" content=\"Dur\u00e9e de lecture estim\u00e9e\" \/>\n\t<meta name=\"twitter:data1\" content=\"2 minutes\" \/>\n<script type=\"application\/ld+json\" class=\"yoast-schema-graph\">{\"@context\":\"https:\\\/\\\/schema.org\",\"@graph\":[{\"@type\":\"WebPage\",\"@id\":\"https:\\\/\\\/planitpower.com\\\/shop\\\/aqara-smart-video-doorbell-g4\\\/\",\"url\":\"https:\\\/\\\/planitpower.com\\\/shop\\\/aqara-smart-video-doorbell-g4\\\/\",\"name\":\"Aqara Smart Video Doorbell G4 - Planitpower\",\"isPartOf\":{\"@id\":\"https:\\\/\\\/planitpower.com\\\/#website\"},\"primaryImageOfPage\":{\"@id\":\"https:\\\/\\\/planitpower.com\\\/shop\\\/aqara-smart-video-doorbell-g4\\\/#primaryimage\"},\"image\":{\"@id\":\"https:\\\/\\\/planitpower.com\\\/shop\\\/aqara-smart-video-doorbell-g4\\\/#primaryimage\"},\"thumbnailUrl\":\"https:\\\/\\\/i0.wp.com\\\/planitpower.com\\\/wp-content\\\/uploads\\\/2025\\\/11\\\/1-1.jpg?fit=1000%2C1000&ssl=1\",\"datePublished\":\"2025-11-24T15:39:07+00:00\",\"dateModified\":\"2025-12-24T23:46:03+00:00\",\"description\":\"The Aqara Smart Video Doorbell G4 offers advanced 1080p video, local facial recognition, and offline functionality for complete smart home security. Compatible with HomeKit, Alexa, and Google Home, it delivers reliable protection and privacy.\",\"breadcrumb\":{\"@id\":\"https:\\\/\\\/planitpower.com\\\/shop\\\/aqara-smart-video-doorbell-g4\\\/#breadcrumb\"},\"inLanguage\":\"fr-FR\",\"potentialAction\":[{\"@type\":\"ReadAction\",\"target\":[\"https:\\\/\\\/planitpower.com\\\/shop\\\/aqara-smart-video-doorbell-g4\\\/\"]}]},{\"@type\":\"ImageObject\",\"inLanguage\":\"fr-FR\",\"@id\":\"https:\\\/\\\/planitpower.com\\\/shop\\\/aqara-smart-video-doorbell-g4\\\/#primaryimage\",\"url\":\"https:\\\/\\\/i0.wp.com\\\/planitpower.com\\\/wp-content\\\/uploads\\\/2025\\\/11\\\/1-1.jpg?fit=1000%2C1000&ssl=1\",\"contentUrl\":\"https:\\\/\\\/i0.wp.com\\\/planitpower.com\\\/wp-content\\\/uploads\\\/2025\\\/11\\\/1-1.jpg?fit=1000%2C1000&ssl=1\",\"width\":1000,\"height\":1000,\"caption\":\"Aqara Smart Video Doorbell G4 - planitpower - 3\"},{\"@type\":\"BreadcrumbList\",\"@id\":\"https:\\\/\\\/planitpower.com\\\/shop\\\/aqara-smart-video-doorbell-g4\\\/#breadcrumb\",\"itemListElement\":[{\"@type\":\"ListItem\",\"position\":1,\"name\":\"Home\",\"item\":\"https:\\\/\\\/planitpower.com\\\/\"},{\"@type\":\"ListItem\",\"position\":2,\"name\":\"SHOP\",\"item\":\"https:\\\/\\\/planitpower.com\\\/shop\\\/\"},{\"@type\":\"ListItem\",\"position\":3,\"name\":\"Aqara Smart Video Doorbell G4\"}]},{\"@type\":\"WebSite\",\"@id\":\"https:\\\/\\\/planitpower.com\\\/#website\",\"url\":\"https:\\\/\\\/planitpower.com\\\/\",\"name\":\"Planitpower\",\"description\":\"Inspire energy\",\"publisher\":{\"@id\":\"https:\\\/\\\/planitpower.com\\\/#\\\/schema\\\/person\\\/b531587eda267b930b04174d12de6efa\"},\"potentialAction\":[{\"@type\":\"SearchAction\",\"target\":{\"@type\":\"EntryPoint\",\"urlTemplate\":\"https:\\\/\\\/planitpower.com\\\/?s={search_term_string}\"},\"query-input\":{\"@type\":\"PropertyValueSpecification\",\"valueRequired\":true,\"valueName\":\"search_term_string\"}}],\"inLanguage\":\"fr-FR\"},{\"@type\":[\"Person\",\"Organization\"],\"@id\":\"https:\\\/\\\/planitpower.com\\\/#\\\/schema\\\/person\\\/b531587eda267b930b04174d12de6efa\",\"name\":\"Editorial Team\",\"image\":{\"@type\":\"ImageObject\",\"inLanguage\":\"fr-FR\",\"@id\":\"https:\\\/\\\/i0.wp.com\\\/planitpower.com\\\/wp-content\\\/uploads\\\/2025\\\/12\\\/cropped-planitpower_circle_375x375.png?fit=512%2C512&ssl=1\",\"url\":\"https:\\\/\\\/i0.wp.com\\\/planitpower.com\\\/wp-content\\\/uploads\\\/2025\\\/12\\\/cropped-planitpower_circle_375x375.png?fit=512%2C512&ssl=1\",\"contentUrl\":\"https:\\\/\\\/i0.wp.com\\\/planitpower.com\\\/wp-content\\\/uploads\\\/2025\\\/12\\\/cropped-planitpower_circle_375x375.png?fit=512%2C512&ssl=1\",\"width\":512,\"height\":512,\"caption\":\"Editorial Team\"},\"logo\":{\"@id\":\"https:\\\/\\\/i0.wp.com\\\/planitpower.com\\\/wp-content\\\/uploads\\\/2025\\\/12\\\/cropped-planitpower_circle_375x375.png?fit=512%2C512&ssl=1\"},\"sameAs\":[\"https:\\\/\\\/Planitpower.com\"]}]}<\/script>\n<!-- \/ Yoast SEO plugin. -->","yoast_head_json":{"title":"Sonnette vid\u00e9o intelligente Aqara G4 - Planitpower","description":"La sonnette vid\u00e9o connect\u00e9e Aqara G4 offre une vid\u00e9o 1080p de haute qualit\u00e9, la reconnaissance faciale locale et un fonctionnement hors ligne pour une s\u00e9curit\u00e9 optimale de votre maison connect\u00e9e. Compatible avec HomeKit, Alexa et Google Home, elle garantit une protection fiable et le respect de votre vie priv\u00e9e.","robots":{"index":"index","follow":"follow","max-snippet":"max-snippet:-1","max-image-preview":"max-image-preview:large","max-video-preview":"max-video-preview:-1"},"canonical":"https:\/\/planitpower.com\/fr\/boutique\/sonnette-video-intelligente-aqara-g4\/","og_locale":"fr_FR","og_type":"article","og_title":"Aqara Smart Video Doorbell G4 - Planitpower","og_description":"The Aqara Smart Video Doorbell G4 offers advanced 1080p video, local facial recognition, and offline functionality for complete smart home security. Compatible with HomeKit, Alexa, and Google Home, it delivers reliable protection and privacy.","og_url":"https:\/\/planitpower.com\/fr\/boutique\/sonnette-video-intelligente-aqara-g4\/","og_site_name":"Planitpower","article_modified_time":"2025-12-24T23:46:03+00:00","og_image":[{"width":1000,"height":1000,"url":"https:\/\/i0.wp.com\/planitpower.com\/wp-content\/uploads\/2025\/11\/1-1.jpg?fit=1000%2C1000&ssl=1","type":"image\/jpeg"}],"twitter_card":"summary_large_image","twitter_misc":{"Dur\u00e9e de lecture estim\u00e9e":"2 minutes"},"schema":{"@context":"https:\/\/schema.org","@graph":[{"@type":"WebPage","@id":"https:\/\/planitpower.com\/shop\/aqara-smart-video-doorbell-g4\/","url":"https:\/\/planitpower.com\/shop\/aqara-smart-video-doorbell-g4\/","name":"Sonnette vid\u00e9o intelligente Aqara G4 - Planitpower","isPartOf":{"@id":"https:\/\/planitpower.com\/#website"},"primaryImageOfPage":{"@id":"https:\/\/planitpower.com\/shop\/aqara-smart-video-doorbell-g4\/#primaryimage"},"image":{"@id":"https:\/\/planitpower.com\/shop\/aqara-smart-video-doorbell-g4\/#primaryimage"},"thumbnailUrl":"https:\/\/i0.wp.com\/planitpower.com\/wp-content\/uploads\/2025\/11\/1-1.jpg?fit=1000%2C1000&ssl=1","datePublished":"2025-11-24T15:39:07+00:00","dateModified":"2025-12-24T23:46:03+00:00","description":"La sonnette vid\u00e9o connect\u00e9e Aqara G4 offre une vid\u00e9o 1080p de haute qualit\u00e9, la reconnaissance faciale locale et un fonctionnement hors ligne pour une s\u00e9curit\u00e9 optimale de votre maison connect\u00e9e. Compatible avec HomeKit, Alexa et Google Home, elle garantit une protection fiable et le respect de votre vie priv\u00e9e.","breadcrumb":{"@id":"https:\/\/planitpower.com\/shop\/aqara-smart-video-doorbell-g4\/#breadcrumb"},"inLanguage":"fr-FR","potentialAction":[{"@type":"ReadAction","target":["https:\/\/planitpower.com\/shop\/aqara-smart-video-doorbell-g4\/"]}]},{"@type":"ImageObject","inLanguage":"fr-FR","@id":"https:\/\/planitpower.com\/shop\/aqara-smart-video-doorbell-g4\/#primaryimage","url":"https:\/\/i0.wp.com\/planitpower.com\/wp-content\/uploads\/2025\/11\/1-1.jpg?fit=1000%2C1000&ssl=1","contentUrl":"https:\/\/i0.wp.com\/planitpower.com\/wp-content\/uploads\/2025\/11\/1-1.jpg?fit=1000%2C1000&ssl=1","width":1000,"height":1000,"caption":"Aqara Smart Video Doorbell G4 - planitpower - 3"},{"@type":"BreadcrumbList","@id":"https:\/\/planitpower.com\/shop\/aqara-smart-video-doorbell-g4\/#breadcrumb","itemListElement":[{"@type":"ListItem","position":1,"name":"Home","item":"https:\/\/planitpower.com\/"},{"@type":"ListItem","position":2,"name":"SHOP","item":"https:\/\/planitpower.com\/shop\/"},{"@type":"ListItem","position":3,"name":"Aqara Smart Video Doorbell G4"}]},{"@type":"WebSite","@id":"https:\/\/planitpower.com\/#website","url":"https:\/\/planitpower.com\/","name":"Planitpower","description":"Inspirons l'\u00e9nergie!","publisher":{"@id":"https:\/\/planitpower.com\/#\/schema\/person\/b531587eda267b930b04174d12de6efa"},"potentialAction":[{"@type":"SearchAction","target":{"@type":"EntryPoint","urlTemplate":"https:\/\/planitpower.com\/?s={search_term_string}"},"query-input":{"@type":"PropertyValueSpecification","valueRequired":true,"valueName":"search_term_string"}}],"inLanguage":"fr-FR"},{"@type":["Person","Organization"],"@id":"https:\/\/planitpower.com\/#\/schema\/person\/b531587eda267b930b04174d12de6efa","name":"Equipe \u00e9ditoriale","image":{"@type":"ImageObject","inLanguage":"fr-FR","@id":"https:\/\/i0.wp.com\/planitpower.com\/wp-content\/uploads\/2025\/12\/cropped-planitpower_circle_375x375.png?fit=512%2C512&ssl=1","url":"https:\/\/i0.wp.com\/planitpower.com\/wp-content\/uploads\/2025\/12\/cropped-planitpower_circle_375x375.png?fit=512%2C512&ssl=1","contentUrl":"https:\/\/i0.wp.com\/planitpower.com\/wp-content\/uploads\/2025\/12\/cropped-planitpower_circle_375x375.png?fit=512%2C512&ssl=1","width":512,"height":512,"caption":"Editorial Team"},"logo":{"@id":"https:\/\/i0.wp.com\/planitpower.com\/wp-content\/uploads\/2025\/12\/cropped-planitpower_circle_375x375.png?fit=512%2C512&ssl=1"},"sameAs":["https:\/\/Planitpower.com"]}]}},"jetpack_publicize_connections":[],"jetpack_likes_enabled":true,"jetpack_sharing_enabled":true,"jetpack-related-posts":[{"id":5208,"url":"https:\/\/planitpower.com\/fr\/boutique\/zendure-solarflow-2400-ac\/","url_meta":{"origin":4198,"position":0},"title":"Zendure SolarFlow 2400 AC","author":"Editorial Team","date":"28\/11\/2025","format":false,"excerpt":"Main features Syst\u00e8me de gestion intelligent AC-coupl\u00e9Contr\u00f4le automatiquement la charge et la d\u00e9charge des batteries AB3000X selon la production solaire, votre consommation et les horaires tarifaires. Compatible avec les micro-onduleursFonctionne avec les installations photovolta\u00efques AC jusqu\u2019\u00e0 2000 W, sans modifier l\u2019infrastructure existante. Puissance de sortie flexible800 W en mode plug-and-play\u2026","rel":"","context":"Article similaire","block_context":{"text":"Article similaire","link":""},"img":{"alt_text":"Zendure SolarFlow 2400 AC - planitpower","src":"https:\/\/i0.wp.com\/planitpower.com\/wp-content\/uploads\/2025\/11\/zendure-solarflow-2400-ac-seul.jpg?fit=500%2C500&ssl=1&resize=350%2C200","width":350,"height":200},"classes":[]}],"_links":{"self":[{"href":"https:\/\/planitpower.com\/fr\/wp-json\/wp\/v2\/product\/4198","targetHints":{"allow":["GET"]}}],"collection":[{"href":"https:\/\/planitpower.com\/fr\/wp-json\/wp\/v2\/product"}],"about":[{"href":"https:\/\/planitpower.com\/fr\/wp-json\/wp\/v2\/types\/product"}],"replies":[{"embeddable":true,"href":"https:\/\/planitpower.com\/fr\/wp-json\/wp\/v2\/comments?post=4198"}],"version-history":[{"count":0,"href":"https:\/\/planitpower.com\/fr\/wp-json\/wp\/v2\/product\/4198\/revisions"}],"wp:featuredmedia":[{"embeddable":true,"href":"https:\/\/planitpower.com\/fr\/wp-json\/wp\/v2\/media\/4199"}],"wp:attachment":[{"href":"https:\/\/planitpower.com\/fr\/wp-json\/wp\/v2\/media?parent=4198"}],"wp:term":[{"taxonomy":"product_brand","embeddable":true,"href":"https:\/\/planitpower.com\/fr\/wp-json\/wp\/v2\/product_brand?post=4198"},{"taxonomy":"product_cat","embeddable":true,"href":"https:\/\/planitpower.com\/fr\/wp-json\/wp\/v2\/product_cat?post=4198"},{"taxonomy":"product_tag","embeddable":true,"href":"https:\/\/planitpower.com\/fr\/wp-json\/wp\/v2\/product_tag?post=4198"}],"curies":[{"name":"wp","href":"https:\/\/api.w.org\/{rel}","templated":true}]}}