{"id":4253,"date":"2025-12-25T00:19:33","date_gmt":"2025-12-25T00:19:33","guid":{"rendered":"https:\/\/planitpower.com\/?post_type=product&#038;p=4253"},"modified":"2025-12-25T00:19:36","modified_gmt":"2025-12-25T00:19:36","slug":"hub-aqara-m1s-gen2","status":"publish","type":"product","link":"https:\/\/planitpower.com\/fr\/boutique\/hub-aqara-m1s-gen2\/","title":{"rendered":"Hub Aqara M1S Gen2"},"content":{"rendered":"<h3 class=\"wp-block-heading\"><strong>Description<\/strong><\/h3>\n\n\n\n<p>Le <strong>Hub Aqara M1S Gen2<\/strong> est un hub domotique de nouvelle g\u00e9n\u00e9ration con\u00e7u pour connecter, contr\u00f4ler et automatiser tous vos appareils intelligents Aqara et compatibles. Servant de passerelle centrale, il utilise <strong>Zigbee 3.0<\/strong> La technologie M1S Gen2 assure une communication rapide, stable et \u00e9co\u00e9nerg\u00e9tique entre les appareils. Gr\u00e2ce \u00e0 un mat\u00e9riel am\u00e9lior\u00e9, une connectivit\u00e9 optimis\u00e9e et une s\u00e9curit\u00e9 renforc\u00e9e, elle offre une exp\u00e9rience de maison connect\u00e9e plus fiable.<\/p>\n\n\n\n<p>\u00c9quip\u00e9 d&#039;un <strong>haut-parleur int\u00e9gr\u00e9 puissant<\/strong>, <strong>\u00c9clairage ambiant RGB<\/strong>, et <strong>plusieurs capteurs<\/strong>, Il g\u00e8re non seulement vos appareils intelligents, mais sert \u00e9galement de veilleuse ou d&#039;alarme de s\u00e9curit\u00e9. Le hub prend en charge <strong>Apple HomeKit, Google Assistant, Alexa et IFTTT<\/strong>, permettant une int\u00e9gration facile avec vos \u00e9cosyst\u00e8mes intelligents pr\u00e9f\u00e9r\u00e9s.<\/p>\n\n\n\n<p>Que vous souhaitiez automatiser votre \u00e9clairage, surveiller la s\u00e9curit\u00e9 de votre domicile ou cr\u00e9er des sc\u00e9narios personnalis\u00e9s, le hub Aqara M1S Gen2 vous offre tout ce dont vous avez besoin pour un espace de vie connect\u00e9 et intelligent.<\/p>\n\n\n\n<h3 class=\"wp-block-heading\"><strong>Sp\u00e9cifications techniques<\/strong><\/h3>\n\n\n\n<p><\/p>\n\n\n\n<figure class=\"wp-block-table\"><table class=\"has-fixed-layout\"><thead><tr><th><strong>Sp\u00e9cifications<\/strong><\/th><th><strong>D\u00e9tails<\/strong><\/th><\/tr><\/thead><tbody><tr><td><strong>Mod\u00e8le<\/strong><\/td><td>HM2-G01<\/td><\/tr><tr><td><strong>Protocoles sans fil<\/strong><\/td><td>Zigbee 3.0, Wi-Fi IEEE 802.11 b\/g\/n (2,4 GHz)<\/td><\/tr><tr><td><strong>Alimentation \u00e9lectrique<\/strong><\/td><td>100\u2013240 V CA, 50\/60 Hz<\/td><\/tr><tr><td><strong>Nombre maximal d&#039;appareils connect\u00e9s<\/strong><\/td><td>Jusqu&#039;\u00e0 128 appareils Zigbee<\/td><\/tr><tr><td><strong>Conf\u00e9rencier<\/strong><\/td><td>Int\u00e9gr\u00e9, prend en charge les alertes vocales et les alarmes sonores.<\/td><\/tr><tr><td><strong>\u00c9clairage<\/strong><\/td><td>Anneau lumineux LED RGB avec couleur et luminosit\u00e9 r\u00e9glables<\/td><\/tr><tr><td><strong>Compatibilit\u00e9<\/strong><\/td><td>Apple HomeKit, Google Assistant, Amazon Alexa, IFTTT<\/td><\/tr><tr><td><strong>Temp\u00e9rature de fonctionnement<\/strong><\/td><td>-10\u00b0C \u00e0 40\u00b0C<\/td><\/tr><tr><td><strong>Humidit\u00e9 de fonctionnement<\/strong><\/td><td>0%\u201395% HR, sans condensation<\/td><\/tr><tr><td><strong>Dimensions<\/strong><\/td><td>80 mm \u00d7 80 mm \u00d7 41,5 mm<\/td><\/tr><tr><td><strong>Installation<\/strong><\/td><td>Prise murale (type de prise UE)<\/td><\/tr><tr><td><strong>App Support<\/strong><\/td><td>Aqara Home (iOS et Android)<\/td><\/tr><\/tbody><\/table><\/figure>","protected":false},"excerpt":{"rendered":"<h3 data-start=\"1198\" data-end=\"1221\"><strong data-start=\"1202\" data-end=\"1219\">Caract\u00e9ristiques principales<\/strong><\/h3>\n<ul data-start=\"1222\" data-end=\"2200\">\n<li data-start=\"1222\" data-end=\"1349\">\n<p data-start=\"1224\" data-end=\"1349\"><strong data-start=\"1224\" data-end=\"1251\">Connectivit\u00e9 Zigbee 3.0<\/strong> \u2013 Offre une communication plus rapide, plus fiable et plus \u00e9conome en \u00e9nergie pour jusqu&#039;\u00e0 128 appareils Aqara.<\/p>\n<\/li>\n<li data-start=\"1350\" data-end=\"1516\">\n<p data-start=\"1352\" data-end=\"1516\"><strong data-start=\"1352\" data-end=\"1384\">Compatibilit\u00e9 multiplateforme<\/strong> \u2013 Fonctionne parfaitement avec <strong data-start=\"1409\" data-end=\"1426\">Apple HomeKit<\/strong>, <strong data-start=\"1428\" data-end=\"1444\">Amazon Alexa<\/strong>, <strong data-start=\"1446\" data-end=\"1466\">Assistant Google<\/strong>, et <strong data-start=\"1472\" data-end=\"1481\">IFTTT<\/strong> pour un contr\u00f4le flexible de la maison intelligente.<\/p>\n<\/li>\n<li data-start=\"1517\" data-end=\"1651\">\n<p data-start=\"1519\" data-end=\"1651\"><strong data-start=\"1519\" data-end=\"1540\">S\u00e9curit\u00e9 renforc\u00e9e<\/strong> \u2013 Comprend des notifications d&#039;alarme locales et la compatibilit\u00e9 avec HomeKit Secure Video pour une configuration plus s\u00fbre et plus priv\u00e9e.<\/p>\n<\/li>\n<li data-start=\"1652\" data-end=\"1789\">\n<p data-start=\"1654\" data-end=\"1789\"><strong data-start=\"1654\" data-end=\"1688\">Lumi\u00e8re RGB et haut-parleur int\u00e9gr\u00e9s<\/strong> \u2013 Sert de veilleuse personnalisable et \u00e9met des alertes sonores pour les \u00e9v\u00e9nements d&#039;automatisation ou de s\u00e9curit\u00e9.<\/p>\n<\/li>\n<li data-start=\"1790\" data-end=\"1913\">\n<p data-start=\"1792\" data-end=\"1913\"><strong data-start=\"1792\" data-end=\"1822\">Performances Wi-Fi am\u00e9lior\u00e9es<\/strong> \u2013 Prend en charge le Wi-Fi 2,4 GHz avec une stabilit\u00e9 accrue et une port\u00e9e plus \u00e9tendue pour une meilleure connectivit\u00e9.<\/p>\n<\/li>\n<li data-start=\"1914\" data-end=\"2067\">\n<p data-start=\"1916\" data-end=\"2067\"><strong data-start=\"1916\" data-end=\"1948\">Assistance \u00e0 l&#039;automatisation et aux sc\u00e8nes<\/strong> \u2013 Permet des automatisations complexes reliant des capteurs, des interrupteurs et d&#039;autres appareils Aqara afin d&#039;optimiser la consommation d&#039;\u00e9nergie et le confort.<\/p>\n<\/li>\n<li data-start=\"2068\" data-end=\"2200\">\n<p data-start=\"2070\" data-end=\"2200\"><strong data-start=\"2070\" data-end=\"2101\">Installation et configuration faciles<\/strong> \u2013 Gr\u00e2ce \u00e0 sa conception simple et \u00e0 son application intuitive Aqara Home, la configuration est rapide et facile \u00e0 utiliser.<\/p>\n<\/li>\n<\/ul>","protected":false},"featured_media":4256,"comment_status":"open","ping_status":"closed","template":"","meta":{"jetpack_post_was_ever_published":false,"jetpack_publicize_message":"","jetpack_publicize_feature_enabled":true,"jetpack_social_post_already_shared":true,"jetpack_social_options":{"image_generator_settings":{"template":"highway","default_image_id":0,"font":"","enabled":false},"version":2}},"product_brand":[103],"product_cat":[122],"product_tag":[],"class_list":{"0":"post-4253","1":"product","2":"type-product","3":"status-publish","4":"has-post-thumbnail","6":"product_brand-aqara","7":"product_cat-home-automation-hubs-ecosystems","9":"first","10":"instock","11":"taxable","12":"shipping-taxable","13":"purchasable","14":"product-type-simple"},"yoast_head":"<!-- This site is optimized with the Yoast SEO plugin v27.3 - https:\/\/yoast.com\/product\/yoast-seo-wordpress\/ -->\n<title>Aqara Hub M1S Gen2 - Planitpower<\/title>\n<meta name=\"description\" content=\"Discover the Aqara Hub M1S Gen2 \u2013 the smart home control center with Zigbee 3.0, advanced security features, voice assistant compatibility, and a built-in RGB light for seamless smart automation.\" \/>\n<meta name=\"robots\" content=\"index, follow, max-snippet:-1, max-image-preview:large, max-video-preview:-1\" \/>\n<link rel=\"canonical\" href=\"https:\/\/planitpower.com\/fr\/boutique\/hub-aqara-m1s-gen2\/\" \/>\n<meta property=\"og:locale\" content=\"fr_FR\" \/>\n<meta property=\"og:type\" content=\"article\" \/>\n<meta property=\"og:title\" content=\"Aqara Hub M1S Gen2 - Planitpower\" \/>\n<meta property=\"og:description\" content=\"Discover the Aqara Hub M1S Gen2 \u2013 the smart home control center with Zigbee 3.0, advanced security features, voice assistant compatibility, and a built-in RGB light for seamless smart automation.\" \/>\n<meta property=\"og:url\" content=\"https:\/\/planitpower.com\/fr\/boutique\/hub-aqara-m1s-gen2\/\" \/>\n<meta property=\"og:site_name\" content=\"Planitpower\" \/>\n<meta property=\"article:modified_time\" content=\"2025-12-25T00:19:36+00:00\" \/>\n<meta property=\"og:image\" content=\"https:\/\/i0.wp.com\/planitpower.com\/wp-content\/uploads\/2025\/11\/M1S-Gen-2_1920x1920.jpg?fit=1000%2C1000&ssl=1\" \/>\n\t<meta property=\"og:image:width\" content=\"1000\" \/>\n\t<meta property=\"og:image:height\" content=\"1000\" \/>\n\t<meta property=\"og:image:type\" content=\"image\/jpeg\" \/>\n<meta name=\"twitter:card\" content=\"summary_large_image\" \/>\n<meta name=\"twitter:label1\" content=\"Dur\u00e9e de lecture estim\u00e9e\" \/>\n\t<meta name=\"twitter:data1\" content=\"2 minutes\" \/>\n<script type=\"application\/ld+json\" class=\"yoast-schema-graph\">{\"@context\":\"https:\\\/\\\/schema.org\",\"@graph\":[{\"@type\":\"WebPage\",\"@id\":\"https:\\\/\\\/planitpower.com\\\/shop\\\/aqara-hub-m1s-gen2\\\/\",\"url\":\"https:\\\/\\\/planitpower.com\\\/shop\\\/aqara-hub-m1s-gen2\\\/\",\"name\":\"Aqara Hub M1S Gen2 - Planitpower\",\"isPartOf\":{\"@id\":\"https:\\\/\\\/planitpower.com\\\/#website\"},\"primaryImageOfPage\":{\"@id\":\"https:\\\/\\\/planitpower.com\\\/shop\\\/aqara-hub-m1s-gen2\\\/#primaryimage\"},\"image\":{\"@id\":\"https:\\\/\\\/planitpower.com\\\/shop\\\/aqara-hub-m1s-gen2\\\/#primaryimage\"},\"thumbnailUrl\":\"https:\\\/\\\/i0.wp.com\\\/planitpower.com\\\/wp-content\\\/uploads\\\/2025\\\/11\\\/M1S-Gen-2_1920x1920.jpg?fit=1000%2C1000&ssl=1\",\"datePublished\":\"2025-12-25T00:19:33+00:00\",\"dateModified\":\"2025-12-25T00:19:36+00:00\",\"description\":\"Discover the Aqara Hub M1S Gen2 \u2013 the smart home control center with Zigbee 3.0, advanced security features, voice assistant compatibility, and a built-in RGB light for seamless smart automation.\",\"breadcrumb\":{\"@id\":\"https:\\\/\\\/planitpower.com\\\/shop\\\/aqara-hub-m1s-gen2\\\/#breadcrumb\"},\"inLanguage\":\"fr-FR\",\"potentialAction\":[{\"@type\":\"ReadAction\",\"target\":[\"https:\\\/\\\/planitpower.com\\\/shop\\\/aqara-hub-m1s-gen2\\\/\"]}]},{\"@type\":\"ImageObject\",\"inLanguage\":\"fr-FR\",\"@id\":\"https:\\\/\\\/planitpower.com\\\/shop\\\/aqara-hub-m1s-gen2\\\/#primaryimage\",\"url\":\"https:\\\/\\\/i0.wp.com\\\/planitpower.com\\\/wp-content\\\/uploads\\\/2025\\\/11\\\/M1S-Gen-2_1920x1920.jpg?fit=1000%2C1000&ssl=1\",\"contentUrl\":\"https:\\\/\\\/i0.wp.com\\\/planitpower.com\\\/wp-content\\\/uploads\\\/2025\\\/11\\\/M1S-Gen-2_1920x1920.jpg?fit=1000%2C1000&ssl=1\",\"width\":1000,\"height\":1000,\"caption\":\"Aqara Hub M1S Gen2 - planitpower - 1\"},{\"@type\":\"BreadcrumbList\",\"@id\":\"https:\\\/\\\/planitpower.com\\\/shop\\\/aqara-hub-m1s-gen2\\\/#breadcrumb\",\"itemListElement\":[{\"@type\":\"ListItem\",\"position\":1,\"name\":\"Home\",\"item\":\"https:\\\/\\\/planitpower.com\\\/\"},{\"@type\":\"ListItem\",\"position\":2,\"name\":\"SHOP\",\"item\":\"https:\\\/\\\/planitpower.com\\\/shop\\\/\"},{\"@type\":\"ListItem\",\"position\":3,\"name\":\"Aqara Hub M1S Gen2\"}]},{\"@type\":\"WebSite\",\"@id\":\"https:\\\/\\\/planitpower.com\\\/#website\",\"url\":\"https:\\\/\\\/planitpower.com\\\/\",\"name\":\"Planitpower\",\"description\":\"Inspire energy\",\"publisher\":{\"@id\":\"https:\\\/\\\/planitpower.com\\\/#\\\/schema\\\/person\\\/b531587eda267b930b04174d12de6efa\"},\"potentialAction\":[{\"@type\":\"SearchAction\",\"target\":{\"@type\":\"EntryPoint\",\"urlTemplate\":\"https:\\\/\\\/planitpower.com\\\/?s={search_term_string}\"},\"query-input\":{\"@type\":\"PropertyValueSpecification\",\"valueRequired\":true,\"valueName\":\"search_term_string\"}}],\"inLanguage\":\"fr-FR\"},{\"@type\":[\"Person\",\"Organization\"],\"@id\":\"https:\\\/\\\/planitpower.com\\\/#\\\/schema\\\/person\\\/b531587eda267b930b04174d12de6efa\",\"name\":\"Editorial Team\",\"image\":{\"@type\":\"ImageObject\",\"inLanguage\":\"fr-FR\",\"@id\":\"https:\\\/\\\/i0.wp.com\\\/planitpower.com\\\/wp-content\\\/uploads\\\/2025\\\/12\\\/cropped-planitpower_circle_375x375.png?fit=512%2C512&ssl=1\",\"url\":\"https:\\\/\\\/i0.wp.com\\\/planitpower.com\\\/wp-content\\\/uploads\\\/2025\\\/12\\\/cropped-planitpower_circle_375x375.png?fit=512%2C512&ssl=1\",\"contentUrl\":\"https:\\\/\\\/i0.wp.com\\\/planitpower.com\\\/wp-content\\\/uploads\\\/2025\\\/12\\\/cropped-planitpower_circle_375x375.png?fit=512%2C512&ssl=1\",\"width\":512,\"height\":512,\"caption\":\"Editorial Team\"},\"logo\":{\"@id\":\"https:\\\/\\\/i0.wp.com\\\/planitpower.com\\\/wp-content\\\/uploads\\\/2025\\\/12\\\/cropped-planitpower_circle_375x375.png?fit=512%2C512&ssl=1\"},\"sameAs\":[\"https:\\\/\\\/Planitpower.com\"]}]}<\/script>\n<!-- \/ Yoast SEO plugin. -->","yoast_head_json":{"title":"Hub Aqara M1S Gen2 - Planitpower","description":"D\u00e9couvrez l&#039;Aqara Hub M1S Gen2 \u2013 le centre de contr\u00f4le domotique intelligent avec Zigbee 3.0, des fonctions de s\u00e9curit\u00e9 avanc\u00e9es, la compatibilit\u00e9 avec les assistants vocaux et une lumi\u00e8re RGB int\u00e9gr\u00e9e pour une automatisation intelligente et fluide.","robots":{"index":"index","follow":"follow","max-snippet":"max-snippet:-1","max-image-preview":"max-image-preview:large","max-video-preview":"max-video-preview:-1"},"canonical":"https:\/\/planitpower.com\/fr\/boutique\/hub-aqara-m1s-gen2\/","og_locale":"fr_FR","og_type":"article","og_title":"Aqara Hub M1S Gen2 - Planitpower","og_description":"Discover the Aqara Hub M1S Gen2 \u2013 the smart home control center with Zigbee 3.0, advanced security features, voice assistant compatibility, and a built-in RGB light for seamless smart automation.","og_url":"https:\/\/planitpower.com\/fr\/boutique\/hub-aqara-m1s-gen2\/","og_site_name":"Planitpower","article_modified_time":"2025-12-25T00:19:36+00:00","og_image":[{"width":1000,"height":1000,"url":"https:\/\/i0.wp.com\/planitpower.com\/wp-content\/uploads\/2025\/11\/M1S-Gen-2_1920x1920.jpg?fit=1000%2C1000&ssl=1","type":"image\/jpeg"}],"twitter_card":"summary_large_image","twitter_misc":{"Dur\u00e9e de lecture estim\u00e9e":"2 minutes"},"schema":{"@context":"https:\/\/schema.org","@graph":[{"@type":"WebPage","@id":"https:\/\/planitpower.com\/shop\/aqara-hub-m1s-gen2\/","url":"https:\/\/planitpower.com\/shop\/aqara-hub-m1s-gen2\/","name":"Hub Aqara M1S Gen2 - Planitpower","isPartOf":{"@id":"https:\/\/planitpower.com\/#website"},"primaryImageOfPage":{"@id":"https:\/\/planitpower.com\/shop\/aqara-hub-m1s-gen2\/#primaryimage"},"image":{"@id":"https:\/\/planitpower.com\/shop\/aqara-hub-m1s-gen2\/#primaryimage"},"thumbnailUrl":"https:\/\/i0.wp.com\/planitpower.com\/wp-content\/uploads\/2025\/11\/M1S-Gen-2_1920x1920.jpg?fit=1000%2C1000&ssl=1","datePublished":"2025-12-25T00:19:33+00:00","dateModified":"2025-12-25T00:19:36+00:00","description":"D\u00e9couvrez l&#039;Aqara Hub M1S Gen2 \u2013 le centre de contr\u00f4le domotique intelligent avec Zigbee 3.0, des fonctions de s\u00e9curit\u00e9 avanc\u00e9es, la compatibilit\u00e9 avec les assistants vocaux et une lumi\u00e8re RGB int\u00e9gr\u00e9e pour une automatisation intelligente et fluide.","breadcrumb":{"@id":"https:\/\/planitpower.com\/shop\/aqara-hub-m1s-gen2\/#breadcrumb"},"inLanguage":"fr-FR","potentialAction":[{"@type":"ReadAction","target":["https:\/\/planitpower.com\/shop\/aqara-hub-m1s-gen2\/"]}]},{"@type":"ImageObject","inLanguage":"fr-FR","@id":"https:\/\/planitpower.com\/shop\/aqara-hub-m1s-gen2\/#primaryimage","url":"https:\/\/i0.wp.com\/planitpower.com\/wp-content\/uploads\/2025\/11\/M1S-Gen-2_1920x1920.jpg?fit=1000%2C1000&ssl=1","contentUrl":"https:\/\/i0.wp.com\/planitpower.com\/wp-content\/uploads\/2025\/11\/M1S-Gen-2_1920x1920.jpg?fit=1000%2C1000&ssl=1","width":1000,"height":1000,"caption":"Aqara Hub M1S Gen2 - planitpower - 1"},{"@type":"BreadcrumbList","@id":"https:\/\/planitpower.com\/shop\/aqara-hub-m1s-gen2\/#breadcrumb","itemListElement":[{"@type":"ListItem","position":1,"name":"Home","item":"https:\/\/planitpower.com\/"},{"@type":"ListItem","position":2,"name":"SHOP","item":"https:\/\/planitpower.com\/shop\/"},{"@type":"ListItem","position":3,"name":"Aqara Hub M1S Gen2"}]},{"@type":"WebSite","@id":"https:\/\/planitpower.com\/#website","url":"https:\/\/planitpower.com\/","name":"Planitpower","description":"Inspirons l'\u00e9nergie!","publisher":{"@id":"https:\/\/planitpower.com\/#\/schema\/person\/b531587eda267b930b04174d12de6efa"},"potentialAction":[{"@type":"SearchAction","target":{"@type":"EntryPoint","urlTemplate":"https:\/\/planitpower.com\/?s={search_term_string}"},"query-input":{"@type":"PropertyValueSpecification","valueRequired":true,"valueName":"search_term_string"}}],"inLanguage":"fr-FR"},{"@type":["Person","Organization"],"@id":"https:\/\/planitpower.com\/#\/schema\/person\/b531587eda267b930b04174d12de6efa","name":"Equipe \u00e9ditoriale","image":{"@type":"ImageObject","inLanguage":"fr-FR","@id":"https:\/\/i0.wp.com\/planitpower.com\/wp-content\/uploads\/2025\/12\/cropped-planitpower_circle_375x375.png?fit=512%2C512&ssl=1","url":"https:\/\/i0.wp.com\/planitpower.com\/wp-content\/uploads\/2025\/12\/cropped-planitpower_circle_375x375.png?fit=512%2C512&ssl=1","contentUrl":"https:\/\/i0.wp.com\/planitpower.com\/wp-content\/uploads\/2025\/12\/cropped-planitpower_circle_375x375.png?fit=512%2C512&ssl=1","width":512,"height":512,"caption":"Editorial Team"},"logo":{"@id":"https:\/\/i0.wp.com\/planitpower.com\/wp-content\/uploads\/2025\/12\/cropped-planitpower_circle_375x375.png?fit=512%2C512&ssl=1"},"sameAs":["https:\/\/Planitpower.com"]}]}},"jetpack_publicize_connections":[],"jetpack_likes_enabled":true,"jetpack_sharing_enabled":true,"jetpack-related-posts":[{"id":5208,"url":"https:\/\/planitpower.com\/fr\/boutique\/zendure-solarflow-2400-ac\/","url_meta":{"origin":4253,"position":0},"title":"Zendure SolarFlow 2400 AC","author":"Editorial Team","date":"28\/11\/2025","format":false,"excerpt":"Main features Syst\u00e8me de gestion intelligent AC-coupl\u00e9Contr\u00f4le automatiquement la charge et la d\u00e9charge des batteries AB3000X selon la production solaire, votre consommation et les horaires tarifaires. Compatible avec les micro-onduleursFonctionne avec les installations photovolta\u00efques AC jusqu\u2019\u00e0 2000 W, sans modifier l\u2019infrastructure existante. Puissance de sortie flexible800 W en mode plug-and-play\u2026","rel":"","context":"Article similaire","block_context":{"text":"Article similaire","link":""},"img":{"alt_text":"Zendure SolarFlow 2400 AC - planitpower","src":"https:\/\/i0.wp.com\/planitpower.com\/wp-content\/uploads\/2025\/11\/zendure-solarflow-2400-ac-seul.jpg?fit=500%2C500&ssl=1&resize=350%2C200","width":350,"height":200},"classes":[]}],"_links":{"self":[{"href":"https:\/\/planitpower.com\/fr\/wp-json\/wp\/v2\/product\/4253","targetHints":{"allow":["GET"]}}],"collection":[{"href":"https:\/\/planitpower.com\/fr\/wp-json\/wp\/v2\/product"}],"about":[{"href":"https:\/\/planitpower.com\/fr\/wp-json\/wp\/v2\/types\/product"}],"replies":[{"embeddable":true,"href":"https:\/\/planitpower.com\/fr\/wp-json\/wp\/v2\/comments?post=4253"}],"version-history":[{"count":0,"href":"https:\/\/planitpower.com\/fr\/wp-json\/wp\/v2\/product\/4253\/revisions"}],"wp:featuredmedia":[{"embeddable":true,"href":"https:\/\/planitpower.com\/fr\/wp-json\/wp\/v2\/media\/4256"}],"wp:attachment":[{"href":"https:\/\/planitpower.com\/fr\/wp-json\/wp\/v2\/media?parent=4253"}],"wp:term":[{"taxonomy":"product_brand","embeddable":true,"href":"https:\/\/planitpower.com\/fr\/wp-json\/wp\/v2\/product_brand?post=4253"},{"taxonomy":"product_cat","embeddable":true,"href":"https:\/\/planitpower.com\/fr\/wp-json\/wp\/v2\/product_cat?post=4253"},{"taxonomy":"product_tag","embeddable":true,"href":"https:\/\/planitpower.com\/fr\/wp-json\/wp\/v2\/product_tag?post=4253"}],"curies":[{"name":"wp","href":"https:\/\/api.w.org\/{rel}","templated":true}]}}