{"id":4304,"date":"2025-12-25T00:15:32","date_gmt":"2025-12-25T00:15:32","guid":{"rendered":"https:\/\/planitpower.com\/?post_type=product&#038;p=4304"},"modified":"2026-04-11T10:25:43","modified_gmt":"2026-04-11T10:25:43","slug":"hub-camera-aqara-g5-pro-poe","status":"publish","type":"product","link":"https:\/\/planitpower.com\/fr\/boutique\/hub-camera-aqara-g5-pro-poe\/","title":{"rendered":"Hub de cam\u00e9ra Aqara G5 Pro PoE"},"content":{"rendered":"<h2 class=\"wp-block-heading\">Description<\/h2>\n\n\n\n<p>Le hub cam\u00e9ra Aqara G5 Pro PoE r\u00e9unit des fonctionnalit\u00e9s de surveillance performantes et la centralisation de la maison connect\u00e9e dans un seul appareil r\u00e9sistant aux intemp\u00e9ries. Con\u00e7u pour une utilisation ext\u00e9rieure, il capture des vid\u00e9os nettes en 2,6K (Quad HD) avec un large champ de vision de 133\u00b0, et son ouverture f\/1.0 garantit des images lumineuses et color\u00e9es m\u00eame en faible luminosit\u00e9. Gr\u00e2ce \u00e0 la technologie Power-over-Ethernet (PoE), les donn\u00e9es et l&#039;alimentation transitent par un seul c\u00e2ble, assurant une connectivit\u00e9 stable et \u00e9vitant la d\u00e9pendance au seul Wi-Fi.<br>Beyond surveillance, the G5 Pro acts as a full smart-home hub: it supports Zigbee, Thread, and Matter protocols, serving as a Matter Controller, Thread Border Router and Zigbee bridge. This means you can integrate and automate a wide range of smart devices \u2014 light switches, sensors, locks \u2014 from one outdoor-mounted unit. In short, the G5 Pro is not just a camera \u2014 it&#8217;s the smart-home gateway mounted outside your home.<br>Con\u00e7ue pour r\u00e9sister aux conditions ext\u00e9rieures les plus extr\u00eames, elle est dot\u00e9e d&#039;un bo\u00eetier certifi\u00e9 IP65 et fonctionne de mani\u00e8re fiable \u00e0 des temp\u00e9ratures allant de -30 \u00b0C \u00e0 +50 \u00b0C. Gr\u00e2ce \u00e0 sa vision nocturne couleur, son projecteur, sa m\u00e9moire int\u00e9gr\u00e9e, le streaming RTSP, la d\u00e9tection locale par IA (visages, v\u00e9hicules, sons) et son int\u00e9gration compl\u00e8te avec Apple HomeKit, Google Home et Alexa, cet appareil offre \u00e0 la fois une s\u00e9curit\u00e9 intelligente et le confort d&#039;une maison connect\u00e9e.<\/p>\n\n\n\n<h2 class=\"wp-block-heading\">Sp\u00e9cifications techniques<\/h2>\n\n\n\n<p><\/p>\n\n\n\n<figure class=\"wp-block-table\"><table class=\"has-fixed-layout\"><thead><tr><th>Sp\u00e9cifications<\/th><th>Valeur<\/th><\/tr><\/thead><tbody><tr><td>R\u00e9solution<\/td><td>Quad HD 2688 \u00d7 1520<\/td><\/tr><tr><td>Taille du capteur d&#039;image<\/td><td>1\/1,8\u2033<\/td><\/tr><tr><td>Champ de vision (diagonale)<\/td><td>133\u00b0<\/td><\/tr><tr><td>Ouverture<\/td><td>f\/1.0<\/td><\/tr><tr><td>Entr\u00e9e d'alimentation<\/td><td>USB-C\u00a0: 5\u00a0V 2\u00a0A \/ PoE\u00a0: 48\u00a0V 0,27\u00a0A<\/td><\/tr><tr><td>Angle de d\u00e9tection PIR<\/td><td>Horizontal 100\u00b0, Vertical 65\u00b0<\/td><\/tr><tr><td>Puissance nominale du projecteur<\/td><td>3 W<\/td><\/tr><tr><td>Angle du faisceau du projecteur<\/td><td>120\u00b0<\/td><\/tr><tr><td>Temp\u00e9rature de couleur du projecteur<\/td><td>3000 K<\/td><\/tr><tr><td>Protocoles de communication<\/td><td>Ethernet IEEE 802.3af (PoE)\u00a0; Zigbee et Thread IEEE 802.15.4\u00a0; Bluetooth\u00a0; Wi-Fi IEEE 802.11 b\/g\/n\/ac (2,4\/5 GHz)<\/td><\/tr><tr><td>Dimensions<\/td><td>70,5 \u00d7 70,5 \u00d7 89 mm (2,78\u2033 \u00d7 2,78\u2033 \u00d7 3,50\u2033)<\/td><\/tr><tr><td>Temp\u00e9rature de fonctionnement<\/td><td>\u201330 \u00b0C \u00e0 +50 \u00b0C (\u201322 \u00b0F \u00e0 122 \u00b0F)<\/td><\/tr><tr><td>Humidit\u00e9 de fonctionnement<\/td><td>0 ~ 95% HR, sans condensation<\/td><\/tr><tr><td>Indice de r\u00e9sistance aux intemp\u00e9ries<\/td><td>IP65<\/td><\/tr><tr><td>Essai gratuit du stockage cloud<\/td><td>30 jours<\/td><\/tr><tr><td>Distance focale<\/td><td>4,2 mm<\/td><\/tr><\/tbody><\/table><\/figure>","protected":false},"excerpt":{"rendered":"<h2 data-start=\"1429\" data-end=\"1447\">Caract\u00e9ristiques principales<\/h2>\n<ul data-start=\"1448\" data-end=\"2773\">\n<li data-start=\"1448\" data-end=\"1554\">\n<p data-start=\"1450\" data-end=\"1554\">R\u00e9solution Quad HD (2688\u00d71520) avec un champ de vision diagonal de 133\u00b0 pour une couverture \u00e9tendue et d\u00e9taill\u00e9e.<\/p>\n<\/li>\n<li data-start=\"1555\" data-end=\"1667\">\n<p data-start=\"1557\" data-end=\"1667\">L&#039;ouverture ultra-lumineuse f\/1.0 associ\u00e9e \u00e0 un capteur 1\/1,8\u2033 garantit une excellente qualit\u00e9 d&#039;image m\u00eame en faible luminosit\u00e9.<\/p>\n<\/li>\n<li data-start=\"1668\" data-end=\"1813\">\n<p data-start=\"1670\" data-end=\"1813\">La v\u00e9ritable vision nocturne en couleur avec projecteur int\u00e9gr\u00e9 de 3 W (angle de faisceau 120\u00b0, temp\u00e9rature de couleur 3000 K) am\u00e9liore la clart\u00e9 et dissuade les intrus.<\/p>\n<\/li>\n<li data-start=\"1814\" data-end=\"1971\">\n<p data-start=\"1816\" data-end=\"1971\">Prise en charge PoE (Power over Ethernet)\u00a0: 48\u00a0V 0,27\u00a0A via RJ45 pour une alimentation et un transfert de donn\u00e9es stables sur un seul c\u00e2ble\u00a0; prend \u00e9galement en charge USB-C (5\u00a0V 2\u00a0A) comme alternative.<\/p>\n<\/li>\n<li data-start=\"1972\" data-end=\"2115\">\n<p data-start=\"1974\" data-end=\"2115\">Hub domotique multiprotocole : prend en charge Zigbee et Thread (IEEE 802.15.4), Bluetooth (MagicPair) et agit comme un pont et un contr\u00f4leur Matter.<\/p>\n<\/li>\n<li data-start=\"2116\" data-end=\"2287\">\n<p data-start=\"2118\" data-end=\"2287\">Traitement IA local (NPU sur l&#039;appareil) pour la d\u00e9tection de personnes, de v\u00e9hicules et de sons (pleurs de b\u00e9b\u00e9, alarmes), assurant l&#039;automatisation et les alertes m\u00eame sans acc\u00e8s \u00e0 Internet.<\/p>\n<\/li>\n<li data-start=\"2288\" data-end=\"2435\">\n<p data-start=\"2290\" data-end=\"2435\">Chiffrement de bout en bout, compatibilit\u00e9 avec Apple HomeKit Secure Video, prise en charge NAS\/RTSP et stockage eMMC int\u00e9gr\u00e9 pour un stockage de donn\u00e9es flexible et s\u00e9curis\u00e9.<\/p>\n<\/li>\n<li data-start=\"2436\" data-end=\"2552\">\n<p data-start=\"2438\" data-end=\"2552\">Conception ext\u00e9rieure r\u00e9sistante aux intemp\u00e9ries : indice de protection IP65, fonctionne de \u201330 \u00b0C \u00e0 +50 \u00b0C, humidit\u00e9 jusqu&#039;\u00e0 95% sans condensation.<\/p>\n<\/li>\n<li data-start=\"2553\" data-end=\"2648\">\n<p data-start=\"2555\" data-end=\"2648\">Inclut un essai gratuit de 30 jours du cloud pour explorer toutes les fonctionnalit\u00e9s et options de stockage bas\u00e9es sur le cloud.<\/p>\n<\/li>\n<li data-start=\"2649\" data-end=\"2773\">\n<p data-start=\"2651\" data-end=\"2773\">Montage flexible avec un support rotatif pour une installation murale ou au plafond, adapt\u00e9 \u00e0 une vari\u00e9t\u00e9 d&#039;emplacements ext\u00e9rieurs.<\/p>\n<\/li>\n<\/ul>","protected":false},"featured_media":6163,"comment_status":"open","ping_status":"closed","template":"","meta":{"jetpack_post_was_ever_published":false,"jetpack_publicize_message":"","jetpack_publicize_feature_enabled":true,"jetpack_social_post_already_shared":true,"jetpack_social_options":{"image_generator_settings":{"template":"highway","default_image_id":0,"font":"","enabled":false},"version":2}},"product_brand":[103],"product_cat":[136],"product_tag":[],"class_list":{"0":"post-4304","1":"product","2":"type-product","3":"status-publish","4":"has-post-thumbnail","6":"product_brand-aqara","7":"product_cat-smart-camera","9":"first","10":"instock","11":"taxable","12":"shipping-taxable","13":"purchasable","14":"product-type-variable"},"yoast_head":"<!-- This site is optimized with the Yoast SEO plugin v27.3 - https:\/\/yoast.com\/product\/yoast-seo-wordpress\/ -->\n<title>Aqara Camera Hub G5 Pro PoE - Planitpower<\/title>\n<meta name=\"description\" content=\"Discover the advanced Aqara Camera Hub G5 Pro PoE \u2013 a high-resolution outdoor smart camera and multi-protocol hub designed for seamless home-automation integration and robust security.\" \/>\n<meta name=\"robots\" content=\"index, follow, max-snippet:-1, max-image-preview:large, max-video-preview:-1\" \/>\n<link rel=\"canonical\" href=\"https:\/\/planitpower.com\/fr\/boutique\/hub-camera-aqara-g5-pro-poe\/\" \/>\n<meta property=\"og:locale\" content=\"fr_FR\" \/>\n<meta property=\"og:type\" content=\"article\" \/>\n<meta property=\"og:title\" content=\"Aqara Camera Hub G5 Pro PoE - Planitpower\" \/>\n<meta property=\"og:description\" content=\"Discover the advanced Aqara Camera Hub G5 Pro PoE \u2013 a high-resolution outdoor smart camera and multi-protocol hub designed for seamless home-automation integration and robust security.\" \/>\n<meta property=\"og:url\" content=\"https:\/\/planitpower.com\/fr\/boutique\/hub-camera-aqara-g5-pro-poe\/\" \/>\n<meta property=\"og:site_name\" content=\"Planitpower\" \/>\n<meta property=\"article:modified_time\" content=\"2026-04-11T10:25:43+00:00\" \/>\n<meta property=\"og:image\" content=\"https:\/\/planitpower.com\/wp-content\/uploads\/2025\/12\/Aqara_Camera_Hub_G5_Pro___PoE___Grijs_LAQ00089_m1_big.jpg\" \/>\n\t<meta property=\"og:image:width\" content=\"600\" \/>\n\t<meta property=\"og:image:height\" content=\"600\" \/>\n\t<meta property=\"og:image:type\" content=\"image\/jpeg\" \/>\n<meta name=\"twitter:card\" content=\"summary_large_image\" \/>\n<meta name=\"twitter:label1\" content=\"Dur\u00e9e de lecture estim\u00e9e\" \/>\n\t<meta name=\"twitter:data1\" content=\"2 minutes\" \/>\n<script type=\"application\/ld+json\" class=\"yoast-schema-graph\">{\"@context\":\"https:\\\/\\\/schema.org\",\"@graph\":[{\"@type\":\"WebPage\",\"@id\":\"https:\\\/\\\/planitpower.com\\\/shop\\\/aqara-camera-hub-g5-pro-poe\\\/\",\"url\":\"https:\\\/\\\/planitpower.com\\\/shop\\\/aqara-camera-hub-g5-pro-poe\\\/\",\"name\":\"Aqara Camera Hub G5 Pro PoE - Planitpower\",\"isPartOf\":{\"@id\":\"https:\\\/\\\/planitpower.com\\\/#website\"},\"primaryImageOfPage\":{\"@id\":\"https:\\\/\\\/planitpower.com\\\/shop\\\/aqara-camera-hub-g5-pro-poe\\\/#primaryimage\"},\"image\":{\"@id\":\"https:\\\/\\\/planitpower.com\\\/shop\\\/aqara-camera-hub-g5-pro-poe\\\/#primaryimage\"},\"thumbnailUrl\":\"https:\\\/\\\/i0.wp.com\\\/planitpower.com\\\/wp-content\\\/uploads\\\/2025\\\/12\\\/Aqara_Camera_Hub_G5_Pro___PoE___Grijs_LAQ00089_m1_big.jpg?fit=600%2C600&ssl=1\",\"datePublished\":\"2025-12-25T00:15:32+00:00\",\"dateModified\":\"2026-04-11T10:25:43+00:00\",\"description\":\"Discover the advanced Aqara Camera Hub G5 Pro PoE \u2013 a high-resolution outdoor smart camera and multi-protocol hub designed for seamless home-automation integration and robust security.\",\"breadcrumb\":{\"@id\":\"https:\\\/\\\/planitpower.com\\\/shop\\\/aqara-camera-hub-g5-pro-poe\\\/#breadcrumb\"},\"inLanguage\":\"fr-FR\",\"potentialAction\":[{\"@type\":\"ReadAction\",\"target\":[\"https:\\\/\\\/planitpower.com\\\/shop\\\/aqara-camera-hub-g5-pro-poe\\\/\"]}]},{\"@type\":\"ImageObject\",\"inLanguage\":\"fr-FR\",\"@id\":\"https:\\\/\\\/planitpower.com\\\/shop\\\/aqara-camera-hub-g5-pro-poe\\\/#primaryimage\",\"url\":\"https:\\\/\\\/i0.wp.com\\\/planitpower.com\\\/wp-content\\\/uploads\\\/2025\\\/12\\\/Aqara_Camera_Hub_G5_Pro___PoE___Grijs_LAQ00089_m1_big.jpg?fit=600%2C600&ssl=1\",\"contentUrl\":\"https:\\\/\\\/i0.wp.com\\\/planitpower.com\\\/wp-content\\\/uploads\\\/2025\\\/12\\\/Aqara_Camera_Hub_G5_Pro___PoE___Grijs_LAQ00089_m1_big.jpg?fit=600%2C600&ssl=1\",\"width\":600,\"height\":600,\"caption\":\"Aqara Camera Hub G5 Pro PoE_ Planitpower_7\"},{\"@type\":\"BreadcrumbList\",\"@id\":\"https:\\\/\\\/planitpower.com\\\/shop\\\/aqara-camera-hub-g5-pro-poe\\\/#breadcrumb\",\"itemListElement\":[{\"@type\":\"ListItem\",\"position\":1,\"name\":\"Home\",\"item\":\"https:\\\/\\\/planitpower.com\\\/\"},{\"@type\":\"ListItem\",\"position\":2,\"name\":\"SHOP\",\"item\":\"https:\\\/\\\/planitpower.com\\\/shop\\\/\"},{\"@type\":\"ListItem\",\"position\":3,\"name\":\"Aqara Camera Hub G5 Pro PoE\"}]},{\"@type\":\"WebSite\",\"@id\":\"https:\\\/\\\/planitpower.com\\\/#website\",\"url\":\"https:\\\/\\\/planitpower.com\\\/\",\"name\":\"Planitpower\",\"description\":\"Inspire energy\",\"publisher\":{\"@id\":\"https:\\\/\\\/planitpower.com\\\/#\\\/schema\\\/person\\\/b531587eda267b930b04174d12de6efa\"},\"potentialAction\":[{\"@type\":\"SearchAction\",\"target\":{\"@type\":\"EntryPoint\",\"urlTemplate\":\"https:\\\/\\\/planitpower.com\\\/?s={search_term_string}\"},\"query-input\":{\"@type\":\"PropertyValueSpecification\",\"valueRequired\":true,\"valueName\":\"search_term_string\"}}],\"inLanguage\":\"fr-FR\"},{\"@type\":[\"Person\",\"Organization\"],\"@id\":\"https:\\\/\\\/planitpower.com\\\/#\\\/schema\\\/person\\\/b531587eda267b930b04174d12de6efa\",\"name\":\"Editorial Team\",\"image\":{\"@type\":\"ImageObject\",\"inLanguage\":\"fr-FR\",\"@id\":\"https:\\\/\\\/i0.wp.com\\\/planitpower.com\\\/wp-content\\\/uploads\\\/2025\\\/12\\\/cropped-planitpower_circle_375x375.png?fit=512%2C512&ssl=1\",\"url\":\"https:\\\/\\\/i0.wp.com\\\/planitpower.com\\\/wp-content\\\/uploads\\\/2025\\\/12\\\/cropped-planitpower_circle_375x375.png?fit=512%2C512&ssl=1\",\"contentUrl\":\"https:\\\/\\\/i0.wp.com\\\/planitpower.com\\\/wp-content\\\/uploads\\\/2025\\\/12\\\/cropped-planitpower_circle_375x375.png?fit=512%2C512&ssl=1\",\"width\":512,\"height\":512,\"caption\":\"Editorial Team\"},\"logo\":{\"@id\":\"https:\\\/\\\/i0.wp.com\\\/planitpower.com\\\/wp-content\\\/uploads\\\/2025\\\/12\\\/cropped-planitpower_circle_375x375.png?fit=512%2C512&ssl=1\"},\"sameAs\":[\"https:\\\/\\\/Planitpower.com\"]}]}<\/script>\n<!-- \/ Yoast SEO plugin. -->","yoast_head_json":{"title":"Hub de cam\u00e9ra Aqara G5 Pro PoE - Planitpower","description":"D\u00e9couvrez le hub cam\u00e9ra Aqara G5 Pro PoE avanc\u00e9 \u2013 une cam\u00e9ra intelligente ext\u00e9rieure haute r\u00e9solution et un hub multiprotocole con\u00e7u pour une int\u00e9gration domotique transparente et une s\u00e9curit\u00e9 robuste.","robots":{"index":"index","follow":"follow","max-snippet":"max-snippet:-1","max-image-preview":"max-image-preview:large","max-video-preview":"max-video-preview:-1"},"canonical":"https:\/\/planitpower.com\/fr\/boutique\/hub-camera-aqara-g5-pro-poe\/","og_locale":"fr_FR","og_type":"article","og_title":"Aqara Camera Hub G5 Pro PoE - Planitpower","og_description":"Discover the advanced Aqara Camera Hub G5 Pro PoE \u2013 a high-resolution outdoor smart camera and multi-protocol hub designed for seamless home-automation integration and robust security.","og_url":"https:\/\/planitpower.com\/fr\/boutique\/hub-camera-aqara-g5-pro-poe\/","og_site_name":"Planitpower","article_modified_time":"2026-04-11T10:25:43+00:00","og_image":[{"width":600,"height":600,"url":"https:\/\/planitpower.com\/wp-content\/uploads\/2025\/12\/Aqara_Camera_Hub_G5_Pro___PoE___Grijs_LAQ00089_m1_big.jpg","type":"image\/jpeg"}],"twitter_card":"summary_large_image","twitter_misc":{"Dur\u00e9e de lecture estim\u00e9e":"2 minutes"},"schema":{"@context":"https:\/\/schema.org","@graph":[{"@type":"WebPage","@id":"https:\/\/planitpower.com\/shop\/aqara-camera-hub-g5-pro-poe\/","url":"https:\/\/planitpower.com\/shop\/aqara-camera-hub-g5-pro-poe\/","name":"Hub de cam\u00e9ra Aqara G5 Pro PoE - Planitpower","isPartOf":{"@id":"https:\/\/planitpower.com\/#website"},"primaryImageOfPage":{"@id":"https:\/\/planitpower.com\/shop\/aqara-camera-hub-g5-pro-poe\/#primaryimage"},"image":{"@id":"https:\/\/planitpower.com\/shop\/aqara-camera-hub-g5-pro-poe\/#primaryimage"},"thumbnailUrl":"https:\/\/i0.wp.com\/planitpower.com\/wp-content\/uploads\/2025\/12\/Aqara_Camera_Hub_G5_Pro___PoE___Grijs_LAQ00089_m1_big.jpg?fit=600%2C600&ssl=1","datePublished":"2025-12-25T00:15:32+00:00","dateModified":"2026-04-11T10:25:43+00:00","description":"D\u00e9couvrez le hub cam\u00e9ra Aqara G5 Pro PoE avanc\u00e9 \u2013 une cam\u00e9ra intelligente ext\u00e9rieure haute r\u00e9solution et un hub multiprotocole con\u00e7u pour une int\u00e9gration domotique transparente et une s\u00e9curit\u00e9 robuste.","breadcrumb":{"@id":"https:\/\/planitpower.com\/shop\/aqara-camera-hub-g5-pro-poe\/#breadcrumb"},"inLanguage":"fr-FR","potentialAction":[{"@type":"ReadAction","target":["https:\/\/planitpower.com\/shop\/aqara-camera-hub-g5-pro-poe\/"]}]},{"@type":"ImageObject","inLanguage":"fr-FR","@id":"https:\/\/planitpower.com\/shop\/aqara-camera-hub-g5-pro-poe\/#primaryimage","url":"https:\/\/i0.wp.com\/planitpower.com\/wp-content\/uploads\/2025\/12\/Aqara_Camera_Hub_G5_Pro___PoE___Grijs_LAQ00089_m1_big.jpg?fit=600%2C600&ssl=1","contentUrl":"https:\/\/i0.wp.com\/planitpower.com\/wp-content\/uploads\/2025\/12\/Aqara_Camera_Hub_G5_Pro___PoE___Grijs_LAQ00089_m1_big.jpg?fit=600%2C600&ssl=1","width":600,"height":600,"caption":"Aqara Camera Hub G5 Pro PoE_ Planitpower_7"},{"@type":"BreadcrumbList","@id":"https:\/\/planitpower.com\/shop\/aqara-camera-hub-g5-pro-poe\/#breadcrumb","itemListElement":[{"@type":"ListItem","position":1,"name":"Home","item":"https:\/\/planitpower.com\/"},{"@type":"ListItem","position":2,"name":"SHOP","item":"https:\/\/planitpower.com\/shop\/"},{"@type":"ListItem","position":3,"name":"Aqara Camera Hub G5 Pro PoE"}]},{"@type":"WebSite","@id":"https:\/\/planitpower.com\/#website","url":"https:\/\/planitpower.com\/","name":"Planitpower","description":"Inspirons l'\u00e9nergie!","publisher":{"@id":"https:\/\/planitpower.com\/#\/schema\/person\/b531587eda267b930b04174d12de6efa"},"potentialAction":[{"@type":"SearchAction","target":{"@type":"EntryPoint","urlTemplate":"https:\/\/planitpower.com\/?s={search_term_string}"},"query-input":{"@type":"PropertyValueSpecification","valueRequired":true,"valueName":"search_term_string"}}],"inLanguage":"fr-FR"},{"@type":["Person","Organization"],"@id":"https:\/\/planitpower.com\/#\/schema\/person\/b531587eda267b930b04174d12de6efa","name":"Equipe \u00e9ditoriale","image":{"@type":"ImageObject","inLanguage":"fr-FR","@id":"https:\/\/i0.wp.com\/planitpower.com\/wp-content\/uploads\/2025\/12\/cropped-planitpower_circle_375x375.png?fit=512%2C512&ssl=1","url":"https:\/\/i0.wp.com\/planitpower.com\/wp-content\/uploads\/2025\/12\/cropped-planitpower_circle_375x375.png?fit=512%2C512&ssl=1","contentUrl":"https:\/\/i0.wp.com\/planitpower.com\/wp-content\/uploads\/2025\/12\/cropped-planitpower_circle_375x375.png?fit=512%2C512&ssl=1","width":512,"height":512,"caption":"Editorial Team"},"logo":{"@id":"https:\/\/i0.wp.com\/planitpower.com\/wp-content\/uploads\/2025\/12\/cropped-planitpower_circle_375x375.png?fit=512%2C512&ssl=1"},"sameAs":["https:\/\/Planitpower.com"]}]}},"jetpack_publicize_connections":[],"jetpack_likes_enabled":true,"jetpack_sharing_enabled":true,"jetpack-related-posts":[{"id":5208,"url":"https:\/\/planitpower.com\/fr\/boutique\/zendure-solarflow-2400-ac\/","url_meta":{"origin":4304,"position":0},"title":"Zendure SolarFlow 2400 AC","author":"Editorial Team","date":"28\/11\/2025","format":false,"excerpt":"Main features Syst\u00e8me de gestion intelligent AC-coupl\u00e9Contr\u00f4le automatiquement la charge et la d\u00e9charge des batteries AB3000X selon la production solaire, votre consommation et les horaires tarifaires. Compatible avec les micro-onduleursFonctionne avec les installations photovolta\u00efques AC jusqu\u2019\u00e0 2000 W, sans modifier l\u2019infrastructure existante. Puissance de sortie flexible800 W en mode plug-and-play\u2026","rel":"","context":"Article similaire","block_context":{"text":"Article similaire","link":""},"img":{"alt_text":"Zendure SolarFlow 2400 AC - planitpower","src":"https:\/\/i0.wp.com\/planitpower.com\/wp-content\/uploads\/2025\/11\/zendure-solarflow-2400-ac-seul.jpg?fit=500%2C500&ssl=1&resize=350%2C200","width":350,"height":200},"classes":[]}],"_links":{"self":[{"href":"https:\/\/planitpower.com\/fr\/wp-json\/wp\/v2\/product\/4304","targetHints":{"allow":["GET"]}}],"collection":[{"href":"https:\/\/planitpower.com\/fr\/wp-json\/wp\/v2\/product"}],"about":[{"href":"https:\/\/planitpower.com\/fr\/wp-json\/wp\/v2\/types\/product"}],"replies":[{"embeddable":true,"href":"https:\/\/planitpower.com\/fr\/wp-json\/wp\/v2\/comments?post=4304"}],"version-history":[{"count":1,"href":"https:\/\/planitpower.com\/fr\/wp-json\/wp\/v2\/product\/4304\/revisions"}],"predecessor-version":[{"id":6165,"href":"https:\/\/planitpower.com\/fr\/wp-json\/wp\/v2\/product\/4304\/revisions\/6165"}],"wp:featuredmedia":[{"embeddable":true,"href":"https:\/\/planitpower.com\/fr\/wp-json\/wp\/v2\/media\/6163"}],"wp:attachment":[{"href":"https:\/\/planitpower.com\/fr\/wp-json\/wp\/v2\/media?parent=4304"}],"wp:term":[{"taxonomy":"product_brand","embeddable":true,"href":"https:\/\/planitpower.com\/fr\/wp-json\/wp\/v2\/product_brand?post=4304"},{"taxonomy":"product_cat","embeddable":true,"href":"https:\/\/planitpower.com\/fr\/wp-json\/wp\/v2\/product_cat?post=4304"},{"taxonomy":"product_tag","embeddable":true,"href":"https:\/\/planitpower.com\/fr\/wp-json\/wp\/v2\/product_tag?post=4304"}],"curies":[{"name":"wp","href":"https:\/\/api.w.org\/{rel}","templated":true}]}}