{"id":4351,"date":"2025-11-24T15:29:12","date_gmt":"2025-11-24T15:29:12","guid":{"rendered":"https:\/\/planitpower.com\/?post_type=product&#038;p=4351"},"modified":"2026-04-11T10:35:36","modified_gmt":"2026-04-11T10:35:36","slug":"sonnette-video-aqara-hub-g410-select","status":"publish","type":"product","link":"https:\/\/planitpower.com\/fr\/boutique\/sonnette-video-aqara-hub-g410-select\/","title":{"rendered":"Sonnette vid\u00e9o Aqara Hub G410 Select"},"content":{"rendered":"<h3 class=\"wp-block-heading\"><strong>Description<\/strong><\/h3>\n\n\n\n<p>Le <strong>Sonnette vid\u00e9o Aqara Hub G410 Select<\/strong> est une sonnette connect\u00e9e de pointe qui combine une vid\u00e9o d&#039;une nettet\u00e9 exceptionnelle, une s\u00e9curit\u00e9 fiable et une int\u00e9gration domotique fluide. Con\u00e7ue pour les foyers modernes, elle offre \u00e0 la fois <strong>options d&#039;installation filaires et sans fil<\/strong>, garantissant une flexibilit\u00e9 adapt\u00e9e \u00e0 tout type d&#039;habitation. Avec ses <strong>R\u00e9solution vid\u00e9o ultra-nette 2K<\/strong>, <strong>vision nocturne infrarouge<\/strong>, et <strong>champ de vision large<\/strong>, Vous pouvez ainsi facilement surveiller votre entr\u00e9e jour et nuit avec pr\u00e9cision et confiance.<\/p>\n\n\n\n<p>Cet appareil sert non seulement de sonnette, mais aussi de <strong>centre de domotique<\/strong>, vous permettant de contr\u00f4ler et d&#039;automatiser les appareils Aqara via l&#039;application Aqara Home ou Apple Home. Con\u00e7u avec <strong>reconnaissance faciale locale par IA<\/strong>, <strong>stockage vid\u00e9o crypt\u00e9<\/strong>, et la compatibilit\u00e9 avec les principaux \u00e9cosyst\u00e8mes intelligents comme <strong>Vid\u00e9o s\u00e9curis\u00e9e Apple HomeKit<\/strong>, <strong>Amazon Alexa<\/strong>, et <strong>Google Home<\/strong>, Le G410 Select garantit \u00e0 la fois confidentialit\u00e9 et commodit\u00e9.<\/p>\n\n\n\n<p>Que vous soyez chez vous ou absent, le hub cam\u00e9ra de sonnette Aqara G410 Select vous assure de ne jamais manquer un visiteur. <strong>notifications en temps r\u00e9el<\/strong>, <strong>communication audio bidirectionnelle<\/strong>, et <strong>alertes de d\u00e9tection de mouvement<\/strong> directement sur votre smartphone.<\/p>\n\n\n\n<h3 class=\"wp-block-heading\"><strong>Sp\u00e9cifications techniques<\/strong><\/h3>\n\n\n\n<p><\/p>\n\n\n\n<figure class=\"wp-block-table\"><table class=\"has-fixed-layout\"><thead><tr><th><strong>Sp\u00e9cifications<\/strong><\/th><th><strong>D\u00e9tails<\/strong><\/th><\/tr><\/thead><tbody><tr><td><strong>Mod\u00e8le<\/strong><\/td><td>G410 S\u00e9lectionner<\/td><\/tr><tr><td><strong>R\u00e9solution vid\u00e9o<\/strong><\/td><td>2K (2560 \u00d7 1440)<\/td><\/tr><tr><td><strong>Champ de vision<\/strong><\/td><td>diagonale de 162\u00b0<\/td><\/tr><tr><td><strong>Vision nocturne<\/strong><\/td><td>Infrarouge jusqu&#039;\u00e0 5 m\u00e8tres<\/td><\/tr><tr><td><strong>Alimentation \u00e9lectrique<\/strong><\/td><td>Alimentation filaire 12\u201324 V CA\/CC ou bloc-batterie rechargeable<\/td><\/tr><tr><td><strong>Connectivit\u00e9<\/strong><\/td><td>Wi-Fi 2,4 GHz, Zigbee 3.0<\/td><\/tr><tr><td><strong>Options de stockage<\/strong><\/td><td>Carte microSD (jusqu&#039;\u00e0 512 Go), stockage cloud<\/td><\/tr><tr><td><strong>Audio<\/strong><\/td><td>Communication bidirectionnelle (microphone et haut-parleur)<\/td><\/tr><tr><td><strong>Compatibilit\u00e9 avec les maisons intelligentes<\/strong><\/td><td>Apple HomeKit Secure Video, Amazon Alexa, Google Home, Aqara Home<\/td><\/tr><tr><td><strong>D\u00e9tection par IA<\/strong><\/td><td>Reconnaissance locale des visages et des mouvements<\/td><\/tr><tr><td><strong>Temp\u00e9rature de fonctionnement<\/strong><\/td><td>-10\u00b0C \u00e0 45\u00b0C<\/td><\/tr><tr><td><strong>R\u00e9sistance aux intemp\u00e9ries<\/strong><\/td><td>Indice de protection IPX3<\/td><\/tr><tr><td><strong>Fonctionnalit\u00e9s du hub<\/strong><\/td><td>Concentrateur Zigbee 3.0 int\u00e9gr\u00e9 pour le contr\u00f4le des appareils intelligents<\/td><\/tr><tr><td><strong>Dimensions<\/strong><\/td><td>140 \u00d7 60 \u00d7 35 mm (environ)<\/td><\/tr><\/tbody><\/table><\/figure>","protected":false},"excerpt":{"rendered":"<h3 data-start=\"1242\" data-end=\"1265\"><strong data-start=\"1246\" data-end=\"1263\">Caract\u00e9ristiques principales<\/strong><\/h3>\n<ul data-start=\"1267\" data-end=\"2346\">\n<li data-start=\"1267\" data-end=\"1384\">\n<p data-start=\"1269\" data-end=\"1384\"><strong data-start=\"1269\" data-end=\"1299\">Qualit\u00e9 vid\u00e9o 2K Ultra HD\u00a0:<\/strong> Capture des vid\u00e9os claires et d\u00e9taill\u00e9es pour une surveillance et une identification des visiteurs am\u00e9lior\u00e9es.<\/p>\n<\/li>\n<li data-start=\"1385\" data-end=\"1503\">\n<p data-start=\"1387\" data-end=\"1503\"><strong data-start=\"1387\" data-end=\"1417\">Reconnaissance faciale locale par IA\u00a0:<\/strong> Identifie les visages familiers localement, sans traitement dans le cloud, garantissant ainsi votre confidentialit\u00e9.<\/p>\n<\/li>\n<li data-start=\"1504\" data-end=\"1609\">\n<p data-start=\"1506\" data-end=\"1609\"><strong data-start=\"1506\" data-end=\"1529\">Options d&#039;alimentation doubles\u00a0:<\/strong> Choisissez entre une installation filaire ou un mode aliment\u00e9 par batterie pour une configuration flexible.<\/p>\n<\/li>\n<li data-start=\"1610\" data-end=\"1697\">\n<p data-start=\"1612\" data-end=\"1697\"><strong data-start=\"1612\" data-end=\"1638\">Vision nocturne infrarouge :<\/strong> Offre des images nettes et claires m\u00eame dans l&#039;obscurit\u00e9 totale.<\/p>\n<\/li>\n<li data-start=\"1698\" data-end=\"1822\">\n<p data-start=\"1700\" data-end=\"1822\"><strong data-start=\"1700\" data-end=\"1727\">Int\u00e9gration \u00e0 la maison intelligente\u00a0:<\/strong> Fonctionne parfaitement avec Apple HomeKit Secure Video, Amazon Alexa, Google Home et Aqara Home.<\/p>\n<\/li>\n<li data-start=\"1823\" data-end=\"1923\">\n<p data-start=\"1825\" data-end=\"1923\"><strong data-start=\"1825\" data-end=\"1843\">Audio bidirectionnel\u00a0:<\/strong> Communiquez directement avec les visiteurs gr\u00e2ce au microphone et au haut-parleur int\u00e9gr\u00e9s.<\/p>\n<\/li>\n<li data-start=\"1924\" data-end=\"2021\">\n<p data-start=\"1926\" data-end=\"2021\"><strong data-start=\"1926\" data-end=\"1948\">Fonctionnalit\u00e9s du hub\u00a0:<\/strong> Sert de hub Zigbee 3.0 pour connecter et contr\u00f4ler les appareils intelligents Aqara.<\/p>\n<\/li>\n<li data-start=\"2022\" data-end=\"2143\">\n<p data-start=\"2024\" data-end=\"2143\"><strong data-start=\"2024\" data-end=\"2052\">Stockage vid\u00e9o crypt\u00e9\u00a0:<\/strong> Prend en charge le stockage cloud et local sur carte microSD (jusqu&#039;\u00e0 512 Go) pour une gestion vid\u00e9o s\u00e9curis\u00e9e.<\/p>\n<\/li>\n<li data-start=\"2144\" data-end=\"2238\">\n<p data-start=\"2146\" data-end=\"2238\"><strong data-start=\"2146\" data-end=\"2178\">D\u00e9tection de mouvement et de personnes :<\/strong> Vous avertit instantan\u00e9ment lorsqu&#039;une personne s&#039;approche de votre porte.<\/p>\n<\/li>\n<li data-start=\"2239\" data-end=\"2346\">\n<p data-start=\"2241\" data-end=\"2346\"><strong data-start=\"2241\" data-end=\"2270\">Conception r\u00e9sistante aux intemp\u00e9ries\u00a0:<\/strong> Indice de protection IPX3, convient \u00e0 une installation ext\u00e9rieure sous abri.<\/p>\n<\/li>\n<\/ul>","protected":false},"featured_media":5205,"comment_status":"open","ping_status":"closed","template":"","meta":{"jetpack_post_was_ever_published":false,"jetpack_publicize_message":"","jetpack_publicize_feature_enabled":false,"jetpack_social_post_already_shared":false,"jetpack_social_options":{"image_generator_settings":{"template":"highway","default_image_id":0,"font":"","enabled":false},"version":2}},"product_brand":[103],"product_cat":[136],"product_tag":[],"class_list":{"0":"post-4351","1":"product","2":"type-product","3":"status-publish","4":"has-post-thumbnail","6":"product_brand-aqara","7":"product_cat-smart-camera","9":"first","10":"instock","11":"taxable","12":"shipping-taxable","13":"purchasable","14":"product-type-variable","15":"has-default-attributes"},"yoast_head":"<!-- This site is optimized with the Yoast SEO plugin v27.3 - https:\/\/yoast.com\/product\/yoast-seo-wordpress\/ -->\n<title>Aqara Doorbell Camera Hub G410 Select - Planitpower<\/title>\n<meta name=\"description\" content=\"Discover the Aqara Doorbell Camera Hub G410 Select \u2014 a 2K smart video doorbell with AI face recognition, two-way audio, and built-in Zigbee hub. Perfect for secure, smart home integration.\" \/>\n<meta name=\"robots\" content=\"index, follow, max-snippet:-1, max-image-preview:large, max-video-preview:-1\" \/>\n<link rel=\"canonical\" href=\"https:\/\/planitpower.com\/fr\/boutique\/sonnette-video-aqara-hub-g410-select\/\" \/>\n<meta property=\"og:locale\" content=\"fr_FR\" \/>\n<meta property=\"og:type\" content=\"article\" \/>\n<meta property=\"og:title\" content=\"Aqara Doorbell Camera Hub G410 Select - Planitpower\" \/>\n<meta property=\"og:description\" content=\"Discover the Aqara Doorbell Camera Hub G410 Select \u2014 a 2K smart video doorbell with AI face recognition, two-way audio, and built-in Zigbee hub. Perfect for secure, smart home integration.\" \/>\n<meta property=\"og:url\" content=\"https:\/\/planitpower.com\/fr\/boutique\/sonnette-video-aqara-hub-g410-select\/\" \/>\n<meta property=\"og:site_name\" content=\"Planitpower\" \/>\n<meta property=\"article:modified_time\" content=\"2026-04-11T10:35:36+00:00\" \/>\n<meta property=\"og:image\" content=\"https:\/\/planitpower.com\/wp-content\/uploads\/2025\/11\/401333170-png-1.webp\" \/>\n\t<meta property=\"og:image:width\" content=\"1000\" \/>\n\t<meta property=\"og:image:height\" content=\"1000\" \/>\n\t<meta property=\"og:image:type\" content=\"image\/webp\" \/>\n<meta name=\"twitter:card\" content=\"summary_large_image\" \/>\n<meta name=\"twitter:label1\" content=\"Dur\u00e9e de lecture estim\u00e9e\" \/>\n\t<meta name=\"twitter:data1\" content=\"2 minutes\" \/>\n<script type=\"application\/ld+json\" class=\"yoast-schema-graph\">{\"@context\":\"https:\\\/\\\/schema.org\",\"@graph\":[{\"@type\":\"WebPage\",\"@id\":\"https:\\\/\\\/planitpower.com\\\/shop\\\/aqara-doorbell-camera-hub-g410-select\\\/\",\"url\":\"https:\\\/\\\/planitpower.com\\\/shop\\\/aqara-doorbell-camera-hub-g410-select\\\/\",\"name\":\"Aqara Doorbell Camera Hub G410 Select - Planitpower\",\"isPartOf\":{\"@id\":\"https:\\\/\\\/planitpower.com\\\/#website\"},\"primaryImageOfPage\":{\"@id\":\"https:\\\/\\\/planitpower.com\\\/shop\\\/aqara-doorbell-camera-hub-g410-select\\\/#primaryimage\"},\"image\":{\"@id\":\"https:\\\/\\\/planitpower.com\\\/shop\\\/aqara-doorbell-camera-hub-g410-select\\\/#primaryimage\"},\"thumbnailUrl\":\"https:\\\/\\\/i0.wp.com\\\/planitpower.com\\\/wp-content\\\/uploads\\\/2025\\\/11\\\/401333170-png-1.webp?fit=1000%2C1000&ssl=1\",\"datePublished\":\"2025-11-24T15:29:12+00:00\",\"dateModified\":\"2026-04-11T10:35:36+00:00\",\"description\":\"Discover the Aqara Doorbell Camera Hub G410 Select \u2014 a 2K smart video doorbell with AI face recognition, two-way audio, and built-in Zigbee hub. Perfect for secure, smart home integration.\",\"breadcrumb\":{\"@id\":\"https:\\\/\\\/planitpower.com\\\/shop\\\/aqara-doorbell-camera-hub-g410-select\\\/#breadcrumb\"},\"inLanguage\":\"fr-FR\",\"potentialAction\":[{\"@type\":\"ReadAction\",\"target\":[\"https:\\\/\\\/planitpower.com\\\/shop\\\/aqara-doorbell-camera-hub-g410-select\\\/\"]}]},{\"@type\":\"ImageObject\",\"inLanguage\":\"fr-FR\",\"@id\":\"https:\\\/\\\/planitpower.com\\\/shop\\\/aqara-doorbell-camera-hub-g410-select\\\/#primaryimage\",\"url\":\"https:\\\/\\\/i0.wp.com\\\/planitpower.com\\\/wp-content\\\/uploads\\\/2025\\\/11\\\/401333170-png-1.webp?fit=1000%2C1000&ssl=1\",\"contentUrl\":\"https:\\\/\\\/i0.wp.com\\\/planitpower.com\\\/wp-content\\\/uploads\\\/2025\\\/11\\\/401333170-png-1.webp?fit=1000%2C1000&ssl=1\",\"width\":1000,\"height\":1000,\"caption\":\"Aqara Doorbell Camera Hub G410 - white- planitpower\"},{\"@type\":\"BreadcrumbList\",\"@id\":\"https:\\\/\\\/planitpower.com\\\/shop\\\/aqara-doorbell-camera-hub-g410-select\\\/#breadcrumb\",\"itemListElement\":[{\"@type\":\"ListItem\",\"position\":1,\"name\":\"Home\",\"item\":\"https:\\\/\\\/planitpower.com\\\/\"},{\"@type\":\"ListItem\",\"position\":2,\"name\":\"SHOP\",\"item\":\"https:\\\/\\\/planitpower.com\\\/shop\\\/\"},{\"@type\":\"ListItem\",\"position\":3,\"name\":\"Aqara Doorbell Camera Hub G410 Select\"}]},{\"@type\":\"WebSite\",\"@id\":\"https:\\\/\\\/planitpower.com\\\/#website\",\"url\":\"https:\\\/\\\/planitpower.com\\\/\",\"name\":\"Planitpower\",\"description\":\"Inspire energy\",\"publisher\":{\"@id\":\"https:\\\/\\\/planitpower.com\\\/#\\\/schema\\\/person\\\/b531587eda267b930b04174d12de6efa\"},\"potentialAction\":[{\"@type\":\"SearchAction\",\"target\":{\"@type\":\"EntryPoint\",\"urlTemplate\":\"https:\\\/\\\/planitpower.com\\\/?s={search_term_string}\"},\"query-input\":{\"@type\":\"PropertyValueSpecification\",\"valueRequired\":true,\"valueName\":\"search_term_string\"}}],\"inLanguage\":\"fr-FR\"},{\"@type\":[\"Person\",\"Organization\"],\"@id\":\"https:\\\/\\\/planitpower.com\\\/#\\\/schema\\\/person\\\/b531587eda267b930b04174d12de6efa\",\"name\":\"Editorial Team\",\"image\":{\"@type\":\"ImageObject\",\"inLanguage\":\"fr-FR\",\"@id\":\"https:\\\/\\\/i0.wp.com\\\/planitpower.com\\\/wp-content\\\/uploads\\\/2025\\\/12\\\/cropped-planitpower_circle_375x375.png?fit=512%2C512&ssl=1\",\"url\":\"https:\\\/\\\/i0.wp.com\\\/planitpower.com\\\/wp-content\\\/uploads\\\/2025\\\/12\\\/cropped-planitpower_circle_375x375.png?fit=512%2C512&ssl=1\",\"contentUrl\":\"https:\\\/\\\/i0.wp.com\\\/planitpower.com\\\/wp-content\\\/uploads\\\/2025\\\/12\\\/cropped-planitpower_circle_375x375.png?fit=512%2C512&ssl=1\",\"width\":512,\"height\":512,\"caption\":\"Editorial Team\"},\"logo\":{\"@id\":\"https:\\\/\\\/i0.wp.com\\\/planitpower.com\\\/wp-content\\\/uploads\\\/2025\\\/12\\\/cropped-planitpower_circle_375x375.png?fit=512%2C512&ssl=1\"},\"sameAs\":[\"https:\\\/\\\/Planitpower.com\"]}]}<\/script>\n<!-- \/ Yoast SEO plugin. -->","yoast_head_json":{"title":"Hub de cam\u00e9ra de sonnette Aqara G410 Select - Planitpower","description":"D\u00e9couvrez la sonnette vid\u00e9o Aqara G410 Select\u00a0: une sonnette intelligente 2K avec reconnaissance faciale par IA, audio bidirectionnel et hub Zigbee int\u00e9gr\u00e9. Id\u00e9ale pour une int\u00e9gration s\u00e9curis\u00e9e \u00e0 votre maison connect\u00e9e.","robots":{"index":"index","follow":"follow","max-snippet":"max-snippet:-1","max-image-preview":"max-image-preview:large","max-video-preview":"max-video-preview:-1"},"canonical":"https:\/\/planitpower.com\/fr\/boutique\/sonnette-video-aqara-hub-g410-select\/","og_locale":"fr_FR","og_type":"article","og_title":"Aqara Doorbell Camera Hub G410 Select - Planitpower","og_description":"Discover the Aqara Doorbell Camera Hub G410 Select \u2014 a 2K smart video doorbell with AI face recognition, two-way audio, and built-in Zigbee hub. Perfect for secure, smart home integration.","og_url":"https:\/\/planitpower.com\/fr\/boutique\/sonnette-video-aqara-hub-g410-select\/","og_site_name":"Planitpower","article_modified_time":"2026-04-11T10:35:36+00:00","og_image":[{"width":1000,"height":1000,"url":"https:\/\/planitpower.com\/wp-content\/uploads\/2025\/11\/401333170-png-1.webp","type":"image\/webp"}],"twitter_card":"summary_large_image","twitter_misc":{"Dur\u00e9e de lecture estim\u00e9e":"2 minutes"},"schema":{"@context":"https:\/\/schema.org","@graph":[{"@type":"WebPage","@id":"https:\/\/planitpower.com\/shop\/aqara-doorbell-camera-hub-g410-select\/","url":"https:\/\/planitpower.com\/shop\/aqara-doorbell-camera-hub-g410-select\/","name":"Hub de cam\u00e9ra de sonnette Aqara G410 Select - Planitpower","isPartOf":{"@id":"https:\/\/planitpower.com\/#website"},"primaryImageOfPage":{"@id":"https:\/\/planitpower.com\/shop\/aqara-doorbell-camera-hub-g410-select\/#primaryimage"},"image":{"@id":"https:\/\/planitpower.com\/shop\/aqara-doorbell-camera-hub-g410-select\/#primaryimage"},"thumbnailUrl":"https:\/\/i0.wp.com\/planitpower.com\/wp-content\/uploads\/2025\/11\/401333170-png-1.webp?fit=1000%2C1000&ssl=1","datePublished":"2025-11-24T15:29:12+00:00","dateModified":"2026-04-11T10:35:36+00:00","description":"D\u00e9couvrez la sonnette vid\u00e9o Aqara G410 Select\u00a0: une sonnette intelligente 2K avec reconnaissance faciale par IA, audio bidirectionnel et hub Zigbee int\u00e9gr\u00e9. Id\u00e9ale pour une int\u00e9gration s\u00e9curis\u00e9e \u00e0 votre maison connect\u00e9e.","breadcrumb":{"@id":"https:\/\/planitpower.com\/shop\/aqara-doorbell-camera-hub-g410-select\/#breadcrumb"},"inLanguage":"fr-FR","potentialAction":[{"@type":"ReadAction","target":["https:\/\/planitpower.com\/shop\/aqara-doorbell-camera-hub-g410-select\/"]}]},{"@type":"ImageObject","inLanguage":"fr-FR","@id":"https:\/\/planitpower.com\/shop\/aqara-doorbell-camera-hub-g410-select\/#primaryimage","url":"https:\/\/i0.wp.com\/planitpower.com\/wp-content\/uploads\/2025\/11\/401333170-png-1.webp?fit=1000%2C1000&ssl=1","contentUrl":"https:\/\/i0.wp.com\/planitpower.com\/wp-content\/uploads\/2025\/11\/401333170-png-1.webp?fit=1000%2C1000&ssl=1","width":1000,"height":1000,"caption":"Aqara Doorbell Camera Hub G410 - white- planitpower"},{"@type":"BreadcrumbList","@id":"https:\/\/planitpower.com\/shop\/aqara-doorbell-camera-hub-g410-select\/#breadcrumb","itemListElement":[{"@type":"ListItem","position":1,"name":"Home","item":"https:\/\/planitpower.com\/"},{"@type":"ListItem","position":2,"name":"SHOP","item":"https:\/\/planitpower.com\/shop\/"},{"@type":"ListItem","position":3,"name":"Aqara Doorbell Camera Hub G410 Select"}]},{"@type":"WebSite","@id":"https:\/\/planitpower.com\/#website","url":"https:\/\/planitpower.com\/","name":"Planitpower","description":"Inspirons l'\u00e9nergie!","publisher":{"@id":"https:\/\/planitpower.com\/#\/schema\/person\/b531587eda267b930b04174d12de6efa"},"potentialAction":[{"@type":"SearchAction","target":{"@type":"EntryPoint","urlTemplate":"https:\/\/planitpower.com\/?s={search_term_string}"},"query-input":{"@type":"PropertyValueSpecification","valueRequired":true,"valueName":"search_term_string"}}],"inLanguage":"fr-FR"},{"@type":["Person","Organization"],"@id":"https:\/\/planitpower.com\/#\/schema\/person\/b531587eda267b930b04174d12de6efa","name":"Equipe \u00e9ditoriale","image":{"@type":"ImageObject","inLanguage":"fr-FR","@id":"https:\/\/i0.wp.com\/planitpower.com\/wp-content\/uploads\/2025\/12\/cropped-planitpower_circle_375x375.png?fit=512%2C512&ssl=1","url":"https:\/\/i0.wp.com\/planitpower.com\/wp-content\/uploads\/2025\/12\/cropped-planitpower_circle_375x375.png?fit=512%2C512&ssl=1","contentUrl":"https:\/\/i0.wp.com\/planitpower.com\/wp-content\/uploads\/2025\/12\/cropped-planitpower_circle_375x375.png?fit=512%2C512&ssl=1","width":512,"height":512,"caption":"Editorial Team"},"logo":{"@id":"https:\/\/i0.wp.com\/planitpower.com\/wp-content\/uploads\/2025\/12\/cropped-planitpower_circle_375x375.png?fit=512%2C512&ssl=1"},"sameAs":["https:\/\/Planitpower.com"]}]}},"jetpack_publicize_connections":[],"jetpack_likes_enabled":true,"jetpack_sharing_enabled":true,"jetpack-related-posts":[{"id":5208,"url":"https:\/\/planitpower.com\/fr\/boutique\/zendure-solarflow-2400-ac\/","url_meta":{"origin":4351,"position":0},"title":"Zendure SolarFlow 2400 AC","author":"Editorial Team","date":"28\/11\/2025","format":false,"excerpt":"Main features Syst\u00e8me de gestion intelligent AC-coupl\u00e9Contr\u00f4le automatiquement la charge et la d\u00e9charge des batteries AB3000X selon la production solaire, votre consommation et les horaires tarifaires. Compatible avec les micro-onduleursFonctionne avec les installations photovolta\u00efques AC jusqu\u2019\u00e0 2000 W, sans modifier l\u2019infrastructure existante. Puissance de sortie flexible800 W en mode plug-and-play\u2026","rel":"","context":"Article similaire","block_context":{"text":"Article similaire","link":""},"img":{"alt_text":"Zendure SolarFlow 2400 AC - planitpower","src":"https:\/\/i0.wp.com\/planitpower.com\/wp-content\/uploads\/2025\/11\/zendure-solarflow-2400-ac-seul.jpg?fit=500%2C500&ssl=1&resize=350%2C200","width":350,"height":200},"classes":[]}],"_links":{"self":[{"href":"https:\/\/planitpower.com\/fr\/wp-json\/wp\/v2\/product\/4351","targetHints":{"allow":["GET"]}}],"collection":[{"href":"https:\/\/planitpower.com\/fr\/wp-json\/wp\/v2\/product"}],"about":[{"href":"https:\/\/planitpower.com\/fr\/wp-json\/wp\/v2\/types\/product"}],"replies":[{"embeddable":true,"href":"https:\/\/planitpower.com\/fr\/wp-json\/wp\/v2\/comments?post=4351"}],"version-history":[{"count":1,"href":"https:\/\/planitpower.com\/fr\/wp-json\/wp\/v2\/product\/4351\/revisions"}],"predecessor-version":[{"id":6173,"href":"https:\/\/planitpower.com\/fr\/wp-json\/wp\/v2\/product\/4351\/revisions\/6173"}],"wp:featuredmedia":[{"embeddable":true,"href":"https:\/\/planitpower.com\/fr\/wp-json\/wp\/v2\/media\/5205"}],"wp:attachment":[{"href":"https:\/\/planitpower.com\/fr\/wp-json\/wp\/v2\/media?parent=4351"}],"wp:term":[{"taxonomy":"product_brand","embeddable":true,"href":"https:\/\/planitpower.com\/fr\/wp-json\/wp\/v2\/product_brand?post=4351"},{"taxonomy":"product_cat","embeddable":true,"href":"https:\/\/planitpower.com\/fr\/wp-json\/wp\/v2\/product_cat?post=4351"},{"taxonomy":"product_tag","embeddable":true,"href":"https:\/\/planitpower.com\/fr\/wp-json\/wp\/v2\/product_tag?post=4351"}],"curies":[{"name":"wp","href":"https:\/\/api.w.org\/{rel}","templated":true}]}}