{"id":4363,"date":"2025-11-24T15:13:26","date_gmt":"2025-11-24T15:13:26","guid":{"rendered":"https:\/\/planitpower.com\/?post_type=product&#038;p=4363"},"modified":"2025-12-24T23:50:53","modified_gmt":"2025-12-24T23:50:53","slug":"interrupteur-dobturateur-aqara-h2-eu","status":"publish","type":"product","link":"https:\/\/planitpower.com\/fr\/boutique\/interrupteur-dobturateur-aqara-h2-eu\/","title":{"rendered":"Interrupteur \u00e0 obturateur Aqara H2 UE"},"content":{"rendered":"<h3 class=\"wp-block-heading\"><strong>Description<\/strong><\/h3>\n\n\n\n<p>Le <strong>Interrupteur \u00e0 obturateur Aqara H2 UE<\/strong> Il s&#039;agit d&#039;un interrupteur mural intelligent con\u00e7u pour la commande automatis\u00e9e des volets roulants, stores et rideaux dans les maisons intelligentes modernes. Con\u00e7u pour le march\u00e9 europ\u00e9en, il prend en charge les deux <strong>Zigbee 3.0<\/strong> et <strong>Le pont Matter-over-Bridge<\/strong> des protocoles, assurant une large compatibilit\u00e9 avec les principaux \u00e9cosyst\u00e8mes de maison intelligente tels que <strong>Accueil Apple<\/strong>, <strong>Google Home<\/strong>, <strong>Amazon Alexa<\/strong>, et <strong>Accueil Aqara<\/strong>.<br>Avec son design \u00e9l\u00e9gant et minimaliste, le H2 EU s&#039;int\u00e8gre parfaitement \u00e0 tous les int\u00e9rieurs tout en assurant une compatibilit\u00e9 optimale avec les installations \u00e9lectriques existantes. Il offre un contr\u00f4le pr\u00e9cis des stores motoris\u00e9s, permettant ainsi d&#039;ouvrir, de fermer ou de r\u00e9gler les stores \u00e0 distance ou automatiquement selon des horaires, la luminosit\u00e9 ambiante ou la pr\u00e9sence d&#039;un utilisateur.<\/p>\n\n\n\n<h3 class=\"wp-block-heading\"><strong>Sp\u00e9cifications techniques<\/strong><\/h3>\n\n\n\n<figure class=\"wp-block-table\"><table class=\"has-fixed-layout\"><thead><tr><th><strong>Sp\u00e9cifications<\/strong><\/th><th><strong>D\u00e9tails<\/strong><\/th><\/tr><\/thead><tbody><tr><td><strong>Mod\u00e8le<\/strong><\/td><td>SSM-U02D<\/td><\/tr><tr><td><strong>Protocoles sans fil<\/strong><\/td><td>Zigbee 3.0, Matter-over-Bridge<\/td><\/tr><tr><td><strong>Tension d&#039;entr\u00e9e<\/strong><\/td><td>100-250V AC, 50\/60Hz<\/td><\/tr><tr><td><strong>Charge maximale<\/strong><\/td><td>300 W par canal<\/td><\/tr><tr><td><strong>Consommation \u00e9lectrique<\/strong><\/td><td>\u2264 0,5 W (veille)<\/td><\/tr><tr><td><strong>Temp\u00e9rature de fonctionnement<\/strong><\/td><td>0\u00b0C \u00e0 +40\u00b0C<\/td><\/tr><tr><td><strong>Humidit\u00e9 de fonctionnement<\/strong><\/td><td>0%\u201395% HR, sans condensation<\/td><\/tr><tr><td><strong>Appareils compatibles<\/strong><\/td><td>Volets roulants, stores, rideaux<\/td><\/tr><tr><td><strong>Norme d&#039;installation<\/strong><\/td><td>Bo\u00eete murale UE 86 mm \/ 60 mm<\/td><\/tr><tr><td><strong>Options de contr\u00f4le<\/strong><\/td><td>Contact physique, application mobile, assistant vocal<\/td><\/tr><tr><td><strong>Compatibilit\u00e9<\/strong><\/td><td>Apple Home, Google Home, Amazon Alexa, IFTTT, Aqara Home<\/td><\/tr><tr><td><strong>Caract\u00e9ristiques de protection<\/strong><\/td><td>Protection contre les surcharges, la surchauffe et les courts-circuits<\/td><\/tr><tr><td><strong>Dimensions<\/strong><\/td><td>Environ 86 \u00d7 86 \u00d7 37,55 mm<\/td><\/tr><tr><td><strong>Options de couleur<\/strong><\/td><td>Blanc (standard)<\/td><\/tr><\/tbody><\/table><\/figure>","protected":false},"excerpt":{"rendered":"<h3 data-start=\"813\" data-end=\"834\"><strong data-start=\"817\" data-end=\"834\">Caract\u00e9ristiques principales<\/strong><\/h3>\n<ul data-start=\"835\" data-end=\"1863\">\n<li data-start=\"835\" data-end=\"960\">\n<p data-start=\"837\" data-end=\"960\"><strong data-start=\"837\" data-end=\"863\">Prise en charge du double protocole\u00a0:<\/strong> Travaille avec <strong data-start=\"875\" data-end=\"889\">Zigbee 3.0<\/strong> et <strong data-start=\"894\" data-end=\"916\">Le pont Matter-over-Bridge<\/strong> pour une connectivit\u00e9 domotique \u00e0 l&#039;\u00e9preuve du temps.<\/p>\n<\/li>\n<li data-start=\"961\" data-end=\"1106\">\n<p data-start=\"963\" data-end=\"1106\"><strong data-start=\"963\" data-end=\"987\">Automatisation avanc\u00e9e\u00a0:<\/strong> Cr\u00e9ez des routines intelligentes gr\u00e2ce \u00e0 l&#039;application Aqara Home, comme ouvrir les stores au lever du soleil ou les fermer en quittant la maison.<\/p>\n<\/li>\n<li data-start=\"1107\" data-end=\"1266\">\n<p data-start=\"1109\" data-end=\"1266\"><strong data-start=\"1109\" data-end=\"1142\">Compatibilit\u00e9 multiplateforme\u00a0:<\/strong> Int\u00e9gration compl\u00e8te avec <strong data-start=\"1165\" data-end=\"1182\">Apple HomeKit<\/strong>, <strong data-start=\"1184\" data-end=\"1204\">Assistant Google<\/strong>, <strong data-start=\"1206\" data-end=\"1222\">Amazon Alexa<\/strong>, et <strong data-start=\"1228\" data-end=\"1237\">IFTTT<\/strong> pour la commande vocale et par application.<\/p>\n<\/li>\n<li data-start=\"1267\" data-end=\"1373\">\n<p data-start=\"1269\" data-end=\"1373\"><strong data-start=\"1269\" data-end=\"1291\">Efficacit\u00e9 \u00e9nerg\u00e9tique :<\/strong> Automatisez les syst\u00e8mes d&#039;ombrage pour optimiser la lumi\u00e8re naturelle et r\u00e9duire les co\u00fbts de chauffage ou de climatisation.<\/p>\n<\/li>\n<li data-start=\"1374\" data-end=\"1510\">\n<p data-start=\"1376\" data-end=\"1510\"><strong data-start=\"1376\" data-end=\"1402\">Installation flexible\u00a0:<\/strong> Con\u00e7u pour <strong data-start=\"1416\" data-end=\"1457\">bo\u00eetes murales standard UE de 86 mm ou 60 mm<\/strong>, ce qui facilite son int\u00e9gration aux syst\u00e8mes existants.<\/p>\n<\/li>\n<li data-start=\"1511\" data-end=\"1609\">\n<p data-start=\"1513\" data-end=\"1609\"><strong data-start=\"1513\" data-end=\"1540\">S\u00e9curit\u00e9 et fiabilit\u00e9 :<\/strong> Dot\u00e9 d&#039;une protection contre les surcharges et la surchauffe pour une durabilit\u00e9 accrue.<\/p>\n<\/li>\n<li data-start=\"1610\" data-end=\"1756\">\n<p data-start=\"1612\" data-end=\"1756\"><strong data-start=\"1612\" data-end=\"1637\">Contr\u00f4le personnalisable\u00a0:<\/strong> Prend en charge \u00e0 la fois le fonctionnement manuel par contact physique et le contr\u00f4le sans fil via l&#039;application Aqara ou l&#039;\u00e9cosyst\u00e8me connect\u00e9.<\/p>\n<\/li>\n<li data-start=\"1757\" data-end=\"1863\">\n<p data-start=\"1759\" data-end=\"1863\"><strong data-start=\"1759\" data-end=\"1778\">Design \u00e9l\u00e9gant :<\/strong> Fine, moderne et disponible dans des finitions haut de gamme pour s&#039;harmoniser avec l&#039;esth\u00e9tique int\u00e9rieure.<\/p>\n<\/li>\n<\/ul>","protected":false},"featured_media":4364,"comment_status":"open","ping_status":"closed","template":"","meta":{"jetpack_post_was_ever_published":false,"jetpack_publicize_message":"","jetpack_publicize_feature_enabled":false,"jetpack_social_post_already_shared":false,"jetpack_social_options":{"image_generator_settings":{"template":"highway","default_image_id":0,"font":"","enabled":false},"version":2}},"product_brand":[103],"product_cat":[135],"product_tag":[],"class_list":{"0":"post-4363","1":"product","2":"type-product","3":"status-publish","4":"has-post-thumbnail","6":"product_brand-aqara","7":"product_cat-automated-curtains","9":"first","10":"instock","11":"taxable","12":"shipping-taxable","13":"purchasable","14":"product-type-simple"},"yoast_head":"<!-- This site is optimized with the Yoast SEO plugin v27.3 - https:\/\/yoast.com\/product\/yoast-seo-wordpress\/ -->\n<title>Aqara Shutter Switch H2 EU - Planitpower<\/title>\n<meta name=\"description\" content=\"Discover the Aqara Shutter Switch H2 EU, a smart wall switch for roller shutters and blinds. Compatible with Zigbee 3.0 and Matter, it integrates with Apple Home, Alexa, and Google Home for seamless automation and energy-efficient living.\" \/>\n<meta name=\"robots\" content=\"index, follow, max-snippet:-1, max-image-preview:large, max-video-preview:-1\" \/>\n<link rel=\"canonical\" href=\"https:\/\/planitpower.com\/fr\/boutique\/interrupteur-dobturateur-aqara-h2-eu\/\" \/>\n<meta property=\"og:locale\" content=\"fr_FR\" \/>\n<meta property=\"og:type\" content=\"article\" \/>\n<meta property=\"og:title\" content=\"Aqara Shutter Switch H2 EU - Planitpower\" \/>\n<meta property=\"og:description\" content=\"Discover the Aqara Shutter Switch H2 EU, a smart wall switch for roller shutters and blinds. Compatible with Zigbee 3.0 and Matter, it integrates with Apple Home, Alexa, and Google Home for seamless automation and energy-efficient living.\" \/>\n<meta property=\"og:url\" content=\"https:\/\/planitpower.com\/fr\/boutique\/interrupteur-dobturateur-aqara-h2-eu\/\" \/>\n<meta property=\"og:site_name\" content=\"Planitpower\" \/>\n<meta property=\"article:modified_time\" content=\"2025-12-24T23:50:53+00:00\" \/>\n<meta property=\"og:image\" content=\"https:\/\/i0.wp.com\/planitpower.com\/wp-content\/uploads\/2025\/11\/Aqara_Shutter_Switch_H2_EU_1.webp?fit=1200%2C1200&ssl=1\" \/>\n\t<meta property=\"og:image:width\" content=\"1200\" \/>\n\t<meta property=\"og:image:height\" content=\"1200\" \/>\n\t<meta property=\"og:image:type\" content=\"image\/webp\" \/>\n<meta name=\"twitter:card\" content=\"summary_large_image\" \/>\n<meta name=\"twitter:label1\" content=\"Dur\u00e9e de lecture estim\u00e9e\" \/>\n\t<meta name=\"twitter:data1\" content=\"2 minutes\" \/>\n<script type=\"application\/ld+json\" class=\"yoast-schema-graph\">{\"@context\":\"https:\\\/\\\/schema.org\",\"@graph\":[{\"@type\":\"WebPage\",\"@id\":\"https:\\\/\\\/planitpower.com\\\/shop\\\/aqara-shutter-switch-h2-eu\\\/\",\"url\":\"https:\\\/\\\/planitpower.com\\\/shop\\\/aqara-shutter-switch-h2-eu\\\/\",\"name\":\"Aqara Shutter Switch H2 EU - Planitpower\",\"isPartOf\":{\"@id\":\"https:\\\/\\\/planitpower.com\\\/#website\"},\"primaryImageOfPage\":{\"@id\":\"https:\\\/\\\/planitpower.com\\\/shop\\\/aqara-shutter-switch-h2-eu\\\/#primaryimage\"},\"image\":{\"@id\":\"https:\\\/\\\/planitpower.com\\\/shop\\\/aqara-shutter-switch-h2-eu\\\/#primaryimage\"},\"thumbnailUrl\":\"https:\\\/\\\/i0.wp.com\\\/planitpower.com\\\/wp-content\\\/uploads\\\/2025\\\/11\\\/Aqara_Shutter_Switch_H2_EU_1.webp?fit=1200%2C1200&ssl=1\",\"datePublished\":\"2025-11-24T15:13:26+00:00\",\"dateModified\":\"2025-12-24T23:50:53+00:00\",\"description\":\"Discover the Aqara Shutter Switch H2 EU, a smart wall switch for roller shutters and blinds. Compatible with Zigbee 3.0 and Matter, it integrates with Apple Home, Alexa, and Google Home for seamless automation and energy-efficient living.\",\"breadcrumb\":{\"@id\":\"https:\\\/\\\/planitpower.com\\\/shop\\\/aqara-shutter-switch-h2-eu\\\/#breadcrumb\"},\"inLanguage\":\"fr-FR\",\"potentialAction\":[{\"@type\":\"ReadAction\",\"target\":[\"https:\\\/\\\/planitpower.com\\\/shop\\\/aqara-shutter-switch-h2-eu\\\/\"]}]},{\"@type\":\"ImageObject\",\"inLanguage\":\"fr-FR\",\"@id\":\"https:\\\/\\\/planitpower.com\\\/shop\\\/aqara-shutter-switch-h2-eu\\\/#primaryimage\",\"url\":\"https:\\\/\\\/i0.wp.com\\\/planitpower.com\\\/wp-content\\\/uploads\\\/2025\\\/11\\\/Aqara_Shutter_Switch_H2_EU_1.webp?fit=1200%2C1200&ssl=1\",\"contentUrl\":\"https:\\\/\\\/i0.wp.com\\\/planitpower.com\\\/wp-content\\\/uploads\\\/2025\\\/11\\\/Aqara_Shutter_Switch_H2_EU_1.webp?fit=1200%2C1200&ssl=1\",\"width\":1200,\"height\":1200,\"caption\":\"Aqara Shutter Switch H2 EU - planitpower - 3\"},{\"@type\":\"BreadcrumbList\",\"@id\":\"https:\\\/\\\/planitpower.com\\\/shop\\\/aqara-shutter-switch-h2-eu\\\/#breadcrumb\",\"itemListElement\":[{\"@type\":\"ListItem\",\"position\":1,\"name\":\"Home\",\"item\":\"https:\\\/\\\/planitpower.com\\\/\"},{\"@type\":\"ListItem\",\"position\":2,\"name\":\"SHOP\",\"item\":\"https:\\\/\\\/planitpower.com\\\/shop\\\/\"},{\"@type\":\"ListItem\",\"position\":3,\"name\":\"Aqara Shutter Switch H2 EU\"}]},{\"@type\":\"WebSite\",\"@id\":\"https:\\\/\\\/planitpower.com\\\/#website\",\"url\":\"https:\\\/\\\/planitpower.com\\\/\",\"name\":\"Planitpower\",\"description\":\"Inspire energy\",\"publisher\":{\"@id\":\"https:\\\/\\\/planitpower.com\\\/#\\\/schema\\\/person\\\/b531587eda267b930b04174d12de6efa\"},\"potentialAction\":[{\"@type\":\"SearchAction\",\"target\":{\"@type\":\"EntryPoint\",\"urlTemplate\":\"https:\\\/\\\/planitpower.com\\\/?s={search_term_string}\"},\"query-input\":{\"@type\":\"PropertyValueSpecification\",\"valueRequired\":true,\"valueName\":\"search_term_string\"}}],\"inLanguage\":\"fr-FR\"},{\"@type\":[\"Person\",\"Organization\"],\"@id\":\"https:\\\/\\\/planitpower.com\\\/#\\\/schema\\\/person\\\/b531587eda267b930b04174d12de6efa\",\"name\":\"Editorial Team\",\"image\":{\"@type\":\"ImageObject\",\"inLanguage\":\"fr-FR\",\"@id\":\"https:\\\/\\\/i0.wp.com\\\/planitpower.com\\\/wp-content\\\/uploads\\\/2025\\\/12\\\/cropped-planitpower_circle_375x375.png?fit=512%2C512&ssl=1\",\"url\":\"https:\\\/\\\/i0.wp.com\\\/planitpower.com\\\/wp-content\\\/uploads\\\/2025\\\/12\\\/cropped-planitpower_circle_375x375.png?fit=512%2C512&ssl=1\",\"contentUrl\":\"https:\\\/\\\/i0.wp.com\\\/planitpower.com\\\/wp-content\\\/uploads\\\/2025\\\/12\\\/cropped-planitpower_circle_375x375.png?fit=512%2C512&ssl=1\",\"width\":512,\"height\":512,\"caption\":\"Editorial Team\"},\"logo\":{\"@id\":\"https:\\\/\\\/i0.wp.com\\\/planitpower.com\\\/wp-content\\\/uploads\\\/2025\\\/12\\\/cropped-planitpower_circle_375x375.png?fit=512%2C512&ssl=1\"},\"sameAs\":[\"https:\\\/\\\/Planitpower.com\"]}]}<\/script>\n<!-- \/ Yoast SEO plugin. -->","yoast_head_json":{"title":"Interrupteur \u00e0 obturateur Aqara H2 UE - Planitpower","description":"D\u00e9couvrez l&#039;interrupteur mural intelligent Aqara Shutter Switch H2 EU, compatible avec les volets roulants et les stores. Gr\u00e2ce \u00e0 sa compatibilit\u00e9 Zigbee 3.0 et Matter, il s&#039;int\u00e8gre \u00e0 Apple Home, Alexa et Google Home pour une automatisation fluide et un confort d&#039;utilisation optimal.","robots":{"index":"index","follow":"follow","max-snippet":"max-snippet:-1","max-image-preview":"max-image-preview:large","max-video-preview":"max-video-preview:-1"},"canonical":"https:\/\/planitpower.com\/fr\/boutique\/interrupteur-dobturateur-aqara-h2-eu\/","og_locale":"fr_FR","og_type":"article","og_title":"Aqara Shutter Switch H2 EU - Planitpower","og_description":"Discover the Aqara Shutter Switch H2 EU, a smart wall switch for roller shutters and blinds. Compatible with Zigbee 3.0 and Matter, it integrates with Apple Home, Alexa, and Google Home for seamless automation and energy-efficient living.","og_url":"https:\/\/planitpower.com\/fr\/boutique\/interrupteur-dobturateur-aqara-h2-eu\/","og_site_name":"Planitpower","article_modified_time":"2025-12-24T23:50:53+00:00","og_image":[{"width":1200,"height":1200,"url":"https:\/\/i0.wp.com\/planitpower.com\/wp-content\/uploads\/2025\/11\/Aqara_Shutter_Switch_H2_EU_1.webp?fit=1200%2C1200&ssl=1","type":"image\/webp"}],"twitter_card":"summary_large_image","twitter_misc":{"Dur\u00e9e de lecture estim\u00e9e":"2 minutes"},"schema":{"@context":"https:\/\/schema.org","@graph":[{"@type":"WebPage","@id":"https:\/\/planitpower.com\/shop\/aqara-shutter-switch-h2-eu\/","url":"https:\/\/planitpower.com\/shop\/aqara-shutter-switch-h2-eu\/","name":"Interrupteur \u00e0 obturateur Aqara H2 UE - Planitpower","isPartOf":{"@id":"https:\/\/planitpower.com\/#website"},"primaryImageOfPage":{"@id":"https:\/\/planitpower.com\/shop\/aqara-shutter-switch-h2-eu\/#primaryimage"},"image":{"@id":"https:\/\/planitpower.com\/shop\/aqara-shutter-switch-h2-eu\/#primaryimage"},"thumbnailUrl":"https:\/\/i0.wp.com\/planitpower.com\/wp-content\/uploads\/2025\/11\/Aqara_Shutter_Switch_H2_EU_1.webp?fit=1200%2C1200&ssl=1","datePublished":"2025-11-24T15:13:26+00:00","dateModified":"2025-12-24T23:50:53+00:00","description":"D\u00e9couvrez l&#039;interrupteur mural intelligent Aqara Shutter Switch H2 EU, compatible avec les volets roulants et les stores. Gr\u00e2ce \u00e0 sa compatibilit\u00e9 Zigbee 3.0 et Matter, il s&#039;int\u00e8gre \u00e0 Apple Home, Alexa et Google Home pour une automatisation fluide et un confort d&#039;utilisation optimal.","breadcrumb":{"@id":"https:\/\/planitpower.com\/shop\/aqara-shutter-switch-h2-eu\/#breadcrumb"},"inLanguage":"fr-FR","potentialAction":[{"@type":"ReadAction","target":["https:\/\/planitpower.com\/shop\/aqara-shutter-switch-h2-eu\/"]}]},{"@type":"ImageObject","inLanguage":"fr-FR","@id":"https:\/\/planitpower.com\/shop\/aqara-shutter-switch-h2-eu\/#primaryimage","url":"https:\/\/i0.wp.com\/planitpower.com\/wp-content\/uploads\/2025\/11\/Aqara_Shutter_Switch_H2_EU_1.webp?fit=1200%2C1200&ssl=1","contentUrl":"https:\/\/i0.wp.com\/planitpower.com\/wp-content\/uploads\/2025\/11\/Aqara_Shutter_Switch_H2_EU_1.webp?fit=1200%2C1200&ssl=1","width":1200,"height":1200,"caption":"Aqara Shutter Switch H2 EU - planitpower - 3"},{"@type":"BreadcrumbList","@id":"https:\/\/planitpower.com\/shop\/aqara-shutter-switch-h2-eu\/#breadcrumb","itemListElement":[{"@type":"ListItem","position":1,"name":"Home","item":"https:\/\/planitpower.com\/"},{"@type":"ListItem","position":2,"name":"SHOP","item":"https:\/\/planitpower.com\/shop\/"},{"@type":"ListItem","position":3,"name":"Aqara Shutter Switch H2 EU"}]},{"@type":"WebSite","@id":"https:\/\/planitpower.com\/#website","url":"https:\/\/planitpower.com\/","name":"Planitpower","description":"Inspirons l'\u00e9nergie!","publisher":{"@id":"https:\/\/planitpower.com\/#\/schema\/person\/b531587eda267b930b04174d12de6efa"},"potentialAction":[{"@type":"SearchAction","target":{"@type":"EntryPoint","urlTemplate":"https:\/\/planitpower.com\/?s={search_term_string}"},"query-input":{"@type":"PropertyValueSpecification","valueRequired":true,"valueName":"search_term_string"}}],"inLanguage":"fr-FR"},{"@type":["Person","Organization"],"@id":"https:\/\/planitpower.com\/#\/schema\/person\/b531587eda267b930b04174d12de6efa","name":"Equipe \u00e9ditoriale","image":{"@type":"ImageObject","inLanguage":"fr-FR","@id":"https:\/\/i0.wp.com\/planitpower.com\/wp-content\/uploads\/2025\/12\/cropped-planitpower_circle_375x375.png?fit=512%2C512&ssl=1","url":"https:\/\/i0.wp.com\/planitpower.com\/wp-content\/uploads\/2025\/12\/cropped-planitpower_circle_375x375.png?fit=512%2C512&ssl=1","contentUrl":"https:\/\/i0.wp.com\/planitpower.com\/wp-content\/uploads\/2025\/12\/cropped-planitpower_circle_375x375.png?fit=512%2C512&ssl=1","width":512,"height":512,"caption":"Editorial Team"},"logo":{"@id":"https:\/\/i0.wp.com\/planitpower.com\/wp-content\/uploads\/2025\/12\/cropped-planitpower_circle_375x375.png?fit=512%2C512&ssl=1"},"sameAs":["https:\/\/Planitpower.com"]}]}},"jetpack_publicize_connections":[],"jetpack_likes_enabled":true,"jetpack_sharing_enabled":true,"jetpack-related-posts":[{"id":4498,"url":"https:\/\/planitpower.com\/fr\/boutique\/interrupteur-dobturateur-aqara-h2-eu-2\/","url_meta":{"origin":4363,"position":0},"title":"Interrupteur \u00e0 obturateur Aqara H2 UE","author":"Editorial Team","date":"14\/11\/2025","format":false,"excerpt":"Main features Dual-protocol connectivity: Switch easily between Thread (Matter-ready) and Zigbee modes depending on your ecosystem preference. Precision shutter positioning: Control the exact window covering position from 1 % to 100 % via app, voice, button or schedule. Smart calibration: Automatic calibration of motor travel limits and ongoing route recalibration\u2026","rel":"","context":"Article similaire","block_context":{"text":"Article similaire","link":""},"img":{"alt_text":"Aqara Shutter Switch H2 EU - planitpower - 1","src":"https:\/\/i0.wp.com\/planitpower.com\/wp-content\/uploads\/2025\/11\/Aqara_Shutter_Switch_H2_EU_1-1.webp?fit=1200%2C1200&ssl=1&resize=350%2C200","width":350,"height":200,"srcset":"https:\/\/i0.wp.com\/planitpower.com\/wp-content\/uploads\/2025\/11\/Aqara_Shutter_Switch_H2_EU_1-1.webp?fit=1200%2C1200&ssl=1&resize=350%2C200 1x, https:\/\/i0.wp.com\/planitpower.com\/wp-content\/uploads\/2025\/11\/Aqara_Shutter_Switch_H2_EU_1-1.webp?fit=1200%2C1200&ssl=1&resize=525%2C300 1.5x, https:\/\/i0.wp.com\/planitpower.com\/wp-content\/uploads\/2025\/11\/Aqara_Shutter_Switch_H2_EU_1-1.webp?fit=1200%2C1200&ssl=1&resize=700%2C400 2x, https:\/\/i0.wp.com\/planitpower.com\/wp-content\/uploads\/2025\/11\/Aqara_Shutter_Switch_H2_EU_1-1.webp?fit=1200%2C1200&ssl=1&resize=1050%2C600 3x"},"classes":[]},{"id":4287,"url":"https:\/\/planitpower.com\/fr\/boutique\/interrupteur-aqara-h2-eu\/","url_meta":{"origin":4363,"position":1},"title":"Interrupteur d'\u00e9clairage Aqara H2 EU","author":"Editorial Team","date":"24\/11\/2025","format":false,"excerpt":"Main Features Offline Functionality: Operates independently of cloud or internet connection for increased reliability and privacy. Smart Home Integration: Supports major smart home platforms via Matter or Zigbee 3.0 protocol. High Durability: Premium-grade materials with over 100,000 press cycles for long-term use. Energy Efficiency: Optimized for low power consumption while\u2026","rel":"","context":"Article similaire","block_context":{"text":"Article similaire","link":""},"img":{"alt_text":"","src":"","width":0,"height":0},"classes":[]},{"id":4321,"url":"https:\/\/planitpower.com\/fr\/boutique\/interrupteur-variateur-aqara-h2-eu\/","url_meta":{"origin":4363,"position":2},"title":"Variateur Aqara H2 UE","author":"Editorial Team","date":"25\/12\/2025","format":false,"excerpt":"Main Features Smart Lighting Control: Adjust brightness smoothly and precisely with touch or via mobile app and voice assistants like Apple Siri, Amazon Alexa, or Google Assistant. Flexible Installation: Supports both no-neutral and with-neutral wiring systems, ensuring wide compatibility in European homes. Multi-Protocol Support: Works with Aqara Hub via Zigbee\u2026","rel":"","context":"Article similaire","block_context":{"text":"Article similaire","link":""},"img":{"alt_text":"","src":"","width":0,"height":0},"classes":[]},{"id":4466,"url":"https:\/\/planitpower.com\/fr\/boutique\/prise-murale-aqara-h2\/","url_meta":{"origin":4363,"position":3},"title":"Prise murale Aqara H2","author":"Editorial Team","date":"14\/11\/2025","format":false,"excerpt":"Caract\u00e9ristiques principales : Commande murale intelligente : Elle remplace une prise classique et permet de la contr\u00f4ler par un bouton physique, une application mobile ou un assistant vocal. Suivi et automatisation de la consommation d&#039;\u00e9nergie : Elle suit la consommation \u00e9lectrique des appareils en temps r\u00e9el et permet d&#039;automatiser les t\u00e2ches en fonction des seuils de consommation (par exemple, recevoir une notification lorsque le linge est lav\u00e9 ou \u00e9teindre un appareil en veille).","rel":"","context":"Article similaire","block_context":{"text":"Article similaire","link":""},"img":{"alt_text":"Aqara Wall Outlet H2 - planitpower -1","src":"https:\/\/i0.wp.com\/planitpower.com\/wp-content\/uploads\/2025\/11\/H2_Packshot.jpg?fit=1000%2C1000&ssl=1&resize=350%2C200","width":350,"height":200,"srcset":"https:\/\/i0.wp.com\/planitpower.com\/wp-content\/uploads\/2025\/11\/H2_Packshot.jpg?fit=1000%2C1000&ssl=1&resize=350%2C200 1x, https:\/\/i0.wp.com\/planitpower.com\/wp-content\/uploads\/2025\/11\/H2_Packshot.jpg?fit=1000%2C1000&ssl=1&resize=525%2C300 1.5x, https:\/\/i0.wp.com\/planitpower.com\/wp-content\/uploads\/2025\/11\/H2_Packshot.jpg?fit=1000%2C1000&ssl=1&resize=700%2C400 2x"},"classes":[]},{"id":4424,"url":"https:\/\/planitpower.com\/fr\/boutique\/aqara-interrupteur-mural-intelligent-h1-eu-avec-double-bascule-neutre\/","url_meta":{"origin":4363,"position":4},"title":"Interrupteur mural intelligent Aqara H1 EU (avec neutre, double bascule)","author":"Editorial Team","date":"13\/11\/2025","format":false,"excerpt":"Main features Dual-rocker (two-gang) configuration for controlling two separate loads. Requires a neutral wire for stable performance and advanced smart features. Zigbee 3.0 connectivity for fast, secure, and efficient communication. Compatible with both 86 mm square and standard round European wall boxes. Built-in overload and over-temperature protection for enhanced safety.\u2026","rel":"","context":"Article similaire","block_context":{"text":"Article similaire","link":""},"img":{"alt_text":"Smart Wall Switch H1 EU (With Neutral, Double Rocker) - planitpower - 3","src":"https:\/\/i0.wp.com\/planitpower.com\/wp-content\/uploads\/2025\/11\/Smart-wall-switch-H1Double-RockerWN_1920x1920.jpg?fit=1000%2C1000&ssl=1&resize=350%2C200","width":350,"height":200,"srcset":"https:\/\/i0.wp.com\/planitpower.com\/wp-content\/uploads\/2025\/11\/Smart-wall-switch-H1Double-RockerWN_1920x1920.jpg?fit=1000%2C1000&ssl=1&resize=350%2C200 1x, https:\/\/i0.wp.com\/planitpower.com\/wp-content\/uploads\/2025\/11\/Smart-wall-switch-H1Double-RockerWN_1920x1920.jpg?fit=1000%2C1000&ssl=1&resize=525%2C300 1.5x, https:\/\/i0.wp.com\/planitpower.com\/wp-content\/uploads\/2025\/11\/Smart-wall-switch-H1Double-RockerWN_1920x1920.jpg?fit=1000%2C1000&ssl=1&resize=700%2C400 2x"},"classes":[]},{"id":4456,"url":"https:\/\/planitpower.com\/fr\/boutique\/module-de-relais-double-aqara-t2\/","url_meta":{"origin":4363,"position":5},"title":"Module de relais double Aqara T2","author":"Editorial Team","date":"14\/11\/2025","format":false,"excerpt":"Main Features Dual-channel control: Manage two independent circuits or loads from one module. Dry-contact and wet-contact modes: Choose the interface type that best suits your application (e.g., dry-contact for garage doors or boilers; wet-contact for lights or outlets). Motor & roller-shutter support including interlock mode: The module can safely handle\u2026","rel":"","context":"Article similaire","block_context":{"text":"Article similaire","link":""},"img":{"alt_text":"Aqara Dual Relay Module T2 - planitpower - 2","src":"https:\/\/i0.wp.com\/planitpower.com\/wp-content\/uploads\/2025\/11\/Dual-Relay-Module-T2_top_1920x1920.jpg?fit=1000%2C1000&ssl=1&resize=350%2C200","width":350,"height":200,"srcset":"https:\/\/i0.wp.com\/planitpower.com\/wp-content\/uploads\/2025\/11\/Dual-Relay-Module-T2_top_1920x1920.jpg?fit=1000%2C1000&ssl=1&resize=350%2C200 1x, https:\/\/i0.wp.com\/planitpower.com\/wp-content\/uploads\/2025\/11\/Dual-Relay-Module-T2_top_1920x1920.jpg?fit=1000%2C1000&ssl=1&resize=525%2C300 1.5x, https:\/\/i0.wp.com\/planitpower.com\/wp-content\/uploads\/2025\/11\/Dual-Relay-Module-T2_top_1920x1920.jpg?fit=1000%2C1000&ssl=1&resize=700%2C400 2x"},"classes":[]}],"_links":{"self":[{"href":"https:\/\/planitpower.com\/fr\/wp-json\/wp\/v2\/product\/4363","targetHints":{"allow":["GET"]}}],"collection":[{"href":"https:\/\/planitpower.com\/fr\/wp-json\/wp\/v2\/product"}],"about":[{"href":"https:\/\/planitpower.com\/fr\/wp-json\/wp\/v2\/types\/product"}],"replies":[{"embeddable":true,"href":"https:\/\/planitpower.com\/fr\/wp-json\/wp\/v2\/comments?post=4363"}],"version-history":[{"count":0,"href":"https:\/\/planitpower.com\/fr\/wp-json\/wp\/v2\/product\/4363\/revisions"}],"wp:featuredmedia":[{"embeddable":true,"href":"https:\/\/planitpower.com\/fr\/wp-json\/wp\/v2\/media\/4364"}],"wp:attachment":[{"href":"https:\/\/planitpower.com\/fr\/wp-json\/wp\/v2\/media?parent=4363"}],"wp:term":[{"taxonomy":"product_brand","embeddable":true,"href":"https:\/\/planitpower.com\/fr\/wp-json\/wp\/v2\/product_brand?post=4363"},{"taxonomy":"product_cat","embeddable":true,"href":"https:\/\/planitpower.com\/fr\/wp-json\/wp\/v2\/product_cat?post=4363"},{"taxonomy":"product_tag","embeddable":true,"href":"https:\/\/planitpower.com\/fr\/wp-json\/wp\/v2\/product_tag?post=4363"}],"curies":[{"name":"wp","href":"https:\/\/api.w.org\/{rel}","templated":true}]}}