{"id":4430,"date":"2025-11-13T23:46:30","date_gmt":"2025-11-13T23:46:30","guid":{"rendered":"https:\/\/planitpower.com\/?post_type=product&#038;p=4430"},"modified":"2025-11-13T23:46:33","modified_gmt":"2025-11-13T23:46:33","slug":"capteur-de-temperature-et-dhumidite-aqara-t1","status":"publish","type":"product","link":"https:\/\/planitpower.com\/fr\/boutique\/capteur-de-temperature-et-dhumidite-aqara-t1\/","title":{"rendered":"Capteur de temp\u00e9rature et d'humidit\u00e9 Aqara T1"},"content":{"rendered":"<h3 class=\"wp-block-heading\">Description<\/h3>\n\n\n\n<p>Le capteur de temp\u00e9rature et d&#039;humidit\u00e9 Aqara T1 est un \u00e9l\u00e9gant moniteur climatique sans fil con\u00e7u pour vous informer en temps r\u00e9el de votre environnement de vie. Sans aucun c\u00e2blage, il s&#039;installe facilement o\u00f9 vous le souhaitez pour des mesures fiables. Il mesure la temp\u00e9rature, l&#039;humidit\u00e9 et la pression atmosph\u00e9rique et, associ\u00e9 au hub Aqara compatible, permet de recevoir des alertes en temps r\u00e9el et d&#039;automatiser les r\u00e9ponses au sein de votre syst\u00e8me domotique. Que vous souhaitiez \u00eatre averti en cas de hausse d&#039;humidit\u00e9 dans la salle de bain ou d\u00e9clencher automatiquement la ventilation lorsqu&#039;une pi\u00e8ce est trop chaude, ce capteur s&#039;int\u00e8gre \u00e0 votre syst\u00e8me pour favoriser le confort, l&#039;efficacit\u00e9 \u00e9nerg\u00e9tique et le bien-\u00eatre.<\/p>\n\n\n\n<h3 class=\"wp-block-heading\">Sp\u00e9cifications techniques<\/h3>\n\n\n\n<p><\/p>\n\n\n\n<figure class=\"wp-block-table\"><table class=\"has-fixed-layout\"><thead><tr><th>Sp\u00e9cifications<\/th><th>D\u00e9tails<\/th><\/tr><\/thead><tbody><tr><td>Mod\u00e8le<\/td><td>TH-S02D<\/td><\/tr><tr><td>Protocole sans fil<\/td><td>Zigbee 3.0<\/td><\/tr><tr><td>Alimentation \u00e9lectrique<\/td><td>pile bouton CR2032<\/td><\/tr><tr><td>Plage de temp\u00e9ratures de fonctionnement<\/td><td>\u201320 \u00b0C \u00e0 +50 \u00b0C (\u20134 \u00b0F \u00e0 122 \u00b0F)<\/td><\/tr><tr><td>Pr\u00e9cision de la temp\u00e9rature<\/td><td>\u00b10,3 \u00b0C (\u00b10,5 \u00b0F)<\/td><\/tr><tr><td>Plage d&#039;humidit\u00e9<\/td><td>0 % \u00e0 100% HR (sans condensation)<\/td><\/tr><tr><td>Pr\u00e9cision de l&#039;humidit\u00e9<\/td><td>\u00b13% RH<\/td><\/tr><tr><td>Plage de pression atmosph\u00e9rique<\/td><td>30 kPa \u00e0 110 kPa<\/td><\/tr><tr><td>Pr\u00e9cision de la pression<\/td><td>\u00b10,12 kPa<\/td><\/tr><tr><td>Dimensions<\/td><td>36 \u00d7 36 \u00d7 9 mm (1,42\u2033 \u00d7 1,42\u2033 \u00d7 0,35\u2033)<\/td><\/tr><tr><td>Contenu de l&#039;emballage<\/td><td>Capteur \u00d71, Autocollant \u00d71, Manuel d&#039;utilisation \u00d71<\/td><\/tr><tr><td>Convient pour<\/td><td>Utilisation int\u00e9rieure<\/td><\/tr><\/tbody><\/table><\/figure>","protected":false},"excerpt":{"rendered":"<h3 data-start=\"934\" data-end=\"953\">Caract\u00e9ristiques principales<\/h3>\n<ul data-start=\"954\" data-end=\"2208\">\n<li data-start=\"954\" data-end=\"1086\">\n<p data-start=\"956\" data-end=\"1086\">Surveillance en temps r\u00e9el de la temp\u00e9rature, de l&#039;humidit\u00e9 et de la pression atmosph\u00e9rique, vous offrant une vision compl\u00e8te des conditions int\u00e9rieures.<\/p>\n<\/li>\n<li data-start=\"1087\" data-end=\"1214\">\n<p data-start=\"1089\" data-end=\"1214\">Lectures de haute pr\u00e9cision gr\u00e2ce \u00e0 un capteur de qualit\u00e9 industrielle : pr\u00e9cision de temp\u00e9rature de \u00b10,3 \u00b0C et pr\u00e9cision d&#039;humidit\u00e9 de \u00b13%.<\/p>\n<\/li>\n<li data-start=\"1215\" data-end=\"1306\">\n<p data-start=\"1217\" data-end=\"1306\">Utilise le protocole sans fil Zigbee 3.0 pour une communication stable avec le hub compatible.<\/p>\n<\/li>\n<li data-start=\"1307\" data-end=\"1429\">\n<p data-start=\"1309\" data-end=\"1429\">Longue dur\u00e9e de vie de la batterie : aliment\u00e9 par une seule pile bouton CR2032, offrant jusqu&#039;\u00e0 deux ans de service dans des conditions typiques.<\/p>\n<\/li>\n<li data-start=\"1430\" data-end=\"1564\">\n<p data-start=\"1432\" data-end=\"1564\">Prend en charge l&#039;enregistrement des donn\u00e9es dans le cloud et la consultation des donn\u00e9es historiques via l&#039;application Aqara Home, permettant ainsi l&#039;analyse des tendances et la prise de d\u00e9cisions \u00e9clair\u00e9es.<\/p>\n<\/li>\n<li data-start=\"1565\" data-end=\"1733\">\n<p data-start=\"1567\" data-end=\"1733\">Notifications personnalisables\u00a0: recevez des alertes lorsque les relev\u00e9s d\u00e9passent ou descendent en dessous de vos niveaux de confort pr\u00e9d\u00e9finis, ce qui vous aide \u00e0 \u00e9viter des probl\u00e8mes comme un exc\u00e8s d\u2019humidit\u00e9 ou un risque de moisissure.<\/p>\n<\/li>\n<li data-start=\"1734\" data-end=\"1992\">\n<p data-start=\"1736\" data-end=\"1992\">Int\u00e9gration domotique transparente\u00a0: une fois connect\u00e9 \u00e0 un hub Aqara, le capteur expose ses donn\u00e9es \u00e0 des \u00e9cosyst\u00e8mes tels qu\u2019Apple HomeKit, Amazon Alexa, Google Assistant et bien d\u2019autres, permettant ainsi des sc\u00e9narios automatis\u00e9s (par exemple, d\u00e9clencher un ventilateur lorsque la temp\u00e9rature d\u00e9passe un certain seuil).<\/p>\n<\/li>\n<li data-start=\"1993\" data-end=\"2096\">\n<p data-start=\"1995\" data-end=\"2096\">Conception compacte (36 \u00d7 36 \u00d7 9 mm) et installation facile gr\u00e2ce au coussinet adh\u00e9sif inclus ou au montage optionnel.<\/p>\n<\/li>\n<li data-start=\"2097\" data-end=\"2208\">\n<p data-start=\"2099\" data-end=\"2208\">Les mises \u00e0 jour du micrologiciel OTA (par voie hertzienne) sont prises en charge, garantissant ainsi que le capteur reste \u00e0 jour et s&#039;am\u00e9liore au fil du temps.<\/p>\n<\/li>\n<\/ul>","protected":false},"featured_media":4439,"comment_status":"open","ping_status":"closed","template":"","meta":{"jetpack_post_was_ever_published":false,"jetpack_publicize_message":"","jetpack_publicize_feature_enabled":true,"jetpack_social_post_already_shared":true,"jetpack_social_options":{"image_generator_settings":{"template":"highway","default_image_id":0,"font":"","enabled":false},"version":2}},"product_brand":[103],"product_cat":[134],"product_tag":[],"class_list":{"0":"post-4430","1":"product","2":"type-product","3":"status-publish","4":"has-post-thumbnail","6":"product_brand-aqara","7":"product_cat-smart-sensors","9":"first","10":"instock","11":"taxable","12":"shipping-taxable","13":"purchasable","14":"product-type-simple"},"yoast_head":"<!-- This site is optimized with the Yoast SEO plugin v27.3 - https:\/\/yoast.com\/product\/yoast-seo-wordpress\/ -->\n<title>Aqara Temperature and Humidity Sensor T1 - Planitpower<\/title>\n<meta name=\"description\" content=\"Enhance your smart home with the Aqara\u202fTemperature\u202fand\u202fHumidity\u202fSensor\u202fT1 \u2014 a compact Zigbee 3.0 sensor delivering precise indoor climate monitoring (\u00b10.3 \u00b0C \/ \u00b13% RH) and seamless integration with HomeKit, Alexa &amp; Google Home.\" \/>\n<meta name=\"robots\" content=\"index, follow, max-snippet:-1, max-image-preview:large, max-video-preview:-1\" \/>\n<link rel=\"canonical\" href=\"https:\/\/planitpower.com\/fr\/boutique\/capteur-de-temperature-et-dhumidite-aqara-t1\/\" \/>\n<meta property=\"og:locale\" content=\"fr_FR\" \/>\n<meta property=\"og:type\" content=\"article\" \/>\n<meta property=\"og:title\" content=\"Aqara Temperature and Humidity Sensor T1 - Planitpower\" \/>\n<meta property=\"og:description\" content=\"Enhance your smart home with the Aqara\u202fTemperature\u202fand\u202fHumidity\u202fSensor\u202fT1 \u2014 a compact Zigbee 3.0 sensor delivering precise indoor climate monitoring (\u00b10.3 \u00b0C \/ \u00b13% RH) and seamless integration with HomeKit, Alexa &amp; Google Home.\" \/>\n<meta property=\"og:url\" content=\"https:\/\/planitpower.com\/fr\/boutique\/capteur-de-temperature-et-dhumidite-aqara-t1\/\" \/>\n<meta property=\"og:site_name\" content=\"Planitpower\" \/>\n<meta property=\"article:modified_time\" content=\"2025-11-13T23:46:33+00:00\" \/>\n<meta property=\"og:image\" content=\"https:\/\/i0.wp.com\/planitpower.com\/wp-content\/uploads\/2025\/11\/Temperature-and-Humidty-Sensor-T1_1920x1920.jpg?fit=1000%2C1000&ssl=1\" \/>\n\t<meta property=\"og:image:width\" content=\"1000\" \/>\n\t<meta property=\"og:image:height\" content=\"1000\" \/>\n\t<meta property=\"og:image:type\" content=\"image\/jpeg\" \/>\n<meta name=\"twitter:card\" content=\"summary_large_image\" \/>\n<meta name=\"twitter:label1\" content=\"Dur\u00e9e de lecture estim\u00e9e\" \/>\n\t<meta name=\"twitter:data1\" content=\"1 minute\" \/>\n<script type=\"application\/ld+json\" class=\"yoast-schema-graph\">{\"@context\":\"https:\\\/\\\/schema.org\",\"@graph\":[{\"@type\":\"WebPage\",\"@id\":\"https:\\\/\\\/planitpower.com\\\/shop\\\/aqara-temperature-and-humidity-sensor-t1\\\/\",\"url\":\"https:\\\/\\\/planitpower.com\\\/shop\\\/aqara-temperature-and-humidity-sensor-t1\\\/\",\"name\":\"Aqara Temperature and Humidity Sensor T1 - Planitpower\",\"isPartOf\":{\"@id\":\"https:\\\/\\\/planitpower.com\\\/#website\"},\"primaryImageOfPage\":{\"@id\":\"https:\\\/\\\/planitpower.com\\\/shop\\\/aqara-temperature-and-humidity-sensor-t1\\\/#primaryimage\"},\"image\":{\"@id\":\"https:\\\/\\\/planitpower.com\\\/shop\\\/aqara-temperature-and-humidity-sensor-t1\\\/#primaryimage\"},\"thumbnailUrl\":\"https:\\\/\\\/i0.wp.com\\\/planitpower.com\\\/wp-content\\\/uploads\\\/2025\\\/11\\\/Temperature-and-Humidty-Sensor-T1_1920x1920.jpg?fit=1000%2C1000&ssl=1\",\"datePublished\":\"2025-11-13T23:46:30+00:00\",\"dateModified\":\"2025-11-13T23:46:33+00:00\",\"description\":\"Enhance your smart home with the Aqara\u202fTemperature\u202fand\u202fHumidity\u202fSensor\u202fT1 \u2014 a compact Zigbee 3.0 sensor delivering precise indoor climate monitoring (\u00b10.3 \u00b0C \\\/ \u00b13% RH) and seamless integration with HomeKit, Alexa & Google Home.\",\"breadcrumb\":{\"@id\":\"https:\\\/\\\/planitpower.com\\\/shop\\\/aqara-temperature-and-humidity-sensor-t1\\\/#breadcrumb\"},\"inLanguage\":\"fr-FR\",\"potentialAction\":[{\"@type\":\"ReadAction\",\"target\":[\"https:\\\/\\\/planitpower.com\\\/shop\\\/aqara-temperature-and-humidity-sensor-t1\\\/\"]}]},{\"@type\":\"ImageObject\",\"inLanguage\":\"fr-FR\",\"@id\":\"https:\\\/\\\/planitpower.com\\\/shop\\\/aqara-temperature-and-humidity-sensor-t1\\\/#primaryimage\",\"url\":\"https:\\\/\\\/i0.wp.com\\\/planitpower.com\\\/wp-content\\\/uploads\\\/2025\\\/11\\\/Temperature-and-Humidty-Sensor-T1_1920x1920.jpg?fit=1000%2C1000&ssl=1\",\"contentUrl\":\"https:\\\/\\\/i0.wp.com\\\/planitpower.com\\\/wp-content\\\/uploads\\\/2025\\\/11\\\/Temperature-and-Humidty-Sensor-T1_1920x1920.jpg?fit=1000%2C1000&ssl=1\",\"width\":1000,\"height\":1000,\"caption\":\"Aqara Temperature and Humidity Sensor T1 - planitpower - 1\"},{\"@type\":\"BreadcrumbList\",\"@id\":\"https:\\\/\\\/planitpower.com\\\/shop\\\/aqara-temperature-and-humidity-sensor-t1\\\/#breadcrumb\",\"itemListElement\":[{\"@type\":\"ListItem\",\"position\":1,\"name\":\"Home\",\"item\":\"https:\\\/\\\/planitpower.com\\\/\"},{\"@type\":\"ListItem\",\"position\":2,\"name\":\"SHOP\",\"item\":\"https:\\\/\\\/planitpower.com\\\/shop\\\/\"},{\"@type\":\"ListItem\",\"position\":3,\"name\":\"Aqara Temperature and Humidity Sensor T1\"}]},{\"@type\":\"WebSite\",\"@id\":\"https:\\\/\\\/planitpower.com\\\/#website\",\"url\":\"https:\\\/\\\/planitpower.com\\\/\",\"name\":\"Planitpower\",\"description\":\"Inspire energy\",\"publisher\":{\"@id\":\"https:\\\/\\\/planitpower.com\\\/#\\\/schema\\\/person\\\/b531587eda267b930b04174d12de6efa\"},\"potentialAction\":[{\"@type\":\"SearchAction\",\"target\":{\"@type\":\"EntryPoint\",\"urlTemplate\":\"https:\\\/\\\/planitpower.com\\\/?s={search_term_string}\"},\"query-input\":{\"@type\":\"PropertyValueSpecification\",\"valueRequired\":true,\"valueName\":\"search_term_string\"}}],\"inLanguage\":\"fr-FR\"},{\"@type\":[\"Person\",\"Organization\"],\"@id\":\"https:\\\/\\\/planitpower.com\\\/#\\\/schema\\\/person\\\/b531587eda267b930b04174d12de6efa\",\"name\":\"Editorial Team\",\"image\":{\"@type\":\"ImageObject\",\"inLanguage\":\"fr-FR\",\"@id\":\"https:\\\/\\\/i0.wp.com\\\/planitpower.com\\\/wp-content\\\/uploads\\\/2025\\\/12\\\/cropped-planitpower_circle_375x375.png?fit=512%2C512&ssl=1\",\"url\":\"https:\\\/\\\/i0.wp.com\\\/planitpower.com\\\/wp-content\\\/uploads\\\/2025\\\/12\\\/cropped-planitpower_circle_375x375.png?fit=512%2C512&ssl=1\",\"contentUrl\":\"https:\\\/\\\/i0.wp.com\\\/planitpower.com\\\/wp-content\\\/uploads\\\/2025\\\/12\\\/cropped-planitpower_circle_375x375.png?fit=512%2C512&ssl=1\",\"width\":512,\"height\":512,\"caption\":\"Editorial Team\"},\"logo\":{\"@id\":\"https:\\\/\\\/i0.wp.com\\\/planitpower.com\\\/wp-content\\\/uploads\\\/2025\\\/12\\\/cropped-planitpower_circle_375x375.png?fit=512%2C512&ssl=1\"},\"sameAs\":[\"https:\\\/\\\/Planitpower.com\"]}]}<\/script>\n<!-- \/ Yoast SEO plugin. -->","yoast_head_json":{"title":"Capteur de temp\u00e9rature et d&#039;humidit\u00e9 Aqara T1 - Planitpower","description":"Am\u00e9liorez votre maison intelligente avec le capteur de temp\u00e9rature et d&#039;humidit\u00e9 Aqara T1 \u2014 un capteur Zigbee 3.0 compact offrant une surveillance pr\u00e9cise du climat int\u00e9rieur (\u00b10,3 \u00b0C \/ \u00b13% HR) et une int\u00e9gration transparente avec HomeKit, Alexa et Google Home.","robots":{"index":"index","follow":"follow","max-snippet":"max-snippet:-1","max-image-preview":"max-image-preview:large","max-video-preview":"max-video-preview:-1"},"canonical":"https:\/\/planitpower.com\/fr\/boutique\/capteur-de-temperature-et-dhumidite-aqara-t1\/","og_locale":"fr_FR","og_type":"article","og_title":"Aqara Temperature and Humidity Sensor T1 - Planitpower","og_description":"Enhance your smart home with the Aqara\u202fTemperature\u202fand\u202fHumidity\u202fSensor\u202fT1 \u2014 a compact Zigbee 3.0 sensor delivering precise indoor climate monitoring (\u00b10.3 \u00b0C \/ \u00b13% RH) and seamless integration with HomeKit, Alexa & Google Home.","og_url":"https:\/\/planitpower.com\/fr\/boutique\/capteur-de-temperature-et-dhumidite-aqara-t1\/","og_site_name":"Planitpower","article_modified_time":"2025-11-13T23:46:33+00:00","og_image":[{"width":1000,"height":1000,"url":"https:\/\/i0.wp.com\/planitpower.com\/wp-content\/uploads\/2025\/11\/Temperature-and-Humidty-Sensor-T1_1920x1920.jpg?fit=1000%2C1000&ssl=1","type":"image\/jpeg"}],"twitter_card":"summary_large_image","twitter_misc":{"Dur\u00e9e de lecture estim\u00e9e":"1 minute"},"schema":{"@context":"https:\/\/schema.org","@graph":[{"@type":"WebPage","@id":"https:\/\/planitpower.com\/shop\/aqara-temperature-and-humidity-sensor-t1\/","url":"https:\/\/planitpower.com\/shop\/aqara-temperature-and-humidity-sensor-t1\/","name":"Capteur de temp\u00e9rature et d&#039;humidit\u00e9 Aqara T1 - Planitpower","isPartOf":{"@id":"https:\/\/planitpower.com\/#website"},"primaryImageOfPage":{"@id":"https:\/\/planitpower.com\/shop\/aqara-temperature-and-humidity-sensor-t1\/#primaryimage"},"image":{"@id":"https:\/\/planitpower.com\/shop\/aqara-temperature-and-humidity-sensor-t1\/#primaryimage"},"thumbnailUrl":"https:\/\/i0.wp.com\/planitpower.com\/wp-content\/uploads\/2025\/11\/Temperature-and-Humidty-Sensor-T1_1920x1920.jpg?fit=1000%2C1000&ssl=1","datePublished":"2025-11-13T23:46:30+00:00","dateModified":"2025-11-13T23:46:33+00:00","description":"Am\u00e9liorez votre maison intelligente avec le capteur de temp\u00e9rature et d&#039;humidit\u00e9 Aqara T1 \u2014 un capteur Zigbee 3.0 compact offrant une surveillance pr\u00e9cise du climat int\u00e9rieur (\u00b10,3 \u00b0C \/ \u00b13% HR) et une int\u00e9gration transparente avec HomeKit, Alexa et Google Home.","breadcrumb":{"@id":"https:\/\/planitpower.com\/shop\/aqara-temperature-and-humidity-sensor-t1\/#breadcrumb"},"inLanguage":"fr-FR","potentialAction":[{"@type":"ReadAction","target":["https:\/\/planitpower.com\/shop\/aqara-temperature-and-humidity-sensor-t1\/"]}]},{"@type":"ImageObject","inLanguage":"fr-FR","@id":"https:\/\/planitpower.com\/shop\/aqara-temperature-and-humidity-sensor-t1\/#primaryimage","url":"https:\/\/i0.wp.com\/planitpower.com\/wp-content\/uploads\/2025\/11\/Temperature-and-Humidty-Sensor-T1_1920x1920.jpg?fit=1000%2C1000&ssl=1","contentUrl":"https:\/\/i0.wp.com\/planitpower.com\/wp-content\/uploads\/2025\/11\/Temperature-and-Humidty-Sensor-T1_1920x1920.jpg?fit=1000%2C1000&ssl=1","width":1000,"height":1000,"caption":"Aqara Temperature and Humidity Sensor T1 - planitpower - 1"},{"@type":"BreadcrumbList","@id":"https:\/\/planitpower.com\/shop\/aqara-temperature-and-humidity-sensor-t1\/#breadcrumb","itemListElement":[{"@type":"ListItem","position":1,"name":"Home","item":"https:\/\/planitpower.com\/"},{"@type":"ListItem","position":2,"name":"SHOP","item":"https:\/\/planitpower.com\/shop\/"},{"@type":"ListItem","position":3,"name":"Aqara Temperature and Humidity Sensor T1"}]},{"@type":"WebSite","@id":"https:\/\/planitpower.com\/#website","url":"https:\/\/planitpower.com\/","name":"Planitpower","description":"Inspirons l'\u00e9nergie!","publisher":{"@id":"https:\/\/planitpower.com\/#\/schema\/person\/b531587eda267b930b04174d12de6efa"},"potentialAction":[{"@type":"SearchAction","target":{"@type":"EntryPoint","urlTemplate":"https:\/\/planitpower.com\/?s={search_term_string}"},"query-input":{"@type":"PropertyValueSpecification","valueRequired":true,"valueName":"search_term_string"}}],"inLanguage":"fr-FR"},{"@type":["Person","Organization"],"@id":"https:\/\/planitpower.com\/#\/schema\/person\/b531587eda267b930b04174d12de6efa","name":"Equipe \u00e9ditoriale","image":{"@type":"ImageObject","inLanguage":"fr-FR","@id":"https:\/\/i0.wp.com\/planitpower.com\/wp-content\/uploads\/2025\/12\/cropped-planitpower_circle_375x375.png?fit=512%2C512&ssl=1","url":"https:\/\/i0.wp.com\/planitpower.com\/wp-content\/uploads\/2025\/12\/cropped-planitpower_circle_375x375.png?fit=512%2C512&ssl=1","contentUrl":"https:\/\/i0.wp.com\/planitpower.com\/wp-content\/uploads\/2025\/12\/cropped-planitpower_circle_375x375.png?fit=512%2C512&ssl=1","width":512,"height":512,"caption":"Editorial Team"},"logo":{"@id":"https:\/\/i0.wp.com\/planitpower.com\/wp-content\/uploads\/2025\/12\/cropped-planitpower_circle_375x375.png?fit=512%2C512&ssl=1"},"sameAs":["https:\/\/Planitpower.com"]}]}},"jetpack_publicize_connections":[],"jetpack_likes_enabled":true,"jetpack_sharing_enabled":true,"jetpack-related-posts":[{"id":5208,"url":"https:\/\/planitpower.com\/fr\/boutique\/zendure-solarflow-2400-ac\/","url_meta":{"origin":4430,"position":0},"title":"Zendure SolarFlow 2400 AC","author":"Editorial Team","date":"28\/11\/2025","format":false,"excerpt":"Main features Syst\u00e8me de gestion intelligent AC-coupl\u00e9Contr\u00f4le automatiquement la charge et la d\u00e9charge des batteries AB3000X selon la production solaire, votre consommation et les horaires tarifaires. Compatible avec les micro-onduleursFonctionne avec les installations photovolta\u00efques AC jusqu\u2019\u00e0 2000 W, sans modifier l\u2019infrastructure existante. Puissance de sortie flexible800 W en mode plug-and-play\u2026","rel":"","context":"Article similaire","block_context":{"text":"Article similaire","link":""},"img":{"alt_text":"Zendure SolarFlow 2400 AC - planitpower","src":"https:\/\/i0.wp.com\/planitpower.com\/wp-content\/uploads\/2025\/11\/zendure-solarflow-2400-ac-seul.jpg?fit=500%2C500&ssl=1&resize=350%2C200","width":350,"height":200},"classes":[]}],"_links":{"self":[{"href":"https:\/\/planitpower.com\/fr\/wp-json\/wp\/v2\/product\/4430","targetHints":{"allow":["GET"]}}],"collection":[{"href":"https:\/\/planitpower.com\/fr\/wp-json\/wp\/v2\/product"}],"about":[{"href":"https:\/\/planitpower.com\/fr\/wp-json\/wp\/v2\/types\/product"}],"replies":[{"embeddable":true,"href":"https:\/\/planitpower.com\/fr\/wp-json\/wp\/v2\/comments?post=4430"}],"version-history":[{"count":0,"href":"https:\/\/planitpower.com\/fr\/wp-json\/wp\/v2\/product\/4430\/revisions"}],"wp:featuredmedia":[{"embeddable":true,"href":"https:\/\/planitpower.com\/fr\/wp-json\/wp\/v2\/media\/4439"}],"wp:attachment":[{"href":"https:\/\/planitpower.com\/fr\/wp-json\/wp\/v2\/media?parent=4430"}],"wp:term":[{"taxonomy":"product_brand","embeddable":true,"href":"https:\/\/planitpower.com\/fr\/wp-json\/wp\/v2\/product_brand?post=4430"},{"taxonomy":"product_cat","embeddable":true,"href":"https:\/\/planitpower.com\/fr\/wp-json\/wp\/v2\/product_cat?post=4430"},{"taxonomy":"product_tag","embeddable":true,"href":"https:\/\/planitpower.com\/fr\/wp-json\/wp\/v2\/product_tag?post=4430"}],"curies":[{"name":"wp","href":"https:\/\/api.w.org\/{rel}","templated":true}]}}