{"id":4456,"date":"2025-11-14T08:01:17","date_gmt":"2025-11-14T08:01:17","guid":{"rendered":"https:\/\/planitpower.com\/?post_type=product&#038;p=4456"},"modified":"2025-12-25T00:06:07","modified_gmt":"2025-12-25T00:06:07","slug":"module-de-relais-double-aqara-t2","status":"publish","type":"product","link":"https:\/\/planitpower.com\/fr\/boutique\/module-de-relais-double-aqara-t2\/","title":{"rendered":"Module de relais double Aqara T2"},"content":{"rendered":"<h2 class=\"wp-block-heading\">Description<\/h2>\n\n\n\n<p>Le module relais double Aqara T2 est un module relais intelligent compact et performant, con\u00e7u pour moderniser les appareils et syst\u00e8mes \u00e9lectriques conventionnels sans n\u00e9cessiter un remplacement complet. Que vous souhaitiez automatiser l&#039;\u00e9clairage, les stores, les portes de garage ou le chauffage, ce module fonctionne en arri\u00e8re-plan pour convertir vos interrupteurs ou circuits existants en circuits intelligents. Il prend en charge les deux <strong>contact sec<\/strong> et <strong>contact humide<\/strong> Ce module offre une grande flexibilit\u00e9 d&#039;int\u00e9gration, permettant de g\u00e9rer des charges r\u00e9sistives, des moteurs ou des syst\u00e8mes de contr\u00f4le existants. Il utilise la technologie Zigbee 3.0 pour une communication sans fil fiable et basse consommation et, associ\u00e9 \u00e0 un hub compatible, s&#039;int\u00e8gre aux principaux \u00e9cosyst\u00e8mes tels qu&#039;Apple Home, Google Home et Amazon Alexa. Son installation est volontairement flexible\u00a0: le module peut \u00eatre mont\u00e9 dans des bo\u00eetiers muraux standard, sur un rail DIN dans une armoire \u00e9lectrique ou dissimul\u00e9 derri\u00e8re un interrupteur mural existant. Dot\u00e9 de fonctionnalit\u00e9s int\u00e9gr\u00e9es telles que la surveillance de la consommation d&#039;\u00e9nergie, la m\u00e9morisation de l&#039;\u00e9tat de l&#039;alimentation (pour restaurer le dernier \u00e9tat apr\u00e8s une coupure de courant) et des protections (surchauffe\/surcharge), le T2 est con\u00e7u pour allier fonctionnalit\u00e9 domotique et robustesse.<\/p>\n\n\n\n<h2 class=\"wp-block-heading\">Sp\u00e9cifications techniques<\/h2>\n\n\n\n<p><\/p>\n\n\n\n<figure class=\"wp-block-table\"><table class=\"has-fixed-layout\"><thead><tr><th>Sp\u00e9cifications<\/th><th>D\u00e9tail<\/th><\/tr><\/thead><tbody><tr><td>Mod\u00e8le<\/td><td>DCM-K01<\/td><\/tr><tr><td>Protocole sans fil<\/td><td>Zigbee 3.0<\/td><\/tr><tr><td>Fr\u00e9quence de fonctionnement Zigbee<\/td><td>2405\u20132475 MHz<\/td><\/tr><tr><td>Puissance de sortie Zigbee maximale<\/td><td>\u2264 13 dBm<\/td><\/tr><tr><td>Dimensions<\/td><td>45,5 \u00d7 48 \u00d7 24 mm (1,79 \u00d7 1,89 \u00d7 0,94 po)<\/td><\/tr><tr><td>Temp\u00e9rature de fonctionnement<\/td><td>-10 \u00b0C \u00e0 40 \u00b0C (14 \u00b0F \u00e0 104 \u00b0F)<\/td><\/tr><tr><td>Humidit\u00e9 de fonctionnement<\/td><td>0 % \u00e0 95 % HR, sans condensation<\/td><\/tr><tr><td>Param\u00e8tres CA nominaux<\/td><td>100\u2013250 V CA, 50\/60 Hz ; \u226410 A ; max 2 500 W (charge incandescente)<\/td><\/tr><tr><td><\/td><td>\u22641 A ; 250 W max pour les lampes fluorescentes LED\/CFL<\/td><\/tr><tr><td><\/td><td>\u22641 A ; charge moteur max. \u00bc CV<\/td><\/tr><tr><td>Param\u00e8tres CC nominaux<\/td><td>24\u201330 V CC : \u226410 A, max 300 W (charge r\u00e9sistive)<\/td><\/tr><tr><td><\/td><td>30\u201360 V CC : \u22641 A, max 60 W (charge r\u00e9sistive)<\/td><\/tr><tr><td>Contenu de la bo\u00eete<\/td><td>Module \u00d71, Manuel d&#039;utilisation \u00d71, Accessoire pour rail DIN \u00d71, C\u00e2ble de connexion \u00d71<\/td><\/tr><\/tbody><\/table><\/figure>","protected":false},"excerpt":{"rendered":"<h2 data-start=\"1381\" data-end=\"1399\">Caract\u00e9ristiques principales<\/h2>\n<ul data-start=\"1400\" data-end=\"2709\">\n<li data-start=\"1400\" data-end=\"1487\">\n<p data-start=\"1402\" data-end=\"1487\"><strong data-start=\"1402\" data-end=\"1426\">Contr\u00f4le \u00e0 deux canaux<\/strong>G\u00e9rer deux circuits ou charges ind\u00e9pendants \u00e0 partir d&#039;un seul module.<\/p>\n<\/li>\n<li data-start=\"1488\" data-end=\"1673\">\n<p data-start=\"1490\" data-end=\"1673\"><strong data-start=\"1490\" data-end=\"1527\">Modes de contact sec et de contact humide<\/strong>: Choisissez le type d&#039;interface qui convient le mieux \u00e0 votre application (par exemple, contact sec pour les portes de garage ou les chaudi\u00e8res ; contact humide pour les luminaires ou les prises de courant).<\/p>\n<\/li>\n<li data-start=\"1674\" data-end=\"1866\">\n<p data-start=\"1676\" data-end=\"1866\"><strong data-start=\"1676\" data-end=\"1735\">Support moteur et volet roulant, y compris mode de verrouillage<\/strong>Le module peut g\u00e9rer en toute s\u00e9curit\u00e9 les moteurs bidirectionnels pour stores ou rideaux en assurant un contr\u00f4le d&#039;interverrouillage entre les deux canaux.<\/p>\n<\/li>\n<li data-start=\"1867\" data-end=\"2036\">\n<p data-start=\"1869\" data-end=\"2036\"><strong data-start=\"1869\" data-end=\"1911\">Surveillance de la consommation d&#039;\u00e9nergie et m\u00e9moire de l&#039;\u00e9tat de puissance<\/strong>Lorsqu&#039;il est aliment\u00e9 par courant alternatif, le module enregistre les donn\u00e9es de consommation et conserve son dernier \u00e9tat de fonctionnement apr\u00e8s une coupure de courant.<\/p>\n<\/li>\n<li data-start=\"2037\" data-end=\"2193\">\n<p data-start=\"2039\" data-end=\"2193\"><strong data-start=\"2039\" data-end=\"2073\">Dispositifs de s\u00e9curit\u00e9 et de protection<\/strong>Des protections int\u00e9gr\u00e9es contre les surcharges, les surchauffes et les limitations de courant\/puissance configurables contribuent \u00e0 pr\u00e9venir les utilisations abusives ou les risques.<\/p>\n<\/li>\n<li data-start=\"2194\" data-end=\"2329\">\n<p data-start=\"2196\" data-end=\"2329\"><strong data-start=\"2196\" data-end=\"2220\">Mode de commutation sans fil<\/strong>: Transformez un interrupteur mural c\u00e2bl\u00e9 existant en contr\u00f4leur de sc\u00e8ne intelligent, sans remplacer l&#039;interrupteur lui-m\u00eame.<\/p>\n<\/li>\n<li data-start=\"2330\" data-end=\"2504\">\n<p data-start=\"2332\" data-end=\"2504\"><strong data-start=\"2332\" data-end=\"2357\">Installation flexible<\/strong>: Sa taille compacte (45,5 \u00d7 48 \u00d7 24 mm) et sa compatibilit\u00e9 avec les bo\u00eetes murales DIN ou standard EU\/US permettent une installation dans des espaces restreints ou cach\u00e9s.<\/p>\n<\/li>\n<li data-start=\"2505\" data-end=\"2709\">\n<p data-start=\"2507\" data-end=\"2709\"><strong data-start=\"2507\" data-end=\"2534\">Soutien \u00e9cosyst\u00e9mique \u00e9tendu<\/strong>: Compatible avec les principales plateformes de maison intelligente \u2014 via un hub Aqara Zigbee 3.0, ce module peut s&#039;int\u00e9grer aux syst\u00e8mes Apple HomeKit, Google Home, Amazon Alexa et Matter-over-bridge.<\/p>\n<\/li>\n<\/ul>","protected":false},"featured_media":4458,"comment_status":"open","ping_status":"closed","template":"","meta":{"jetpack_post_was_ever_published":false,"jetpack_publicize_message":"","jetpack_publicize_feature_enabled":true,"jetpack_social_post_already_shared":true,"jetpack_social_options":{"image_generator_settings":{"template":"highway","default_image_id":0,"font":"","enabled":false},"version":2}},"product_brand":[103],"product_cat":[123],"product_tag":[],"class_list":{"0":"post-4456","1":"product","2":"type-product","3":"status-publish","4":"has-post-thumbnail","6":"product_brand-aqara","7":"product_cat-integration-installation-accessories","9":"first","10":"instock","11":"taxable","12":"shipping-taxable","13":"purchasable","14":"product-type-simple"},"yoast_head":"<!-- This site is optimized with the Yoast SEO plugin v27.3 - https:\/\/yoast.com\/product\/yoast-seo-wordpress\/ -->\n<title>Aqara Dual Relay Module T2 - Planitpower<\/title>\n<meta name=\"description\" content=\"Discover the Aqara Dual Relay Module T2 \u2014 a versatile Zigbee 3.0 dual-channel smart relay that turns your existing electrical circuits into intelligent, voice-controlled automations.\" \/>\n<meta name=\"robots\" content=\"index, follow, max-snippet:-1, max-image-preview:large, max-video-preview:-1\" \/>\n<link rel=\"canonical\" href=\"https:\/\/planitpower.com\/fr\/boutique\/module-de-relais-double-aqara-t2\/\" \/>\n<meta property=\"og:locale\" content=\"fr_FR\" \/>\n<meta property=\"og:type\" content=\"article\" \/>\n<meta property=\"og:title\" content=\"Aqara Dual Relay Module T2 - Planitpower\" \/>\n<meta property=\"og:description\" content=\"Discover the Aqara Dual Relay Module T2 \u2014 a versatile Zigbee 3.0 dual-channel smart relay that turns your existing electrical circuits into intelligent, voice-controlled automations.\" \/>\n<meta property=\"og:url\" content=\"https:\/\/planitpower.com\/fr\/boutique\/module-de-relais-double-aqara-t2\/\" \/>\n<meta property=\"og:site_name\" content=\"Planitpower\" \/>\n<meta property=\"article:modified_time\" content=\"2025-12-25T00:06:07+00:00\" \/>\n<meta property=\"og:image\" content=\"https:\/\/i0.wp.com\/planitpower.com\/wp-content\/uploads\/2025\/11\/Dual-Relay-Module-T2_top_1920x1920.jpg?fit=1000%2C1000&ssl=1\" \/>\n\t<meta property=\"og:image:width\" content=\"1000\" \/>\n\t<meta property=\"og:image:height\" content=\"1000\" \/>\n\t<meta property=\"og:image:type\" content=\"image\/jpeg\" \/>\n<meta name=\"twitter:card\" content=\"summary_large_image\" \/>\n<meta name=\"twitter:label1\" content=\"Dur\u00e9e de lecture estim\u00e9e\" \/>\n\t<meta name=\"twitter:data1\" content=\"2 minutes\" \/>\n<script type=\"application\/ld+json\" class=\"yoast-schema-graph\">{\"@context\":\"https:\\\/\\\/schema.org\",\"@graph\":[{\"@type\":\"WebPage\",\"@id\":\"https:\\\/\\\/planitpower.com\\\/shop\\\/aqara-dual-relay-module-t2\\\/\",\"url\":\"https:\\\/\\\/planitpower.com\\\/shop\\\/aqara-dual-relay-module-t2\\\/\",\"name\":\"Aqara Dual Relay Module T2 - Planitpower\",\"isPartOf\":{\"@id\":\"https:\\\/\\\/planitpower.com\\\/#website\"},\"primaryImageOfPage\":{\"@id\":\"https:\\\/\\\/planitpower.com\\\/shop\\\/aqara-dual-relay-module-t2\\\/#primaryimage\"},\"image\":{\"@id\":\"https:\\\/\\\/planitpower.com\\\/shop\\\/aqara-dual-relay-module-t2\\\/#primaryimage\"},\"thumbnailUrl\":\"https:\\\/\\\/i0.wp.com\\\/planitpower.com\\\/wp-content\\\/uploads\\\/2025\\\/11\\\/Dual-Relay-Module-T2_top_1920x1920.jpg?fit=1000%2C1000&ssl=1\",\"datePublished\":\"2025-11-14T08:01:17+00:00\",\"dateModified\":\"2025-12-25T00:06:07+00:00\",\"description\":\"Discover the Aqara Dual Relay Module T2 \u2014 a versatile Zigbee 3.0 dual-channel smart relay that turns your existing electrical circuits into intelligent, voice-controlled automations.\",\"breadcrumb\":{\"@id\":\"https:\\\/\\\/planitpower.com\\\/shop\\\/aqara-dual-relay-module-t2\\\/#breadcrumb\"},\"inLanguage\":\"fr-FR\",\"potentialAction\":[{\"@type\":\"ReadAction\",\"target\":[\"https:\\\/\\\/planitpower.com\\\/shop\\\/aqara-dual-relay-module-t2\\\/\"]}]},{\"@type\":\"ImageObject\",\"inLanguage\":\"fr-FR\",\"@id\":\"https:\\\/\\\/planitpower.com\\\/shop\\\/aqara-dual-relay-module-t2\\\/#primaryimage\",\"url\":\"https:\\\/\\\/i0.wp.com\\\/planitpower.com\\\/wp-content\\\/uploads\\\/2025\\\/11\\\/Dual-Relay-Module-T2_top_1920x1920.jpg?fit=1000%2C1000&ssl=1\",\"contentUrl\":\"https:\\\/\\\/i0.wp.com\\\/planitpower.com\\\/wp-content\\\/uploads\\\/2025\\\/11\\\/Dual-Relay-Module-T2_top_1920x1920.jpg?fit=1000%2C1000&ssl=1\",\"width\":1000,\"height\":1000,\"caption\":\"Aqara Dual Relay Module T2 - planitpower - 2\"},{\"@type\":\"BreadcrumbList\",\"@id\":\"https:\\\/\\\/planitpower.com\\\/shop\\\/aqara-dual-relay-module-t2\\\/#breadcrumb\",\"itemListElement\":[{\"@type\":\"ListItem\",\"position\":1,\"name\":\"Home\",\"item\":\"https:\\\/\\\/planitpower.com\\\/\"},{\"@type\":\"ListItem\",\"position\":2,\"name\":\"SHOP\",\"item\":\"https:\\\/\\\/planitpower.com\\\/shop\\\/\"},{\"@type\":\"ListItem\",\"position\":3,\"name\":\"Aqara Dual Relay Module T2\"}]},{\"@type\":\"WebSite\",\"@id\":\"https:\\\/\\\/planitpower.com\\\/#website\",\"url\":\"https:\\\/\\\/planitpower.com\\\/\",\"name\":\"Planitpower\",\"description\":\"Inspire energy\",\"publisher\":{\"@id\":\"https:\\\/\\\/planitpower.com\\\/#\\\/schema\\\/person\\\/b531587eda267b930b04174d12de6efa\"},\"potentialAction\":[{\"@type\":\"SearchAction\",\"target\":{\"@type\":\"EntryPoint\",\"urlTemplate\":\"https:\\\/\\\/planitpower.com\\\/?s={search_term_string}\"},\"query-input\":{\"@type\":\"PropertyValueSpecification\",\"valueRequired\":true,\"valueName\":\"search_term_string\"}}],\"inLanguage\":\"fr-FR\"},{\"@type\":[\"Person\",\"Organization\"],\"@id\":\"https:\\\/\\\/planitpower.com\\\/#\\\/schema\\\/person\\\/b531587eda267b930b04174d12de6efa\",\"name\":\"Editorial Team\",\"image\":{\"@type\":\"ImageObject\",\"inLanguage\":\"fr-FR\",\"@id\":\"https:\\\/\\\/i0.wp.com\\\/planitpower.com\\\/wp-content\\\/uploads\\\/2025\\\/12\\\/cropped-planitpower_circle_375x375.png?fit=512%2C512&ssl=1\",\"url\":\"https:\\\/\\\/i0.wp.com\\\/planitpower.com\\\/wp-content\\\/uploads\\\/2025\\\/12\\\/cropped-planitpower_circle_375x375.png?fit=512%2C512&ssl=1\",\"contentUrl\":\"https:\\\/\\\/i0.wp.com\\\/planitpower.com\\\/wp-content\\\/uploads\\\/2025\\\/12\\\/cropped-planitpower_circle_375x375.png?fit=512%2C512&ssl=1\",\"width\":512,\"height\":512,\"caption\":\"Editorial Team\"},\"logo\":{\"@id\":\"https:\\\/\\\/i0.wp.com\\\/planitpower.com\\\/wp-content\\\/uploads\\\/2025\\\/12\\\/cropped-planitpower_circle_375x375.png?fit=512%2C512&ssl=1\"},\"sameAs\":[\"https:\\\/\\\/Planitpower.com\"]}]}<\/script>\n<!-- \/ Yoast SEO plugin. -->","yoast_head_json":{"title":"Module de relais double Aqara T2 - Planitpower","description":"D\u00e9couvrez le module relais double Aqara T2 \u2014 un relais intelligent double canal Zigbee 3.0 polyvalent qui transforme vos circuits \u00e9lectriques existants en automatisations intelligentes \u00e0 commande vocale.","robots":{"index":"index","follow":"follow","max-snippet":"max-snippet:-1","max-image-preview":"max-image-preview:large","max-video-preview":"max-video-preview:-1"},"canonical":"https:\/\/planitpower.com\/fr\/boutique\/module-de-relais-double-aqara-t2\/","og_locale":"fr_FR","og_type":"article","og_title":"Aqara Dual Relay Module T2 - Planitpower","og_description":"Discover the Aqara Dual Relay Module T2 \u2014 a versatile Zigbee 3.0 dual-channel smart relay that turns your existing electrical circuits into intelligent, voice-controlled automations.","og_url":"https:\/\/planitpower.com\/fr\/boutique\/module-de-relais-double-aqara-t2\/","og_site_name":"Planitpower","article_modified_time":"2025-12-25T00:06:07+00:00","og_image":[{"width":1000,"height":1000,"url":"https:\/\/i0.wp.com\/planitpower.com\/wp-content\/uploads\/2025\/11\/Dual-Relay-Module-T2_top_1920x1920.jpg?fit=1000%2C1000&ssl=1","type":"image\/jpeg"}],"twitter_card":"summary_large_image","twitter_misc":{"Dur\u00e9e de lecture estim\u00e9e":"2 minutes"},"schema":{"@context":"https:\/\/schema.org","@graph":[{"@type":"WebPage","@id":"https:\/\/planitpower.com\/shop\/aqara-dual-relay-module-t2\/","url":"https:\/\/planitpower.com\/shop\/aqara-dual-relay-module-t2\/","name":"Module de relais double Aqara T2 - Planitpower","isPartOf":{"@id":"https:\/\/planitpower.com\/#website"},"primaryImageOfPage":{"@id":"https:\/\/planitpower.com\/shop\/aqara-dual-relay-module-t2\/#primaryimage"},"image":{"@id":"https:\/\/planitpower.com\/shop\/aqara-dual-relay-module-t2\/#primaryimage"},"thumbnailUrl":"https:\/\/i0.wp.com\/planitpower.com\/wp-content\/uploads\/2025\/11\/Dual-Relay-Module-T2_top_1920x1920.jpg?fit=1000%2C1000&ssl=1","datePublished":"2025-11-14T08:01:17+00:00","dateModified":"2025-12-25T00:06:07+00:00","description":"D\u00e9couvrez le module relais double Aqara T2 \u2014 un relais intelligent double canal Zigbee 3.0 polyvalent qui transforme vos circuits \u00e9lectriques existants en automatisations intelligentes \u00e0 commande vocale.","breadcrumb":{"@id":"https:\/\/planitpower.com\/shop\/aqara-dual-relay-module-t2\/#breadcrumb"},"inLanguage":"fr-FR","potentialAction":[{"@type":"ReadAction","target":["https:\/\/planitpower.com\/shop\/aqara-dual-relay-module-t2\/"]}]},{"@type":"ImageObject","inLanguage":"fr-FR","@id":"https:\/\/planitpower.com\/shop\/aqara-dual-relay-module-t2\/#primaryimage","url":"https:\/\/i0.wp.com\/planitpower.com\/wp-content\/uploads\/2025\/11\/Dual-Relay-Module-T2_top_1920x1920.jpg?fit=1000%2C1000&ssl=1","contentUrl":"https:\/\/i0.wp.com\/planitpower.com\/wp-content\/uploads\/2025\/11\/Dual-Relay-Module-T2_top_1920x1920.jpg?fit=1000%2C1000&ssl=1","width":1000,"height":1000,"caption":"Aqara Dual Relay Module T2 - planitpower - 2"},{"@type":"BreadcrumbList","@id":"https:\/\/planitpower.com\/shop\/aqara-dual-relay-module-t2\/#breadcrumb","itemListElement":[{"@type":"ListItem","position":1,"name":"Home","item":"https:\/\/planitpower.com\/"},{"@type":"ListItem","position":2,"name":"SHOP","item":"https:\/\/planitpower.com\/shop\/"},{"@type":"ListItem","position":3,"name":"Aqara Dual Relay Module T2"}]},{"@type":"WebSite","@id":"https:\/\/planitpower.com\/#website","url":"https:\/\/planitpower.com\/","name":"Planitpower","description":"Inspirons l'\u00e9nergie!","publisher":{"@id":"https:\/\/planitpower.com\/#\/schema\/person\/b531587eda267b930b04174d12de6efa"},"potentialAction":[{"@type":"SearchAction","target":{"@type":"EntryPoint","urlTemplate":"https:\/\/planitpower.com\/?s={search_term_string}"},"query-input":{"@type":"PropertyValueSpecification","valueRequired":true,"valueName":"search_term_string"}}],"inLanguage":"fr-FR"},{"@type":["Person","Organization"],"@id":"https:\/\/planitpower.com\/#\/schema\/person\/b531587eda267b930b04174d12de6efa","name":"Equipe \u00e9ditoriale","image":{"@type":"ImageObject","inLanguage":"fr-FR","@id":"https:\/\/i0.wp.com\/planitpower.com\/wp-content\/uploads\/2025\/12\/cropped-planitpower_circle_375x375.png?fit=512%2C512&ssl=1","url":"https:\/\/i0.wp.com\/planitpower.com\/wp-content\/uploads\/2025\/12\/cropped-planitpower_circle_375x375.png?fit=512%2C512&ssl=1","contentUrl":"https:\/\/i0.wp.com\/planitpower.com\/wp-content\/uploads\/2025\/12\/cropped-planitpower_circle_375x375.png?fit=512%2C512&ssl=1","width":512,"height":512,"caption":"Editorial Team"},"logo":{"@id":"https:\/\/i0.wp.com\/planitpower.com\/wp-content\/uploads\/2025\/12\/cropped-planitpower_circle_375x375.png?fit=512%2C512&ssl=1"},"sameAs":["https:\/\/Planitpower.com"]}]}},"jetpack_publicize_connections":[],"jetpack_likes_enabled":true,"jetpack_sharing_enabled":true,"jetpack-related-posts":[{"id":5208,"url":"https:\/\/planitpower.com\/fr\/boutique\/zendure-solarflow-2400-ac\/","url_meta":{"origin":4456,"position":0},"title":"Zendure SolarFlow 2400 AC","author":"Editorial Team","date":"28\/11\/2025","format":false,"excerpt":"Main features Syst\u00e8me de gestion intelligent AC-coupl\u00e9Contr\u00f4le automatiquement la charge et la d\u00e9charge des batteries AB3000X selon la production solaire, votre consommation et les horaires tarifaires. Compatible avec les micro-onduleursFonctionne avec les installations photovolta\u00efques AC jusqu\u2019\u00e0 2000 W, sans modifier l\u2019infrastructure existante. Puissance de sortie flexible800 W en mode plug-and-play\u2026","rel":"","context":"Article similaire","block_context":{"text":"Article similaire","link":""},"img":{"alt_text":"Zendure SolarFlow 2400 AC - planitpower","src":"https:\/\/i0.wp.com\/planitpower.com\/wp-content\/uploads\/2025\/11\/zendure-solarflow-2400-ac-seul.jpg?fit=500%2C500&ssl=1&resize=350%2C200","width":350,"height":200},"classes":[]}],"_links":{"self":[{"href":"https:\/\/planitpower.com\/fr\/wp-json\/wp\/v2\/product\/4456","targetHints":{"allow":["GET"]}}],"collection":[{"href":"https:\/\/planitpower.com\/fr\/wp-json\/wp\/v2\/product"}],"about":[{"href":"https:\/\/planitpower.com\/fr\/wp-json\/wp\/v2\/types\/product"}],"replies":[{"embeddable":true,"href":"https:\/\/planitpower.com\/fr\/wp-json\/wp\/v2\/comments?post=4456"}],"version-history":[{"count":0,"href":"https:\/\/planitpower.com\/fr\/wp-json\/wp\/v2\/product\/4456\/revisions"}],"wp:featuredmedia":[{"embeddable":true,"href":"https:\/\/planitpower.com\/fr\/wp-json\/wp\/v2\/media\/4458"}],"wp:attachment":[{"href":"https:\/\/planitpower.com\/fr\/wp-json\/wp\/v2\/media?parent=4456"}],"wp:term":[{"taxonomy":"product_brand","embeddable":true,"href":"https:\/\/planitpower.com\/fr\/wp-json\/wp\/v2\/product_brand?post=4456"},{"taxonomy":"product_cat","embeddable":true,"href":"https:\/\/planitpower.com\/fr\/wp-json\/wp\/v2\/product_cat?post=4456"},{"taxonomy":"product_tag","embeddable":true,"href":"https:\/\/planitpower.com\/fr\/wp-json\/wp\/v2\/product_tag?post=4456"}],"curies":[{"name":"wp","href":"https:\/\/api.w.org\/{rel}","templated":true}]}}