{"id":4461,"date":"2025-11-14T08:08:58","date_gmt":"2025-11-14T08:08:58","guid":{"rendered":"https:\/\/planitpower.com\/?post_type=product&#038;p=4461"},"modified":"2025-12-25T00:05:45","modified_gmt":"2025-12-25T00:05:45","slug":"capteur-de-mouvement-et-de-lumiere-aqara-p2-2","status":"publish","type":"product","link":"https:\/\/planitpower.com\/fr\/boutique\/capteur-de-mouvement-et-de-lumiere-aqara-p2-2\/","title":{"rendered":"Aqara Capteur de mouvement et de lumi\u00e8re P2"},"content":{"rendered":"<h2 class=\"wp-block-heading\">Description<\/h2>\n\n\n\n<p>Le d\u00e9tecteur de mouvement et de lumi\u00e8re P2 d'Aqara est un capteur de maison intelligente de nouvelle g\u00e9n\u00e9ration qui combine la d\u00e9tection de mouvement et la d\u00e9tection de la lumi\u00e8re ambiante dans une unit\u00e9 compacte. Con\u00e7u pour une int\u00e9gration transparente dans les maisons intelligentes modernes, il prend en charge Matter over Thread et Bluetooth 5.0, ce qui permet une large compatibilit\u00e9 et des performances fiables. Avec un large champ de vision de 170\u00b0 et une port\u00e9e de d\u00e9tection allant jusqu'\u00e0 7 m, le capteur peut surveiller l'activit\u00e9 d'une pi\u00e8ce ou d'un espace avec pr\u00e9cision. Le capteur de lumi\u00e8re s\u00e9par\u00e9 permet des automatismes bas\u00e9s non seulement sur les mouvements, mais aussi sur la lumi\u00e8re du jour ou les niveaux d'\u00e9clairage artificiel, ce qui le rend id\u00e9al pour les routines d'\u00e9conomie d'\u00e9nergie, les sc\u00e8nes d'\u00e9clairage ou les d\u00e9clenchements de s\u00e9curit\u00e9.<\/p>\n\n\n\n<p>L'installation est simple gr\u00e2ce au facteur de forme compact, au support r\u00e9glable \u00e0 360\u00b0 et \u00e0 la conception aliment\u00e9e par batterie (2 \u00d7 CR2450). L'appareil fonctionne localement - les automatismes peuvent \u00eatre ex\u00e9cut\u00e9s sans d\u00e9pendance au cloud - ce qui garantit une r\u00e9ponse plus rapide et une meilleure protection de la vie priv\u00e9e. Qu'il soit mont\u00e9 au mur, au plafond ou pos\u00e9 sur une surface, le capteur P2 s'int\u00e8gre dans n'importe quelle installation de maison intelligente pour offrir un contr\u00f4le plus intelligent des mouvements et de la lumi\u00e8re.<\/p>\n\n\n\n<h2 class=\"wp-block-heading\">Sp\u00e9cifications techniques<\/h2>\n\n\n\n<figure class=\"wp-block-table\"><table class=\"has-fixed-layout\"><thead><tr><th>Sp\u00e9cifications<\/th><th>D\u00e9tail<\/th><\/tr><\/thead><tbody><tr><td>Mod\u00e8le<\/td><td>ML-S03E \/ ML-S03D<\/td><\/tr><tr><td>Piles<\/td><td>CR2450 \u00d7 2<\/td><\/tr><tr><td>Protocoles sans fil<\/td><td>Fil, Bluetooth 5.0 <\/td><\/tr><tr><td>Fr\u00e9quence de fonctionnement du Bluetooth<\/td><td>2402-2480 MHz <\/td><\/tr><tr><td>Fr\u00e9quence de fonctionnement du fil<\/td><td>2405-2480 MHz <\/td><\/tr><tr><td>Puissance de sortie maximale du Bluetooth<\/td><td>\u2264 13 dBm<\/td><\/tr><tr><td>Puissance de sortie maximale du fil<\/td><td>\u2264 13 dBm <\/td><\/tr><tr><td>Dimensions<\/td><td>33,1 \u00d7 33,1 \u00d7 41,6 mm (1,3 \u00d7 1,3 \u00d7 1,6 in) <\/td><\/tr><tr><td>Temp\u00e9rature de fonctionnement<\/td><td>-10 \u00b0C ~ 55 \u00b0C (14 \u00b0F ~ 131 \u00b0F) <\/td><\/tr><tr><td>Humidit\u00e9 de fonctionnement<\/td><td>0 - 95% RH, sans condensation<\/td><\/tr><tr><td>Angle de d\u00e9tection<\/td><td>Jusqu'\u00e0 ~170\u00b0 horizontal (valeur de laboratoire) <\/td><\/tr><tr><td>Distance de d\u00e9tection<\/td><td>Jusqu'\u00e0 environ 7 m (23 ft) dans des conditions standard <\/td><\/tr><tr><td>\u00c9cosyst\u00e8mes soutenus<\/td><td>Jusqu'\u00e0 5 \u00e9cosyst\u00e8mes simultan\u00e9ment ; Apple Home compte pour 2<\/td><\/tr><\/tbody><\/table><\/figure>","protected":false},"excerpt":{"rendered":"<h2 data-start=\"1320\" data-end=\"1338\">Principales caract\u00e9ristiques<\/h2>\n<ul data-start=\"1339\" data-end=\"2694\">\n<li data-start=\"1339\" data-end=\"1511\">\n<p data-start=\"1341\" data-end=\"1511\"><strong data-start=\"1341\" data-end=\"1370\">Fonctionnalit\u00e9 \u00e0 double capteur<\/strong>Le d\u00e9tecteur de mouvement : il int\u00e8gre un d\u00e9tecteur de mouvement PIR et un capteur de lumi\u00e8re ambiante d\u00e9di\u00e9, ce qui permet de d\u00e9clencher des actions en fonction des mouvements. <em data-start=\"1488\" data-end=\"1492\">ou<\/em> l'intensit\u00e9 lumineuse.<\/p>\n<\/li>\n<li data-start=\"1512\" data-end=\"1655\">\n<p data-start=\"1514\" data-end=\"1655\"><strong data-start=\"1514\" data-end=\"1546\">Angle et port\u00e9e de d\u00e9tection \u00e9tendus<\/strong>Le d\u00e9tecteur de mouvement : d\u00e9tecte les mouvements sur un large champ horizontal de 170\u00b0 et jusqu'\u00e0 7 m de port\u00e9e dans des conditions normales.<\/p>\n<\/li>\n<li data-start=\"1656\" data-end=\"1844\">\n<p data-start=\"1658\" data-end=\"1844\"><strong data-start=\"1658\" data-end=\"1692\">Support des mati\u00e8res et des fils natifs<\/strong>Matter : con\u00e7u pour fonctionner directement avec les \u00e9cosyst\u00e8mes domestiques intelligents Matter via Thread, il offre une connectivit\u00e9 \u00e0 l'\u00e9preuve du temps et une compatibilit\u00e9 multiplateforme.<\/p>\n<\/li>\n<li data-start=\"1845\" data-end=\"1990\">\n<p data-start=\"1847\" data-end=\"1990\"><strong data-start=\"1847\" data-end=\"1868\">Longue dur\u00e9e de vie de la batterie<\/strong>Le syst\u00e8me est aliment\u00e9 par deux piles au lithium CR2450, avec une dur\u00e9e de vie typique de 2 ans, en fonction de l'utilisation et de l'\u00e9cosyst\u00e8me.<\/p>\n<\/li>\n<li data-start=\"1991\" data-end=\"2151\">\n<p data-start=\"1993\" data-end=\"2151\"><strong data-start=\"1993\" data-end=\"2030\">Flexibilit\u00e9 de l'emplacement et de l'installation<\/strong>L'appareil est livr\u00e9 avec un support r\u00e9glable \u00e0 360\u00b0 pour une installation au mur, au plafond ou sur le bureau ; des adh\u00e9sifs sont inclus pour faciliter le montage.<\/p>\n<\/li>\n<li data-start=\"2152\" data-end=\"2344\">\n<p data-start=\"2154\" data-end=\"2344\"><strong data-start=\"2154\" data-end=\"2194\">Automatisation locale et efficacit\u00e9 \u00e9nerg\u00e9tique<\/strong>Les automates : ils s'ex\u00e9cutent localement (pas de d\u00e9pendance au cloud) pour des r\u00e9ponses plus rapides, une meilleure confidentialit\u00e9 et des performances fiables m\u00eame en cas d'indisponibilit\u00e9 de l'internet.<\/p>\n<\/li>\n<li data-start=\"2345\" data-end=\"2516\">\n<p data-start=\"2347\" data-end=\"2516\"><strong data-start=\"2347\" data-end=\"2377\">Capacit\u00e9 multi-\u00e9cosyst\u00e8mes<\/strong>: permet de relier simultan\u00e9ment jusqu'\u00e0 cinq \u00e9cosyst\u00e8mes domestiques intelligents (Apple Home comptant pour deux) afin de maximiser la souplesse d'int\u00e9gration.<\/p>\n<\/li>\n<li data-start=\"2517\" data-end=\"2694\">\n<p data-start=\"2519\" data-end=\"2694\"><strong data-start=\"2519\" data-end=\"2544\">Personnalisation via l'application<\/strong>L'application compagnon permet d'ajuster la sensibilit\u00e9, la temporisation, l'intervalle de temporisation, les r\u00e9glages du seuil de luminosit\u00e9 et la logique d'int\u00e9gration pour une automatisation sur mesure.<\/p>\n<\/li>\n<\/ul>","protected":false},"featured_media":4462,"comment_status":"open","ping_status":"closed","template":"","meta":{"jetpack_post_was_ever_published":false,"jetpack_publicize_message":"","jetpack_publicize_feature_enabled":true,"jetpack_social_post_already_shared":true,"jetpack_social_options":{"image_generator_settings":{"template":"highway","default_image_id":0,"font":"","enabled":false},"version":2}},"product_brand":[103],"product_cat":[134],"product_tag":[],"class_list":{"0":"post-4461","1":"product","2":"type-product","3":"status-publish","4":"has-post-thumbnail","6":"product_brand-aqara","7":"product_cat-smart-sensors","9":"first","10":"instock","11":"taxable","12":"shipping-taxable","13":"purchasable","14":"product-type-simple"},"yoast_head":"<!-- This site is optimized with the Yoast SEO plugin v27.3 - https:\/\/yoast.com\/product\/yoast-seo-wordpress\/ -->\n<title>Aqara Motion and Light Sensor P2 - Planitpower<\/title>\n<meta name=\"description\" content=\"Discover the Aqara Motion and Light Sensor P2 \u2013 a dual PIR motion and light sensor with Matter &amp; Thread support, wide detection range and up to 2 years battery life for smarter, energy-saving home automation.\" \/>\n<meta name=\"robots\" content=\"index, follow, max-snippet:-1, max-image-preview:large, max-video-preview:-1\" \/>\n<link rel=\"canonical\" href=\"https:\/\/planitpower.com\/fr\/boutique\/capteur-de-mouvement-et-de-lumiere-aqara-p2-2\/\" \/>\n<meta property=\"og:locale\" content=\"fr_FR\" \/>\n<meta property=\"og:type\" content=\"article\" \/>\n<meta property=\"og:title\" content=\"Aqara Motion and Light Sensor P2 - Planitpower\" \/>\n<meta property=\"og:description\" content=\"Discover the Aqara Motion and Light Sensor P2 \u2013 a dual PIR motion and light sensor with Matter &amp; Thread support, wide detection range and up to 2 years battery life for smarter, energy-saving home automation.\" \/>\n<meta property=\"og:url\" content=\"https:\/\/planitpower.com\/fr\/boutique\/capteur-de-mouvement-et-de-lumiere-aqara-p2-2\/\" \/>\n<meta property=\"og:site_name\" content=\"Planitpower\" \/>\n<meta property=\"article:modified_time\" content=\"2025-12-25T00:05:45+00:00\" \/>\n<meta property=\"og:image\" content=\"https:\/\/i0.wp.com\/planitpower.com\/wp-content\/uploads\/2025\/11\/motion_lightP2_1920x1920.jpg?fit=1000%2C1000&ssl=1\" \/>\n\t<meta property=\"og:image:width\" content=\"1000\" \/>\n\t<meta property=\"og:image:height\" content=\"1000\" \/>\n\t<meta property=\"og:image:type\" content=\"image\/jpeg\" \/>\n<meta name=\"twitter:card\" content=\"summary_large_image\" \/>\n<meta name=\"twitter:label1\" content=\"Dur\u00e9e de lecture estim\u00e9e\" \/>\n\t<meta name=\"twitter:data1\" content=\"2 minutes\" \/>\n<script type=\"application\/ld+json\" class=\"yoast-schema-graph\">{\"@context\":\"https:\\\/\\\/schema.org\",\"@graph\":[{\"@type\":\"WebPage\",\"@id\":\"https:\\\/\\\/planitpower.com\\\/shop\\\/aqara-motion-and-light-sensor-p2-2\\\/\",\"url\":\"https:\\\/\\\/planitpower.com\\\/shop\\\/aqara-motion-and-light-sensor-p2-2\\\/\",\"name\":\"Aqara Motion and Light Sensor P2 - Planitpower\",\"isPartOf\":{\"@id\":\"https:\\\/\\\/planitpower.com\\\/#website\"},\"primaryImageOfPage\":{\"@id\":\"https:\\\/\\\/planitpower.com\\\/shop\\\/aqara-motion-and-light-sensor-p2-2\\\/#primaryimage\"},\"image\":{\"@id\":\"https:\\\/\\\/planitpower.com\\\/shop\\\/aqara-motion-and-light-sensor-p2-2\\\/#primaryimage\"},\"thumbnailUrl\":\"https:\\\/\\\/i0.wp.com\\\/planitpower.com\\\/wp-content\\\/uploads\\\/2025\\\/11\\\/motion_lightP2_1920x1920.jpg?fit=1000%2C1000&ssl=1\",\"datePublished\":\"2025-11-14T08:08:58+00:00\",\"dateModified\":\"2025-12-25T00:05:45+00:00\",\"description\":\"Discover the Aqara Motion and Light Sensor P2 \u2013 a dual PIR motion and light sensor with Matter & Thread support, wide detection range and up to 2 years battery life for smarter, energy-saving home automation.\",\"breadcrumb\":{\"@id\":\"https:\\\/\\\/planitpower.com\\\/shop\\\/aqara-motion-and-light-sensor-p2-2\\\/#breadcrumb\"},\"inLanguage\":\"fr-FR\",\"potentialAction\":[{\"@type\":\"ReadAction\",\"target\":[\"https:\\\/\\\/planitpower.com\\\/shop\\\/aqara-motion-and-light-sensor-p2-2\\\/\"]}]},{\"@type\":\"ImageObject\",\"inLanguage\":\"fr-FR\",\"@id\":\"https:\\\/\\\/planitpower.com\\\/shop\\\/aqara-motion-and-light-sensor-p2-2\\\/#primaryimage\",\"url\":\"https:\\\/\\\/i0.wp.com\\\/planitpower.com\\\/wp-content\\\/uploads\\\/2025\\\/11\\\/motion_lightP2_1920x1920.jpg?fit=1000%2C1000&ssl=1\",\"contentUrl\":\"https:\\\/\\\/i0.wp.com\\\/planitpower.com\\\/wp-content\\\/uploads\\\/2025\\\/11\\\/motion_lightP2_1920x1920.jpg?fit=1000%2C1000&ssl=1\",\"width\":1000,\"height\":1000,\"caption\":\"Aqara Motion and Light Sensor P2 - planitpower - 1\"},{\"@type\":\"BreadcrumbList\",\"@id\":\"https:\\\/\\\/planitpower.com\\\/shop\\\/aqara-motion-and-light-sensor-p2-2\\\/#breadcrumb\",\"itemListElement\":[{\"@type\":\"ListItem\",\"position\":1,\"name\":\"Home\",\"item\":\"https:\\\/\\\/planitpower.com\\\/\"},{\"@type\":\"ListItem\",\"position\":2,\"name\":\"SHOP\",\"item\":\"https:\\\/\\\/planitpower.com\\\/shop\\\/\"},{\"@type\":\"ListItem\",\"position\":3,\"name\":\"Aqara Motion and Light Sensor P2\"}]},{\"@type\":\"WebSite\",\"@id\":\"https:\\\/\\\/planitpower.com\\\/#website\",\"url\":\"https:\\\/\\\/planitpower.com\\\/\",\"name\":\"Planitpower\",\"description\":\"Inspire energy\",\"publisher\":{\"@id\":\"https:\\\/\\\/planitpower.com\\\/#\\\/schema\\\/person\\\/b531587eda267b930b04174d12de6efa\"},\"potentialAction\":[{\"@type\":\"SearchAction\",\"target\":{\"@type\":\"EntryPoint\",\"urlTemplate\":\"https:\\\/\\\/planitpower.com\\\/?s={search_term_string}\"},\"query-input\":{\"@type\":\"PropertyValueSpecification\",\"valueRequired\":true,\"valueName\":\"search_term_string\"}}],\"inLanguage\":\"fr-FR\"},{\"@type\":[\"Person\",\"Organization\"],\"@id\":\"https:\\\/\\\/planitpower.com\\\/#\\\/schema\\\/person\\\/b531587eda267b930b04174d12de6efa\",\"name\":\"Editorial Team\",\"image\":{\"@type\":\"ImageObject\",\"inLanguage\":\"fr-FR\",\"@id\":\"https:\\\/\\\/i0.wp.com\\\/planitpower.com\\\/wp-content\\\/uploads\\\/2025\\\/12\\\/cropped-planitpower_circle_375x375.png?fit=512%2C512&ssl=1\",\"url\":\"https:\\\/\\\/i0.wp.com\\\/planitpower.com\\\/wp-content\\\/uploads\\\/2025\\\/12\\\/cropped-planitpower_circle_375x375.png?fit=512%2C512&ssl=1\",\"contentUrl\":\"https:\\\/\\\/i0.wp.com\\\/planitpower.com\\\/wp-content\\\/uploads\\\/2025\\\/12\\\/cropped-planitpower_circle_375x375.png?fit=512%2C512&ssl=1\",\"width\":512,\"height\":512,\"caption\":\"Editorial Team\"},\"logo\":{\"@id\":\"https:\\\/\\\/i0.wp.com\\\/planitpower.com\\\/wp-content\\\/uploads\\\/2025\\\/12\\\/cropped-planitpower_circle_375x375.png?fit=512%2C512&ssl=1\"},\"sameAs\":[\"https:\\\/\\\/Planitpower.com\"]}]}<\/script>\n<!-- \/ Yoast SEO plugin. -->","yoast_head_json":{"title":"Aqara D\u00e9tecteur de mouvement et de lumi\u00e8re P2 - Planitpower","description":"D\u00e9couvrez le d\u00e9tecteur de mouvement et de lumi\u00e8re P2 d'Aqara - un double d\u00e9tecteur de mouvement et de lumi\u00e8re PIR avec prise en charge Matter &amp; Thread, une large plage de d\u00e9tection et jusqu'\u00e0 2 ans d'autonomie pour une domotique plus intelligente et \u00e9conome en \u00e9nergie.","robots":{"index":"index","follow":"follow","max-snippet":"max-snippet:-1","max-image-preview":"max-image-preview:large","max-video-preview":"max-video-preview:-1"},"canonical":"https:\/\/planitpower.com\/fr\/boutique\/capteur-de-mouvement-et-de-lumiere-aqara-p2-2\/","og_locale":"fr_FR","og_type":"article","og_title":"Aqara Motion and Light Sensor P2 - Planitpower","og_description":"Discover the Aqara Motion and Light Sensor P2 \u2013 a dual PIR motion and light sensor with Matter & Thread support, wide detection range and up to 2 years battery life for smarter, energy-saving home automation.","og_url":"https:\/\/planitpower.com\/fr\/boutique\/capteur-de-mouvement-et-de-lumiere-aqara-p2-2\/","og_site_name":"Planitpower","article_modified_time":"2025-12-25T00:05:45+00:00","og_image":[{"width":1000,"height":1000,"url":"https:\/\/i0.wp.com\/planitpower.com\/wp-content\/uploads\/2025\/11\/motion_lightP2_1920x1920.jpg?fit=1000%2C1000&ssl=1","type":"image\/jpeg"}],"twitter_card":"summary_large_image","twitter_misc":{"Dur\u00e9e de lecture estim\u00e9e":"2 minutes"},"schema":{"@context":"https:\/\/schema.org","@graph":[{"@type":"WebPage","@id":"https:\/\/planitpower.com\/shop\/aqara-motion-and-light-sensor-p2-2\/","url":"https:\/\/planitpower.com\/shop\/aqara-motion-and-light-sensor-p2-2\/","name":"Aqara D\u00e9tecteur de mouvement et de lumi\u00e8re P2 - Planitpower","isPartOf":{"@id":"https:\/\/planitpower.com\/#website"},"primaryImageOfPage":{"@id":"https:\/\/planitpower.com\/shop\/aqara-motion-and-light-sensor-p2-2\/#primaryimage"},"image":{"@id":"https:\/\/planitpower.com\/shop\/aqara-motion-and-light-sensor-p2-2\/#primaryimage"},"thumbnailUrl":"https:\/\/i0.wp.com\/planitpower.com\/wp-content\/uploads\/2025\/11\/motion_lightP2_1920x1920.jpg?fit=1000%2C1000&ssl=1","datePublished":"2025-11-14T08:08:58+00:00","dateModified":"2025-12-25T00:05:45+00:00","description":"D\u00e9couvrez le d\u00e9tecteur de mouvement et de lumi\u00e8re P2 d'Aqara - un double d\u00e9tecteur de mouvement et de lumi\u00e8re PIR avec prise en charge Matter &amp; Thread, une large plage de d\u00e9tection et jusqu'\u00e0 2 ans d'autonomie pour une domotique plus intelligente et \u00e9conome en \u00e9nergie.","breadcrumb":{"@id":"https:\/\/planitpower.com\/shop\/aqara-motion-and-light-sensor-p2-2\/#breadcrumb"},"inLanguage":"fr-FR","potentialAction":[{"@type":"ReadAction","target":["https:\/\/planitpower.com\/shop\/aqara-motion-and-light-sensor-p2-2\/"]}]},{"@type":"ImageObject","inLanguage":"fr-FR","@id":"https:\/\/planitpower.com\/shop\/aqara-motion-and-light-sensor-p2-2\/#primaryimage","url":"https:\/\/i0.wp.com\/planitpower.com\/wp-content\/uploads\/2025\/11\/motion_lightP2_1920x1920.jpg?fit=1000%2C1000&ssl=1","contentUrl":"https:\/\/i0.wp.com\/planitpower.com\/wp-content\/uploads\/2025\/11\/motion_lightP2_1920x1920.jpg?fit=1000%2C1000&ssl=1","width":1000,"height":1000,"caption":"Aqara Motion and Light Sensor P2 - planitpower - 1"},{"@type":"BreadcrumbList","@id":"https:\/\/planitpower.com\/shop\/aqara-motion-and-light-sensor-p2-2\/#breadcrumb","itemListElement":[{"@type":"ListItem","position":1,"name":"Home","item":"https:\/\/planitpower.com\/"},{"@type":"ListItem","position":2,"name":"SHOP","item":"https:\/\/planitpower.com\/shop\/"},{"@type":"ListItem","position":3,"name":"Aqara Motion and Light Sensor P2"}]},{"@type":"WebSite","@id":"https:\/\/planitpower.com\/#website","url":"https:\/\/planitpower.com\/","name":"Planitpower","description":"Inspirons l'\u00e9nergie!","publisher":{"@id":"https:\/\/planitpower.com\/#\/schema\/person\/b531587eda267b930b04174d12de6efa"},"potentialAction":[{"@type":"SearchAction","target":{"@type":"EntryPoint","urlTemplate":"https:\/\/planitpower.com\/?s={search_term_string}"},"query-input":{"@type":"PropertyValueSpecification","valueRequired":true,"valueName":"search_term_string"}}],"inLanguage":"fr-FR"},{"@type":["Person","Organization"],"@id":"https:\/\/planitpower.com\/#\/schema\/person\/b531587eda267b930b04174d12de6efa","name":"Equipe \u00e9ditoriale","image":{"@type":"ImageObject","inLanguage":"fr-FR","@id":"https:\/\/i0.wp.com\/planitpower.com\/wp-content\/uploads\/2025\/12\/cropped-planitpower_circle_375x375.png?fit=512%2C512&ssl=1","url":"https:\/\/i0.wp.com\/planitpower.com\/wp-content\/uploads\/2025\/12\/cropped-planitpower_circle_375x375.png?fit=512%2C512&ssl=1","contentUrl":"https:\/\/i0.wp.com\/planitpower.com\/wp-content\/uploads\/2025\/12\/cropped-planitpower_circle_375x375.png?fit=512%2C512&ssl=1","width":512,"height":512,"caption":"Editorial Team"},"logo":{"@id":"https:\/\/i0.wp.com\/planitpower.com\/wp-content\/uploads\/2025\/12\/cropped-planitpower_circle_375x375.png?fit=512%2C512&ssl=1"},"sameAs":["https:\/\/Planitpower.com"]}]}},"jetpack_publicize_connections":[],"jetpack_likes_enabled":true,"jetpack_sharing_enabled":true,"jetpack-related-posts":[],"_links":{"self":[{"href":"https:\/\/planitpower.com\/fr\/wp-json\/wp\/v2\/product\/4461","targetHints":{"allow":["GET"]}}],"collection":[{"href":"https:\/\/planitpower.com\/fr\/wp-json\/wp\/v2\/product"}],"about":[{"href":"https:\/\/planitpower.com\/fr\/wp-json\/wp\/v2\/types\/product"}],"replies":[{"embeddable":true,"href":"https:\/\/planitpower.com\/fr\/wp-json\/wp\/v2\/comments?post=4461"}],"version-history":[{"count":0,"href":"https:\/\/planitpower.com\/fr\/wp-json\/wp\/v2\/product\/4461\/revisions"}],"wp:featuredmedia":[{"embeddable":true,"href":"https:\/\/planitpower.com\/fr\/wp-json\/wp\/v2\/media\/4462"}],"wp:attachment":[{"href":"https:\/\/planitpower.com\/fr\/wp-json\/wp\/v2\/media?parent=4461"}],"wp:term":[{"taxonomy":"product_brand","embeddable":true,"href":"https:\/\/planitpower.com\/fr\/wp-json\/wp\/v2\/product_brand?post=4461"},{"taxonomy":"product_cat","embeddable":true,"href":"https:\/\/planitpower.com\/fr\/wp-json\/wp\/v2\/product_cat?post=4461"},{"taxonomy":"product_tag","embeddable":true,"href":"https:\/\/planitpower.com\/fr\/wp-json\/wp\/v2\/product_tag?post=4461"}],"curies":[{"name":"wp","href":"https:\/\/api.w.org\/{rel}","templated":true}]}}