{"id":4581,"date":"2025-11-15T23:09:54","date_gmt":"2025-11-15T23:09:54","guid":{"rendered":"https:\/\/planitpower.com\/?post_type=product&#038;p=4581"},"modified":"2025-12-26T00:54:39","modified_gmt":"2025-12-26T00:54:39","slug":"batterie-zendure-ab3000x","status":"publish","type":"product","link":"https:\/\/planitpower.com\/fr\/boutique\/batterie-zendure-ab3000x\/","title":{"rendered":"Batterie zendure AB3000X"},"content":{"rendered":"<h2 class=\"wp-block-heading\"><strong>Description<\/strong><\/h2>\n\n\n\n<p>Le Zendure AB3000X est un module de stockage d'\u00e9nergie compact et durable con\u00e7u pour les syst\u00e8mes solaires domestiques modernes. Il utilise des cellules de batterie LiFePO\u2084 de haute qualit\u00e9, offrant un stockage fiable de 2,88 kWh par unit\u00e9 et une longue dur\u00e9e de vie allant jusqu'\u00e0 6 000 cycles. Avec son bo\u00eetier robuste en aluminium IP65, l'AB3000X est adapt\u00e9 \u00e0 une utilisation int\u00e9rieure et ext\u00e9rieure, m\u00eame dans des conditions m\u00e9t\u00e9orologiques difficiles.<\/p>\n\n\n\n<p>Sa conception modulaire permet aux propri\u00e9taires de commencer avec une seule unit\u00e9 et d'\u00e9tendre jusqu'\u00e0 six modules pour un total de 17,28 kWh. Cette flexibilit\u00e9 fait de l'AB3000X l'outil id\u00e9al pour augmenter l'autoconsommation, r\u00e9duire la d\u00e9pendance au r\u00e9seau et optimiser l'utilisation de l'\u00e9nergie dans le cadre de tarifs d'\u00e9lectricit\u00e9 dynamiques. La batterie s'int\u00e8gre parfaitement \u00e0 l'\u00e9cosyst\u00e8me SolarFlow de Zendure, permettant un stockage efficace de l'\u00e9nergie solaire exc\u00e9dentaire et garantissant une disponibilit\u00e9 de secours en cas de besoin.<\/p>\n\n\n\n<p>Compact, puissant et con\u00e7u pour durer, l'AB3000X est un excellent choix pour les m\u00e9nages \u00e0 la recherche d'une solution de stockage d'\u00e9nergie fiable \u00e0 long terme.<\/p>\n\n\n\n<h2 class=\"wp-block-heading\"><strong>Sp\u00e9cifications techniques<\/strong><\/h2>\n\n\n\n<figure class=\"wp-block-table\"><table class=\"has-fixed-layout\"><thead><tr><th><strong>Sp\u00e9cifications<\/strong><\/th><th><strong>Valeur<\/strong><\/th><\/tr><\/thead><tbody><tr><td>Mod\u00e8le<\/td><td>AB3000X<\/td><\/tr><tr><td>Tension nominale<\/td><td>48 V DC<\/td><\/tr><tr><td>Chimie des batteries<\/td><td>LiFePO\u2084<\/td><\/tr><tr><td>Capacit\u00e9<\/td><td>60 Ah \/ 2 880 Wh<\/td><\/tr><tr><td>Dur\u00e9e du cycle<\/td><td>Jusqu'\u00e0 6 000 cycles<\/td><\/tr><tr><td>Puissance d'entr\u00e9e\/sortie maximale (unit\u00e9 unique)<\/td><td>2,880 W<\/td><\/tr><tr><td>Puissance maximale d'entr\u00e9e\/sortie (multi-unit\u00e9s)<\/td><td>3,840 W<\/td><\/tr><tr><td>Extensibilit\u00e9<\/td><td>Jusqu'\u00e0 6 unit\u00e9s<\/td><\/tr><tr><td>Capacit\u00e9 totale maximale<\/td><td>17 280 Wh<\/td><\/tr><tr><td>Temp\u00e9rature de fonctionnement (charge)<\/td><td>0 \u00b0C \u00e0 +55 \u00b0C<\/td><\/tr><tr><td>Temp\u00e9rature de fonctionnement (d\u00e9charge)<\/td><td>De -20 \u00b0C \u00e0 +60 \u00b0C<\/td><\/tr><tr><td>Auto-\u00e9chauffement<\/td><td>Oui<\/td><\/tr><tr><td>Temp\u00e9rature de stockage<\/td><td>-30 \u00b0C \u00e0 45 \u00b0C (court terme), -20 \u00b0C \u00e0 35 \u00b0C (long terme)<\/td><\/tr><tr><td>Indice de protection<\/td><td>IP65<\/td><\/tr><tr><td>Dimensions<\/td><td>477,5 \u00d7 320 \u00d7 194 mm<\/td><\/tr><tr><td>Poids<\/td><td>Environ 26,1 kg<\/td><\/tr><\/tbody><\/table><\/figure>","protected":false},"excerpt":{"rendered":"<h2 data-start=\"1325\" data-end=\"1347\"><strong data-start=\"1328\" data-end=\"1345\">Principales caract\u00e9ristiques<\/strong><\/h2>\n<ul data-start=\"1348\" data-end=\"1963\">\n<li data-start=\"1348\" data-end=\"1429\">\n<p data-start=\"1350\" data-end=\"1429\">Conception modulaire avec 2,88 kWh par unit\u00e9 et capacit\u00e9 extensible jusqu'\u00e0 17,28 kWh<\/p>\n<\/li>\n<li data-start=\"1430\" data-end=\"1491\">\n<p data-start=\"1432\" data-end=\"1491\">Batterie LiFePO\u2084 durable avec jusqu'\u00e0 6 000 cycles.<\/p>\n<\/li>\n<li data-start=\"1492\" data-end=\"1542\">\n<p data-start=\"1494\" data-end=\"1542\">Tension nominale de 48 V pour une performance efficace<\/p>\n<\/li>\n<li data-start=\"1543\" data-end=\"1641\">\n<p data-start=\"1545\" data-end=\"1641\">Puissance de charge\/d\u00e9charge \u00e9lev\u00e9e : jusqu'\u00e0 2 880 W pour une unit\u00e9 et jusqu'\u00e0 3 840 W pour plusieurs unit\u00e9s.<\/p>\n<\/li>\n<li data-start=\"1642\" data-end=\"1725\">\n<p data-start=\"1644\" data-end=\"1725\">Fonction d'auto-chauffage int\u00e9gr\u00e9e pour un fonctionnement \u00e0 des temp\u00e9ratures aussi basses que -20 \u00b0C<\/p>\n<\/li>\n<li data-start=\"1726\" data-end=\"1797\">\n<p data-start=\"1728\" data-end=\"1797\">Protection IP65 r\u00e9sistante aux intemp\u00e9ries et adapt\u00e9e \u00e0 une installation en ext\u00e9rieur<\/p>\n<\/li>\n<li data-start=\"1798\" data-end=\"1901\">\n<p data-start=\"1800\" data-end=\"1901\">Fonctions de s\u00e9curit\u00e9 avanc\u00e9es, notamment protection contre les surtensions, les surintensit\u00e9s, les courts-circuits et la chaleur<\/p>\n<\/li>\n<li data-start=\"1902\" data-end=\"1963\">\n<p data-start=\"1904\" data-end=\"1963\">Taille compacte et conception l\u00e9g\u00e8re pour une installation facile<\/p>\n<\/li>\n<\/ul>","protected":false},"featured_media":4582,"comment_status":"open","ping_status":"closed","template":"","meta":{"jetpack_post_was_ever_published":false,"jetpack_publicize_message":"","jetpack_publicize_feature_enabled":true,"jetpack_social_post_already_shared":true,"jetpack_social_options":{"image_generator_settings":{"template":"highway","default_image_id":0,"font":"","enabled":false},"version":2}},"product_brand":[145],"product_cat":[146],"product_tag":[],"class_list":{"0":"post-4581","1":"product","2":"type-product","3":"status-publish","4":"has-post-thumbnail","6":"product_brand-zendure","7":"product_cat-batteries","8":"product_shipping_class-free-delivery","10":"first","11":"instock","12":"taxable","13":"shipping-taxable","14":"product-type-simple"},"yoast_head":"<!-- This site is optimized with the Yoast SEO plugin v27.3 - https:\/\/yoast.com\/product\/yoast-seo-wordpress\/ -->\n<title>Battery zendure AB3000X - Planitpower<\/title>\n<meta name=\"description\" content=\"Discover the Zendure AB3000X Battery \u2014 a 2.88 kWh expandable LiFePO\u2084 home energy storage system with long lifespan, IP65 protection, and modular capacity up to 17.28 kWh.\" \/>\n<meta name=\"robots\" content=\"index, follow, max-snippet:-1, max-image-preview:large, max-video-preview:-1\" \/>\n<link rel=\"canonical\" href=\"https:\/\/planitpower.com\/fr\/boutique\/batterie-zendure-ab3000x\/\" \/>\n<meta property=\"og:locale\" content=\"fr_FR\" \/>\n<meta property=\"og:type\" content=\"article\" \/>\n<meta property=\"og:title\" content=\"Battery zendure AB3000X - Planitpower\" \/>\n<meta property=\"og:description\" content=\"Discover the Zendure AB3000X Battery \u2014 a 2.88 kWh expandable LiFePO\u2084 home energy storage system with long lifespan, IP65 protection, and modular capacity up to 17.28 kWh.\" \/>\n<meta property=\"og:url\" content=\"https:\/\/planitpower.com\/fr\/boutique\/batterie-zendure-ab3000x\/\" \/>\n<meta property=\"og:site_name\" content=\"Planitpower\" \/>\n<meta property=\"article:modified_time\" content=\"2025-12-26T00:54:39+00:00\" \/>\n<meta property=\"og:image\" content=\"https:\/\/i0.wp.com\/planitpower.com\/wp-content\/uploads\/2025\/11\/AB3000X1000X1000_6d1b6d9b-2f5f-441c-84e5-93f41b9d692e.webp?fit=1000%2C1000&ssl=1\" \/>\n\t<meta property=\"og:image:width\" content=\"1000\" \/>\n\t<meta property=\"og:image:height\" content=\"1000\" \/>\n\t<meta property=\"og:image:type\" content=\"image\/webp\" \/>\n<meta name=\"twitter:card\" content=\"summary_large_image\" \/>\n<meta name=\"twitter:label1\" content=\"Dur\u00e9e de lecture estim\u00e9e\" \/>\n\t<meta name=\"twitter:data1\" content=\"2 minutes\" \/>\n<script type=\"application\/ld+json\" class=\"yoast-schema-graph\">{\"@context\":\"https:\\\/\\\/schema.org\",\"@graph\":[{\"@type\":\"WebPage\",\"@id\":\"https:\\\/\\\/planitpower.com\\\/shop\\\/battery-zendure-ab3000x\\\/\",\"url\":\"https:\\\/\\\/planitpower.com\\\/shop\\\/battery-zendure-ab3000x\\\/\",\"name\":\"Battery zendure AB3000X - Planitpower\",\"isPartOf\":{\"@id\":\"https:\\\/\\\/planitpower.com\\\/#website\"},\"primaryImageOfPage\":{\"@id\":\"https:\\\/\\\/planitpower.com\\\/shop\\\/battery-zendure-ab3000x\\\/#primaryimage\"},\"image\":{\"@id\":\"https:\\\/\\\/planitpower.com\\\/shop\\\/battery-zendure-ab3000x\\\/#primaryimage\"},\"thumbnailUrl\":\"https:\\\/\\\/i0.wp.com\\\/planitpower.com\\\/wp-content\\\/uploads\\\/2025\\\/11\\\/AB3000X1000X1000_6d1b6d9b-2f5f-441c-84e5-93f41b9d692e.webp?fit=1000%2C1000&ssl=1\",\"datePublished\":\"2025-11-15T23:09:54+00:00\",\"dateModified\":\"2025-12-26T00:54:39+00:00\",\"description\":\"Discover the Zendure AB3000X Battery \u2014 a 2.88 kWh expandable LiFePO\u2084 home energy storage system with long lifespan, IP65 protection, and modular capacity up to 17.28 kWh.\",\"breadcrumb\":{\"@id\":\"https:\\\/\\\/planitpower.com\\\/shop\\\/battery-zendure-ab3000x\\\/#breadcrumb\"},\"inLanguage\":\"fr-FR\",\"potentialAction\":[{\"@type\":\"ReadAction\",\"target\":[\"https:\\\/\\\/planitpower.com\\\/shop\\\/battery-zendure-ab3000x\\\/\"]}]},{\"@type\":\"ImageObject\",\"inLanguage\":\"fr-FR\",\"@id\":\"https:\\\/\\\/planitpower.com\\\/shop\\\/battery-zendure-ab3000x\\\/#primaryimage\",\"url\":\"https:\\\/\\\/i0.wp.com\\\/planitpower.com\\\/wp-content\\\/uploads\\\/2025\\\/11\\\/AB3000X1000X1000_6d1b6d9b-2f5f-441c-84e5-93f41b9d692e.webp?fit=1000%2C1000&ssl=1\",\"contentUrl\":\"https:\\\/\\\/i0.wp.com\\\/planitpower.com\\\/wp-content\\\/uploads\\\/2025\\\/11\\\/AB3000X1000X1000_6d1b6d9b-2f5f-441c-84e5-93f41b9d692e.webp?fit=1000%2C1000&ssl=1\",\"width\":1000,\"height\":1000,\"caption\":\"Battery zendure AB3000X - planitpower\"},{\"@type\":\"BreadcrumbList\",\"@id\":\"https:\\\/\\\/planitpower.com\\\/shop\\\/battery-zendure-ab3000x\\\/#breadcrumb\",\"itemListElement\":[{\"@type\":\"ListItem\",\"position\":1,\"name\":\"Home\",\"item\":\"https:\\\/\\\/planitpower.com\\\/\"},{\"@type\":\"ListItem\",\"position\":2,\"name\":\"SHOP\",\"item\":\"https:\\\/\\\/planitpower.com\\\/shop\\\/\"},{\"@type\":\"ListItem\",\"position\":3,\"name\":\"Battery zendure AB3000X\"}]},{\"@type\":\"WebSite\",\"@id\":\"https:\\\/\\\/planitpower.com\\\/#website\",\"url\":\"https:\\\/\\\/planitpower.com\\\/\",\"name\":\"Planitpower\",\"description\":\"Inspire energy\",\"publisher\":{\"@id\":\"https:\\\/\\\/planitpower.com\\\/#\\\/schema\\\/person\\\/b531587eda267b930b04174d12de6efa\"},\"potentialAction\":[{\"@type\":\"SearchAction\",\"target\":{\"@type\":\"EntryPoint\",\"urlTemplate\":\"https:\\\/\\\/planitpower.com\\\/?s={search_term_string}\"},\"query-input\":{\"@type\":\"PropertyValueSpecification\",\"valueRequired\":true,\"valueName\":\"search_term_string\"}}],\"inLanguage\":\"fr-FR\"},{\"@type\":[\"Person\",\"Organization\"],\"@id\":\"https:\\\/\\\/planitpower.com\\\/#\\\/schema\\\/person\\\/b531587eda267b930b04174d12de6efa\",\"name\":\"Editorial Team\",\"image\":{\"@type\":\"ImageObject\",\"inLanguage\":\"fr-FR\",\"@id\":\"https:\\\/\\\/i0.wp.com\\\/planitpower.com\\\/wp-content\\\/uploads\\\/2025\\\/12\\\/cropped-planitpower_circle_375x375.png?fit=512%2C512&ssl=1\",\"url\":\"https:\\\/\\\/i0.wp.com\\\/planitpower.com\\\/wp-content\\\/uploads\\\/2025\\\/12\\\/cropped-planitpower_circle_375x375.png?fit=512%2C512&ssl=1\",\"contentUrl\":\"https:\\\/\\\/i0.wp.com\\\/planitpower.com\\\/wp-content\\\/uploads\\\/2025\\\/12\\\/cropped-planitpower_circle_375x375.png?fit=512%2C512&ssl=1\",\"width\":512,\"height\":512,\"caption\":\"Editorial Team\"},\"logo\":{\"@id\":\"https:\\\/\\\/i0.wp.com\\\/planitpower.com\\\/wp-content\\\/uploads\\\/2025\\\/12\\\/cropped-planitpower_circle_375x375.png?fit=512%2C512&ssl=1\"},\"sameAs\":[\"https:\\\/\\\/Planitpower.com\"]}]}<\/script>\n<!-- \/ Yoast SEO plugin. -->","yoast_head_json":{"title":"Batterie zendure AB3000X - Planitpower","description":"D\u00e9couvrez la batterie Zendure AB3000X - un syst\u00e8me de stockage d'\u00e9nergie domestique LiFePO\u2084 extensible de 2,88 kWh avec une longue dur\u00e9e de vie, une protection IP65 et une capacit\u00e9 modulaire allant jusqu'\u00e0 17,28 kWh.","robots":{"index":"index","follow":"follow","max-snippet":"max-snippet:-1","max-image-preview":"max-image-preview:large","max-video-preview":"max-video-preview:-1"},"canonical":"https:\/\/planitpower.com\/fr\/boutique\/batterie-zendure-ab3000x\/","og_locale":"fr_FR","og_type":"article","og_title":"Battery zendure AB3000X - Planitpower","og_description":"Discover the Zendure AB3000X Battery \u2014 a 2.88 kWh expandable LiFePO\u2084 home energy storage system with long lifespan, IP65 protection, and modular capacity up to 17.28 kWh.","og_url":"https:\/\/planitpower.com\/fr\/boutique\/batterie-zendure-ab3000x\/","og_site_name":"Planitpower","article_modified_time":"2025-12-26T00:54:39+00:00","og_image":[{"width":1000,"height":1000,"url":"https:\/\/i0.wp.com\/planitpower.com\/wp-content\/uploads\/2025\/11\/AB3000X1000X1000_6d1b6d9b-2f5f-441c-84e5-93f41b9d692e.webp?fit=1000%2C1000&ssl=1","type":"image\/webp"}],"twitter_card":"summary_large_image","twitter_misc":{"Dur\u00e9e de lecture estim\u00e9e":"2 minutes"},"schema":{"@context":"https:\/\/schema.org","@graph":[{"@type":"WebPage","@id":"https:\/\/planitpower.com\/shop\/battery-zendure-ab3000x\/","url":"https:\/\/planitpower.com\/shop\/battery-zendure-ab3000x\/","name":"Batterie zendure AB3000X - Planitpower","isPartOf":{"@id":"https:\/\/planitpower.com\/#website"},"primaryImageOfPage":{"@id":"https:\/\/planitpower.com\/shop\/battery-zendure-ab3000x\/#primaryimage"},"image":{"@id":"https:\/\/planitpower.com\/shop\/battery-zendure-ab3000x\/#primaryimage"},"thumbnailUrl":"https:\/\/i0.wp.com\/planitpower.com\/wp-content\/uploads\/2025\/11\/AB3000X1000X1000_6d1b6d9b-2f5f-441c-84e5-93f41b9d692e.webp?fit=1000%2C1000&ssl=1","datePublished":"2025-11-15T23:09:54+00:00","dateModified":"2025-12-26T00:54:39+00:00","description":"D\u00e9couvrez la batterie Zendure AB3000X - un syst\u00e8me de stockage d'\u00e9nergie domestique LiFePO\u2084 extensible de 2,88 kWh avec une longue dur\u00e9e de vie, une protection IP65 et une capacit\u00e9 modulaire allant jusqu'\u00e0 17,28 kWh.","breadcrumb":{"@id":"https:\/\/planitpower.com\/shop\/battery-zendure-ab3000x\/#breadcrumb"},"inLanguage":"fr-FR","potentialAction":[{"@type":"ReadAction","target":["https:\/\/planitpower.com\/shop\/battery-zendure-ab3000x\/"]}]},{"@type":"ImageObject","inLanguage":"fr-FR","@id":"https:\/\/planitpower.com\/shop\/battery-zendure-ab3000x\/#primaryimage","url":"https:\/\/i0.wp.com\/planitpower.com\/wp-content\/uploads\/2025\/11\/AB3000X1000X1000_6d1b6d9b-2f5f-441c-84e5-93f41b9d692e.webp?fit=1000%2C1000&ssl=1","contentUrl":"https:\/\/i0.wp.com\/planitpower.com\/wp-content\/uploads\/2025\/11\/AB3000X1000X1000_6d1b6d9b-2f5f-441c-84e5-93f41b9d692e.webp?fit=1000%2C1000&ssl=1","width":1000,"height":1000,"caption":"Battery zendure AB3000X - planitpower"},{"@type":"BreadcrumbList","@id":"https:\/\/planitpower.com\/shop\/battery-zendure-ab3000x\/#breadcrumb","itemListElement":[{"@type":"ListItem","position":1,"name":"Home","item":"https:\/\/planitpower.com\/"},{"@type":"ListItem","position":2,"name":"SHOP","item":"https:\/\/planitpower.com\/shop\/"},{"@type":"ListItem","position":3,"name":"Battery zendure AB3000X"}]},{"@type":"WebSite","@id":"https:\/\/planitpower.com\/#website","url":"https:\/\/planitpower.com\/","name":"Planitpower","description":"Inspirons l'\u00e9nergie!","publisher":{"@id":"https:\/\/planitpower.com\/#\/schema\/person\/b531587eda267b930b04174d12de6efa"},"potentialAction":[{"@type":"SearchAction","target":{"@type":"EntryPoint","urlTemplate":"https:\/\/planitpower.com\/?s={search_term_string}"},"query-input":{"@type":"PropertyValueSpecification","valueRequired":true,"valueName":"search_term_string"}}],"inLanguage":"fr-FR"},{"@type":["Person","Organization"],"@id":"https:\/\/planitpower.com\/#\/schema\/person\/b531587eda267b930b04174d12de6efa","name":"Equipe \u00e9ditoriale","image":{"@type":"ImageObject","inLanguage":"fr-FR","@id":"https:\/\/i0.wp.com\/planitpower.com\/wp-content\/uploads\/2025\/12\/cropped-planitpower_circle_375x375.png?fit=512%2C512&ssl=1","url":"https:\/\/i0.wp.com\/planitpower.com\/wp-content\/uploads\/2025\/12\/cropped-planitpower_circle_375x375.png?fit=512%2C512&ssl=1","contentUrl":"https:\/\/i0.wp.com\/planitpower.com\/wp-content\/uploads\/2025\/12\/cropped-planitpower_circle_375x375.png?fit=512%2C512&ssl=1","width":512,"height":512,"caption":"Editorial Team"},"logo":{"@id":"https:\/\/i0.wp.com\/planitpower.com\/wp-content\/uploads\/2025\/12\/cropped-planitpower_circle_375x375.png?fit=512%2C512&ssl=1"},"sameAs":["https:\/\/Planitpower.com"]}]}},"jetpack_publicize_connections":[],"jetpack_likes_enabled":true,"jetpack_sharing_enabled":true,"jetpack-related-posts":[{"id":4608,"url":"https:\/\/planitpower.com\/fr\/boutique\/batterie-zendure-solarflow-ab2000x\/","url_meta":{"origin":4581,"position":0},"title":"Batterie Zendure SolarFlow AB2000X","author":"Editorial Team","date":"16\/11\/2025","format":false,"excerpt":"Main Features Expandable storage: Stack up to four AB2000X modules for a maximum of 7.68 kWh. High-safety LiFePO\u2084 cells: Long cycle life and increased thermal stability. Plug-and-play design: Quick installation ideal for balcony or small solar systems. Advanced Battery Management System: Real-time monitoring of temperature, voltage, current, and complete safety\u2026","rel":"","context":"Article similaire","block_context":{"text":"Article similaire","link":""},"img":{"alt_text":"Zendure SolarFlow battery AB2000X - planitpower - 1","src":"https:\/\/i0.wp.com\/planitpower.com\/wp-content\/uploads\/2025\/11\/AB2000X_1000X1000_c4241a78-13aa-4372-89ca-416798afc42a.webp?fit=1000%2C1000&ssl=1&resize=350%2C200","width":350,"height":200,"srcset":"https:\/\/i0.wp.com\/planitpower.com\/wp-content\/uploads\/2025\/11\/AB2000X_1000X1000_c4241a78-13aa-4372-89ca-416798afc42a.webp?fit=1000%2C1000&ssl=1&resize=350%2C200 1x, https:\/\/i0.wp.com\/planitpower.com\/wp-content\/uploads\/2025\/11\/AB2000X_1000X1000_c4241a78-13aa-4372-89ca-416798afc42a.webp?fit=1000%2C1000&ssl=1&resize=525%2C300 1.5x, https:\/\/i0.wp.com\/planitpower.com\/wp-content\/uploads\/2025\/11\/AB2000X_1000X1000_c4241a78-13aa-4372-89ca-416798afc42a.webp?fit=1000%2C1000&ssl=1&resize=700%2C400 2x"},"classes":[]},{"id":5244,"url":"https:\/\/planitpower.com\/fr\/boutique\/zendure-solarflow-800-pro\/","url_meta":{"origin":4581,"position":1},"title":"Zendure SolarFlow 800 PRO","author":"Editorial Team","date":"28\/11\/2025","format":false,"excerpt":"Main features All-in-one design: microinverter, controller and battery integrated in a single compact unit. Plug-and-play installation: easy to install without tools or professional assistance. Four independent MPPT inputs: supports up to 2,640 W of solar input and optimizes production even with different panel orientations. Low start-voltage (14 V): ensures energy\u2026","rel":"","context":"Article similaire","block_context":{"text":"Article similaire","link":""},"img":{"alt_text":"Zendure SolarFlow 800 pro - planitpower","src":"https:\/\/i0.wp.com\/planitpower.com\/wp-content\/uploads\/2025\/11\/sf800-pro-png.jpg?fit=1000%2C1000&ssl=1&resize=350%2C200","width":350,"height":200,"srcset":"https:\/\/i0.wp.com\/planitpower.com\/wp-content\/uploads\/2025\/11\/sf800-pro-png.jpg?fit=1000%2C1000&ssl=1&resize=350%2C200 1x, https:\/\/i0.wp.com\/planitpower.com\/wp-content\/uploads\/2025\/11\/sf800-pro-png.jpg?fit=1000%2C1000&ssl=1&resize=525%2C300 1.5x, https:\/\/i0.wp.com\/planitpower.com\/wp-content\/uploads\/2025\/11\/sf800-pro-png.jpg?fit=1000%2C1000&ssl=1&resize=700%2C400 2x"},"classes":[]},{"id":5261,"url":"https:\/\/planitpower.com\/fr\/boutique\/kit-zendure-solarflow-hub2000-ab2000x-1920wh\/","url_meta":{"origin":4581,"position":2},"title":"Kits solaires intelligents Zendure : SolarFlow HUB 2000","author":"Editorial Team","date":"29\/11\/2025","format":false,"excerpt":"Ce kit associe le micro-onduleur hybride Zendure SolarFlow HUB 2000 \u00e0 un module de batterie AB2000X (1920 Wh) pour cr\u00e9er une solution de stockage d&#039;\u00e9nergie solaire compacte, efficace et facile \u00e0 utiliser pour les particuliers. Con\u00e7u pour optimiser l&#039;autoconsommation, le HUB 2000 convertit l&#039;\u00e9nergie solaire en courant alternatif utilisable tout en rechargeant simultan\u00e9ment\u2026","rel":"","context":"Article similaire","block_context":{"text":"Article similaire","link":""},"img":{"alt_text":"Zendure Hub SolarFlow 2000 - planitpower - 3","src":"https:\/\/i0.wp.com\/planitpower.com\/wp-content\/uploads\/2025\/11\/solarflow-hub-2000-with-EZ1-M-microinverter-various-variants-1.webp?fit=1200%2C1200&ssl=1&resize=350%2C200","width":350,"height":200,"srcset":"https:\/\/i0.wp.com\/planitpower.com\/wp-content\/uploads\/2025\/11\/solarflow-hub-2000-with-EZ1-M-microinverter-various-variants-1.webp?fit=1200%2C1200&ssl=1&resize=350%2C200 1x, https:\/\/i0.wp.com\/planitpower.com\/wp-content\/uploads\/2025\/11\/solarflow-hub-2000-with-EZ1-M-microinverter-various-variants-1.webp?fit=1200%2C1200&ssl=1&resize=525%2C300 1.5x, https:\/\/i0.wp.com\/planitpower.com\/wp-content\/uploads\/2025\/11\/solarflow-hub-2000-with-EZ1-M-microinverter-various-variants-1.webp?fit=1200%2C1200&ssl=1&resize=700%2C400 2x, https:\/\/i0.wp.com\/planitpower.com\/wp-content\/uploads\/2025\/11\/solarflow-hub-2000-with-EZ1-M-microinverter-various-variants-1.webp?fit=1200%2C1200&ssl=1&resize=1050%2C600 3x"},"classes":[]},{"id":4595,"url":"https:\/\/planitpower.com\/fr\/boutique\/zendure-hub-solarflow-2000\/","url_meta":{"origin":4581,"position":3},"title":"Zendure Hub SolarFlow 2000","author":"Editorial Team","date":"16\/11\/2025","format":false,"excerpt":"Main features The Zendure SolarFlow Hub 2000 includes dual MPPT tracking, allowing optimal energy capture from two independent solar arrays. It supports a wide solar input voltage range and high panel capacity, making it highly adaptable to various installation types. Its outdoor-rated IP65 enclosure ensures long-term durability, while its compact\u2026","rel":"","context":"Article similaire","block_context":{"text":"Article similaire","link":""},"img":{"alt_text":"Zendure Hub SolarFlow 2000 - planitpower - 1","src":"https:\/\/i0.wp.com\/planitpower.com\/wp-content\/uploads\/2025\/11\/hub-2000-with-tuv-certification-and-shelly-enable.webp?fit=1200%2C1200&ssl=1&resize=350%2C200","width":350,"height":200,"srcset":"https:\/\/i0.wp.com\/planitpower.com\/wp-content\/uploads\/2025\/11\/hub-2000-with-tuv-certification-and-shelly-enable.webp?fit=1200%2C1200&ssl=1&resize=350%2C200 1x, https:\/\/i0.wp.com\/planitpower.com\/wp-content\/uploads\/2025\/11\/hub-2000-with-tuv-certification-and-shelly-enable.webp?fit=1200%2C1200&ssl=1&resize=525%2C300 1.5x, https:\/\/i0.wp.com\/planitpower.com\/wp-content\/uploads\/2025\/11\/hub-2000-with-tuv-certification-and-shelly-enable.webp?fit=1200%2C1200&ssl=1&resize=700%2C400 2x, https:\/\/i0.wp.com\/planitpower.com\/wp-content\/uploads\/2025\/11\/hub-2000-with-tuv-certification-and-shelly-enable.webp?fit=1200%2C1200&ssl=1&resize=1050%2C600 3x"},"classes":[]},{"id":5209,"url":"https:\/\/planitpower.com\/fr\/boutique\/zendure-smart-solar-kits-solar-flow-hyper-2000\/","url_meta":{"origin":4581,"position":4},"title":"Kits solaires intelligents Zendure : Flux solaire hyper 2000","author":"Editorial Team","date":"28\/11\/2025","format":false,"excerpt":"Description du produit\u00a0: Ce kit solaire complet combine l\u2019onduleur hybride Zendure Hyper 2000, plusieurs batteries AB2000X de 1\u00a0920\u00a0Wh et quatre panneaux solaires flexibles de 230\u00a0W pour cr\u00e9er un syst\u00e8me \u00e9nerg\u00e9tique domestique puissant et polyvalent. Il est con\u00e7u pour les foyers souhaitant r\u00e9duire leurs factures d\u2019\u00e9lectricit\u00e9, augmenter leur autoconsommation et b\u00e9n\u00e9ficier d\u2019une alimentation de secours fiable.","rel":"","context":"Article similaire","block_context":{"text":"Article similaire","link":""},"img":{"alt_text":"","src":"","width":0,"height":0},"classes":[]},{"id":4585,"url":"https:\/\/planitpower.com\/fr\/boutique\/onduleur-hybride-zendure-solarflow-hyper-2000\/","url_meta":{"origin":4581,"position":5},"title":"Zendure SolarFlow Hyper 2000","author":"Editorial Team","date":"16\/11\/2025","format":false,"excerpt":"Caract\u00e9ristiques principales \u2022 Conversion d&#039;\u00e9nergie hybride : Combine l&#039;\u00e9nergie solaire photovolta\u00efque, l&#039;alimentation du r\u00e9seau et le stockage par batterie pour offrir une solution enti\u00e8rement int\u00e9gr\u00e9e r\u00e9pondant aux besoins \u00e9nerg\u00e9tiques quotidiens d&#039;un foyer. \u2022 Haute efficacit\u00e9 et puissance stable : Fournit jusqu&#039;\u00e0 2\u00a0000\u00a0W CA, assurant une alimentation stable pour les appareils essentiels tout en optimisant l&#039;utilisation de l&#039;\u00e9nergie solaire.","rel":"","context":"Article similaire","block_context":{"text":"Article similaire","link":""},"img":{"alt_text":"Zendure SolarFlow Hyper 2000 - planitpower","src":"https:\/\/i0.wp.com\/planitpower.com\/wp-content\/uploads\/2025\/11\/hyper-2000-product-front_946d04cd-9c06-4bd0-9287-cd08daa1ff5c.webp?fit=1000%2C1000&ssl=1&resize=350%2C200","width":350,"height":200,"srcset":"https:\/\/i0.wp.com\/planitpower.com\/wp-content\/uploads\/2025\/11\/hyper-2000-product-front_946d04cd-9c06-4bd0-9287-cd08daa1ff5c.webp?fit=1000%2C1000&ssl=1&resize=350%2C200 1x, https:\/\/i0.wp.com\/planitpower.com\/wp-content\/uploads\/2025\/11\/hyper-2000-product-front_946d04cd-9c06-4bd0-9287-cd08daa1ff5c.webp?fit=1000%2C1000&ssl=1&resize=525%2C300 1.5x, https:\/\/i0.wp.com\/planitpower.com\/wp-content\/uploads\/2025\/11\/hyper-2000-product-front_946d04cd-9c06-4bd0-9287-cd08daa1ff5c.webp?fit=1000%2C1000&ssl=1&resize=700%2C400 2x"},"classes":[]}],"_links":{"self":[{"href":"https:\/\/planitpower.com\/fr\/wp-json\/wp\/v2\/product\/4581","targetHints":{"allow":["GET"]}}],"collection":[{"href":"https:\/\/planitpower.com\/fr\/wp-json\/wp\/v2\/product"}],"about":[{"href":"https:\/\/planitpower.com\/fr\/wp-json\/wp\/v2\/types\/product"}],"replies":[{"embeddable":true,"href":"https:\/\/planitpower.com\/fr\/wp-json\/wp\/v2\/comments?post=4581"}],"version-history":[{"count":0,"href":"https:\/\/planitpower.com\/fr\/wp-json\/wp\/v2\/product\/4581\/revisions"}],"wp:featuredmedia":[{"embeddable":true,"href":"https:\/\/planitpower.com\/fr\/wp-json\/wp\/v2\/media\/4582"}],"wp:attachment":[{"href":"https:\/\/planitpower.com\/fr\/wp-json\/wp\/v2\/media?parent=4581"}],"wp:term":[{"taxonomy":"product_brand","embeddable":true,"href":"https:\/\/planitpower.com\/fr\/wp-json\/wp\/v2\/product_brand?post=4581"},{"taxonomy":"product_cat","embeddable":true,"href":"https:\/\/planitpower.com\/fr\/wp-json\/wp\/v2\/product_cat?post=4581"},{"taxonomy":"product_tag","embeddable":true,"href":"https:\/\/planitpower.com\/fr\/wp-json\/wp\/v2\/product_tag?post=4581"}],"curies":[{"name":"wp","href":"https:\/\/api.w.org\/{rel}","templated":true}]}}