{"id":4595,"date":"2025-11-16T01:20:41","date_gmt":"2025-11-16T01:20:41","guid":{"rendered":"https:\/\/planitpower.com\/?post_type=product&#038;p=4595"},"modified":"2025-12-26T00:54:09","modified_gmt":"2025-12-26T00:54:09","slug":"zendure-hub-solarflow-2000","status":"publish","type":"product","link":"https:\/\/planitpower.com\/fr\/boutique\/zendure-hub-solarflow-2000\/","title":{"rendered":"Zendure Hub SolarFlow 2000"},"content":{"rendered":"<h2 class=\"wp-block-heading\">Description<\/h2>\n\n\n\n<p>Le Zendure SolarFlow Hub 2000 est une interface solaire haute performance con\u00e7ue pour les syst\u00e8mes d&#039;autoconsommation, notamment les installations solaires sur balcon ou petite toiture. V\u00e9ritable c\u0153ur intelligent de votre syst\u00e8me solaire, il g\u00e8re l&#039;\u00e9nergie provenant des panneaux solaires, alimente un micro-onduleur pour les appareils domestiques et stocke le surplus d&#039;\u00e9nergie dans un syst\u00e8me de batteries compatible. Son bo\u00eetier robuste enti\u00e8rement m\u00e9tallique et \u00e9tanche (IP65) permet une installation en ext\u00e9rieur, m\u00eame par temps frais. Compatible avec une puissance d&#039;entr\u00e9e de panneaux solaires jusqu&#039;\u00e0 2\u00a0400 W (via deux MPPT) et s&#039;int\u00e9grant parfaitement aux modules de batteries AB de Zendure, il offre une plateforme flexible et \u00e9volutive pour augmenter votre capacit\u00e9 de stockage solaire. Que ce soit sur un balcon d&#039;appartement ou dans une petite installation photovolta\u00efque r\u00e9sidentielle, le Hub 2000 est con\u00e7u pour optimiser le rendement solaire, stocker l&#039;\u00e9nergie non utilis\u00e9e et r\u00e9duire la d\u00e9pendance au r\u00e9seau.<\/p>\n\n\n\n<h2 class=\"wp-block-heading\">Sp\u00e9cifications techniques<\/h2>\n\n\n\n<figure class=\"wp-block-table\"><table class=\"has-fixed-layout\"><thead><tr><th>Sp\u00e9cifications<\/th><th>Valeur<\/th><\/tr><\/thead><tbody><tr><td>Mod\u00e8le<\/td><td>ZDHUB2000<\/td><\/tr><tr><td>Dimensions<\/td><td>363 \u00d7 64 \u00d7 246 mm<\/td><\/tr><tr><td>Poids<\/td><td>Environ 5,2 kg<\/td><\/tr><tr><td>Classe de protection<\/td><td>IP65<\/td><\/tr><tr><td>Canaux MPPT<\/td><td>2<\/td><\/tr><tr><td>Entr\u00e9e solaire (par MPPT)<\/td><td>16\u201360 V CC, jusqu&#039;\u00e0 environ 26 A, puissance recommand\u00e9e d&#039;environ 900\u20131000 W<\/td><\/tr><tr><td>Entr\u00e9e PV totale prise en charge<\/td><td>Jusqu&#039;\u00e0 environ 2\u00a0400 W<\/td><\/tr><tr><td>Sortie vers micro-onduleur<\/td><td>R\u00e9glable jusqu&#039;\u00e0 environ 1\u00a0200 W\u00a0; 16\u201360 V\u00a0; jusqu&#039;\u00e0 environ 30 A<\/td><\/tr><tr><td>Temp\u00e9rature de fonctionnement<\/td><td>\u201320 \u00b0C \u00e0 +65 \u00b0C<\/td><\/tr><tr><td>efficacit\u00e9 MPPT<\/td><td>Jusqu&#039;\u00e0 environ 99%<\/td><\/tr><tr><td>efficacit\u00e9 de production<\/td><td>Jusqu&#039;\u00e0 environ 98%<\/td><\/tr><tr><td>Connectivit\u00e9<\/td><td>Bluetooth et Wi-Fi<\/td><\/tr><tr><td>Garantie<\/td><td>10 ans<\/td><\/tr><\/tbody><\/table><\/figure>\n\n\n\n<p><\/p>","protected":false},"excerpt":{"rendered":"<h2 data-start=\"1476\" data-end=\"1494\">Principales caract\u00e9ristiques<\/h2>\n<p data-start=\"1495\" data-end=\"2020\">Le hub Zendure SolarFlow 2000 int\u00e8gre un double syst\u00e8me de suivi MPPT, permettant une captation optimale de l&#039;\u00e9nergie provenant de deux champs solaires ind\u00e9pendants. Compatible avec une large plage de tension d&#039;entr\u00e9e solaire et une capacit\u00e9 de panneaux \u00e9lev\u00e9e, il s&#039;adapte \u00e0 de nombreux types d&#039;installations. Son bo\u00eetier IP65, con\u00e7u pour une utilisation ext\u00e9rieure, garantit une grande durabilit\u00e9, tandis que son format compact le rend id\u00e9al pour les balcons et les espaces techniques ext\u00e9rieurs. Enti\u00e8rement compatible avec les modules de batteries Zendure, le hub permet d&#039;\u00e9tendre la capacit\u00e9 de stockage de mani\u00e8re flexible.<\/p>\n<p data-start=\"2022\" data-end=\"2319\">Gr\u00e2ce \u00e0 l&#039;application Zendure, les utilisateurs peuvent surveiller les performances du syst\u00e8me et ajuster la r\u00e9partition de l&#039;\u00e9nergie solaire entre le micro-onduleur et le stockage par batterie. Un rendement de conversion \u00e9lev\u00e9 garantit une utilisation optimale de l&#039;\u00e9nergie solaire disponible, permettant un retour sur investissement plus rapide et une plus grande autonomie \u00e9nerg\u00e9tique.<\/p>","protected":false},"featured_media":4597,"comment_status":"open","ping_status":"closed","template":"","meta":{"jetpack_post_was_ever_published":false,"jetpack_publicize_message":"","jetpack_publicize_feature_enabled":true,"jetpack_social_post_already_shared":true,"jetpack_social_options":{"image_generator_settings":{"template":"highway","default_image_id":0,"font":"","enabled":false},"version":2}},"product_brand":[145],"product_cat":[114],"product_tag":[],"class_list":{"0":"post-4595","1":"product","2":"type-product","3":"status-publish","4":"has-post-thumbnail","6":"product_brand-zendure","7":"product_cat-inverters-smart-energy-management","8":"product_shipping_class-free-delivery","10":"first","11":"instock","12":"taxable","13":"shipping-taxable","14":"product-type-simple"},"yoast_head":"<!-- This site is optimized with the Yoast SEO plugin v27.3 - https:\/\/yoast.com\/product\/yoast-seo-wordpress\/ -->\n<title>Zendure Hub SolarFlow 2000 - Planitpower<\/title>\n<meta name=\"description\" content=\"Zendure SolarFlow Hub 2000 \u2014 a powerful dual-MPPT solar energy hub designed for balcony and small-scale residential photovoltaic systems, enabling smart energy routing, battery storage, and high outdoor durability.\" \/>\n<meta name=\"robots\" content=\"index, follow, max-snippet:-1, max-image-preview:large, max-video-preview:-1\" \/>\n<link rel=\"canonical\" href=\"https:\/\/planitpower.com\/fr\/boutique\/zendure-hub-solarflow-2000\/\" \/>\n<meta property=\"og:locale\" content=\"fr_FR\" \/>\n<meta property=\"og:type\" content=\"article\" \/>\n<meta property=\"og:title\" content=\"Zendure Hub SolarFlow 2000 - Planitpower\" \/>\n<meta property=\"og:description\" content=\"Zendure SolarFlow Hub 2000 \u2014 a powerful dual-MPPT solar energy hub designed for balcony and small-scale residential photovoltaic systems, enabling smart energy routing, battery storage, and high outdoor durability.\" \/>\n<meta property=\"og:url\" content=\"https:\/\/planitpower.com\/fr\/boutique\/zendure-hub-solarflow-2000\/\" \/>\n<meta property=\"og:site_name\" content=\"Planitpower\" \/>\n<meta property=\"article:modified_time\" content=\"2025-12-26T00:54:09+00:00\" \/>\n<meta property=\"og:image\" content=\"https:\/\/i0.wp.com\/planitpower.com\/wp-content\/uploads\/2025\/11\/hub-2000-with-tuv-certification-and-shelly-enable.webp?fit=1600%2C1600&ssl=1\" \/>\n\t<meta property=\"og:image:width\" content=\"1600\" \/>\n\t<meta property=\"og:image:height\" content=\"1600\" \/>\n\t<meta property=\"og:image:type\" content=\"image\/webp\" \/>\n<meta name=\"twitter:card\" content=\"summary_large_image\" \/>\n<meta name=\"twitter:label1\" content=\"Dur\u00e9e de lecture estim\u00e9e\" \/>\n\t<meta name=\"twitter:data1\" content=\"2 minutes\" \/>\n<script type=\"application\/ld+json\" class=\"yoast-schema-graph\">{\"@context\":\"https:\\\/\\\/schema.org\",\"@graph\":[{\"@type\":\"WebPage\",\"@id\":\"https:\\\/\\\/planitpower.com\\\/shop\\\/zendure-hub-solarflow-2000\\\/\",\"url\":\"https:\\\/\\\/planitpower.com\\\/shop\\\/zendure-hub-solarflow-2000\\\/\",\"name\":\"Zendure Hub SolarFlow 2000 - Planitpower\",\"isPartOf\":{\"@id\":\"https:\\\/\\\/planitpower.com\\\/#website\"},\"primaryImageOfPage\":{\"@id\":\"https:\\\/\\\/planitpower.com\\\/shop\\\/zendure-hub-solarflow-2000\\\/#primaryimage\"},\"image\":{\"@id\":\"https:\\\/\\\/planitpower.com\\\/shop\\\/zendure-hub-solarflow-2000\\\/#primaryimage\"},\"thumbnailUrl\":\"https:\\\/\\\/i0.wp.com\\\/planitpower.com\\\/wp-content\\\/uploads\\\/2025\\\/11\\\/hub-2000-with-tuv-certification-and-shelly-enable.webp?fit=1600%2C1600&ssl=1\",\"datePublished\":\"2025-11-16T01:20:41+00:00\",\"dateModified\":\"2025-12-26T00:54:09+00:00\",\"description\":\"Zendure SolarFlow Hub 2000 \u2014 a powerful dual-MPPT solar energy hub designed for balcony and small-scale residential photovoltaic systems, enabling smart energy routing, battery storage, and high outdoor durability.\",\"breadcrumb\":{\"@id\":\"https:\\\/\\\/planitpower.com\\\/shop\\\/zendure-hub-solarflow-2000\\\/#breadcrumb\"},\"inLanguage\":\"fr-FR\",\"potentialAction\":[{\"@type\":\"ReadAction\",\"target\":[\"https:\\\/\\\/planitpower.com\\\/shop\\\/zendure-hub-solarflow-2000\\\/\"]}]},{\"@type\":\"ImageObject\",\"inLanguage\":\"fr-FR\",\"@id\":\"https:\\\/\\\/planitpower.com\\\/shop\\\/zendure-hub-solarflow-2000\\\/#primaryimage\",\"url\":\"https:\\\/\\\/i0.wp.com\\\/planitpower.com\\\/wp-content\\\/uploads\\\/2025\\\/11\\\/hub-2000-with-tuv-certification-and-shelly-enable.webp?fit=1600%2C1600&ssl=1\",\"contentUrl\":\"https:\\\/\\\/i0.wp.com\\\/planitpower.com\\\/wp-content\\\/uploads\\\/2025\\\/11\\\/hub-2000-with-tuv-certification-and-shelly-enable.webp?fit=1600%2C1600&ssl=1\",\"width\":1600,\"height\":1600,\"caption\":\"Zendure Hub SolarFlow 2000 - planitpower - 1\"},{\"@type\":\"BreadcrumbList\",\"@id\":\"https:\\\/\\\/planitpower.com\\\/shop\\\/zendure-hub-solarflow-2000\\\/#breadcrumb\",\"itemListElement\":[{\"@type\":\"ListItem\",\"position\":1,\"name\":\"Home\",\"item\":\"https:\\\/\\\/planitpower.com\\\/\"},{\"@type\":\"ListItem\",\"position\":2,\"name\":\"SHOP\",\"item\":\"https:\\\/\\\/planitpower.com\\\/shop\\\/\"},{\"@type\":\"ListItem\",\"position\":3,\"name\":\"Zendure Hub SolarFlow 2000\"}]},{\"@type\":\"WebSite\",\"@id\":\"https:\\\/\\\/planitpower.com\\\/#website\",\"url\":\"https:\\\/\\\/planitpower.com\\\/\",\"name\":\"Planitpower\",\"description\":\"Inspire energy\",\"publisher\":{\"@id\":\"https:\\\/\\\/planitpower.com\\\/#\\\/schema\\\/person\\\/b531587eda267b930b04174d12de6efa\"},\"potentialAction\":[{\"@type\":\"SearchAction\",\"target\":{\"@type\":\"EntryPoint\",\"urlTemplate\":\"https:\\\/\\\/planitpower.com\\\/?s={search_term_string}\"},\"query-input\":{\"@type\":\"PropertyValueSpecification\",\"valueRequired\":true,\"valueName\":\"search_term_string\"}}],\"inLanguage\":\"fr-FR\"},{\"@type\":[\"Person\",\"Organization\"],\"@id\":\"https:\\\/\\\/planitpower.com\\\/#\\\/schema\\\/person\\\/b531587eda267b930b04174d12de6efa\",\"name\":\"Editorial Team\",\"image\":{\"@type\":\"ImageObject\",\"inLanguage\":\"fr-FR\",\"@id\":\"https:\\\/\\\/i0.wp.com\\\/planitpower.com\\\/wp-content\\\/uploads\\\/2025\\\/12\\\/cropped-planitpower_circle_375x375.png?fit=512%2C512&ssl=1\",\"url\":\"https:\\\/\\\/i0.wp.com\\\/planitpower.com\\\/wp-content\\\/uploads\\\/2025\\\/12\\\/cropped-planitpower_circle_375x375.png?fit=512%2C512&ssl=1\",\"contentUrl\":\"https:\\\/\\\/i0.wp.com\\\/planitpower.com\\\/wp-content\\\/uploads\\\/2025\\\/12\\\/cropped-planitpower_circle_375x375.png?fit=512%2C512&ssl=1\",\"width\":512,\"height\":512,\"caption\":\"Editorial Team\"},\"logo\":{\"@id\":\"https:\\\/\\\/i0.wp.com\\\/planitpower.com\\\/wp-content\\\/uploads\\\/2025\\\/12\\\/cropped-planitpower_circle_375x375.png?fit=512%2C512&ssl=1\"},\"sameAs\":[\"https:\\\/\\\/Planitpower.com\"]}]}<\/script>\n<!-- \/ Yoast SEO plugin. -->","yoast_head_json":{"title":"Zendure Hub SolarFlow 2000 - Planitpower","description":"Zendure SolarFlow Hub 2000 \u2014 un puissant hub d&#039;\u00e9nergie solaire \u00e0 double MPPT con\u00e7u pour les balcons et les syst\u00e8mes photovolta\u00efques r\u00e9sidentiels de petite taille, permettant un routage intelligent de l&#039;\u00e9nergie, le stockage par batterie et une grande durabilit\u00e9 en ext\u00e9rieur.","robots":{"index":"index","follow":"follow","max-snippet":"max-snippet:-1","max-image-preview":"max-image-preview:large","max-video-preview":"max-video-preview:-1"},"canonical":"https:\/\/planitpower.com\/fr\/boutique\/zendure-hub-solarflow-2000\/","og_locale":"fr_FR","og_type":"article","og_title":"Zendure Hub SolarFlow 2000 - Planitpower","og_description":"Zendure SolarFlow Hub 2000 \u2014 a powerful dual-MPPT solar energy hub designed for balcony and small-scale residential photovoltaic systems, enabling smart energy routing, battery storage, and high outdoor durability.","og_url":"https:\/\/planitpower.com\/fr\/boutique\/zendure-hub-solarflow-2000\/","og_site_name":"Planitpower","article_modified_time":"2025-12-26T00:54:09+00:00","og_image":[{"width":1600,"height":1600,"url":"https:\/\/i0.wp.com\/planitpower.com\/wp-content\/uploads\/2025\/11\/hub-2000-with-tuv-certification-and-shelly-enable.webp?fit=1600%2C1600&ssl=1","type":"image\/webp"}],"twitter_card":"summary_large_image","twitter_misc":{"Dur\u00e9e de lecture estim\u00e9e":"2 minutes"},"schema":{"@context":"https:\/\/schema.org","@graph":[{"@type":"WebPage","@id":"https:\/\/planitpower.com\/shop\/zendure-hub-solarflow-2000\/","url":"https:\/\/planitpower.com\/shop\/zendure-hub-solarflow-2000\/","name":"Zendure Hub SolarFlow 2000 - Planitpower","isPartOf":{"@id":"https:\/\/planitpower.com\/#website"},"primaryImageOfPage":{"@id":"https:\/\/planitpower.com\/shop\/zendure-hub-solarflow-2000\/#primaryimage"},"image":{"@id":"https:\/\/planitpower.com\/shop\/zendure-hub-solarflow-2000\/#primaryimage"},"thumbnailUrl":"https:\/\/i0.wp.com\/planitpower.com\/wp-content\/uploads\/2025\/11\/hub-2000-with-tuv-certification-and-shelly-enable.webp?fit=1600%2C1600&ssl=1","datePublished":"2025-11-16T01:20:41+00:00","dateModified":"2025-12-26T00:54:09+00:00","description":"Zendure SolarFlow Hub 2000 \u2014 un puissant hub d&#039;\u00e9nergie solaire \u00e0 double MPPT con\u00e7u pour les balcons et les syst\u00e8mes photovolta\u00efques r\u00e9sidentiels de petite taille, permettant un routage intelligent de l&#039;\u00e9nergie, le stockage par batterie et une grande durabilit\u00e9 en ext\u00e9rieur.","breadcrumb":{"@id":"https:\/\/planitpower.com\/shop\/zendure-hub-solarflow-2000\/#breadcrumb"},"inLanguage":"fr-FR","potentialAction":[{"@type":"ReadAction","target":["https:\/\/planitpower.com\/shop\/zendure-hub-solarflow-2000\/"]}]},{"@type":"ImageObject","inLanguage":"fr-FR","@id":"https:\/\/planitpower.com\/shop\/zendure-hub-solarflow-2000\/#primaryimage","url":"https:\/\/i0.wp.com\/planitpower.com\/wp-content\/uploads\/2025\/11\/hub-2000-with-tuv-certification-and-shelly-enable.webp?fit=1600%2C1600&ssl=1","contentUrl":"https:\/\/i0.wp.com\/planitpower.com\/wp-content\/uploads\/2025\/11\/hub-2000-with-tuv-certification-and-shelly-enable.webp?fit=1600%2C1600&ssl=1","width":1600,"height":1600,"caption":"Zendure Hub SolarFlow 2000 - planitpower - 1"},{"@type":"BreadcrumbList","@id":"https:\/\/planitpower.com\/shop\/zendure-hub-solarflow-2000\/#breadcrumb","itemListElement":[{"@type":"ListItem","position":1,"name":"Home","item":"https:\/\/planitpower.com\/"},{"@type":"ListItem","position":2,"name":"SHOP","item":"https:\/\/planitpower.com\/shop\/"},{"@type":"ListItem","position":3,"name":"Zendure Hub SolarFlow 2000"}]},{"@type":"WebSite","@id":"https:\/\/planitpower.com\/#website","url":"https:\/\/planitpower.com\/","name":"Planitpower","description":"Inspirons l'\u00e9nergie!","publisher":{"@id":"https:\/\/planitpower.com\/#\/schema\/person\/b531587eda267b930b04174d12de6efa"},"potentialAction":[{"@type":"SearchAction","target":{"@type":"EntryPoint","urlTemplate":"https:\/\/planitpower.com\/?s={search_term_string}"},"query-input":{"@type":"PropertyValueSpecification","valueRequired":true,"valueName":"search_term_string"}}],"inLanguage":"fr-FR"},{"@type":["Person","Organization"],"@id":"https:\/\/planitpower.com\/#\/schema\/person\/b531587eda267b930b04174d12de6efa","name":"Equipe \u00e9ditoriale","image":{"@type":"ImageObject","inLanguage":"fr-FR","@id":"https:\/\/i0.wp.com\/planitpower.com\/wp-content\/uploads\/2025\/12\/cropped-planitpower_circle_375x375.png?fit=512%2C512&ssl=1","url":"https:\/\/i0.wp.com\/planitpower.com\/wp-content\/uploads\/2025\/12\/cropped-planitpower_circle_375x375.png?fit=512%2C512&ssl=1","contentUrl":"https:\/\/i0.wp.com\/planitpower.com\/wp-content\/uploads\/2025\/12\/cropped-planitpower_circle_375x375.png?fit=512%2C512&ssl=1","width":512,"height":512,"caption":"Editorial Team"},"logo":{"@id":"https:\/\/i0.wp.com\/planitpower.com\/wp-content\/uploads\/2025\/12\/cropped-planitpower_circle_375x375.png?fit=512%2C512&ssl=1"},"sameAs":["https:\/\/Planitpower.com"]}]}},"jetpack_publicize_connections":[],"jetpack_likes_enabled":true,"jetpack_sharing_enabled":true,"jetpack-related-posts":[{"id":5261,"url":"https:\/\/planitpower.com\/fr\/boutique\/kit-zendure-solarflow-hub2000-ab2000x-1920wh\/","url_meta":{"origin":4595,"position":0},"title":"Kits solaires intelligents Zendure : SolarFlow HUB 2000","author":"Editorial Team","date":"29\/11\/2025","format":false,"excerpt":"Ce kit associe le micro-onduleur hybride Zendure SolarFlow HUB 2000 \u00e0 un module de batterie AB2000X (1920 Wh) pour cr\u00e9er une solution de stockage d&#039;\u00e9nergie solaire compacte, efficace et facile \u00e0 utiliser pour les particuliers. Con\u00e7u pour optimiser l&#039;autoconsommation, le HUB 2000 convertit l&#039;\u00e9nergie solaire en courant alternatif utilisable tout en rechargeant simultan\u00e9ment\u2026","rel":"","context":"Article similaire","block_context":{"text":"Article similaire","link":""},"img":{"alt_text":"Zendure Hub SolarFlow 2000 - planitpower - 3","src":"https:\/\/i0.wp.com\/planitpower.com\/wp-content\/uploads\/2025\/11\/solarflow-hub-2000-with-EZ1-M-microinverter-various-variants-1.webp?fit=1200%2C1200&ssl=1&resize=350%2C200","width":350,"height":200,"srcset":"https:\/\/i0.wp.com\/planitpower.com\/wp-content\/uploads\/2025\/11\/solarflow-hub-2000-with-EZ1-M-microinverter-various-variants-1.webp?fit=1200%2C1200&ssl=1&resize=350%2C200 1x, https:\/\/i0.wp.com\/planitpower.com\/wp-content\/uploads\/2025\/11\/solarflow-hub-2000-with-EZ1-M-microinverter-various-variants-1.webp?fit=1200%2C1200&ssl=1&resize=525%2C300 1.5x, https:\/\/i0.wp.com\/planitpower.com\/wp-content\/uploads\/2025\/11\/solarflow-hub-2000-with-EZ1-M-microinverter-various-variants-1.webp?fit=1200%2C1200&ssl=1&resize=700%2C400 2x, https:\/\/i0.wp.com\/planitpower.com\/wp-content\/uploads\/2025\/11\/solarflow-hub-2000-with-EZ1-M-microinverter-various-variants-1.webp?fit=1200%2C1200&ssl=1&resize=1050%2C600 3x"},"classes":[]},{"id":4585,"url":"https:\/\/planitpower.com\/fr\/boutique\/onduleur-hybride-zendure-solarflow-hyper-2000\/","url_meta":{"origin":4595,"position":1},"title":"Zendure SolarFlow Hyper 2000","author":"Editorial Team","date":"16\/11\/2025","format":false,"excerpt":"Caract\u00e9ristiques principales \u2022 Conversion d&#039;\u00e9nergie hybride : Combine l&#039;\u00e9nergie solaire photovolta\u00efque, l&#039;alimentation du r\u00e9seau et le stockage par batterie pour offrir une solution enti\u00e8rement int\u00e9gr\u00e9e r\u00e9pondant aux besoins \u00e9nerg\u00e9tiques quotidiens d&#039;un foyer. \u2022 Haute efficacit\u00e9 et puissance stable : Fournit jusqu&#039;\u00e0 2\u00a0000\u00a0W CA, assurant une alimentation stable pour les appareils essentiels tout en optimisant l&#039;utilisation de l&#039;\u00e9nergie solaire.","rel":"","context":"Article similaire","block_context":{"text":"Article similaire","link":""},"img":{"alt_text":"Zendure SolarFlow Hyper 2000 - planitpower","src":"https:\/\/i0.wp.com\/planitpower.com\/wp-content\/uploads\/2025\/11\/hyper-2000-product-front_946d04cd-9c06-4bd0-9287-cd08daa1ff5c.webp?fit=1000%2C1000&ssl=1&resize=350%2C200","width":350,"height":200,"srcset":"https:\/\/i0.wp.com\/planitpower.com\/wp-content\/uploads\/2025\/11\/hyper-2000-product-front_946d04cd-9c06-4bd0-9287-cd08daa1ff5c.webp?fit=1000%2C1000&ssl=1&resize=350%2C200 1x, https:\/\/i0.wp.com\/planitpower.com\/wp-content\/uploads\/2025\/11\/hyper-2000-product-front_946d04cd-9c06-4bd0-9287-cd08daa1ff5c.webp?fit=1000%2C1000&ssl=1&resize=525%2C300 1.5x, https:\/\/i0.wp.com\/planitpower.com\/wp-content\/uploads\/2025\/11\/hyper-2000-product-front_946d04cd-9c06-4bd0-9287-cd08daa1ff5c.webp?fit=1000%2C1000&ssl=1&resize=700%2C400 2x"},"classes":[]},{"id":5251,"url":"https:\/\/planitpower.com\/fr\/boutique\/zendure-smart-solar-kits-solar-flow-800\/","url_meta":{"origin":4595,"position":2},"title":"Kits solaires intelligents Zendure : Flux solaire 800","author":"Editorial Team","date":"29\/11\/2025","format":false,"excerpt":"Description This complete solar kit combines the Zendure SolarFlow 800 microinverter, a 1920Wh battery module, four flexible 230W solar panels, and two high-efficiency bifacial panels of 430W and 500W. Designed for homeowners seeking a practical and flexible solar solution, the kit captures solar energy throughout the day and stores it\u2026","rel":"","context":"Article similaire","block_context":{"text":"Article similaire","link":""},"img":{"alt_text":"Zendure smart solar kits: Solar flow 800 - Planitpower - 3","src":"https:\/\/i0.wp.com\/planitpower.com\/wp-content\/uploads\/2025\/11\/SolarFlow800_1_AB2000X_2789752a-38a4-4142-aeab-b073eb2e78b8-1.webp?fit=1000%2C1000&ssl=1&resize=350%2C200","width":350,"height":200,"srcset":"https:\/\/i0.wp.com\/planitpower.com\/wp-content\/uploads\/2025\/11\/SolarFlow800_1_AB2000X_2789752a-38a4-4142-aeab-b073eb2e78b8-1.webp?fit=1000%2C1000&ssl=1&resize=350%2C200 1x, https:\/\/i0.wp.com\/planitpower.com\/wp-content\/uploads\/2025\/11\/SolarFlow800_1_AB2000X_2789752a-38a4-4142-aeab-b073eb2e78b8-1.webp?fit=1000%2C1000&ssl=1&resize=525%2C300 1.5x, https:\/\/i0.wp.com\/planitpower.com\/wp-content\/uploads\/2025\/11\/SolarFlow800_1_AB2000X_2789752a-38a4-4142-aeab-b073eb2e78b8-1.webp?fit=1000%2C1000&ssl=1&resize=700%2C400 2x"},"classes":[]},{"id":5209,"url":"https:\/\/planitpower.com\/fr\/boutique\/zendure-smart-solar-kits-solar-flow-hyper-2000\/","url_meta":{"origin":4595,"position":3},"title":"Kits solaires intelligents Zendure : Flux solaire hyper 2000","author":"Editorial Team","date":"28\/11\/2025","format":false,"excerpt":"Description du produit\u00a0: Ce kit solaire complet combine l\u2019onduleur hybride Zendure Hyper 2000, plusieurs batteries AB2000X de 1\u00a0920\u00a0Wh et quatre panneaux solaires flexibles de 230\u00a0W pour cr\u00e9er un syst\u00e8me \u00e9nerg\u00e9tique domestique puissant et polyvalent. Il est con\u00e7u pour les foyers souhaitant r\u00e9duire leurs factures d\u2019\u00e9lectricit\u00e9, augmenter leur autoconsommation et b\u00e9n\u00e9ficier d\u2019une alimentation de secours fiable.","rel":"","context":"Article similaire","block_context":{"text":"Article similaire","link":""},"img":{"alt_text":"","src":"","width":0,"height":0},"classes":[]},{"id":5244,"url":"https:\/\/planitpower.com\/fr\/boutique\/zendure-solarflow-800-pro\/","url_meta":{"origin":4595,"position":4},"title":"Zendure SolarFlow 800 PRO","author":"Editorial Team","date":"28\/11\/2025","format":false,"excerpt":"Main features All-in-one design: microinverter, controller and battery integrated in a single compact unit. Plug-and-play installation: easy to install without tools or professional assistance. Four independent MPPT inputs: supports up to 2,640 W of solar input and optimizes production even with different panel orientations. Low start-voltage (14 V): ensures energy\u2026","rel":"","context":"Article similaire","block_context":{"text":"Article similaire","link":""},"img":{"alt_text":"Zendure SolarFlow 800 pro - planitpower","src":"https:\/\/i0.wp.com\/planitpower.com\/wp-content\/uploads\/2025\/11\/sf800-pro-png.jpg?fit=1000%2C1000&ssl=1&resize=350%2C200","width":350,"height":200,"srcset":"https:\/\/i0.wp.com\/planitpower.com\/wp-content\/uploads\/2025\/11\/sf800-pro-png.jpg?fit=1000%2C1000&ssl=1&resize=350%2C200 1x, https:\/\/i0.wp.com\/planitpower.com\/wp-content\/uploads\/2025\/11\/sf800-pro-png.jpg?fit=1000%2C1000&ssl=1&resize=525%2C300 1.5x, https:\/\/i0.wp.com\/planitpower.com\/wp-content\/uploads\/2025\/11\/sf800-pro-png.jpg?fit=1000%2C1000&ssl=1&resize=700%2C400 2x"},"classes":[]},{"id":4608,"url":"https:\/\/planitpower.com\/fr\/boutique\/batterie-zendure-solarflow-ab2000x\/","url_meta":{"origin":4595,"position":5},"title":"Batterie Zendure SolarFlow AB2000X","author":"Editorial Team","date":"16\/11\/2025","format":false,"excerpt":"Main Features Expandable storage: Stack up to four AB2000X modules for a maximum of 7.68 kWh. High-safety LiFePO\u2084 cells: Long cycle life and increased thermal stability. Plug-and-play design: Quick installation ideal for balcony or small solar systems. Advanced Battery Management System: Real-time monitoring of temperature, voltage, current, and complete safety\u2026","rel":"","context":"Article similaire","block_context":{"text":"Article similaire","link":""},"img":{"alt_text":"Zendure SolarFlow battery AB2000X - planitpower - 1","src":"https:\/\/i0.wp.com\/planitpower.com\/wp-content\/uploads\/2025\/11\/AB2000X_1000X1000_c4241a78-13aa-4372-89ca-416798afc42a.webp?fit=1000%2C1000&ssl=1&resize=350%2C200","width":350,"height":200,"srcset":"https:\/\/i0.wp.com\/planitpower.com\/wp-content\/uploads\/2025\/11\/AB2000X_1000X1000_c4241a78-13aa-4372-89ca-416798afc42a.webp?fit=1000%2C1000&ssl=1&resize=350%2C200 1x, https:\/\/i0.wp.com\/planitpower.com\/wp-content\/uploads\/2025\/11\/AB2000X_1000X1000_c4241a78-13aa-4372-89ca-416798afc42a.webp?fit=1000%2C1000&ssl=1&resize=525%2C300 1.5x, https:\/\/i0.wp.com\/planitpower.com\/wp-content\/uploads\/2025\/11\/AB2000X_1000X1000_c4241a78-13aa-4372-89ca-416798afc42a.webp?fit=1000%2C1000&ssl=1&resize=700%2C400 2x"},"classes":[]}],"_links":{"self":[{"href":"https:\/\/planitpower.com\/fr\/wp-json\/wp\/v2\/product\/4595","targetHints":{"allow":["GET"]}}],"collection":[{"href":"https:\/\/planitpower.com\/fr\/wp-json\/wp\/v2\/product"}],"about":[{"href":"https:\/\/planitpower.com\/fr\/wp-json\/wp\/v2\/types\/product"}],"replies":[{"embeddable":true,"href":"https:\/\/planitpower.com\/fr\/wp-json\/wp\/v2\/comments?post=4595"}],"version-history":[{"count":0,"href":"https:\/\/planitpower.com\/fr\/wp-json\/wp\/v2\/product\/4595\/revisions"}],"wp:featuredmedia":[{"embeddable":true,"href":"https:\/\/planitpower.com\/fr\/wp-json\/wp\/v2\/media\/4597"}],"wp:attachment":[{"href":"https:\/\/planitpower.com\/fr\/wp-json\/wp\/v2\/media?parent=4595"}],"wp:term":[{"taxonomy":"product_brand","embeddable":true,"href":"https:\/\/planitpower.com\/fr\/wp-json\/wp\/v2\/product_brand?post=4595"},{"taxonomy":"product_cat","embeddable":true,"href":"https:\/\/planitpower.com\/fr\/wp-json\/wp\/v2\/product_cat?post=4595"},{"taxonomy":"product_tag","embeddable":true,"href":"https:\/\/planitpower.com\/fr\/wp-json\/wp\/v2\/product_tag?post=4595"}],"curies":[{"name":"wp","href":"https:\/\/api.w.org\/{rel}","templated":true}]}}