{"id":4679,"date":"2025-11-18T23:15:50","date_gmt":"2025-11-18T23:15:50","guid":{"rendered":"https:\/\/planitpower.com\/?post_type=product&#038;p=4679"},"modified":"2026-01-30T00:04:21","modified_gmt":"2026-01-30T00:04:21","slug":"ezlo-plus","status":"publish","type":"product","link":"https:\/\/planitpower.com\/fr\/boutique\/ezlo-plus\/","title":{"rendered":"Eezlo Plus"},"content":{"rendered":"<h2 class=\"wp-block-heading\">Description<\/h2>\n\n\n\n<p>Le hub domotique Ezlo Plus centralise une grande vari\u00e9t\u00e9 d&#039;appareils connect\u00e9s au sein d&#039;une plateforme de contr\u00f4le unifi\u00e9e. Con\u00e7u par Ezlo, ce hub est compatible avec les protocoles Z-Wave, Zigbee et Wi-Fi, vous permettant de g\u00e9rer \u00e9clairages, serrures, thermostats, d\u00e9tecteurs de mouvement et autres dispositifs de diff\u00e9rents fabricants via une interface unique. Il combine un mat\u00e9riel de pointe (notamment une puce Z-Wave s\u00e9rie 700) avec l&#039;application intuitive MiOS, offrant \u00e0 la fois un contr\u00f4le local et un acc\u00e8s au cloud pour la surveillance \u00e0 distance. Compatible avec des milliers d&#039;appareils et int\u00e9grant les assistants vocaux (Amazon Alexa, Google Assistant), l&#039;Ezlo Plus est con\u00e7u pour transformer votre maison en un environnement intelligent, r\u00e9actif, s\u00e9curis\u00e9 et int\u00e9gr\u00e9.<\/p>\n\n\n\n<h2 class=\"wp-block-heading\">Sp\u00e9cifications techniques<\/h2>\n\n\n\n<figure class=\"wp-block-table\"><table class=\"has-fixed-layout\"><thead><tr><th>Sp\u00e9cifications<\/th><th>D\u00e9tails<\/th><\/tr><\/thead><tbody><tr><td>Dimensions<\/td><td>106 \u00d7 104,66 \u00d7 36,95 mm<\/td><\/tr><tr><td>Processeur<\/td><td>Processeur quadric\u0153ur ARM Cortex-A7 \u00e0 800 MHz<\/td><\/tr><tr><td>B\u00c9LIER<\/td><td>512 Mo DDR3<\/td><\/tr><tr><td>M\u00e9moire flash<\/td><td>4 Go eMMC<\/td><\/tr><tr><td>Module Z-Wave<\/td><td>Puce Z-Wave s\u00e9rie 700<\/td><\/tr><tr><td>Module Zigbee<\/td><td>Zigbee 3.0 (r\u00e9trocompatible avec Zigbee 1.2)<\/td><\/tr><tr><td>Connectivit\u00e9 sans fil<\/td><td>Wi-Fi 802.11 b\/g\/n\/ac (2,4 GHz et 5 GHz)<\/td><\/tr><tr><td>Ethernet<\/td><td>Port LAN 10\/100 Mbps (RJ45)<\/td><\/tr><tr><td>Alimentation \u00e9lectrique<\/td><td>Entr\u00e9e\u00a0: 100-240\u00a0V CA, 50\/60\u00a0Hz \u2022 Sortie\u00a0: 5\u00a0V CC \/ 2\u00a0A<\/td><\/tr><tr><td>Protocoles pris en charge<\/td><td>Z-Wave Plus, Zigbee, Wi-Fi<\/td><\/tr><tr><td>Certifications<\/td><td>FCC, UL, CE, RoHS<\/td><\/tr><\/tbody><\/table><\/figure>","protected":false},"excerpt":{"rendered":"<h2 data-start=\"959\" data-end=\"977\">Caract\u00e9ristiques principales<\/h2>\n<ul data-start=\"978\" data-end=\"2421\">\n<li data-start=\"978\" data-end=\"1213\">\n<p data-start=\"980\" data-end=\"1213\"><strong data-start=\"980\" data-end=\"1006\">Prise en charge multiprotocole<\/strong>Le hub int\u00e8gre les technologies Z-Wave s\u00e9rie 700, Zigbee 3.0 (et l&#039;ancienne version Zigbee 1.2) et Wi-Fi double bande (2,4 GHz et 5 GHz), ce qui vous permet d&#039;int\u00e9grer des appareils provenant de nombreux \u00e9cosyst\u00e8mes et de r\u00e9duire la fragmentation de votre maison intelligente.<\/p>\n<\/li>\n<li data-start=\"1214\" data-end=\"1431\">\n<p data-start=\"1216\" data-end=\"1431\"><strong data-start=\"1216\" data-end=\"1247\">Int\u00e9gration de l&#039;assistant vocal<\/strong>Compatible avec Amazon Alexa et Google Assistant, et gr\u00e2ce \u00e0 la plateforme Ezlo, les utilisateurs peuvent contr\u00f4ler des dizaines de milliers d&#039;appareils compatibles Wi-Fi via ces assistants vocaux.<\/p>\n<\/li>\n<li data-start=\"1432\" data-end=\"1635\">\n<p data-start=\"1434\" data-end=\"1635\"><strong data-start=\"1434\" data-end=\"1461\">Contr\u00f4le local et cloud<\/strong>Le syst\u00e8me propose une ex\u00e9cution locale des automatisations afin de minimiser la latence et d&#039;accro\u00eetre la confidentialit\u00e9, tandis que l&#039;acc\u00e8s au cloud permet toujours la surveillance et le contr\u00f4le \u00e0 distance m\u00eame en votre absence.<\/p>\n<\/li>\n<li data-start=\"1636\" data-end=\"1876\">\n<p data-start=\"1638\" data-end=\"1876\"><strong data-start=\"1638\" data-end=\"1681\">Moteur d&#039;automatisation avanc\u00e9 (\u201c MeshBots \u201d)<\/strong>Vous pouvez cr\u00e9er des sc\u00e9narios et des flux de travail personnalis\u00e9s pour diff\u00e9rents types d&#039;appareils \u2014 par exemple\u00a0: si un d\u00e9tecteur de mouvement se d\u00e9clenche, allumer les lumi\u00e8res, verrouiller les portes, envoyer des notifications \u2014 le tout via le tableau de bord MiOS.<\/p>\n<\/li>\n<li data-start=\"1877\" data-end=\"2051\">\n<p data-start=\"1879\" data-end=\"2051\"><strong data-start=\"1879\" data-end=\"1911\">S\u00e9curit\u00e9 et p\u00e9rennit\u00e9<\/strong>Gr\u00e2ce \u00e0 la puce Z-Wave 700 et \u00e0 la prise en charge du cryptage S2, vous b\u00e9n\u00e9ficiez d&#039;une port\u00e9e de signal am\u00e9lior\u00e9e, de performances plus rapides et d&#039;un appariement s\u00e9curis\u00e9 des appareils plus robuste.<\/p>\n<\/li>\n<li data-start=\"2052\" data-end=\"2261\">\n<p data-start=\"2054\" data-end=\"2261\"><strong data-start=\"2054\" data-end=\"2084\">Compatibilit\u00e9 \u00e9tendue avec les appareils<\/strong>Le hub est compatible avec des milliers d&#039;appareils Z-Wave et Zigbee ainsi qu&#039;avec les appareils Wi-Fi via les assistants vocaux, offrant ainsi la flexibilit\u00e9 n\u00e9cessaire pour d\u00e9velopper votre maison intelligente au fil du temps.<\/p>\n<\/li>\n<li data-start=\"2262\" data-end=\"2421\">\n<p data-start=\"2264\" data-end=\"2421\"><strong data-start=\"2264\" data-end=\"2287\">Compact et facile \u00e0 installer<\/strong>L&#039;appareil poss\u00e8de un format \u00e9l\u00e9gant et compact et une installation simple via Ethernet ou Wi-Fi ainsi que l&#039;application pour smartphone MiOS.<\/p>\n<\/li>\n<\/ul>","protected":false},"featured_media":4680,"comment_status":"open","ping_status":"closed","template":"","meta":{"jetpack_post_was_ever_published":false,"jetpack_publicize_message":"","jetpack_publicize_feature_enabled":false,"jetpack_social_post_already_shared":false,"jetpack_social_options":{"image_generator_settings":{"template":"highway","default_image_id":0,"font":"","enabled":false},"version":2}},"product_brand":[152],"product_cat":[122],"product_tag":[],"class_list":{"0":"post-4679","1":"product","2":"type-product","3":"status-publish","4":"has-post-thumbnail","6":"product_brand-ezlo","7":"product_cat-home-automation-hubs-ecosystems","9":"first","10":"instock","11":"taxable","12":"shipping-taxable","13":"purchasable","14":"product-type-simple"},"yoast_head":"<!-- This site is optimized with the Yoast SEO plugin v27.3 - https:\/\/yoast.com\/product\/yoast-seo-wordpress\/ -->\n<title>Eezlo Plus - Planitpower<\/title>\n<meta name=\"description\" content=\"Unlock your smart-home power with the Ezlo\u202fPlus Smart Home Hub: a multi-protocol Z-Wave 700, Zigbee 3.0 and Wi-Fi hub that puts your devices under one roof with voice control and local automation.\" \/>\n<meta name=\"robots\" content=\"index, follow, max-snippet:-1, max-image-preview:large, max-video-preview:-1\" \/>\n<link rel=\"canonical\" href=\"https:\/\/planitpower.com\/fr\/boutique\/ezlo-plus\/\" \/>\n<meta property=\"og:locale\" content=\"fr_FR\" \/>\n<meta property=\"og:type\" content=\"article\" \/>\n<meta property=\"og:title\" content=\"Eezlo Plus - Planitpower\" \/>\n<meta property=\"og:description\" content=\"Unlock your smart-home power with the Ezlo\u202fPlus Smart Home Hub: a multi-protocol Z-Wave 700, Zigbee 3.0 and Wi-Fi hub that puts your devices under one roof with voice control and local automation.\" \/>\n<meta property=\"og:url\" content=\"https:\/\/planitpower.com\/fr\/boutique\/ezlo-plus\/\" \/>\n<meta property=\"og:site_name\" content=\"Planitpower\" \/>\n<meta property=\"article:modified_time\" content=\"2026-01-30T00:04:21+00:00\" \/>\n<meta property=\"og:image\" content=\"https:\/\/i0.wp.com\/planitpower.com\/wp-content\/uploads\/2025\/11\/MCVEEZLOPLUS_left_850010800325_1500x1500.jpg?fit=1500%2C1500&ssl=1\" \/>\n\t<meta property=\"og:image:width\" content=\"1500\" \/>\n\t<meta property=\"og:image:height\" content=\"1500\" \/>\n\t<meta property=\"og:image:type\" content=\"image\/jpeg\" \/>\n<meta name=\"twitter:card\" content=\"summary_large_image\" \/>\n<meta name=\"twitter:label1\" content=\"Dur\u00e9e de lecture estim\u00e9e\" \/>\n\t<meta name=\"twitter:data1\" content=\"2 minutes\" \/>\n<script type=\"application\/ld+json\" class=\"yoast-schema-graph\">{\"@context\":\"https:\\\/\\\/schema.org\",\"@graph\":[{\"@type\":\"WebPage\",\"@id\":\"https:\\\/\\\/planitpower.com\\\/shop\\\/ezlo-plus\\\/\",\"url\":\"https:\\\/\\\/planitpower.com\\\/shop\\\/ezlo-plus\\\/\",\"name\":\"Eezlo Plus - Planitpower\",\"isPartOf\":{\"@id\":\"https:\\\/\\\/planitpower.com\\\/#website\"},\"primaryImageOfPage\":{\"@id\":\"https:\\\/\\\/planitpower.com\\\/shop\\\/ezlo-plus\\\/#primaryimage\"},\"image\":{\"@id\":\"https:\\\/\\\/planitpower.com\\\/shop\\\/ezlo-plus\\\/#primaryimage\"},\"thumbnailUrl\":\"https:\\\/\\\/i0.wp.com\\\/planitpower.com\\\/wp-content\\\/uploads\\\/2025\\\/11\\\/MCVEEZLOPLUS_left_850010800325_1500x1500.jpg?fit=1500%2C1500&ssl=1\",\"datePublished\":\"2025-11-18T23:15:50+00:00\",\"dateModified\":\"2026-01-30T00:04:21+00:00\",\"description\":\"Unlock your smart-home power with the Ezlo\u202fPlus Smart Home Hub: a multi-protocol Z-Wave 700, Zigbee 3.0 and Wi-Fi hub that puts your devices under one roof with voice control and local automation.\",\"breadcrumb\":{\"@id\":\"https:\\\/\\\/planitpower.com\\\/shop\\\/ezlo-plus\\\/#breadcrumb\"},\"inLanguage\":\"fr-FR\",\"potentialAction\":[{\"@type\":\"ReadAction\",\"target\":[\"https:\\\/\\\/planitpower.com\\\/shop\\\/ezlo-plus\\\/\"]}]},{\"@type\":\"ImageObject\",\"inLanguage\":\"fr-FR\",\"@id\":\"https:\\\/\\\/planitpower.com\\\/shop\\\/ezlo-plus\\\/#primaryimage\",\"url\":\"https:\\\/\\\/i0.wp.com\\\/planitpower.com\\\/wp-content\\\/uploads\\\/2025\\\/11\\\/MCVEEZLOPLUS_left_850010800325_1500x1500.jpg?fit=1500%2C1500&ssl=1\",\"contentUrl\":\"https:\\\/\\\/i0.wp.com\\\/planitpower.com\\\/wp-content\\\/uploads\\\/2025\\\/11\\\/MCVEEZLOPLUS_left_850010800325_1500x1500.jpg?fit=1500%2C1500&ssl=1\",\"width\":1500,\"height\":1500,\"caption\":\"ezlo Plus - planitpower - 2\"},{\"@type\":\"BreadcrumbList\",\"@id\":\"https:\\\/\\\/planitpower.com\\\/shop\\\/ezlo-plus\\\/#breadcrumb\",\"itemListElement\":[{\"@type\":\"ListItem\",\"position\":1,\"name\":\"Home\",\"item\":\"https:\\\/\\\/planitpower.com\\\/\"},{\"@type\":\"ListItem\",\"position\":2,\"name\":\"SHOP\",\"item\":\"https:\\\/\\\/planitpower.com\\\/shop\\\/\"},{\"@type\":\"ListItem\",\"position\":3,\"name\":\"Eezlo Plus\"}]},{\"@type\":\"WebSite\",\"@id\":\"https:\\\/\\\/planitpower.com\\\/#website\",\"url\":\"https:\\\/\\\/planitpower.com\\\/\",\"name\":\"Planitpower\",\"description\":\"Inspire energy\",\"publisher\":{\"@id\":\"https:\\\/\\\/planitpower.com\\\/#\\\/schema\\\/person\\\/b531587eda267b930b04174d12de6efa\"},\"potentialAction\":[{\"@type\":\"SearchAction\",\"target\":{\"@type\":\"EntryPoint\",\"urlTemplate\":\"https:\\\/\\\/planitpower.com\\\/?s={search_term_string}\"},\"query-input\":{\"@type\":\"PropertyValueSpecification\",\"valueRequired\":true,\"valueName\":\"search_term_string\"}}],\"inLanguage\":\"fr-FR\"},{\"@type\":[\"Person\",\"Organization\"],\"@id\":\"https:\\\/\\\/planitpower.com\\\/#\\\/schema\\\/person\\\/b531587eda267b930b04174d12de6efa\",\"name\":\"Editorial Team\",\"image\":{\"@type\":\"ImageObject\",\"inLanguage\":\"fr-FR\",\"@id\":\"https:\\\/\\\/i0.wp.com\\\/planitpower.com\\\/wp-content\\\/uploads\\\/2025\\\/12\\\/cropped-planitpower_circle_375x375.png?fit=512%2C512&ssl=1\",\"url\":\"https:\\\/\\\/i0.wp.com\\\/planitpower.com\\\/wp-content\\\/uploads\\\/2025\\\/12\\\/cropped-planitpower_circle_375x375.png?fit=512%2C512&ssl=1\",\"contentUrl\":\"https:\\\/\\\/i0.wp.com\\\/planitpower.com\\\/wp-content\\\/uploads\\\/2025\\\/12\\\/cropped-planitpower_circle_375x375.png?fit=512%2C512&ssl=1\",\"width\":512,\"height\":512,\"caption\":\"Editorial Team\"},\"logo\":{\"@id\":\"https:\\\/\\\/i0.wp.com\\\/planitpower.com\\\/wp-content\\\/uploads\\\/2025\\\/12\\\/cropped-planitpower_circle_375x375.png?fit=512%2C512&ssl=1\"},\"sameAs\":[\"https:\\\/\\\/Planitpower.com\"]}]}<\/script>\n<!-- \/ Yoast SEO plugin. -->","yoast_head_json":{"title":"Eezlo Plus - Planitpower","description":"Lib\u00e9rez la puissance de votre maison intelligente avec le hub Ezlo Plus Smart Home\u00a0: un hub multi-protocole Z-Wave 700, Zigbee 3.0 et Wi-Fi qui regroupe vos appareils sous un m\u00eame toit avec commande vocale et automatisation locale.","robots":{"index":"index","follow":"follow","max-snippet":"max-snippet:-1","max-image-preview":"max-image-preview:large","max-video-preview":"max-video-preview:-1"},"canonical":"https:\/\/planitpower.com\/fr\/boutique\/ezlo-plus\/","og_locale":"fr_FR","og_type":"article","og_title":"Eezlo Plus - Planitpower","og_description":"Unlock your smart-home power with the Ezlo\u202fPlus Smart Home Hub: a multi-protocol Z-Wave 700, Zigbee 3.0 and Wi-Fi hub that puts your devices under one roof with voice control and local automation.","og_url":"https:\/\/planitpower.com\/fr\/boutique\/ezlo-plus\/","og_site_name":"Planitpower","article_modified_time":"2026-01-30T00:04:21+00:00","og_image":[{"width":1500,"height":1500,"url":"https:\/\/i0.wp.com\/planitpower.com\/wp-content\/uploads\/2025\/11\/MCVEEZLOPLUS_left_850010800325_1500x1500.jpg?fit=1500%2C1500&ssl=1","type":"image\/jpeg"}],"twitter_card":"summary_large_image","twitter_misc":{"Dur\u00e9e de lecture estim\u00e9e":"2 minutes"},"schema":{"@context":"https:\/\/schema.org","@graph":[{"@type":"WebPage","@id":"https:\/\/planitpower.com\/shop\/ezlo-plus\/","url":"https:\/\/planitpower.com\/shop\/ezlo-plus\/","name":"Eezlo Plus - Planitpower","isPartOf":{"@id":"https:\/\/planitpower.com\/#website"},"primaryImageOfPage":{"@id":"https:\/\/planitpower.com\/shop\/ezlo-plus\/#primaryimage"},"image":{"@id":"https:\/\/planitpower.com\/shop\/ezlo-plus\/#primaryimage"},"thumbnailUrl":"https:\/\/i0.wp.com\/planitpower.com\/wp-content\/uploads\/2025\/11\/MCVEEZLOPLUS_left_850010800325_1500x1500.jpg?fit=1500%2C1500&ssl=1","datePublished":"2025-11-18T23:15:50+00:00","dateModified":"2026-01-30T00:04:21+00:00","description":"Lib\u00e9rez la puissance de votre maison intelligente avec le hub Ezlo Plus Smart Home\u00a0: un hub multi-protocole Z-Wave 700, Zigbee 3.0 et Wi-Fi qui regroupe vos appareils sous un m\u00eame toit avec commande vocale et automatisation locale.","breadcrumb":{"@id":"https:\/\/planitpower.com\/shop\/ezlo-plus\/#breadcrumb"},"inLanguage":"fr-FR","potentialAction":[{"@type":"ReadAction","target":["https:\/\/planitpower.com\/shop\/ezlo-plus\/"]}]},{"@type":"ImageObject","inLanguage":"fr-FR","@id":"https:\/\/planitpower.com\/shop\/ezlo-plus\/#primaryimage","url":"https:\/\/i0.wp.com\/planitpower.com\/wp-content\/uploads\/2025\/11\/MCVEEZLOPLUS_left_850010800325_1500x1500.jpg?fit=1500%2C1500&ssl=1","contentUrl":"https:\/\/i0.wp.com\/planitpower.com\/wp-content\/uploads\/2025\/11\/MCVEEZLOPLUS_left_850010800325_1500x1500.jpg?fit=1500%2C1500&ssl=1","width":1500,"height":1500,"caption":"ezlo Plus - planitpower - 2"},{"@type":"BreadcrumbList","@id":"https:\/\/planitpower.com\/shop\/ezlo-plus\/#breadcrumb","itemListElement":[{"@type":"ListItem","position":1,"name":"Home","item":"https:\/\/planitpower.com\/"},{"@type":"ListItem","position":2,"name":"SHOP","item":"https:\/\/planitpower.com\/shop\/"},{"@type":"ListItem","position":3,"name":"Eezlo Plus"}]},{"@type":"WebSite","@id":"https:\/\/planitpower.com\/#website","url":"https:\/\/planitpower.com\/","name":"Planitpower","description":"Inspirons l'\u00e9nergie!","publisher":{"@id":"https:\/\/planitpower.com\/#\/schema\/person\/b531587eda267b930b04174d12de6efa"},"potentialAction":[{"@type":"SearchAction","target":{"@type":"EntryPoint","urlTemplate":"https:\/\/planitpower.com\/?s={search_term_string}"},"query-input":{"@type":"PropertyValueSpecification","valueRequired":true,"valueName":"search_term_string"}}],"inLanguage":"fr-FR"},{"@type":["Person","Organization"],"@id":"https:\/\/planitpower.com\/#\/schema\/person\/b531587eda267b930b04174d12de6efa","name":"Equipe \u00e9ditoriale","image":{"@type":"ImageObject","inLanguage":"fr-FR","@id":"https:\/\/i0.wp.com\/planitpower.com\/wp-content\/uploads\/2025\/12\/cropped-planitpower_circle_375x375.png?fit=512%2C512&ssl=1","url":"https:\/\/i0.wp.com\/planitpower.com\/wp-content\/uploads\/2025\/12\/cropped-planitpower_circle_375x375.png?fit=512%2C512&ssl=1","contentUrl":"https:\/\/i0.wp.com\/planitpower.com\/wp-content\/uploads\/2025\/12\/cropped-planitpower_circle_375x375.png?fit=512%2C512&ssl=1","width":512,"height":512,"caption":"Editorial Team"},"logo":{"@id":"https:\/\/i0.wp.com\/planitpower.com\/wp-content\/uploads\/2025\/12\/cropped-planitpower_circle_375x375.png?fit=512%2C512&ssl=1"},"sameAs":["https:\/\/Planitpower.com"]}]}},"jetpack_publicize_connections":[],"jetpack_likes_enabled":true,"jetpack_sharing_enabled":true,"jetpack-related-posts":[{"id":4989,"url":"https:\/\/planitpower.com\/fr\/boutique\/centre-daccueil-intelligent-fibaro-home-center-3\/","url_meta":{"origin":4679,"position":0},"title":"Centre d&#039;accueil FIBARO 3","author":"Editorial Team","date":"23\/11\/2025","format":false,"excerpt":"Main Features Multi-protocol smart home gateway supporting Z-Wave Plus, Wi-Fi, Zigbee, and additional integrations for broad device compatibility. High-performance hardware enabling fast automation processing and stable long-term operation. Advanced scene creation tools allowing both simple and complex automation rules through visual blocks or LUA scripting. Secure remote access to monitor\u2026","rel":"","context":"Article similaire","block_context":{"text":"Article similaire","link":""},"img":{"alt_text":"FIBARO Home Center 3 - planitpower","src":"https:\/\/i0.wp.com\/planitpower.com\/wp-content\/uploads\/2025\/11\/HC-3.jpg?fit=900%2C449&ssl=1&resize=350%2C200","width":350,"height":200,"srcset":"https:\/\/i0.wp.com\/planitpower.com\/wp-content\/uploads\/2025\/11\/HC-3.jpg?fit=900%2C449&ssl=1&resize=350%2C200 1x, https:\/\/i0.wp.com\/planitpower.com\/wp-content\/uploads\/2025\/11\/HC-3.jpg?fit=900%2C449&ssl=1&resize=525%2C300 1.5x, https:\/\/i0.wp.com\/planitpower.com\/wp-content\/uploads\/2025\/11\/HC-3.jpg?fit=900%2C449&ssl=1&resize=700%2C400 2x"},"classes":[]},{"id":4670,"url":"https:\/\/planitpower.com\/fr\/boutique\/cle-usb-aeotec-z-stick-10-pro-z-wave-zigbee\/","url_meta":{"origin":4679,"position":1},"title":"Cl\u00e9 USB Aeotec Z-Stick 10 Pro Z-Wave Zigbee","author":"Editorial Team","date":"18\/11\/2025","format":false,"excerpt":"Main features Dual-protocol support: Combines Z-Wave 800-series\/Long-Range and Zigbee 3.0 in a single USB controller, letting you manage devices across both ecosystems seamlessly. Local operation, cloud-free: All device control and automation take place locally on your network, which means faster response times, improved reliability and enhanced privacy. Broad compatibility: Works\u2026","rel":"","context":"Article similaire","block_context":{"text":"Article similaire","link":""},"img":{"alt_text":"Aeotec Z-Stick 10 Pro Z-Wave Zigbee - planitpower","src":"https:\/\/i0.wp.com\/planitpower.com\/wp-content\/uploads\/2025\/11\/Z-Stick-10-Pro_Packaging_-3-scaled.webp?fit=1200%2C900&ssl=1&resize=350%2C200","width":350,"height":200,"srcset":"https:\/\/i0.wp.com\/planitpower.com\/wp-content\/uploads\/2025\/11\/Z-Stick-10-Pro_Packaging_-3-scaled.webp?fit=1200%2C900&ssl=1&resize=350%2C200 1x, https:\/\/i0.wp.com\/planitpower.com\/wp-content\/uploads\/2025\/11\/Z-Stick-10-Pro_Packaging_-3-scaled.webp?fit=1200%2C900&ssl=1&resize=525%2C300 1.5x, https:\/\/i0.wp.com\/planitpower.com\/wp-content\/uploads\/2025\/11\/Z-Stick-10-Pro_Packaging_-3-scaled.webp?fit=1200%2C900&ssl=1&resize=700%2C400 2x, https:\/\/i0.wp.com\/planitpower.com\/wp-content\/uploads\/2025\/11\/Z-Stick-10-Pro_Packaging_-3-scaled.webp?fit=1200%2C900&ssl=1&resize=1050%2C600 3x"},"classes":[]},{"id":4231,"url":"https:\/\/planitpower.com\/fr\/boutique\/hub-de-panneau-aqara-s1-plus-eu\/","url_meta":{"origin":4679,"position":2},"title":"Aqara Panel Hub S1 Plus UE","author":"Editorial Team","date":"25\/12\/2025","format":false,"excerpt":"Main Features All-in-One Smart Control Panel: Combines a powerful Zigbee 3.0 hub with a customizable wall panel to manage multiple smart devices from one place. Touchscreen Interface: 4-inch high-definition LCD display offering an intuitive and responsive user experience. Zigbee 3.0 Compatibility: Connects and controls up to 128 Aqara and other\u2026","rel":"","context":"Article similaire","block_context":{"text":"Article similaire","link":""},"img":{"alt_text":"Display Switch V1 EU - planitpower - 2","src":"https:\/\/i0.wp.com\/planitpower.com\/wp-content\/uploads\/2025\/11\/Panel-Hub-S1.jpg?fit=1000%2C1000&ssl=1&resize=350%2C200","width":350,"height":200,"srcset":"https:\/\/i0.wp.com\/planitpower.com\/wp-content\/uploads\/2025\/11\/Panel-Hub-S1.jpg?fit=1000%2C1000&ssl=1&resize=350%2C200 1x, https:\/\/i0.wp.com\/planitpower.com\/wp-content\/uploads\/2025\/11\/Panel-Hub-S1.jpg?fit=1000%2C1000&ssl=1&resize=525%2C300 1.5x, https:\/\/i0.wp.com\/planitpower.com\/wp-content\/uploads\/2025\/11\/Panel-Hub-S1.jpg?fit=1000%2C1000&ssl=1&resize=700%2C400 2x"},"classes":[]},{"id":4553,"url":"https:\/\/planitpower.com\/fr\/boutique\/moyeu-aqara-m100\/","url_meta":{"origin":4679,"position":3},"title":"Hub Aqara M100","author":"Editorial Team","date":"15\/11\/2025","format":false,"excerpt":"Caract\u00e9ristiques principales\u00a0: Hub multiprotocole\u00a0: Compatible Zigbee, Thread et Wi-Fi, il permet de connecter une large gamme d\u2019appareils intelligents utilisant diff\u00e9rentes normes depuis un seul hub. Int\u00e9gration Matter\u00a0: Fonctionne \u00e0 la fois comme un pont Matter (int\u00e9grant les appareils Zigbee aux \u00e9cosyst\u00e8mes Matter) et comme un contr\u00f4leur Matter, pour une utilisation multiplateforme plus fluide et une maison connect\u00e9e \u00e9volutive.","rel":"","context":"Article similaire","block_context":{"text":"Article similaire","link":""},"img":{"alt_text":"Aqara Hub M100 - planitpower - 4","src":"https:\/\/i0.wp.com\/planitpower.com\/wp-content\/uploads\/2025\/11\/Aqara_Hub_M100___Wit_LAQ00095_m10_big.jpg?fit=600%2C600&ssl=1&resize=350%2C200","width":350,"height":200,"srcset":"https:\/\/i0.wp.com\/planitpower.com\/wp-content\/uploads\/2025\/11\/Aqara_Hub_M100___Wit_LAQ00095_m10_big.jpg?fit=600%2C600&ssl=1&resize=350%2C200 1x, https:\/\/i0.wp.com\/planitpower.com\/wp-content\/uploads\/2025\/11\/Aqara_Hub_M100___Wit_LAQ00095_m10_big.jpg?fit=600%2C600&ssl=1&resize=525%2C300 1.5x"},"classes":[]},{"id":4574,"url":"https:\/\/planitpower.com\/fr\/boutique\/hub-aqara-e1\/","url_meta":{"origin":4679,"position":4},"title":"Aqara Hub E1","author":"Editorial Team","date":"15\/11\/2025","format":false,"excerpt":"Caract\u00e9ristiques principales : Compatibilit\u00e9 \u00e9tendue avec les \u00e9cosyst\u00e8mes : Le hub E1 permet \u00e0 vos appareils Aqara pour enfants de s&#039;int\u00e9grer aux principales plateformes, notamment Apple HomeKit, Amazon Alexa, Google Assistant et IFTTT, vous offrant ainsi un contr\u00f4le vocal et via application gr\u00e2ce \u00e0 des syst\u00e8mes familiers. Prise en charge de jusqu&#039;\u00e0 128 appareils Zigbee : Utilisant la technologie Zigbee 3.0, ce hub prend en charge\u2026","rel":"","context":"Article similaire","block_context":{"text":"Article similaire","link":""},"img":{"alt_text":"Aqara Hub E1 - planitpower - 1","src":"https:\/\/i0.wp.com\/planitpower.com\/wp-content\/uploads\/2025\/11\/Aqara-Hub-E1-packshot_1920x1920.jpg?fit=1000%2C1000&ssl=1&resize=350%2C200","width":350,"height":200,"srcset":"https:\/\/i0.wp.com\/planitpower.com\/wp-content\/uploads\/2025\/11\/Aqara-Hub-E1-packshot_1920x1920.jpg?fit=1000%2C1000&ssl=1&resize=350%2C200 1x, https:\/\/i0.wp.com\/planitpower.com\/wp-content\/uploads\/2025\/11\/Aqara-Hub-E1-packshot_1920x1920.jpg?fit=1000%2C1000&ssl=1&resize=525%2C300 1.5x, https:\/\/i0.wp.com\/planitpower.com\/wp-content\/uploads\/2025\/11\/Aqara-Hub-E1-packshot_1920x1920.jpg?fit=1000%2C1000&ssl=1&resize=700%2C400 2x"},"classes":[]},{"id":5047,"url":"https:\/\/planitpower.com\/fr\/boutique\/concentrateur-lan-zigbee-netplus\/","url_meta":{"origin":4679,"position":5},"title":"Concentrateur LAN Zigbee Netplus","author":"Editorial Team","date":"23\/11\/2025","format":false,"excerpt":"Main Features Zigbee 3.0 CompatibilityWorks with a broad range of Zigbee-certified smart home devices, offering strong interoperability and future-proof integration. Stable LAN ConnectivityUses a wired Ethernet connection for maximum reliability, reduced latency, and secure data transfer. Local Control CapabilitySupports local operation for faster response times and enhanced privacy without relying\u2026","rel":"","context":"Article similaire","block_context":{"text":"Article similaire","link":""},"img":{"alt_text":"Netplus Zigbee LAN Hub - planitpower - 2","src":"https:\/\/i0.wp.com\/planitpower.com\/wp-content\/uploads\/2025\/11\/Zigbee-LAN-gateway.jpg?fit=800%2C800&ssl=1&resize=350%2C200","width":350,"height":200,"srcset":"https:\/\/i0.wp.com\/planitpower.com\/wp-content\/uploads\/2025\/11\/Zigbee-LAN-gateway.jpg?fit=800%2C800&ssl=1&resize=350%2C200 1x, https:\/\/i0.wp.com\/planitpower.com\/wp-content\/uploads\/2025\/11\/Zigbee-LAN-gateway.jpg?fit=800%2C800&ssl=1&resize=525%2C300 1.5x, https:\/\/i0.wp.com\/planitpower.com\/wp-content\/uploads\/2025\/11\/Zigbee-LAN-gateway.jpg?fit=800%2C800&ssl=1&resize=700%2C400 2x"},"classes":[]}],"_links":{"self":[{"href":"https:\/\/planitpower.com\/fr\/wp-json\/wp\/v2\/product\/4679","targetHints":{"allow":["GET"]}}],"collection":[{"href":"https:\/\/planitpower.com\/fr\/wp-json\/wp\/v2\/product"}],"about":[{"href":"https:\/\/planitpower.com\/fr\/wp-json\/wp\/v2\/types\/product"}],"replies":[{"embeddable":true,"href":"https:\/\/planitpower.com\/fr\/wp-json\/wp\/v2\/comments?post=4679"}],"version-history":[{"count":1,"href":"https:\/\/planitpower.com\/fr\/wp-json\/wp\/v2\/product\/4679\/revisions"}],"predecessor-version":[{"id":5995,"href":"https:\/\/planitpower.com\/fr\/wp-json\/wp\/v2\/product\/4679\/revisions\/5995"}],"wp:featuredmedia":[{"embeddable":true,"href":"https:\/\/planitpower.com\/fr\/wp-json\/wp\/v2\/media\/4680"}],"wp:attachment":[{"href":"https:\/\/planitpower.com\/fr\/wp-json\/wp\/v2\/media?parent=4679"}],"wp:term":[{"taxonomy":"product_brand","embeddable":true,"href":"https:\/\/planitpower.com\/fr\/wp-json\/wp\/v2\/product_brand?post=4679"},{"taxonomy":"product_cat","embeddable":true,"href":"https:\/\/planitpower.com\/fr\/wp-json\/wp\/v2\/product_cat?post=4679"},{"taxonomy":"product_tag","embeddable":true,"href":"https:\/\/planitpower.com\/fr\/wp-json\/wp\/v2\/product_tag?post=4679"}],"curies":[{"name":"wp","href":"https:\/\/api.w.org\/{rel}","templated":true}]}}