{"id":4685,"date":"2025-11-18T23:24:26","date_gmt":"2025-11-18T23:24:26","guid":{"rendered":"https:\/\/planitpower.com\/?post_type=product&#038;p=4685"},"modified":"2026-04-17T22:15:24","modified_gmt":"2026-04-17T22:15:24","slug":"interrupteur-tactile-en-verre-mco-home-gen5-a-1-bouton","status":"publish","type":"product","link":"https:\/\/planitpower.com\/fr\/boutique\/interrupteur-tactile-en-verre-mco-home-gen5-a-1-bouton\/","title":{"rendered":"Interrupteur tactile en verre MCO Home GEN5 (1 bouton)"},"content":{"rendered":"<h2 class=\"wp-block-heading\">Description<\/h2>\n\n\n\n<p>L&#039;interrupteur tactile en verre MCO Home GEN5 (1 bouton) est un interrupteur mural intelligent haut de gamme con\u00e7u pour int\u00e9grer harmonieusement l&#039;\u00e9clairage moderne (et autres appareils \u00e9lectriques) \u00e0 un r\u00e9seau domotique Z-Wave. Son panneau tactile en verre \u00e0 un seul bouton int\u00e8gre un relais et offre \u00e0 la fois une commande tactile locale et des commandes sans fil Z-Wave. L&#039;appareil prend \u00e9galement en charge l&#039;activation de sc\u00e9narios et les associations directes, permettant ainsi de contr\u00f4ler d&#039;autres appareils connect\u00e9s d&#039;un simple effleurement. Gr\u00e2ce \u00e0 sa fa\u00e7ade en verre raffin\u00e9e et \u00e0 son design minimaliste, il peut remplacer les interrupteurs muraux classiques sans modifier le c\u00e2blage ni n\u00e9cessiter de modules encastr\u00e9s suppl\u00e9mentaires. <\/p>\n\n\n\n<p>Cet interrupteur intelligent prend enti\u00e8rement en charge la communication bidirectionnelle au sein d&#039;un r\u00e9seau maill\u00e9 Z-Wave (par exemple via des passerelles comme celles d&#039;Aeotec ou d&#039;EZLO), ce qui le rend id\u00e9al pour les espaces de vie haut de gamme \u00e0 domicile intelligents o\u00f9 design, fonctionnalit\u00e9 et automatisation se rencontrent.<\/p>\n\n\n\n<h2 class=\"wp-block-heading\">Sp\u00e9cifications techniques<\/h2>\n\n\n\n<figure class=\"wp-block-table\"><table class=\"has-fixed-layout\"><thead><tr><th>Sp\u00e9cifications<\/th><th>Valeur<\/th><\/tr><\/thead><tbody><tr><td>Mod\u00e8le \/ UGS<\/td><td>MCOETPS411 (\u00e9galement r\u00e9f\u00e9renc\u00e9 sous le nom de TPS411)<\/td><\/tr><tr><td>Tension de fonctionnement<\/td><td>230 V CA<\/td><\/tr><tr><td>Charge de commutation maximale<\/td><td>~1 100 W<\/td><\/tr><tr><td>Courant de charge nominal<\/td><td>~5 A<\/td><\/tr><tr><td>Protocole sans fil<\/td><td>Z-Wave Plus (Europe\u00a0: 868,4 MHz)<\/td><\/tr><tr><td>Dimensions de l&#039;appareil (L x H x P)<\/td><td>86 \u00d7 86 \u00d7 41 mm<\/td><\/tr><tr><td>Indice de protection<\/td><td>IP20 (usage int\u00e9rieur uniquement)<\/td><\/tr><tr><td>Exigence relative au fil neutre<\/td><td>Oui (pour un syst\u00e8me \u00e0 3 fils)<\/td><\/tr><tr><td>Sc\u00e8ne\/Association soutenue<\/td><td>Jusqu&#039;\u00e0 deux groupes d&#039;association directe (associations d&#039;appareils)<\/td><\/tr><tr><td>Indicateur d&#039;\u00e9tat<\/td><td>LED bleue derri\u00e8re le bouton tactile<\/td><\/tr><\/tbody><\/table><\/figure>","protected":false},"excerpt":{"rendered":"<h2 data-start=\"1000\" data-end=\"1018\">Caract\u00e9ristiques principales<\/h2>\n<ul data-start=\"1019\" data-end=\"1842\">\n<li data-start=\"1019\" data-end=\"1129\">\n<p data-start=\"1021\" data-end=\"1129\">Panneau tactile \u00e9l\u00e9gant en verre avec un bouton capacitif et une LED d&#039;\u00e9tat indiquant l&#039;\u00e9tat de commutation.<\/p>\n<\/li>\n<li data-start=\"1130\" data-end=\"1276\">\n<p data-start=\"1132\" data-end=\"1276\">Relais int\u00e9gr\u00e9 capable de commuter des charges jusqu&#039;\u00e0 environ 1 100 W \u00e0 230 V, permettant le contr\u00f4le direct de l&#039;\u00e9clairage ou d&#039;autres charges \u00e9lectriques.<\/p>\n<\/li>\n<li data-start=\"1277\" data-end=\"1398\">\n<p data-start=\"1279\" data-end=\"1398\">La communication Z-Wave Plus compl\u00e8te permet l&#039;int\u00e9gration dans les syst\u00e8mes domotiques, le contr\u00f4le \u00e0 distance et la prise en charge des r\u00e9seaux maill\u00e9s.<\/p>\n<\/li>\n<li data-start=\"1399\" data-end=\"1558\">\n<p data-start=\"1401\" data-end=\"1558\">Prise en charge du contr\u00f4le de sc\u00e8nes et de l&#039;association d&#039;appareils\u00a0: outre la commutation de sa propre charge, l&#039;appareil peut servir de d\u00e9clencheur de sc\u00e8ne ou contr\u00f4ler directement les appareils associ\u00e9s.<\/p>\n<\/li>\n<li data-start=\"1559\" data-end=\"1722\">\n<p data-start=\"1561\" data-end=\"1722\">Remplacement direct des interrupteurs muraux standard\u00a0: s\u2019adapte \u00e0 une bo\u00eete d\u2019encastrement conventionnelle et permet la r\u00e9utilisation du c\u00e2blage existant (neutre requis dans les syst\u00e8mes \u00e0 trois fils).<\/p>\n<\/li>\n<li data-start=\"1723\" data-end=\"1842\">\n<p data-start=\"1725\" data-end=\"1842\">Montage int\u00e9rieur (IP20), pr\u00eat \u00e0 \u00eatre install\u00e9 avec le cadre en verre inclus \u2013 id\u00e9al pour les espaces de vie o\u00f9 le design compte.<\/p>\n<\/li>\n<\/ul>","protected":false},"featured_media":4686,"comment_status":"open","ping_status":"closed","template":"","meta":{"jetpack_post_was_ever_published":false,"jetpack_publicize_message":"","jetpack_publicize_feature_enabled":false,"jetpack_social_post_already_shared":false,"jetpack_social_options":{"image_generator_settings":{"template":"highway","default_image_id":0,"font":"","enabled":false},"version":2}},"product_brand":[153],"product_cat":[122],"product_tag":[],"class_list":{"0":"post-4685","1":"product","2":"type-product","3":"status-publish","4":"has-post-thumbnail","6":"product_brand-mco","7":"product_cat-home-automation-hubs-ecosystems","9":"first","10":"instock","11":"taxable","12":"shipping-taxable","13":"purchasable","14":"product-type-simple"},"yoast_head":"<!-- This site is optimized with the Yoast SEO plugin v27.5 - https:\/\/yoast.com\/product\/yoast-seo-wordpress\/ -->\n<title>MCO Home Glass Touch Switch GEN5 (1 Button) - Planitpower<\/title>\n<meta name=\"description\" content=\"Upgrade your smart home with the sleek MCO\u202fHome\u202fGlass\u202fTouch\u202fSwitch\u202fGEN5\u202f(1\u202fButton) \u2014 a Z-Wave Plus glass-touch wall switch with scene control, 1 100 W relay and built-in LED status indicator.\" \/>\n<meta name=\"robots\" content=\"index, follow, max-snippet:-1, max-image-preview:large, max-video-preview:-1\" \/>\n<link rel=\"canonical\" href=\"https:\/\/planitpower.com\/fr\/boutique\/interrupteur-tactile-en-verre-mco-home-gen5-a-1-bouton\/\" \/>\n<meta property=\"og:locale\" content=\"fr_FR\" \/>\n<meta property=\"og:type\" content=\"article\" \/>\n<meta property=\"og:title\" content=\"MCO Home Glass Touch Switch GEN5 (1 Button) - Planitpower\" \/>\n<meta property=\"og:description\" content=\"Upgrade your smart home with the sleek MCO\u202fHome\u202fGlass\u202fTouch\u202fSwitch\u202fGEN5\u202f(1\u202fButton) \u2014 a Z-Wave Plus glass-touch wall switch with scene control, 1 100 W relay and built-in LED status indicator.\" \/>\n<meta property=\"og:url\" content=\"https:\/\/planitpower.com\/fr\/boutique\/interrupteur-tactile-en-verre-mco-home-gen5-a-1-bouton\/\" \/>\n<meta property=\"og:site_name\" content=\"Planitpower\" \/>\n<meta property=\"article:modified_time\" content=\"2026-04-17T22:15:24+00:00\" \/>\n<meta property=\"og:image\" content=\"https:\/\/planitpower.com\/wp-content\/uploads\/2025\/11\/12837_0-scaled.webp\" \/>\n\t<meta property=\"og:image:width\" content=\"2560\" \/>\n\t<meta property=\"og:image:height\" content=\"1707\" \/>\n\t<meta property=\"og:image:type\" content=\"image\/webp\" \/>\n<meta name=\"twitter:card\" content=\"summary_large_image\" \/>\n<meta name=\"twitter:label1\" content=\"Dur\u00e9e de lecture estim\u00e9e\" \/>\n\t<meta name=\"twitter:data1\" content=\"2 minutes\" \/>\n<script type=\"application\/ld+json\" class=\"yoast-schema-graph\">{\"@context\":\"https:\\\/\\\/schema.org\",\"@graph\":[{\"@type\":\"WebPage\",\"@id\":\"https:\\\/\\\/planitpower.com\\\/shop\\\/mco-home-glass-touch-switch-gen5-1-button\\\/\",\"url\":\"https:\\\/\\\/planitpower.com\\\/shop\\\/mco-home-glass-touch-switch-gen5-1-button\\\/\",\"name\":\"MCO Home Glass Touch Switch GEN5 (1 Button) - Planitpower\",\"isPartOf\":{\"@id\":\"https:\\\/\\\/planitpower.com\\\/#website\"},\"primaryImageOfPage\":{\"@id\":\"https:\\\/\\\/planitpower.com\\\/shop\\\/mco-home-glass-touch-switch-gen5-1-button\\\/#primaryimage\"},\"image\":{\"@id\":\"https:\\\/\\\/planitpower.com\\\/shop\\\/mco-home-glass-touch-switch-gen5-1-button\\\/#primaryimage\"},\"thumbnailUrl\":\"https:\\\/\\\/i0.wp.com\\\/planitpower.com\\\/wp-content\\\/uploads\\\/2025\\\/11\\\/12837_0-scaled.webp?fit=2560%2C1707&ssl=1\",\"datePublished\":\"2025-11-18T23:24:26+00:00\",\"dateModified\":\"2026-04-17T22:15:24+00:00\",\"description\":\"Upgrade your smart home with the sleek MCO\u202fHome\u202fGlass\u202fTouch\u202fSwitch\u202fGEN5\u202f(1\u202fButton) \u2014 a Z-Wave Plus glass-touch wall switch with scene control, 1 100 W relay and built-in LED status indicator.\",\"breadcrumb\":{\"@id\":\"https:\\\/\\\/planitpower.com\\\/shop\\\/mco-home-glass-touch-switch-gen5-1-button\\\/#breadcrumb\"},\"inLanguage\":\"fr-FR\",\"potentialAction\":[{\"@type\":\"ReadAction\",\"target\":[\"https:\\\/\\\/planitpower.com\\\/shop\\\/mco-home-glass-touch-switch-gen5-1-button\\\/\"]}]},{\"@type\":\"ImageObject\",\"inLanguage\":\"fr-FR\",\"@id\":\"https:\\\/\\\/planitpower.com\\\/shop\\\/mco-home-glass-touch-switch-gen5-1-button\\\/#primaryimage\",\"url\":\"https:\\\/\\\/i0.wp.com\\\/planitpower.com\\\/wp-content\\\/uploads\\\/2025\\\/11\\\/12837_0-scaled.webp?fit=2560%2C1707&ssl=1\",\"contentUrl\":\"https:\\\/\\\/i0.wp.com\\\/planitpower.com\\\/wp-content\\\/uploads\\\/2025\\\/11\\\/12837_0-scaled.webp?fit=2560%2C1707&ssl=1\",\"width\":2560,\"height\":1707,\"caption\":\"MCO Home Glass Touch Switch GEN5 (1 Button) - planitpower - 1\"},{\"@type\":\"BreadcrumbList\",\"@id\":\"https:\\\/\\\/planitpower.com\\\/shop\\\/mco-home-glass-touch-switch-gen5-1-button\\\/#breadcrumb\",\"itemListElement\":[{\"@type\":\"ListItem\",\"position\":1,\"name\":\"Home\",\"item\":\"https:\\\/\\\/planitpower.com\\\/\"},{\"@type\":\"ListItem\",\"position\":2,\"name\":\"SHOP\",\"item\":\"https:\\\/\\\/planitpower.com\\\/shop\\\/\"},{\"@type\":\"ListItem\",\"position\":3,\"name\":\"MCO Home Glass Touch Switch GEN5 (1 Button)\"}]},{\"@type\":\"WebSite\",\"@id\":\"https:\\\/\\\/planitpower.com\\\/#website\",\"url\":\"https:\\\/\\\/planitpower.com\\\/\",\"name\":\"Planitpower\",\"description\":\"Inspire energy\",\"publisher\":{\"@id\":\"https:\\\/\\\/planitpower.com\\\/#\\\/schema\\\/person\\\/b531587eda267b930b04174d12de6efa\"},\"potentialAction\":[{\"@type\":\"SearchAction\",\"target\":{\"@type\":\"EntryPoint\",\"urlTemplate\":\"https:\\\/\\\/planitpower.com\\\/?s={search_term_string}\"},\"query-input\":{\"@type\":\"PropertyValueSpecification\",\"valueRequired\":true,\"valueName\":\"search_term_string\"}}],\"inLanguage\":\"fr-FR\"},{\"@type\":[\"Person\",\"Organization\"],\"@id\":\"https:\\\/\\\/planitpower.com\\\/#\\\/schema\\\/person\\\/b531587eda267b930b04174d12de6efa\",\"name\":\"Editorial Team\",\"image\":{\"@type\":\"ImageObject\",\"inLanguage\":\"fr-FR\",\"@id\":\"https:\\\/\\\/i0.wp.com\\\/planitpower.com\\\/wp-content\\\/uploads\\\/2025\\\/12\\\/cropped-planitpower_circle_375x375.png?fit=512%2C512&ssl=1\",\"url\":\"https:\\\/\\\/i0.wp.com\\\/planitpower.com\\\/wp-content\\\/uploads\\\/2025\\\/12\\\/cropped-planitpower_circle_375x375.png?fit=512%2C512&ssl=1\",\"contentUrl\":\"https:\\\/\\\/i0.wp.com\\\/planitpower.com\\\/wp-content\\\/uploads\\\/2025\\\/12\\\/cropped-planitpower_circle_375x375.png?fit=512%2C512&ssl=1\",\"width\":512,\"height\":512,\"caption\":\"Editorial Team\"},\"logo\":{\"@id\":\"https:\\\/\\\/i0.wp.com\\\/planitpower.com\\\/wp-content\\\/uploads\\\/2025\\\/12\\\/cropped-planitpower_circle_375x375.png?fit=512%2C512&ssl=1\"},\"sameAs\":[\"https:\\\/\\\/Planitpower.com\"]}]}<\/script>\n<!-- \/ Yoast SEO plugin. -->","yoast_head_json":{"title":"Interrupteur tactile en verre MCO Home GEN5 (1 bouton) - Planitpower","description":"Am\u00e9liorez votre maison intelligente avec l&#039;\u00e9l\u00e9gant interrupteur tactile en verre MCO Home GEN5 (1 bouton) \u2014 un interrupteur mural tactile en verre Z-Wave Plus avec contr\u00f4le de sc\u00e8ne, 1 relais de 100 W et indicateur d&#039;\u00e9tat LED int\u00e9gr\u00e9.","robots":{"index":"index","follow":"follow","max-snippet":"max-snippet:-1","max-image-preview":"max-image-preview:large","max-video-preview":"max-video-preview:-1"},"canonical":"https:\/\/planitpower.com\/fr\/boutique\/interrupteur-tactile-en-verre-mco-home-gen5-a-1-bouton\/","og_locale":"fr_FR","og_type":"article","og_title":"MCO Home Glass Touch Switch GEN5 (1 Button) - Planitpower","og_description":"Upgrade your smart home with the sleek MCO\u202fHome\u202fGlass\u202fTouch\u202fSwitch\u202fGEN5\u202f(1\u202fButton) \u2014 a Z-Wave Plus glass-touch wall switch with scene control, 1 100 W relay and built-in LED status indicator.","og_url":"https:\/\/planitpower.com\/fr\/boutique\/interrupteur-tactile-en-verre-mco-home-gen5-a-1-bouton\/","og_site_name":"Planitpower","article_modified_time":"2026-04-17T22:15:24+00:00","og_image":[{"width":2560,"height":1707,"url":"https:\/\/planitpower.com\/wp-content\/uploads\/2025\/11\/12837_0-scaled.webp","type":"image\/webp"}],"twitter_card":"summary_large_image","twitter_misc":{"Dur\u00e9e de lecture estim\u00e9e":"2 minutes"},"schema":{"@context":"https:\/\/schema.org","@graph":[{"@type":"WebPage","@id":"https:\/\/planitpower.com\/shop\/mco-home-glass-touch-switch-gen5-1-button\/","url":"https:\/\/planitpower.com\/shop\/mco-home-glass-touch-switch-gen5-1-button\/","name":"Interrupteur tactile en verre MCO Home GEN5 (1 bouton) - Planitpower","isPartOf":{"@id":"https:\/\/planitpower.com\/#website"},"primaryImageOfPage":{"@id":"https:\/\/planitpower.com\/shop\/mco-home-glass-touch-switch-gen5-1-button\/#primaryimage"},"image":{"@id":"https:\/\/planitpower.com\/shop\/mco-home-glass-touch-switch-gen5-1-button\/#primaryimage"},"thumbnailUrl":"https:\/\/i0.wp.com\/planitpower.com\/wp-content\/uploads\/2025\/11\/12837_0-scaled.webp?fit=2560%2C1707&ssl=1","datePublished":"2025-11-18T23:24:26+00:00","dateModified":"2026-04-17T22:15:24+00:00","description":"Am\u00e9liorez votre maison intelligente avec l&#039;\u00e9l\u00e9gant interrupteur tactile en verre MCO Home GEN5 (1 bouton) \u2014 un interrupteur mural tactile en verre Z-Wave Plus avec contr\u00f4le de sc\u00e8ne, 1 relais de 100 W et indicateur d&#039;\u00e9tat LED int\u00e9gr\u00e9.","breadcrumb":{"@id":"https:\/\/planitpower.com\/shop\/mco-home-glass-touch-switch-gen5-1-button\/#breadcrumb"},"inLanguage":"fr-FR","potentialAction":[{"@type":"ReadAction","target":["https:\/\/planitpower.com\/shop\/mco-home-glass-touch-switch-gen5-1-button\/"]}]},{"@type":"ImageObject","inLanguage":"fr-FR","@id":"https:\/\/planitpower.com\/shop\/mco-home-glass-touch-switch-gen5-1-button\/#primaryimage","url":"https:\/\/i0.wp.com\/planitpower.com\/wp-content\/uploads\/2025\/11\/12837_0-scaled.webp?fit=2560%2C1707&ssl=1","contentUrl":"https:\/\/i0.wp.com\/planitpower.com\/wp-content\/uploads\/2025\/11\/12837_0-scaled.webp?fit=2560%2C1707&ssl=1","width":2560,"height":1707,"caption":"MCO Home Glass Touch Switch GEN5 (1 Button) - planitpower - 1"},{"@type":"BreadcrumbList","@id":"https:\/\/planitpower.com\/shop\/mco-home-glass-touch-switch-gen5-1-button\/#breadcrumb","itemListElement":[{"@type":"ListItem","position":1,"name":"Home","item":"https:\/\/planitpower.com\/"},{"@type":"ListItem","position":2,"name":"SHOP","item":"https:\/\/planitpower.com\/shop\/"},{"@type":"ListItem","position":3,"name":"MCO Home Glass Touch Switch GEN5 (1 Button)"}]},{"@type":"WebSite","@id":"https:\/\/planitpower.com\/#website","url":"https:\/\/planitpower.com\/","name":"Planitpower","description":"Inspirons l'\u00e9nergie!","publisher":{"@id":"https:\/\/planitpower.com\/#\/schema\/person\/b531587eda267b930b04174d12de6efa"},"potentialAction":[{"@type":"SearchAction","target":{"@type":"EntryPoint","urlTemplate":"https:\/\/planitpower.com\/?s={search_term_string}"},"query-input":{"@type":"PropertyValueSpecification","valueRequired":true,"valueName":"search_term_string"}}],"inLanguage":"fr-FR"},{"@type":["Person","Organization"],"@id":"https:\/\/planitpower.com\/#\/schema\/person\/b531587eda267b930b04174d12de6efa","name":"Equipe \u00e9ditoriale","image":{"@type":"ImageObject","inLanguage":"fr-FR","@id":"https:\/\/i0.wp.com\/planitpower.com\/wp-content\/uploads\/2025\/12\/cropped-planitpower_circle_375x375.png?fit=512%2C512&ssl=1","url":"https:\/\/i0.wp.com\/planitpower.com\/wp-content\/uploads\/2025\/12\/cropped-planitpower_circle_375x375.png?fit=512%2C512&ssl=1","contentUrl":"https:\/\/i0.wp.com\/planitpower.com\/wp-content\/uploads\/2025\/12\/cropped-planitpower_circle_375x375.png?fit=512%2C512&ssl=1","width":512,"height":512,"caption":"Editorial Team"},"logo":{"@id":"https:\/\/i0.wp.com\/planitpower.com\/wp-content\/uploads\/2025\/12\/cropped-planitpower_circle_375x375.png?fit=512%2C512&ssl=1"},"sameAs":["https:\/\/Planitpower.com"]}]}},"jetpack_publicize_connections":[],"jetpack_likes_enabled":true,"jetpack_sharing_enabled":true,"jetpack-related-posts":[{"id":4913,"url":"https:\/\/planitpower.com\/fr\/boutique\/interrupteur-tactile-en-verre-mco-home-gen5-1-bouton-2\/","url_meta":{"origin":4685,"position":0},"title":"Interrupteur tactile en verre MCO Home GEN5 (1 bouton)","author":"Editorial Team","date":"21\/11\/2025","format":false,"excerpt":"Main Features Premium capacitive touch control with a tempered glass front panel Z-Wave Plus GEN5 technology for faster and more secure communication Compatible with major Z-Wave gateways and smart home platforms Supports remote on\/off control and automation scenarios Elegant LED indicator for visual status feedback Installation in standard EU wall\u2026","rel":"","context":"Article similaire","block_context":{"text":"Article similaire","link":""},"img":{"alt_text":"MCO Home Glass Touch Switch GEN5 1 Button - Planitpower","src":"https:\/\/i0.wp.com\/planitpower.com\/wp-content\/uploads\/2025\/11\/12837_0-1-scaled.webp?fit=1200%2C800&ssl=1&resize=350%2C200","width":350,"height":200,"srcset":"https:\/\/i0.wp.com\/planitpower.com\/wp-content\/uploads\/2025\/11\/12837_0-1-scaled.webp?fit=1200%2C800&ssl=1&resize=350%2C200 1x, https:\/\/i0.wp.com\/planitpower.com\/wp-content\/uploads\/2025\/11\/12837_0-1-scaled.webp?fit=1200%2C800&ssl=1&resize=525%2C300 1.5x, https:\/\/i0.wp.com\/planitpower.com\/wp-content\/uploads\/2025\/11\/12837_0-1-scaled.webp?fit=1200%2C800&ssl=1&resize=700%2C400 2x, https:\/\/i0.wp.com\/planitpower.com\/wp-content\/uploads\/2025\/11\/12837_0-1-scaled.webp?fit=1200%2C800&ssl=1&resize=1050%2C600 3x"},"classes":[]},{"id":4918,"url":"https:\/\/planitpower.com\/fr\/boutique\/interrupteur-tactile-en-verre-mco-home-gen5-a-2-boutons\/","url_meta":{"origin":4685,"position":1},"title":"Interrupteur tactile en verre MCO Home GEN5 (2 boutons)","author":"Editorial Team","date":"21\/11\/2025","format":false,"excerpt":"Main features Elegant glass touch panel with two independent touch buttons Integrated relays for direct control of two circuits (up to 1,100 W per channel) Z-Wave Plus technology for improved communication, range and efficiency LED status indicators behind each button for clear and immediate feedback Supports scene activation and multi-channel\u2026","rel":"","context":"Article similaire","block_context":{"text":"Article similaire","link":""},"img":{"alt_text":"MCO Home Glass Touch Switch GEN5 (2 Buttons) - planitpower","src":"https:\/\/i0.wp.com\/planitpower.com\/wp-content\/uploads\/2025\/11\/MCOETPS412B-scaled.webp?fit=1200%2C797&ssl=1&resize=350%2C200","width":350,"height":200,"srcset":"https:\/\/i0.wp.com\/planitpower.com\/wp-content\/uploads\/2025\/11\/MCOETPS412B-scaled.webp?fit=1200%2C797&ssl=1&resize=350%2C200 1x, https:\/\/i0.wp.com\/planitpower.com\/wp-content\/uploads\/2025\/11\/MCOETPS412B-scaled.webp?fit=1200%2C797&ssl=1&resize=525%2C300 1.5x, https:\/\/i0.wp.com\/planitpower.com\/wp-content\/uploads\/2025\/11\/MCOETPS412B-scaled.webp?fit=1200%2C797&ssl=1&resize=700%2C400 2x, https:\/\/i0.wp.com\/planitpower.com\/wp-content\/uploads\/2025\/11\/MCOETPS412B-scaled.webp?fit=1200%2C797&ssl=1&resize=1050%2C600 3x"},"classes":[]},{"id":4909,"url":"https:\/\/planitpower.com\/fr\/boutique\/variateur-tactile-en-verre-mco-home\/","url_meta":{"origin":4685,"position":2},"title":"Variateur tactile en verre MCO Home","author":"Editorial Team","date":"21\/11\/2025","format":false,"excerpt":"Main features Elegant glass touch surface with two touch-zones for intuitive ON\/OFF and dimming operation. Compatible with both 2-wire (no neutral) and 3-wire installations, easing retrofit into existing switch boxes. Automatic load-type detection and support for leading-edge and trailing-edge dimming, making it versatile for a broad range of light sources.\u2026","rel":"","context":"Article similaire","block_context":{"text":"Article similaire","link":""},"img":{"alt_text":"MCO Home Glass Touch Dimmer - planitpower","src":"https:\/\/i0.wp.com\/planitpower.com\/wp-content\/uploads\/2025\/11\/DT411-W_Shop.webp?fit=1200%2C797&ssl=1&resize=350%2C200","width":350,"height":200,"srcset":"https:\/\/i0.wp.com\/planitpower.com\/wp-content\/uploads\/2025\/11\/DT411-W_Shop.webp?fit=1200%2C797&ssl=1&resize=350%2C200 1x, https:\/\/i0.wp.com\/planitpower.com\/wp-content\/uploads\/2025\/11\/DT411-W_Shop.webp?fit=1200%2C797&ssl=1&resize=525%2C300 1.5x, https:\/\/i0.wp.com\/planitpower.com\/wp-content\/uploads\/2025\/11\/DT411-W_Shop.webp?fit=1200%2C797&ssl=1&resize=700%2C400 2x, https:\/\/i0.wp.com\/planitpower.com\/wp-content\/uploads\/2025\/11\/DT411-W_Shop.webp?fit=1200%2C797&ssl=1&resize=1050%2C600 3x"},"classes":[]},{"id":4737,"url":"https:\/\/planitpower.com\/fr\/boutique\/thermostat-de-chauffage-electrique-domestique-mco-avec-capteur-dhumidite\/","url_meta":{"origin":4685,"position":3},"title":"Thermostat de chauffage \u00e9lectrique domestique MCO avec capteur d&#039;humidit\u00e9, version 2","author":"Editorial Team","date":"19\/11\/2025","format":false,"excerpt":"Main Features Z-Wave thermostat for electrical heating systems, compatible with leading smart home gateways. Integrated temperature and humidity sensors for accurate climate monitoring. Capacitive touch glass panel, offering a premium, modern interface. Multiple heating modes, including manual, energy-saving, and programmable schedules. Built-in overload and safety protection for reliable operation. LED\u2026","rel":"","context":"Article similaire","block_context":{"text":"Article similaire","link":""},"img":{"alt_text":"MCO Home Electrical Heating Thermostat with humidity sensor Version 2 - planitpower","src":"https:\/\/i0.wp.com\/planitpower.com\/wp-content\/uploads\/2025\/11\/MH7-WH.jpg?fit=423%2C423&ssl=1&resize=350%2C200","width":350,"height":200},"classes":[]},{"id":4728,"url":"https:\/\/planitpower.com\/fr\/boutique\/capteur-de-co2-domestique-mco-230-v\/","url_meta":{"origin":4685,"position":4},"title":"MCO Home Capteur de CO2 230V","author":"Editorial Team","date":"19\/11\/2025","format":false,"excerpt":"Main features Real-time CO\u2082 monitoring (0-2000 ppm) with adjustable alarm threshold (default 1000 ppm), enabling responsive air-quality control. Integrated sensors for temperature and humidity (temperature range approx. -9 \u00b0C to +50 \u00b0C; humidity up to 99 % RH) for comprehensive environmental awareness. VOC (volatile organic compounds) detection in four levels\u2026","rel":"","context":"Article similaire","block_context":{"text":"Article similaire","link":""},"img":{"alt_text":"MCO Home CO2 Sensor 230V - planitpower - 1","src":"https:\/\/i0.wp.com\/planitpower.com\/wp-content\/uploads\/2025\/11\/13239_0.png?fit=423%2C423&ssl=1&resize=350%2C200","width":350,"height":200},"classes":[]},{"id":4717,"url":"https:\/\/planitpower.com\/fr\/boutique\/moniteurs-de-qualite-de-lair-mco-home-pm2-5-capteur-12-v\/","url_meta":{"origin":4685,"position":5},"title":"MCO Home Capteur PM2.5 Moniteurs de qualit\u00e9 de l'air - 12V","author":"Editorial Team","date":"19\/11\/2025","format":false,"excerpt":"Main features Real-time monitoring of PM2.5 (fine dust) concentration in the air, enabling quick awareness of changing air quality. Built-in sensors for ambient temperature and humidity, offering a fuller environmental picture in one unit. Sleek, modern interface featuring a tempered-glass front panel with touch or physical button controls for local\u2026","rel":"","context":"Article similaire","block_context":{"text":"Article similaire","link":""},"img":{"alt_text":"MCO Home PM2.5 Sensor Air Quality Monitors - 12V - planitpower","src":"https:\/\/i0.wp.com\/planitpower.com\/wp-content\/uploads\/2025\/11\/13240_0.png?fit=423%2C423&ssl=1&resize=350%2C200","width":350,"height":200},"classes":[]}],"_links":{"self":[{"href":"https:\/\/planitpower.com\/fr\/wp-json\/wp\/v2\/product\/4685","targetHints":{"allow":["GET"]}}],"collection":[{"href":"https:\/\/planitpower.com\/fr\/wp-json\/wp\/v2\/product"}],"about":[{"href":"https:\/\/planitpower.com\/fr\/wp-json\/wp\/v2\/types\/product"}],"replies":[{"embeddable":true,"href":"https:\/\/planitpower.com\/fr\/wp-json\/wp\/v2\/comments?post=4685"}],"version-history":[{"count":2,"href":"https:\/\/planitpower.com\/fr\/wp-json\/wp\/v2\/product\/4685\/revisions"}],"predecessor-version":[{"id":6350,"href":"https:\/\/planitpower.com\/fr\/wp-json\/wp\/v2\/product\/4685\/revisions\/6350"}],"wp:featuredmedia":[{"embeddable":true,"href":"https:\/\/planitpower.com\/fr\/wp-json\/wp\/v2\/media\/4686"}],"wp:attachment":[{"href":"https:\/\/planitpower.com\/fr\/wp-json\/wp\/v2\/media?parent=4685"}],"wp:term":[{"taxonomy":"product_brand","embeddable":true,"href":"https:\/\/planitpower.com\/fr\/wp-json\/wp\/v2\/product_brand?post=4685"},{"taxonomy":"product_cat","embeddable":true,"href":"https:\/\/planitpower.com\/fr\/wp-json\/wp\/v2\/product_cat?post=4685"},{"taxonomy":"product_tag","embeddable":true,"href":"https:\/\/planitpower.com\/fr\/wp-json\/wp\/v2\/product_tag?post=4685"}],"curies":[{"name":"wp","href":"https:\/\/api.w.org\/{rel}","templated":true}]}}