{"id":4694,"date":"2025-11-18T23:38:20","date_gmt":"2025-11-18T23:38:20","guid":{"rendered":"https:\/\/planitpower.com\/?post_type=product&#038;p=4694"},"modified":"2026-01-30T01:00:56","modified_gmt":"2026-01-30T01:00:56","slug":"thermostat-heatit-din","status":"publish","type":"product","link":"https:\/\/planitpower.com\/fr\/boutique\/thermostat-heatit-din\/","title":{"rendered":"Thermostat Heatit DIN"},"content":{"rendered":"<h2 class=\"wp-block-heading\"><strong>Description<\/strong><\/h2>\n\n\n\n<p>Le thermostat Heatit DIN est un thermostat compact et professionnel con\u00e7u pour une installation sur rail DIN dans les tableaux \u00e9lectriques. Destin\u00e9 \u00e0 g\u00e9rer avec une grande pr\u00e9cision les syst\u00e8mes de chauffage \u00e9lectrique, il convient aussi bien aux applications r\u00e9sidentielles, comme le chauffage au sol, qu&#039;aux environnements industriels plus exigeants.<br>Sa conception robuste lui permet de fonctionner dans une large plage de temp\u00e9ratures, ce qui la rend adapt\u00e9e \u00e0 toutes les applications, du chauffage int\u00e9rieur standard aux syst\u00e8mes de stockage frigorifique ou de protection contre le gel. L&#039;appareil est dot\u00e9 d&#039;une interface intuitive en fa\u00e7ade et accepte deux sondes NTC externes, permettant ainsi aux installateurs de surveiller simultan\u00e9ment la temp\u00e9rature ambiante et la temp\u00e9rature du sol.<br>Gr\u00e2ce \u00e0 la technologie de relais ZeroX, le thermostat coupe la charge au moment optimal (0 volt), r\u00e9duisant ainsi l&#039;usure des \u00e9l\u00e9ments chauffants et prolongeant leur dur\u00e9e de vie. Son format de montage sur rail DIN et sa taille compacte facilitent son int\u00e9gration dans les installations \u00e9lectriques neuves ou existantes.<\/p>\n\n\n\n<h2 class=\"wp-block-heading\"><strong>Sp\u00e9cifications techniques<\/strong><\/h2>\n\n\n\n<figure class=\"wp-block-table\"><table class=\"has-fixed-layout\"><thead><tr><th><strong>Sp\u00e9cifications<\/strong><\/th><th><strong>Valeur<\/strong><\/th><\/tr><\/thead><tbody><tr><td>Tension d'alimentation<\/td><td>230 V CA, 50 Hz<\/td><\/tr><tr><td>Charge maximale<\/td><td>16 A \/ 3600 W (contacteur recommand\u00e9 au-dessus de 13 A)<\/td><\/tr><tr><td>Plage de r\u00e9gulation de temp\u00e9rature<\/td><td>\u201330 \u00b0C \u00e0 +85 \u00b0C<\/td><\/tr><tr><td>temp\u00e9rature ambiante de fonctionnement<\/td><td>+5 \u00b0C \u00e0 +40 \u00b0C<\/td><\/tr><tr><td>Temp\u00e9rature de stockage<\/td><td>\u201330 \u00b0C \u00e0 +70 \u00b0C<\/td><\/tr><tr><td>entr\u00e9es des capteurs<\/td><td>2 capteurs NTC externes, plusieurs valeurs prises en charge (6,8\u2013100 k\u03a9 \u00e0 25 \u00b0C)<\/td><\/tr><tr><td>Longueur maximale du c\u00e2ble du capteur<\/td><td>50 m<\/td><\/tr><tr><td>Hyst\u00e9r\u00e8se<\/td><td>R\u00e9glable de 0,3 \u00e0 3,0 K<\/td><\/tr><tr><td>cycle temporel PWM<\/td><td>0 \u00e0 30 minutes<\/td><\/tr><tr><td>technologie de relais<\/td><td>ZeroX (commute \u00e0 0 V)<\/td><\/tr><tr><td>Classe de protection<\/td><td>IP20<\/td><\/tr><tr><td>Montage<\/td><td>Rail DIN (35 mm)<\/td><\/tr><tr><td>Dimensions<\/td><td>Environ 51 \u00d7 58 \u00d7 85 mm<\/td><\/tr><tr><td>Poids<\/td><td>Environ 130 g<\/td><\/tr><tr><td>Garantie<\/td><td>Garantie constructeur de 2 ans<\/td><\/tr><\/tbody><\/table><\/figure>","protected":false},"excerpt":{"rendered":"<h2 data-start=\"1414\" data-end=\"1436\"><strong data-start=\"1417\" data-end=\"1434\">Principales caract\u00e9ristiques<\/strong><\/h2>\n<ul data-start=\"1437\" data-end=\"2142\">\n<li data-start=\"1437\" data-end=\"1504\">\n<p data-start=\"1439\" data-end=\"1504\">Supporte les charges de chauffage r\u00e9sistives \u00e9lectriques jusqu&#039;\u00e0 16 A \/ 3600 W<\/p>\n<\/li>\n<li data-start=\"1505\" data-end=\"1587\">\n<p data-start=\"1507\" data-end=\"1587\">Technologie de commutation ZeroX pour une r\u00e9duction des contraintes m\u00e9caniques et une dur\u00e9e de vie des relais prolong\u00e9e.<\/p>\n<\/li>\n<li data-start=\"1588\" data-end=\"1672\">\n<p data-start=\"1590\" data-end=\"1672\">Deux entr\u00e9es pour capteurs NTC externes pour une surveillance pr\u00e9cise de la temp\u00e9rature ambiante et du sol<\/p>\n<\/li>\n<li data-start=\"1673\" data-end=\"1747\">\n<p data-start=\"1675\" data-end=\"1747\">Contr\u00f4le de temp\u00e9rature r\u00e9glable avec modes de fonctionnement Chauffage, Refroidissement et \u00c9co<\/p>\n<\/li>\n<li data-start=\"1748\" data-end=\"1844\">\n<p data-start=\"1750\" data-end=\"1844\">Large plage de r\u00e9gulation de temp\u00e9rature, adapt\u00e9e aux environnements r\u00e9sidentiels et industriels<\/p>\n<\/li>\n<li data-start=\"1845\" data-end=\"1922\">\n<p data-start=\"1847\" data-end=\"1922\">Fonction de mesure de puissance avec r\u00e9glage manuel lorsqu&#039;elle est utilis\u00e9e avec un contacteur<\/p>\n<\/li>\n<li data-start=\"1923\" data-end=\"1993\">\n<p data-start=\"1925\" data-end=\"1993\">Hyst\u00e9r\u00e9sis r\u00e9glable et cycle PWM pour un contr\u00f4le pr\u00e9cis du chauffage<\/p>\n<\/li>\n<li data-start=\"1994\" data-end=\"2070\">\n<p data-start=\"1996\" data-end=\"2070\">Fonction de verrouillage et d\u00e9tection d&#039;ouverture de fen\u00eatre pour plus de s\u00e9curit\u00e9 et d&#039;efficacit\u00e9 \u00e9nerg\u00e9tique<\/p>\n<\/li>\n<li data-start=\"2071\" data-end=\"2142\">\n<p data-start=\"2073\" data-end=\"2142\">Format compact sur rail DIN pour une int\u00e9gration facile dans les panneaux \u00e9lectriques<\/p>\n<\/li>\n<\/ul>","protected":false},"featured_media":4695,"comment_status":"open","ping_status":"closed","template":"","meta":{"jetpack_post_was_ever_published":false,"jetpack_publicize_message":"","jetpack_publicize_feature_enabled":false,"jetpack_social_post_already_shared":false,"jetpack_social_options":{"image_generator_settings":{"template":"highway","default_image_id":0,"font":"","enabled":false},"version":2}},"product_brand":[154],"product_cat":[155],"product_tag":[],"class_list":{"0":"post-4694","1":"product","2":"type-product","3":"status-publish","4":"has-post-thumbnail","6":"product_brand-heatit","7":"product_cat-smart-thermostat","9":"first","10":"instock","11":"taxable","12":"shipping-taxable","13":"purchasable","14":"product-type-simple"},"yoast_head":"<!-- This site is optimized with the Yoast SEO plugin v27.3 - https:\/\/yoast.com\/product\/yoast-seo-wordpress\/ -->\n<title>Heatit DIN Thermostat - Planitpower<\/title>\n<meta name=\"description\" content=\"Discover the versatile Heatit DIN Thermostat \u2013 a robust DIN-rail mounted thermostat offering resistive load control up to 16 A\/3600 W, dual sensor inputs, advanced functions for both residential and industrial heating applications.\" \/>\n<meta name=\"robots\" content=\"index, follow, max-snippet:-1, max-image-preview:large, max-video-preview:-1\" \/>\n<link rel=\"canonical\" href=\"https:\/\/planitpower.com\/fr\/boutique\/thermostat-heatit-din\/\" \/>\n<meta property=\"og:locale\" content=\"fr_FR\" \/>\n<meta property=\"og:type\" content=\"article\" \/>\n<meta property=\"og:title\" content=\"Heatit DIN Thermostat - Planitpower\" \/>\n<meta property=\"og:description\" content=\"Discover the versatile Heatit DIN Thermostat \u2013 a robust DIN-rail mounted thermostat offering resistive load control up to 16 A\/3600 W, dual sensor inputs, advanced functions for both residential and industrial heating applications.\" \/>\n<meta property=\"og:url\" content=\"https:\/\/planitpower.com\/fr\/boutique\/thermostat-heatit-din\/\" \/>\n<meta property=\"og:site_name\" content=\"Planitpower\" \/>\n<meta property=\"article:modified_time\" content=\"2026-01-30T01:00:56+00:00\" \/>\n<meta property=\"og:image\" content=\"https:\/\/i0.wp.com\/planitpower.com\/wp-content\/uploads\/2025\/11\/7071236019640-1.jpg?fit=1500%2C1500&ssl=1\" \/>\n\t<meta property=\"og:image:width\" content=\"1500\" \/>\n\t<meta property=\"og:image:height\" content=\"1500\" \/>\n\t<meta property=\"og:image:type\" content=\"image\/jpeg\" \/>\n<meta name=\"twitter:card\" content=\"summary_large_image\" \/>\n<meta name=\"twitter:label1\" content=\"Dur\u00e9e de lecture estim\u00e9e\" \/>\n\t<meta name=\"twitter:data1\" content=\"2 minutes\" \/>\n<script type=\"application\/ld+json\" class=\"yoast-schema-graph\">{\"@context\":\"https:\\\/\\\/schema.org\",\"@graph\":[{\"@type\":\"WebPage\",\"@id\":\"https:\\\/\\\/planitpower.com\\\/shop\\\/heatit-din-thermostat\\\/\",\"url\":\"https:\\\/\\\/planitpower.com\\\/shop\\\/heatit-din-thermostat\\\/\",\"name\":\"Heatit DIN Thermostat - Planitpower\",\"isPartOf\":{\"@id\":\"https:\\\/\\\/planitpower.com\\\/#website\"},\"primaryImageOfPage\":{\"@id\":\"https:\\\/\\\/planitpower.com\\\/shop\\\/heatit-din-thermostat\\\/#primaryimage\"},\"image\":{\"@id\":\"https:\\\/\\\/planitpower.com\\\/shop\\\/heatit-din-thermostat\\\/#primaryimage\"},\"thumbnailUrl\":\"https:\\\/\\\/i0.wp.com\\\/planitpower.com\\\/wp-content\\\/uploads\\\/2025\\\/11\\\/7071236019640-1.jpg?fit=1500%2C1500&ssl=1\",\"datePublished\":\"2025-11-18T23:38:20+00:00\",\"dateModified\":\"2026-01-30T01:00:56+00:00\",\"description\":\"Discover the versatile Heatit DIN Thermostat \u2013 a robust DIN-rail mounted thermostat offering resistive load control up to 16 A\\\/3600 W, dual sensor inputs, advanced functions for both residential and industrial heating applications.\",\"breadcrumb\":{\"@id\":\"https:\\\/\\\/planitpower.com\\\/shop\\\/heatit-din-thermostat\\\/#breadcrumb\"},\"inLanguage\":\"fr-FR\",\"potentialAction\":[{\"@type\":\"ReadAction\",\"target\":[\"https:\\\/\\\/planitpower.com\\\/shop\\\/heatit-din-thermostat\\\/\"]}]},{\"@type\":\"ImageObject\",\"inLanguage\":\"fr-FR\",\"@id\":\"https:\\\/\\\/planitpower.com\\\/shop\\\/heatit-din-thermostat\\\/#primaryimage\",\"url\":\"https:\\\/\\\/i0.wp.com\\\/planitpower.com\\\/wp-content\\\/uploads\\\/2025\\\/11\\\/7071236019640-1.jpg?fit=1500%2C1500&ssl=1\",\"contentUrl\":\"https:\\\/\\\/i0.wp.com\\\/planitpower.com\\\/wp-content\\\/uploads\\\/2025\\\/11\\\/7071236019640-1.jpg?fit=1500%2C1500&ssl=1\",\"width\":1500,\"height\":1500,\"caption\":\"Heatit DIN Thermostat - planitpower - 3\"},{\"@type\":\"BreadcrumbList\",\"@id\":\"https:\\\/\\\/planitpower.com\\\/shop\\\/heatit-din-thermostat\\\/#breadcrumb\",\"itemListElement\":[{\"@type\":\"ListItem\",\"position\":1,\"name\":\"Home\",\"item\":\"https:\\\/\\\/planitpower.com\\\/\"},{\"@type\":\"ListItem\",\"position\":2,\"name\":\"SHOP\",\"item\":\"https:\\\/\\\/planitpower.com\\\/shop\\\/\"},{\"@type\":\"ListItem\",\"position\":3,\"name\":\"Heatit DIN Thermostat\"}]},{\"@type\":\"WebSite\",\"@id\":\"https:\\\/\\\/planitpower.com\\\/#website\",\"url\":\"https:\\\/\\\/planitpower.com\\\/\",\"name\":\"Planitpower\",\"description\":\"Inspire energy\",\"publisher\":{\"@id\":\"https:\\\/\\\/planitpower.com\\\/#\\\/schema\\\/person\\\/b531587eda267b930b04174d12de6efa\"},\"potentialAction\":[{\"@type\":\"SearchAction\",\"target\":{\"@type\":\"EntryPoint\",\"urlTemplate\":\"https:\\\/\\\/planitpower.com\\\/?s={search_term_string}\"},\"query-input\":{\"@type\":\"PropertyValueSpecification\",\"valueRequired\":true,\"valueName\":\"search_term_string\"}}],\"inLanguage\":\"fr-FR\"},{\"@type\":[\"Person\",\"Organization\"],\"@id\":\"https:\\\/\\\/planitpower.com\\\/#\\\/schema\\\/person\\\/b531587eda267b930b04174d12de6efa\",\"name\":\"Editorial Team\",\"image\":{\"@type\":\"ImageObject\",\"inLanguage\":\"fr-FR\",\"@id\":\"https:\\\/\\\/i0.wp.com\\\/planitpower.com\\\/wp-content\\\/uploads\\\/2025\\\/12\\\/cropped-planitpower_circle_375x375.png?fit=512%2C512&ssl=1\",\"url\":\"https:\\\/\\\/i0.wp.com\\\/planitpower.com\\\/wp-content\\\/uploads\\\/2025\\\/12\\\/cropped-planitpower_circle_375x375.png?fit=512%2C512&ssl=1\",\"contentUrl\":\"https:\\\/\\\/i0.wp.com\\\/planitpower.com\\\/wp-content\\\/uploads\\\/2025\\\/12\\\/cropped-planitpower_circle_375x375.png?fit=512%2C512&ssl=1\",\"width\":512,\"height\":512,\"caption\":\"Editorial Team\"},\"logo\":{\"@id\":\"https:\\\/\\\/i0.wp.com\\\/planitpower.com\\\/wp-content\\\/uploads\\\/2025\\\/12\\\/cropped-planitpower_circle_375x375.png?fit=512%2C512&ssl=1\"},\"sameAs\":[\"https:\\\/\\\/Planitpower.com\"]}]}<\/script>\n<!-- \/ Yoast SEO plugin. -->","yoast_head_json":{"title":"Thermostat DIN Heatit - Planitpower","description":"D\u00e9couvrez le thermostat Heatit DIN polyvalent \u2013 un thermostat robuste mont\u00e9 sur rail DIN offrant un contr\u00f4le de charge r\u00e9sistive jusqu&#039;\u00e0 16 A\/3600 W, deux entr\u00e9es de capteur et des fonctions avanc\u00e9es pour les applications de chauffage r\u00e9sidentielles et industrielles.","robots":{"index":"index","follow":"follow","max-snippet":"max-snippet:-1","max-image-preview":"max-image-preview:large","max-video-preview":"max-video-preview:-1"},"canonical":"https:\/\/planitpower.com\/fr\/boutique\/thermostat-heatit-din\/","og_locale":"fr_FR","og_type":"article","og_title":"Heatit DIN Thermostat - Planitpower","og_description":"Discover the versatile Heatit DIN Thermostat \u2013 a robust DIN-rail mounted thermostat offering resistive load control up to 16 A\/3600 W, dual sensor inputs, advanced functions for both residential and industrial heating applications.","og_url":"https:\/\/planitpower.com\/fr\/boutique\/thermostat-heatit-din\/","og_site_name":"Planitpower","article_modified_time":"2026-01-30T01:00:56+00:00","og_image":[{"width":1500,"height":1500,"url":"https:\/\/i0.wp.com\/planitpower.com\/wp-content\/uploads\/2025\/11\/7071236019640-1.jpg?fit=1500%2C1500&ssl=1","type":"image\/jpeg"}],"twitter_card":"summary_large_image","twitter_misc":{"Dur\u00e9e de lecture estim\u00e9e":"2 minutes"},"schema":{"@context":"https:\/\/schema.org","@graph":[{"@type":"WebPage","@id":"https:\/\/planitpower.com\/shop\/heatit-din-thermostat\/","url":"https:\/\/planitpower.com\/shop\/heatit-din-thermostat\/","name":"Thermostat DIN Heatit - Planitpower","isPartOf":{"@id":"https:\/\/planitpower.com\/#website"},"primaryImageOfPage":{"@id":"https:\/\/planitpower.com\/shop\/heatit-din-thermostat\/#primaryimage"},"image":{"@id":"https:\/\/planitpower.com\/shop\/heatit-din-thermostat\/#primaryimage"},"thumbnailUrl":"https:\/\/i0.wp.com\/planitpower.com\/wp-content\/uploads\/2025\/11\/7071236019640-1.jpg?fit=1500%2C1500&ssl=1","datePublished":"2025-11-18T23:38:20+00:00","dateModified":"2026-01-30T01:00:56+00:00","description":"D\u00e9couvrez le thermostat Heatit DIN polyvalent \u2013 un thermostat robuste mont\u00e9 sur rail DIN offrant un contr\u00f4le de charge r\u00e9sistive jusqu&#039;\u00e0 16 A\/3600 W, deux entr\u00e9es de capteur et des fonctions avanc\u00e9es pour les applications de chauffage r\u00e9sidentielles et industrielles.","breadcrumb":{"@id":"https:\/\/planitpower.com\/shop\/heatit-din-thermostat\/#breadcrumb"},"inLanguage":"fr-FR","potentialAction":[{"@type":"ReadAction","target":["https:\/\/planitpower.com\/shop\/heatit-din-thermostat\/"]}]},{"@type":"ImageObject","inLanguage":"fr-FR","@id":"https:\/\/planitpower.com\/shop\/heatit-din-thermostat\/#primaryimage","url":"https:\/\/i0.wp.com\/planitpower.com\/wp-content\/uploads\/2025\/11\/7071236019640-1.jpg?fit=1500%2C1500&ssl=1","contentUrl":"https:\/\/i0.wp.com\/planitpower.com\/wp-content\/uploads\/2025\/11\/7071236019640-1.jpg?fit=1500%2C1500&ssl=1","width":1500,"height":1500,"caption":"Heatit DIN Thermostat - planitpower - 3"},{"@type":"BreadcrumbList","@id":"https:\/\/planitpower.com\/shop\/heatit-din-thermostat\/#breadcrumb","itemListElement":[{"@type":"ListItem","position":1,"name":"Home","item":"https:\/\/planitpower.com\/"},{"@type":"ListItem","position":2,"name":"SHOP","item":"https:\/\/planitpower.com\/shop\/"},{"@type":"ListItem","position":3,"name":"Heatit DIN Thermostat"}]},{"@type":"WebSite","@id":"https:\/\/planitpower.com\/#website","url":"https:\/\/planitpower.com\/","name":"Planitpower","description":"Inspirons l'\u00e9nergie!","publisher":{"@id":"https:\/\/planitpower.com\/#\/schema\/person\/b531587eda267b930b04174d12de6efa"},"potentialAction":[{"@type":"SearchAction","target":{"@type":"EntryPoint","urlTemplate":"https:\/\/planitpower.com\/?s={search_term_string}"},"query-input":{"@type":"PropertyValueSpecification","valueRequired":true,"valueName":"search_term_string"}}],"inLanguage":"fr-FR"},{"@type":["Person","Organization"],"@id":"https:\/\/planitpower.com\/#\/schema\/person\/b531587eda267b930b04174d12de6efa","name":"Equipe \u00e9ditoriale","image":{"@type":"ImageObject","inLanguage":"fr-FR","@id":"https:\/\/i0.wp.com\/planitpower.com\/wp-content\/uploads\/2025\/12\/cropped-planitpower_circle_375x375.png?fit=512%2C512&ssl=1","url":"https:\/\/i0.wp.com\/planitpower.com\/wp-content\/uploads\/2025\/12\/cropped-planitpower_circle_375x375.png?fit=512%2C512&ssl=1","contentUrl":"https:\/\/i0.wp.com\/planitpower.com\/wp-content\/uploads\/2025\/12\/cropped-planitpower_circle_375x375.png?fit=512%2C512&ssl=1","width":512,"height":512,"caption":"Editorial Team"},"logo":{"@id":"https:\/\/i0.wp.com\/planitpower.com\/wp-content\/uploads\/2025\/12\/cropped-planitpower_circle_375x375.png?fit=512%2C512&ssl=1"},"sameAs":["https:\/\/Planitpower.com"]}]}},"jetpack_publicize_connections":[],"jetpack_likes_enabled":true,"jetpack_sharing_enabled":true,"jetpack-related-posts":[{"id":4689,"url":"https:\/\/planitpower.com\/fr\/boutique\/thermostat-heatit-s-control2\/","url_meta":{"origin":4694,"position":0},"title":"Thermostat Heatit S-Control2","author":"Editorial Team","date":"18\/11\/2025","format":false,"excerpt":"Main Features Precise temperature control for electric floor heating and similar resistive loads. User-friendly interface with a clear display and easy operation. Supports internal and external sensors, giving flexibility for various installation needs. Compatible with NTC sensors, including several common sensor values. Designed for standard European wall boxes, enabling simple\u2026","rel":"","context":"Article similaire","block_context":{"text":"Article similaire","link":""},"img":{"alt_text":"Heatit S-Control2 Thermostat - planitpower - 1","src":"https:\/\/i0.wp.com\/planitpower.com\/wp-content\/uploads\/2025\/11\/7071236019428-10v46jIei9YR9tf.jpg?fit=1200%2C1200&ssl=1&resize=350%2C200","width":350,"height":200,"srcset":"https:\/\/i0.wp.com\/planitpower.com\/wp-content\/uploads\/2025\/11\/7071236019428-10v46jIei9YR9tf.jpg?fit=1200%2C1200&ssl=1&resize=350%2C200 1x, https:\/\/i0.wp.com\/planitpower.com\/wp-content\/uploads\/2025\/11\/7071236019428-10v46jIei9YR9tf.jpg?fit=1200%2C1200&ssl=1&resize=525%2C300 1.5x, https:\/\/i0.wp.com\/planitpower.com\/wp-content\/uploads\/2025\/11\/7071236019428-10v46jIei9YR9tf.jpg?fit=1200%2C1200&ssl=1&resize=700%2C400 2x, https:\/\/i0.wp.com\/planitpower.com\/wp-content\/uploads\/2025\/11\/7071236019428-10v46jIei9YR9tf.jpg?fit=1200%2C1200&ssl=1&resize=1050%2C600 3x"},"classes":[]},{"id":4708,"url":"https:\/\/planitpower.com\/fr\/boutique\/thermostat-heatit-wi-fi-6\/","url_meta":{"origin":4694,"position":1},"title":"Thermostat Heatit WiFi6","author":"Editorial Team","date":"19\/11\/2025","format":false,"excerpt":"Main Features Smart thermostat with Wi-Fi 2.4GHz and Bluetooth Low Energy connectivity Can be controlled via mobile app or directly on the front panel Supports local API communication for integration without cloud access Three operating modes: Heat, Cool and Eco Built-in room sensor plus support for external NTC temperature and\u2026","rel":"","context":"Article similaire","block_context":{"text":"Article similaire","link":""},"img":{"alt_text":"","src":"","width":0,"height":0},"classes":[]},{"id":4958,"url":"https:\/\/planitpower.com\/fr\/boutique\/thermostat-heatit-z-trm6-serie-z-wave-800\/","url_meta":{"origin":4694,"position":2},"title":"Thermostat HeatIt Z-TRM6 s\u00e9rie Z-Wave 800","author":"Editorial Team","date":"22\/11\/2025","format":false,"excerpt":"Main features Z-Wave 800 wireless communication (868.4 MHz) enabling full integration into Z-Wave smart-home networks and support for S0 and S2 security classes. Three operation modes: Heat, Cool and Eco to meet diverse application requirements including electric underfloor heating, infrared panels or water-based heating. Integrated room sensor and provision for\u2026","rel":"","context":"Article similaire","block_context":{"text":"Article similaire","link":""},"img":{"alt_text":"Heatit ZM Dimmer 250W 800 series - Planitpower - 1","src":"https:\/\/i0.wp.com\/planitpower.com\/wp-content\/uploads\/2025\/11\/2720-heatit-zm-dimmer-packshot-c_1407931214_main-1.webp?fit=1200%2C1200&ssl=1&resize=350%2C200","width":350,"height":200,"srcset":"https:\/\/i0.wp.com\/planitpower.com\/wp-content\/uploads\/2025\/11\/2720-heatit-zm-dimmer-packshot-c_1407931214_main-1.webp?fit=1200%2C1200&ssl=1&resize=350%2C200 1x, https:\/\/i0.wp.com\/planitpower.com\/wp-content\/uploads\/2025\/11\/2720-heatit-zm-dimmer-packshot-c_1407931214_main-1.webp?fit=1200%2C1200&ssl=1&resize=525%2C300 1.5x, https:\/\/i0.wp.com\/planitpower.com\/wp-content\/uploads\/2025\/11\/2720-heatit-zm-dimmer-packshot-c_1407931214_main-1.webp?fit=1200%2C1200&ssl=1&resize=700%2C400 2x, https:\/\/i0.wp.com\/planitpower.com\/wp-content\/uploads\/2025\/11\/2720-heatit-zm-dimmer-packshot-c_1407931214_main-1.webp?fit=1200%2C1200&ssl=1&resize=1050%2C600 3x"},"classes":[]},{"id":4968,"url":"https:\/\/planitpower.com\/fr\/boutique\/thermostat-a-piles-heatit-z-temp3-serie-800\/","url_meta":{"origin":4694,"position":3},"title":"Thermostat \u00e0 piles Heatit Z-Temp3 s\u00e9rie 800","author":"Editorial Team","date":"22\/11\/2025","format":false,"excerpt":"Main Features Wireless Z-Wave 800 series connectivity ensures robust smart-home compatibility with S0 and S2 encryption. Battery operated (2\u00d7 AAA) as standard; also supports optional external power input for flexible installation. Three operating modes: Heat, Cool, and Eco, allowing control of different heating or cooling scenarios. Built-in sensors measure both\u2026","rel":"","context":"Article similaire","block_context":{"text":"Article similaire","link":""},"img":{"alt_text":"Heatit Z-Temp3 Battery-operated Thermostat 800 series - Planitpower-1","src":"https:\/\/i0.wp.com\/planitpower.com\/wp-content\/uploads\/2025\/11\/7071236018391-3.jpg?fit=1200%2C1200&ssl=1&resize=350%2C200","width":350,"height":200,"srcset":"https:\/\/i0.wp.com\/planitpower.com\/wp-content\/uploads\/2025\/11\/7071236018391-3.jpg?fit=1200%2C1200&ssl=1&resize=350%2C200 1x, https:\/\/i0.wp.com\/planitpower.com\/wp-content\/uploads\/2025\/11\/7071236018391-3.jpg?fit=1200%2C1200&ssl=1&resize=525%2C300 1.5x, https:\/\/i0.wp.com\/planitpower.com\/wp-content\/uploads\/2025\/11\/7071236018391-3.jpg?fit=1200%2C1200&ssl=1&resize=700%2C400 2x, https:\/\/i0.wp.com\/planitpower.com\/wp-content\/uploads\/2025\/11\/7071236018391-3.jpg?fit=1200%2C1200&ssl=1&resize=1050%2C600 3x"},"classes":[]},{"id":4737,"url":"https:\/\/planitpower.com\/fr\/boutique\/thermostat-de-chauffage-electrique-domestique-mco-avec-capteur-dhumidite\/","url_meta":{"origin":4694,"position":4},"title":"Thermostat de chauffage \u00e9lectrique domestique MCO avec capteur d&#039;humidit\u00e9, version 2","author":"Editorial Team","date":"19\/11\/2025","format":false,"excerpt":"Main Features Z-Wave thermostat for electrical heating systems, compatible with leading smart home gateways. Integrated temperature and humidity sensors for accurate climate monitoring. Capacitive touch glass panel, offering a premium, modern interface. Multiple heating modes, including manual, energy-saving, and programmable schedules. Built-in overload and safety protection for reliable operation. LED\u2026","rel":"","context":"Article similaire","block_context":{"text":"Article similaire","link":""},"img":{"alt_text":"MCO Home Electrical Heating Thermostat with humidity sensor Version 2 - planitpower","src":"https:\/\/i0.wp.com\/planitpower.com\/wp-content\/uploads\/2025\/11\/MH7-WH.jpg?fit=423%2C423&ssl=1&resize=350%2C200","width":350,"height":200},"classes":[]},{"id":4343,"url":"https:\/\/planitpower.com\/fr\/boutique\/thermostat-de-chauffage-au-sol-aqara-w500\/","url_meta":{"origin":4694,"position":5},"title":"Thermostat de chauffage au sol Aqara W500","author":"Editorial Team","date":"25\/12\/2025","format":false,"excerpt":"Main Features Smart Control and Automation \u2013 Manage your floor heating remotely through the Aqara Home app, Apple Home, Alexa, or Google Assistant. Supports automations and scenes for effortless temperature control. Matter Compatibility \u2013 Fully compatible with Matter over Wi-Fi, enabling integration with major smart home ecosystems such as Apple\u2026","rel":"","context":"Article similaire","block_context":{"text":"Article similaire","link":""},"img":{"alt_text":"Floor Heating Thermostat W500 - planitpower - 3","src":"https:\/\/i0.wp.com\/planitpower.com\/wp-content\/uploads\/2025\/11\/6975833357901-1.png?fit=1200%2C1200&ssl=1&resize=350%2C200","width":350,"height":200,"srcset":"https:\/\/i0.wp.com\/planitpower.com\/wp-content\/uploads\/2025\/11\/6975833357901-1.png?fit=1200%2C1200&ssl=1&resize=350%2C200 1x, https:\/\/i0.wp.com\/planitpower.com\/wp-content\/uploads\/2025\/11\/6975833357901-1.png?fit=1200%2C1200&ssl=1&resize=525%2C300 1.5x, https:\/\/i0.wp.com\/planitpower.com\/wp-content\/uploads\/2025\/11\/6975833357901-1.png?fit=1200%2C1200&ssl=1&resize=700%2C400 2x, https:\/\/i0.wp.com\/planitpower.com\/wp-content\/uploads\/2025\/11\/6975833357901-1.png?fit=1200%2C1200&ssl=1&resize=1050%2C600 3x"},"classes":[]}],"_links":{"self":[{"href":"https:\/\/planitpower.com\/fr\/wp-json\/wp\/v2\/product\/4694","targetHints":{"allow":["GET"]}}],"collection":[{"href":"https:\/\/planitpower.com\/fr\/wp-json\/wp\/v2\/product"}],"about":[{"href":"https:\/\/planitpower.com\/fr\/wp-json\/wp\/v2\/types\/product"}],"replies":[{"embeddable":true,"href":"https:\/\/planitpower.com\/fr\/wp-json\/wp\/v2\/comments?post=4694"}],"version-history":[{"count":1,"href":"https:\/\/planitpower.com\/fr\/wp-json\/wp\/v2\/product\/4694\/revisions"}],"predecessor-version":[{"id":6027,"href":"https:\/\/planitpower.com\/fr\/wp-json\/wp\/v2\/product\/4694\/revisions\/6027"}],"wp:featuredmedia":[{"embeddable":true,"href":"https:\/\/planitpower.com\/fr\/wp-json\/wp\/v2\/media\/4695"}],"wp:attachment":[{"href":"https:\/\/planitpower.com\/fr\/wp-json\/wp\/v2\/media?parent=4694"}],"wp:term":[{"taxonomy":"product_brand","embeddable":true,"href":"https:\/\/planitpower.com\/fr\/wp-json\/wp\/v2\/product_brand?post=4694"},{"taxonomy":"product_cat","embeddable":true,"href":"https:\/\/planitpower.com\/fr\/wp-json\/wp\/v2\/product_cat?post=4694"},{"taxonomy":"product_tag","embeddable":true,"href":"https:\/\/planitpower.com\/fr\/wp-json\/wp\/v2\/product_tag?post=4694"}],"curies":[{"name":"wp","href":"https:\/\/api.w.org\/{rel}","templated":true}]}}