{"id":4717,"date":"2025-11-19T00:54:38","date_gmt":"2025-11-19T00:54:38","guid":{"rendered":"https:\/\/planitpower.com\/?post_type=product&#038;p=4717"},"modified":"2026-01-30T01:13:21","modified_gmt":"2026-01-30T01:13:21","slug":"moniteurs-de-qualite-de-lair-mco-home-pm2-5-capteur-12-v","status":"publish","type":"product","link":"https:\/\/planitpower.com\/fr\/boutique\/moniteurs-de-qualite-de-lair-mco-home-pm2-5-capteur-12-v\/","title":{"rendered":"MCO Home Capteur PM2.5 Moniteurs de qualit\u00e9 de l'air - 12V"},"content":{"rendered":"<h2 class=\"wp-block-heading\">Description<\/h2>\n\n\n\n<p>Le moniteur de qualit\u00e9 de l&#039;air MCO Home PM2.5 Sensor \u2013 12 V est un appareil domotique haut de gamme con\u00e7u pour fournir une analyse transparente et en temps r\u00e9el de la qualit\u00e9 de l&#039;air int\u00e9rieur. Avec son \u00e9l\u00e9gant panneau avant en verre tremp\u00e9, son \u00e9cran intuitif et sa connectivit\u00e9 Z-Wave Plus, cet appareil mural est con\u00e7u pour une installation permanente dans les espaces de vie, les bureaux ou les b\u00e2timents intelligents. Gr\u00e2ce \u00e0 sa d\u00e9tection pr\u00e9cise des particules fines (PM2.5), il surveille \u00e9galement la temp\u00e9rature ambiante et l&#039;humidit\u00e9 relative, vous permettant ainsi d&#039;agir en toute connaissance de cause en cas de changement de la qualit\u00e9 de l&#039;air. Une fois connect\u00e9 \u00e0 un r\u00e9seau Z-Wave, l&#039;appareil peut transmettre des donn\u00e9es \u00e0 un contr\u00f4leur et d\u00e9clencher la ventilation ou d&#039;autres automatisations intelligentes en cas de d\u00e9passement des seuils critiques. Con\u00e7u avec soin pour une compatibilit\u00e9, une fiabilit\u00e9 et une facilit\u00e9 d&#039;int\u00e9gration optimales, il s&#039;int\u00e8gre parfaitement aux environnements des b\u00e2timents intelligents modernes, alliant esth\u00e9tique et fonctionnalit\u00e9.<\/p>\n\n\n\n<h2 class=\"wp-block-heading\"><strong>Sp\u00e9cifications techniques<\/strong><\/h2>\n\n\n\n<figure class=\"wp-block-table\"><table class=\"has-fixed-layout\"><thead><tr><th><strong>Sp\u00e9cifications<\/strong><\/th><th><strong>Valeur<\/strong><\/th><\/tr><\/thead><tbody><tr><td>Nom du produit<\/td><td>Capteur de qualit\u00e9 de l&#039;air MCO Home PM2.5 \u2013 12 V<\/td><\/tr><tr><td>Mod\u00e8le<\/td><td>MH10-PM2.5-WD (Version 12V)<\/td><\/tr><tr><td>Alimentation \u00e9lectrique<\/td><td>12 V CC<\/td><\/tr><tr><td>Consommation \u00e9lectrique<\/td><td>&lt; 3W<\/td><\/tr><tr><td>Plage de mesure des PM2.5<\/td><td>0 \u2013 999,9 \u00b5g\/m\u00b3<\/td><\/tr><tr><td>Plage de mesure de temp\u00e9rature<\/td><td>-9\u00b0C \u00e0 50\u00b0C<\/td><\/tr><tr><td>Plage de mesure de l&#039;humidit\u00e9<\/td><td>0% \u2013 99% RH<\/td><\/tr><tr><td>Protocole de communication<\/td><td>Z-Wave Plus (fr\u00e9quence UE)<\/td><\/tr><tr><td>Affichage<\/td><td>\u00c9cran LCD int\u00e9gr\u00e9 derri\u00e8re une vitre en verre tremp\u00e9<\/td><\/tr><tr><td>Installation<\/td><td>Montage mural (bo\u00eetier standard de 60 mm)<\/td><\/tr><tr><td>Dimensions<\/td><td>Environ 85 \u00d7 135 \u00d7 33 mm<\/td><\/tr><tr><td>Poids<\/td><td>Environ 260 g<\/td><\/tr><tr><td>Mat\u00e9riau du bo\u00eetier<\/td><td>Verre tremp\u00e9 et alliage de polycarbonate<\/td><\/tr><tr><td>Indice de protection<\/td><td>IP20<\/td><\/tr><tr><td>Applications appropri\u00e9es<\/td><td>Maisons, bureaux, h\u00f4tels, salles de classe, espaces commerciaux<\/td><\/tr><\/tbody><\/table><\/figure>","protected":false},"excerpt":{"rendered":"<h2 data-start=\"1169\" data-end=\"1187\">Principales caract\u00e9ristiques<\/h2>\n<ul data-start=\"1188\" data-end=\"2354\">\n<li data-start=\"1188\" data-end=\"1309\">\n<p data-start=\"1190\" data-end=\"1309\">Surveillance en temps r\u00e9el de la concentration de PM2.5 (poussi\u00e8res fines) dans l&#039;air, permettant une prise de conscience rapide de l&#039;\u00e9volution de la qualit\u00e9 de l&#039;air.<\/p>\n<\/li>\n<li data-start=\"1310\" data-end=\"1421\">\n<p data-start=\"1312\" data-end=\"1421\">Capteurs int\u00e9gr\u00e9s de temp\u00e9rature et d&#039;humidit\u00e9 ambiantes, offrant une vision environnementale plus compl\u00e8te dans un seul appareil.<\/p>\n<\/li>\n<li data-start=\"1422\" data-end=\"1566\">\n<p data-start=\"1424\" data-end=\"1566\">Interface \u00e9l\u00e9gante et moderne dot\u00e9e d&#039;un panneau avant en verre tremp\u00e9 avec commandes tactiles ou \u00e0 boutons physiques pour l&#039;\u00e9talonnage local et l&#039;acc\u00e8s au menu.<\/p>\n<\/li>\n<li data-start=\"1567\" data-end=\"1725\">\n<p data-start=\"1569\" data-end=\"1725\">Communication sans fil Z-Wave Plus (fr\u00e9quence UE) permettant une int\u00e9gration transparente aux r\u00e9seaux Z-Wave existants et une interop\u00e9rabilit\u00e9 avec les appareils certifi\u00e9s.<\/p>\n<\/li>\n<li data-start=\"1726\" data-end=\"1883\">\n<p data-start=\"1728\" data-end=\"1883\">Alimentation \u00e0 double variante \u2013 la version 12 V (ce mod\u00e8le) est adapt\u00e9e aux bo\u00eetes murales encastr\u00e9es et dispose de trous de montage \u00e0 60 mm pour une installation facile.<\/p>\n<\/li>\n<li data-start=\"1884\" data-end=\"2043\">\n<p data-start=\"1886\" data-end=\"2043\">Sortie flexible\u00a0: l\u2019unit\u00e9 permet non seulement de surveiller, mais aussi de piloter directement les syst\u00e8mes de ventilation ou de traitement de l\u2019air via ses sorties int\u00e9gr\u00e9es lorsqu\u2019elle est configur\u00e9e \u00e0 cet effet.<\/p>\n<\/li>\n<li data-start=\"2044\" data-end=\"2257\">\n<p data-start=\"2046\" data-end=\"2257\">Plage de mesure \u00e9lev\u00e9e : capable de d\u00e9tecter des niveaux de PM2.5 jusqu&#039;\u00e0 999,9 \u00b5g\/m\u00b3 et couvrant de larges plages de temp\u00e9rature et d&#039;humidit\u00e9, ce qui la rend adapt\u00e9e aux environnements r\u00e9sidentiels, commerciaux et industriels l\u00e9gers.<\/p>\n<\/li>\n<li data-start=\"2258\" data-end=\"2354\">\n<p data-start=\"2260\" data-end=\"2354\">Une faible consommation d&#039;\u00e9nergie (&lt;3 W) garantit un fonctionnement efficace et un impact minimal sur les budgets \u00e9nerg\u00e9tiques.<\/p>\n<\/li>\n<\/ul>","protected":false},"featured_media":4718,"comment_status":"open","ping_status":"closed","template":"","meta":{"jetpack_post_was_ever_published":false,"jetpack_publicize_message":"","jetpack_publicize_feature_enabled":true,"jetpack_social_post_already_shared":true,"jetpack_social_options":{"image_generator_settings":{"template":"highway","default_image_id":0,"font":"","enabled":false},"version":2}},"product_brand":[153],"product_cat":[134],"product_tag":[],"class_list":{"0":"post-4717","1":"product","2":"type-product","3":"status-publish","4":"has-post-thumbnail","6":"product_brand-mco","7":"product_cat-smart-sensors","9":"first","10":"instock","11":"taxable","12":"shipping-taxable","13":"purchasable","14":"product-type-simple"},"yoast_head":"<!-- This site is optimized with the Yoast SEO plugin v27.3 - https:\/\/yoast.com\/product\/yoast-seo-wordpress\/ -->\n<title>MCO Home PM2.5 Sensor Air Quality Monitors - 12V - Planitpower<\/title>\n<meta name=\"description\" content=\"Discover the MCO\u202fHome\u202fPM2.5 Sensor Air Quality Monitor\u202f\u2013\u202f12\u202fV: an advanced Z-Wave Plus indoor air quality monitor that tracks PM2.5, temperature and humidity in real time. Ideal for smart homes and building automation.\" \/>\n<meta name=\"robots\" content=\"index, follow, max-snippet:-1, max-image-preview:large, max-video-preview:-1\" \/>\n<link rel=\"canonical\" href=\"https:\/\/planitpower.com\/fr\/boutique\/moniteurs-de-qualite-de-lair-mco-home-pm2-5-capteur-12-v\/\" \/>\n<meta property=\"og:locale\" content=\"fr_FR\" \/>\n<meta property=\"og:type\" content=\"article\" \/>\n<meta property=\"og:title\" content=\"MCO Home PM2.5 Sensor Air Quality Monitors - 12V - Planitpower\" \/>\n<meta property=\"og:description\" content=\"Discover the MCO\u202fHome\u202fPM2.5 Sensor Air Quality Monitor\u202f\u2013\u202f12\u202fV: an advanced Z-Wave Plus indoor air quality monitor that tracks PM2.5, temperature and humidity in real time. Ideal for smart homes and building automation.\" \/>\n<meta property=\"og:url\" content=\"https:\/\/planitpower.com\/fr\/boutique\/moniteurs-de-qualite-de-lair-mco-home-pm2-5-capteur-12-v\/\" \/>\n<meta property=\"og:site_name\" content=\"Planitpower\" \/>\n<meta property=\"article:modified_time\" content=\"2026-01-30T01:13:21+00:00\" \/>\n<meta property=\"og:image\" content=\"https:\/\/i0.wp.com\/planitpower.com\/wp-content\/uploads\/2025\/11\/13240_0.png?fit=423%2C423&ssl=1\" \/>\n\t<meta property=\"og:image:width\" content=\"423\" \/>\n\t<meta property=\"og:image:height\" content=\"423\" \/>\n\t<meta property=\"og:image:type\" content=\"image\/png\" \/>\n<meta name=\"twitter:card\" content=\"summary_large_image\" \/>\n<meta name=\"twitter:label1\" content=\"Dur\u00e9e de lecture estim\u00e9e\" \/>\n\t<meta name=\"twitter:data1\" content=\"2 minutes\" \/>\n<script type=\"application\/ld+json\" class=\"yoast-schema-graph\">{\"@context\":\"https:\\\/\\\/schema.org\",\"@graph\":[{\"@type\":\"WebPage\",\"@id\":\"https:\\\/\\\/planitpower.com\\\/shop\\\/mco-home-pm2-5-sensor-air-quality-monitors-12v\\\/\",\"url\":\"https:\\\/\\\/planitpower.com\\\/shop\\\/mco-home-pm2-5-sensor-air-quality-monitors-12v\\\/\",\"name\":\"MCO Home PM2.5 Sensor Air Quality Monitors - 12V - Planitpower\",\"isPartOf\":{\"@id\":\"https:\\\/\\\/planitpower.com\\\/#website\"},\"primaryImageOfPage\":{\"@id\":\"https:\\\/\\\/planitpower.com\\\/shop\\\/mco-home-pm2-5-sensor-air-quality-monitors-12v\\\/#primaryimage\"},\"image\":{\"@id\":\"https:\\\/\\\/planitpower.com\\\/shop\\\/mco-home-pm2-5-sensor-air-quality-monitors-12v\\\/#primaryimage\"},\"thumbnailUrl\":\"https:\\\/\\\/i0.wp.com\\\/planitpower.com\\\/wp-content\\\/uploads\\\/2025\\\/11\\\/13240_0.png?fit=423%2C423&ssl=1\",\"datePublished\":\"2025-11-19T00:54:38+00:00\",\"dateModified\":\"2026-01-30T01:13:21+00:00\",\"description\":\"Discover the MCO\u202fHome\u202fPM2.5 Sensor Air Quality Monitor\u202f\u2013\u202f12\u202fV: an advanced Z-Wave Plus indoor air quality monitor that tracks PM2.5, temperature and humidity in real time. Ideal for smart homes and building automation.\",\"breadcrumb\":{\"@id\":\"https:\\\/\\\/planitpower.com\\\/shop\\\/mco-home-pm2-5-sensor-air-quality-monitors-12v\\\/#breadcrumb\"},\"inLanguage\":\"fr-FR\",\"potentialAction\":[{\"@type\":\"ReadAction\",\"target\":[\"https:\\\/\\\/planitpower.com\\\/shop\\\/mco-home-pm2-5-sensor-air-quality-monitors-12v\\\/\"]}]},{\"@type\":\"ImageObject\",\"inLanguage\":\"fr-FR\",\"@id\":\"https:\\\/\\\/planitpower.com\\\/shop\\\/mco-home-pm2-5-sensor-air-quality-monitors-12v\\\/#primaryimage\",\"url\":\"https:\\\/\\\/i0.wp.com\\\/planitpower.com\\\/wp-content\\\/uploads\\\/2025\\\/11\\\/13240_0.png?fit=423%2C423&ssl=1\",\"contentUrl\":\"https:\\\/\\\/i0.wp.com\\\/planitpower.com\\\/wp-content\\\/uploads\\\/2025\\\/11\\\/13240_0.png?fit=423%2C423&ssl=1\",\"width\":423,\"height\":423,\"caption\":\"MCO Home PM2.5 Sensor Air Quality Monitors - 12V - planitpower\"},{\"@type\":\"BreadcrumbList\",\"@id\":\"https:\\\/\\\/planitpower.com\\\/shop\\\/mco-home-pm2-5-sensor-air-quality-monitors-12v\\\/#breadcrumb\",\"itemListElement\":[{\"@type\":\"ListItem\",\"position\":1,\"name\":\"Home\",\"item\":\"https:\\\/\\\/planitpower.com\\\/\"},{\"@type\":\"ListItem\",\"position\":2,\"name\":\"SHOP\",\"item\":\"https:\\\/\\\/planitpower.com\\\/shop\\\/\"},{\"@type\":\"ListItem\",\"position\":3,\"name\":\"MCO Home PM2.5 Sensor Air Quality Monitors &#8211; 12V\"}]},{\"@type\":\"WebSite\",\"@id\":\"https:\\\/\\\/planitpower.com\\\/#website\",\"url\":\"https:\\\/\\\/planitpower.com\\\/\",\"name\":\"Planitpower\",\"description\":\"Inspire energy\",\"publisher\":{\"@id\":\"https:\\\/\\\/planitpower.com\\\/#\\\/schema\\\/person\\\/b531587eda267b930b04174d12de6efa\"},\"potentialAction\":[{\"@type\":\"SearchAction\",\"target\":{\"@type\":\"EntryPoint\",\"urlTemplate\":\"https:\\\/\\\/planitpower.com\\\/?s={search_term_string}\"},\"query-input\":{\"@type\":\"PropertyValueSpecification\",\"valueRequired\":true,\"valueName\":\"search_term_string\"}}],\"inLanguage\":\"fr-FR\"},{\"@type\":[\"Person\",\"Organization\"],\"@id\":\"https:\\\/\\\/planitpower.com\\\/#\\\/schema\\\/person\\\/b531587eda267b930b04174d12de6efa\",\"name\":\"Editorial Team\",\"image\":{\"@type\":\"ImageObject\",\"inLanguage\":\"fr-FR\",\"@id\":\"https:\\\/\\\/i0.wp.com\\\/planitpower.com\\\/wp-content\\\/uploads\\\/2025\\\/12\\\/cropped-planitpower_circle_375x375.png?fit=512%2C512&ssl=1\",\"url\":\"https:\\\/\\\/i0.wp.com\\\/planitpower.com\\\/wp-content\\\/uploads\\\/2025\\\/12\\\/cropped-planitpower_circle_375x375.png?fit=512%2C512&ssl=1\",\"contentUrl\":\"https:\\\/\\\/i0.wp.com\\\/planitpower.com\\\/wp-content\\\/uploads\\\/2025\\\/12\\\/cropped-planitpower_circle_375x375.png?fit=512%2C512&ssl=1\",\"width\":512,\"height\":512,\"caption\":\"Editorial Team\"},\"logo\":{\"@id\":\"https:\\\/\\\/i0.wp.com\\\/planitpower.com\\\/wp-content\\\/uploads\\\/2025\\\/12\\\/cropped-planitpower_circle_375x375.png?fit=512%2C512&ssl=1\"},\"sameAs\":[\"https:\\\/\\\/Planitpower.com\"]}]}<\/script>\n<!-- \/ Yoast SEO plugin. -->","yoast_head_json":{"title":"Capteur de qualit\u00e9 de l&#039;air MCO Home PM2.5 - 12 V - Planitpower","description":"D\u00e9couvrez le capteur de qualit\u00e9 de l&#039;air MCO Home PM2.5 \u2013 12 V\u00a0: un moniteur de qualit\u00e9 de l&#039;air int\u00e9rieur Z-Wave Plus avanc\u00e9 qui surveille en temps r\u00e9el les particules fines PM2.5, la temp\u00e9rature et l&#039;humidit\u00e9. Id\u00e9al pour les maisons connect\u00e9es et la domotique.","robots":{"index":"index","follow":"follow","max-snippet":"max-snippet:-1","max-image-preview":"max-image-preview:large","max-video-preview":"max-video-preview:-1"},"canonical":"https:\/\/planitpower.com\/fr\/boutique\/moniteurs-de-qualite-de-lair-mco-home-pm2-5-capteur-12-v\/","og_locale":"fr_FR","og_type":"article","og_title":"MCO Home PM2.5 Sensor Air Quality Monitors - 12V - Planitpower","og_description":"Discover the MCO\u202fHome\u202fPM2.5 Sensor Air Quality Monitor\u202f\u2013\u202f12\u202fV: an advanced Z-Wave Plus indoor air quality monitor that tracks PM2.5, temperature and humidity in real time. Ideal for smart homes and building automation.","og_url":"https:\/\/planitpower.com\/fr\/boutique\/moniteurs-de-qualite-de-lair-mco-home-pm2-5-capteur-12-v\/","og_site_name":"Planitpower","article_modified_time":"2026-01-30T01:13:21+00:00","og_image":[{"width":423,"height":423,"url":"https:\/\/i0.wp.com\/planitpower.com\/wp-content\/uploads\/2025\/11\/13240_0.png?fit=423%2C423&ssl=1","type":"image\/png"}],"twitter_card":"summary_large_image","twitter_misc":{"Dur\u00e9e de lecture estim\u00e9e":"2 minutes"},"schema":{"@context":"https:\/\/schema.org","@graph":[{"@type":"WebPage","@id":"https:\/\/planitpower.com\/shop\/mco-home-pm2-5-sensor-air-quality-monitors-12v\/","url":"https:\/\/planitpower.com\/shop\/mco-home-pm2-5-sensor-air-quality-monitors-12v\/","name":"Capteur de qualit\u00e9 de l&#039;air MCO Home PM2.5 - 12 V - Planitpower","isPartOf":{"@id":"https:\/\/planitpower.com\/#website"},"primaryImageOfPage":{"@id":"https:\/\/planitpower.com\/shop\/mco-home-pm2-5-sensor-air-quality-monitors-12v\/#primaryimage"},"image":{"@id":"https:\/\/planitpower.com\/shop\/mco-home-pm2-5-sensor-air-quality-monitors-12v\/#primaryimage"},"thumbnailUrl":"https:\/\/i0.wp.com\/planitpower.com\/wp-content\/uploads\/2025\/11\/13240_0.png?fit=423%2C423&ssl=1","datePublished":"2025-11-19T00:54:38+00:00","dateModified":"2026-01-30T01:13:21+00:00","description":"D\u00e9couvrez le capteur de qualit\u00e9 de l&#039;air MCO Home PM2.5 \u2013 12 V\u00a0: un moniteur de qualit\u00e9 de l&#039;air int\u00e9rieur Z-Wave Plus avanc\u00e9 qui surveille en temps r\u00e9el les particules fines PM2.5, la temp\u00e9rature et l&#039;humidit\u00e9. Id\u00e9al pour les maisons connect\u00e9es et la domotique.","breadcrumb":{"@id":"https:\/\/planitpower.com\/shop\/mco-home-pm2-5-sensor-air-quality-monitors-12v\/#breadcrumb"},"inLanguage":"fr-FR","potentialAction":[{"@type":"ReadAction","target":["https:\/\/planitpower.com\/shop\/mco-home-pm2-5-sensor-air-quality-monitors-12v\/"]}]},{"@type":"ImageObject","inLanguage":"fr-FR","@id":"https:\/\/planitpower.com\/shop\/mco-home-pm2-5-sensor-air-quality-monitors-12v\/#primaryimage","url":"https:\/\/i0.wp.com\/planitpower.com\/wp-content\/uploads\/2025\/11\/13240_0.png?fit=423%2C423&ssl=1","contentUrl":"https:\/\/i0.wp.com\/planitpower.com\/wp-content\/uploads\/2025\/11\/13240_0.png?fit=423%2C423&ssl=1","width":423,"height":423,"caption":"MCO Home PM2.5 Sensor Air Quality Monitors - 12V - planitpower"},{"@type":"BreadcrumbList","@id":"https:\/\/planitpower.com\/shop\/mco-home-pm2-5-sensor-air-quality-monitors-12v\/#breadcrumb","itemListElement":[{"@type":"ListItem","position":1,"name":"Home","item":"https:\/\/planitpower.com\/"},{"@type":"ListItem","position":2,"name":"SHOP","item":"https:\/\/planitpower.com\/shop\/"},{"@type":"ListItem","position":3,"name":"MCO Home PM2.5 Sensor Air Quality Monitors &#8211; 12V"}]},{"@type":"WebSite","@id":"https:\/\/planitpower.com\/#website","url":"https:\/\/planitpower.com\/","name":"Planitpower","description":"Inspirons l'\u00e9nergie!","publisher":{"@id":"https:\/\/planitpower.com\/#\/schema\/person\/b531587eda267b930b04174d12de6efa"},"potentialAction":[{"@type":"SearchAction","target":{"@type":"EntryPoint","urlTemplate":"https:\/\/planitpower.com\/?s={search_term_string}"},"query-input":{"@type":"PropertyValueSpecification","valueRequired":true,"valueName":"search_term_string"}}],"inLanguage":"fr-FR"},{"@type":["Person","Organization"],"@id":"https:\/\/planitpower.com\/#\/schema\/person\/b531587eda267b930b04174d12de6efa","name":"Equipe \u00e9ditoriale","image":{"@type":"ImageObject","inLanguage":"fr-FR","@id":"https:\/\/i0.wp.com\/planitpower.com\/wp-content\/uploads\/2025\/12\/cropped-planitpower_circle_375x375.png?fit=512%2C512&ssl=1","url":"https:\/\/i0.wp.com\/planitpower.com\/wp-content\/uploads\/2025\/12\/cropped-planitpower_circle_375x375.png?fit=512%2C512&ssl=1","contentUrl":"https:\/\/i0.wp.com\/planitpower.com\/wp-content\/uploads\/2025\/12\/cropped-planitpower_circle_375x375.png?fit=512%2C512&ssl=1","width":512,"height":512,"caption":"Editorial Team"},"logo":{"@id":"https:\/\/i0.wp.com\/planitpower.com\/wp-content\/uploads\/2025\/12\/cropped-planitpower_circle_375x375.png?fit=512%2C512&ssl=1"},"sameAs":["https:\/\/Planitpower.com"]}]}},"jetpack_publicize_connections":[],"jetpack_likes_enabled":true,"jetpack_sharing_enabled":true,"jetpack-related-posts":[],"_links":{"self":[{"href":"https:\/\/planitpower.com\/fr\/wp-json\/wp\/v2\/product\/4717","targetHints":{"allow":["GET"]}}],"collection":[{"href":"https:\/\/planitpower.com\/fr\/wp-json\/wp\/v2\/product"}],"about":[{"href":"https:\/\/planitpower.com\/fr\/wp-json\/wp\/v2\/types\/product"}],"replies":[{"embeddable":true,"href":"https:\/\/planitpower.com\/fr\/wp-json\/wp\/v2\/comments?post=4717"}],"version-history":[{"count":1,"href":"https:\/\/planitpower.com\/fr\/wp-json\/wp\/v2\/product\/4717\/revisions"}],"predecessor-version":[{"id":6042,"href":"https:\/\/planitpower.com\/fr\/wp-json\/wp\/v2\/product\/4717\/revisions\/6042"}],"wp:featuredmedia":[{"embeddable":true,"href":"https:\/\/planitpower.com\/fr\/wp-json\/wp\/v2\/media\/4718"}],"wp:attachment":[{"href":"https:\/\/planitpower.com\/fr\/wp-json\/wp\/v2\/media?parent=4717"}],"wp:term":[{"taxonomy":"product_brand","embeddable":true,"href":"https:\/\/planitpower.com\/fr\/wp-json\/wp\/v2\/product_brand?post=4717"},{"taxonomy":"product_cat","embeddable":true,"href":"https:\/\/planitpower.com\/fr\/wp-json\/wp\/v2\/product_cat?post=4717"},{"taxonomy":"product_tag","embeddable":true,"href":"https:\/\/planitpower.com\/fr\/wp-json\/wp\/v2\/product_tag?post=4717"}],"curies":[{"name":"wp","href":"https:\/\/api.w.org\/{rel}","templated":true}]}}