{"id":4728,"date":"2025-11-19T01:11:43","date_gmt":"2025-11-19T01:11:43","guid":{"rendered":"https:\/\/planitpower.com\/?post_type=product&#038;p=4728"},"modified":"2026-04-17T22:05:36","modified_gmt":"2026-04-17T22:05:36","slug":"capteur-de-co2-domestique-mco-230-v","status":"publish","type":"product","link":"https:\/\/planitpower.com\/fr\/boutique\/capteur-de-co2-domestique-mco-230-v\/","title":{"rendered":"MCO Home Capteur de CO2 230V"},"content":{"rendered":"<h3 class=\"wp-block-heading\">Description<\/h3>\n\n\n\n<p>Le capteur de CO\u2082 MCO Home 230 V est un d\u00e9tecteur intelligent de qualit\u00e9 de l&#039;air aliment\u00e9 par le secteur, con\u00e7u pour les environnements int\u00e9rieurs exigeant une surveillance fiable des niveaux de dioxyde de carbone. Gr\u00e2ce au protocole sans fil Z-Wave Plus, il s&#039;int\u00e8gre facilement \u00e0 tout r\u00e9seau domotique compatible et peut d\u00e9clencher des sc\u00e9narios de ventilation ou d&#039;automatisation en fonction des seuils de qualit\u00e9 de l&#039;air. Il mesure non seulement la concentration de CO\u2082, mais surveille \u00e9galement la temp\u00e9rature ambiante, l&#039;humidit\u00e9 et les compos\u00e9s organiques volatils (COV), offrant ainsi une vision compl\u00e8te de la qualit\u00e9 de l&#039;air int\u00e9rieur. Dot\u00e9 d&#039;un \u00e9l\u00e9gant \u00e9cran tactile en verre et d&#039;un format mural pr\u00eat \u00e0 l&#039;emploi, ce capteur allie fonctionnalit\u00e9 et design aux espaces r\u00e9sidentiels, commerciaux ou industriels modernes.<\/p>\n\n\n\n<h2 class=\"wp-block-heading\"><strong>Sp\u00e9cifications techniques<\/strong><\/h2>\n\n\n\n<figure class=\"wp-block-table\"><table class=\"has-fixed-layout\"><thead><tr><th><strong>Sp\u00e9cifications<\/strong><\/th><th><strong>D\u00e9tail<\/strong><\/th><\/tr><\/thead><tbody><tr><td>Alimentation \u00e9lectrique<\/td><td>230 V CA (\u00b110%)<\/td><\/tr><tr><td>Protocole sans fil<\/td><td>Z-Wave Plus, fr\u00e9quence europ\u00e9enne<\/td><\/tr><tr><td>Plage de mesure du CO\u2082<\/td><td>0 \u2013 2000 ppm<\/td><\/tr><tr><td>Seuil d&#039;alarme CO\u2082<\/td><td>Valeur par d\u00e9faut\u00a0: 1000\u00a0ppm, r\u00e9glable<\/td><\/tr><tr><td>Mesure de la temp\u00e9rature<\/td><td>Environ de -9\u00b0C \u00e0 +50\u00b0C<\/td><\/tr><tr><td>Mesure de l'humidit\u00e9<\/td><td>0% \u2013 99% RH<\/td><\/tr><tr><td>indication des COV<\/td><td>4 niveaux : Excellent, Bon, Moyen, M\u00e9diocre<\/td><\/tr><tr><td>Montage<\/td><td>Fixation murale, orientation verticale<\/td><\/tr><tr><td>Hauteur d&#039;installation recommand\u00e9e<\/td><td>Environ 1,5 m au-dessus du niveau du sol<\/td><\/tr><tr><td>Dimensions<\/td><td>90 \u00d7 130 \u00d7 28 mm<\/td><\/tr><tr><td>mat\u00e9riau du panneau avant<\/td><td>Verre tremp\u00e9<\/td><\/tr><tr><td>Mat\u00e9riau du bo\u00eetier<\/td><td>alliage PC<\/td><\/tr><\/tbody><\/table><\/figure>","protected":false},"excerpt":{"rendered":"<h3 data-start=\"1000\" data-end=\"1019\">Principales caract\u00e9ristiques<\/h3>\n<ul data-start=\"1020\" data-end=\"1991\">\n<li data-start=\"1020\" data-end=\"1154\">\n<p data-start=\"1022\" data-end=\"1154\">Surveillance en temps r\u00e9el du CO\u2082 (0-2000 ppm) avec seuil d&#039;alarme r\u00e9glable (par d\u00e9faut 1000 ppm), permettant un contr\u00f4le r\u00e9actif de la qualit\u00e9 de l&#039;air.<\/p>\n<\/li>\n<li data-start=\"1155\" data-end=\"1317\">\n<p data-start=\"1157\" data-end=\"1317\">Capteurs int\u00e9gr\u00e9s de temp\u00e9rature et d&#039;humidit\u00e9 (plage de temp\u00e9rature d&#039;environ -9 \u00b0C \u00e0 +50 \u00b0C ; humidit\u00e9 jusqu&#039;\u00e0 99 \u00b5H) pour une connaissance compl\u00e8te de l&#039;environnement.<\/p>\n<\/li>\n<li data-start=\"1318\" data-end=\"1461\">\n<p data-start=\"1320\" data-end=\"1461\">D\u00e9tection des COV (compos\u00e9s organiques volatils) \u00e0 quatre niveaux (Excellent \/ Bon \/ Moyen \/ Mauvais) pour alerter sur les polluants de l&#039;air int\u00e9rieur au-del\u00e0 du CO\u2082.<\/p>\n<\/li>\n<li data-start=\"1462\" data-end=\"1667\">\n<p data-start=\"1464\" data-end=\"1667\">La communication sans fil Z-Wave Plus (fr\u00e9quence UE 868,42 MHz) assure une int\u00e9gration transparente avec les hubs Z-Wave et les \u00e9cosyst\u00e8mes de maison intelligente, et agit comme un r\u00e9p\u00e9teur aliment\u00e9 par le secteur pour une couverture r\u00e9seau am\u00e9lior\u00e9e.<\/p>\n<\/li>\n<li data-start=\"1668\" data-end=\"1849\">\n<p data-start=\"1670\" data-end=\"1849\">Fa\u00e7ade \u00e9l\u00e9gante en verre tremp\u00e9 et interface \u00e0 boutons tactiles pour une pr\u00e9sentation raffin\u00e9e\u00a0; l\u2019installation verticale murale offre un positionnement optimal \u00e0 environ 1,5\u00a0m du sol.<\/p>\n<\/li>\n<li data-start=\"1850\" data-end=\"1991\">\n<p data-start=\"1852\" data-end=\"1991\">Adapt\u00e9 \u00e0 une utilisation en int\u00e9rieur dans les secteurs r\u00e9sidentiel, agricole ou industriel o\u00f9 une surveillance continue et une int\u00e9gration intelligente sont n\u00e9cessaires.<\/p>\n<\/li>\n<\/ul>","protected":false},"featured_media":4730,"comment_status":"open","ping_status":"closed","template":"","meta":{"jetpack_post_was_ever_published":false,"jetpack_publicize_message":"","jetpack_publicize_feature_enabled":false,"jetpack_social_post_already_shared":false,"jetpack_social_options":{"image_generator_settings":{"template":"highway","default_image_id":0,"font":"","enabled":false},"version":2}},"product_brand":[153],"product_cat":[134],"product_tag":[],"class_list":{"0":"post-4728","1":"product","2":"type-product","3":"status-publish","4":"has-post-thumbnail","6":"product_brand-mco","7":"product_cat-smart-sensors","9":"first","10":"instock","11":"taxable","12":"shipping-taxable","13":"purchasable","14":"product-type-simple"},"yoast_head":"<!-- This site is optimized with the Yoast SEO plugin v27.5 - https:\/\/yoast.com\/product\/yoast-seo-wordpress\/ -->\n<title>MCO Home CO2 Sensor 230V - Planitpower<\/title>\n<meta name=\"description\" content=\"Discover the advanced MCO\u202fHome\u202fCO2\u202fSensor\u202f230\u202fV \u2013 a Z-Wave Plus air-quality monitor that accurately tracks CO\u2082 levels, temperature, humidity and VOCs, optimised for smart homes and industrial settings.\" \/>\n<meta name=\"robots\" content=\"index, follow, max-snippet:-1, max-image-preview:large, max-video-preview:-1\" \/>\n<link rel=\"canonical\" href=\"https:\/\/planitpower.com\/fr\/boutique\/capteur-de-co2-domestique-mco-230-v\/\" \/>\n<meta property=\"og:locale\" content=\"fr_FR\" \/>\n<meta property=\"og:type\" content=\"article\" \/>\n<meta property=\"og:title\" content=\"MCO Home CO2 Sensor 230V - Planitpower\" \/>\n<meta property=\"og:description\" content=\"Discover the advanced MCO\u202fHome\u202fCO2\u202fSensor\u202f230\u202fV \u2013 a Z-Wave Plus air-quality monitor that accurately tracks CO\u2082 levels, temperature, humidity and VOCs, optimised for smart homes and industrial settings.\" \/>\n<meta property=\"og:url\" content=\"https:\/\/planitpower.com\/fr\/boutique\/capteur-de-co2-domestique-mco-230-v\/\" \/>\n<meta property=\"og:site_name\" content=\"Planitpower\" \/>\n<meta property=\"article:modified_time\" content=\"2026-04-17T22:05:36+00:00\" \/>\n<meta property=\"og:image\" content=\"https:\/\/planitpower.com\/wp-content\/uploads\/2025\/11\/13239_0.png\" \/>\n\t<meta property=\"og:image:width\" content=\"423\" \/>\n\t<meta property=\"og:image:height\" content=\"423\" \/>\n\t<meta property=\"og:image:type\" content=\"image\/png\" \/>\n<meta name=\"twitter:card\" content=\"summary_large_image\" \/>\n<meta name=\"twitter:label1\" content=\"Dur\u00e9e de lecture estim\u00e9e\" \/>\n\t<meta name=\"twitter:data1\" content=\"1 minute\" \/>\n<script type=\"application\/ld+json\" class=\"yoast-schema-graph\">{\"@context\":\"https:\\\/\\\/schema.org\",\"@graph\":[{\"@type\":\"WebPage\",\"@id\":\"https:\\\/\\\/planitpower.com\\\/shop\\\/mco-home-co2-sensor-230v\\\/\",\"url\":\"https:\\\/\\\/planitpower.com\\\/shop\\\/mco-home-co2-sensor-230v\\\/\",\"name\":\"MCO Home CO2 Sensor 230V - Planitpower\",\"isPartOf\":{\"@id\":\"https:\\\/\\\/planitpower.com\\\/#website\"},\"primaryImageOfPage\":{\"@id\":\"https:\\\/\\\/planitpower.com\\\/shop\\\/mco-home-co2-sensor-230v\\\/#primaryimage\"},\"image\":{\"@id\":\"https:\\\/\\\/planitpower.com\\\/shop\\\/mco-home-co2-sensor-230v\\\/#primaryimage\"},\"thumbnailUrl\":\"https:\\\/\\\/i0.wp.com\\\/planitpower.com\\\/wp-content\\\/uploads\\\/2025\\\/11\\\/13239_0.png?fit=423%2C423&ssl=1\",\"datePublished\":\"2025-11-19T01:11:43+00:00\",\"dateModified\":\"2026-04-17T22:05:36+00:00\",\"description\":\"Discover the advanced MCO\u202fHome\u202fCO2\u202fSensor\u202f230\u202fV \u2013 a Z-Wave Plus air-quality monitor that accurately tracks CO\u2082 levels, temperature, humidity and VOCs, optimised for smart homes and industrial settings.\",\"breadcrumb\":{\"@id\":\"https:\\\/\\\/planitpower.com\\\/shop\\\/mco-home-co2-sensor-230v\\\/#breadcrumb\"},\"inLanguage\":\"fr-FR\",\"potentialAction\":[{\"@type\":\"ReadAction\",\"target\":[\"https:\\\/\\\/planitpower.com\\\/shop\\\/mco-home-co2-sensor-230v\\\/\"]}]},{\"@type\":\"ImageObject\",\"inLanguage\":\"fr-FR\",\"@id\":\"https:\\\/\\\/planitpower.com\\\/shop\\\/mco-home-co2-sensor-230v\\\/#primaryimage\",\"url\":\"https:\\\/\\\/i0.wp.com\\\/planitpower.com\\\/wp-content\\\/uploads\\\/2025\\\/11\\\/13239_0.png?fit=423%2C423&ssl=1\",\"contentUrl\":\"https:\\\/\\\/i0.wp.com\\\/planitpower.com\\\/wp-content\\\/uploads\\\/2025\\\/11\\\/13239_0.png?fit=423%2C423&ssl=1\",\"width\":423,\"height\":423,\"caption\":\"MCO Home CO2 Sensor 230V - planitpower - 1\"},{\"@type\":\"BreadcrumbList\",\"@id\":\"https:\\\/\\\/planitpower.com\\\/shop\\\/mco-home-co2-sensor-230v\\\/#breadcrumb\",\"itemListElement\":[{\"@type\":\"ListItem\",\"position\":1,\"name\":\"Home\",\"item\":\"https:\\\/\\\/planitpower.com\\\/\"},{\"@type\":\"ListItem\",\"position\":2,\"name\":\"SHOP\",\"item\":\"https:\\\/\\\/planitpower.com\\\/shop\\\/\"},{\"@type\":\"ListItem\",\"position\":3,\"name\":\"MCO Home CO2 Sensor 230V\"}]},{\"@type\":\"WebSite\",\"@id\":\"https:\\\/\\\/planitpower.com\\\/#website\",\"url\":\"https:\\\/\\\/planitpower.com\\\/\",\"name\":\"Planitpower\",\"description\":\"Inspire energy\",\"publisher\":{\"@id\":\"https:\\\/\\\/planitpower.com\\\/#\\\/schema\\\/person\\\/b531587eda267b930b04174d12de6efa\"},\"potentialAction\":[{\"@type\":\"SearchAction\",\"target\":{\"@type\":\"EntryPoint\",\"urlTemplate\":\"https:\\\/\\\/planitpower.com\\\/?s={search_term_string}\"},\"query-input\":{\"@type\":\"PropertyValueSpecification\",\"valueRequired\":true,\"valueName\":\"search_term_string\"}}],\"inLanguage\":\"fr-FR\"},{\"@type\":[\"Person\",\"Organization\"],\"@id\":\"https:\\\/\\\/planitpower.com\\\/#\\\/schema\\\/person\\\/b531587eda267b930b04174d12de6efa\",\"name\":\"Editorial Team\",\"image\":{\"@type\":\"ImageObject\",\"inLanguage\":\"fr-FR\",\"@id\":\"https:\\\/\\\/i0.wp.com\\\/planitpower.com\\\/wp-content\\\/uploads\\\/2025\\\/12\\\/cropped-planitpower_circle_375x375.png?fit=512%2C512&ssl=1\",\"url\":\"https:\\\/\\\/i0.wp.com\\\/planitpower.com\\\/wp-content\\\/uploads\\\/2025\\\/12\\\/cropped-planitpower_circle_375x375.png?fit=512%2C512&ssl=1\",\"contentUrl\":\"https:\\\/\\\/i0.wp.com\\\/planitpower.com\\\/wp-content\\\/uploads\\\/2025\\\/12\\\/cropped-planitpower_circle_375x375.png?fit=512%2C512&ssl=1\",\"width\":512,\"height\":512,\"caption\":\"Editorial Team\"},\"logo\":{\"@id\":\"https:\\\/\\\/i0.wp.com\\\/planitpower.com\\\/wp-content\\\/uploads\\\/2025\\\/12\\\/cropped-planitpower_circle_375x375.png?fit=512%2C512&ssl=1\"},\"sameAs\":[\"https:\\\/\\\/Planitpower.com\"]}]}<\/script>\n<!-- \/ Yoast SEO plugin. -->","yoast_head_json":{"title":"Capteur de CO2 domestique MCO 230 V - Planitpower","description":"D\u00e9couvrez le capteur de CO2 domestique avanc\u00e9 MCO 230 V \u2013 un moniteur de qualit\u00e9 de l&#039;air Z-Wave Plus qui suit avec pr\u00e9cision les niveaux de CO\u2082, la temp\u00e9rature, l&#039;humidit\u00e9 et les COV, optimis\u00e9 pour les maisons intelligentes et les environnements industriels.","robots":{"index":"index","follow":"follow","max-snippet":"max-snippet:-1","max-image-preview":"max-image-preview:large","max-video-preview":"max-video-preview:-1"},"canonical":"https:\/\/planitpower.com\/fr\/boutique\/capteur-de-co2-domestique-mco-230-v\/","og_locale":"fr_FR","og_type":"article","og_title":"MCO Home CO2 Sensor 230V - Planitpower","og_description":"Discover the advanced MCO\u202fHome\u202fCO2\u202fSensor\u202f230\u202fV \u2013 a Z-Wave Plus air-quality monitor that accurately tracks CO\u2082 levels, temperature, humidity and VOCs, optimised for smart homes and industrial settings.","og_url":"https:\/\/planitpower.com\/fr\/boutique\/capteur-de-co2-domestique-mco-230-v\/","og_site_name":"Planitpower","article_modified_time":"2026-04-17T22:05:36+00:00","og_image":[{"width":423,"height":423,"url":"https:\/\/planitpower.com\/wp-content\/uploads\/2025\/11\/13239_0.png","type":"image\/png"}],"twitter_card":"summary_large_image","twitter_misc":{"Dur\u00e9e de lecture estim\u00e9e":"1 minute"},"schema":{"@context":"https:\/\/schema.org","@graph":[{"@type":"WebPage","@id":"https:\/\/planitpower.com\/shop\/mco-home-co2-sensor-230v\/","url":"https:\/\/planitpower.com\/shop\/mco-home-co2-sensor-230v\/","name":"Capteur de CO2 domestique MCO 230 V - Planitpower","isPartOf":{"@id":"https:\/\/planitpower.com\/#website"},"primaryImageOfPage":{"@id":"https:\/\/planitpower.com\/shop\/mco-home-co2-sensor-230v\/#primaryimage"},"image":{"@id":"https:\/\/planitpower.com\/shop\/mco-home-co2-sensor-230v\/#primaryimage"},"thumbnailUrl":"https:\/\/i0.wp.com\/planitpower.com\/wp-content\/uploads\/2025\/11\/13239_0.png?fit=423%2C423&ssl=1","datePublished":"2025-11-19T01:11:43+00:00","dateModified":"2026-04-17T22:05:36+00:00","description":"D\u00e9couvrez le capteur de CO2 domestique avanc\u00e9 MCO 230 V \u2013 un moniteur de qualit\u00e9 de l&#039;air Z-Wave Plus qui suit avec pr\u00e9cision les niveaux de CO\u2082, la temp\u00e9rature, l&#039;humidit\u00e9 et les COV, optimis\u00e9 pour les maisons intelligentes et les environnements industriels.","breadcrumb":{"@id":"https:\/\/planitpower.com\/shop\/mco-home-co2-sensor-230v\/#breadcrumb"},"inLanguage":"fr-FR","potentialAction":[{"@type":"ReadAction","target":["https:\/\/planitpower.com\/shop\/mco-home-co2-sensor-230v\/"]}]},{"@type":"ImageObject","inLanguage":"fr-FR","@id":"https:\/\/planitpower.com\/shop\/mco-home-co2-sensor-230v\/#primaryimage","url":"https:\/\/i0.wp.com\/planitpower.com\/wp-content\/uploads\/2025\/11\/13239_0.png?fit=423%2C423&ssl=1","contentUrl":"https:\/\/i0.wp.com\/planitpower.com\/wp-content\/uploads\/2025\/11\/13239_0.png?fit=423%2C423&ssl=1","width":423,"height":423,"caption":"MCO Home CO2 Sensor 230V - planitpower - 1"},{"@type":"BreadcrumbList","@id":"https:\/\/planitpower.com\/shop\/mco-home-co2-sensor-230v\/#breadcrumb","itemListElement":[{"@type":"ListItem","position":1,"name":"Home","item":"https:\/\/planitpower.com\/"},{"@type":"ListItem","position":2,"name":"SHOP","item":"https:\/\/planitpower.com\/shop\/"},{"@type":"ListItem","position":3,"name":"MCO Home CO2 Sensor 230V"}]},{"@type":"WebSite","@id":"https:\/\/planitpower.com\/#website","url":"https:\/\/planitpower.com\/","name":"Planitpower","description":"Inspirons l'\u00e9nergie!","publisher":{"@id":"https:\/\/planitpower.com\/#\/schema\/person\/b531587eda267b930b04174d12de6efa"},"potentialAction":[{"@type":"SearchAction","target":{"@type":"EntryPoint","urlTemplate":"https:\/\/planitpower.com\/?s={search_term_string}"},"query-input":{"@type":"PropertyValueSpecification","valueRequired":true,"valueName":"search_term_string"}}],"inLanguage":"fr-FR"},{"@type":["Person","Organization"],"@id":"https:\/\/planitpower.com\/#\/schema\/person\/b531587eda267b930b04174d12de6efa","name":"Equipe \u00e9ditoriale","image":{"@type":"ImageObject","inLanguage":"fr-FR","@id":"https:\/\/i0.wp.com\/planitpower.com\/wp-content\/uploads\/2025\/12\/cropped-planitpower_circle_375x375.png?fit=512%2C512&ssl=1","url":"https:\/\/i0.wp.com\/planitpower.com\/wp-content\/uploads\/2025\/12\/cropped-planitpower_circle_375x375.png?fit=512%2C512&ssl=1","contentUrl":"https:\/\/i0.wp.com\/planitpower.com\/wp-content\/uploads\/2025\/12\/cropped-planitpower_circle_375x375.png?fit=512%2C512&ssl=1","width":512,"height":512,"caption":"Editorial Team"},"logo":{"@id":"https:\/\/i0.wp.com\/planitpower.com\/wp-content\/uploads\/2025\/12\/cropped-planitpower_circle_375x375.png?fit=512%2C512&ssl=1"},"sameAs":["https:\/\/Planitpower.com"]}]}},"jetpack_publicize_connections":[],"jetpack_likes_enabled":true,"jetpack_sharing_enabled":true,"jetpack-related-posts":[{"id":4767,"url":"https:\/\/planitpower.com\/fr\/boutique\/multi-capteurs-dambiance-mco\/","url_meta":{"origin":4728,"position":0},"title":"MCO Home Multi Sensor","author":"Editorial Team","date":"20\/11\/2025","format":false,"excerpt":"Main features 9 sensors in one unit: Monitors temperature, humidity, CO\u2082, PM2.5, VOCs, motion (PIR), light intensity, noise levels and smoke. Z-Wave Plus technology: Ensures reliable wireless communication and smooth integration with smart home hubs. 3.5-inch TFT display: Shows key measurements instantly and clearly. Premium design: Wall-mounted device with a\u2026","rel":"","context":"Article similaire","block_context":{"text":"Article similaire","link":""},"img":{"alt_text":"MCO Home Multi Sensor - planitpower","src":"https:\/\/i0.wp.com\/planitpower.com\/wp-content\/uploads\/2025\/11\/MCO-Home-Multi-Sensor_MCOEA8-9.png?fit=400%2C332&ssl=1&resize=350%2C200","width":350,"height":200},"classes":[]},{"id":4717,"url":"https:\/\/planitpower.com\/fr\/boutique\/moniteurs-de-qualite-de-lair-mco-home-pm2-5-capteur-12-v\/","url_meta":{"origin":4728,"position":1},"title":"MCO Home Capteur PM2.5 Moniteurs de qualit\u00e9 de l'air - 12V","author":"Editorial Team","date":"19\/11\/2025","format":false,"excerpt":"Main features Real-time monitoring of PM2.5 (fine dust) concentration in the air, enabling quick awareness of changing air quality. Built-in sensors for ambient temperature and humidity, offering a fuller environmental picture in one unit. Sleek, modern interface featuring a tempered-glass front panel with touch or physical button controls for local\u2026","rel":"","context":"Article similaire","block_context":{"text":"Article similaire","link":""},"img":{"alt_text":"MCO Home PM2.5 Sensor Air Quality Monitors - 12V - planitpower","src":"https:\/\/i0.wp.com\/planitpower.com\/wp-content\/uploads\/2025\/11\/13240_0.png?fit=423%2C423&ssl=1&resize=350%2C200","width":350,"height":200},"classes":[]},{"id":4737,"url":"https:\/\/planitpower.com\/fr\/boutique\/thermostat-de-chauffage-electrique-domestique-mco-avec-capteur-dhumidite\/","url_meta":{"origin":4728,"position":2},"title":"Thermostat de chauffage \u00e9lectrique domestique MCO avec capteur d&#039;humidit\u00e9, version 2","author":"Editorial Team","date":"19\/11\/2025","format":false,"excerpt":"Main Features Z-Wave thermostat for electrical heating systems, compatible with leading smart home gateways. Integrated temperature and humidity sensors for accurate climate monitoring. Capacitive touch glass panel, offering a premium, modern interface. Multiple heating modes, including manual, energy-saving, and programmable schedules. Built-in overload and safety protection for reliable operation. LED\u2026","rel":"","context":"Article similaire","block_context":{"text":"Article similaire","link":""},"img":{"alt_text":"MCO Home Electrical Heating Thermostat with humidity sensor Version 2 - planitpower","src":"https:\/\/i0.wp.com\/planitpower.com\/wp-content\/uploads\/2025\/11\/MH7-WH.jpg?fit=423%2C423&ssl=1&resize=350%2C200","width":350,"height":200},"classes":[]},{"id":4913,"url":"https:\/\/planitpower.com\/fr\/boutique\/interrupteur-tactile-en-verre-mco-home-gen5-1-bouton-2\/","url_meta":{"origin":4728,"position":3},"title":"Interrupteur tactile en verre MCO Home GEN5 (1 bouton)","author":"Editorial Team","date":"21\/11\/2025","format":false,"excerpt":"Main Features Premium capacitive touch control with a tempered glass front panel Z-Wave Plus GEN5 technology for faster and more secure communication Compatible with major Z-Wave gateways and smart home platforms Supports remote on\/off control and automation scenarios Elegant LED indicator for visual status feedback Installation in standard EU wall\u2026","rel":"","context":"Article similaire","block_context":{"text":"Article similaire","link":""},"img":{"alt_text":"MCO Home Glass Touch Switch GEN5 1 Button - Planitpower","src":"https:\/\/i0.wp.com\/planitpower.com\/wp-content\/uploads\/2025\/11\/12837_0-1-scaled.webp?fit=1200%2C800&ssl=1&resize=350%2C200","width":350,"height":200,"srcset":"https:\/\/i0.wp.com\/planitpower.com\/wp-content\/uploads\/2025\/11\/12837_0-1-scaled.webp?fit=1200%2C800&ssl=1&resize=350%2C200 1x, https:\/\/i0.wp.com\/planitpower.com\/wp-content\/uploads\/2025\/11\/12837_0-1-scaled.webp?fit=1200%2C800&ssl=1&resize=525%2C300 1.5x, https:\/\/i0.wp.com\/planitpower.com\/wp-content\/uploads\/2025\/11\/12837_0-1-scaled.webp?fit=1200%2C800&ssl=1&resize=700%2C400 2x, https:\/\/i0.wp.com\/planitpower.com\/wp-content\/uploads\/2025\/11\/12837_0-1-scaled.webp?fit=1200%2C800&ssl=1&resize=1050%2C600 3x"},"classes":[]},{"id":4685,"url":"https:\/\/planitpower.com\/fr\/boutique\/interrupteur-tactile-en-verre-mco-home-gen5-a-1-bouton\/","url_meta":{"origin":4728,"position":4},"title":"Interrupteur tactile en verre MCO Home GEN5 (1 bouton)","author":"Editorial Team","date":"18\/11\/2025","format":false,"excerpt":"Main Features Sleek glass-front touch panel with one capacitive button and a status LED to indicate switching condition. Built-in relay capable of switching loads up to approximately 1 100 W at 230 V, allowing direct control of lighting or other electrical loads. Full Z-Wave Plus communication enables integration into smart-home\u2026","rel":"","context":"Article similaire","block_context":{"text":"Article similaire","link":""},"img":{"alt_text":"MCO Home Glass Touch Switch GEN5 (1 Button) - planitpower - 1","src":"https:\/\/i0.wp.com\/planitpower.com\/wp-content\/uploads\/2025\/11\/12837_0-scaled.webp?fit=1200%2C800&ssl=1&resize=350%2C200","width":350,"height":200,"srcset":"https:\/\/i0.wp.com\/planitpower.com\/wp-content\/uploads\/2025\/11\/12837_0-scaled.webp?fit=1200%2C800&ssl=1&resize=350%2C200 1x, https:\/\/i0.wp.com\/planitpower.com\/wp-content\/uploads\/2025\/11\/12837_0-scaled.webp?fit=1200%2C800&ssl=1&resize=525%2C300 1.5x, https:\/\/i0.wp.com\/planitpower.com\/wp-content\/uploads\/2025\/11\/12837_0-scaled.webp?fit=1200%2C800&ssl=1&resize=700%2C400 2x, https:\/\/i0.wp.com\/planitpower.com\/wp-content\/uploads\/2025\/11\/12837_0-scaled.webp?fit=1200%2C800&ssl=1&resize=1050%2C600 3x"},"classes":[]},{"id":4909,"url":"https:\/\/planitpower.com\/fr\/boutique\/variateur-tactile-en-verre-mco-home\/","url_meta":{"origin":4728,"position":5},"title":"Variateur tactile en verre MCO Home","author":"Editorial Team","date":"21\/11\/2025","format":false,"excerpt":"Main features Elegant glass touch surface with two touch-zones for intuitive ON\/OFF and dimming operation. Compatible with both 2-wire (no neutral) and 3-wire installations, easing retrofit into existing switch boxes. Automatic load-type detection and support for leading-edge and trailing-edge dimming, making it versatile for a broad range of light sources.\u2026","rel":"","context":"Article similaire","block_context":{"text":"Article similaire","link":""},"img":{"alt_text":"MCO Home Glass Touch Dimmer - planitpower","src":"https:\/\/i0.wp.com\/planitpower.com\/wp-content\/uploads\/2025\/11\/DT411-W_Shop.webp?fit=1200%2C797&ssl=1&resize=350%2C200","width":350,"height":200,"srcset":"https:\/\/i0.wp.com\/planitpower.com\/wp-content\/uploads\/2025\/11\/DT411-W_Shop.webp?fit=1200%2C797&ssl=1&resize=350%2C200 1x, https:\/\/i0.wp.com\/planitpower.com\/wp-content\/uploads\/2025\/11\/DT411-W_Shop.webp?fit=1200%2C797&ssl=1&resize=525%2C300 1.5x, https:\/\/i0.wp.com\/planitpower.com\/wp-content\/uploads\/2025\/11\/DT411-W_Shop.webp?fit=1200%2C797&ssl=1&resize=700%2C400 2x, https:\/\/i0.wp.com\/planitpower.com\/wp-content\/uploads\/2025\/11\/DT411-W_Shop.webp?fit=1200%2C797&ssl=1&resize=1050%2C600 3x"},"classes":[]}],"_links":{"self":[{"href":"https:\/\/planitpower.com\/fr\/wp-json\/wp\/v2\/product\/4728","targetHints":{"allow":["GET"]}}],"collection":[{"href":"https:\/\/planitpower.com\/fr\/wp-json\/wp\/v2\/product"}],"about":[{"href":"https:\/\/planitpower.com\/fr\/wp-json\/wp\/v2\/types\/product"}],"replies":[{"embeddable":true,"href":"https:\/\/planitpower.com\/fr\/wp-json\/wp\/v2\/comments?post=4728"}],"version-history":[{"count":2,"href":"https:\/\/planitpower.com\/fr\/wp-json\/wp\/v2\/product\/4728\/revisions"}],"predecessor-version":[{"id":6345,"href":"https:\/\/planitpower.com\/fr\/wp-json\/wp\/v2\/product\/4728\/revisions\/6345"}],"wp:featuredmedia":[{"embeddable":true,"href":"https:\/\/planitpower.com\/fr\/wp-json\/wp\/v2\/media\/4730"}],"wp:attachment":[{"href":"https:\/\/planitpower.com\/fr\/wp-json\/wp\/v2\/media?parent=4728"}],"wp:term":[{"taxonomy":"product_brand","embeddable":true,"href":"https:\/\/planitpower.com\/fr\/wp-json\/wp\/v2\/product_brand?post=4728"},{"taxonomy":"product_cat","embeddable":true,"href":"https:\/\/planitpower.com\/fr\/wp-json\/wp\/v2\/product_cat?post=4728"},{"taxonomy":"product_tag","embeddable":true,"href":"https:\/\/planitpower.com\/fr\/wp-json\/wp\/v2\/product_tag?post=4728"}],"curies":[{"name":"wp","href":"https:\/\/api.w.org\/{rel}","templated":true}]}}