{"id":4734,"date":"2025-11-19T21:32:01","date_gmt":"2025-11-19T21:32:01","guid":{"rendered":"https:\/\/planitpower.com\/?post_type=product&#038;p=4734"},"modified":"2026-01-30T01:03:19","modified_gmt":"2026-01-30T01:03:19","slug":"heatit-z-smoke2-230v","status":"publish","type":"product","link":"https:\/\/planitpower.com\/fr\/boutique\/heatit-z-smoke2-230v\/","title":{"rendered":"Heatit Z-Smoke2 230V"},"content":{"rendered":"<h2 class=\"wp-block-heading\"><strong>Description<\/strong><\/h2>\n\n\n\n<p>Le d\u00e9tecteur de fum\u00e9e Heatit Z-Smoke2 230V est un mod\u00e8le Z-Wave avanc\u00e9, con\u00e7u pour les maisons connect\u00e9es modernes. Aliment\u00e9 directement par le secteur (230 V) avec batterie de secours, il offre une protection continue et fiable contre la fum\u00e9e et les risques d&#039;incendie. Gr\u00e2ce \u00e0 sa technologie de d\u00e9tection optique de haute pr\u00e9cision, il garantit une d\u00e9tection rapide et constante tout en minimisant les fausses alarmes.<\/p>\n\n\n\n<p>Ce d\u00e9tecteur intelligent s&#039;int\u00e8gre parfaitement aux r\u00e9seaux Z-Wave, permettant des actions de s\u00e9curit\u00e9 automatis\u00e9es telles que l&#039;allumage des lumi\u00e8res, l&#039;arr\u00eat des syst\u00e8mes de chauffage, de ventilation et de climatisation, et l&#039;envoi d&#039;alertes instantan\u00e9es \u00e0 votre syst\u00e8me domotique. Son design compact et \u00e9l\u00e9gant s&#039;int\u00e8gre discr\u00e8tement dans les espaces r\u00e9sidentiels et commerciaux. Le Heatit Z-Smoke2 230V surveille \u00e9galement les variations de temp\u00e9rature et peut servir de capteur de s\u00e9curit\u00e9 suppl\u00e9mentaire dans votre installation domotique.<\/p>\n\n\n\n<p>Con\u00e7ue pour une stabilit\u00e9 et une s\u00e9curit\u00e9 \u00e0 long terme, l&#039;unit\u00e9 est conforme aux normes europ\u00e9ennes de s\u00e9curit\u00e9 incendie et offre de multiples fonctions de diagnostic, notamment l&#039;autotest et le rapport d&#039;\u00e9tat, garantissant des performances fiables tout au long de sa dur\u00e9e de vie.<\/p>\n\n\n\n<h2 class=\"wp-block-heading\"><strong>sp\u00e9cifications techniques<\/strong><\/h2>\n\n\n\n<figure class=\"wp-block-table\"><table class=\"has-fixed-layout\"><thead><tr><th><strong>Sp\u00e9cifications<\/strong><\/th><th><strong>D\u00e9tails<\/strong><\/th><\/tr><\/thead><tbody><tr><td>Alimentation \u00e9lectrique<\/td><td>230 V CA \u00b1101 V, 50\/60 Hz<\/td><\/tr><tr><td>Batterie de secours<\/td><td>Batterie rempla\u00e7able, con\u00e7ue pour une autonomie \u00e0 long terme<\/td><\/tr><tr><td>Puce Z-Wave<\/td><td>S\u00e9rie Z-Wave 700<\/td><\/tr><tr><td>Fr\u00e9quence sans fil<\/td><td>UE 868,4 MHz (selon la r\u00e9gion)<\/td><\/tr><tr><td>S\u00e9curit\u00e9 Z-Wave<\/td><td>S2, compatible SmartStart<\/td><\/tr><tr><td>M\u00e9thode de d\u00e9tection<\/td><td>d\u00e9tecteur de fum\u00e9e optique<\/td><\/tr><tr><td>Capteur de temp\u00e9rature<\/td><td>Int\u00e9gr\u00e9, prend en charge les notifications de maison intelligente<\/td><\/tr><tr><td>niveau sonore de l&#039;alarme<\/td><td>Environ 85 dB \u00e0 3 m<\/td><\/tr><tr><td>Installation<\/td><td>fixation au plafond<\/td><\/tr><tr><td>Temp\u00e9rature de fonctionnement<\/td><td>G\u00e9n\u00e9ralement de 0\u00b0C \u00e0 +50\u00b0C<\/td><\/tr><tr><td>Dimensions<\/td><td>Bo\u00eetier rond compact (norme du fabricant)<\/td><\/tr><tr><td>Mises \u00e0 jour du firmware<\/td><td>Mise \u00e0 jour OTA prise en charge via le r\u00e9seau Z-Wave<\/td><\/tr><tr><td>Conformit\u00e9<\/td><td>EN 14604 et normes europ\u00e9ennes pertinentes<\/td><\/tr><\/tbody><\/table><\/figure>","protected":false},"excerpt":{"rendered":"<h2 data-start=\"1298\" data-end=\"1320\"><strong data-start=\"1301\" data-end=\"1318\">Principales caract\u00e9ristiques<\/strong><\/h2>\n<ul data-start=\"1321\" data-end=\"1953\">\n<li data-start=\"1321\" data-end=\"1390\">\n<p data-start=\"1323\" data-end=\"1390\">D\u00e9tection optique de fum\u00e9e avec une grande pr\u00e9cision et un temps de r\u00e9ponse rapide<\/p>\n<\/li>\n<li data-start=\"1391\" data-end=\"1449\">\n<p data-start=\"1393\" data-end=\"1449\">Aliment\u00e9 par le secteur 230 V avec batterie de secours longue dur\u00e9e<\/p>\n<\/li>\n<li data-start=\"1450\" data-end=\"1531\">\n<p data-start=\"1452\" data-end=\"1531\">Puce Z-Wave s\u00e9rie 700 pour une port\u00e9e, une stabilit\u00e9 et une vitesse de communication am\u00e9lior\u00e9es.<\/p>\n<\/li>\n<li data-start=\"1532\" data-end=\"1590\">\n<p data-start=\"1534\" data-end=\"1590\">Prend en charge les protocoles de s\u00e9curit\u00e9 Z-Wave (S2 et SmartStart)<\/p>\n<\/li>\n<li data-start=\"1591\" data-end=\"1660\">\n<p data-start=\"1593\" data-end=\"1660\">Capteur de temp\u00e9rature int\u00e9gr\u00e9 pour une surveillance et une automatisation accrues<\/p>\n<\/li>\n<li data-start=\"1661\" data-end=\"1720\">\n<p data-start=\"1663\" data-end=\"1720\">Fonctionnalit\u00e9 d&#039;autotest avec rapport d&#039;\u00e9tat automatique<\/p>\n<\/li>\n<li data-start=\"1721\" data-end=\"1770\">\n<p data-start=\"1723\" data-end=\"1770\">Design fin et moderne convenant \u00e0 tous les int\u00e9rieurs<\/p>\n<\/li>\n<li data-start=\"1771\" data-end=\"1819\">\n<p data-start=\"1773\" data-end=\"1819\">Alarmes configurables et notifications Z-Wave<\/p>\n<\/li>\n<li data-start=\"1820\" data-end=\"1897\">\n<p data-start=\"1822\" data-end=\"1897\">Con\u00e7u pour les plafonds et conforme aux normes europ\u00e9ennes de s\u00e9curit\u00e9 incendie<\/p>\n<\/li>\n<li data-start=\"1898\" data-end=\"1953\">\n<p data-start=\"1900\" data-end=\"1953\">Prise en charge des mises \u00e0 jour du firmware OTA via le r\u00e9seau Z-Wave<\/p>\n<\/li>\n<\/ul>","protected":false},"featured_media":6029,"comment_status":"open","ping_status":"closed","template":"","meta":{"jetpack_post_was_ever_published":false,"jetpack_publicize_message":"","jetpack_publicize_feature_enabled":false,"jetpack_social_post_already_shared":false,"jetpack_social_options":{"image_generator_settings":{"template":"highway","default_image_id":0,"font":"","enabled":false},"version":2}},"product_brand":[154],"product_cat":[120],"product_tag":[],"class_list":{"0":"post-4734","1":"product","2":"type-product","3":"status-publish","4":"has-post-thumbnail","6":"product_brand-heatit","7":"product_cat-security-sensors-alarms","9":"first","10":"instock","11":"taxable","12":"shipping-taxable","13":"purchasable","14":"product-type-simple"},"yoast_head":"<!-- This site is optimized with the Yoast SEO plugin v27.3 - https:\/\/yoast.com\/product\/yoast-seo-wordpress\/ -->\n<title>Heatit Z-Smoke2 230V - Planitpower<\/title>\n<meta name=\"description\" content=\"Heatit Z-Smoke2 230V \u2013 A premium Z-Wave smoke detector with 230V power supply, advanced fire detection, temperature monitoring, and intelligent automation features for safer smart homes.\" \/>\n<meta name=\"robots\" content=\"index, follow, max-snippet:-1, max-image-preview:large, max-video-preview:-1\" \/>\n<link rel=\"canonical\" href=\"https:\/\/planitpower.com\/fr\/boutique\/heatit-z-smoke2-230v\/\" \/>\n<meta property=\"og:locale\" content=\"fr_FR\" \/>\n<meta property=\"og:type\" content=\"article\" \/>\n<meta property=\"og:title\" content=\"Heatit Z-Smoke2 230V - Planitpower\" \/>\n<meta property=\"og:description\" content=\"Heatit Z-Smoke2 230V \u2013 A premium Z-Wave smoke detector with 230V power supply, advanced fire detection, temperature monitoring, and intelligent automation features for safer smart homes.\" \/>\n<meta property=\"og:url\" content=\"https:\/\/planitpower.com\/fr\/boutique\/heatit-z-smoke2-230v\/\" \/>\n<meta property=\"og:site_name\" content=\"Planitpower\" \/>\n<meta property=\"article:modified_time\" content=\"2026-01-30T01:03:19+00:00\" \/>\n<meta property=\"og:image\" content=\"https:\/\/i0.wp.com\/planitpower.com\/wp-content\/uploads\/2025\/11\/7071236019626-03.webp?fit=1500%2C1500&ssl=1\" \/>\n\t<meta property=\"og:image:width\" content=\"1500\" \/>\n\t<meta property=\"og:image:height\" content=\"1500\" \/>\n\t<meta property=\"og:image:type\" content=\"image\/webp\" \/>\n<meta name=\"twitter:card\" content=\"summary_large_image\" \/>\n<meta name=\"twitter:label1\" content=\"Dur\u00e9e de lecture estim\u00e9e\" \/>\n\t<meta name=\"twitter:data1\" content=\"2 minutes\" \/>\n<script type=\"application\/ld+json\" class=\"yoast-schema-graph\">{\"@context\":\"https:\\\/\\\/schema.org\",\"@graph\":[{\"@type\":\"WebPage\",\"@id\":\"https:\\\/\\\/planitpower.com\\\/shop\\\/heatit-z-smoke2-230v\\\/\",\"url\":\"https:\\\/\\\/planitpower.com\\\/shop\\\/heatit-z-smoke2-230v\\\/\",\"name\":\"Heatit Z-Smoke2 230V - Planitpower\",\"isPartOf\":{\"@id\":\"https:\\\/\\\/planitpower.com\\\/#website\"},\"primaryImageOfPage\":{\"@id\":\"https:\\\/\\\/planitpower.com\\\/shop\\\/heatit-z-smoke2-230v\\\/#primaryimage\"},\"image\":{\"@id\":\"https:\\\/\\\/planitpower.com\\\/shop\\\/heatit-z-smoke2-230v\\\/#primaryimage\"},\"thumbnailUrl\":\"https:\\\/\\\/i0.wp.com\\\/planitpower.com\\\/wp-content\\\/uploads\\\/2025\\\/11\\\/7071236019626-03.webp?fit=1500%2C1500&ssl=1\",\"datePublished\":\"2025-11-19T21:32:01+00:00\",\"dateModified\":\"2026-01-30T01:03:19+00:00\",\"description\":\"Heatit Z-Smoke2 230V \u2013 A premium Z-Wave smoke detector with 230V power supply, advanced fire detection, temperature monitoring, and intelligent automation features for safer smart homes.\",\"breadcrumb\":{\"@id\":\"https:\\\/\\\/planitpower.com\\\/shop\\\/heatit-z-smoke2-230v\\\/#breadcrumb\"},\"inLanguage\":\"fr-FR\",\"potentialAction\":[{\"@type\":\"ReadAction\",\"target\":[\"https:\\\/\\\/planitpower.com\\\/shop\\\/heatit-z-smoke2-230v\\\/\"]}]},{\"@type\":\"ImageObject\",\"inLanguage\":\"fr-FR\",\"@id\":\"https:\\\/\\\/planitpower.com\\\/shop\\\/heatit-z-smoke2-230v\\\/#primaryimage\",\"url\":\"https:\\\/\\\/i0.wp.com\\\/planitpower.com\\\/wp-content\\\/uploads\\\/2025\\\/11\\\/7071236019626-03.webp?fit=1500%2C1500&ssl=1\",\"contentUrl\":\"https:\\\/\\\/i0.wp.com\\\/planitpower.com\\\/wp-content\\\/uploads\\\/2025\\\/11\\\/7071236019626-03.webp?fit=1500%2C1500&ssl=1\",\"width\":1500,\"height\":1500,\"caption\":\"Heatit Z-Smoke2 230V - Planitpower - 11\"},{\"@type\":\"BreadcrumbList\",\"@id\":\"https:\\\/\\\/planitpower.com\\\/shop\\\/heatit-z-smoke2-230v\\\/#breadcrumb\",\"itemListElement\":[{\"@type\":\"ListItem\",\"position\":1,\"name\":\"Home\",\"item\":\"https:\\\/\\\/planitpower.com\\\/\"},{\"@type\":\"ListItem\",\"position\":2,\"name\":\"SHOP\",\"item\":\"https:\\\/\\\/planitpower.com\\\/shop\\\/\"},{\"@type\":\"ListItem\",\"position\":3,\"name\":\"Heatit Z-Smoke2 230V\"}]},{\"@type\":\"WebSite\",\"@id\":\"https:\\\/\\\/planitpower.com\\\/#website\",\"url\":\"https:\\\/\\\/planitpower.com\\\/\",\"name\":\"Planitpower\",\"description\":\"Inspire energy\",\"publisher\":{\"@id\":\"https:\\\/\\\/planitpower.com\\\/#\\\/schema\\\/person\\\/b531587eda267b930b04174d12de6efa\"},\"potentialAction\":[{\"@type\":\"SearchAction\",\"target\":{\"@type\":\"EntryPoint\",\"urlTemplate\":\"https:\\\/\\\/planitpower.com\\\/?s={search_term_string}\"},\"query-input\":{\"@type\":\"PropertyValueSpecification\",\"valueRequired\":true,\"valueName\":\"search_term_string\"}}],\"inLanguage\":\"fr-FR\"},{\"@type\":[\"Person\",\"Organization\"],\"@id\":\"https:\\\/\\\/planitpower.com\\\/#\\\/schema\\\/person\\\/b531587eda267b930b04174d12de6efa\",\"name\":\"Editorial Team\",\"image\":{\"@type\":\"ImageObject\",\"inLanguage\":\"fr-FR\",\"@id\":\"https:\\\/\\\/i0.wp.com\\\/planitpower.com\\\/wp-content\\\/uploads\\\/2025\\\/12\\\/cropped-planitpower_circle_375x375.png?fit=512%2C512&ssl=1\",\"url\":\"https:\\\/\\\/i0.wp.com\\\/planitpower.com\\\/wp-content\\\/uploads\\\/2025\\\/12\\\/cropped-planitpower_circle_375x375.png?fit=512%2C512&ssl=1\",\"contentUrl\":\"https:\\\/\\\/i0.wp.com\\\/planitpower.com\\\/wp-content\\\/uploads\\\/2025\\\/12\\\/cropped-planitpower_circle_375x375.png?fit=512%2C512&ssl=1\",\"width\":512,\"height\":512,\"caption\":\"Editorial Team\"},\"logo\":{\"@id\":\"https:\\\/\\\/i0.wp.com\\\/planitpower.com\\\/wp-content\\\/uploads\\\/2025\\\/12\\\/cropped-planitpower_circle_375x375.png?fit=512%2C512&ssl=1\"},\"sameAs\":[\"https:\\\/\\\/Planitpower.com\"]}]}<\/script>\n<!-- \/ Yoast SEO plugin. -->","yoast_head_json":{"title":"Heatit Z-Smoke2 230V - Planitpower","description":"Heatit Z-Smoke2 230V \u2013 Un d\u00e9tecteur de fum\u00e9e Z-Wave haut de gamme avec une alimentation de 230 V, une d\u00e9tection d&#039;incendie avanc\u00e9e, une surveillance de la temp\u00e9rature et des fonctions d&#039;automatisation intelligentes pour des maisons intelligentes plus s\u00fbres.","robots":{"index":"index","follow":"follow","max-snippet":"max-snippet:-1","max-image-preview":"max-image-preview:large","max-video-preview":"max-video-preview:-1"},"canonical":"https:\/\/planitpower.com\/fr\/boutique\/heatit-z-smoke2-230v\/","og_locale":"fr_FR","og_type":"article","og_title":"Heatit Z-Smoke2 230V - Planitpower","og_description":"Heatit Z-Smoke2 230V \u2013 A premium Z-Wave smoke detector with 230V power supply, advanced fire detection, temperature monitoring, and intelligent automation features for safer smart homes.","og_url":"https:\/\/planitpower.com\/fr\/boutique\/heatit-z-smoke2-230v\/","og_site_name":"Planitpower","article_modified_time":"2026-01-30T01:03:19+00:00","og_image":[{"width":1500,"height":1500,"url":"https:\/\/i0.wp.com\/planitpower.com\/wp-content\/uploads\/2025\/11\/7071236019626-03.webp?fit=1500%2C1500&ssl=1","type":"image\/webp"}],"twitter_card":"summary_large_image","twitter_misc":{"Dur\u00e9e de lecture estim\u00e9e":"2 minutes"},"schema":{"@context":"https:\/\/schema.org","@graph":[{"@type":"WebPage","@id":"https:\/\/planitpower.com\/shop\/heatit-z-smoke2-230v\/","url":"https:\/\/planitpower.com\/shop\/heatit-z-smoke2-230v\/","name":"Heatit Z-Smoke2 230V - Planitpower","isPartOf":{"@id":"https:\/\/planitpower.com\/#website"},"primaryImageOfPage":{"@id":"https:\/\/planitpower.com\/shop\/heatit-z-smoke2-230v\/#primaryimage"},"image":{"@id":"https:\/\/planitpower.com\/shop\/heatit-z-smoke2-230v\/#primaryimage"},"thumbnailUrl":"https:\/\/i0.wp.com\/planitpower.com\/wp-content\/uploads\/2025\/11\/7071236019626-03.webp?fit=1500%2C1500&ssl=1","datePublished":"2025-11-19T21:32:01+00:00","dateModified":"2026-01-30T01:03:19+00:00","description":"Heatit Z-Smoke2 230V \u2013 Un d\u00e9tecteur de fum\u00e9e Z-Wave haut de gamme avec une alimentation de 230 V, une d\u00e9tection d&#039;incendie avanc\u00e9e, une surveillance de la temp\u00e9rature et des fonctions d&#039;automatisation intelligentes pour des maisons intelligentes plus s\u00fbres.","breadcrumb":{"@id":"https:\/\/planitpower.com\/shop\/heatit-z-smoke2-230v\/#breadcrumb"},"inLanguage":"fr-FR","potentialAction":[{"@type":"ReadAction","target":["https:\/\/planitpower.com\/shop\/heatit-z-smoke2-230v\/"]}]},{"@type":"ImageObject","inLanguage":"fr-FR","@id":"https:\/\/planitpower.com\/shop\/heatit-z-smoke2-230v\/#primaryimage","url":"https:\/\/i0.wp.com\/planitpower.com\/wp-content\/uploads\/2025\/11\/7071236019626-03.webp?fit=1500%2C1500&ssl=1","contentUrl":"https:\/\/i0.wp.com\/planitpower.com\/wp-content\/uploads\/2025\/11\/7071236019626-03.webp?fit=1500%2C1500&ssl=1","width":1500,"height":1500,"caption":"Heatit Z-Smoke2 230V - Planitpower - 11"},{"@type":"BreadcrumbList","@id":"https:\/\/planitpower.com\/shop\/heatit-z-smoke2-230v\/#breadcrumb","itemListElement":[{"@type":"ListItem","position":1,"name":"Home","item":"https:\/\/planitpower.com\/"},{"@type":"ListItem","position":2,"name":"SHOP","item":"https:\/\/planitpower.com\/shop\/"},{"@type":"ListItem","position":3,"name":"Heatit Z-Smoke2 230V"}]},{"@type":"WebSite","@id":"https:\/\/planitpower.com\/#website","url":"https:\/\/planitpower.com\/","name":"Planitpower","description":"Inspirons l'\u00e9nergie!","publisher":{"@id":"https:\/\/planitpower.com\/#\/schema\/person\/b531587eda267b930b04174d12de6efa"},"potentialAction":[{"@type":"SearchAction","target":{"@type":"EntryPoint","urlTemplate":"https:\/\/planitpower.com\/?s={search_term_string}"},"query-input":{"@type":"PropertyValueSpecification","valueRequired":true,"valueName":"search_term_string"}}],"inLanguage":"fr-FR"},{"@type":["Person","Organization"],"@id":"https:\/\/planitpower.com\/#\/schema\/person\/b531587eda267b930b04174d12de6efa","name":"Equipe \u00e9ditoriale","image":{"@type":"ImageObject","inLanguage":"fr-FR","@id":"https:\/\/i0.wp.com\/planitpower.com\/wp-content\/uploads\/2025\/12\/cropped-planitpower_circle_375x375.png?fit=512%2C512&ssl=1","url":"https:\/\/i0.wp.com\/planitpower.com\/wp-content\/uploads\/2025\/12\/cropped-planitpower_circle_375x375.png?fit=512%2C512&ssl=1","contentUrl":"https:\/\/i0.wp.com\/planitpower.com\/wp-content\/uploads\/2025\/12\/cropped-planitpower_circle_375x375.png?fit=512%2C512&ssl=1","width":512,"height":512,"caption":"Editorial Team"},"logo":{"@id":"https:\/\/i0.wp.com\/planitpower.com\/wp-content\/uploads\/2025\/12\/cropped-planitpower_circle_375x375.png?fit=512%2C512&ssl=1"},"sameAs":["https:\/\/Planitpower.com"]}]}},"jetpack_publicize_connections":[],"jetpack_likes_enabled":true,"jetpack_sharing_enabled":true,"jetpack-related-posts":[{"id":5208,"url":"https:\/\/planitpower.com\/fr\/boutique\/zendure-solarflow-2400-ac\/","url_meta":{"origin":4734,"position":0},"title":"Zendure SolarFlow 2400 AC","author":"Editorial Team","date":"28\/11\/2025","format":false,"excerpt":"Main features Syst\u00e8me de gestion intelligent AC-coupl\u00e9Contr\u00f4le automatiquement la charge et la d\u00e9charge des batteries AB3000X selon la production solaire, votre consommation et les horaires tarifaires. Compatible avec les micro-onduleursFonctionne avec les installations photovolta\u00efques AC jusqu\u2019\u00e0 2000 W, sans modifier l\u2019infrastructure existante. Puissance de sortie flexible800 W en mode plug-and-play\u2026","rel":"","context":"Article similaire","block_context":{"text":"Article similaire","link":""},"img":{"alt_text":"Zendure SolarFlow 2400 AC - planitpower","src":"https:\/\/i0.wp.com\/planitpower.com\/wp-content\/uploads\/2025\/11\/zendure-solarflow-2400-ac-seul.jpg?fit=500%2C500&ssl=1&resize=350%2C200","width":350,"height":200},"classes":[]}],"_links":{"self":[{"href":"https:\/\/planitpower.com\/fr\/wp-json\/wp\/v2\/product\/4734","targetHints":{"allow":["GET"]}}],"collection":[{"href":"https:\/\/planitpower.com\/fr\/wp-json\/wp\/v2\/product"}],"about":[{"href":"https:\/\/planitpower.com\/fr\/wp-json\/wp\/v2\/types\/product"}],"replies":[{"embeddable":true,"href":"https:\/\/planitpower.com\/fr\/wp-json\/wp\/v2\/comments?post=4734"}],"version-history":[{"count":1,"href":"https:\/\/planitpower.com\/fr\/wp-json\/wp\/v2\/product\/4734\/revisions"}],"predecessor-version":[{"id":6025,"href":"https:\/\/planitpower.com\/fr\/wp-json\/wp\/v2\/product\/4734\/revisions\/6025"}],"wp:featuredmedia":[{"embeddable":true,"href":"https:\/\/planitpower.com\/fr\/wp-json\/wp\/v2\/media\/6029"}],"wp:attachment":[{"href":"https:\/\/planitpower.com\/fr\/wp-json\/wp\/v2\/media?parent=4734"}],"wp:term":[{"taxonomy":"product_brand","embeddable":true,"href":"https:\/\/planitpower.com\/fr\/wp-json\/wp\/v2\/product_brand?post=4734"},{"taxonomy":"product_cat","embeddable":true,"href":"https:\/\/planitpower.com\/fr\/wp-json\/wp\/v2\/product_cat?post=4734"},{"taxonomy":"product_tag","embeddable":true,"href":"https:\/\/planitpower.com\/fr\/wp-json\/wp\/v2\/product_tag?post=4734"}],"curies":[{"name":"wp","href":"https:\/\/api.w.org\/{rel}","templated":true}]}}