{"id":4737,"date":"2025-11-19T21:44:07","date_gmt":"2025-11-19T21:44:07","guid":{"rendered":"https:\/\/planitpower.com\/?post_type=product&#038;p=4737"},"modified":"2026-01-30T01:12:09","modified_gmt":"2026-01-30T01:12:09","slug":"thermostat-de-chauffage-electrique-domestique-mco-avec-capteur-dhumidite","status":"publish","type":"product","link":"https:\/\/planitpower.com\/fr\/boutique\/thermostat-de-chauffage-electrique-domestique-mco-avec-capteur-dhumidite\/","title":{"rendered":"Thermostat de chauffage \u00e9lectrique domestique MCO avec capteur d&#039;humidit\u00e9, version 2"},"content":{"rendered":"<h2 class=\"wp-block-heading\"><strong>Description<\/strong><\/h2>\n\n\n\n<p>Le <strong>Thermostat de chauffage \u00e9lectrique domestique MCO avec capteur d&#039;humidit\u00e9, version 2<\/strong> Ce thermostat Z-Wave haut de gamme est con\u00e7u pour les syst\u00e8mes de chauffage \u00e9lectrique des maisons intelligentes modernes. Dot\u00e9 d&#039;un \u00e9l\u00e9gant panneau tactile capacitif en verre, il combine un contr\u00f4le pr\u00e9cis de la temp\u00e9rature et une surveillance en temps r\u00e9el de l&#039;humidit\u00e9 pour un climat int\u00e9rieur confortable et \u00e9co\u00e9nerg\u00e9tique.<\/p>\n\n\n\n<p>Cette version 2 am\u00e9lior\u00e9e optimise les performances, la stabilit\u00e9 et l&#039;exp\u00e9rience utilisateur, garantissant une int\u00e9gration fluide aux r\u00e9seaux Z-Wave. Elle prend en charge plusieurs modes de chauffage, des fonctions de protection avanc\u00e9es et des programmations pour un confort optimal et une consommation d&#039;\u00e9nergie r\u00e9duite. Ce thermostat convient aux applications r\u00e9sidentielles et commerciales, notamment au chauffage au sol, aux radiateurs \u00e9lectriques et aux convecteurs.<\/p>\n\n\n\n<p>Con\u00e7u pour une s\u00e9curit\u00e9 et une fiabilit\u00e9 optimales, cet appareil int\u00e8gre une protection contre les surcharges, des capteurs et un \u00e9cran LED clair. Son design minimaliste et sa simplicit\u00e9 d&#039;installation en font une solution id\u00e9ale pour les particuliers et les professionnels \u00e0 la recherche d&#039;un r\u00e9gulateur de chauffage intelligent de haute qualit\u00e9.<\/p>\n\n\n\n<h2 class=\"wp-block-heading\"><strong>Sp\u00e9cifications techniques<\/strong><\/h2>\n\n\n\n<figure class=\"wp-block-table\"><table class=\"has-fixed-layout\"><thead><tr><th><strong>Sp\u00e9cifications<\/strong><\/th><th><strong>D\u00e9tails<\/strong><\/th><\/tr><\/thead><tbody><tr><td>Nom du produit<\/td><td>Thermostat de chauffage \u00e9lectrique domestique MCO avec capteur d&#039;humidit\u00e9 V2<\/td><\/tr><tr><td>Protocole de communication<\/td><td>Z-Wave \/ Z-Wave Plus (selon la r\u00e9gion et le lot)<\/td><\/tr><tr><td>Alimentation \u00e9lectrique<\/td><td>85\u2013260 V CA, 50\/60 Hz<\/td><\/tr><tr><td>Charge maximale<\/td><td>Charge r\u00e9sistive typique jusqu&#039;\u00e0 16 A<\/td><\/tr><tr><td>type de capteur de temp\u00e9rature<\/td><td>Capteur num\u00e9rique int\u00e9gr\u00e9<\/td><\/tr><tr><td>Plage de temp\u00e9rature<\/td><td>Plage de consigne de chauffage r\u00e9glable<\/td><\/tr><tr><td>Capteur d&#039;humidit\u00e9<\/td><td>Mesure num\u00e9rique int\u00e9gr\u00e9e de l&#039;humidit\u00e9<\/td><\/tr><tr><td>Affichage<\/td><td>\u00c9cran LED derri\u00e8re panneau de verre<\/td><\/tr><tr><td>interface utilisateur<\/td><td>Boutons tactiles capacitifs<\/td><\/tr><tr><td>fonctions de protection<\/td><td>Protection contre la surchauffe, protection contre la surcharge<\/td><\/tr><tr><td>Type d&#039;installation<\/td><td>Bo\u00eetier mural encastr\u00e9 standard<\/td><\/tr><tr><td>C\u00e2blage d&#039;installation<\/td><td>C\u00e2blage sous tension et sous charge pour la commande de chauffage \u00e9lectrique<\/td><\/tr><tr><td>Types de chauffage pris en charge<\/td><td>Chauffage au sol \u00e9lectrique, radiateurs \u00e9lectriques, convecteurs<\/td><\/tr><tr><td>Temp\u00e9rature de fonctionnement<\/td><td>Plage de fonctionnement int\u00e9rieure standard<\/td><\/tr><tr><td>Dimensions<\/td><td>Taille standard d&#039;un interrupteur mural (mod\u00e8le \u00e0 panneau de verre)<\/td><\/tr><tr><td>Mat\u00e9riau<\/td><td>Fa\u00e7ade en verre tremp\u00e9, bo\u00eetier durable<\/td><\/tr><\/tbody><\/table><\/figure>","protected":false},"excerpt":{"rendered":"<h2 data-start=\"1509\" data-end=\"1531\"><strong data-start=\"1512\" data-end=\"1529\">Caract\u00e9ristiques principales<\/strong><\/h2>\n<ul data-start=\"1532\" data-end=\"2324\">\n<li data-start=\"1532\" data-end=\"1634\">\n<p data-start=\"1534\" data-end=\"1634\"><strong data-start=\"1534\" data-end=\"1586\">Thermostat Z-Wave pour syst\u00e8mes de chauffage \u00e9lectrique<\/strong>, compatible avec les principales passerelles domotiques.<\/p>\n<\/li>\n<li data-start=\"1635\" data-end=\"1719\">\n<p data-start=\"1637\" data-end=\"1719\"><strong data-start=\"1637\" data-end=\"1684\">Capteurs de temp\u00e9rature et d&#039;humidit\u00e9 int\u00e9gr\u00e9s<\/strong> pour une surveillance climatique pr\u00e9cise.<\/p>\n<\/li>\n<li data-start=\"1720\" data-end=\"1795\">\n<p data-start=\"1722\" data-end=\"1795\"><strong data-start=\"1722\" data-end=\"1754\">Panneau tactile capacitif en verre<\/strong>, offrant une interface moderne et haut de gamme.<\/p>\n<\/li>\n<li data-start=\"1796\" data-end=\"1888\">\n<p data-start=\"1798\" data-end=\"1888\"><strong data-start=\"1798\" data-end=\"1824\">Plusieurs modes de chauffage<\/strong>, y compris les programmes manuels, les programmes d&#039;\u00e9conomie d&#039;\u00e9nergie et les programmes programmables.<\/p>\n<\/li>\n<li data-start=\"1889\" data-end=\"1960\">\n<p data-start=\"1891\" data-end=\"1960\"><strong data-start=\"1891\" data-end=\"1934\">Protection int\u00e9gr\u00e9e contre les surcharges et les surtensions<\/strong> pour un fonctionnement fiable.<\/p>\n<\/li>\n<li data-start=\"1961\" data-end=\"2037\">\n<p data-start=\"1963\" data-end=\"2037\"><strong data-start=\"1963\" data-end=\"1978\">\u00e9cran LED<\/strong> avec affichage en temps r\u00e9el de la temp\u00e9rature, de l&#039;humidit\u00e9 et de l&#039;\u00e9tat du syst\u00e8me.<\/p>\n<\/li>\n<li data-start=\"2038\" data-end=\"2133\">\n<p data-start=\"2040\" data-end=\"2133\"><strong data-start=\"2040\" data-end=\"2066\">Am\u00e9liorations de la version 2<\/strong>, offrant une stabilit\u00e9 et des performances am\u00e9lior\u00e9es dans les r\u00e9seaux Z-Wave.<\/p>\n<\/li>\n<li data-start=\"2134\" data-end=\"2219\">\n<p data-start=\"2136\" data-end=\"2219\"><strong data-start=\"2136\" data-end=\"2216\">Compatible avec le chauffage au sol, les radiateurs \u00e9lectriques et autres appareils de chauffage \u00e9lectrique.<\/strong>.<\/p>\n<\/li>\n<li data-start=\"2220\" data-end=\"2324\">\n<p data-start=\"2222\" data-end=\"2324\"><strong data-start=\"2222\" data-end=\"2274\">Installation simple et interface utilisateur intuitive<\/strong> Convient aussi bien aux particuliers qu&#039;aux professionnels.<\/p>\n<\/li>\n<\/ul>","protected":false},"featured_media":4738,"comment_status":"open","ping_status":"closed","template":"","meta":{"jetpack_post_was_ever_published":false,"jetpack_publicize_message":"","jetpack_publicize_feature_enabled":true,"jetpack_social_post_already_shared":true,"jetpack_social_options":{"image_generator_settings":{"template":"highway","default_image_id":0,"font":"","enabled":false},"version":2}},"product_brand":[153],"product_cat":[143],"product_tag":[],"class_list":{"0":"post-4737","1":"product","2":"type-product","3":"status-publish","4":"has-post-thumbnail","6":"product_brand-mco","7":"product_cat-smart-programmable-thermostat","9":"first","10":"instock","11":"taxable","12":"shipping-taxable","13":"purchasable","14":"product-type-simple"},"yoast_head":"<!-- This site is optimized with the Yoast SEO plugin v27.3 - https:\/\/yoast.com\/product\/yoast-seo-wordpress\/ -->\n<title>MCO Home Electrical Heating Thermostat with humidity sensor Version 2 - Planitpower<\/title>\n<meta name=\"description\" content=\"MCO Home Electrical Heating Thermostat with Humidity Sensor V2 \u2013 a modern Z-Wave thermostat offering precise temperature and humidity control for electric heating systems. Ideal for smart home automation with accurate sensors and sleek glass design.\" \/>\n<meta name=\"robots\" content=\"index, follow, max-snippet:-1, max-image-preview:large, max-video-preview:-1\" \/>\n<link rel=\"canonical\" href=\"https:\/\/planitpower.com\/fr\/boutique\/thermostat-de-chauffage-electrique-domestique-mco-avec-capteur-dhumidite\/\" \/>\n<meta property=\"og:locale\" content=\"fr_FR\" \/>\n<meta property=\"og:type\" content=\"article\" \/>\n<meta property=\"og:title\" content=\"MCO Home Electrical Heating Thermostat with humidity sensor Version 2 - Planitpower\" \/>\n<meta property=\"og:description\" content=\"MCO Home Electrical Heating Thermostat with Humidity Sensor V2 \u2013 a modern Z-Wave thermostat offering precise temperature and humidity control for electric heating systems. Ideal for smart home automation with accurate sensors and sleek glass design.\" \/>\n<meta property=\"og:url\" content=\"https:\/\/planitpower.com\/fr\/boutique\/thermostat-de-chauffage-electrique-domestique-mco-avec-capteur-dhumidite\/\" \/>\n<meta property=\"og:site_name\" content=\"Planitpower\" \/>\n<meta property=\"article:modified_time\" content=\"2026-01-30T01:12:09+00:00\" \/>\n<meta property=\"og:image\" content=\"https:\/\/i0.wp.com\/planitpower.com\/wp-content\/uploads\/2025\/11\/MH7-WH.jpg?fit=423%2C423&ssl=1\" \/>\n\t<meta property=\"og:image:width\" content=\"423\" \/>\n\t<meta property=\"og:image:height\" content=\"423\" \/>\n\t<meta property=\"og:image:type\" content=\"image\/jpeg\" \/>\n<meta name=\"twitter:card\" content=\"summary_large_image\" \/>\n<meta name=\"twitter:label1\" content=\"Dur\u00e9e de lecture estim\u00e9e\" \/>\n\t<meta name=\"twitter:data1\" content=\"2 minutes\" \/>\n<script type=\"application\/ld+json\" class=\"yoast-schema-graph\">{\"@context\":\"https:\\\/\\\/schema.org\",\"@graph\":[{\"@type\":\"WebPage\",\"@id\":\"https:\\\/\\\/planitpower.com\\\/shop\\\/mco-home-electrical-heating-thermostat-with-humidity-sensor\\\/\",\"url\":\"https:\\\/\\\/planitpower.com\\\/shop\\\/mco-home-electrical-heating-thermostat-with-humidity-sensor\\\/\",\"name\":\"MCO Home Electrical Heating Thermostat with humidity sensor Version 2 - Planitpower\",\"isPartOf\":{\"@id\":\"https:\\\/\\\/planitpower.com\\\/#website\"},\"primaryImageOfPage\":{\"@id\":\"https:\\\/\\\/planitpower.com\\\/shop\\\/mco-home-electrical-heating-thermostat-with-humidity-sensor\\\/#primaryimage\"},\"image\":{\"@id\":\"https:\\\/\\\/planitpower.com\\\/shop\\\/mco-home-electrical-heating-thermostat-with-humidity-sensor\\\/#primaryimage\"},\"thumbnailUrl\":\"https:\\\/\\\/i0.wp.com\\\/planitpower.com\\\/wp-content\\\/uploads\\\/2025\\\/11\\\/MH7-WH.jpg?fit=423%2C423&ssl=1\",\"datePublished\":\"2025-11-19T21:44:07+00:00\",\"dateModified\":\"2026-01-30T01:12:09+00:00\",\"description\":\"MCO Home Electrical Heating Thermostat with Humidity Sensor V2 \u2013 a modern Z-Wave thermostat offering precise temperature and humidity control for electric heating systems. Ideal for smart home automation with accurate sensors and sleek glass design.\",\"breadcrumb\":{\"@id\":\"https:\\\/\\\/planitpower.com\\\/shop\\\/mco-home-electrical-heating-thermostat-with-humidity-sensor\\\/#breadcrumb\"},\"inLanguage\":\"fr-FR\",\"potentialAction\":[{\"@type\":\"ReadAction\",\"target\":[\"https:\\\/\\\/planitpower.com\\\/shop\\\/mco-home-electrical-heating-thermostat-with-humidity-sensor\\\/\"]}]},{\"@type\":\"ImageObject\",\"inLanguage\":\"fr-FR\",\"@id\":\"https:\\\/\\\/planitpower.com\\\/shop\\\/mco-home-electrical-heating-thermostat-with-humidity-sensor\\\/#primaryimage\",\"url\":\"https:\\\/\\\/i0.wp.com\\\/planitpower.com\\\/wp-content\\\/uploads\\\/2025\\\/11\\\/MH7-WH.jpg?fit=423%2C423&ssl=1\",\"contentUrl\":\"https:\\\/\\\/i0.wp.com\\\/planitpower.com\\\/wp-content\\\/uploads\\\/2025\\\/11\\\/MH7-WH.jpg?fit=423%2C423&ssl=1\",\"width\":423,\"height\":423,\"caption\":\"MCO Home Electrical Heating Thermostat with humidity sensor Version 2 - planitpower\"},{\"@type\":\"BreadcrumbList\",\"@id\":\"https:\\\/\\\/planitpower.com\\\/shop\\\/mco-home-electrical-heating-thermostat-with-humidity-sensor\\\/#breadcrumb\",\"itemListElement\":[{\"@type\":\"ListItem\",\"position\":1,\"name\":\"Home\",\"item\":\"https:\\\/\\\/planitpower.com\\\/\"},{\"@type\":\"ListItem\",\"position\":2,\"name\":\"SHOP\",\"item\":\"https:\\\/\\\/planitpower.com\\\/shop\\\/\"},{\"@type\":\"ListItem\",\"position\":3,\"name\":\"MCO Home Electrical Heating Thermostat with humidity sensor Version 2\"}]},{\"@type\":\"WebSite\",\"@id\":\"https:\\\/\\\/planitpower.com\\\/#website\",\"url\":\"https:\\\/\\\/planitpower.com\\\/\",\"name\":\"Planitpower\",\"description\":\"Inspire energy\",\"publisher\":{\"@id\":\"https:\\\/\\\/planitpower.com\\\/#\\\/schema\\\/person\\\/b531587eda267b930b04174d12de6efa\"},\"potentialAction\":[{\"@type\":\"SearchAction\",\"target\":{\"@type\":\"EntryPoint\",\"urlTemplate\":\"https:\\\/\\\/planitpower.com\\\/?s={search_term_string}\"},\"query-input\":{\"@type\":\"PropertyValueSpecification\",\"valueRequired\":true,\"valueName\":\"search_term_string\"}}],\"inLanguage\":\"fr-FR\"},{\"@type\":[\"Person\",\"Organization\"],\"@id\":\"https:\\\/\\\/planitpower.com\\\/#\\\/schema\\\/person\\\/b531587eda267b930b04174d12de6efa\",\"name\":\"Editorial Team\",\"image\":{\"@type\":\"ImageObject\",\"inLanguage\":\"fr-FR\",\"@id\":\"https:\\\/\\\/i0.wp.com\\\/planitpower.com\\\/wp-content\\\/uploads\\\/2025\\\/12\\\/cropped-planitpower_circle_375x375.png?fit=512%2C512&ssl=1\",\"url\":\"https:\\\/\\\/i0.wp.com\\\/planitpower.com\\\/wp-content\\\/uploads\\\/2025\\\/12\\\/cropped-planitpower_circle_375x375.png?fit=512%2C512&ssl=1\",\"contentUrl\":\"https:\\\/\\\/i0.wp.com\\\/planitpower.com\\\/wp-content\\\/uploads\\\/2025\\\/12\\\/cropped-planitpower_circle_375x375.png?fit=512%2C512&ssl=1\",\"width\":512,\"height\":512,\"caption\":\"Editorial Team\"},\"logo\":{\"@id\":\"https:\\\/\\\/i0.wp.com\\\/planitpower.com\\\/wp-content\\\/uploads\\\/2025\\\/12\\\/cropped-planitpower_circle_375x375.png?fit=512%2C512&ssl=1\"},\"sameAs\":[\"https:\\\/\\\/Planitpower.com\"]}]}<\/script>\n<!-- \/ Yoast SEO plugin. -->","yoast_head_json":{"title":"Thermostat de chauffage \u00e9lectrique domestique MCO avec capteur d&#039;humidit\u00e9 Version 2 - Planitpower","description":"Thermostat de chauffage \u00e9lectrique MCO Home avec capteur d&#039;humidit\u00e9 V2 \u2013 un thermostat Z-Wave moderne offrant un contr\u00f4le pr\u00e9cis de la temp\u00e9rature et de l&#039;humidit\u00e9 pour les syst\u00e8mes de chauffage \u00e9lectrique. Id\u00e9al pour la domotique gr\u00e2ce \u00e0 ses capteurs pr\u00e9cis et son design \u00e9l\u00e9gant en verre.","robots":{"index":"index","follow":"follow","max-snippet":"max-snippet:-1","max-image-preview":"max-image-preview:large","max-video-preview":"max-video-preview:-1"},"canonical":"https:\/\/planitpower.com\/fr\/boutique\/thermostat-de-chauffage-electrique-domestique-mco-avec-capteur-dhumidite\/","og_locale":"fr_FR","og_type":"article","og_title":"MCO Home Electrical Heating Thermostat with humidity sensor Version 2 - Planitpower","og_description":"MCO Home Electrical Heating Thermostat with Humidity Sensor V2 \u2013 a modern Z-Wave thermostat offering precise temperature and humidity control for electric heating systems. Ideal for smart home automation with accurate sensors and sleek glass design.","og_url":"https:\/\/planitpower.com\/fr\/boutique\/thermostat-de-chauffage-electrique-domestique-mco-avec-capteur-dhumidite\/","og_site_name":"Planitpower","article_modified_time":"2026-01-30T01:12:09+00:00","og_image":[{"width":423,"height":423,"url":"https:\/\/i0.wp.com\/planitpower.com\/wp-content\/uploads\/2025\/11\/MH7-WH.jpg?fit=423%2C423&ssl=1","type":"image\/jpeg"}],"twitter_card":"summary_large_image","twitter_misc":{"Dur\u00e9e de lecture estim\u00e9e":"2 minutes"},"schema":{"@context":"https:\/\/schema.org","@graph":[{"@type":"WebPage","@id":"https:\/\/planitpower.com\/shop\/mco-home-electrical-heating-thermostat-with-humidity-sensor\/","url":"https:\/\/planitpower.com\/shop\/mco-home-electrical-heating-thermostat-with-humidity-sensor\/","name":"Thermostat de chauffage \u00e9lectrique domestique MCO avec capteur d&#039;humidit\u00e9 Version 2 - Planitpower","isPartOf":{"@id":"https:\/\/planitpower.com\/#website"},"primaryImageOfPage":{"@id":"https:\/\/planitpower.com\/shop\/mco-home-electrical-heating-thermostat-with-humidity-sensor\/#primaryimage"},"image":{"@id":"https:\/\/planitpower.com\/shop\/mco-home-electrical-heating-thermostat-with-humidity-sensor\/#primaryimage"},"thumbnailUrl":"https:\/\/i0.wp.com\/planitpower.com\/wp-content\/uploads\/2025\/11\/MH7-WH.jpg?fit=423%2C423&ssl=1","datePublished":"2025-11-19T21:44:07+00:00","dateModified":"2026-01-30T01:12:09+00:00","description":"Thermostat de chauffage \u00e9lectrique MCO Home avec capteur d&#039;humidit\u00e9 V2 \u2013 un thermostat Z-Wave moderne offrant un contr\u00f4le pr\u00e9cis de la temp\u00e9rature et de l&#039;humidit\u00e9 pour les syst\u00e8mes de chauffage \u00e9lectrique. Id\u00e9al pour la domotique gr\u00e2ce \u00e0 ses capteurs pr\u00e9cis et son design \u00e9l\u00e9gant en verre.","breadcrumb":{"@id":"https:\/\/planitpower.com\/shop\/mco-home-electrical-heating-thermostat-with-humidity-sensor\/#breadcrumb"},"inLanguage":"fr-FR","potentialAction":[{"@type":"ReadAction","target":["https:\/\/planitpower.com\/shop\/mco-home-electrical-heating-thermostat-with-humidity-sensor\/"]}]},{"@type":"ImageObject","inLanguage":"fr-FR","@id":"https:\/\/planitpower.com\/shop\/mco-home-electrical-heating-thermostat-with-humidity-sensor\/#primaryimage","url":"https:\/\/i0.wp.com\/planitpower.com\/wp-content\/uploads\/2025\/11\/MH7-WH.jpg?fit=423%2C423&ssl=1","contentUrl":"https:\/\/i0.wp.com\/planitpower.com\/wp-content\/uploads\/2025\/11\/MH7-WH.jpg?fit=423%2C423&ssl=1","width":423,"height":423,"caption":"MCO Home Electrical Heating Thermostat with humidity sensor Version 2 - planitpower"},{"@type":"BreadcrumbList","@id":"https:\/\/planitpower.com\/shop\/mco-home-electrical-heating-thermostat-with-humidity-sensor\/#breadcrumb","itemListElement":[{"@type":"ListItem","position":1,"name":"Home","item":"https:\/\/planitpower.com\/"},{"@type":"ListItem","position":2,"name":"SHOP","item":"https:\/\/planitpower.com\/shop\/"},{"@type":"ListItem","position":3,"name":"MCO Home Electrical Heating Thermostat with humidity sensor Version 2"}]},{"@type":"WebSite","@id":"https:\/\/planitpower.com\/#website","url":"https:\/\/planitpower.com\/","name":"Planitpower","description":"Inspirons l'\u00e9nergie!","publisher":{"@id":"https:\/\/planitpower.com\/#\/schema\/person\/b531587eda267b930b04174d12de6efa"},"potentialAction":[{"@type":"SearchAction","target":{"@type":"EntryPoint","urlTemplate":"https:\/\/planitpower.com\/?s={search_term_string}"},"query-input":{"@type":"PropertyValueSpecification","valueRequired":true,"valueName":"search_term_string"}}],"inLanguage":"fr-FR"},{"@type":["Person","Organization"],"@id":"https:\/\/planitpower.com\/#\/schema\/person\/b531587eda267b930b04174d12de6efa","name":"Equipe \u00e9ditoriale","image":{"@type":"ImageObject","inLanguage":"fr-FR","@id":"https:\/\/i0.wp.com\/planitpower.com\/wp-content\/uploads\/2025\/12\/cropped-planitpower_circle_375x375.png?fit=512%2C512&ssl=1","url":"https:\/\/i0.wp.com\/planitpower.com\/wp-content\/uploads\/2025\/12\/cropped-planitpower_circle_375x375.png?fit=512%2C512&ssl=1","contentUrl":"https:\/\/i0.wp.com\/planitpower.com\/wp-content\/uploads\/2025\/12\/cropped-planitpower_circle_375x375.png?fit=512%2C512&ssl=1","width":512,"height":512,"caption":"Editorial Team"},"logo":{"@id":"https:\/\/i0.wp.com\/planitpower.com\/wp-content\/uploads\/2025\/12\/cropped-planitpower_circle_375x375.png?fit=512%2C512&ssl=1"},"sameAs":["https:\/\/Planitpower.com"]}]}},"jetpack_publicize_connections":[],"jetpack_likes_enabled":true,"jetpack_sharing_enabled":true,"jetpack-related-posts":[{"id":5208,"url":"https:\/\/planitpower.com\/fr\/boutique\/zendure-solarflow-2400-ac\/","url_meta":{"origin":4737,"position":0},"title":"Zendure SolarFlow 2400 AC","author":"Editorial Team","date":"28\/11\/2025","format":false,"excerpt":"Main features Syst\u00e8me de gestion intelligent AC-coupl\u00e9Contr\u00f4le automatiquement la charge et la d\u00e9charge des batteries AB3000X selon la production solaire, votre consommation et les horaires tarifaires. Compatible avec les micro-onduleursFonctionne avec les installations photovolta\u00efques AC jusqu\u2019\u00e0 2000 W, sans modifier l\u2019infrastructure existante. Puissance de sortie flexible800 W en mode plug-and-play\u2026","rel":"","context":"Article similaire","block_context":{"text":"Article similaire","link":""},"img":{"alt_text":"Zendure SolarFlow 2400 AC - planitpower","src":"https:\/\/i0.wp.com\/planitpower.com\/wp-content\/uploads\/2025\/11\/zendure-solarflow-2400-ac-seul.jpg?fit=500%2C500&ssl=1&resize=350%2C200","width":350,"height":200},"classes":[]}],"_links":{"self":[{"href":"https:\/\/planitpower.com\/fr\/wp-json\/wp\/v2\/product\/4737","targetHints":{"allow":["GET"]}}],"collection":[{"href":"https:\/\/planitpower.com\/fr\/wp-json\/wp\/v2\/product"}],"about":[{"href":"https:\/\/planitpower.com\/fr\/wp-json\/wp\/v2\/types\/product"}],"replies":[{"embeddable":true,"href":"https:\/\/planitpower.com\/fr\/wp-json\/wp\/v2\/comments?post=4737"}],"version-history":[{"count":1,"href":"https:\/\/planitpower.com\/fr\/wp-json\/wp\/v2\/product\/4737\/revisions"}],"predecessor-version":[{"id":6040,"href":"https:\/\/planitpower.com\/fr\/wp-json\/wp\/v2\/product\/4737\/revisions\/6040"}],"wp:featuredmedia":[{"embeddable":true,"href":"https:\/\/planitpower.com\/fr\/wp-json\/wp\/v2\/media\/4738"}],"wp:attachment":[{"href":"https:\/\/planitpower.com\/fr\/wp-json\/wp\/v2\/media?parent=4737"}],"wp:term":[{"taxonomy":"product_brand","embeddable":true,"href":"https:\/\/planitpower.com\/fr\/wp-json\/wp\/v2\/product_brand?post=4737"},{"taxonomy":"product_cat","embeddable":true,"href":"https:\/\/planitpower.com\/fr\/wp-json\/wp\/v2\/product_cat?post=4737"},{"taxonomy":"product_tag","embeddable":true,"href":"https:\/\/planitpower.com\/fr\/wp-json\/wp\/v2\/product_tag?post=4737"}],"curies":[{"name":"wp","href":"https:\/\/api.w.org\/{rel}","templated":true}]}}