{"id":4741,"date":"2025-11-19T21:53:21","date_gmt":"2025-11-19T21:53:21","guid":{"rendered":"https:\/\/planitpower.com\/?post_type=product&#038;p=4741"},"modified":"2026-01-30T22:30:16","modified_gmt":"2026-01-30T22:30:16","slug":"thermostat-intelligent","status":"publish","type":"product","link":"https:\/\/planitpower.com\/fr\/boutique\/thermostat-intelligent\/","title":{"rendered":"Thermostat intelligent Wisdom"},"content":{"rendered":"<h2 class=\"wp-block-heading\">Description<\/h2>\n\n\n\n<p>Le <strong>Thermostat intelligent Wisdom<\/strong> Ce thermostat de radiateur intelligent de pointe offre un contr\u00f4le pr\u00e9cis et \u00e9co\u00e9nerg\u00e9tique du chauffage. Gr\u00e2ce \u00e0 sa conception bas\u00e9e sur la nouvelle norme Matter-over-Thread, il se connecte directement \u00e0 votre syst\u00e8me domotique sans n\u00e9cessiter de hub d\u00e9di\u00e9.<\/p>\n\n\n\n<p>Gr\u00e2ce \u00e0 un appariement simplifi\u00e9 par QR code, le thermostat s&#039;int\u00e8gre facilement aux plateformes populaires telles qu&#039;Apple Home, Google Home et Amazon Alexa. Son raccord universel M30 \u00d7 1,5 mm et les adaptateurs fournis facilitent son installation sur une large gamme de robinets de radiateur couramment utilis\u00e9s en Europe.<\/p>\n\n\n\n<p>Ce thermostat offre la commande \u00e0 distance, la programmation intelligente, l&#039;automatisation de la temp\u00e9rature et le r\u00e9glage manuel, le tout visant \u00e0 am\u00e9liorer le confort tout en r\u00e9duisant la consommation d&#039;\u00e9nergie. Compact, fiable et performant, il est id\u00e9al pour les propri\u00e9taires souhaitant moderniser leur chauffage sans remplacer leurs radiateurs existants.<\/p>\n\n\n\n<h2 class=\"wp-block-heading\">Sp\u00e9cifications techniques<\/h2>\n\n\n\n<figure class=\"wp-block-table\"><table class=\"has-fixed-layout\"><thead><tr><th>Sp\u00e9cifications<\/th><th>D\u00e9tail<\/th><\/tr><\/thead><tbody><tr><td>Raccordement de vanne<\/td><td>M30 \u00d7 1,5 mm<\/td><\/tr><tr><td>Adaptateurs inclus<\/td><td>RA, RAV, RAVL, Caleffi, Giacomini, M28<\/td><\/tr><tr><td>Alimentation \u00e9lectrique<\/td><td>3 piles alcalines AA 1,5 V (non incluses)<\/td><\/tr><tr><td>Courant de veille<\/td><td>Environ 6 \u03bcA<\/td><\/tr><tr><td>temp\u00e9rature ambiante de fonctionnement<\/td><td>0 \u00b0C \u00e0 50 \u00b0C<\/td><\/tr><tr><td>temp\u00e9rature maximale de la surface du radiateur<\/td><td>90 \u00b0C<\/td><\/tr><tr><td>Indice de protection<\/td><td>IP20<\/td><\/tr><tr><td>d\u00e9placement lin\u00e9aire<\/td><td>Environ 4,3 mm \u2013 6 mm<\/td><\/tr><tr><td>Dimensions (L \u00d7 H \u00d7 P)<\/td><td>Environ 58,4 \u00d7 97,4 \u00d7 58,4 mm<\/td><\/tr><tr><td>Poids<\/td><td>Environ 145\u2013147 g<\/td><\/tr><tr><td>Protocole sans fil<\/td><td>Sujet concernant le fil<\/td><\/tr><tr><td>Compatibilit\u00e9 avec les maisons intelligentes<\/td><td>Apple Home, Google Home, Amazon Alexa<\/td><\/tr><\/tbody><\/table><\/figure>","protected":false},"excerpt":{"rendered":"<h2 data-start=\"1316\" data-end=\"1334\">Principales caract\u00e9ristiques<\/h2>\n<ul data-start=\"1335\" data-end=\"1971\">\n<li data-start=\"1335\" data-end=\"1449\">\n<p data-start=\"1337\" data-end=\"1449\"><strong data-start=\"1337\" data-end=\"1373\">Compatibilit\u00e9 Matter-over-Thread<\/strong> pour une communication rapide, s\u00e9curis\u00e9e et locale avec les principales plateformes de maison connect\u00e9e.<\/p>\n<\/li>\n<li data-start=\"1450\" data-end=\"1522\">\n<p data-start=\"1452\" data-end=\"1522\"><strong data-start=\"1452\" data-end=\"1477\">installation sans hub<\/strong> avec un appariement rapide gr\u00e2ce \u00e0 un code QR Matter.<\/p>\n<\/li>\n<li data-start=\"1523\" data-end=\"1660\">\n<p data-start=\"1525\" data-end=\"1660\"><strong data-start=\"1525\" data-end=\"1558\">Compatibilit\u00e9 universelle des vannes<\/strong>, y compris M30 \u00d7 1,5 mm et les adaptateurs fournis pour les vannes RA, RAV, RAVL, Caleffi, Giacomini et M28.<\/p>\n<\/li>\n<li data-start=\"1661\" data-end=\"1747\">\n<p data-start=\"1663\" data-end=\"1747\"><strong data-start=\"1663\" data-end=\"1695\">Programmation intelligente de la temp\u00e9rature<\/strong> et le contr\u00f4le \u00e0 distance via les applications domotiques compatibles.<\/p>\n<\/li>\n<li data-start=\"1748\" data-end=\"1812\">\n<p data-start=\"1750\" data-end=\"1812\"><strong data-start=\"1750\" data-end=\"1774\">Conception \u00e9conome en \u00e9nergie<\/strong> avec une consommation en veille ultra-faible.<\/p>\n<\/li>\n<li data-start=\"1813\" data-end=\"1895\">\n<p data-start=\"1815\" data-end=\"1895\"><strong data-start=\"1815\" data-end=\"1845\">performances thermiques robustes<\/strong>, supportant des temp\u00e9ratures de surface \u00e9lev\u00e9es pour les radiateurs.<\/p>\n<\/li>\n<li data-start=\"1896\" data-end=\"1971\">\n<p data-start=\"1898\" data-end=\"1971\"><strong data-start=\"1898\" data-end=\"1916\">Conception compacte<\/strong> avec une utilisation intuitive et une autonomie de batterie longue dur\u00e9e.<\/p>\n<\/li>\n<\/ul>","protected":false},"featured_media":4742,"comment_status":"open","ping_status":"closed","template":"","meta":{"jetpack_post_was_ever_published":false,"jetpack_publicize_message":"","jetpack_publicize_feature_enabled":false,"jetpack_social_post_already_shared":false,"jetpack_social_options":{"image_generator_settings":{"template":"highway","default_image_id":0,"font":"","enabled":false},"version":2}},"product_brand":[158],"product_cat":[140],"product_tag":[],"class_list":{"0":"post-4741","1":"product","2":"type-product","3":"status-publish","4":"has-post-thumbnail","6":"product_brand-wisdom","7":"product_cat-smart-thermostatic-valve","9":"first","10":"instock","11":"taxable","12":"shipping-taxable","13":"purchasable","14":"product-type-simple"},"yoast_head":"<!-- This site is optimized with the Yoast SEO plugin v27.3 - https:\/\/yoast.com\/product\/yoast-seo-wordpress\/ -->\n<title>Wisdom Smart Thermostat - Planitpower<\/title>\n<meta name=\"description\" content=\"Upgrade your heating control with the Wisdom Smart Thermostat \u2013 a future-ready radiator thermostat supporting Matter-over-Thread for seamless integration with smart home ecosystems.\" \/>\n<meta name=\"robots\" content=\"index, follow, max-snippet:-1, max-image-preview:large, max-video-preview:-1\" \/>\n<link rel=\"canonical\" href=\"https:\/\/planitpower.com\/fr\/boutique\/thermostat-intelligent\/\" \/>\n<meta property=\"og:locale\" content=\"fr_FR\" \/>\n<meta property=\"og:type\" content=\"article\" \/>\n<meta property=\"og:title\" content=\"Wisdom Smart Thermostat - Planitpower\" \/>\n<meta property=\"og:description\" content=\"Upgrade your heating control with the Wisdom Smart Thermostat \u2013 a future-ready radiator thermostat supporting Matter-over-Thread for seamless integration with smart home ecosystems.\" \/>\n<meta property=\"og:url\" content=\"https:\/\/planitpower.com\/fr\/boutique\/thermostat-intelligent\/\" \/>\n<meta property=\"og:site_name\" content=\"Planitpower\" \/>\n<meta property=\"article:modified_time\" content=\"2026-01-30T22:30:16+00:00\" \/>\n<meta property=\"og:image\" content=\"https:\/\/i0.wp.com\/planitpower.com\/wp-content\/uploads\/2025\/11\/WISZWDM-TRV031_2.jpg?fit=1500%2C1500&ssl=1\" \/>\n\t<meta property=\"og:image:width\" content=\"1500\" \/>\n\t<meta property=\"og:image:height\" content=\"1500\" \/>\n\t<meta property=\"og:image:type\" content=\"image\/jpeg\" \/>\n<meta name=\"twitter:card\" content=\"summary_large_image\" \/>\n<meta name=\"twitter:label1\" content=\"Dur\u00e9e de lecture estim\u00e9e\" \/>\n\t<meta name=\"twitter:data1\" content=\"2 minutes\" \/>\n<script type=\"application\/ld+json\" class=\"yoast-schema-graph\">{\"@context\":\"https:\\\/\\\/schema.org\",\"@graph\":[{\"@type\":\"WebPage\",\"@id\":\"https:\\\/\\\/planitpower.com\\\/shop\\\/wisdom-smart-thermostat\\\/\",\"url\":\"https:\\\/\\\/planitpower.com\\\/shop\\\/wisdom-smart-thermostat\\\/\",\"name\":\"Wisdom Smart Thermostat - Planitpower\",\"isPartOf\":{\"@id\":\"https:\\\/\\\/planitpower.com\\\/#website\"},\"primaryImageOfPage\":{\"@id\":\"https:\\\/\\\/planitpower.com\\\/shop\\\/wisdom-smart-thermostat\\\/#primaryimage\"},\"image\":{\"@id\":\"https:\\\/\\\/planitpower.com\\\/shop\\\/wisdom-smart-thermostat\\\/#primaryimage\"},\"thumbnailUrl\":\"https:\\\/\\\/i0.wp.com\\\/planitpower.com\\\/wp-content\\\/uploads\\\/2025\\\/11\\\/WISZWDM-TRV031_2.jpg?fit=1500%2C1500&ssl=1\",\"datePublished\":\"2025-11-19T21:53:21+00:00\",\"dateModified\":\"2026-01-30T22:30:16+00:00\",\"description\":\"Upgrade your heating control with the Wisdom Smart Thermostat \u2013 a future-ready radiator thermostat supporting Matter-over-Thread for seamless integration with smart home ecosystems.\",\"breadcrumb\":{\"@id\":\"https:\\\/\\\/planitpower.com\\\/shop\\\/wisdom-smart-thermostat\\\/#breadcrumb\"},\"inLanguage\":\"fr-FR\",\"potentialAction\":[{\"@type\":\"ReadAction\",\"target\":[\"https:\\\/\\\/planitpower.com\\\/shop\\\/wisdom-smart-thermostat\\\/\"]}]},{\"@type\":\"ImageObject\",\"inLanguage\":\"fr-FR\",\"@id\":\"https:\\\/\\\/planitpower.com\\\/shop\\\/wisdom-smart-thermostat\\\/#primaryimage\",\"url\":\"https:\\\/\\\/i0.wp.com\\\/planitpower.com\\\/wp-content\\\/uploads\\\/2025\\\/11\\\/WISZWDM-TRV031_2.jpg?fit=1500%2C1500&ssl=1\",\"contentUrl\":\"https:\\\/\\\/i0.wp.com\\\/planitpower.com\\\/wp-content\\\/uploads\\\/2025\\\/11\\\/WISZWDM-TRV031_2.jpg?fit=1500%2C1500&ssl=1\",\"width\":1500,\"height\":1500,\"caption\":\"Wisdom Smart Thermostat - planitpower - 1\"},{\"@type\":\"BreadcrumbList\",\"@id\":\"https:\\\/\\\/planitpower.com\\\/shop\\\/wisdom-smart-thermostat\\\/#breadcrumb\",\"itemListElement\":[{\"@type\":\"ListItem\",\"position\":1,\"name\":\"Home\",\"item\":\"https:\\\/\\\/planitpower.com\\\/\"},{\"@type\":\"ListItem\",\"position\":2,\"name\":\"SHOP\",\"item\":\"https:\\\/\\\/planitpower.com\\\/shop\\\/\"},{\"@type\":\"ListItem\",\"position\":3,\"name\":\"Wisdom Smart Thermostat\"}]},{\"@type\":\"WebSite\",\"@id\":\"https:\\\/\\\/planitpower.com\\\/#website\",\"url\":\"https:\\\/\\\/planitpower.com\\\/\",\"name\":\"Planitpower\",\"description\":\"Inspire energy\",\"publisher\":{\"@id\":\"https:\\\/\\\/planitpower.com\\\/#\\\/schema\\\/person\\\/b531587eda267b930b04174d12de6efa\"},\"potentialAction\":[{\"@type\":\"SearchAction\",\"target\":{\"@type\":\"EntryPoint\",\"urlTemplate\":\"https:\\\/\\\/planitpower.com\\\/?s={search_term_string}\"},\"query-input\":{\"@type\":\"PropertyValueSpecification\",\"valueRequired\":true,\"valueName\":\"search_term_string\"}}],\"inLanguage\":\"fr-FR\"},{\"@type\":[\"Person\",\"Organization\"],\"@id\":\"https:\\\/\\\/planitpower.com\\\/#\\\/schema\\\/person\\\/b531587eda267b930b04174d12de6efa\",\"name\":\"Editorial Team\",\"image\":{\"@type\":\"ImageObject\",\"inLanguage\":\"fr-FR\",\"@id\":\"https:\\\/\\\/i0.wp.com\\\/planitpower.com\\\/wp-content\\\/uploads\\\/2025\\\/12\\\/cropped-planitpower_circle_375x375.png?fit=512%2C512&ssl=1\",\"url\":\"https:\\\/\\\/i0.wp.com\\\/planitpower.com\\\/wp-content\\\/uploads\\\/2025\\\/12\\\/cropped-planitpower_circle_375x375.png?fit=512%2C512&ssl=1\",\"contentUrl\":\"https:\\\/\\\/i0.wp.com\\\/planitpower.com\\\/wp-content\\\/uploads\\\/2025\\\/12\\\/cropped-planitpower_circle_375x375.png?fit=512%2C512&ssl=1\",\"width\":512,\"height\":512,\"caption\":\"Editorial Team\"},\"logo\":{\"@id\":\"https:\\\/\\\/i0.wp.com\\\/planitpower.com\\\/wp-content\\\/uploads\\\/2025\\\/12\\\/cropped-planitpower_circle_375x375.png?fit=512%2C512&ssl=1\"},\"sameAs\":[\"https:\\\/\\\/Planitpower.com\"]}]}<\/script>\n<!-- \/ Yoast SEO plugin. -->","yoast_head_json":{"title":"Thermostat intelligent Wisdom - Planitpower","description":"Am\u00e9liorez votre syst\u00e8me de chauffage avec le thermostat intelligent Wisdom \u2013 un thermostat de radiateur \u00e9volutif compatible avec Matter-over-Thread pour une int\u00e9gration parfaite aux \u00e9cosyst\u00e8mes domotiques.","robots":{"index":"index","follow":"follow","max-snippet":"max-snippet:-1","max-image-preview":"max-image-preview:large","max-video-preview":"max-video-preview:-1"},"canonical":"https:\/\/planitpower.com\/fr\/boutique\/thermostat-intelligent\/","og_locale":"fr_FR","og_type":"article","og_title":"Wisdom Smart Thermostat - Planitpower","og_description":"Upgrade your heating control with the Wisdom Smart Thermostat \u2013 a future-ready radiator thermostat supporting Matter-over-Thread for seamless integration with smart home ecosystems.","og_url":"https:\/\/planitpower.com\/fr\/boutique\/thermostat-intelligent\/","og_site_name":"Planitpower","article_modified_time":"2026-01-30T22:30:16+00:00","og_image":[{"width":1500,"height":1500,"url":"https:\/\/i0.wp.com\/planitpower.com\/wp-content\/uploads\/2025\/11\/WISZWDM-TRV031_2.jpg?fit=1500%2C1500&ssl=1","type":"image\/jpeg"}],"twitter_card":"summary_large_image","twitter_misc":{"Dur\u00e9e de lecture estim\u00e9e":"2 minutes"},"schema":{"@context":"https:\/\/schema.org","@graph":[{"@type":"WebPage","@id":"https:\/\/planitpower.com\/shop\/wisdom-smart-thermostat\/","url":"https:\/\/planitpower.com\/shop\/wisdom-smart-thermostat\/","name":"Thermostat intelligent Wisdom - Planitpower","isPartOf":{"@id":"https:\/\/planitpower.com\/#website"},"primaryImageOfPage":{"@id":"https:\/\/planitpower.com\/shop\/wisdom-smart-thermostat\/#primaryimage"},"image":{"@id":"https:\/\/planitpower.com\/shop\/wisdom-smart-thermostat\/#primaryimage"},"thumbnailUrl":"https:\/\/i0.wp.com\/planitpower.com\/wp-content\/uploads\/2025\/11\/WISZWDM-TRV031_2.jpg?fit=1500%2C1500&ssl=1","datePublished":"2025-11-19T21:53:21+00:00","dateModified":"2026-01-30T22:30:16+00:00","description":"Am\u00e9liorez votre syst\u00e8me de chauffage avec le thermostat intelligent Wisdom \u2013 un thermostat de radiateur \u00e9volutif compatible avec Matter-over-Thread pour une int\u00e9gration parfaite aux \u00e9cosyst\u00e8mes domotiques.","breadcrumb":{"@id":"https:\/\/planitpower.com\/shop\/wisdom-smart-thermostat\/#breadcrumb"},"inLanguage":"fr-FR","potentialAction":[{"@type":"ReadAction","target":["https:\/\/planitpower.com\/shop\/wisdom-smart-thermostat\/"]}]},{"@type":"ImageObject","inLanguage":"fr-FR","@id":"https:\/\/planitpower.com\/shop\/wisdom-smart-thermostat\/#primaryimage","url":"https:\/\/i0.wp.com\/planitpower.com\/wp-content\/uploads\/2025\/11\/WISZWDM-TRV031_2.jpg?fit=1500%2C1500&ssl=1","contentUrl":"https:\/\/i0.wp.com\/planitpower.com\/wp-content\/uploads\/2025\/11\/WISZWDM-TRV031_2.jpg?fit=1500%2C1500&ssl=1","width":1500,"height":1500,"caption":"Wisdom Smart Thermostat - planitpower - 1"},{"@type":"BreadcrumbList","@id":"https:\/\/planitpower.com\/shop\/wisdom-smart-thermostat\/#breadcrumb","itemListElement":[{"@type":"ListItem","position":1,"name":"Home","item":"https:\/\/planitpower.com\/"},{"@type":"ListItem","position":2,"name":"SHOP","item":"https:\/\/planitpower.com\/shop\/"},{"@type":"ListItem","position":3,"name":"Wisdom Smart Thermostat"}]},{"@type":"WebSite","@id":"https:\/\/planitpower.com\/#website","url":"https:\/\/planitpower.com\/","name":"Planitpower","description":"Inspirons l'\u00e9nergie!","publisher":{"@id":"https:\/\/planitpower.com\/#\/schema\/person\/b531587eda267b930b04174d12de6efa"},"potentialAction":[{"@type":"SearchAction","target":{"@type":"EntryPoint","urlTemplate":"https:\/\/planitpower.com\/?s={search_term_string}"},"query-input":{"@type":"PropertyValueSpecification","valueRequired":true,"valueName":"search_term_string"}}],"inLanguage":"fr-FR"},{"@type":["Person","Organization"],"@id":"https:\/\/planitpower.com\/#\/schema\/person\/b531587eda267b930b04174d12de6efa","name":"Equipe \u00e9ditoriale","image":{"@type":"ImageObject","inLanguage":"fr-FR","@id":"https:\/\/i0.wp.com\/planitpower.com\/wp-content\/uploads\/2025\/12\/cropped-planitpower_circle_375x375.png?fit=512%2C512&ssl=1","url":"https:\/\/i0.wp.com\/planitpower.com\/wp-content\/uploads\/2025\/12\/cropped-planitpower_circle_375x375.png?fit=512%2C512&ssl=1","contentUrl":"https:\/\/i0.wp.com\/planitpower.com\/wp-content\/uploads\/2025\/12\/cropped-planitpower_circle_375x375.png?fit=512%2C512&ssl=1","width":512,"height":512,"caption":"Editorial Team"},"logo":{"@id":"https:\/\/i0.wp.com\/planitpower.com\/wp-content\/uploads\/2025\/12\/cropped-planitpower_circle_375x375.png?fit=512%2C512&ssl=1"},"sameAs":["https:\/\/Planitpower.com"]}]}},"jetpack_publicize_connections":[],"jetpack_likes_enabled":true,"jetpack_sharing_enabled":true,"jetpack-related-posts":[{"id":5780,"url":"https:\/\/planitpower.com\/fr\/boutique\/vanne-thermostatique-aqara-w600\/","url_meta":{"origin":4741,"position":0},"title":"Vanne thermostatique Aqara W600","author":"Editorial Team","date":"25\/12\/2025","format":false,"excerpt":"Main Features Smart Heating Automation The Aqara Thermostat Valve W600 enables advanced heating automation by adjusting radiator output according to room conditions. It supports programmable schedules, temperature offsets and automation scenarios that adapt heating to daily routines, presence detection and environmental changes. Matter, Thread and Zigbee Support Thanks to dual\u2026","rel":"","context":"Article similaire","block_context":{"text":"Article similaire","link":""},"img":{"alt_text":"Aqara Thermostat Valve W600 - planitpower - 2","src":"https:\/\/i0.wp.com\/planitpower.com\/wp-content\/uploads\/2025\/12\/Aqara-radiator-thermostat-w600-wt-a03d-5-1762440684193.webp?fit=1000%2C1000&ssl=1&resize=350%2C200","width":350,"height":200,"srcset":"https:\/\/i0.wp.com\/planitpower.com\/wp-content\/uploads\/2025\/12\/Aqara-radiator-thermostat-w600-wt-a03d-5-1762440684193.webp?fit=1000%2C1000&ssl=1&resize=350%2C200 1x, https:\/\/i0.wp.com\/planitpower.com\/wp-content\/uploads\/2025\/12\/Aqara-radiator-thermostat-w600-wt-a03d-5-1762440684193.webp?fit=1000%2C1000&ssl=1&resize=525%2C300 1.5x, https:\/\/i0.wp.com\/planitpower.com\/wp-content\/uploads\/2025\/12\/Aqara-radiator-thermostat-w600-wt-a03d-5-1762440684193.webp?fit=1000%2C1000&ssl=1&resize=700%2C400 2x"},"classes":[]},{"id":4259,"url":"https:\/\/planitpower.com\/fr\/boutique\/thermostat-de-radiateur-aqara-e1\/","url_meta":{"origin":4741,"position":1},"title":"Thermostat de radiateur Aqara E1","author":"Editorial Team","date":"25\/12\/2025","format":false,"excerpt":"Main Features Smart temperature control \u2013 Manage each room individually for optimal comfort and efficiency. Zigbee 3.0 & Matter-ready \u2013 Ensures fast, reliable, and low-energy communication with compatible hubs. Voice and app control \u2013 Operate your heating hands-free via Siri, Alexa, or Google Assistant. Advanced automation \u2013 Supports schedules, geofencing,\u2026","rel":"","context":"Article similaire","block_context":{"text":"Article similaire","link":""},"img":{"alt_text":"Aqara Radiator Thermostat E1 - planitpower - 2","src":"https:\/\/i0.wp.com\/planitpower.com\/wp-content\/uploads\/2025\/11\/Aqara-Radiator-Thermostat-E1_Product_5-scaled.png?fit=1200%2C675&ssl=1&resize=350%2C200","width":350,"height":200,"srcset":"https:\/\/i0.wp.com\/planitpower.com\/wp-content\/uploads\/2025\/11\/Aqara-Radiator-Thermostat-E1_Product_5-scaled.png?fit=1200%2C675&ssl=1&resize=350%2C200 1x, https:\/\/i0.wp.com\/planitpower.com\/wp-content\/uploads\/2025\/11\/Aqara-Radiator-Thermostat-E1_Product_5-scaled.png?fit=1200%2C675&ssl=1&resize=525%2C300 1.5x, https:\/\/i0.wp.com\/planitpower.com\/wp-content\/uploads\/2025\/11\/Aqara-Radiator-Thermostat-E1_Product_5-scaled.png?fit=1200%2C675&ssl=1&resize=700%2C400 2x, https:\/\/i0.wp.com\/planitpower.com\/wp-content\/uploads\/2025\/11\/Aqara-Radiator-Thermostat-E1_Product_5-scaled.png?fit=1200%2C675&ssl=1&resize=1050%2C600 3x"},"classes":[]},{"id":4722,"url":"https:\/\/planitpower.com\/fr\/boutique\/tete-de-thermostat-de-regulateur-de-chaleur-fibaro\/","url_meta":{"origin":4741,"position":2},"title":"T\u00eate de thermostat de contr\u00f4le de chaleur FIBARO","author":"Editorial Team","date":"19\/11\/2025","format":false,"excerpt":"Main features Smart temperature regulation: monitors room temperature and automatically adjusts radiator valve to maintain a desired set-point or follow a schedule. Remote control via smartphone app or compatible smart-home gateway: set temperature, create schedules, override settings when needed. Mounts easily on many standard radiator valves (without tools using included\u2026","rel":"","context":"Article similaire","block_context":{"text":"Article similaire","link":""},"img":{"alt_text":"FIBARO Heat Controller Thermostat Head - planitpower - 2","src":"https:\/\/i0.wp.com\/planitpower.com\/wp-content\/uploads\/2025\/11\/FIBARO-Heat-Controller-Thermostat-packaging.webp?fit=1200%2C1200&ssl=1&resize=350%2C200","width":350,"height":200,"srcset":"https:\/\/i0.wp.com\/planitpower.com\/wp-content\/uploads\/2025\/11\/FIBARO-Heat-Controller-Thermostat-packaging.webp?fit=1200%2C1200&ssl=1&resize=350%2C200 1x, https:\/\/i0.wp.com\/planitpower.com\/wp-content\/uploads\/2025\/11\/FIBARO-Heat-Controller-Thermostat-packaging.webp?fit=1200%2C1200&ssl=1&resize=525%2C300 1.5x, https:\/\/i0.wp.com\/planitpower.com\/wp-content\/uploads\/2025\/11\/FIBARO-Heat-Controller-Thermostat-packaging.webp?fit=1200%2C1200&ssl=1&resize=700%2C400 2x, https:\/\/i0.wp.com\/planitpower.com\/wp-content\/uploads\/2025\/11\/FIBARO-Heat-Controller-Thermostat-packaging.webp?fit=1200%2C1200&ssl=1&resize=1050%2C600 3x"},"classes":[]},{"id":4704,"url":"https:\/\/planitpower.com\/fr\/boutique\/thermostat-de-ventilo-convecteur-agreable\/","url_meta":{"origin":4741,"position":3},"title":"Thermostat Nice pour ventiloconvecteur","author":"Editorial Team","date":"19\/11\/2025","format":false,"excerpt":"Main features Smart home ready: Built on the Z-Wave 800 series protocol for reliable wireless connectivity and integration with Nice and FIBARO hubs. Water-heating valve control: Designed to switch valves or heating actuators on\/off, providing direct management of your water circuit. Adjustable temperature range: Set temperatures anywhere between 5 \u00b0C\u2026","rel":"","context":"Article similaire","block_context":{"text":"Article similaire","link":""},"img":{"alt_text":"","src":"https:\/\/i0.wp.com\/planitpower.com\/wp-content\/uploads\/2025\/11\/5902701704025-2.webp?fit=1200%2C1200&ssl=1&resize=350%2C200","width":350,"height":200,"srcset":"https:\/\/i0.wp.com\/planitpower.com\/wp-content\/uploads\/2025\/11\/5902701704025-2.webp?fit=1200%2C1200&ssl=1&resize=350%2C200 1x, https:\/\/i0.wp.com\/planitpower.com\/wp-content\/uploads\/2025\/11\/5902701704025-2.webp?fit=1200%2C1200&ssl=1&resize=525%2C300 1.5x, https:\/\/i0.wp.com\/planitpower.com\/wp-content\/uploads\/2025\/11\/5902701704025-2.webp?fit=1200%2C1200&ssl=1&resize=700%2C400 2x, https:\/\/i0.wp.com\/planitpower.com\/wp-content\/uploads\/2025\/11\/5902701704025-2.webp?fit=1200%2C1200&ssl=1&resize=1050%2C600 3x"},"classes":[]},{"id":4737,"url":"https:\/\/planitpower.com\/fr\/boutique\/thermostat-de-chauffage-electrique-domestique-mco-avec-capteur-dhumidite\/","url_meta":{"origin":4741,"position":4},"title":"Thermostat de chauffage \u00e9lectrique domestique MCO avec capteur d&#039;humidit\u00e9, version 2","author":"Editorial Team","date":"19\/11\/2025","format":false,"excerpt":"Main Features Z-Wave thermostat for electrical heating systems, compatible with leading smart home gateways. Integrated temperature and humidity sensors for accurate climate monitoring. Capacitive touch glass panel, offering a premium, modern interface. Multiple heating modes, including manual, energy-saving, and programmable schedules. Built-in overload and safety protection for reliable operation. LED\u2026","rel":"","context":"Article similaire","block_context":{"text":"Article similaire","link":""},"img":{"alt_text":"MCO Home Electrical Heating Thermostat with humidity sensor Version 2 - planitpower","src":"https:\/\/i0.wp.com\/planitpower.com\/wp-content\/uploads\/2025\/11\/MH7-WH.jpg?fit=423%2C423&ssl=1&resize=350%2C200","width":350,"height":200},"classes":[]},{"id":4700,"url":"https:\/\/planitpower.com\/fr\/boutique\/thermostat-de-chauffage-deau-agreable\/","url_meta":{"origin":4741,"position":5},"title":"Thermostat de chauffage d&#039;eau Nice","author":"Editorial Team","date":"18\/11\/2025","format":false,"excerpt":"Caract\u00e9ristiques principales : Int\u00e9gration \u00e0 la maison connect\u00e9e : Compatible avec le protocole sans fil Z-Wave s\u00e9rie 800 pour une connectivit\u00e9 robuste et fiable. Compatibilit\u00e9 : Fonctionne parfaitement avec les passerelles Yubii Home, Yubii Home Pro et FIBARO Home Center, ce qui le rend id\u00e9al pour les \u00e9cosyst\u00e8mes domotiques nouveaux et existants. Contr\u00f4le de la temp\u00e9rature : Plage de temp\u00e9rature r\u00e9glable de 5 \u00b0C \u00e0\u2026","rel":"","context":"Article similaire","block_context":{"text":"Article similaire","link":""},"img":{"alt_text":"Nice Water Heating Thermostat - planitpower -","src":"https:\/\/i0.wp.com\/planitpower.com\/wp-content\/uploads\/2025\/11\/5902701704018-1.jpg?fit=1200%2C1200&ssl=1&resize=350%2C200","width":350,"height":200,"srcset":"https:\/\/i0.wp.com\/planitpower.com\/wp-content\/uploads\/2025\/11\/5902701704018-1.jpg?fit=1200%2C1200&ssl=1&resize=350%2C200 1x, https:\/\/i0.wp.com\/planitpower.com\/wp-content\/uploads\/2025\/11\/5902701704018-1.jpg?fit=1200%2C1200&ssl=1&resize=525%2C300 1.5x, https:\/\/i0.wp.com\/planitpower.com\/wp-content\/uploads\/2025\/11\/5902701704018-1.jpg?fit=1200%2C1200&ssl=1&resize=700%2C400 2x, https:\/\/i0.wp.com\/planitpower.com\/wp-content\/uploads\/2025\/11\/5902701704018-1.jpg?fit=1200%2C1200&ssl=1&resize=1050%2C600 3x"},"classes":[]}],"_links":{"self":[{"href":"https:\/\/planitpower.com\/fr\/wp-json\/wp\/v2\/product\/4741","targetHints":{"allow":["GET"]}}],"collection":[{"href":"https:\/\/planitpower.com\/fr\/wp-json\/wp\/v2\/product"}],"about":[{"href":"https:\/\/planitpower.com\/fr\/wp-json\/wp\/v2\/types\/product"}],"replies":[{"embeddable":true,"href":"https:\/\/planitpower.com\/fr\/wp-json\/wp\/v2\/comments?post=4741"}],"version-history":[{"count":1,"href":"https:\/\/planitpower.com\/fr\/wp-json\/wp\/v2\/product\/4741\/revisions"}],"predecessor-version":[{"id":6059,"href":"https:\/\/planitpower.com\/fr\/wp-json\/wp\/v2\/product\/4741\/revisions\/6059"}],"wp:featuredmedia":[{"embeddable":true,"href":"https:\/\/planitpower.com\/fr\/wp-json\/wp\/v2\/media\/4742"}],"wp:attachment":[{"href":"https:\/\/planitpower.com\/fr\/wp-json\/wp\/v2\/media?parent=4741"}],"wp:term":[{"taxonomy":"product_brand","embeddable":true,"href":"https:\/\/planitpower.com\/fr\/wp-json\/wp\/v2\/product_brand?post=4741"},{"taxonomy":"product_cat","embeddable":true,"href":"https:\/\/planitpower.com\/fr\/wp-json\/wp\/v2\/product_cat?post=4741"},{"taxonomy":"product_tag","embeddable":true,"href":"https:\/\/planitpower.com\/fr\/wp-json\/wp\/v2\/product_tag?post=4741"}],"curies":[{"name":"wp","href":"https:\/\/api.w.org\/{rel}","templated":true}]}}