{"id":4746,"date":"2025-11-19T22:01:21","date_gmt":"2025-11-19T22:01:21","guid":{"rendered":"https:\/\/planitpower.com\/?post_type=product&#038;p=4746"},"modified":"2026-01-30T01:08:36","modified_gmt":"2026-01-30T01:08:36","slug":"le-capteur-de-fumee-intelligent-heiman-est-un-sujet-delicat","status":"publish","type":"product","link":"https:\/\/planitpower.com\/fr\/boutique\/le-capteur-de-fumee-intelligent-heiman-est-un-sujet-delicat\/","title":{"rendered":"D\u00e9tecteur de fum\u00e9e intelligent HEIMAN Matter-over-Thread"},"content":{"rendered":"<h2 class=\"wp-block-heading\">Description<\/h2>\n\n\n\n<p>Le d\u00e9tecteur de fum\u00e9e intelligent HEIMAN Matter-over-Thread int\u00e8gre une surveillance incendie avanc\u00e9e \u00e0 votre maison connect\u00e9e. Gr\u00e2ce \u00e0 sa compatibilit\u00e9 native avec le protocole Matter sur le r\u00e9seau maill\u00e9 Thread, ce petit d\u00e9tecteur performant se connecte directement aux hubs et \u00e9cosyst\u00e8mes domotiques compatibles. Il surveille en continu la qualit\u00e9 de l&#039;air int\u00e9rieur \u00e0 la recherche de fum\u00e9e provenant de feux couvant et de particules visibles, puis \u00e9met une alerte sonore puissante et une notification sur votre smartphone, vous tenant ainsi inform\u00e9 que vous soyez chez vous ou non. La d\u00e9tection photom\u00e9trique garantit une alerte pr\u00e9coce, et l&#039;appareil est conforme aux normes de s\u00e9curit\u00e9 europ\u00e9ennes (par exemple, EN 14604), ce qui le rend homologu\u00e9 pour une installation dans les appartements et les petits espaces commerciaux. Son alimentation par batterie permet une installation flexible au plafond ou au mur, et sa connectivit\u00e9 sans fil simplifie le c\u00e2blage et r\u00e9duit la complexit\u00e9 du hub.<\/p>\n\n\n\n<h2 class=\"wp-block-heading\">Sp\u00e9cifications techniques<\/h2>\n\n\n\n<figure class=\"wp-block-table\"><table class=\"has-fixed-layout\"><thead><tr><th>Param\u00e8tres<\/th><th>Sp\u00e9cifications<\/th><\/tr><\/thead><tbody><tr><td>Mod\u00e8le<\/td><td>HS1SA-M (Version \u00e0 connexion directe)<\/td><\/tr><tr><td>Type de capteur<\/td><td>Photo\u00e9lectrique (optique)<\/td><\/tr><tr><td>Certification<\/td><td>EN 14604 (norme sur les d\u00e9tecteurs de fum\u00e9e r\u00e9sidentiels)<\/td><\/tr><tr><td>Technologie sans fil<\/td><td>Sujet concernant le fil<\/td><\/tr><tr><td>Alimentation \u00e9lectrique<\/td><td>1 pile au lithium CR123A<\/td><\/tr><tr><td>Dur\u00e9e de vie de la batterie<\/td><td>Jusqu&#039;\u00e0 environ 3 ans (selon l&#039;utilisation)<\/td><\/tr><tr><td>Volume d&#039;alarme<\/td><td>\u2265 85 dB \u00e0 3 m\u00e8tres<\/td><\/tr><tr><td>Temp\u00e9rature de fonctionnement<\/td><td>De -10 \u00b0C \u00e0 +50 \u00b0C<\/td><\/tr><tr><td>Tol\u00e9rance \u00e0 l&#039;humidit\u00e9<\/td><td>Jusqu&#039;\u00e0 environ 95 % d&#039;humidit\u00e9 relative (%), sans condensation<\/td><\/tr><tr><td>Dimensions<\/td><td>Environ 60 mm \u00d7 60 mm \u00d7 49 mm (dimensions variables)<\/td><\/tr><tr><td>Poids<\/td><td>Environ 50 grammes<\/td><\/tr><tr><td>Port\u00e9e (radio)<\/td><td>Jusqu&#039;\u00e0 environ 50 m en terrain d\u00e9gag\u00e9 (port\u00e9e typique des r\u00e9seaux maill\u00e9s en int\u00e9rieur inf\u00e9rieure).<\/td><\/tr><\/tbody><\/table><\/figure>","protected":false},"excerpt":{"rendered":"<h2 data-start=\"1122\" data-end=\"1140\">Principales caract\u00e9ristiques<\/h2>\n<ul data-start=\"1141\" data-end=\"2181\">\n<li data-start=\"1141\" data-end=\"1299\">\n<p data-start=\"1143\" data-end=\"1299\">La connectivit\u00e9 native Matter-over-Thread permet une int\u00e9gration transparente avec les plateformes de maison intelligente (Apple Home, Google Home, SmartThings) sans d\u00e9pendance \u00e0 une marque.<\/p>\n<\/li>\n<li data-start=\"1300\" data-end=\"1428\">\n<p data-start=\"1302\" data-end=\"1428\">Capteur photo\u00e9lectrique (optique) haute sensibilit\u00e9 pour la d\u00e9tection pr\u00e9coce de la fum\u00e9e provenant de sources de combustion lente et des particules visibles.<\/p>\n<\/li>\n<li data-start=\"1429\" data-end=\"1566\">\n<p data-start=\"1431\" data-end=\"1566\">Alarme embarqu\u00e9e puissante (\u2265 85 dB \u00e0 3 m) plus indicateur d&#039;\u00e9tat LED multicolore int\u00e9gr\u00e9 pour les conditions de disponibilit\u00e9, d&#039;alarme et de batterie faible.<\/p>\n<\/li>\n<li data-start=\"1567\" data-end=\"1707\">\n<p data-start=\"1569\" data-end=\"1707\">Fonction d&#039;alerte \u00e0 distance\u00a0: recevez des notifications push sur votre smartphone en cas de d\u00e9tection de fum\u00e9e, m\u00eame lorsque vous \u00eates absent des lieux.<\/p>\n<\/li>\n<li data-start=\"1708\" data-end=\"1835\">\n<p data-start=\"1710\" data-end=\"1835\">Aliment\u00e9 par une seule pile CR123A, offrant une longue dur\u00e9e de vie et un remplacement facile ; comprend un indicateur de batterie faible.<\/p>\n<\/li>\n<li data-start=\"1836\" data-end=\"1971\">\n<p data-start=\"1838\" data-end=\"1971\">Son format compact et sa facilit\u00e9 de montage (mur ou plafond) simplifient l&#039;installation dans les habitations et les petits locaux commerciaux.<\/p>\n<\/li>\n<li data-start=\"1972\" data-end=\"2079\">\n<p data-start=\"1974\" data-end=\"2079\">Certifi\u00e9 conforme \u00e0 la norme EN 14604 (norme europ\u00e9enne relative aux d\u00e9tecteurs de fum\u00e9e r\u00e9sidentiels), garantissant ainsi la conformit\u00e9.<\/p>\n<\/li>\n<li data-start=\"2080\" data-end=\"2181\">\n<p data-start=\"2082\" data-end=\"2181\">Large plage de temp\u00e9ratures et d&#039;humidit\u00e9 de fonctionnement, ce qui le rend polyvalent pour divers environnements int\u00e9rieurs.<\/p>\n<\/li>\n<\/ul>","protected":false},"featured_media":4747,"comment_status":"open","ping_status":"closed","template":"","meta":{"jetpack_post_was_ever_published":false,"jetpack_publicize_message":"","jetpack_publicize_feature_enabled":true,"jetpack_social_post_already_shared":true,"jetpack_social_options":{"image_generator_settings":{"template":"highway","default_image_id":0,"font":"","enabled":false},"version":2}},"product_brand":[159],"product_cat":[120],"product_tag":[],"class_list":{"0":"post-4746","1":"product","2":"type-product","3":"status-publish","4":"has-post-thumbnail","6":"product_brand-heiman","7":"product_cat-security-sensors-alarms","9":"first","10":"instock","11":"taxable","12":"shipping-taxable","13":"purchasable","14":"product-type-simple"},"yoast_head":"<!-- This site is optimized with the Yoast SEO plugin v27.3 - https:\/\/yoast.com\/product\/yoast-seo-wordpress\/ -->\n<title>HEIMAN Smart Smoke Sensor Matter-over-Thread - Planitpower<\/title>\n<meta name=\"description\" content=\"Smart, Matter-over-Thread enabled smoke protection: the HEIMAN Smart Smoke Sensor Matter\u2011over\u2011Thread offers seamless integration into modern smart homes while reliably detecting fire hazards with certified performance.\" \/>\n<meta name=\"robots\" content=\"index, follow, max-snippet:-1, max-image-preview:large, max-video-preview:-1\" \/>\n<link rel=\"canonical\" href=\"https:\/\/planitpower.com\/fr\/boutique\/le-capteur-de-fumee-intelligent-heiman-est-un-sujet-delicat\/\" \/>\n<meta property=\"og:locale\" content=\"fr_FR\" \/>\n<meta property=\"og:type\" content=\"article\" \/>\n<meta property=\"og:title\" content=\"HEIMAN Smart Smoke Sensor Matter-over-Thread - Planitpower\" \/>\n<meta property=\"og:description\" content=\"Smart, Matter-over-Thread enabled smoke protection: the HEIMAN Smart Smoke Sensor Matter\u2011over\u2011Thread offers seamless integration into modern smart homes while reliably detecting fire hazards with certified performance.\" \/>\n<meta property=\"og:url\" content=\"https:\/\/planitpower.com\/fr\/boutique\/le-capteur-de-fumee-intelligent-heiman-est-un-sujet-delicat\/\" \/>\n<meta property=\"og:site_name\" content=\"Planitpower\" \/>\n<meta property=\"article:modified_time\" content=\"2026-01-30T01:08:36+00:00\" \/>\n<meta property=\"og:image\" content=\"https:\/\/i0.wp.com\/planitpower.com\/wp-content\/uploads\/2025\/11\/HEIZHS1SA_main_1500x1500OIwTSJuABCYzA.jpg?fit=1500%2C1500&ssl=1\" \/>\n\t<meta property=\"og:image:width\" content=\"1500\" \/>\n\t<meta property=\"og:image:height\" content=\"1500\" \/>\n\t<meta property=\"og:image:type\" content=\"image\/jpeg\" \/>\n<meta name=\"twitter:card\" content=\"summary_large_image\" \/>\n<meta name=\"twitter:label1\" content=\"Dur\u00e9e de lecture estim\u00e9e\" \/>\n\t<meta name=\"twitter:data1\" content=\"2 minutes\" \/>\n<script type=\"application\/ld+json\" class=\"yoast-schema-graph\">{\"@context\":\"https:\\\/\\\/schema.org\",\"@graph\":[{\"@type\":\"WebPage\",\"@id\":\"https:\\\/\\\/planitpower.com\\\/shop\\\/heiman-smart-smoke-sensor-matter-over-thread\\\/\",\"url\":\"https:\\\/\\\/planitpower.com\\\/shop\\\/heiman-smart-smoke-sensor-matter-over-thread\\\/\",\"name\":\"HEIMAN Smart Smoke Sensor Matter-over-Thread - Planitpower\",\"isPartOf\":{\"@id\":\"https:\\\/\\\/planitpower.com\\\/#website\"},\"primaryImageOfPage\":{\"@id\":\"https:\\\/\\\/planitpower.com\\\/shop\\\/heiman-smart-smoke-sensor-matter-over-thread\\\/#primaryimage\"},\"image\":{\"@id\":\"https:\\\/\\\/planitpower.com\\\/shop\\\/heiman-smart-smoke-sensor-matter-over-thread\\\/#primaryimage\"},\"thumbnailUrl\":\"https:\\\/\\\/i0.wp.com\\\/planitpower.com\\\/wp-content\\\/uploads\\\/2025\\\/11\\\/HEIZHS1SA_main_1500x1500OIwTSJuABCYzA.jpg?fit=1500%2C1500&ssl=1\",\"datePublished\":\"2025-11-19T22:01:21+00:00\",\"dateModified\":\"2026-01-30T01:08:36+00:00\",\"description\":\"Smart, Matter-over-Thread enabled smoke protection: the HEIMAN Smart Smoke Sensor Matter\u2011over\u2011Thread offers seamless integration into modern smart homes while reliably detecting fire hazards with certified performance.\",\"breadcrumb\":{\"@id\":\"https:\\\/\\\/planitpower.com\\\/shop\\\/heiman-smart-smoke-sensor-matter-over-thread\\\/#breadcrumb\"},\"inLanguage\":\"fr-FR\",\"potentialAction\":[{\"@type\":\"ReadAction\",\"target\":[\"https:\\\/\\\/planitpower.com\\\/shop\\\/heiman-smart-smoke-sensor-matter-over-thread\\\/\"]}]},{\"@type\":\"ImageObject\",\"inLanguage\":\"fr-FR\",\"@id\":\"https:\\\/\\\/planitpower.com\\\/shop\\\/heiman-smart-smoke-sensor-matter-over-thread\\\/#primaryimage\",\"url\":\"https:\\\/\\\/i0.wp.com\\\/planitpower.com\\\/wp-content\\\/uploads\\\/2025\\\/11\\\/HEIZHS1SA_main_1500x1500OIwTSJuABCYzA.jpg?fit=1500%2C1500&ssl=1\",\"contentUrl\":\"https:\\\/\\\/i0.wp.com\\\/planitpower.com\\\/wp-content\\\/uploads\\\/2025\\\/11\\\/HEIZHS1SA_main_1500x1500OIwTSJuABCYzA.jpg?fit=1500%2C1500&ssl=1\",\"width\":1500,\"height\":1500,\"caption\":\"HEIMAN Smart Smoke Sensor Matter-over-Thread - planitpower\"},{\"@type\":\"BreadcrumbList\",\"@id\":\"https:\\\/\\\/planitpower.com\\\/shop\\\/heiman-smart-smoke-sensor-matter-over-thread\\\/#breadcrumb\",\"itemListElement\":[{\"@type\":\"ListItem\",\"position\":1,\"name\":\"Home\",\"item\":\"https:\\\/\\\/planitpower.com\\\/\"},{\"@type\":\"ListItem\",\"position\":2,\"name\":\"SHOP\",\"item\":\"https:\\\/\\\/planitpower.com\\\/shop\\\/\"},{\"@type\":\"ListItem\",\"position\":3,\"name\":\"HEIMAN Smart Smoke Sensor Matter-over-Thread\"}]},{\"@type\":\"WebSite\",\"@id\":\"https:\\\/\\\/planitpower.com\\\/#website\",\"url\":\"https:\\\/\\\/planitpower.com\\\/\",\"name\":\"Planitpower\",\"description\":\"Inspire energy\",\"publisher\":{\"@id\":\"https:\\\/\\\/planitpower.com\\\/#\\\/schema\\\/person\\\/b531587eda267b930b04174d12de6efa\"},\"potentialAction\":[{\"@type\":\"SearchAction\",\"target\":{\"@type\":\"EntryPoint\",\"urlTemplate\":\"https:\\\/\\\/planitpower.com\\\/?s={search_term_string}\"},\"query-input\":{\"@type\":\"PropertyValueSpecification\",\"valueRequired\":true,\"valueName\":\"search_term_string\"}}],\"inLanguage\":\"fr-FR\"},{\"@type\":[\"Person\",\"Organization\"],\"@id\":\"https:\\\/\\\/planitpower.com\\\/#\\\/schema\\\/person\\\/b531587eda267b930b04174d12de6efa\",\"name\":\"Editorial Team\",\"image\":{\"@type\":\"ImageObject\",\"inLanguage\":\"fr-FR\",\"@id\":\"https:\\\/\\\/i0.wp.com\\\/planitpower.com\\\/wp-content\\\/uploads\\\/2025\\\/12\\\/cropped-planitpower_circle_375x375.png?fit=512%2C512&ssl=1\",\"url\":\"https:\\\/\\\/i0.wp.com\\\/planitpower.com\\\/wp-content\\\/uploads\\\/2025\\\/12\\\/cropped-planitpower_circle_375x375.png?fit=512%2C512&ssl=1\",\"contentUrl\":\"https:\\\/\\\/i0.wp.com\\\/planitpower.com\\\/wp-content\\\/uploads\\\/2025\\\/12\\\/cropped-planitpower_circle_375x375.png?fit=512%2C512&ssl=1\",\"width\":512,\"height\":512,\"caption\":\"Editorial Team\"},\"logo\":{\"@id\":\"https:\\\/\\\/i0.wp.com\\\/planitpower.com\\\/wp-content\\\/uploads\\\/2025\\\/12\\\/cropped-planitpower_circle_375x375.png?fit=512%2C512&ssl=1\"},\"sameAs\":[\"https:\\\/\\\/Planitpower.com\"]}]}<\/script>\n<!-- \/ Yoast SEO plugin. -->","yoast_head_json":{"title":"D\u00e9tecteur de fum\u00e9e intelligent HEIMAN Matter-over-Thread - Planitpower","description":"Protection intelligente contre la fum\u00e9e gr\u00e2ce \u00e0 la technologie Matter-over-Thread\u00a0: le d\u00e9tecteur de fum\u00e9e intelligent HEIMAN Matter-over-Thread offre une int\u00e9gration transparente dans les maisons intelligentes modernes tout en d\u00e9tectant de mani\u00e8re fiable les risques d\u2019incendie avec des performances certifi\u00e9es.","robots":{"index":"index","follow":"follow","max-snippet":"max-snippet:-1","max-image-preview":"max-image-preview:large","max-video-preview":"max-video-preview:-1"},"canonical":"https:\/\/planitpower.com\/fr\/boutique\/le-capteur-de-fumee-intelligent-heiman-est-un-sujet-delicat\/","og_locale":"fr_FR","og_type":"article","og_title":"HEIMAN Smart Smoke Sensor Matter-over-Thread - Planitpower","og_description":"Smart, Matter-over-Thread enabled smoke protection: the HEIMAN Smart Smoke Sensor Matter\u2011over\u2011Thread offers seamless integration into modern smart homes while reliably detecting fire hazards with certified performance.","og_url":"https:\/\/planitpower.com\/fr\/boutique\/le-capteur-de-fumee-intelligent-heiman-est-un-sujet-delicat\/","og_site_name":"Planitpower","article_modified_time":"2026-01-30T01:08:36+00:00","og_image":[{"width":1500,"height":1500,"url":"https:\/\/i0.wp.com\/planitpower.com\/wp-content\/uploads\/2025\/11\/HEIZHS1SA_main_1500x1500OIwTSJuABCYzA.jpg?fit=1500%2C1500&ssl=1","type":"image\/jpeg"}],"twitter_card":"summary_large_image","twitter_misc":{"Dur\u00e9e de lecture estim\u00e9e":"2 minutes"},"schema":{"@context":"https:\/\/schema.org","@graph":[{"@type":"WebPage","@id":"https:\/\/planitpower.com\/shop\/heiman-smart-smoke-sensor-matter-over-thread\/","url":"https:\/\/planitpower.com\/shop\/heiman-smart-smoke-sensor-matter-over-thread\/","name":"D\u00e9tecteur de fum\u00e9e intelligent HEIMAN Matter-over-Thread - Planitpower","isPartOf":{"@id":"https:\/\/planitpower.com\/#website"},"primaryImageOfPage":{"@id":"https:\/\/planitpower.com\/shop\/heiman-smart-smoke-sensor-matter-over-thread\/#primaryimage"},"image":{"@id":"https:\/\/planitpower.com\/shop\/heiman-smart-smoke-sensor-matter-over-thread\/#primaryimage"},"thumbnailUrl":"https:\/\/i0.wp.com\/planitpower.com\/wp-content\/uploads\/2025\/11\/HEIZHS1SA_main_1500x1500OIwTSJuABCYzA.jpg?fit=1500%2C1500&ssl=1","datePublished":"2025-11-19T22:01:21+00:00","dateModified":"2026-01-30T01:08:36+00:00","description":"Protection intelligente contre la fum\u00e9e gr\u00e2ce \u00e0 la technologie Matter-over-Thread\u00a0: le d\u00e9tecteur de fum\u00e9e intelligent HEIMAN Matter-over-Thread offre une int\u00e9gration transparente dans les maisons intelligentes modernes tout en d\u00e9tectant de mani\u00e8re fiable les risques d\u2019incendie avec des performances certifi\u00e9es.","breadcrumb":{"@id":"https:\/\/planitpower.com\/shop\/heiman-smart-smoke-sensor-matter-over-thread\/#breadcrumb"},"inLanguage":"fr-FR","potentialAction":[{"@type":"ReadAction","target":["https:\/\/planitpower.com\/shop\/heiman-smart-smoke-sensor-matter-over-thread\/"]}]},{"@type":"ImageObject","inLanguage":"fr-FR","@id":"https:\/\/planitpower.com\/shop\/heiman-smart-smoke-sensor-matter-over-thread\/#primaryimage","url":"https:\/\/i0.wp.com\/planitpower.com\/wp-content\/uploads\/2025\/11\/HEIZHS1SA_main_1500x1500OIwTSJuABCYzA.jpg?fit=1500%2C1500&ssl=1","contentUrl":"https:\/\/i0.wp.com\/planitpower.com\/wp-content\/uploads\/2025\/11\/HEIZHS1SA_main_1500x1500OIwTSJuABCYzA.jpg?fit=1500%2C1500&ssl=1","width":1500,"height":1500,"caption":"HEIMAN Smart Smoke Sensor Matter-over-Thread - planitpower"},{"@type":"BreadcrumbList","@id":"https:\/\/planitpower.com\/shop\/heiman-smart-smoke-sensor-matter-over-thread\/#breadcrumb","itemListElement":[{"@type":"ListItem","position":1,"name":"Home","item":"https:\/\/planitpower.com\/"},{"@type":"ListItem","position":2,"name":"SHOP","item":"https:\/\/planitpower.com\/shop\/"},{"@type":"ListItem","position":3,"name":"HEIMAN Smart Smoke Sensor Matter-over-Thread"}]},{"@type":"WebSite","@id":"https:\/\/planitpower.com\/#website","url":"https:\/\/planitpower.com\/","name":"Planitpower","description":"Inspirons l'\u00e9nergie!","publisher":{"@id":"https:\/\/planitpower.com\/#\/schema\/person\/b531587eda267b930b04174d12de6efa"},"potentialAction":[{"@type":"SearchAction","target":{"@type":"EntryPoint","urlTemplate":"https:\/\/planitpower.com\/?s={search_term_string}"},"query-input":{"@type":"PropertyValueSpecification","valueRequired":true,"valueName":"search_term_string"}}],"inLanguage":"fr-FR"},{"@type":["Person","Organization"],"@id":"https:\/\/planitpower.com\/#\/schema\/person\/b531587eda267b930b04174d12de6efa","name":"Equipe \u00e9ditoriale","image":{"@type":"ImageObject","inLanguage":"fr-FR","@id":"https:\/\/i0.wp.com\/planitpower.com\/wp-content\/uploads\/2025\/12\/cropped-planitpower_circle_375x375.png?fit=512%2C512&ssl=1","url":"https:\/\/i0.wp.com\/planitpower.com\/wp-content\/uploads\/2025\/12\/cropped-planitpower_circle_375x375.png?fit=512%2C512&ssl=1","contentUrl":"https:\/\/i0.wp.com\/planitpower.com\/wp-content\/uploads\/2025\/12\/cropped-planitpower_circle_375x375.png?fit=512%2C512&ssl=1","width":512,"height":512,"caption":"Editorial Team"},"logo":{"@id":"https:\/\/i0.wp.com\/planitpower.com\/wp-content\/uploads\/2025\/12\/cropped-planitpower_circle_375x375.png?fit=512%2C512&ssl=1"},"sameAs":["https:\/\/Planitpower.com"]}]}},"jetpack_publicize_connections":[],"jetpack_likes_enabled":true,"jetpack_sharing_enabled":true,"jetpack-related-posts":[{"id":5208,"url":"https:\/\/planitpower.com\/fr\/boutique\/zendure-solarflow-2400-ac\/","url_meta":{"origin":4746,"position":0},"title":"Zendure SolarFlow 2400 AC","author":"Editorial Team","date":"28\/11\/2025","format":false,"excerpt":"Main features Syst\u00e8me de gestion intelligent AC-coupl\u00e9Contr\u00f4le automatiquement la charge et la d\u00e9charge des batteries AB3000X selon la production solaire, votre consommation et les horaires tarifaires. Compatible avec les micro-onduleursFonctionne avec les installations photovolta\u00efques AC jusqu\u2019\u00e0 2000 W, sans modifier l\u2019infrastructure existante. Puissance de sortie flexible800 W en mode plug-and-play\u2026","rel":"","context":"Article similaire","block_context":{"text":"Article similaire","link":""},"img":{"alt_text":"Zendure SolarFlow 2400 AC - planitpower","src":"https:\/\/i0.wp.com\/planitpower.com\/wp-content\/uploads\/2025\/11\/zendure-solarflow-2400-ac-seul.jpg?fit=500%2C500&ssl=1&resize=350%2C200","width":350,"height":200},"classes":[]}],"_links":{"self":[{"href":"https:\/\/planitpower.com\/fr\/wp-json\/wp\/v2\/product\/4746","targetHints":{"allow":["GET"]}}],"collection":[{"href":"https:\/\/planitpower.com\/fr\/wp-json\/wp\/v2\/product"}],"about":[{"href":"https:\/\/planitpower.com\/fr\/wp-json\/wp\/v2\/types\/product"}],"replies":[{"embeddable":true,"href":"https:\/\/planitpower.com\/fr\/wp-json\/wp\/v2\/comments?post=4746"}],"version-history":[{"count":1,"href":"https:\/\/planitpower.com\/fr\/wp-json\/wp\/v2\/product\/4746\/revisions"}],"predecessor-version":[{"id":6034,"href":"https:\/\/planitpower.com\/fr\/wp-json\/wp\/v2\/product\/4746\/revisions\/6034"}],"wp:featuredmedia":[{"embeddable":true,"href":"https:\/\/planitpower.com\/fr\/wp-json\/wp\/v2\/media\/4747"}],"wp:attachment":[{"href":"https:\/\/planitpower.com\/fr\/wp-json\/wp\/v2\/media?parent=4746"}],"wp:term":[{"taxonomy":"product_brand","embeddable":true,"href":"https:\/\/planitpower.com\/fr\/wp-json\/wp\/v2\/product_brand?post=4746"},{"taxonomy":"product_cat","embeddable":true,"href":"https:\/\/planitpower.com\/fr\/wp-json\/wp\/v2\/product_cat?post=4746"},{"taxonomy":"product_tag","embeddable":true,"href":"https:\/\/planitpower.com\/fr\/wp-json\/wp\/v2\/product_tag?post=4746"}],"curies":[{"name":"wp","href":"https:\/\/api.w.org\/{rel}","templated":true}]}}