{"id":4756,"date":"2025-11-19T22:42:59","date_gmt":"2025-11-19T22:42:59","guid":{"rendered":"https:\/\/planitpower.com\/?post_type=product&#038;p=4756"},"modified":"2026-01-30T01:07:48","modified_gmt":"2026-01-30T01:07:48","slug":"capteur-de-temperature-et-dhumidite-heiman-zigbee","status":"publish","type":"product","link":"https:\/\/planitpower.com\/fr\/boutique\/capteur-de-temperature-et-dhumidite-heiman-zigbee\/","title":{"rendered":"HEIMAN Capteur de temp\u00e9rature et d'humidit\u00e9 Zigbee"},"content":{"rendered":"<p><a href=\"https:\/\/shop.zwave.eu\/heiman\/\"><\/a><\/p>\n\n\n\n<h2 class=\"wp-block-heading\"><strong>Description<\/strong><\/h2>\n\n\n\n<p>Le capteur de temp\u00e9rature et d&#039;humidit\u00e9 HEIMAN Zigbee est un capteur compact et \u00e9co\u00e9nerg\u00e9tique con\u00e7u pour assurer une surveillance climatique en temps r\u00e9el dans tout environnement int\u00e9rieur. Gr\u00e2ce \u00e0 la technologie sans fil Zigbee, il se connecte facilement aux hubs domotiques compatibles, vous permettant ainsi de suivre les niveaux de temp\u00e9rature et d&#039;humidit\u00e9 via votre plateforme domotique.<\/p>\n\n\n\n<p>Son design discret permet de l&#039;installer facilement dans les salons, les chambres, les bureaux ou les espaces de rangement o\u00f9 la stabilit\u00e9 des conditions environnementales est essentielle. Le capteur effectue des mesures pr\u00e9cises \u00e0 intervalles r\u00e9guliers et alerte imm\u00e9diatement votre syst\u00e8me en cas de d\u00e9passement des seuils, contribuant ainsi \u00e0 votre confort, \u00e0 la protection de vos \u00e9quipements sensibles et \u00e0 l&#039;optimisation de votre consommation d&#039;\u00e9nergie. Gr\u00e2ce \u00e0 sa faible consommation et \u00e0 sa longue autonomie, il est id\u00e9al pour une surveillance continue et sans entretien.<\/p>\n\n\n\n<h2 class=\"wp-block-heading\"><strong>Sp\u00e9cifications techniques<\/strong><\/h2>\n\n\n\n<figure class=\"wp-block-table\"><table class=\"has-fixed-layout\"><thead><tr><th><strong>Param\u00e8tres<\/strong><\/th><th><strong>Valeur<\/strong><\/th><\/tr><\/thead><tbody><tr><td>Protocole sans fil<\/td><td>Zigbee<\/td><\/tr><tr><td>Plage de mesure de temp\u00e9rature<\/td><td>Environ \u201310\u00b0C \u00e0 50\u00b0C (plage typique pour la gamme de produits)<\/td><\/tr><tr><td>Plage de mesure de l&#039;humidit\u00e9<\/td><td>Environ 0% \u2013 100% RH<\/td><\/tr><tr><td>Pr\u00e9cision de la temp\u00e9rature<\/td><td>\u00b10,3\u00b0C (valeur typique des capteurs climatiques HEIMAN)<\/td><\/tr><tr><td>Pr\u00e9cision de l&#039;humidit\u00e9<\/td><td>\u00b13% RH<\/td><\/tr><tr><td>Alimentation \u00e9lectrique<\/td><td>Aliment\u00e9 par batterie (pile au lithium longue dur\u00e9e)<\/td><\/tr><tr><td>Environnement op\u00e9rationnel<\/td><td>Utilisation int\u00e9rieure<\/td><\/tr><tr><td>Dimensions<\/td><td>Bo\u00eetier compact et l\u00e9ger<\/td><\/tr><\/tbody><\/table><\/figure>","protected":false},"excerpt":{"rendered":"<h2 data-start=\"1127\" data-end=\"1149\"><strong data-start=\"1130\" data-end=\"1147\">Principales caract\u00e9ristiques<\/strong><\/h2>\n<ul data-start=\"1150\" data-end=\"1637\">\n<li data-start=\"1150\" data-end=\"1225\">\n<p data-start=\"1152\" data-end=\"1225\">Communication sans fil bas\u00e9e sur Zigbee pour une connectivit\u00e9 stable et \u00e0 faible consommation d&#039;\u00e9nergie<\/p>\n<\/li>\n<li data-start=\"1226\" data-end=\"1309\">\n<p data-start=\"1228\" data-end=\"1309\">Surveillance en temps r\u00e9el de la temp\u00e9rature et de l&#039;humidit\u00e9 avec une grande pr\u00e9cision de mesure<\/p>\n<\/li>\n<li data-start=\"1310\" data-end=\"1380\">\n<p data-start=\"1312\" data-end=\"1380\">Un design compact et minimaliste qui s&#039;int\u00e8gre discr\u00e8tement dans n&#039;importe quelle pi\u00e8ce<\/p>\n<\/li>\n<li data-start=\"1381\" data-end=\"1455\">\n<p data-start=\"1383\" data-end=\"1455\">Alertes instantan\u00e9es lorsque les valeurs environnementales d\u00e9passent les limites configur\u00e9es.<\/p>\n<\/li>\n<li data-start=\"1456\" data-end=\"1522\">\n<p data-start=\"1458\" data-end=\"1522\">Compatible avec les principales passerelles Zigbee et plateformes de maison connect\u00e9e.<\/p>\n<\/li>\n<li data-start=\"1523\" data-end=\"1590\">\n<p data-start=\"1525\" data-end=\"1590\">Faible consommation d&#039;\u00e9nergie garantissant une longue dur\u00e9e de vie de la batterie<\/p>\n<\/li>\n<li data-start=\"1591\" data-end=\"1637\">\n<p data-start=\"1593\" data-end=\"1637\">Installation facile et processus d&#039;appairage rapide<\/p>\n<\/li>\n<\/ul>","protected":false},"featured_media":4758,"comment_status":"open","ping_status":"closed","template":"","meta":{"jetpack_post_was_ever_published":false,"jetpack_publicize_message":"","jetpack_publicize_feature_enabled":false,"jetpack_social_post_already_shared":false,"jetpack_social_options":{"image_generator_settings":{"template":"highway","default_image_id":0,"font":"","enabled":false},"version":2}},"product_brand":[159],"product_cat":[134],"product_tag":[],"class_list":{"0":"post-4756","1":"product","2":"type-product","3":"status-publish","4":"has-post-thumbnail","6":"product_brand-heiman","7":"product_cat-smart-sensors","9":"first","10":"instock","11":"taxable","12":"shipping-taxable","13":"purchasable","14":"product-type-simple"},"yoast_head":"<!-- This site is optimized with the Yoast SEO plugin v27.3 - https:\/\/yoast.com\/product\/yoast-seo-wordpress\/ -->\n<title>HEIMAN Temperature &amp; Humidity Sensor Zigbee - Planitpower<\/title>\n<meta name=\"description\" content=\"HEIMAN Temperature &amp; Humidity Sensor Zigbee \u2013 a compact, reliable smart sensor that provides real-time temperature and humidity monitoring for accurate climate control in your smart home.\" \/>\n<meta name=\"robots\" content=\"index, follow, max-snippet:-1, max-image-preview:large, max-video-preview:-1\" \/>\n<link rel=\"canonical\" href=\"https:\/\/planitpower.com\/fr\/boutique\/capteur-de-temperature-et-dhumidite-heiman-zigbee\/\" \/>\n<meta property=\"og:locale\" content=\"fr_FR\" \/>\n<meta property=\"og:type\" content=\"article\" \/>\n<meta property=\"og:title\" content=\"HEIMAN Temperature &amp; Humidity Sensor Zigbee - Planitpower\" \/>\n<meta property=\"og:description\" content=\"HEIMAN Temperature &amp; Humidity Sensor Zigbee \u2013 a compact, reliable smart sensor that provides real-time temperature and humidity monitoring for accurate climate control in your smart home.\" \/>\n<meta property=\"og:url\" content=\"https:\/\/planitpower.com\/fr\/boutique\/capteur-de-temperature-et-dhumidite-heiman-zigbee\/\" \/>\n<meta property=\"og:site_name\" content=\"Planitpower\" \/>\n<meta property=\"article:modified_time\" content=\"2026-01-30T01:07:48+00:00\" \/>\n<meta property=\"og:image\" content=\"https:\/\/i0.wp.com\/planitpower.com\/wp-content\/uploads\/2025\/11\/HEIZHS3HT_main_1500x1500.webp?fit=1500%2C1489&ssl=1\" \/>\n\t<meta property=\"og:image:width\" content=\"1500\" \/>\n\t<meta property=\"og:image:height\" content=\"1489\" \/>\n\t<meta property=\"og:image:type\" content=\"image\/webp\" \/>\n<meta name=\"twitter:card\" content=\"summary_large_image\" \/>\n<meta name=\"twitter:label1\" content=\"Dur\u00e9e de lecture estim\u00e9e\" \/>\n\t<meta name=\"twitter:data1\" content=\"1 minute\" \/>\n<script type=\"application\/ld+json\" class=\"yoast-schema-graph\">{\"@context\":\"https:\\\/\\\/schema.org\",\"@graph\":[{\"@type\":\"WebPage\",\"@id\":\"https:\\\/\\\/planitpower.com\\\/shop\\\/heiman-temperature-humidity-sensor-zigbee\\\/\",\"url\":\"https:\\\/\\\/planitpower.com\\\/shop\\\/heiman-temperature-humidity-sensor-zigbee\\\/\",\"name\":\"HEIMAN Temperature & Humidity Sensor Zigbee - Planitpower\",\"isPartOf\":{\"@id\":\"https:\\\/\\\/planitpower.com\\\/#website\"},\"primaryImageOfPage\":{\"@id\":\"https:\\\/\\\/planitpower.com\\\/shop\\\/heiman-temperature-humidity-sensor-zigbee\\\/#primaryimage\"},\"image\":{\"@id\":\"https:\\\/\\\/planitpower.com\\\/shop\\\/heiman-temperature-humidity-sensor-zigbee\\\/#primaryimage\"},\"thumbnailUrl\":\"https:\\\/\\\/i0.wp.com\\\/planitpower.com\\\/wp-content\\\/uploads\\\/2025\\\/11\\\/HEIZHS3HT_main_1500x1500.webp?fit=1500%2C1489&ssl=1\",\"datePublished\":\"2025-11-19T22:42:59+00:00\",\"dateModified\":\"2026-01-30T01:07:48+00:00\",\"description\":\"HEIMAN Temperature & Humidity Sensor Zigbee \u2013 a compact, reliable smart sensor that provides real-time temperature and humidity monitoring for accurate climate control in your smart home.\",\"breadcrumb\":{\"@id\":\"https:\\\/\\\/planitpower.com\\\/shop\\\/heiman-temperature-humidity-sensor-zigbee\\\/#breadcrumb\"},\"inLanguage\":\"fr-FR\",\"potentialAction\":[{\"@type\":\"ReadAction\",\"target\":[\"https:\\\/\\\/planitpower.com\\\/shop\\\/heiman-temperature-humidity-sensor-zigbee\\\/\"]}]},{\"@type\":\"ImageObject\",\"inLanguage\":\"fr-FR\",\"@id\":\"https:\\\/\\\/planitpower.com\\\/shop\\\/heiman-temperature-humidity-sensor-zigbee\\\/#primaryimage\",\"url\":\"https:\\\/\\\/i0.wp.com\\\/planitpower.com\\\/wp-content\\\/uploads\\\/2025\\\/11\\\/HEIZHS3HT_main_1500x1500.webp?fit=1500%2C1489&ssl=1\",\"contentUrl\":\"https:\\\/\\\/i0.wp.com\\\/planitpower.com\\\/wp-content\\\/uploads\\\/2025\\\/11\\\/HEIZHS3HT_main_1500x1500.webp?fit=1500%2C1489&ssl=1\",\"width\":1500,\"height\":1489,\"caption\":\"HEIMAN Temperature & Humidity Sensor Zigbee -planitpower\"},{\"@type\":\"BreadcrumbList\",\"@id\":\"https:\\\/\\\/planitpower.com\\\/shop\\\/heiman-temperature-humidity-sensor-zigbee\\\/#breadcrumb\",\"itemListElement\":[{\"@type\":\"ListItem\",\"position\":1,\"name\":\"Home\",\"item\":\"https:\\\/\\\/planitpower.com\\\/\"},{\"@type\":\"ListItem\",\"position\":2,\"name\":\"SHOP\",\"item\":\"https:\\\/\\\/planitpower.com\\\/shop\\\/\"},{\"@type\":\"ListItem\",\"position\":3,\"name\":\"HEIMAN Temperature &#038; Humidity Sensor Zigbee\"}]},{\"@type\":\"WebSite\",\"@id\":\"https:\\\/\\\/planitpower.com\\\/#website\",\"url\":\"https:\\\/\\\/planitpower.com\\\/\",\"name\":\"Planitpower\",\"description\":\"Inspire energy\",\"publisher\":{\"@id\":\"https:\\\/\\\/planitpower.com\\\/#\\\/schema\\\/person\\\/b531587eda267b930b04174d12de6efa\"},\"potentialAction\":[{\"@type\":\"SearchAction\",\"target\":{\"@type\":\"EntryPoint\",\"urlTemplate\":\"https:\\\/\\\/planitpower.com\\\/?s={search_term_string}\"},\"query-input\":{\"@type\":\"PropertyValueSpecification\",\"valueRequired\":true,\"valueName\":\"search_term_string\"}}],\"inLanguage\":\"fr-FR\"},{\"@type\":[\"Person\",\"Organization\"],\"@id\":\"https:\\\/\\\/planitpower.com\\\/#\\\/schema\\\/person\\\/b531587eda267b930b04174d12de6efa\",\"name\":\"Editorial Team\",\"image\":{\"@type\":\"ImageObject\",\"inLanguage\":\"fr-FR\",\"@id\":\"https:\\\/\\\/i0.wp.com\\\/planitpower.com\\\/wp-content\\\/uploads\\\/2025\\\/12\\\/cropped-planitpower_circle_375x375.png?fit=512%2C512&ssl=1\",\"url\":\"https:\\\/\\\/i0.wp.com\\\/planitpower.com\\\/wp-content\\\/uploads\\\/2025\\\/12\\\/cropped-planitpower_circle_375x375.png?fit=512%2C512&ssl=1\",\"contentUrl\":\"https:\\\/\\\/i0.wp.com\\\/planitpower.com\\\/wp-content\\\/uploads\\\/2025\\\/12\\\/cropped-planitpower_circle_375x375.png?fit=512%2C512&ssl=1\",\"width\":512,\"height\":512,\"caption\":\"Editorial Team\"},\"logo\":{\"@id\":\"https:\\\/\\\/i0.wp.com\\\/planitpower.com\\\/wp-content\\\/uploads\\\/2025\\\/12\\\/cropped-planitpower_circle_375x375.png?fit=512%2C512&ssl=1\"},\"sameAs\":[\"https:\\\/\\\/Planitpower.com\"]}]}<\/script>\n<!-- \/ Yoast SEO plugin. -->","yoast_head_json":{"title":"Capteur de temp\u00e9rature et d&#039;humidit\u00e9 HEIMAN Zigbee - Planitpower","description":"Capteur de temp\u00e9rature et d&#039;humidit\u00e9 HEIMAN Zigbee \u2013 un capteur intelligent compact et fiable qui assure une surveillance en temps r\u00e9el de la temp\u00e9rature et de l&#039;humidit\u00e9 pour un contr\u00f4le pr\u00e9cis du climat dans votre maison intelligente.","robots":{"index":"index","follow":"follow","max-snippet":"max-snippet:-1","max-image-preview":"max-image-preview:large","max-video-preview":"max-video-preview:-1"},"canonical":"https:\/\/planitpower.com\/fr\/boutique\/capteur-de-temperature-et-dhumidite-heiman-zigbee\/","og_locale":"fr_FR","og_type":"article","og_title":"HEIMAN Temperature & Humidity Sensor Zigbee - Planitpower","og_description":"HEIMAN Temperature & Humidity Sensor Zigbee \u2013 a compact, reliable smart sensor that provides real-time temperature and humidity monitoring for accurate climate control in your smart home.","og_url":"https:\/\/planitpower.com\/fr\/boutique\/capteur-de-temperature-et-dhumidite-heiman-zigbee\/","og_site_name":"Planitpower","article_modified_time":"2026-01-30T01:07:48+00:00","og_image":[{"width":1500,"height":1489,"url":"https:\/\/i0.wp.com\/planitpower.com\/wp-content\/uploads\/2025\/11\/HEIZHS3HT_main_1500x1500.webp?fit=1500%2C1489&ssl=1","type":"image\/webp"}],"twitter_card":"summary_large_image","twitter_misc":{"Dur\u00e9e de lecture estim\u00e9e":"1 minute"},"schema":{"@context":"https:\/\/schema.org","@graph":[{"@type":"WebPage","@id":"https:\/\/planitpower.com\/shop\/heiman-temperature-humidity-sensor-zigbee\/","url":"https:\/\/planitpower.com\/shop\/heiman-temperature-humidity-sensor-zigbee\/","name":"Capteur de temp\u00e9rature et d&#039;humidit\u00e9 HEIMAN Zigbee - Planitpower","isPartOf":{"@id":"https:\/\/planitpower.com\/#website"},"primaryImageOfPage":{"@id":"https:\/\/planitpower.com\/shop\/heiman-temperature-humidity-sensor-zigbee\/#primaryimage"},"image":{"@id":"https:\/\/planitpower.com\/shop\/heiman-temperature-humidity-sensor-zigbee\/#primaryimage"},"thumbnailUrl":"https:\/\/i0.wp.com\/planitpower.com\/wp-content\/uploads\/2025\/11\/HEIZHS3HT_main_1500x1500.webp?fit=1500%2C1489&ssl=1","datePublished":"2025-11-19T22:42:59+00:00","dateModified":"2026-01-30T01:07:48+00:00","description":"Capteur de temp\u00e9rature et d&#039;humidit\u00e9 HEIMAN Zigbee \u2013 un capteur intelligent compact et fiable qui assure une surveillance en temps r\u00e9el de la temp\u00e9rature et de l&#039;humidit\u00e9 pour un contr\u00f4le pr\u00e9cis du climat dans votre maison intelligente.","breadcrumb":{"@id":"https:\/\/planitpower.com\/shop\/heiman-temperature-humidity-sensor-zigbee\/#breadcrumb"},"inLanguage":"fr-FR","potentialAction":[{"@type":"ReadAction","target":["https:\/\/planitpower.com\/shop\/heiman-temperature-humidity-sensor-zigbee\/"]}]},{"@type":"ImageObject","inLanguage":"fr-FR","@id":"https:\/\/planitpower.com\/shop\/heiman-temperature-humidity-sensor-zigbee\/#primaryimage","url":"https:\/\/i0.wp.com\/planitpower.com\/wp-content\/uploads\/2025\/11\/HEIZHS3HT_main_1500x1500.webp?fit=1500%2C1489&ssl=1","contentUrl":"https:\/\/i0.wp.com\/planitpower.com\/wp-content\/uploads\/2025\/11\/HEIZHS3HT_main_1500x1500.webp?fit=1500%2C1489&ssl=1","width":1500,"height":1489,"caption":"HEIMAN Temperature & Humidity Sensor Zigbee -planitpower"},{"@type":"BreadcrumbList","@id":"https:\/\/planitpower.com\/shop\/heiman-temperature-humidity-sensor-zigbee\/#breadcrumb","itemListElement":[{"@type":"ListItem","position":1,"name":"Home","item":"https:\/\/planitpower.com\/"},{"@type":"ListItem","position":2,"name":"SHOP","item":"https:\/\/planitpower.com\/shop\/"},{"@type":"ListItem","position":3,"name":"HEIMAN Temperature &#038; Humidity Sensor Zigbee"}]},{"@type":"WebSite","@id":"https:\/\/planitpower.com\/#website","url":"https:\/\/planitpower.com\/","name":"Planitpower","description":"Inspirons l'\u00e9nergie!","publisher":{"@id":"https:\/\/planitpower.com\/#\/schema\/person\/b531587eda267b930b04174d12de6efa"},"potentialAction":[{"@type":"SearchAction","target":{"@type":"EntryPoint","urlTemplate":"https:\/\/planitpower.com\/?s={search_term_string}"},"query-input":{"@type":"PropertyValueSpecification","valueRequired":true,"valueName":"search_term_string"}}],"inLanguage":"fr-FR"},{"@type":["Person","Organization"],"@id":"https:\/\/planitpower.com\/#\/schema\/person\/b531587eda267b930b04174d12de6efa","name":"Equipe \u00e9ditoriale","image":{"@type":"ImageObject","inLanguage":"fr-FR","@id":"https:\/\/i0.wp.com\/planitpower.com\/wp-content\/uploads\/2025\/12\/cropped-planitpower_circle_375x375.png?fit=512%2C512&ssl=1","url":"https:\/\/i0.wp.com\/planitpower.com\/wp-content\/uploads\/2025\/12\/cropped-planitpower_circle_375x375.png?fit=512%2C512&ssl=1","contentUrl":"https:\/\/i0.wp.com\/planitpower.com\/wp-content\/uploads\/2025\/12\/cropped-planitpower_circle_375x375.png?fit=512%2C512&ssl=1","width":512,"height":512,"caption":"Editorial Team"},"logo":{"@id":"https:\/\/i0.wp.com\/planitpower.com\/wp-content\/uploads\/2025\/12\/cropped-planitpower_circle_375x375.png?fit=512%2C512&ssl=1"},"sameAs":["https:\/\/Planitpower.com"]}]}},"jetpack_publicize_connections":[],"jetpack_likes_enabled":true,"jetpack_sharing_enabled":true,"jetpack-related-posts":[{"id":4751,"url":"https:\/\/planitpower.com\/fr\/boutique\/capteur-de-gaz-heiman-zigbee\/","url_meta":{"origin":4756,"position":0},"title":"HEIMAN Capteur de gaz Zigbee","author":"Editorial Team","date":"19\/11\/2025","format":false,"excerpt":"Main Features Seamless Zigbee 3.0 connectivity: integrates with a wide range of Zigbee-compatible hubs and platforms. Detects various combustible gases (e.g., natural gas, LPG\/coal gas) in indoor areas, helping to reduce risk of undetected leaks. Mains-powered AC 100-240 V: supports continuous monitoring without need for battery swap. Internal buzzer alarm\u2026","rel":"","context":"Article similaire","block_context":{"text":"Article similaire","link":""},"img":{"alt_text":"HEIMAN Gas Sensor Zigbee - planitpower","src":"https:\/\/i0.wp.com\/planitpower.com\/wp-content\/uploads\/2025\/11\/HEIZHS1CG_main_1500x1500.webp?fit=1200%2C1200&ssl=1&resize=350%2C200","width":350,"height":200,"srcset":"https:\/\/i0.wp.com\/planitpower.com\/wp-content\/uploads\/2025\/11\/HEIZHS1CG_main_1500x1500.webp?fit=1200%2C1200&ssl=1&resize=350%2C200 1x, https:\/\/i0.wp.com\/planitpower.com\/wp-content\/uploads\/2025\/11\/HEIZHS1CG_main_1500x1500.webp?fit=1200%2C1200&ssl=1&resize=525%2C300 1.5x, https:\/\/i0.wp.com\/planitpower.com\/wp-content\/uploads\/2025\/11\/HEIZHS1CG_main_1500x1500.webp?fit=1200%2C1200&ssl=1&resize=700%2C400 2x, https:\/\/i0.wp.com\/planitpower.com\/wp-content\/uploads\/2025\/11\/HEIZHS1CG_main_1500x1500.webp?fit=1200%2C1200&ssl=1&resize=1050%2C600 3x"},"classes":[]},{"id":5011,"url":"https:\/\/planitpower.com\/fr\/boutique\/sirene-interieure-heiman-zigbee\/","url_meta":{"origin":4756,"position":1},"title":"Sir\u00e8ne int\u00e9rieure HEIMAN Zigbee","author":"Editorial Team","date":"23\/11\/2025","format":false,"excerpt":"Main features High-volume alarm output: up to 95 dB at 1 metre, making intrusion or hazard alerts clearly audible. Bright visual indicator: red flashing LED to accompany sound alarm, helping draw attention even in noisy environments. Backup battery built-in: ensures the siren remains active when mains power fails or if\u2026","rel":"","context":"Article similaire","block_context":{"text":"Article similaire","link":""},"img":{"alt_text":"HEIMAN Indoor Siren Zigbee - planitpower","src":"https:\/\/i0.wp.com\/planitpower.com\/wp-content\/uploads\/2025\/11\/HEIZHS2WD_main_1500x1500.webp?fit=1193%2C1200&ssl=1&resize=350%2C200","width":350,"height":200,"srcset":"https:\/\/i0.wp.com\/planitpower.com\/wp-content\/uploads\/2025\/11\/HEIZHS2WD_main_1500x1500.webp?fit=1193%2C1200&ssl=1&resize=350%2C200 1x, https:\/\/i0.wp.com\/planitpower.com\/wp-content\/uploads\/2025\/11\/HEIZHS2WD_main_1500x1500.webp?fit=1193%2C1200&ssl=1&resize=525%2C300 1.5x, https:\/\/i0.wp.com\/planitpower.com\/wp-content\/uploads\/2025\/11\/HEIZHS2WD_main_1500x1500.webp?fit=1193%2C1200&ssl=1&resize=700%2C400 2x, https:\/\/i0.wp.com\/planitpower.com\/wp-content\/uploads\/2025\/11\/HEIZHS2WD_main_1500x1500.webp?fit=1193%2C1200&ssl=1&resize=1050%2C600 3x"},"classes":[]},{"id":4484,"url":"https:\/\/planitpower.com\/fr\/boutique\/aqara-climate-sensor-w100\/","url_meta":{"origin":4756,"position":2},"title":"Capteur climatique Aqara W100","author":"Editorial Team","date":"14\/11\/2025","format":false,"excerpt":"Main features High-precision sensor: Provides temperature accuracy of \u00b10.2 \u00b0C and humidity accuracy of \u00b12 % RH, ensuring reliable climate data for your living space, stored items or sensitive environments. Large LCD display: The 3.4-inch screen shows up-to-date temperature and humidity readings at a glance, delivering clarity and convenience. Dual-protocol\u2026","rel":"","context":"Article similaire","block_context":{"text":"Article similaire","link":""},"img":{"alt_text":"Aqara Climate Sensor W100 - planitpower - 1","src":"https:\/\/i0.wp.com\/planitpower.com\/wp-content\/uploads\/2025\/11\/Climate-sensor-W100-offline.webp?fit=1200%2C1200&ssl=1&resize=350%2C200","width":350,"height":200,"srcset":"https:\/\/i0.wp.com\/planitpower.com\/wp-content\/uploads\/2025\/11\/Climate-sensor-W100-offline.webp?fit=1200%2C1200&ssl=1&resize=350%2C200 1x, https:\/\/i0.wp.com\/planitpower.com\/wp-content\/uploads\/2025\/11\/Climate-sensor-W100-offline.webp?fit=1200%2C1200&ssl=1&resize=525%2C300 1.5x, https:\/\/i0.wp.com\/planitpower.com\/wp-content\/uploads\/2025\/11\/Climate-sensor-W100-offline.webp?fit=1200%2C1200&ssl=1&resize=700%2C400 2x, https:\/\/i0.wp.com\/planitpower.com\/wp-content\/uploads\/2025\/11\/Climate-sensor-W100-offline.webp?fit=1200%2C1200&ssl=1&resize=1050%2C600 3x"},"classes":[]},{"id":5766,"url":"https:\/\/planitpower.com\/fr\/boutique\/capteur-de-presence-multi-capteur-aqara-fp300\/","url_meta":{"origin":4756,"position":3},"title":"Capteur multi-positions Aqara Presence FP300","author":"Editorial Team","date":"25\/12\/2025","format":false,"excerpt":"\u00a0 Main Features Advanced Presence Detection: Combines PIR motion sensing with 60 GHz mmWave radar and AI processing to accurately detect human presence, even with minimal movement. 5-in-1 Sensor Functionality: Detects presence, motion, ambient light levels, temperature, and humidity in a single compact device. Dual Wireless Protocol Support: Compatible with\u2026","rel":"","context":"Article similaire","block_context":{"text":"Article similaire","link":""},"img":{"alt_text":"aqara Presence Multi-Sensor FP300 - planitpower - 1","src":"https:\/\/i0.wp.com\/planitpower.com\/wp-content\/uploads\/2025\/12\/aqara-presence-multi-sensor-fp300-ps-s04d-2-1762438580923.webp?fit=1000%2C1000&ssl=1&resize=350%2C200","width":350,"height":200,"srcset":"https:\/\/i0.wp.com\/planitpower.com\/wp-content\/uploads\/2025\/12\/aqara-presence-multi-sensor-fp300-ps-s04d-2-1762438580923.webp?fit=1000%2C1000&ssl=1&resize=350%2C200 1x, https:\/\/i0.wp.com\/planitpower.com\/wp-content\/uploads\/2025\/12\/aqara-presence-multi-sensor-fp300-ps-s04d-2-1762438580923.webp?fit=1000%2C1000&ssl=1&resize=525%2C300 1.5x, https:\/\/i0.wp.com\/planitpower.com\/wp-content\/uploads\/2025\/12\/aqara-presence-multi-sensor-fp300-ps-s04d-2-1762438580923.webp?fit=1000%2C1000&ssl=1&resize=700%2C400 2x"},"classes":[]},{"id":4430,"url":"https:\/\/planitpower.com\/fr\/boutique\/capteur-de-temperature-et-dhumidite-aqara-t1\/","url_meta":{"origin":4756,"position":4},"title":"Capteur de temp\u00e9rature et d'humidit\u00e9 Aqara T1","author":"Editorial Team","date":"13\/11\/2025","format":false,"excerpt":"Main Features Real-time monitoring of temperature, humidity and atmospheric pressure, giving you a comprehensive picture of indoor conditions. High precision readings thanks to an industrial-grade sensor: temperature accuracy of \u00b10.3 \u00b0C and humidity accuracy of \u00b13%. Utilises Zigbee 3.0 wireless protocol for stable communication with the compatible hub. Long battery\u2026","rel":"","context":"Article similaire","block_context":{"text":"Article similaire","link":""},"img":{"alt_text":"Aqara Temperature and Humidity Sensor T1 - planitpower - 1","src":"https:\/\/i0.wp.com\/planitpower.com\/wp-content\/uploads\/2025\/11\/Temperature-and-Humidty-Sensor-T1_1920x1920.jpg?fit=1000%2C1000&ssl=1&resize=350%2C200","width":350,"height":200,"srcset":"https:\/\/i0.wp.com\/planitpower.com\/wp-content\/uploads\/2025\/11\/Temperature-and-Humidty-Sensor-T1_1920x1920.jpg?fit=1000%2C1000&ssl=1&resize=350%2C200 1x, https:\/\/i0.wp.com\/planitpower.com\/wp-content\/uploads\/2025\/11\/Temperature-and-Humidty-Sensor-T1_1920x1920.jpg?fit=1000%2C1000&ssl=1&resize=525%2C300 1.5x, https:\/\/i0.wp.com\/planitpower.com\/wp-content\/uploads\/2025\/11\/Temperature-and-Humidty-Sensor-T1_1920x1920.jpg?fit=1000%2C1000&ssl=1&resize=700%2C400 2x"},"classes":[]},{"id":4543,"url":"https:\/\/planitpower.com\/fr\/boutique\/capteur-de-porte-et-de-fenetre-aqara-t1\/","url_meta":{"origin":4756,"position":5},"title":"Capteur de porte et fen\u00eatre Aqara T1","author":"Editorial Team","date":"15\/11\/2025","format":false,"excerpt":"Main Features Supports Zigbee 3.0 for reliable wireless communication and compatibility with modern smart home hubs. Detects the open\/closed status of doors or windows via magnet distance measurement, enabling precise monitoring and smart-automation triggers. Long battery life: uses a CR1632 coin cell battery and is energy-efficient, lasting over two years\u2026","rel":"","context":"Article similaire","block_context":{"text":"Article similaire","link":""},"img":{"alt_text":"Aqara Door and Window Sensor T1 - planitpower - 1","src":"https:\/\/i0.wp.com\/planitpower.com\/wp-content\/uploads\/2025\/11\/Door-and-window-Sensor-T1_1920x1920.jpg?fit=1000%2C1000&ssl=1&resize=350%2C200","width":350,"height":200,"srcset":"https:\/\/i0.wp.com\/planitpower.com\/wp-content\/uploads\/2025\/11\/Door-and-window-Sensor-T1_1920x1920.jpg?fit=1000%2C1000&ssl=1&resize=350%2C200 1x, https:\/\/i0.wp.com\/planitpower.com\/wp-content\/uploads\/2025\/11\/Door-and-window-Sensor-T1_1920x1920.jpg?fit=1000%2C1000&ssl=1&resize=525%2C300 1.5x, https:\/\/i0.wp.com\/planitpower.com\/wp-content\/uploads\/2025\/11\/Door-and-window-Sensor-T1_1920x1920.jpg?fit=1000%2C1000&ssl=1&resize=700%2C400 2x"},"classes":[]}],"_links":{"self":[{"href":"https:\/\/planitpower.com\/fr\/wp-json\/wp\/v2\/product\/4756","targetHints":{"allow":["GET"]}}],"collection":[{"href":"https:\/\/planitpower.com\/fr\/wp-json\/wp\/v2\/product"}],"about":[{"href":"https:\/\/planitpower.com\/fr\/wp-json\/wp\/v2\/types\/product"}],"replies":[{"embeddable":true,"href":"https:\/\/planitpower.com\/fr\/wp-json\/wp\/v2\/comments?post=4756"}],"version-history":[{"count":1,"href":"https:\/\/planitpower.com\/fr\/wp-json\/wp\/v2\/product\/4756\/revisions"}],"predecessor-version":[{"id":6032,"href":"https:\/\/planitpower.com\/fr\/wp-json\/wp\/v2\/product\/4756\/revisions\/6032"}],"wp:featuredmedia":[{"embeddable":true,"href":"https:\/\/planitpower.com\/fr\/wp-json\/wp\/v2\/media\/4758"}],"wp:attachment":[{"href":"https:\/\/planitpower.com\/fr\/wp-json\/wp\/v2\/media?parent=4756"}],"wp:term":[{"taxonomy":"product_brand","embeddable":true,"href":"https:\/\/planitpower.com\/fr\/wp-json\/wp\/v2\/product_brand?post=4756"},{"taxonomy":"product_cat","embeddable":true,"href":"https:\/\/planitpower.com\/fr\/wp-json\/wp\/v2\/product_cat?post=4756"},{"taxonomy":"product_tag","embeddable":true,"href":"https:\/\/planitpower.com\/fr\/wp-json\/wp\/v2\/product_tag?post=4756"}],"curies":[{"name":"wp","href":"https:\/\/api.w.org\/{rel}","templated":true}]}}