{"id":4761,"date":"2025-11-19T23:55:04","date_gmt":"2025-11-19T23:55:04","guid":{"rendered":"https:\/\/planitpower.com\/?post_type=product&#038;p=4761"},"modified":"2026-01-29T23:59:59","modified_gmt":"2026-01-29T23:59:59","slug":"aeotec-multisensor-7","status":"publish","type":"product","link":"https:\/\/planitpower.com\/fr\/boutique\/aeotec-multisensor-7\/","title":{"rendered":"Aeotec MultiSensor 7"},"content":{"rendered":"<h2 class=\"wp-block-heading\"><strong>Description<\/strong><\/h2>\n\n\n\n<p>Le MultiSensor 7 d'Aeotec est un capteur Z-Wave avanc\u00e9 et polyvalent con\u00e7u pour donner \u00e0 votre maison intelligente des informations pr\u00e9cises et en temps r\u00e9el sur l'environnement. Compact et discret, il int\u00e8gre sept capteurs essentiels - mouvement, temp\u00e9rature, humidit\u00e9, lumi\u00e8re ambiante, UV, vibration et d\u00e9tection d'ouverture et de fermeture - ce qui en fait l'un des capteurs pour maison intelligente les plus complets du march\u00e9.<\/p>\n\n\n\n<p>Construit avec la derni\u00e8re technologie Z-Wave, il assure une communication rapide, une port\u00e9e am\u00e9lior\u00e9e et une s\u00e9curit\u00e9 robuste pour une int\u00e9gration transparente avec les principaux hubs de maison intelligente. Qu'il soit utilis\u00e9 pour l'\u00e9clairage intelligent, les \u00e9conomies d'\u00e9nergie, les alertes de s\u00e9curit\u00e9 ou l'optimisation du climat, le MultiSensor 7 apporte une pr\u00e9cision et une fiabilit\u00e9 exceptionnelles aux environnements intelligents modernes. Ses options d'installation flexibles (montage mural, en angle, encastr\u00e9 ou au plafond) lui permettent de s'int\u00e9grer parfaitement dans n'importe quelle pi\u00e8ce tout en surveillant en permanence le confort et la s\u00e9curit\u00e9 de votre maison.<\/p>\n\n\n\n<h2 class=\"wp-block-heading\"><strong>Sp\u00e9cifications techniques<\/strong><\/h2>\n\n\n\n<figure class=\"wp-block-table\"><table class=\"has-fixed-layout\"><thead><tr><th><strong>Sp\u00e9cifications<\/strong><\/th><th><strong>D\u00e9tails<\/strong><\/th><\/tr><\/thead><tbody><tr><td><strong>Technologie Z-Wave<\/strong><\/td><td>Z-Wave s\u00e9rie 800<\/td><\/tr><tr><td><strong>Capteurs inclus<\/strong><\/td><td>Mouvement, temp\u00e9rature, humidit\u00e9, lumi\u00e8re (lux), UV, vibration, ouverture\/fermeture<\/td><\/tr><tr><td><strong>Plage de d\u00e9tection des mouvements<\/strong><\/td><td>Jusqu'\u00e0 environ 10 m<\/td><\/tr><tr><td><strong>Champ de vision du mouvement<\/strong><\/td><td>Environ 120\u00b0.<\/td><\/tr><tr><td><strong>Mesure de la temp\u00e9rature<\/strong><\/td><td>Capteur de temp\u00e9rature num\u00e9rique de haute pr\u00e9cision<\/td><\/tr><tr><td><strong>Mesure de l'humidit\u00e9<\/strong><\/td><td>Capteur d'humidit\u00e9 num\u00e9rique<\/td><\/tr><tr><td><strong>Mesure de la lumi\u00e8re<\/strong><\/td><td>Lumi\u00e8re ambiante en lux<\/td><\/tr><tr><td><strong>Mesure des UV<\/strong><\/td><td>Contr\u00f4le de l'intensit\u00e9 des UV<\/td><\/tr><tr><td><strong>Capteur de vibration<\/strong><\/td><td>D\u00e9tection de sabotage et de vibration int\u00e9gr\u00e9e<\/td><\/tr><tr><td><strong>Options d'alimentation<\/strong><\/td><td>2\u00d7 piles ou alimentation USB<\/td><\/tr><tr><td><strong>Port\u00e9e sans fil<\/strong><\/td><td>Port\u00e9e accrue gr\u00e2ce \u00e0 l'architecture de la s\u00e9rie Z-Wave 800<\/td><\/tr><tr><td><strong>S\u00e9curit\u00e9<\/strong><\/td><td>S\u00e9curit\u00e9 Z-Wave S2<\/td><\/tr><tr><td><strong>Options d'installation<\/strong><\/td><td>Montage mural, en angle, au plafond, encastr\u00e9<\/td><\/tr><tr><td><strong>Compatibilit\u00e9<\/strong><\/td><td>Fonctionne avec les principales passerelles et syst\u00e8mes d'automatisation Z-Wave<\/td><\/tr><tr><td><strong>Mises \u00e0 jour des microprogrammes<\/strong><\/td><td>Prise en charge OTA (Over-The-Air)<\/td><\/tr><\/tbody><\/table><\/figure>","protected":false},"excerpt":{"rendered":"<h2 data-start=\"1191\" data-end=\"1213\"><strong data-start=\"1194\" data-end=\"1211\">Caract\u00e9ristiques principales<\/strong><\/h2>\n<ul data-start=\"1214\" data-end=\"2035\">\n<li data-start=\"1214\" data-end=\"1369\">\n<p data-start=\"1216\" data-end=\"1369\"><strong data-start=\"1216\" data-end=\"1241\">7 capteurs dans 1 appareil<\/strong> offrant une d\u00e9tection des mouvements, de la temp\u00e9rature, de l'humidit\u00e9, de la lumi\u00e8re, des UV, des vibrations et de l'ouverture\/fermeture pour une surveillance compl\u00e8te de l'environnement.<\/p>\n<\/li>\n<li data-start=\"1370\" data-end=\"1493\">\n<p data-start=\"1372\" data-end=\"1493\"><strong data-start=\"1372\" data-end=\"1404\">Technologie Z-Wave s\u00e9rie 800<\/strong> offrant une port\u00e9e sans fil \u00e9tendue, une faible consommation d'\u00e9nergie et une meilleure s\u00e9curit\u00e9 des donn\u00e9es.<\/p>\n<\/li>\n<li data-start=\"1494\" data-end=\"1627\">\n<p data-start=\"1496\" data-end=\"1627\"><strong data-start=\"1496\" data-end=\"1532\">D\u00e9tection de mouvement tr\u00e8s pr\u00e9cise<\/strong> avec des temps de r\u00e9ponse rapides adapt\u00e9s \u00e0 l'automatisation de l'\u00e9clairage et aux \u00e9conomies d'\u00e9nergie bas\u00e9es sur l'occupation.<\/p>\n<\/li>\n<li data-start=\"1628\" data-end=\"1738\">\n<p data-start=\"1630\" data-end=\"1738\"><strong data-start=\"1630\" data-end=\"1668\">Installation compacte et polyvalente<\/strong> supporte plusieurs positions de montage pour une couverture optimale du capteur.<\/p>\n<\/li>\n<li data-start=\"1739\" data-end=\"1808\">\n<p data-start=\"1741\" data-end=\"1808\"><strong data-start=\"1741\" data-end=\"1767\">Alimentation par piles ou USB<\/strong> pour un fonctionnement souple et continu.<\/p>\n<\/li>\n<li data-start=\"1809\" data-end=\"1909\">\n<p data-start=\"1811\" data-end=\"1909\"><strong data-start=\"1811\" data-end=\"1837\">Conception n\u00e9cessitant peu d'entretien<\/strong> avec une longue dur\u00e9e de vie de la batterie et des mises \u00e0 jour du micrologiciel pour am\u00e9liorer les performances.<\/p>\n<\/li>\n<li data-start=\"1910\" data-end=\"2035\">\n<p data-start=\"1912\" data-end=\"2035\"><strong data-start=\"1912\" data-end=\"1951\">Optimis\u00e9 pour la domotique intelligente<\/strong> et compatible avec les principales passerelles, contr\u00f4leurs et plateformes d'automatisation Z-Wave.<\/p>\n<\/li>\n<\/ul>","protected":false},"featured_media":4764,"comment_status":"open","ping_status":"closed","template":"","meta":{"jetpack_post_was_ever_published":false,"jetpack_publicize_message":"","jetpack_publicize_feature_enabled":false,"jetpack_social_post_already_shared":false,"jetpack_social_options":{"image_generator_settings":{"template":"highway","default_image_id":0,"font":"","enabled":false},"version":2}},"product_brand":[150],"product_cat":[134],"product_tag":[],"class_list":{"0":"post-4761","1":"product","2":"type-product","3":"status-publish","4":"has-post-thumbnail","6":"product_brand-aeotec","7":"product_cat-smart-sensors","9":"first","10":"instock","11":"taxable","12":"shipping-taxable","13":"purchasable","14":"product-type-simple"},"yoast_head":"<!-- This site is optimized with the Yoast SEO plugin v27.3 - https:\/\/yoast.com\/product\/yoast-seo-wordpress\/ -->\n<title>Aeotec MultiSensor 7 - Planitpower<\/title>\n<meta name=\"description\" content=\"Aeotec MultiSensor 7 \u2014 a compact 7-in-1 Z-Wave sensor providing precise motion, temperature, humidity, light, UV, vibration, and open-close detection for smarter and more efficient home automation.\" \/>\n<meta name=\"robots\" content=\"index, follow, max-snippet:-1, max-image-preview:large, max-video-preview:-1\" \/>\n<link rel=\"canonical\" href=\"https:\/\/planitpower.com\/fr\/boutique\/aeotec-multisensor-7\/\" \/>\n<meta property=\"og:locale\" content=\"fr_FR\" \/>\n<meta property=\"og:type\" content=\"article\" \/>\n<meta property=\"og:title\" content=\"Aeotec MultiSensor 7 - Planitpower\" \/>\n<meta property=\"og:description\" content=\"Aeotec MultiSensor 7 \u2014 a compact 7-in-1 Z-Wave sensor providing precise motion, temperature, humidity, light, UV, vibration, and open-close detection for smarter and more efficient home automation.\" \/>\n<meta property=\"og:url\" content=\"https:\/\/planitpower.com\/fr\/boutique\/aeotec-multisensor-7\/\" \/>\n<meta property=\"og:site_name\" content=\"Planitpower\" \/>\n<meta property=\"article:modified_time\" content=\"2026-01-29T23:59:59+00:00\" \/>\n<meta property=\"og:image\" content=\"https:\/\/i0.wp.com\/planitpower.com\/wp-content\/uploads\/2025\/11\/Aeotec-MultiSensor-7-packaging-1220000016873-1500-1500px.webp?fit=1500%2C1500&ssl=1\" \/>\n\t<meta property=\"og:image:width\" content=\"1500\" \/>\n\t<meta property=\"og:image:height\" content=\"1500\" \/>\n\t<meta property=\"og:image:type\" content=\"image\/webp\" \/>\n<meta name=\"twitter:card\" content=\"summary_large_image\" \/>\n<meta name=\"twitter:label1\" content=\"Dur\u00e9e de lecture estim\u00e9e\" \/>\n\t<meta name=\"twitter:data1\" content=\"2 minutes\" \/>\n<script type=\"application\/ld+json\" class=\"yoast-schema-graph\">{\"@context\":\"https:\\\/\\\/schema.org\",\"@graph\":[{\"@type\":\"WebPage\",\"@id\":\"https:\\\/\\\/planitpower.com\\\/shop\\\/aeotec-multisensor-7\\\/\",\"url\":\"https:\\\/\\\/planitpower.com\\\/shop\\\/aeotec-multisensor-7\\\/\",\"name\":\"Aeotec MultiSensor 7 - Planitpower\",\"isPartOf\":{\"@id\":\"https:\\\/\\\/planitpower.com\\\/#website\"},\"primaryImageOfPage\":{\"@id\":\"https:\\\/\\\/planitpower.com\\\/shop\\\/aeotec-multisensor-7\\\/#primaryimage\"},\"image\":{\"@id\":\"https:\\\/\\\/planitpower.com\\\/shop\\\/aeotec-multisensor-7\\\/#primaryimage\"},\"thumbnailUrl\":\"https:\\\/\\\/i0.wp.com\\\/planitpower.com\\\/wp-content\\\/uploads\\\/2025\\\/11\\\/Aeotec-MultiSensor-7-packaging-1220000016873-1500-1500px.webp?fit=1500%2C1500&ssl=1\",\"datePublished\":\"2025-11-19T23:55:04+00:00\",\"dateModified\":\"2026-01-29T23:59:59+00:00\",\"description\":\"Aeotec MultiSensor 7 \u2014 a compact 7-in-1 Z-Wave sensor providing precise motion, temperature, humidity, light, UV, vibration, and open-close detection for smarter and more efficient home automation.\",\"breadcrumb\":{\"@id\":\"https:\\\/\\\/planitpower.com\\\/shop\\\/aeotec-multisensor-7\\\/#breadcrumb\"},\"inLanguage\":\"fr-FR\",\"potentialAction\":[{\"@type\":\"ReadAction\",\"target\":[\"https:\\\/\\\/planitpower.com\\\/shop\\\/aeotec-multisensor-7\\\/\"]}]},{\"@type\":\"ImageObject\",\"inLanguage\":\"fr-FR\",\"@id\":\"https:\\\/\\\/planitpower.com\\\/shop\\\/aeotec-multisensor-7\\\/#primaryimage\",\"url\":\"https:\\\/\\\/i0.wp.com\\\/planitpower.com\\\/wp-content\\\/uploads\\\/2025\\\/11\\\/Aeotec-MultiSensor-7-packaging-1220000016873-1500-1500px.webp?fit=1500%2C1500&ssl=1\",\"contentUrl\":\"https:\\\/\\\/i0.wp.com\\\/planitpower.com\\\/wp-content\\\/uploads\\\/2025\\\/11\\\/Aeotec-MultiSensor-7-packaging-1220000016873-1500-1500px.webp?fit=1500%2C1500&ssl=1\",\"width\":1500,\"height\":1500,\"caption\":\"Aeotec MultiSensor 7 -planitpower - 1\"},{\"@type\":\"BreadcrumbList\",\"@id\":\"https:\\\/\\\/planitpower.com\\\/shop\\\/aeotec-multisensor-7\\\/#breadcrumb\",\"itemListElement\":[{\"@type\":\"ListItem\",\"position\":1,\"name\":\"Home\",\"item\":\"https:\\\/\\\/planitpower.com\\\/\"},{\"@type\":\"ListItem\",\"position\":2,\"name\":\"SHOP\",\"item\":\"https:\\\/\\\/planitpower.com\\\/shop\\\/\"},{\"@type\":\"ListItem\",\"position\":3,\"name\":\"Aeotec MultiSensor 7\"}]},{\"@type\":\"WebSite\",\"@id\":\"https:\\\/\\\/planitpower.com\\\/#website\",\"url\":\"https:\\\/\\\/planitpower.com\\\/\",\"name\":\"Planitpower\",\"description\":\"Inspire energy\",\"publisher\":{\"@id\":\"https:\\\/\\\/planitpower.com\\\/#\\\/schema\\\/person\\\/b531587eda267b930b04174d12de6efa\"},\"potentialAction\":[{\"@type\":\"SearchAction\",\"target\":{\"@type\":\"EntryPoint\",\"urlTemplate\":\"https:\\\/\\\/planitpower.com\\\/?s={search_term_string}\"},\"query-input\":{\"@type\":\"PropertyValueSpecification\",\"valueRequired\":true,\"valueName\":\"search_term_string\"}}],\"inLanguage\":\"fr-FR\"},{\"@type\":[\"Person\",\"Organization\"],\"@id\":\"https:\\\/\\\/planitpower.com\\\/#\\\/schema\\\/person\\\/b531587eda267b930b04174d12de6efa\",\"name\":\"Editorial Team\",\"image\":{\"@type\":\"ImageObject\",\"inLanguage\":\"fr-FR\",\"@id\":\"https:\\\/\\\/i0.wp.com\\\/planitpower.com\\\/wp-content\\\/uploads\\\/2025\\\/12\\\/cropped-planitpower_circle_375x375.png?fit=512%2C512&ssl=1\",\"url\":\"https:\\\/\\\/i0.wp.com\\\/planitpower.com\\\/wp-content\\\/uploads\\\/2025\\\/12\\\/cropped-planitpower_circle_375x375.png?fit=512%2C512&ssl=1\",\"contentUrl\":\"https:\\\/\\\/i0.wp.com\\\/planitpower.com\\\/wp-content\\\/uploads\\\/2025\\\/12\\\/cropped-planitpower_circle_375x375.png?fit=512%2C512&ssl=1\",\"width\":512,\"height\":512,\"caption\":\"Editorial Team\"},\"logo\":{\"@id\":\"https:\\\/\\\/i0.wp.com\\\/planitpower.com\\\/wp-content\\\/uploads\\\/2025\\\/12\\\/cropped-planitpower_circle_375x375.png?fit=512%2C512&ssl=1\"},\"sameAs\":[\"https:\\\/\\\/Planitpower.com\"]}]}<\/script>\n<!-- \/ Yoast SEO plugin. -->","yoast_head_json":{"title":"Aeotec MultiSensor 7 - Planitpower","description":"Aeotec MultiSensor 7 - un capteur Z-Wave compact 7-en-1 offrant une d\u00e9tection pr\u00e9cise des mouvements, de la temp\u00e9rature, de l'humidit\u00e9, de la lumi\u00e8re, des UV, des vibrations et de l'ouverture\/fermeture pour une domotique plus intelligente et plus efficace.","robots":{"index":"index","follow":"follow","max-snippet":"max-snippet:-1","max-image-preview":"max-image-preview:large","max-video-preview":"max-video-preview:-1"},"canonical":"https:\/\/planitpower.com\/fr\/boutique\/aeotec-multisensor-7\/","og_locale":"fr_FR","og_type":"article","og_title":"Aeotec MultiSensor 7 - Planitpower","og_description":"Aeotec MultiSensor 7 \u2014 a compact 7-in-1 Z-Wave sensor providing precise motion, temperature, humidity, light, UV, vibration, and open-close detection for smarter and more efficient home automation.","og_url":"https:\/\/planitpower.com\/fr\/boutique\/aeotec-multisensor-7\/","og_site_name":"Planitpower","article_modified_time":"2026-01-29T23:59:59+00:00","og_image":[{"width":1500,"height":1500,"url":"https:\/\/i0.wp.com\/planitpower.com\/wp-content\/uploads\/2025\/11\/Aeotec-MultiSensor-7-packaging-1220000016873-1500-1500px.webp?fit=1500%2C1500&ssl=1","type":"image\/webp"}],"twitter_card":"summary_large_image","twitter_misc":{"Dur\u00e9e de lecture estim\u00e9e":"2 minutes"},"schema":{"@context":"https:\/\/schema.org","@graph":[{"@type":"WebPage","@id":"https:\/\/planitpower.com\/shop\/aeotec-multisensor-7\/","url":"https:\/\/planitpower.com\/shop\/aeotec-multisensor-7\/","name":"Aeotec MultiSensor 7 - Planitpower","isPartOf":{"@id":"https:\/\/planitpower.com\/#website"},"primaryImageOfPage":{"@id":"https:\/\/planitpower.com\/shop\/aeotec-multisensor-7\/#primaryimage"},"image":{"@id":"https:\/\/planitpower.com\/shop\/aeotec-multisensor-7\/#primaryimage"},"thumbnailUrl":"https:\/\/i0.wp.com\/planitpower.com\/wp-content\/uploads\/2025\/11\/Aeotec-MultiSensor-7-packaging-1220000016873-1500-1500px.webp?fit=1500%2C1500&ssl=1","datePublished":"2025-11-19T23:55:04+00:00","dateModified":"2026-01-29T23:59:59+00:00","description":"Aeotec MultiSensor 7 - un capteur Z-Wave compact 7-en-1 offrant une d\u00e9tection pr\u00e9cise des mouvements, de la temp\u00e9rature, de l'humidit\u00e9, de la lumi\u00e8re, des UV, des vibrations et de l'ouverture\/fermeture pour une domotique plus intelligente et plus efficace.","breadcrumb":{"@id":"https:\/\/planitpower.com\/shop\/aeotec-multisensor-7\/#breadcrumb"},"inLanguage":"fr-FR","potentialAction":[{"@type":"ReadAction","target":["https:\/\/planitpower.com\/shop\/aeotec-multisensor-7\/"]}]},{"@type":"ImageObject","inLanguage":"fr-FR","@id":"https:\/\/planitpower.com\/shop\/aeotec-multisensor-7\/#primaryimage","url":"https:\/\/i0.wp.com\/planitpower.com\/wp-content\/uploads\/2025\/11\/Aeotec-MultiSensor-7-packaging-1220000016873-1500-1500px.webp?fit=1500%2C1500&ssl=1","contentUrl":"https:\/\/i0.wp.com\/planitpower.com\/wp-content\/uploads\/2025\/11\/Aeotec-MultiSensor-7-packaging-1220000016873-1500-1500px.webp?fit=1500%2C1500&ssl=1","width":1500,"height":1500,"caption":"Aeotec MultiSensor 7 -planitpower - 1"},{"@type":"BreadcrumbList","@id":"https:\/\/planitpower.com\/shop\/aeotec-multisensor-7\/#breadcrumb","itemListElement":[{"@type":"ListItem","position":1,"name":"Home","item":"https:\/\/planitpower.com\/"},{"@type":"ListItem","position":2,"name":"SHOP","item":"https:\/\/planitpower.com\/shop\/"},{"@type":"ListItem","position":3,"name":"Aeotec MultiSensor 7"}]},{"@type":"WebSite","@id":"https:\/\/planitpower.com\/#website","url":"https:\/\/planitpower.com\/","name":"Planitpower","description":"Inspirons l'\u00e9nergie!","publisher":{"@id":"https:\/\/planitpower.com\/#\/schema\/person\/b531587eda267b930b04174d12de6efa"},"potentialAction":[{"@type":"SearchAction","target":{"@type":"EntryPoint","urlTemplate":"https:\/\/planitpower.com\/?s={search_term_string}"},"query-input":{"@type":"PropertyValueSpecification","valueRequired":true,"valueName":"search_term_string"}}],"inLanguage":"fr-FR"},{"@type":["Person","Organization"],"@id":"https:\/\/planitpower.com\/#\/schema\/person\/b531587eda267b930b04174d12de6efa","name":"Equipe \u00e9ditoriale","image":{"@type":"ImageObject","inLanguage":"fr-FR","@id":"https:\/\/i0.wp.com\/planitpower.com\/wp-content\/uploads\/2025\/12\/cropped-planitpower_circle_375x375.png?fit=512%2C512&ssl=1","url":"https:\/\/i0.wp.com\/planitpower.com\/wp-content\/uploads\/2025\/12\/cropped-planitpower_circle_375x375.png?fit=512%2C512&ssl=1","contentUrl":"https:\/\/i0.wp.com\/planitpower.com\/wp-content\/uploads\/2025\/12\/cropped-planitpower_circle_375x375.png?fit=512%2C512&ssl=1","width":512,"height":512,"caption":"Editorial Team"},"logo":{"@id":"https:\/\/i0.wp.com\/planitpower.com\/wp-content\/uploads\/2025\/12\/cropped-planitpower_circle_375x375.png?fit=512%2C512&ssl=1"},"sameAs":["https:\/\/Planitpower.com"]}]}},"jetpack_publicize_connections":[],"jetpack_likes_enabled":true,"jetpack_sharing_enabled":true,"jetpack-related-posts":[],"_links":{"self":[{"href":"https:\/\/planitpower.com\/fr\/wp-json\/wp\/v2\/product\/4761","targetHints":{"allow":["GET"]}}],"collection":[{"href":"https:\/\/planitpower.com\/fr\/wp-json\/wp\/v2\/product"}],"about":[{"href":"https:\/\/planitpower.com\/fr\/wp-json\/wp\/v2\/types\/product"}],"replies":[{"embeddable":true,"href":"https:\/\/planitpower.com\/fr\/wp-json\/wp\/v2\/comments?post=4761"}],"version-history":[{"count":1,"href":"https:\/\/planitpower.com\/fr\/wp-json\/wp\/v2\/product\/4761\/revisions"}],"predecessor-version":[{"id":5988,"href":"https:\/\/planitpower.com\/fr\/wp-json\/wp\/v2\/product\/4761\/revisions\/5988"}],"wp:featuredmedia":[{"embeddable":true,"href":"https:\/\/planitpower.com\/fr\/wp-json\/wp\/v2\/media\/4764"}],"wp:attachment":[{"href":"https:\/\/planitpower.com\/fr\/wp-json\/wp\/v2\/media?parent=4761"}],"wp:term":[{"taxonomy":"product_brand","embeddable":true,"href":"https:\/\/planitpower.com\/fr\/wp-json\/wp\/v2\/product_brand?post=4761"},{"taxonomy":"product_cat","embeddable":true,"href":"https:\/\/planitpower.com\/fr\/wp-json\/wp\/v2\/product_cat?post=4761"},{"taxonomy":"product_tag","embeddable":true,"href":"https:\/\/planitpower.com\/fr\/wp-json\/wp\/v2\/product_tag?post=4761"}],"curies":[{"name":"wp","href":"https:\/\/api.w.org\/{rel}","templated":true}]}}