{"id":4767,"date":"2025-11-20T00:06:19","date_gmt":"2025-11-20T00:06:19","guid":{"rendered":"https:\/\/planitpower.com\/?post_type=product&#038;p=4767"},"modified":"2026-01-30T01:11:44","modified_gmt":"2026-01-30T01:11:44","slug":"multi-capteurs-dambiance-mco","status":"publish","type":"product","link":"https:\/\/planitpower.com\/fr\/boutique\/multi-capteurs-dambiance-mco\/","title":{"rendered":"MCO Home Multi Sensor"},"content":{"rendered":"<h2 class=\"wp-block-heading\">Description<\/h2>\n\n\n\n<p>Le <strong>MCO Home Multi Sensor<\/strong> Ce dispositif de surveillance de l&#039;environnement int\u00e9rieur 9 en 1 est con\u00e7u pour les maisons intelligentes modernes. Gr\u00e2ce \u00e0 la technologie Z-Wave Plus, il s&#039;int\u00e8gre facilement aux syst\u00e8mes domotiques compatibles pour fournir des donn\u00e9es pr\u00e9cises en temps r\u00e9el sur la qualit\u00e9 de l&#039;air int\u00e9rieur, le confort et la s\u00e9curit\u00e9.<\/p>\n\n\n\n<p>Dot\u00e9 d&#039;un \u00e9cran TFT clair de 3,5 pouces, ce capteur affiche en temps r\u00e9el les informations relatives aux principaux param\u00e8tres environnementaux, ce qui en fait un outil pr\u00e9cieux pour la gestion intelligente de la ventilation, l&#039;optimisation du chauffage et de la climatisation, ainsi que pour les interventions de s\u00e9curit\u00e9 automatis\u00e9es. Son \u00e9l\u00e9gant bo\u00eetier en verre tremp\u00e9 et alliage de polycarbonate est con\u00e7u pour une fixation murale et s&#039;int\u00e8gre harmonieusement dans les espaces r\u00e9sidentiels ou professionnels.<\/p>\n\n\n\n<p>Gr\u00e2ce \u00e0 ses multiples capteurs r\u00e9unis dans un seul appareil, le MCO Home Multi Sensor offre une solution compl\u00e8te pour la surveillance de la temp\u00e9rature, de l&#039;humidit\u00e9, des niveaux de CO\u2082, des particules fines, des compos\u00e9s organiques volatils, du bruit, de la lumi\u00e8re, des mouvements et de la fum\u00e9e, offrant ainsi aux utilisateurs une vue d&#039;ensemble compl\u00e8te des conditions int\u00e9rieures et permettant des sc\u00e9narios d&#039;automatisation pr\u00e9cis.<\/p>\n\n\n\n<h2 class=\"wp-block-heading\">Sp\u00e9cifications techniques<\/h2>\n\n\n\n<figure class=\"wp-block-table\"><table class=\"has-fixed-layout\"><thead><tr><th>Param\u00e8tres<\/th><th>Valeur<\/th><\/tr><\/thead><tbody><tr><td>Types de capteurs<\/td><td>Temp\u00e9rature, humidit\u00e9, CO\u2082, PM2.5, COV, mouvement (PIR), luminosit\u00e9 (lux), bruit (dB), fum\u00e9e<\/td><\/tr><tr><td>Protocole<\/td><td>Z-Wave Plus (868,42 MHz pour l&#039;UE)<\/td><\/tr><tr><td>Alimentation \u00e9lectrique<\/td><td>Adaptateur 12 V CC<\/td><\/tr><tr><td>Consommation \u00e9lectrique<\/td><td>&lt; 3 W<\/td><\/tr><tr><td>Plage de temp\u00e9rature<\/td><td>\u201320 \u00b0C \u00e0 100 \u00b0C<\/td><\/tr><tr><td>Plage d&#039;humidit\u00e9<\/td><td>0% \u00e0 99% RH (sans condensation)<\/td><\/tr><tr><td>Gamme PM2.5<\/td><td>0 \u2013 500 \u00b5g\/m\u00b3<\/td><\/tr><tr><td>Gamme de CO\u2082<\/td><td>0 \u2013 2000 ppm (certaines versions jusqu&#039;\u00e0 5000 ppm)<\/td><\/tr><tr><td>Niveau de COV<\/td><td>Niveaux 1 \u00e0 5<\/td><\/tr><tr><td>Mesure de la lumi\u00e8re<\/td><td>0 \u2013 40 000 lux<\/td><\/tr><tr><td>Mesure du bruit<\/td><td>30 \u2013 100 dB<\/td><\/tr><tr><td>angle de d\u00e9tection PIR<\/td><td>Jusqu&#039;\u00e0 120\u00b0<\/td><\/tr><tr><td>Dimensions<\/td><td>Environ 110 \u00d7 110 \u00d7 32 mm<\/td><\/tr><tr><td>Mat\u00e9riau du bo\u00eetier<\/td><td>Verre tremp\u00e9 + alliage PC<\/td><\/tr><tr><td>Montage<\/td><td>Fixation murale (verticale)<\/td><\/tr><tr><td>Conditions de fonctionnement<\/td><td>\u201320 \u00b0C \u00e0 +60 \u00b0C ; &lt; 99% HR (sans condensation)<\/td><\/tr><\/tbody><\/table><\/figure>","protected":false},"excerpt":{"rendered":"<h2 data-start=\"1349\" data-end=\"1367\">Principales caract\u00e9ristiques<\/h2>\n<ul data-start=\"1368\" data-end=\"2230\">\n<li data-start=\"1368\" data-end=\"1503\">\n<p data-start=\"1370\" data-end=\"1503\"><strong data-start=\"1370\" data-end=\"1395\">9 capteurs dans une seule unit\u00e9<\/strong>: Surveille la temp\u00e9rature, l&#039;humidit\u00e9, le CO\u2082, les PM2.5, les COV, le mouvement (PIR), l&#039;intensit\u00e9 lumineuse, les niveaux de bruit et la fum\u00e9e.<\/p>\n<\/li>\n<li data-start=\"1504\" data-end=\"1620\">\n<p data-start=\"1506\" data-end=\"1620\"><strong data-start=\"1506\" data-end=\"1532\">Technologie Z-Wave Plus<\/strong>Assure une communication sans fil fiable et une int\u00e9gration fluide avec les hubs domotiques.<\/p>\n<\/li>\n<li data-start=\"1621\" data-end=\"1696\">\n<p data-start=\"1623\" data-end=\"1696\"><strong data-start=\"1623\" data-end=\"1647\">\u00c9cran TFT de 3,5 pouces<\/strong>: Affiche instantan\u00e9ment et clairement les mesures cl\u00e9s.<\/p>\n<\/li>\n<li data-start=\"1697\" data-end=\"1806\">\n<p data-start=\"1699\" data-end=\"1806\"><strong data-start=\"1699\" data-end=\"1717\">Design haut de gamme<\/strong>Appareil mural dot\u00e9 d&#039;une fa\u00e7ade \u00e9l\u00e9gante en verre tremp\u00e9 et d&#039;un bo\u00eetier durable en alliage PC.<\/p>\n<\/li>\n<li data-start=\"1807\" data-end=\"1899\">\n<p data-start=\"1809\" data-end=\"1899\"><strong data-start=\"1809\" data-end=\"1834\">faible consommation d&#039;\u00e9nergie<\/strong>Fonctionne avec moins de 3 W, id\u00e9al pour une surveillance continue.<\/p>\n<\/li>\n<li data-start=\"1900\" data-end=\"1986\">\n<p data-start=\"1902\" data-end=\"1986\"><strong data-start=\"1902\" data-end=\"1929\">Larges plages de mesure<\/strong>: Convient \u00e0 diverses conditions environnementales int\u00e9rieures.<\/p>\n<\/li>\n<li data-start=\"1987\" data-end=\"2099\">\n<p data-start=\"1989\" data-end=\"2099\"><strong data-start=\"1989\" data-end=\"2009\">Pr\u00eat pour l&#039;automatisation<\/strong>: Permet de contr\u00f4ler la ventilation, les syst\u00e8mes de chauffage, de ventilation et de climatisation, l&#039;\u00e9clairage et les alarmes en fonction des donn\u00e9es des capteurs en temps r\u00e9el.<\/p>\n<\/li>\n<li data-start=\"2100\" data-end=\"2230\">\n<p data-start=\"2102\" data-end=\"2230\"><strong data-start=\"2102\" data-end=\"2135\">Hauteur d&#039;installation optimis\u00e9e<\/strong>\u00c0 installer de pr\u00e9f\u00e9rence \u00e0 environ 1,5 m\u00e8tre du sol, \u00e0 l&#039;abri de la lumi\u00e8re directe du soleil et des sources de chaleur.<\/p>\n<\/li>\n<\/ul>","protected":false},"featured_media":4768,"comment_status":"open","ping_status":"closed","template":"","meta":{"jetpack_post_was_ever_published":false,"jetpack_publicize_message":"","jetpack_publicize_feature_enabled":false,"jetpack_social_post_already_shared":false,"jetpack_social_options":{"image_generator_settings":{"template":"highway","default_image_id":0,"font":"","enabled":false},"version":2}},"product_brand":[153],"product_cat":[134],"product_tag":[],"class_list":{"0":"post-4767","1":"product","2":"type-product","3":"status-publish","4":"has-post-thumbnail","6":"product_brand-mco","7":"product_cat-smart-sensors","9":"first","10":"instock","11":"taxable","12":"shipping-taxable","13":"purchasable","14":"product-type-simple"},"yoast_head":"<!-- This site is optimized with the Yoast SEO plugin v27.3 - https:\/\/yoast.com\/product\/yoast-seo-wordpress\/ -->\n<title>MCO Home Multi Sensor - Planitpower<\/title>\n<meta name=\"description\" content=\"Discover the MCO Home Multi Sensor \u2013 a powerful 9-in-1 Z-Wave Plus device delivering temperature, humidity, CO\u2082, PM2.5, VOC, light, noise, motion and smoke monitoring in one sleek unit.\" \/>\n<meta name=\"robots\" content=\"index, follow, max-snippet:-1, max-image-preview:large, max-video-preview:-1\" \/>\n<link rel=\"canonical\" href=\"https:\/\/planitpower.com\/fr\/boutique\/multi-capteurs-dambiance-mco\/\" \/>\n<meta property=\"og:locale\" content=\"fr_FR\" \/>\n<meta property=\"og:type\" content=\"article\" \/>\n<meta property=\"og:title\" content=\"MCO Home Multi Sensor - Planitpower\" \/>\n<meta property=\"og:description\" content=\"Discover the MCO Home Multi Sensor \u2013 a powerful 9-in-1 Z-Wave Plus device delivering temperature, humidity, CO\u2082, PM2.5, VOC, light, noise, motion and smoke monitoring in one sleek unit.\" \/>\n<meta property=\"og:url\" content=\"https:\/\/planitpower.com\/fr\/boutique\/multi-capteurs-dambiance-mco\/\" \/>\n<meta property=\"og:site_name\" content=\"Planitpower\" \/>\n<meta property=\"article:modified_time\" content=\"2026-01-30T01:11:44+00:00\" \/>\n<meta property=\"og:image\" content=\"https:\/\/i0.wp.com\/planitpower.com\/wp-content\/uploads\/2025\/11\/MCO-Home-Multi-Sensor_MCOEA8-9.png?fit=400%2C332&ssl=1\" \/>\n\t<meta property=\"og:image:width\" content=\"400\" \/>\n\t<meta property=\"og:image:height\" content=\"332\" \/>\n\t<meta property=\"og:image:type\" content=\"image\/png\" \/>\n<meta name=\"twitter:card\" content=\"summary_large_image\" \/>\n<meta name=\"twitter:label1\" content=\"Dur\u00e9e de lecture estim\u00e9e\" \/>\n\t<meta name=\"twitter:data1\" content=\"2 minutes\" \/>\n<script type=\"application\/ld+json\" class=\"yoast-schema-graph\">{\"@context\":\"https:\\\/\\\/schema.org\",\"@graph\":[{\"@type\":\"WebPage\",\"@id\":\"https:\\\/\\\/planitpower.com\\\/shop\\\/mco-home-multi-sensor\\\/\",\"url\":\"https:\\\/\\\/planitpower.com\\\/shop\\\/mco-home-multi-sensor\\\/\",\"name\":\"MCO Home Multi Sensor - Planitpower\",\"isPartOf\":{\"@id\":\"https:\\\/\\\/planitpower.com\\\/#website\"},\"primaryImageOfPage\":{\"@id\":\"https:\\\/\\\/planitpower.com\\\/shop\\\/mco-home-multi-sensor\\\/#primaryimage\"},\"image\":{\"@id\":\"https:\\\/\\\/planitpower.com\\\/shop\\\/mco-home-multi-sensor\\\/#primaryimage\"},\"thumbnailUrl\":\"https:\\\/\\\/i0.wp.com\\\/planitpower.com\\\/wp-content\\\/uploads\\\/2025\\\/11\\\/MCO-Home-Multi-Sensor_MCOEA8-9.png?fit=400%2C332&ssl=1\",\"datePublished\":\"2025-11-20T00:06:19+00:00\",\"dateModified\":\"2026-01-30T01:11:44+00:00\",\"description\":\"Discover the MCO Home Multi Sensor \u2013 a powerful 9-in-1 Z-Wave Plus device delivering temperature, humidity, CO\u2082, PM2.5, VOC, light, noise, motion and smoke monitoring in one sleek unit.\",\"breadcrumb\":{\"@id\":\"https:\\\/\\\/planitpower.com\\\/shop\\\/mco-home-multi-sensor\\\/#breadcrumb\"},\"inLanguage\":\"fr-FR\",\"potentialAction\":[{\"@type\":\"ReadAction\",\"target\":[\"https:\\\/\\\/planitpower.com\\\/shop\\\/mco-home-multi-sensor\\\/\"]}]},{\"@type\":\"ImageObject\",\"inLanguage\":\"fr-FR\",\"@id\":\"https:\\\/\\\/planitpower.com\\\/shop\\\/mco-home-multi-sensor\\\/#primaryimage\",\"url\":\"https:\\\/\\\/i0.wp.com\\\/planitpower.com\\\/wp-content\\\/uploads\\\/2025\\\/11\\\/MCO-Home-Multi-Sensor_MCOEA8-9.png?fit=400%2C332&ssl=1\",\"contentUrl\":\"https:\\\/\\\/i0.wp.com\\\/planitpower.com\\\/wp-content\\\/uploads\\\/2025\\\/11\\\/MCO-Home-Multi-Sensor_MCOEA8-9.png?fit=400%2C332&ssl=1\",\"width\":400,\"height\":332,\"caption\":\"MCO Home Multi Sensor - planitpower\"},{\"@type\":\"BreadcrumbList\",\"@id\":\"https:\\\/\\\/planitpower.com\\\/shop\\\/mco-home-multi-sensor\\\/#breadcrumb\",\"itemListElement\":[{\"@type\":\"ListItem\",\"position\":1,\"name\":\"Home\",\"item\":\"https:\\\/\\\/planitpower.com\\\/\"},{\"@type\":\"ListItem\",\"position\":2,\"name\":\"SHOP\",\"item\":\"https:\\\/\\\/planitpower.com\\\/shop\\\/\"},{\"@type\":\"ListItem\",\"position\":3,\"name\":\"MCO Home Multi Sensor\"}]},{\"@type\":\"WebSite\",\"@id\":\"https:\\\/\\\/planitpower.com\\\/#website\",\"url\":\"https:\\\/\\\/planitpower.com\\\/\",\"name\":\"Planitpower\",\"description\":\"Inspire energy\",\"publisher\":{\"@id\":\"https:\\\/\\\/planitpower.com\\\/#\\\/schema\\\/person\\\/b531587eda267b930b04174d12de6efa\"},\"potentialAction\":[{\"@type\":\"SearchAction\",\"target\":{\"@type\":\"EntryPoint\",\"urlTemplate\":\"https:\\\/\\\/planitpower.com\\\/?s={search_term_string}\"},\"query-input\":{\"@type\":\"PropertyValueSpecification\",\"valueRequired\":true,\"valueName\":\"search_term_string\"}}],\"inLanguage\":\"fr-FR\"},{\"@type\":[\"Person\",\"Organization\"],\"@id\":\"https:\\\/\\\/planitpower.com\\\/#\\\/schema\\\/person\\\/b531587eda267b930b04174d12de6efa\",\"name\":\"Editorial Team\",\"image\":{\"@type\":\"ImageObject\",\"inLanguage\":\"fr-FR\",\"@id\":\"https:\\\/\\\/i0.wp.com\\\/planitpower.com\\\/wp-content\\\/uploads\\\/2025\\\/12\\\/cropped-planitpower_circle_375x375.png?fit=512%2C512&ssl=1\",\"url\":\"https:\\\/\\\/i0.wp.com\\\/planitpower.com\\\/wp-content\\\/uploads\\\/2025\\\/12\\\/cropped-planitpower_circle_375x375.png?fit=512%2C512&ssl=1\",\"contentUrl\":\"https:\\\/\\\/i0.wp.com\\\/planitpower.com\\\/wp-content\\\/uploads\\\/2025\\\/12\\\/cropped-planitpower_circle_375x375.png?fit=512%2C512&ssl=1\",\"width\":512,\"height\":512,\"caption\":\"Editorial Team\"},\"logo\":{\"@id\":\"https:\\\/\\\/i0.wp.com\\\/planitpower.com\\\/wp-content\\\/uploads\\\/2025\\\/12\\\/cropped-planitpower_circle_375x375.png?fit=512%2C512&ssl=1\"},\"sameAs\":[\"https:\\\/\\\/Planitpower.com\"]}]}<\/script>\n<!-- \/ Yoast SEO plugin. -->","yoast_head_json":{"title":"Capteur multi-usages MCO Home - Planitpower","description":"D\u00e9couvrez le capteur multi-usages MCO Home \u2013 un puissant appareil Z-Wave Plus 9 en 1 qui surveille la temp\u00e9rature, l&#039;humidit\u00e9, le CO\u2082, les PM2.5, les COV, la lumi\u00e8re, le bruit, les mouvements et la fum\u00e9e dans une seule unit\u00e9 \u00e9l\u00e9gante.","robots":{"index":"index","follow":"follow","max-snippet":"max-snippet:-1","max-image-preview":"max-image-preview:large","max-video-preview":"max-video-preview:-1"},"canonical":"https:\/\/planitpower.com\/fr\/boutique\/multi-capteurs-dambiance-mco\/","og_locale":"fr_FR","og_type":"article","og_title":"MCO Home Multi Sensor - Planitpower","og_description":"Discover the MCO Home Multi Sensor \u2013 a powerful 9-in-1 Z-Wave Plus device delivering temperature, humidity, CO\u2082, PM2.5, VOC, light, noise, motion and smoke monitoring in one sleek unit.","og_url":"https:\/\/planitpower.com\/fr\/boutique\/multi-capteurs-dambiance-mco\/","og_site_name":"Planitpower","article_modified_time":"2026-01-30T01:11:44+00:00","og_image":[{"width":400,"height":332,"url":"https:\/\/i0.wp.com\/planitpower.com\/wp-content\/uploads\/2025\/11\/MCO-Home-Multi-Sensor_MCOEA8-9.png?fit=400%2C332&ssl=1","type":"image\/png"}],"twitter_card":"summary_large_image","twitter_misc":{"Dur\u00e9e de lecture estim\u00e9e":"2 minutes"},"schema":{"@context":"https:\/\/schema.org","@graph":[{"@type":"WebPage","@id":"https:\/\/planitpower.com\/shop\/mco-home-multi-sensor\/","url":"https:\/\/planitpower.com\/shop\/mco-home-multi-sensor\/","name":"Capteur multi-usages MCO Home - Planitpower","isPartOf":{"@id":"https:\/\/planitpower.com\/#website"},"primaryImageOfPage":{"@id":"https:\/\/planitpower.com\/shop\/mco-home-multi-sensor\/#primaryimage"},"image":{"@id":"https:\/\/planitpower.com\/shop\/mco-home-multi-sensor\/#primaryimage"},"thumbnailUrl":"https:\/\/i0.wp.com\/planitpower.com\/wp-content\/uploads\/2025\/11\/MCO-Home-Multi-Sensor_MCOEA8-9.png?fit=400%2C332&ssl=1","datePublished":"2025-11-20T00:06:19+00:00","dateModified":"2026-01-30T01:11:44+00:00","description":"D\u00e9couvrez le capteur multi-usages MCO Home \u2013 un puissant appareil Z-Wave Plus 9 en 1 qui surveille la temp\u00e9rature, l&#039;humidit\u00e9, le CO\u2082, les PM2.5, les COV, la lumi\u00e8re, le bruit, les mouvements et la fum\u00e9e dans une seule unit\u00e9 \u00e9l\u00e9gante.","breadcrumb":{"@id":"https:\/\/planitpower.com\/shop\/mco-home-multi-sensor\/#breadcrumb"},"inLanguage":"fr-FR","potentialAction":[{"@type":"ReadAction","target":["https:\/\/planitpower.com\/shop\/mco-home-multi-sensor\/"]}]},{"@type":"ImageObject","inLanguage":"fr-FR","@id":"https:\/\/planitpower.com\/shop\/mco-home-multi-sensor\/#primaryimage","url":"https:\/\/i0.wp.com\/planitpower.com\/wp-content\/uploads\/2025\/11\/MCO-Home-Multi-Sensor_MCOEA8-9.png?fit=400%2C332&ssl=1","contentUrl":"https:\/\/i0.wp.com\/planitpower.com\/wp-content\/uploads\/2025\/11\/MCO-Home-Multi-Sensor_MCOEA8-9.png?fit=400%2C332&ssl=1","width":400,"height":332,"caption":"MCO Home Multi Sensor - planitpower"},{"@type":"BreadcrumbList","@id":"https:\/\/planitpower.com\/shop\/mco-home-multi-sensor\/#breadcrumb","itemListElement":[{"@type":"ListItem","position":1,"name":"Home","item":"https:\/\/planitpower.com\/"},{"@type":"ListItem","position":2,"name":"SHOP","item":"https:\/\/planitpower.com\/shop\/"},{"@type":"ListItem","position":3,"name":"MCO Home Multi Sensor"}]},{"@type":"WebSite","@id":"https:\/\/planitpower.com\/#website","url":"https:\/\/planitpower.com\/","name":"Planitpower","description":"Inspirons l'\u00e9nergie!","publisher":{"@id":"https:\/\/planitpower.com\/#\/schema\/person\/b531587eda267b930b04174d12de6efa"},"potentialAction":[{"@type":"SearchAction","target":{"@type":"EntryPoint","urlTemplate":"https:\/\/planitpower.com\/?s={search_term_string}"},"query-input":{"@type":"PropertyValueSpecification","valueRequired":true,"valueName":"search_term_string"}}],"inLanguage":"fr-FR"},{"@type":["Person","Organization"],"@id":"https:\/\/planitpower.com\/#\/schema\/person\/b531587eda267b930b04174d12de6efa","name":"Equipe \u00e9ditoriale","image":{"@type":"ImageObject","inLanguage":"fr-FR","@id":"https:\/\/i0.wp.com\/planitpower.com\/wp-content\/uploads\/2025\/12\/cropped-planitpower_circle_375x375.png?fit=512%2C512&ssl=1","url":"https:\/\/i0.wp.com\/planitpower.com\/wp-content\/uploads\/2025\/12\/cropped-planitpower_circle_375x375.png?fit=512%2C512&ssl=1","contentUrl":"https:\/\/i0.wp.com\/planitpower.com\/wp-content\/uploads\/2025\/12\/cropped-planitpower_circle_375x375.png?fit=512%2C512&ssl=1","width":512,"height":512,"caption":"Editorial Team"},"logo":{"@id":"https:\/\/i0.wp.com\/planitpower.com\/wp-content\/uploads\/2025\/12\/cropped-planitpower_circle_375x375.png?fit=512%2C512&ssl=1"},"sameAs":["https:\/\/Planitpower.com"]}]}},"jetpack_publicize_connections":[],"jetpack_likes_enabled":true,"jetpack_sharing_enabled":true,"jetpack-related-posts":[{"id":4728,"url":"https:\/\/planitpower.com\/fr\/boutique\/capteur-de-co2-domestique-mco-230-v\/","url_meta":{"origin":4767,"position":0},"title":"MCO Home Capteur de CO2 230V","author":"Editorial Team","date":"19\/11\/2025","format":false,"excerpt":"Main features Real-time CO\u2082 monitoring (0-2000 ppm) with adjustable alarm threshold (default 1000 ppm), enabling responsive air-quality control. Integrated sensors for temperature and humidity (temperature range approx. -9 \u00b0C to +50 \u00b0C; humidity up to 99 % RH) for comprehensive environmental awareness. VOC (volatile organic compounds) detection in four levels\u2026","rel":"","context":"Article similaire","block_context":{"text":"Article similaire","link":""},"img":{"alt_text":"MCO Home CO2 Sensor 230V - planitpower - 1","src":"https:\/\/i0.wp.com\/planitpower.com\/wp-content\/uploads\/2025\/11\/13239_0.png?fit=423%2C423&ssl=1&resize=350%2C200","width":350,"height":200},"classes":[]},{"id":4737,"url":"https:\/\/planitpower.com\/fr\/boutique\/thermostat-de-chauffage-electrique-domestique-mco-avec-capteur-dhumidite\/","url_meta":{"origin":4767,"position":1},"title":"Thermostat de chauffage \u00e9lectrique domestique MCO avec capteur d&#039;humidit\u00e9, version 2","author":"Editorial Team","date":"19\/11\/2025","format":false,"excerpt":"Main Features Z-Wave thermostat for electrical heating systems, compatible with leading smart home gateways. Integrated temperature and humidity sensors for accurate climate monitoring. Capacitive touch glass panel, offering a premium, modern interface. Multiple heating modes, including manual, energy-saving, and programmable schedules. Built-in overload and safety protection for reliable operation. LED\u2026","rel":"","context":"Article similaire","block_context":{"text":"Article similaire","link":""},"img":{"alt_text":"MCO Home Electrical Heating Thermostat with humidity sensor Version 2 - planitpower","src":"https:\/\/i0.wp.com\/planitpower.com\/wp-content\/uploads\/2025\/11\/MH7-WH.jpg?fit=423%2C423&ssl=1&resize=350%2C200","width":350,"height":200},"classes":[]},{"id":4717,"url":"https:\/\/planitpower.com\/fr\/boutique\/moniteurs-de-qualite-de-lair-mco-home-pm2-5-capteur-12-v\/","url_meta":{"origin":4767,"position":2},"title":"MCO Home Capteur PM2.5 Moniteurs de qualit\u00e9 de l'air - 12V","author":"Editorial Team","date":"19\/11\/2025","format":false,"excerpt":"Main features Real-time monitoring of PM2.5 (fine dust) concentration in the air, enabling quick awareness of changing air quality. Built-in sensors for ambient temperature and humidity, offering a fuller environmental picture in one unit. Sleek, modern interface featuring a tempered-glass front panel with touch or physical button controls for local\u2026","rel":"","context":"Article similaire","block_context":{"text":"Article similaire","link":""},"img":{"alt_text":"MCO Home PM2.5 Sensor Air Quality Monitors - 12V - planitpower","src":"https:\/\/i0.wp.com\/planitpower.com\/wp-content\/uploads\/2025\/11\/13240_0.png?fit=423%2C423&ssl=1&resize=350%2C200","width":350,"height":200},"classes":[]},{"id":4913,"url":"https:\/\/planitpower.com\/fr\/boutique\/interrupteur-tactile-en-verre-mco-home-gen5-1-bouton-2\/","url_meta":{"origin":4767,"position":3},"title":"Interrupteur tactile en verre MCO Home GEN5 (1 bouton)","author":"Editorial Team","date":"21\/11\/2025","format":false,"excerpt":"Main Features Premium capacitive touch control with a tempered glass front panel Z-Wave Plus GEN5 technology for faster and more secure communication Compatible with major Z-Wave gateways and smart home platforms Supports remote on\/off control and automation scenarios Elegant LED indicator for visual status feedback Installation in standard EU wall\u2026","rel":"","context":"Article similaire","block_context":{"text":"Article similaire","link":""},"img":{"alt_text":"MCO Home Glass Touch Switch GEN5 1 Button - Planitpower","src":"https:\/\/i0.wp.com\/planitpower.com\/wp-content\/uploads\/2025\/11\/12837_0-1-scaled.webp?fit=1200%2C800&ssl=1&resize=350%2C200","width":350,"height":200,"srcset":"https:\/\/i0.wp.com\/planitpower.com\/wp-content\/uploads\/2025\/11\/12837_0-1-scaled.webp?fit=1200%2C800&ssl=1&resize=350%2C200 1x, https:\/\/i0.wp.com\/planitpower.com\/wp-content\/uploads\/2025\/11\/12837_0-1-scaled.webp?fit=1200%2C800&ssl=1&resize=525%2C300 1.5x, https:\/\/i0.wp.com\/planitpower.com\/wp-content\/uploads\/2025\/11\/12837_0-1-scaled.webp?fit=1200%2C800&ssl=1&resize=700%2C400 2x, https:\/\/i0.wp.com\/planitpower.com\/wp-content\/uploads\/2025\/11\/12837_0-1-scaled.webp?fit=1200%2C800&ssl=1&resize=1050%2C600 3x"},"classes":[]},{"id":4918,"url":"https:\/\/planitpower.com\/fr\/boutique\/interrupteur-tactile-en-verre-mco-home-gen5-a-2-boutons\/","url_meta":{"origin":4767,"position":4},"title":"Interrupteur tactile en verre MCO Home GEN5 (2 boutons)","author":"Editorial Team","date":"21\/11\/2025","format":false,"excerpt":"Main features Elegant glass touch panel with two independent touch buttons Integrated relays for direct control of two circuits (up to 1,100 W per channel) Z-Wave Plus technology for improved communication, range and efficiency LED status indicators behind each button for clear and immediate feedback Supports scene activation and multi-channel\u2026","rel":"","context":"Article similaire","block_context":{"text":"Article similaire","link":""},"img":{"alt_text":"MCO Home Glass Touch Switch GEN5 (2 Buttons) - planitpower","src":"https:\/\/i0.wp.com\/planitpower.com\/wp-content\/uploads\/2025\/11\/MCOETPS412B-scaled.webp?fit=1200%2C797&ssl=1&resize=350%2C200","width":350,"height":200,"srcset":"https:\/\/i0.wp.com\/planitpower.com\/wp-content\/uploads\/2025\/11\/MCOETPS412B-scaled.webp?fit=1200%2C797&ssl=1&resize=350%2C200 1x, https:\/\/i0.wp.com\/planitpower.com\/wp-content\/uploads\/2025\/11\/MCOETPS412B-scaled.webp?fit=1200%2C797&ssl=1&resize=525%2C300 1.5x, https:\/\/i0.wp.com\/planitpower.com\/wp-content\/uploads\/2025\/11\/MCOETPS412B-scaled.webp?fit=1200%2C797&ssl=1&resize=700%2C400 2x, https:\/\/i0.wp.com\/planitpower.com\/wp-content\/uploads\/2025\/11\/MCOETPS412B-scaled.webp?fit=1200%2C797&ssl=1&resize=1050%2C600 3x"},"classes":[]},{"id":4685,"url":"https:\/\/planitpower.com\/fr\/boutique\/interrupteur-tactile-en-verre-mco-home-gen5-a-1-bouton\/","url_meta":{"origin":4767,"position":5},"title":"Interrupteur tactile en verre MCO Home GEN5 (1 bouton)","author":"Editorial Team","date":"18\/11\/2025","format":false,"excerpt":"Main Features Sleek glass-front touch panel with one capacitive button and a status LED to indicate switching condition. Built-in relay capable of switching loads up to approximately 1 100 W at 230 V, allowing direct control of lighting or other electrical loads. Full Z-Wave Plus communication enables integration into smart-home\u2026","rel":"","context":"Article similaire","block_context":{"text":"Article similaire","link":""},"img":{"alt_text":"MCO Home Glass Touch Switch GEN5 (1 Button) - planitpower - 1","src":"https:\/\/i0.wp.com\/planitpower.com\/wp-content\/uploads\/2025\/11\/12837_0-scaled.webp?fit=1200%2C800&ssl=1&resize=350%2C200","width":350,"height":200,"srcset":"https:\/\/i0.wp.com\/planitpower.com\/wp-content\/uploads\/2025\/11\/12837_0-scaled.webp?fit=1200%2C800&ssl=1&resize=350%2C200 1x, https:\/\/i0.wp.com\/planitpower.com\/wp-content\/uploads\/2025\/11\/12837_0-scaled.webp?fit=1200%2C800&ssl=1&resize=525%2C300 1.5x, https:\/\/i0.wp.com\/planitpower.com\/wp-content\/uploads\/2025\/11\/12837_0-scaled.webp?fit=1200%2C800&ssl=1&resize=700%2C400 2x, https:\/\/i0.wp.com\/planitpower.com\/wp-content\/uploads\/2025\/11\/12837_0-scaled.webp?fit=1200%2C800&ssl=1&resize=1050%2C600 3x"},"classes":[]}],"_links":{"self":[{"href":"https:\/\/planitpower.com\/fr\/wp-json\/wp\/v2\/product\/4767","targetHints":{"allow":["GET"]}}],"collection":[{"href":"https:\/\/planitpower.com\/fr\/wp-json\/wp\/v2\/product"}],"about":[{"href":"https:\/\/planitpower.com\/fr\/wp-json\/wp\/v2\/types\/product"}],"replies":[{"embeddable":true,"href":"https:\/\/planitpower.com\/fr\/wp-json\/wp\/v2\/comments?post=4767"}],"version-history":[{"count":1,"href":"https:\/\/planitpower.com\/fr\/wp-json\/wp\/v2\/product\/4767\/revisions"}],"predecessor-version":[{"id":6039,"href":"https:\/\/planitpower.com\/fr\/wp-json\/wp\/v2\/product\/4767\/revisions\/6039"}],"wp:featuredmedia":[{"embeddable":true,"href":"https:\/\/planitpower.com\/fr\/wp-json\/wp\/v2\/media\/4768"}],"wp:attachment":[{"href":"https:\/\/planitpower.com\/fr\/wp-json\/wp\/v2\/media?parent=4767"}],"wp:term":[{"taxonomy":"product_brand","embeddable":true,"href":"https:\/\/planitpower.com\/fr\/wp-json\/wp\/v2\/product_brand?post=4767"},{"taxonomy":"product_cat","embeddable":true,"href":"https:\/\/planitpower.com\/fr\/wp-json\/wp\/v2\/product_cat?post=4767"},{"taxonomy":"product_tag","embeddable":true,"href":"https:\/\/planitpower.com\/fr\/wp-json\/wp\/v2\/product_tag?post=4767"}],"curies":[{"name":"wp","href":"https:\/\/api.w.org\/{rel}","templated":true}]}}