{"id":4822,"date":"2025-11-20T23:12:32","date_gmt":"2025-11-20T23:12:32","guid":{"rendered":"https:\/\/planitpower.com\/?post_type=product&#038;p=4822"},"modified":"2026-01-30T00:02:38","modified_gmt":"2026-01-30T00:02:38","slug":"pont-atios-knx-ade-r12","status":"publish","type":"product","link":"https:\/\/planitpower.com\/fr\/boutique\/pont-atios-knx-ade-r12\/","title":{"rendered":"Pont Atios KNX ADE-R12 (question sur LAN)"},"content":{"rendered":"<h2 class=\"wp-block-heading\"><strong>Description<\/strong><\/h2>\n\n\n\n<p>Le pont KNX Atios ADE-R12 est une passerelle sur rail DIN puissante et compacte, con\u00e7ue pour int\u00e9grer les syst\u00e8mes domotiques KNX traditionnels \u00e0 l&#039;\u00e9cosyst\u00e8me Matter moderne. Fabriqu\u00e9 en Suisse, il combine une interface KNX-IP, une passerelle DALI et un serveur de visualisation Matter en un seul appareil, permettant une int\u00e9gration fluide de l&#039;\u00e9clairage, des stores, du chauffage, de la ventilation et de la climatisation, des capteurs et du contr\u00f4le d&#039;acc\u00e8s aux plateformes domotiques les plus courantes.<\/p>\n\n\n\n<p>Compatible avec Matter over LAN, l&#039;ADE-R12 assure une compatibilit\u00e9 certifi\u00e9e avec Apple Home, Google Home, Amazon Alexa et Samsung SmartThings, tout en fonctionnant int\u00e9gralement sur le r\u00e9seau local, sans d\u00e9pendance au cloud. Son installation est simple\u00a0: fixez la passerelle \u00e0 proximit\u00e9 de votre \u00e9quipement KNX, connectez-la via Ethernet ou Wi-Fi et configurez-la gr\u00e2ce \u00e0 son interface web intuitive. Elle d\u00e9tecte automatiquement les adresses des groupes KNX, pour une int\u00e9gration rapide et efficace.<\/p>\n\n\n\n<p>Con\u00e7u pour une fiabilit\u00e9 et une utilisation \u00e0 long terme, l&#039;ADE-R12 est id\u00e9al pour l&#039;automatisation des b\u00e2timents r\u00e9sidentiels et commerciaux o\u00f9 la stabilit\u00e9, l&#039;interop\u00e9rabilit\u00e9 et un contr\u00f4le domotique \u00e9volutif sont essentiels.<\/p>\n\n\n\n<h2 class=\"wp-block-heading\"><strong>Sp\u00e9cifications techniques<\/strong><\/h2>\n\n\n\n<figure class=\"wp-block-table\"><table class=\"has-fixed-layout\"><thead><tr><th><strong>Param\u00e8tres<\/strong><\/th><th><strong>Sp\u00e9cifications<\/strong><\/th><\/tr><\/thead><tbody><tr><td>Mod\u00e8le<\/td><td>Pont KNX Atios ADE-R12<\/td><\/tr><tr><td>Alimentation \u00e9lectrique<\/td><td>Alimentation externe PoE 802.3af ou 12\u201324 V CC<\/td><\/tr><tr><td>Consommation \u00e9lectrique<\/td><td>En g\u00e9n\u00e9ral &lt; 1 W<\/td><\/tr><tr><td>Connectivit\u00e9<\/td><td>Ethernet 10\/100 Base-T, Wi-Fi 2,4 GHz<\/td><\/tr><tr><td>Normes prises en charge<\/td><td>KNX TP, DALI \/ DALI-2 (CEI 62386)<\/td><\/tr><tr><td>Mode DALI<\/td><td>Multi-ma\u00eetre<\/td><\/tr><tr><td>\u00c9cosyst\u00e8me de la maison intelligente<\/td><td>Matter over LAN (Apple Home, Google Home, Amazon Alexa, SmartThings)<\/td><\/tr><tr><td>Configuration Web<\/td><td>Interface web locale, aucun cloud n\u00e9cessaire<\/td><\/tr><tr><td>Dimensions<\/td><td>Environ 70 \u00d7 85 \u00d7 60 mm<\/td><\/tr><tr><td>Montage<\/td><td>Rail DIN (largeur de 4 modules)<\/td><\/tr><tr><td>Temp\u00e9rature de fonctionnement<\/td><td>\u20135 \u00b0C \u00e0 +45 \u00b0C<\/td><\/tr><tr><td>Garantie<\/td><td>Garantie du fabricant (g\u00e9n\u00e9ralement 3 ans)<\/td><\/tr><tr><td>Usage<\/td><td>Automatisation des maisons intelligentes et des b\u00e2timents commerciaux<\/td><\/tr><\/tbody><\/table><\/figure>","protected":false},"excerpt":{"rendered":"<h2 data-start=\"1649\" data-end=\"1671\"><strong data-start=\"1652\" data-end=\"1669\">Principales caract\u00e9ristiques<\/strong><\/h2>\n<ul data-start=\"1672\" data-end=\"2562\">\n<li data-start=\"1672\" data-end=\"1769\">\n<p data-start=\"1674\" data-end=\"1769\">Int\u00e9gration transparente des appareils KNX dans l&#039;\u00e9cosyst\u00e8me Matter pour un contr\u00f4le unifi\u00e9 de la maison intelligente.<\/p>\n<\/li>\n<li data-start=\"1770\" data-end=\"1853\">\n<p data-start=\"1772\" data-end=\"1853\">Trois syst\u00e8mes en un : interface KNX-IP, passerelle DALI\/DALI-2 et serveur Matter.<\/p>\n<\/li>\n<li data-start=\"1854\" data-end=\"1948\">\n<p data-start=\"1856\" data-end=\"1948\">Compatible avec la commande vocale et par application via Apple Home, Google Home, Amazon Alexa et SmartThings.<\/p>\n<\/li>\n<li data-start=\"1949\" data-end=\"2041\">\n<p data-start=\"1951\" data-end=\"2041\">Compatibilit\u00e9 DALI-2 native pour un contr\u00f4le avanc\u00e9 de l&#039;\u00e9clairage, y compris les appareils DT1 \u00e0 DT8.<\/p>\n<\/li>\n<li data-start=\"2042\" data-end=\"2129\">\n<p data-start=\"2044\" data-end=\"2129\">Fonctionnement local sans d\u00e9pendance au cloud pour une r\u00e9ponse plus rapide et une confidentialit\u00e9 accrue.<\/p>\n<\/li>\n<li data-start=\"2130\" data-end=\"2196\">\n<p data-start=\"2132\" data-end=\"2196\">Options d&#039;alimentation via PoE (802.3af) ou alimentation externe 12\u201324 V CC.<\/p>\n<\/li>\n<li data-start=\"2197\" data-end=\"2285\">\n<p data-start=\"2199\" data-end=\"2285\">Environnement de configuration Web intuitif pour un mappage KNX et une configuration des appareils rapides.<\/p>\n<\/li>\n<li data-start=\"2286\" data-end=\"2383\">\n<p data-start=\"2288\" data-end=\"2383\">Performances de niveau professionnel, conception et fabrication suisses pour une fiabilit\u00e9 \u00e0 long terme.<\/p>\n<\/li>\n<li data-start=\"2384\" data-end=\"2459\">\n<p data-start=\"2386\" data-end=\"2459\">Format compact sur rail DIN qui s&#039;int\u00e8gre facilement dans les armoires \u00e9lectriques.<\/p>\n<\/li>\n<li data-start=\"2460\" data-end=\"2562\">\n<p data-start=\"2462\" data-end=\"2562\">Id\u00e9al pour les projets d&#039;automatisation de b\u00e2timents n\u00e9cessitant interop\u00e9rabilit\u00e9 et int\u00e9gration moderne aux syst\u00e8mes domotiques.<\/p>\n<\/li>\n<\/ul>","protected":false},"featured_media":4836,"comment_status":"open","ping_status":"closed","template":"","meta":{"jetpack_post_was_ever_published":false,"jetpack_publicize_message":"","jetpack_publicize_feature_enabled":false,"jetpack_social_post_already_shared":false,"jetpack_social_options":{"image_generator_settings":{"template":"highway","default_image_id":0,"font":"","enabled":false},"version":2}},"product_brand":[162],"product_cat":[122],"product_tag":[],"class_list":{"0":"post-4822","1":"product","2":"type-product","3":"status-publish","4":"has-post-thumbnail","6":"product_brand-atios","7":"product_cat-home-automation-hubs-ecosystems","9":"first","10":"instock","11":"taxable","12":"shipping-taxable","13":"purchasable","14":"product-type-simple"},"yoast_head":"<!-- This site is optimized with the Yoast SEO plugin v27.3 - https:\/\/yoast.com\/product\/yoast-seo-wordpress\/ -->\n<title>Atios KNX Bridge ADE-R12 (Matter over LAN) - Planitpower<\/title>\n<meta name=\"description\" content=\"Discover the Atios KNX Bridge ADE-R12 \u2013 Swiss-made DIN-rail gateway for seamless Matter over LAN control of KNX, DALI and smart home devices via Apple Home, Google Home and Alexa.\" \/>\n<meta name=\"robots\" content=\"index, follow, max-snippet:-1, max-image-preview:large, max-video-preview:-1\" \/>\n<link rel=\"canonical\" href=\"https:\/\/planitpower.com\/fr\/boutique\/pont-atios-knx-ade-r12\/\" \/>\n<meta property=\"og:locale\" content=\"fr_FR\" \/>\n<meta property=\"og:type\" content=\"article\" \/>\n<meta property=\"og:title\" content=\"Atios KNX Bridge ADE-R12 (Matter over LAN) - Planitpower\" \/>\n<meta property=\"og:description\" content=\"Discover the Atios KNX Bridge ADE-R12 \u2013 Swiss-made DIN-rail gateway for seamless Matter over LAN control of KNX, DALI and smart home devices via Apple Home, Google Home and Alexa.\" \/>\n<meta property=\"og:url\" content=\"https:\/\/planitpower.com\/fr\/boutique\/pont-atios-knx-ade-r12\/\" \/>\n<meta property=\"og:site_name\" content=\"Planitpower\" \/>\n<meta property=\"article:modified_time\" content=\"2026-01-30T00:02:38+00:00\" \/>\n<meta property=\"og:image\" content=\"https:\/\/i0.wp.com\/planitpower.com\/wp-content\/uploads\/2025\/11\/7629999560642-02.webp?fit=1500%2C1500&ssl=1\" \/>\n\t<meta property=\"og:image:width\" content=\"1500\" \/>\n\t<meta property=\"og:image:height\" content=\"1500\" \/>\n\t<meta property=\"og:image:type\" content=\"image\/webp\" \/>\n<meta name=\"twitter:card\" content=\"summary_large_image\" \/>\n<meta name=\"twitter:label1\" content=\"Dur\u00e9e de lecture estim\u00e9e\" \/>\n\t<meta name=\"twitter:data1\" content=\"2 minutes\" \/>\n<script type=\"application\/ld+json\" class=\"yoast-schema-graph\">{\"@context\":\"https:\\\/\\\/schema.org\",\"@graph\":[{\"@type\":\"WebPage\",\"@id\":\"https:\\\/\\\/planitpower.com\\\/shop\\\/atios-knx-bridge-ade-r12\\\/\",\"url\":\"https:\\\/\\\/planitpower.com\\\/shop\\\/atios-knx-bridge-ade-r12\\\/\",\"name\":\"Atios KNX Bridge ADE-R12 (Matter over LAN) - Planitpower\",\"isPartOf\":{\"@id\":\"https:\\\/\\\/planitpower.com\\\/#website\"},\"primaryImageOfPage\":{\"@id\":\"https:\\\/\\\/planitpower.com\\\/shop\\\/atios-knx-bridge-ade-r12\\\/#primaryimage\"},\"image\":{\"@id\":\"https:\\\/\\\/planitpower.com\\\/shop\\\/atios-knx-bridge-ade-r12\\\/#primaryimage\"},\"thumbnailUrl\":\"https:\\\/\\\/i0.wp.com\\\/planitpower.com\\\/wp-content\\\/uploads\\\/2025\\\/11\\\/7629999560642-02.webp?fit=1500%2C1500&ssl=1\",\"datePublished\":\"2025-11-20T23:12:32+00:00\",\"dateModified\":\"2026-01-30T00:02:38+00:00\",\"description\":\"Discover the Atios KNX Bridge ADE-R12 \u2013 Swiss-made DIN-rail gateway for seamless Matter over LAN control of KNX, DALI and smart home devices via Apple Home, Google Home and Alexa.\",\"breadcrumb\":{\"@id\":\"https:\\\/\\\/planitpower.com\\\/shop\\\/atios-knx-bridge-ade-r12\\\/#breadcrumb\"},\"inLanguage\":\"fr-FR\",\"potentialAction\":[{\"@type\":\"ReadAction\",\"target\":[\"https:\\\/\\\/planitpower.com\\\/shop\\\/atios-knx-bridge-ade-r12\\\/\"]}]},{\"@type\":\"ImageObject\",\"inLanguage\":\"fr-FR\",\"@id\":\"https:\\\/\\\/planitpower.com\\\/shop\\\/atios-knx-bridge-ade-r12\\\/#primaryimage\",\"url\":\"https:\\\/\\\/i0.wp.com\\\/planitpower.com\\\/wp-content\\\/uploads\\\/2025\\\/11\\\/7629999560642-02.webp?fit=1500%2C1500&ssl=1\",\"contentUrl\":\"https:\\\/\\\/i0.wp.com\\\/planitpower.com\\\/wp-content\\\/uploads\\\/2025\\\/11\\\/7629999560642-02.webp?fit=1500%2C1500&ssl=1\",\"width\":1500,\"height\":1500,\"caption\":\"Atios KNX Bridge ADE-R12 - planitpower - 1\"},{\"@type\":\"BreadcrumbList\",\"@id\":\"https:\\\/\\\/planitpower.com\\\/shop\\\/atios-knx-bridge-ade-r12\\\/#breadcrumb\",\"itemListElement\":[{\"@type\":\"ListItem\",\"position\":1,\"name\":\"Home\",\"item\":\"https:\\\/\\\/planitpower.com\\\/\"},{\"@type\":\"ListItem\",\"position\":2,\"name\":\"SHOP\",\"item\":\"https:\\\/\\\/planitpower.com\\\/shop\\\/\"},{\"@type\":\"ListItem\",\"position\":3,\"name\":\"Atios KNX Bridge ADE-R12 (Matter over LAN)\"}]},{\"@type\":\"WebSite\",\"@id\":\"https:\\\/\\\/planitpower.com\\\/#website\",\"url\":\"https:\\\/\\\/planitpower.com\\\/\",\"name\":\"Planitpower\",\"description\":\"Inspire energy\",\"publisher\":{\"@id\":\"https:\\\/\\\/planitpower.com\\\/#\\\/schema\\\/person\\\/b531587eda267b930b04174d12de6efa\"},\"potentialAction\":[{\"@type\":\"SearchAction\",\"target\":{\"@type\":\"EntryPoint\",\"urlTemplate\":\"https:\\\/\\\/planitpower.com\\\/?s={search_term_string}\"},\"query-input\":{\"@type\":\"PropertyValueSpecification\",\"valueRequired\":true,\"valueName\":\"search_term_string\"}}],\"inLanguage\":\"fr-FR\"},{\"@type\":[\"Person\",\"Organization\"],\"@id\":\"https:\\\/\\\/planitpower.com\\\/#\\\/schema\\\/person\\\/b531587eda267b930b04174d12de6efa\",\"name\":\"Editorial Team\",\"image\":{\"@type\":\"ImageObject\",\"inLanguage\":\"fr-FR\",\"@id\":\"https:\\\/\\\/i0.wp.com\\\/planitpower.com\\\/wp-content\\\/uploads\\\/2025\\\/12\\\/cropped-planitpower_circle_375x375.png?fit=512%2C512&ssl=1\",\"url\":\"https:\\\/\\\/i0.wp.com\\\/planitpower.com\\\/wp-content\\\/uploads\\\/2025\\\/12\\\/cropped-planitpower_circle_375x375.png?fit=512%2C512&ssl=1\",\"contentUrl\":\"https:\\\/\\\/i0.wp.com\\\/planitpower.com\\\/wp-content\\\/uploads\\\/2025\\\/12\\\/cropped-planitpower_circle_375x375.png?fit=512%2C512&ssl=1\",\"width\":512,\"height\":512,\"caption\":\"Editorial Team\"},\"logo\":{\"@id\":\"https:\\\/\\\/i0.wp.com\\\/planitpower.com\\\/wp-content\\\/uploads\\\/2025\\\/12\\\/cropped-planitpower_circle_375x375.png?fit=512%2C512&ssl=1\"},\"sameAs\":[\"https:\\\/\\\/Planitpower.com\"]}]}<\/script>\n<!-- \/ Yoast SEO plugin. -->","yoast_head_json":{"title":"Pont KNX Atios ADE-R12 (Matter over LAN) - Planitpower","description":"D\u00e9couvrez le pont Atios KNX ADE-R12 \u2013 une passerelle sur rail DIN de fabrication suisse pour un contr\u00f4le Matter over LAN transparent des appareils KNX, DALI et domotiques via Apple Home, Google Home et Alexa.","robots":{"index":"index","follow":"follow","max-snippet":"max-snippet:-1","max-image-preview":"max-image-preview:large","max-video-preview":"max-video-preview:-1"},"canonical":"https:\/\/planitpower.com\/fr\/boutique\/pont-atios-knx-ade-r12\/","og_locale":"fr_FR","og_type":"article","og_title":"Atios KNX Bridge ADE-R12 (Matter over LAN) - Planitpower","og_description":"Discover the Atios KNX Bridge ADE-R12 \u2013 Swiss-made DIN-rail gateway for seamless Matter over LAN control of KNX, DALI and smart home devices via Apple Home, Google Home and Alexa.","og_url":"https:\/\/planitpower.com\/fr\/boutique\/pont-atios-knx-ade-r12\/","og_site_name":"Planitpower","article_modified_time":"2026-01-30T00:02:38+00:00","og_image":[{"width":1500,"height":1500,"url":"https:\/\/i0.wp.com\/planitpower.com\/wp-content\/uploads\/2025\/11\/7629999560642-02.webp?fit=1500%2C1500&ssl=1","type":"image\/webp"}],"twitter_card":"summary_large_image","twitter_misc":{"Dur\u00e9e de lecture estim\u00e9e":"2 minutes"},"schema":{"@context":"https:\/\/schema.org","@graph":[{"@type":"WebPage","@id":"https:\/\/planitpower.com\/shop\/atios-knx-bridge-ade-r12\/","url":"https:\/\/planitpower.com\/shop\/atios-knx-bridge-ade-r12\/","name":"Pont KNX Atios ADE-R12 (Matter over LAN) - Planitpower","isPartOf":{"@id":"https:\/\/planitpower.com\/#website"},"primaryImageOfPage":{"@id":"https:\/\/planitpower.com\/shop\/atios-knx-bridge-ade-r12\/#primaryimage"},"image":{"@id":"https:\/\/planitpower.com\/shop\/atios-knx-bridge-ade-r12\/#primaryimage"},"thumbnailUrl":"https:\/\/i0.wp.com\/planitpower.com\/wp-content\/uploads\/2025\/11\/7629999560642-02.webp?fit=1500%2C1500&ssl=1","datePublished":"2025-11-20T23:12:32+00:00","dateModified":"2026-01-30T00:02:38+00:00","description":"D\u00e9couvrez le pont Atios KNX ADE-R12 \u2013 une passerelle sur rail DIN de fabrication suisse pour un contr\u00f4le Matter over LAN transparent des appareils KNX, DALI et domotiques via Apple Home, Google Home et Alexa.","breadcrumb":{"@id":"https:\/\/planitpower.com\/shop\/atios-knx-bridge-ade-r12\/#breadcrumb"},"inLanguage":"fr-FR","potentialAction":[{"@type":"ReadAction","target":["https:\/\/planitpower.com\/shop\/atios-knx-bridge-ade-r12\/"]}]},{"@type":"ImageObject","inLanguage":"fr-FR","@id":"https:\/\/planitpower.com\/shop\/atios-knx-bridge-ade-r12\/#primaryimage","url":"https:\/\/i0.wp.com\/planitpower.com\/wp-content\/uploads\/2025\/11\/7629999560642-02.webp?fit=1500%2C1500&ssl=1","contentUrl":"https:\/\/i0.wp.com\/planitpower.com\/wp-content\/uploads\/2025\/11\/7629999560642-02.webp?fit=1500%2C1500&ssl=1","width":1500,"height":1500,"caption":"Atios KNX Bridge ADE-R12 - planitpower - 1"},{"@type":"BreadcrumbList","@id":"https:\/\/planitpower.com\/shop\/atios-knx-bridge-ade-r12\/#breadcrumb","itemListElement":[{"@type":"ListItem","position":1,"name":"Home","item":"https:\/\/planitpower.com\/"},{"@type":"ListItem","position":2,"name":"SHOP","item":"https:\/\/planitpower.com\/shop\/"},{"@type":"ListItem","position":3,"name":"Atios KNX Bridge ADE-R12 (Matter over LAN)"}]},{"@type":"WebSite","@id":"https:\/\/planitpower.com\/#website","url":"https:\/\/planitpower.com\/","name":"Planitpower","description":"Inspirons l'\u00e9nergie!","publisher":{"@id":"https:\/\/planitpower.com\/#\/schema\/person\/b531587eda267b930b04174d12de6efa"},"potentialAction":[{"@type":"SearchAction","target":{"@type":"EntryPoint","urlTemplate":"https:\/\/planitpower.com\/?s={search_term_string}"},"query-input":{"@type":"PropertyValueSpecification","valueRequired":true,"valueName":"search_term_string"}}],"inLanguage":"fr-FR"},{"@type":["Person","Organization"],"@id":"https:\/\/planitpower.com\/#\/schema\/person\/b531587eda267b930b04174d12de6efa","name":"Equipe \u00e9ditoriale","image":{"@type":"ImageObject","inLanguage":"fr-FR","@id":"https:\/\/i0.wp.com\/planitpower.com\/wp-content\/uploads\/2025\/12\/cropped-planitpower_circle_375x375.png?fit=512%2C512&ssl=1","url":"https:\/\/i0.wp.com\/planitpower.com\/wp-content\/uploads\/2025\/12\/cropped-planitpower_circle_375x375.png?fit=512%2C512&ssl=1","contentUrl":"https:\/\/i0.wp.com\/planitpower.com\/wp-content\/uploads\/2025\/12\/cropped-planitpower_circle_375x375.png?fit=512%2C512&ssl=1","width":512,"height":512,"caption":"Editorial Team"},"logo":{"@id":"https:\/\/i0.wp.com\/planitpower.com\/wp-content\/uploads\/2025\/12\/cropped-planitpower_circle_375x375.png?fit=512%2C512&ssl=1"},"sameAs":["https:\/\/Planitpower.com"]}]}},"jetpack_publicize_connections":[],"jetpack_likes_enabled":true,"jetpack_sharing_enabled":true,"jetpack-related-posts":[{"id":4815,"url":"https:\/\/planitpower.com\/fr\/boutique\/pont-atios-knx-matiere-pont\/","url_meta":{"origin":4822,"position":0},"title":"Pont KNX ATIOS (Matter over LAN)","author":"Editorial Team","date":"20\/11\/2025","format":false,"excerpt":"Main Features Bridges KNX installations with Matter-compatible smart-home platforms such as Apple Home, Google Home, Amazon Alexa and SmartThings. Includes a native KNX-IP interface, allowing ETS programming without an additional gateway. Integrated DALI and DALI-2 gateway with support for DT8, RGB, RGBW and tunable white lighting control. Simple and intuitive\u2026","rel":"","context":"Article similaire","block_context":{"text":"Article similaire","link":""},"img":{"alt_text":"Atios KNX Bridge - planitpower - 3","src":"https:\/\/i0.wp.com\/planitpower.com\/wp-content\/uploads\/2025\/11\/7629999620049-06.webp?fit=1200%2C1200&ssl=1&resize=350%2C200","width":350,"height":200,"srcset":"https:\/\/i0.wp.com\/planitpower.com\/wp-content\/uploads\/2025\/11\/7629999620049-06.webp?fit=1200%2C1200&ssl=1&resize=350%2C200 1x, https:\/\/i0.wp.com\/planitpower.com\/wp-content\/uploads\/2025\/11\/7629999620049-06.webp?fit=1200%2C1200&ssl=1&resize=525%2C300 1.5x, https:\/\/i0.wp.com\/planitpower.com\/wp-content\/uploads\/2025\/11\/7629999620049-06.webp?fit=1200%2C1200&ssl=1&resize=700%2C400 2x, https:\/\/i0.wp.com\/planitpower.com\/wp-content\/uploads\/2025\/11\/7629999620049-06.webp?fit=1200%2C1200&ssl=1&resize=1050%2C600 3x"},"classes":[]},{"id":5047,"url":"https:\/\/planitpower.com\/fr\/boutique\/concentrateur-lan-zigbee-netplus\/","url_meta":{"origin":4822,"position":1},"title":"Concentrateur LAN Zigbee Netplus","author":"Editorial Team","date":"23\/11\/2025","format":false,"excerpt":"Main Features Zigbee 3.0 CompatibilityWorks with a broad range of Zigbee-certified smart home devices, offering strong interoperability and future-proof integration. Stable LAN ConnectivityUses a wired Ethernet connection for maximum reliability, reduced latency, and secure data transfer. Local Control CapabilitySupports local operation for faster response times and enhanced privacy without relying\u2026","rel":"","context":"Article similaire","block_context":{"text":"Article similaire","link":""},"img":{"alt_text":"Netplus Zigbee LAN Hub - planitpower - 2","src":"https:\/\/i0.wp.com\/planitpower.com\/wp-content\/uploads\/2025\/11\/Zigbee-LAN-gateway.jpg?fit=800%2C800&ssl=1&resize=350%2C200","width":350,"height":200,"srcset":"https:\/\/i0.wp.com\/planitpower.com\/wp-content\/uploads\/2025\/11\/Zigbee-LAN-gateway.jpg?fit=800%2C800&ssl=1&resize=350%2C200 1x, https:\/\/i0.wp.com\/planitpower.com\/wp-content\/uploads\/2025\/11\/Zigbee-LAN-gateway.jpg?fit=800%2C800&ssl=1&resize=525%2C300 1.5x, https:\/\/i0.wp.com\/planitpower.com\/wp-content\/uploads\/2025\/11\/Zigbee-LAN-gateway.jpg?fit=800%2C800&ssl=1&resize=700%2C400 2x"},"classes":[]},{"id":4989,"url":"https:\/\/planitpower.com\/fr\/boutique\/centre-daccueil-intelligent-fibaro-home-center-3\/","url_meta":{"origin":4822,"position":2},"title":"Centre d&#039;accueil FIBARO 3","author":"Editorial Team","date":"23\/11\/2025","format":false,"excerpt":"Main Features Multi-protocol smart home gateway supporting Z-Wave Plus, Wi-Fi, Zigbee, and additional integrations for broad device compatibility. High-performance hardware enabling fast automation processing and stable long-term operation. Advanced scene creation tools allowing both simple and complex automation rules through visual blocks or LUA scripting. Secure remote access to monitor\u2026","rel":"","context":"Article similaire","block_context":{"text":"Article similaire","link":""},"img":{"alt_text":"FIBARO Home Center 3 - planitpower","src":"https:\/\/i0.wp.com\/planitpower.com\/wp-content\/uploads\/2025\/11\/HC-3.jpg?fit=900%2C449&ssl=1&resize=350%2C200","width":350,"height":200,"srcset":"https:\/\/i0.wp.com\/planitpower.com\/wp-content\/uploads\/2025\/11\/HC-3.jpg?fit=900%2C449&ssl=1&resize=350%2C200 1x, https:\/\/i0.wp.com\/planitpower.com\/wp-content\/uploads\/2025\/11\/HC-3.jpg?fit=900%2C449&ssl=1&resize=525%2C300 1.5x, https:\/\/i0.wp.com\/planitpower.com\/wp-content\/uploads\/2025\/11\/HC-3.jpg?fit=900%2C449&ssl=1&resize=700%2C400 2x"},"classes":[]},{"id":4674,"url":"https:\/\/planitpower.com\/fr\/boutique\/pilote-automatique-oem-aeotec\/","url_meta":{"origin":4822,"position":3},"title":"Aeotec Autopilot OEM","author":"Editorial Team","date":"18\/11\/2025","format":false,"excerpt":"Main Features Z-Wave 700 certified gateway supporting Z-Wave Plus V2, SmartStart, and enhanced wireless security. Local automation engine ensures the system continues working even without cloud access. Designed for OEM\/ODM projects, allowing deep customization of logic, UI, and system behavior. Open integration options including REST API, MQTT, and compatibility with\u2026","rel":"","context":"Article similaire","block_context":{"text":"Article similaire","link":""},"img":{"alt_text":"Aeotec AutoPilot OEM Development Sample - planitpower - 1","src":"https:\/\/i0.wp.com\/planitpower.com\/wp-content\/uploads\/2025\/11\/34411686666885_-picvTo2zzejJEVCg.webp?fit=1200%2C882&ssl=1&resize=350%2C200","width":350,"height":200,"srcset":"https:\/\/i0.wp.com\/planitpower.com\/wp-content\/uploads\/2025\/11\/34411686666885_-picvTo2zzejJEVCg.webp?fit=1200%2C882&ssl=1&resize=350%2C200 1x, https:\/\/i0.wp.com\/planitpower.com\/wp-content\/uploads\/2025\/11\/34411686666885_-picvTo2zzejJEVCg.webp?fit=1200%2C882&ssl=1&resize=525%2C300 1.5x, https:\/\/i0.wp.com\/planitpower.com\/wp-content\/uploads\/2025\/11\/34411686666885_-picvTo2zzejJEVCg.webp?fit=1200%2C882&ssl=1&resize=700%2C400 2x, https:\/\/i0.wp.com\/planitpower.com\/wp-content\/uploads\/2025\/11\/34411686666885_-picvTo2zzejJEVCg.webp?fit=1200%2C882&ssl=1&resize=1050%2C600 3x"},"classes":[]},{"id":3580,"url":"https:\/\/planitpower.com\/fr\/boutique\/pont-zigbee-innr\/","url_meta":{"origin":4822,"position":4},"title":"Pont zigbee Innr","author":"Editorial Team","date":"24\/11\/2025","format":false,"excerpt":"Caract\u00e9ristiques principales : Pont central Zigbee 3.0 qui connecte et g\u00e8re tous les appareils intelligents Innr. Permet le contr\u00f4le sans fil des lumi\u00e8res, des prises et autres accessoires connect\u00e9s via l&#039;application Innr ou les plateformes compatibles. Int\u00e9gration fluide avec Amazon Alexa, Google Assistant et les autres \u00e9cosyst\u00e8mes Zigbee 3.0. Communication fiable \u00e0 faible latence pour une domotique performante et stable.","rel":"","context":"Article similaire","block_context":{"text":"Article similaire","link":""},"img":{"alt_text":"Innr Bridge - Planitpower - 3","src":"https:\/\/i0.wp.com\/planitpower.com\/wp-content\/uploads\/2025\/10\/01BG220BridgeComposition.webp?fit=1200%2C1200&ssl=1&resize=350%2C200","width":350,"height":200,"srcset":"https:\/\/i0.wp.com\/planitpower.com\/wp-content\/uploads\/2025\/10\/01BG220BridgeComposition.webp?fit=1200%2C1200&ssl=1&resize=350%2C200 1x, https:\/\/i0.wp.com\/planitpower.com\/wp-content\/uploads\/2025\/10\/01BG220BridgeComposition.webp?fit=1200%2C1200&ssl=1&resize=525%2C300 1.5x, https:\/\/i0.wp.com\/planitpower.com\/wp-content\/uploads\/2025\/10\/01BG220BridgeComposition.webp?fit=1200%2C1200&ssl=1&resize=700%2C400 2x, https:\/\/i0.wp.com\/planitpower.com\/wp-content\/uploads\/2025\/10\/01BG220BridgeComposition.webp?fit=1200%2C1200&ssl=1&resize=1050%2C600 3x"},"classes":[]},{"id":4304,"url":"https:\/\/planitpower.com\/fr\/boutique\/hub-camera-aqara-g5-pro-poe\/","url_meta":{"origin":4822,"position":5},"title":"Hub de cam\u00e9ra Aqara G5 Pro PoE","author":"Editorial Team","date":"25\/12\/2025","format":false,"excerpt":"Main Features Quad HD (2688\u00d71520) resolution with a 133\u00b0 diagonal field of view for expansive and detailed coverage. Ultra-bright f\/1.0 aperture combined with a 1\/1.8\u2033 sensor ensures excellent image quality even in low light. True full-colour night vision with built-in 3 W spotlight (beam angle 120\u00b0, colour temperature 3000 K)\u2026","rel":"","context":"Article similaire","block_context":{"text":"Article similaire","link":""},"img":{"alt_text":"","src":"","width":0,"height":0},"classes":[]}],"_links":{"self":[{"href":"https:\/\/planitpower.com\/fr\/wp-json\/wp\/v2\/product\/4822","targetHints":{"allow":["GET"]}}],"collection":[{"href":"https:\/\/planitpower.com\/fr\/wp-json\/wp\/v2\/product"}],"about":[{"href":"https:\/\/planitpower.com\/fr\/wp-json\/wp\/v2\/types\/product"}],"replies":[{"embeddable":true,"href":"https:\/\/planitpower.com\/fr\/wp-json\/wp\/v2\/comments?post=4822"}],"version-history":[{"count":1,"href":"https:\/\/planitpower.com\/fr\/wp-json\/wp\/v2\/product\/4822\/revisions"}],"predecessor-version":[{"id":5992,"href":"https:\/\/planitpower.com\/fr\/wp-json\/wp\/v2\/product\/4822\/revisions\/5992"}],"wp:featuredmedia":[{"embeddable":true,"href":"https:\/\/planitpower.com\/fr\/wp-json\/wp\/v2\/media\/4836"}],"wp:attachment":[{"href":"https:\/\/planitpower.com\/fr\/wp-json\/wp\/v2\/media?parent=4822"}],"wp:term":[{"taxonomy":"product_brand","embeddable":true,"href":"https:\/\/planitpower.com\/fr\/wp-json\/wp\/v2\/product_brand?post=4822"},{"taxonomy":"product_cat","embeddable":true,"href":"https:\/\/planitpower.com\/fr\/wp-json\/wp\/v2\/product_cat?post=4822"},{"taxonomy":"product_tag","embeddable":true,"href":"https:\/\/planitpower.com\/fr\/wp-json\/wp\/v2\/product_tag?post=4822"}],"curies":[{"name":"wp","href":"https:\/\/api.w.org\/{rel}","templated":true}]}}