{"id":4861,"date":"2025-11-21T12:17:45","date_gmt":"2025-11-21T12:17:45","guid":{"rendered":"https:\/\/planitpower.com\/?post_type=product&#038;p=4861"},"modified":"2026-01-30T00:45:42","modified_gmt":"2026-01-30T00:45:42","slug":"fibaro-walli-outlet-type-f","status":"publish","type":"product","link":"https:\/\/planitpower.com\/fr\/boutique\/fibaro-walli-outlet-type-f\/","title":{"rendered":"FIBARO Walli Outlet (Type F)"},"content":{"rendered":"<h3 class=\"wp-block-heading\"><strong>Description<\/strong><\/h3>\n\n\n\n<p>Le <strong>FIBARO Walli Outlet (Type F)<\/strong> est une prise murale intelligente haut de gamme con\u00e7ue pour apporter une gestion intelligente de l'\u00e9nergie et un style moderne dans votre maison. Con\u00e7ue pour l'\u00e9cosyst\u00e8me domestique intelligent Z-Wave, elle vous permet de contr\u00f4ler \u00e0 distance les appareils connect\u00e9s, de suivre la consommation d'\u00e9nergie et d'automatiser les routines quotidiennes en toute simplicit\u00e9. Gr\u00e2ce \u00e0 son \u00e9l\u00e9gant anneau LED et \u00e0 ses mat\u00e9riaux de haute qualit\u00e9, le Walli Outlet s'int\u00e8gre parfaitement dans les int\u00e9rieurs contemporains tout en offrant des fonctionnalit\u00e9s intelligentes avanc\u00e9es. Il est id\u00e9al pour les propri\u00e9taires \u00e0 la recherche d'un meilleur contr\u00f4le, d'une plus grande commodit\u00e9 et d'une meilleure efficacit\u00e9 \u00e9nerg\u00e9tique dans leurs espaces de vie.<\/p>\n\n\n\n<h3 class=\"wp-block-heading\"><strong>Sp\u00e9cifications techniques<\/strong><\/h3>\n\n\n\n<figure class=\"wp-block-table\"><table class=\"has-fixed-layout\"><thead><tr><th><strong>Sp\u00e9cifications<\/strong><\/th><th><strong>D\u00e9tails<\/strong><\/th><\/tr><\/thead><tbody><tr><td>Type de produit<\/td><td>Prise murale intelligente (Type F)<\/td><\/tr><tr><td>Protocole sans fil<\/td><td>Z-Wave Plus<\/td><\/tr><tr><td>Radiofr\u00e9quence<\/td><td>868,0-868,6 MHz (UE)<\/td><\/tr><tr><td>Tension nominale<\/td><td>230V AC, 50\/60 Hz<\/td><\/tr><tr><td>Charge maximale<\/td><td>Jusqu'\u00e0 3680W (16A)<\/td><\/tr><tr><td>Surveillance de l'alimentation<\/td><td>Oui<\/td><\/tr><tr><td>Anneau LED<\/td><td>RGB, personnalisable<\/td><\/tr><tr><td>Temp\u00e9rature de fonctionnement<\/td><td>0\u00b0C \u00e0 35\u00b0C<\/td><\/tr><tr><td>Installation<\/td><td>Montage mural standard de type F<\/td><\/tr><tr><td>Compatibilit\u00e9<\/td><td>Concentrateurs et contr\u00f4leurs certifi\u00e9s Z-Wave<\/td><\/tr><tr><td>Dimensions<\/td><td>Format standard des prises de l'UE<\/td><\/tr><\/tbody><\/table><\/figure>","protected":false},"excerpt":{"rendered":"<h3 data-start=\"939\" data-end=\"960\"><strong data-start=\"943\" data-end=\"960\">Caract\u00e9ristiques principales<\/strong><\/h3>\n<ul data-start=\"961\" data-end=\"1762\">\n<li data-start=\"961\" data-end=\"1067\">\n<p data-start=\"963\" data-end=\"1067\"><strong data-start=\"963\" data-end=\"989\">Technologie Z-Wave Plus<\/strong> pour une communication rapide, s\u00e9curis\u00e9e et fiable au sein de votre r\u00e9seau domestique intelligent.<\/p>\n<\/li>\n<li data-start=\"1068\" data-end=\"1154\">\n<p data-start=\"1070\" data-end=\"1154\"><strong data-start=\"1070\" data-end=\"1088\">T\u00e9l\u00e9commande<\/strong> d'appareils connect\u00e9s par l'interm\u00e9diaire de votre hub domestique intelligent ou de votre application mobile.<\/p>\n<\/li>\n<li data-start=\"1155\" data-end=\"1248\">\n<p data-start=\"1157\" data-end=\"1248\"><strong data-start=\"1157\" data-end=\"1188\">Contr\u00f4le de l'\u00e9nergie en temps r\u00e9el<\/strong> pour suivre la consommation et optimiser l'utilisation de l'\u00e9nergie par les m\u00e9nages.<\/p>\n<\/li>\n<li data-start=\"1249\" data-end=\"1378\">\n<p data-start=\"1251\" data-end=\"1378\"><strong data-start=\"1251\" data-end=\"1276\">Anneau LED personnalisable<\/strong> qui affiche l'\u00e9tat, les niveaux de consommation d'\u00e9nergie ou qui peut \u00eatre r\u00e9gl\u00e9e en fonction de la couleur et de la luminosit\u00e9 souhait\u00e9es.<\/p>\n<\/li>\n<li data-start=\"1379\" data-end=\"1470\">\n<p data-start=\"1381\" data-end=\"1470\"><strong data-start=\"1381\" data-end=\"1404\">Protection contre les surcharges<\/strong> garantissant un fonctionnement s\u00fbr et \u00e9vitant d'endommager l'appareil.<\/p>\n<\/li>\n<li data-start=\"1471\" data-end=\"1565\">\n<p data-start=\"1473\" data-end=\"1565\"><strong data-start=\"1473\" data-end=\"1519\">Compatible avec les principaux contr\u00f4leurs Z-Wave<\/strong>, y compris les passerelles de Fibaro et d'Aeotec.<\/p>\n<\/li>\n<li data-start=\"1566\" data-end=\"1671\">\n<p data-start=\"1568\" data-end=\"1671\"><strong data-start=\"1568\" data-end=\"1591\">Conception de haute qualit\u00e9<\/strong> avec des mat\u00e9riaux durables et une finition haut de gamme qui s'adaptent \u00e0 l'esth\u00e9tique des maisons modernes.<\/p>\n<\/li>\n<li data-start=\"1672\" data-end=\"1762\">\n<p data-start=\"1674\" data-end=\"1762\"><strong data-start=\"1674\" data-end=\"1695\">Installation facile<\/strong> dans les bo\u00eetes murales standard de type F utilis\u00e9es dans de nombreux pays europ\u00e9ens.<\/p>\n<\/li>\n<\/ul>","protected":false},"featured_media":4862,"comment_status":"open","ping_status":"closed","template":"","meta":{"jetpack_post_was_ever_published":false,"jetpack_publicize_message":"","jetpack_publicize_feature_enabled":false,"jetpack_social_post_already_shared":false,"jetpack_social_options":{"image_generator_settings":{"template":"highway","default_image_id":0,"font":"","enabled":false},"version":2}},"product_brand":[157],"product_cat":[99],"product_tag":[],"class_list":{"0":"post-4861","1":"product","2":"type-product","3":"status-publish","4":"has-post-thumbnail","6":"product_brand-fibaro","7":"product_cat-smart-plugs","9":"first","10":"instock","11":"taxable","12":"shipping-taxable","13":"purchasable","14":"product-type-simple"},"yoast_head":"<!-- This site is optimized with the Yoast SEO plugin v27.3 - https:\/\/yoast.com\/product\/yoast-seo-wordpress\/ -->\n<title>FIBARO Walli Outlet (Type F) - Planitpower<\/title>\n<meta name=\"description\" content=\"Smart and elegant, the FIBARO Walli Outlet (Type F) offers remote control, real-time energy monitoring, and Z-Wave Plus connectivity for a modern and efficient smart home.\" \/>\n<meta name=\"robots\" content=\"index, follow, max-snippet:-1, max-image-preview:large, max-video-preview:-1\" \/>\n<link rel=\"canonical\" href=\"https:\/\/planitpower.com\/fr\/boutique\/fibaro-walli-outlet-type-f\/\" \/>\n<meta property=\"og:locale\" content=\"fr_FR\" \/>\n<meta property=\"og:type\" content=\"article\" \/>\n<meta property=\"og:title\" content=\"FIBARO Walli Outlet (Type F) - Planitpower\" \/>\n<meta property=\"og:description\" content=\"Smart and elegant, the FIBARO Walli Outlet (Type F) offers remote control, real-time energy monitoring, and Z-Wave Plus connectivity for a modern and efficient smart home.\" \/>\n<meta property=\"og:url\" content=\"https:\/\/planitpower.com\/fr\/boutique\/fibaro-walli-outlet-type-f\/\" \/>\n<meta property=\"og:site_name\" content=\"Planitpower\" \/>\n<meta property=\"article:modified_time\" content=\"2026-01-30T00:45:42+00:00\" \/>\n<meta property=\"og:image\" content=\"https:\/\/i0.wp.com\/planitpower.com\/wp-content\/uploads\/2025\/11\/FIBARO-Walli-Outlet-Type-E-white-scaled.webp?fit=2560%2C2560&ssl=1\" \/>\n\t<meta property=\"og:image:width\" content=\"2560\" \/>\n\t<meta property=\"og:image:height\" content=\"2560\" \/>\n\t<meta property=\"og:image:type\" content=\"image\/webp\" \/>\n<meta name=\"twitter:card\" content=\"summary_large_image\" \/>\n<meta name=\"twitter:label1\" content=\"Dur\u00e9e de lecture estim\u00e9e\" \/>\n\t<meta name=\"twitter:data1\" content=\"1 minute\" \/>\n<script type=\"application\/ld+json\" class=\"yoast-schema-graph\">{\"@context\":\"https:\\\/\\\/schema.org\",\"@graph\":[{\"@type\":\"WebPage\",\"@id\":\"https:\\\/\\\/planitpower.com\\\/shop\\\/fibaro-walli-outlet-type-f\\\/\",\"url\":\"https:\\\/\\\/planitpower.com\\\/shop\\\/fibaro-walli-outlet-type-f\\\/\",\"name\":\"FIBARO Walli Outlet (Type F) - Planitpower\",\"isPartOf\":{\"@id\":\"https:\\\/\\\/planitpower.com\\\/#website\"},\"primaryImageOfPage\":{\"@id\":\"https:\\\/\\\/planitpower.com\\\/shop\\\/fibaro-walli-outlet-type-f\\\/#primaryimage\"},\"image\":{\"@id\":\"https:\\\/\\\/planitpower.com\\\/shop\\\/fibaro-walli-outlet-type-f\\\/#primaryimage\"},\"thumbnailUrl\":\"https:\\\/\\\/i0.wp.com\\\/planitpower.com\\\/wp-content\\\/uploads\\\/2025\\\/11\\\/FIBARO-Walli-Outlet-Type-E-white-scaled.webp?fit=2560%2C2560&ssl=1\",\"datePublished\":\"2025-11-21T12:17:45+00:00\",\"dateModified\":\"2026-01-30T00:45:42+00:00\",\"description\":\"Smart and elegant, the FIBARO Walli Outlet (Type F) offers remote control, real-time energy monitoring, and Z-Wave Plus connectivity for a modern and efficient smart home.\",\"breadcrumb\":{\"@id\":\"https:\\\/\\\/planitpower.com\\\/shop\\\/fibaro-walli-outlet-type-f\\\/#breadcrumb\"},\"inLanguage\":\"fr-FR\",\"potentialAction\":[{\"@type\":\"ReadAction\",\"target\":[\"https:\\\/\\\/planitpower.com\\\/shop\\\/fibaro-walli-outlet-type-f\\\/\"]}]},{\"@type\":\"ImageObject\",\"inLanguage\":\"fr-FR\",\"@id\":\"https:\\\/\\\/planitpower.com\\\/shop\\\/fibaro-walli-outlet-type-f\\\/#primaryimage\",\"url\":\"https:\\\/\\\/i0.wp.com\\\/planitpower.com\\\/wp-content\\\/uploads\\\/2025\\\/11\\\/FIBARO-Walli-Outlet-Type-E-white-scaled.webp?fit=2560%2C2560&ssl=1\",\"contentUrl\":\"https:\\\/\\\/i0.wp.com\\\/planitpower.com\\\/wp-content\\\/uploads\\\/2025\\\/11\\\/FIBARO-Walli-Outlet-Type-E-white-scaled.webp?fit=2560%2C2560&ssl=1\",\"width\":2560,\"height\":2560,\"caption\":\"FIBARO Walli Outlet (Type F) - planitpower\"},{\"@type\":\"BreadcrumbList\",\"@id\":\"https:\\\/\\\/planitpower.com\\\/shop\\\/fibaro-walli-outlet-type-f\\\/#breadcrumb\",\"itemListElement\":[{\"@type\":\"ListItem\",\"position\":1,\"name\":\"Home\",\"item\":\"https:\\\/\\\/planitpower.com\\\/\"},{\"@type\":\"ListItem\",\"position\":2,\"name\":\"SHOP\",\"item\":\"https:\\\/\\\/planitpower.com\\\/shop\\\/\"},{\"@type\":\"ListItem\",\"position\":3,\"name\":\"FIBARO Walli Outlet (Type F)\"}]},{\"@type\":\"WebSite\",\"@id\":\"https:\\\/\\\/planitpower.com\\\/#website\",\"url\":\"https:\\\/\\\/planitpower.com\\\/\",\"name\":\"Planitpower\",\"description\":\"Inspire energy\",\"publisher\":{\"@id\":\"https:\\\/\\\/planitpower.com\\\/#\\\/schema\\\/person\\\/b531587eda267b930b04174d12de6efa\"},\"potentialAction\":[{\"@type\":\"SearchAction\",\"target\":{\"@type\":\"EntryPoint\",\"urlTemplate\":\"https:\\\/\\\/planitpower.com\\\/?s={search_term_string}\"},\"query-input\":{\"@type\":\"PropertyValueSpecification\",\"valueRequired\":true,\"valueName\":\"search_term_string\"}}],\"inLanguage\":\"fr-FR\"},{\"@type\":[\"Person\",\"Organization\"],\"@id\":\"https:\\\/\\\/planitpower.com\\\/#\\\/schema\\\/person\\\/b531587eda267b930b04174d12de6efa\",\"name\":\"Editorial Team\",\"image\":{\"@type\":\"ImageObject\",\"inLanguage\":\"fr-FR\",\"@id\":\"https:\\\/\\\/i0.wp.com\\\/planitpower.com\\\/wp-content\\\/uploads\\\/2025\\\/12\\\/cropped-planitpower_circle_375x375.png?fit=512%2C512&ssl=1\",\"url\":\"https:\\\/\\\/i0.wp.com\\\/planitpower.com\\\/wp-content\\\/uploads\\\/2025\\\/12\\\/cropped-planitpower_circle_375x375.png?fit=512%2C512&ssl=1\",\"contentUrl\":\"https:\\\/\\\/i0.wp.com\\\/planitpower.com\\\/wp-content\\\/uploads\\\/2025\\\/12\\\/cropped-planitpower_circle_375x375.png?fit=512%2C512&ssl=1\",\"width\":512,\"height\":512,\"caption\":\"Editorial Team\"},\"logo\":{\"@id\":\"https:\\\/\\\/i0.wp.com\\\/planitpower.com\\\/wp-content\\\/uploads\\\/2025\\\/12\\\/cropped-planitpower_circle_375x375.png?fit=512%2C512&ssl=1\"},\"sameAs\":[\"https:\\\/\\\/Planitpower.com\"]}]}<\/script>\n<!-- \/ Yoast SEO plugin. -->","yoast_head_json":{"title":"FIBARO Walli Outlet (Type F) - Planitpower","description":"Intelligente et \u00e9l\u00e9gante, la prise FIBARO Walli Outlet (Type F) offre un contr\u00f4le \u00e0 distance, une surveillance de l'\u00e9nergie en temps r\u00e9el et une connectivit\u00e9 Z-Wave Plus pour une maison intelligente moderne et efficace.","robots":{"index":"index","follow":"follow","max-snippet":"max-snippet:-1","max-image-preview":"max-image-preview:large","max-video-preview":"max-video-preview:-1"},"canonical":"https:\/\/planitpower.com\/fr\/boutique\/fibaro-walli-outlet-type-f\/","og_locale":"fr_FR","og_type":"article","og_title":"FIBARO Walli Outlet (Type F) - Planitpower","og_description":"Smart and elegant, the FIBARO Walli Outlet (Type F) offers remote control, real-time energy monitoring, and Z-Wave Plus connectivity for a modern and efficient smart home.","og_url":"https:\/\/planitpower.com\/fr\/boutique\/fibaro-walli-outlet-type-f\/","og_site_name":"Planitpower","article_modified_time":"2026-01-30T00:45:42+00:00","og_image":[{"width":2560,"height":2560,"url":"https:\/\/i0.wp.com\/planitpower.com\/wp-content\/uploads\/2025\/11\/FIBARO-Walli-Outlet-Type-E-white-scaled.webp?fit=2560%2C2560&ssl=1","type":"image\/webp"}],"twitter_card":"summary_large_image","twitter_misc":{"Dur\u00e9e de lecture estim\u00e9e":"1 minute"},"schema":{"@context":"https:\/\/schema.org","@graph":[{"@type":"WebPage","@id":"https:\/\/planitpower.com\/shop\/fibaro-walli-outlet-type-f\/","url":"https:\/\/planitpower.com\/shop\/fibaro-walli-outlet-type-f\/","name":"FIBARO Walli Outlet (Type F) - Planitpower","isPartOf":{"@id":"https:\/\/planitpower.com\/#website"},"primaryImageOfPage":{"@id":"https:\/\/planitpower.com\/shop\/fibaro-walli-outlet-type-f\/#primaryimage"},"image":{"@id":"https:\/\/planitpower.com\/shop\/fibaro-walli-outlet-type-f\/#primaryimage"},"thumbnailUrl":"https:\/\/i0.wp.com\/planitpower.com\/wp-content\/uploads\/2025\/11\/FIBARO-Walli-Outlet-Type-E-white-scaled.webp?fit=2560%2C2560&ssl=1","datePublished":"2025-11-21T12:17:45+00:00","dateModified":"2026-01-30T00:45:42+00:00","description":"Intelligente et \u00e9l\u00e9gante, la prise FIBARO Walli Outlet (Type F) offre un contr\u00f4le \u00e0 distance, une surveillance de l'\u00e9nergie en temps r\u00e9el et une connectivit\u00e9 Z-Wave Plus pour une maison intelligente moderne et efficace.","breadcrumb":{"@id":"https:\/\/planitpower.com\/shop\/fibaro-walli-outlet-type-f\/#breadcrumb"},"inLanguage":"fr-FR","potentialAction":[{"@type":"ReadAction","target":["https:\/\/planitpower.com\/shop\/fibaro-walli-outlet-type-f\/"]}]},{"@type":"ImageObject","inLanguage":"fr-FR","@id":"https:\/\/planitpower.com\/shop\/fibaro-walli-outlet-type-f\/#primaryimage","url":"https:\/\/i0.wp.com\/planitpower.com\/wp-content\/uploads\/2025\/11\/FIBARO-Walli-Outlet-Type-E-white-scaled.webp?fit=2560%2C2560&ssl=1","contentUrl":"https:\/\/i0.wp.com\/planitpower.com\/wp-content\/uploads\/2025\/11\/FIBARO-Walli-Outlet-Type-E-white-scaled.webp?fit=2560%2C2560&ssl=1","width":2560,"height":2560,"caption":"FIBARO Walli Outlet (Type F) - planitpower"},{"@type":"BreadcrumbList","@id":"https:\/\/planitpower.com\/shop\/fibaro-walli-outlet-type-f\/#breadcrumb","itemListElement":[{"@type":"ListItem","position":1,"name":"Home","item":"https:\/\/planitpower.com\/"},{"@type":"ListItem","position":2,"name":"SHOP","item":"https:\/\/planitpower.com\/shop\/"},{"@type":"ListItem","position":3,"name":"FIBARO Walli Outlet (Type F)"}]},{"@type":"WebSite","@id":"https:\/\/planitpower.com\/#website","url":"https:\/\/planitpower.com\/","name":"Planitpower","description":"Inspirons l'\u00e9nergie!","publisher":{"@id":"https:\/\/planitpower.com\/#\/schema\/person\/b531587eda267b930b04174d12de6efa"},"potentialAction":[{"@type":"SearchAction","target":{"@type":"EntryPoint","urlTemplate":"https:\/\/planitpower.com\/?s={search_term_string}"},"query-input":{"@type":"PropertyValueSpecification","valueRequired":true,"valueName":"search_term_string"}}],"inLanguage":"fr-FR"},{"@type":["Person","Organization"],"@id":"https:\/\/planitpower.com\/#\/schema\/person\/b531587eda267b930b04174d12de6efa","name":"Equipe \u00e9ditoriale","image":{"@type":"ImageObject","inLanguage":"fr-FR","@id":"https:\/\/i0.wp.com\/planitpower.com\/wp-content\/uploads\/2025\/12\/cropped-planitpower_circle_375x375.png?fit=512%2C512&ssl=1","url":"https:\/\/i0.wp.com\/planitpower.com\/wp-content\/uploads\/2025\/12\/cropped-planitpower_circle_375x375.png?fit=512%2C512&ssl=1","contentUrl":"https:\/\/i0.wp.com\/planitpower.com\/wp-content\/uploads\/2025\/12\/cropped-planitpower_circle_375x375.png?fit=512%2C512&ssl=1","width":512,"height":512,"caption":"Editorial Team"},"logo":{"@id":"https:\/\/i0.wp.com\/planitpower.com\/wp-content\/uploads\/2025\/12\/cropped-planitpower_circle_375x375.png?fit=512%2C512&ssl=1"},"sameAs":["https:\/\/Planitpower.com"]}]}},"jetpack_publicize_connections":[],"jetpack_likes_enabled":true,"jetpack_sharing_enabled":true,"jetpack-related-posts":[{"id":4865,"url":"https:\/\/planitpower.com\/fr\/boutique\/fibaro-walli-outlet-type-e\/","url_meta":{"origin":4861,"position":0},"title":"FIBARO Walli Outlet Type E","author":"Editorial Team","date":"21\/11\/2025","format":false,"excerpt":"Main Features Z-Wave smart control: Turn appliances on or off remotely and automate operations via compatible Z-Wave controllers. Energy monitoring: Tracks real-time and historical energy consumption of connected devices. Customisable LED ring: Adjust colours and brightness or use the ring as a status indicator. High-quality design: Modern, elegant finish that\u2026","rel":"","context":"Article similaire","block_context":{"text":"Article similaire","link":""},"img":{"alt_text":"FIBARO Walli Outlet (Type F) - planitpower","src":"https:\/\/i0.wp.com\/planitpower.com\/wp-content\/uploads\/2025\/11\/FIBARO-Walli-Outlet-Type-E-white-scaled.webp?fit=1200%2C1200&ssl=1&resize=350%2C200","width":350,"height":200,"srcset":"https:\/\/i0.wp.com\/planitpower.com\/wp-content\/uploads\/2025\/11\/FIBARO-Walli-Outlet-Type-E-white-scaled.webp?fit=1200%2C1200&ssl=1&resize=350%2C200 1x, https:\/\/i0.wp.com\/planitpower.com\/wp-content\/uploads\/2025\/11\/FIBARO-Walli-Outlet-Type-E-white-scaled.webp?fit=1200%2C1200&ssl=1&resize=525%2C300 1.5x, https:\/\/i0.wp.com\/planitpower.com\/wp-content\/uploads\/2025\/11\/FIBARO-Walli-Outlet-Type-E-white-scaled.webp?fit=1200%2C1200&ssl=1&resize=700%2C400 2x, https:\/\/i0.wp.com\/planitpower.com\/wp-content\/uploads\/2025\/11\/FIBARO-Walli-Outlet-Type-E-white-scaled.webp?fit=1200%2C1200&ssl=1&resize=1050%2C600 3x"},"classes":[]},{"id":5056,"url":"https:\/\/planitpower.com\/fr\/boutique\/controleur-fibaro-walli\/","url_meta":{"origin":4861,"position":1},"title":"Contr\u00f4leur FIBARO Walli","author":"Editorial Team","date":"23\/11\/2025","format":false,"excerpt":"Main features Advanced Z-Wave connectivity for secure, low-latency communication with your smart home ecosystem. Multi-click scene activation, allowing up to several actions such as single tap, double tap, or hold to trigger different automations. Customisable LED ring, enabling you to choose colours and brightness for visual feedback or ambient lighting.\u2026","rel":"","context":"Article similaire","block_context":{"text":"Article similaire","link":""},"img":{"alt_text":"FIBARO Walli Controller - planitpower","src":"https:\/\/i0.wp.com\/planitpower.com\/wp-content\/uploads\/2025\/11\/FIBARO-Walli-Controller-whiteEb8YpA7PFUUpx-scaled.webp?fit=1200%2C1200&ssl=1&resize=350%2C200","width":350,"height":200,"srcset":"https:\/\/i0.wp.com\/planitpower.com\/wp-content\/uploads\/2025\/11\/FIBARO-Walli-Controller-whiteEb8YpA7PFUUpx-scaled.webp?fit=1200%2C1200&ssl=1&resize=350%2C200 1x, https:\/\/i0.wp.com\/planitpower.com\/wp-content\/uploads\/2025\/11\/FIBARO-Walli-Controller-whiteEb8YpA7PFUUpx-scaled.webp?fit=1200%2C1200&ssl=1&resize=525%2C300 1.5x, https:\/\/i0.wp.com\/planitpower.com\/wp-content\/uploads\/2025\/11\/FIBARO-Walli-Controller-whiteEb8YpA7PFUUpx-scaled.webp?fit=1200%2C1200&ssl=1&resize=700%2C400 2x, https:\/\/i0.wp.com\/planitpower.com\/wp-content\/uploads\/2025\/11\/FIBARO-Walli-Controller-whiteEb8YpA7PFUUpx-scaled.webp?fit=1200%2C1200&ssl=1&resize=1050%2C600 3x"},"classes":[]},{"id":4905,"url":"https:\/\/planitpower.com\/fr\/boutique\/interrupteur-fibaro-walli\/","url_meta":{"origin":4861,"position":2},"title":"Interrupteur mural FIBARO","author":"Editorial Team","date":"21\/11\/2025","format":false,"excerpt":"Main features Dual-load control: switch or automate up to two separate circuits from a single device. Energy & active-power metering: track the consumption of connected loads in real-time. Z-Wave Plus wireless communication: fully compatible with modern Z-Wave controllers and supports network meshing for greater coverage. Stylish design: the Walli series\u2026","rel":"","context":"Article similaire","block_context":{"text":"Article similaire","link":""},"img":{"alt_text":"FIBARO Walli Switch - planitpower","src":"https:\/\/i0.wp.com\/planitpower.com\/wp-content\/uploads\/2025\/11\/FIBARO-Walli-Switch-white.webp?fit=1000%2C1000&ssl=1&resize=350%2C200","width":350,"height":200,"srcset":"https:\/\/i0.wp.com\/planitpower.com\/wp-content\/uploads\/2025\/11\/FIBARO-Walli-Switch-white.webp?fit=1000%2C1000&ssl=1&resize=350%2C200 1x, https:\/\/i0.wp.com\/planitpower.com\/wp-content\/uploads\/2025\/11\/FIBARO-Walli-Switch-white.webp?fit=1000%2C1000&ssl=1&resize=525%2C300 1.5x, https:\/\/i0.wp.com\/planitpower.com\/wp-content\/uploads\/2025\/11\/FIBARO-Walli-Switch-white.webp?fit=1000%2C1000&ssl=1&resize=700%2C400 2x"},"classes":[]},{"id":4874,"url":"https:\/\/planitpower.com\/fr\/boutique\/prise-murale-fibaro-type-f\/","url_meta":{"origin":4861,"position":3},"title":"Prise murale FIBARO (Type F)","author":"Editorial Team","date":"21\/11\/2025","format":false,"excerpt":"Caract\u00e9ristiques principales\u00a0: Contr\u00f4le intelligent \u00e0 distance des appareils connect\u00e9s via n\u2019importe quel hub compatible Z-Wave Plus. Surveillance de la consommation d\u2019\u00e9nergie en temps r\u00e9el avec relev\u00e9s d\u00e9taill\u00e9s pour une meilleure gestion \u00e9nerg\u00e9tique. Anneau LED multicolore indiquant visuellement le niveau de consommation. Protection contre les surcharges et les surtensions pour pr\u00e9venir les dommages aux appareils et aux prises. Installation plug-and-play\u2026","rel":"","context":"Article similaire","block_context":{"text":"Article similaire","link":""},"img":{"alt_text":"FIBARO Wall Plug Type F - planitpower - 3","src":"https:\/\/i0.wp.com\/planitpower.com\/wp-content\/uploads\/2025\/11\/FIBARO-Wall-Plug-Type-F-packaginggNEu6U9EZxgxv.webp?fit=1200%2C1200&ssl=1&resize=350%2C200","width":350,"height":200,"srcset":"https:\/\/i0.wp.com\/planitpower.com\/wp-content\/uploads\/2025\/11\/FIBARO-Wall-Plug-Type-F-packaginggNEu6U9EZxgxv.webp?fit=1200%2C1200&ssl=1&resize=350%2C200 1x, https:\/\/i0.wp.com\/planitpower.com\/wp-content\/uploads\/2025\/11\/FIBARO-Wall-Plug-Type-F-packaginggNEu6U9EZxgxv.webp?fit=1200%2C1200&ssl=1&resize=525%2C300 1.5x, https:\/\/i0.wp.com\/planitpower.com\/wp-content\/uploads\/2025\/11\/FIBARO-Wall-Plug-Type-F-packaginggNEu6U9EZxgxv.webp?fit=1200%2C1200&ssl=1&resize=700%2C400 2x, https:\/\/i0.wp.com\/planitpower.com\/wp-content\/uploads\/2025\/11\/FIBARO-Wall-Plug-Type-F-packaginggNEu6U9EZxgxv.webp?fit=1200%2C1200&ssl=1&resize=1050%2C600 3x"},"classes":[]},{"id":4880,"url":"https:\/\/planitpower.com\/fr\/boutique\/prise-murale-fibaro-type-e\/","url_meta":{"origin":4861,"position":4},"title":"Prise murale FIBARO (Type E)","author":"Editorial Team","date":"21\/11\/2025","format":false,"excerpt":"Caract\u00e9ristiques principales : Contr\u00f4le intelligent \u00e0 distance des appareils connect\u00e9s via Z-Wave\/Z-Wave Plus. Surveillance de la consommation d&#039;\u00e9nergie int\u00e9gr\u00e9e avec suivi pr\u00e9cis. Indicateur LED annulaire affichant la consommation en temps r\u00e9el. Protection contre les surcharges et arr\u00eat automatique des appareils pour une s\u00e9curit\u00e9 accrue. Conception ultra-compacte compatible avec la plupart des prises europ\u00e9ennes de type E. Prise en charge des sc\u00e9narios d&#039;automatisation et de la programmation via\u2026","rel":"","context":"Article similaire","block_context":{"text":"Article similaire","link":""},"img":{"alt_text":"FIBARO Wall Plug Type E smart plug - planitpower- 3","src":"https:\/\/i0.wp.com\/planitpower.com\/wp-content\/uploads\/2025\/11\/FIBARO-Wall-Plug-Typ-F.jpg?fit=1000%2C1000&ssl=1&resize=350%2C200","width":350,"height":200,"srcset":"https:\/\/i0.wp.com\/planitpower.com\/wp-content\/uploads\/2025\/11\/FIBARO-Wall-Plug-Typ-F.jpg?fit=1000%2C1000&ssl=1&resize=350%2C200 1x, https:\/\/i0.wp.com\/planitpower.com\/wp-content\/uploads\/2025\/11\/FIBARO-Wall-Plug-Typ-F.jpg?fit=1000%2C1000&ssl=1&resize=525%2C300 1.5x, https:\/\/i0.wp.com\/planitpower.com\/wp-content\/uploads\/2025\/11\/FIBARO-Wall-Plug-Typ-F.jpg?fit=1000%2C1000&ssl=1&resize=700%2C400 2x"},"classes":[]},{"id":4928,"url":"https:\/\/planitpower.com\/fr\/boutique\/fibaro-double-switch-2\/","url_meta":{"origin":4861,"position":5},"title":"FIBARO Double Switch 2","author":"Editorial Team","date":"21\/11\/2025","format":false,"excerpt":"Main Features Z-Wave Plus Technology for extended range, improved communication, and better energy efficiency. Dual independent channels enabling on\/off control of two separate electrical loads. Energy & Power Monitoring with instant reporting for each connected circuit. Compact design suitable for most standard flush-mounted boxes and switch installations. Scene activation support\u2026","rel":"","context":"Article similaire","block_context":{"text":"Article similaire","link":""},"img":{"alt_text":"FIBARO Double Switch 2 -planitpower - 2","src":"https:\/\/i0.wp.com\/planitpower.com\/wp-content\/uploads\/2025\/11\/FIBARO-Double-Switch-2-packaging-scaled.webp?fit=1200%2C1200&ssl=1&resize=350%2C200","width":350,"height":200,"srcset":"https:\/\/i0.wp.com\/planitpower.com\/wp-content\/uploads\/2025\/11\/FIBARO-Double-Switch-2-packaging-scaled.webp?fit=1200%2C1200&ssl=1&resize=350%2C200 1x, https:\/\/i0.wp.com\/planitpower.com\/wp-content\/uploads\/2025\/11\/FIBARO-Double-Switch-2-packaging-scaled.webp?fit=1200%2C1200&ssl=1&resize=525%2C300 1.5x, https:\/\/i0.wp.com\/planitpower.com\/wp-content\/uploads\/2025\/11\/FIBARO-Double-Switch-2-packaging-scaled.webp?fit=1200%2C1200&ssl=1&resize=700%2C400 2x, https:\/\/i0.wp.com\/planitpower.com\/wp-content\/uploads\/2025\/11\/FIBARO-Double-Switch-2-packaging-scaled.webp?fit=1200%2C1200&ssl=1&resize=1050%2C600 3x"},"classes":[]}],"_links":{"self":[{"href":"https:\/\/planitpower.com\/fr\/wp-json\/wp\/v2\/product\/4861","targetHints":{"allow":["GET"]}}],"collection":[{"href":"https:\/\/planitpower.com\/fr\/wp-json\/wp\/v2\/product"}],"about":[{"href":"https:\/\/planitpower.com\/fr\/wp-json\/wp\/v2\/types\/product"}],"replies":[{"embeddable":true,"href":"https:\/\/planitpower.com\/fr\/wp-json\/wp\/v2\/comments?post=4861"}],"version-history":[{"count":1,"href":"https:\/\/planitpower.com\/fr\/wp-json\/wp\/v2\/product\/4861\/revisions"}],"predecessor-version":[{"id":6008,"href":"https:\/\/planitpower.com\/fr\/wp-json\/wp\/v2\/product\/4861\/revisions\/6008"}],"wp:featuredmedia":[{"embeddable":true,"href":"https:\/\/planitpower.com\/fr\/wp-json\/wp\/v2\/media\/4862"}],"wp:attachment":[{"href":"https:\/\/planitpower.com\/fr\/wp-json\/wp\/v2\/media?parent=4861"}],"wp:term":[{"taxonomy":"product_brand","embeddable":true,"href":"https:\/\/planitpower.com\/fr\/wp-json\/wp\/v2\/product_brand?post=4861"},{"taxonomy":"product_cat","embeddable":true,"href":"https:\/\/planitpower.com\/fr\/wp-json\/wp\/v2\/product_cat?post=4861"},{"taxonomy":"product_tag","embeddable":true,"href":"https:\/\/planitpower.com\/fr\/wp-json\/wp\/v2\/product_tag?post=4861"}],"curies":[{"name":"wp","href":"https:\/\/api.w.org\/{rel}","templated":true}]}}