{"id":4905,"date":"2025-11-21T23:12:48","date_gmt":"2025-11-21T23:12:48","guid":{"rendered":"https:\/\/planitpower.com\/?post_type=product&#038;p=4905"},"modified":"2026-01-30T00:44:05","modified_gmt":"2026-01-30T00:44:05","slug":"interrupteur-fibaro-walli","status":"publish","type":"product","link":"https:\/\/planitpower.com\/fr\/boutique\/interrupteur-fibaro-walli\/","title":{"rendered":"Interrupteur mural FIBARO"},"content":{"rendered":"<h3 class=\"wp-block-heading\">Description<\/h3>\n\n\n\n<p>L&#039;interrupteur mural intelligent FIBARO Walli Switch est un module haut de gamme con\u00e7u pour remplacer les interrupteurs muraux classiques de votre installation \u00e9lectrique. Compatible avec les bo\u00eetiers d&#039;encastrement standard, il s&#039;int\u00e8gre parfaitement aux syst\u00e8mes domotiques gr\u00e2ce \u00e0 la technologie sans fil Z-Wave. Avec son esth\u00e9tique \u00e9l\u00e9gante inspir\u00e9e des perles et sa compatibilit\u00e9 avec les plaques de finition de marques telles que GIRA, Legrand et Schneider, le Walli Switch allie haute fonctionnalit\u00e9 et design d&#039;int\u00e9rieur raffin\u00e9.<br>L&#039;unit\u00e9 permet de contr\u00f4ler <strong>une ou deux charges ind\u00e9pendantes<\/strong> (Par exemple, deux circuits d&#039;\u00e9clairage) et int\u00e8gre un syst\u00e8me de surveillance de la consommation d&#039;\u00e9nergie. Id\u00e9al pour les utilisateurs recherchant \u00e0 la fois une automatisation intelligente et une analyse de leur consommation, l&#039;interrupteur Walli permet de contr\u00f4ler des appareils \u00e0 distance, de programmer des actions et de suivre la consommation directement depuis votre passerelle domotique ou votre application mobile.<br>L&#039;installation est simple (pour un \u00e9lectricien qualifi\u00e9) : elle n\u00e9cessite un fil neutre et une alimentation secteur standard, et s&#039;adapte aux bo\u00eetes d&#039;encastrement typiques de l&#039;UE (\u00d8 60 mm, profondeur \u2265 40 mm).<\/p>\n\n\n\n<h3 class=\"wp-block-heading\">Sp\u00e9cifications techniques<\/h3>\n\n\n\n<figure class=\"wp-block-table\"><table class=\"has-fixed-layout\"><thead><tr><th>Sp\u00e9cifications<\/th><th>Valeur<\/th><\/tr><\/thead><tbody><tr><td>Dimensions (H \u00d7 L \u00d7 P)<\/td><td>86 \u00d7 86 \u00d7 51 mm<\/td><\/tr><tr><td>Alimentation \u00e9lectrique<\/td><td>110-230 V ~ 50\/60 Hz<\/td><\/tr><tr><td>protection externe recommand\u00e9e<\/td><td>par exemple, un disjoncteur de type B de 10 A (UE) <\/td><\/tr><tr><td>Courant de charge nominal<\/td><td>13 A par canal, 16 A au total <\/td><\/tr><tr><td>Nombre de charges contr\u00f4l\u00e9es<\/td><td>1 ou 2 (par d\u00e9faut\u00a0: 2) <\/td><\/tr><tr><td>Types de charge pris en charge<\/td><td>Transformateurs incandescents, fluorescents, LED, \u00e9lectroniques et ferromagn\u00e9tiques<\/td><\/tr><tr><td>Protocole radio \/ technologie<\/td><td>Z-Wave Plus (puce s\u00e9rie 500)<\/td><\/tr><tr><td>Radiofr\u00e9quence \/ puissance<\/td><td>UE 868,4 ou 869,85 MHz\u00a0; PIRE max +6 dBm <\/td><\/tr><tr><td>Port\u00e9e sans fil<\/td><td>Jusqu&#039;\u00e0 environ 50 m en ext\u00e9rieur \/ environ 40 m en int\u00e9rieur (selon le b\u00e2timent) <\/td><\/tr><tr><td>Sp\u00e9cifications du bo\u00eetier d&#039;installation<\/td><td>Bo\u00eetier encastr\u00e9 \u00d8 60 mm, profondeur \u2265 40 mm<\/td><\/tr><tr><td>Temp\u00e9rature de fonctionnement<\/td><td>0-35 \u00b0C<\/td><\/tr><tr><td>Humidit\u00e9 ambiante<\/td><td>10-95% RH (sans condensation)<\/td><\/tr><\/tbody><\/table><\/figure>","protected":false},"excerpt":{"rendered":"<h3 data-start=\"1290\" data-end=\"1309\">Principales caract\u00e9ristiques<\/h3>\n<ul data-start=\"1310\" data-end=\"2111\">\n<li data-start=\"1310\" data-end=\"1401\">\n<p data-start=\"1312\" data-end=\"1401\">Commande de double charge\u00a0: commandez ou automatisez jusqu\u2019\u00e0 deux circuits distincts \u00e0 partir d\u2019un seul appareil.<\/p>\n<\/li>\n<li data-start=\"1402\" data-end=\"1492\">\n<p data-start=\"1404\" data-end=\"1492\">Mesure de l&#039;\u00e9nergie et de la puissance active\u00a0: suivez en temps r\u00e9el la consommation des charges connect\u00e9es.<\/p>\n<\/li>\n<li data-start=\"1493\" data-end=\"1631\">\n<p data-start=\"1495\" data-end=\"1631\">Communication sans fil Z-Wave Plus\u00a0: enti\u00e8rement compatible avec les contr\u00f4leurs Z-Wave modernes et prend en charge le maillage de r\u00e9seau pour une couverture plus \u00e9tendue.<\/p>\n<\/li>\n<li data-start=\"1632\" data-end=\"1806\">\n<p data-start=\"1634\" data-end=\"1806\">Design \u00e9l\u00e9gant\u00a0: la s\u00e9rie Walli propose une lunette inspir\u00e9e d\u2019une perle et prend en charge les fa\u00e7ades interchangeables des principaux fabricants, permettant ainsi d\u2019harmoniser son style avec votre int\u00e9rieur.<\/p>\n<\/li>\n<li data-start=\"1807\" data-end=\"1990\">\n<p data-start=\"1809\" data-end=\"1990\">Int\u00e9gration assistant vocal et maison connect\u00e9e\u00a0: lorsqu\u2019il est associ\u00e9 \u00e0 une passerelle compatible, il prend en charge le contr\u00f4le \u00e0 distance via une application mobile ou des assistants vocaux (par exemple, Google Assistant \/ Amazon Alexa).<\/p>\n<\/li>\n<li data-start=\"1991\" data-end=\"2111\">\n<p data-start=\"1993\" data-end=\"2111\">Compatibilit\u00e9 de charge polyvalente\u00a0: prend en charge les charges \u00e0 incandescence, LED, fluorescentes, \u00e9lectroniques et \u00e0 transformateur ferromagn\u00e9tique.<\/p>\n<\/li>\n<\/ul>","protected":false},"featured_media":4906,"comment_status":"open","ping_status":"closed","template":"","meta":{"jetpack_post_was_ever_published":false,"jetpack_publicize_message":"","jetpack_publicize_feature_enabled":false,"jetpack_social_post_already_shared":false,"jetpack_social_options":{"image_generator_settings":{"template":"highway","default_image_id":0,"font":"","enabled":false},"version":2}},"product_brand":[157],"product_cat":[164],"product_tag":[],"class_list":{"0":"post-4905","1":"product","2":"type-product","3":"status-publish","4":"has-post-thumbnail","6":"product_brand-fibaro","7":"product_cat-dimmers","9":"first","10":"instock","11":"taxable","12":"shipping-taxable","13":"purchasable","14":"product-type-simple"},"yoast_head":"<!-- This site is optimized with the Yoast SEO plugin v27.4 - https:\/\/yoast.com\/product\/yoast-seo-wordpress\/ -->\n<title>FIBARO Walli Switch - Planitpower<\/title>\n<meta name=\"description\" content=\"Discover the FIBARO Walli Switch \u2013 a sleek Z-Wave smart wall switch offering dual-load control, energy monitoring and elegant design.\" \/>\n<meta name=\"robots\" content=\"index, follow, max-snippet:-1, max-image-preview:large, max-video-preview:-1\" \/>\n<link rel=\"canonical\" href=\"https:\/\/planitpower.com\/fr\/boutique\/interrupteur-fibaro-walli\/\" \/>\n<meta property=\"og:locale\" content=\"fr_FR\" \/>\n<meta property=\"og:type\" content=\"article\" \/>\n<meta property=\"og:title\" content=\"FIBARO Walli Switch - Planitpower\" \/>\n<meta property=\"og:description\" content=\"Discover the FIBARO Walli Switch \u2013 a sleek Z-Wave smart wall switch offering dual-load control, energy monitoring and elegant design.\" \/>\n<meta property=\"og:url\" content=\"https:\/\/planitpower.com\/fr\/boutique\/interrupteur-fibaro-walli\/\" \/>\n<meta property=\"og:site_name\" content=\"Planitpower\" \/>\n<meta property=\"article:modified_time\" content=\"2026-01-30T00:44:05+00:00\" \/>\n<meta property=\"og:image\" content=\"https:\/\/i0.wp.com\/planitpower.com\/wp-content\/uploads\/2025\/11\/FIBARO-Walli-Switch-white.webp?fit=1000%2C1000&ssl=1\" \/>\n\t<meta property=\"og:image:width\" content=\"1000\" \/>\n\t<meta property=\"og:image:height\" content=\"1000\" \/>\n\t<meta property=\"og:image:type\" content=\"image\/webp\" \/>\n<meta name=\"twitter:card\" content=\"summary_large_image\" \/>\n<meta name=\"twitter:label1\" content=\"Dur\u00e9e de lecture estim\u00e9e\" \/>\n\t<meta name=\"twitter:data1\" content=\"2 minutes\" \/>\n<script type=\"application\/ld+json\" class=\"yoast-schema-graph\">{\"@context\":\"https:\\\/\\\/schema.org\",\"@graph\":[{\"@type\":\"WebPage\",\"@id\":\"https:\\\/\\\/planitpower.com\\\/shop\\\/fibaro-walli-switch\\\/\",\"url\":\"https:\\\/\\\/planitpower.com\\\/shop\\\/fibaro-walli-switch\\\/\",\"name\":\"FIBARO Walli Switch - Planitpower\",\"isPartOf\":{\"@id\":\"https:\\\/\\\/planitpower.com\\\/#website\"},\"primaryImageOfPage\":{\"@id\":\"https:\\\/\\\/planitpower.com\\\/shop\\\/fibaro-walli-switch\\\/#primaryimage\"},\"image\":{\"@id\":\"https:\\\/\\\/planitpower.com\\\/shop\\\/fibaro-walli-switch\\\/#primaryimage\"},\"thumbnailUrl\":\"https:\\\/\\\/i0.wp.com\\\/planitpower.com\\\/wp-content\\\/uploads\\\/2025\\\/11\\\/FIBARO-Walli-Switch-white.webp?fit=1000%2C1000&ssl=1\",\"datePublished\":\"2025-11-21T23:12:48+00:00\",\"dateModified\":\"2026-01-30T00:44:05+00:00\",\"description\":\"Discover the FIBARO Walli Switch \u2013 a sleek Z-Wave smart wall switch offering dual-load control, energy monitoring and elegant design.\",\"breadcrumb\":{\"@id\":\"https:\\\/\\\/planitpower.com\\\/shop\\\/fibaro-walli-switch\\\/#breadcrumb\"},\"inLanguage\":\"fr-FR\",\"potentialAction\":[{\"@type\":\"ReadAction\",\"target\":[\"https:\\\/\\\/planitpower.com\\\/shop\\\/fibaro-walli-switch\\\/\"]}]},{\"@type\":\"ImageObject\",\"inLanguage\":\"fr-FR\",\"@id\":\"https:\\\/\\\/planitpower.com\\\/shop\\\/fibaro-walli-switch\\\/#primaryimage\",\"url\":\"https:\\\/\\\/i0.wp.com\\\/planitpower.com\\\/wp-content\\\/uploads\\\/2025\\\/11\\\/FIBARO-Walli-Switch-white.webp?fit=1000%2C1000&ssl=1\",\"contentUrl\":\"https:\\\/\\\/i0.wp.com\\\/planitpower.com\\\/wp-content\\\/uploads\\\/2025\\\/11\\\/FIBARO-Walli-Switch-white.webp?fit=1000%2C1000&ssl=1\",\"width\":1000,\"height\":1000,\"caption\":\"FIBARO Walli Switch - planitpower\"},{\"@type\":\"BreadcrumbList\",\"@id\":\"https:\\\/\\\/planitpower.com\\\/shop\\\/fibaro-walli-switch\\\/#breadcrumb\",\"itemListElement\":[{\"@type\":\"ListItem\",\"position\":1,\"name\":\"Home\",\"item\":\"https:\\\/\\\/planitpower.com\\\/\"},{\"@type\":\"ListItem\",\"position\":2,\"name\":\"SHOP\",\"item\":\"https:\\\/\\\/planitpower.com\\\/shop\\\/\"},{\"@type\":\"ListItem\",\"position\":3,\"name\":\"FIBARO Walli Switch\"}]},{\"@type\":\"WebSite\",\"@id\":\"https:\\\/\\\/planitpower.com\\\/#website\",\"url\":\"https:\\\/\\\/planitpower.com\\\/\",\"name\":\"Planitpower\",\"description\":\"Inspire energy\",\"publisher\":{\"@id\":\"https:\\\/\\\/planitpower.com\\\/#\\\/schema\\\/person\\\/b531587eda267b930b04174d12de6efa\"},\"potentialAction\":[{\"@type\":\"SearchAction\",\"target\":{\"@type\":\"EntryPoint\",\"urlTemplate\":\"https:\\\/\\\/planitpower.com\\\/?s={search_term_string}\"},\"query-input\":{\"@type\":\"PropertyValueSpecification\",\"valueRequired\":true,\"valueName\":\"search_term_string\"}}],\"inLanguage\":\"fr-FR\"},{\"@type\":[\"Person\",\"Organization\"],\"@id\":\"https:\\\/\\\/planitpower.com\\\/#\\\/schema\\\/person\\\/b531587eda267b930b04174d12de6efa\",\"name\":\"Editorial Team\",\"image\":{\"@type\":\"ImageObject\",\"inLanguage\":\"fr-FR\",\"@id\":\"https:\\\/\\\/i0.wp.com\\\/planitpower.com\\\/wp-content\\\/uploads\\\/2025\\\/12\\\/cropped-planitpower_circle_375x375.png?fit=512%2C512&ssl=1\",\"url\":\"https:\\\/\\\/i0.wp.com\\\/planitpower.com\\\/wp-content\\\/uploads\\\/2025\\\/12\\\/cropped-planitpower_circle_375x375.png?fit=512%2C512&ssl=1\",\"contentUrl\":\"https:\\\/\\\/i0.wp.com\\\/planitpower.com\\\/wp-content\\\/uploads\\\/2025\\\/12\\\/cropped-planitpower_circle_375x375.png?fit=512%2C512&ssl=1\",\"width\":512,\"height\":512,\"caption\":\"Editorial Team\"},\"logo\":{\"@id\":\"https:\\\/\\\/i0.wp.com\\\/planitpower.com\\\/wp-content\\\/uploads\\\/2025\\\/12\\\/cropped-planitpower_circle_375x375.png?fit=512%2C512&ssl=1\"},\"sameAs\":[\"https:\\\/\\\/Planitpower.com\"]}]}<\/script>\n<!-- \/ Yoast SEO plugin. -->","yoast_head_json":{"title":"Interrupteur mural FIBARO - Planitpower","description":"D\u00e9couvrez l&#039;interrupteur mural intelligent FIBARO Walli Switch \u2013 un interrupteur mural Z-Wave \u00e9l\u00e9gant offrant un contr\u00f4le de double charge, une surveillance de la consommation d&#039;\u00e9nergie et un design raffin\u00e9.","robots":{"index":"index","follow":"follow","max-snippet":"max-snippet:-1","max-image-preview":"max-image-preview:large","max-video-preview":"max-video-preview:-1"},"canonical":"https:\/\/planitpower.com\/fr\/boutique\/interrupteur-fibaro-walli\/","og_locale":"fr_FR","og_type":"article","og_title":"FIBARO Walli Switch - Planitpower","og_description":"Discover the FIBARO Walli Switch \u2013 a sleek Z-Wave smart wall switch offering dual-load control, energy monitoring and elegant design.","og_url":"https:\/\/planitpower.com\/fr\/boutique\/interrupteur-fibaro-walli\/","og_site_name":"Planitpower","article_modified_time":"2026-01-30T00:44:05+00:00","og_image":[{"width":1000,"height":1000,"url":"https:\/\/i0.wp.com\/planitpower.com\/wp-content\/uploads\/2025\/11\/FIBARO-Walli-Switch-white.webp?fit=1000%2C1000&ssl=1","type":"image\/webp"}],"twitter_card":"summary_large_image","twitter_misc":{"Dur\u00e9e de lecture estim\u00e9e":"2 minutes"},"schema":{"@context":"https:\/\/schema.org","@graph":[{"@type":"WebPage","@id":"https:\/\/planitpower.com\/shop\/fibaro-walli-switch\/","url":"https:\/\/planitpower.com\/shop\/fibaro-walli-switch\/","name":"Interrupteur mural FIBARO - Planitpower","isPartOf":{"@id":"https:\/\/planitpower.com\/#website"},"primaryImageOfPage":{"@id":"https:\/\/planitpower.com\/shop\/fibaro-walli-switch\/#primaryimage"},"image":{"@id":"https:\/\/planitpower.com\/shop\/fibaro-walli-switch\/#primaryimage"},"thumbnailUrl":"https:\/\/i0.wp.com\/planitpower.com\/wp-content\/uploads\/2025\/11\/FIBARO-Walli-Switch-white.webp?fit=1000%2C1000&ssl=1","datePublished":"2025-11-21T23:12:48+00:00","dateModified":"2026-01-30T00:44:05+00:00","description":"D\u00e9couvrez l&#039;interrupteur mural intelligent FIBARO Walli Switch \u2013 un interrupteur mural Z-Wave \u00e9l\u00e9gant offrant un contr\u00f4le de double charge, une surveillance de la consommation d&#039;\u00e9nergie et un design raffin\u00e9.","breadcrumb":{"@id":"https:\/\/planitpower.com\/shop\/fibaro-walli-switch\/#breadcrumb"},"inLanguage":"fr-FR","potentialAction":[{"@type":"ReadAction","target":["https:\/\/planitpower.com\/shop\/fibaro-walli-switch\/"]}]},{"@type":"ImageObject","inLanguage":"fr-FR","@id":"https:\/\/planitpower.com\/shop\/fibaro-walli-switch\/#primaryimage","url":"https:\/\/i0.wp.com\/planitpower.com\/wp-content\/uploads\/2025\/11\/FIBARO-Walli-Switch-white.webp?fit=1000%2C1000&ssl=1","contentUrl":"https:\/\/i0.wp.com\/planitpower.com\/wp-content\/uploads\/2025\/11\/FIBARO-Walli-Switch-white.webp?fit=1000%2C1000&ssl=1","width":1000,"height":1000,"caption":"FIBARO Walli Switch - planitpower"},{"@type":"BreadcrumbList","@id":"https:\/\/planitpower.com\/shop\/fibaro-walli-switch\/#breadcrumb","itemListElement":[{"@type":"ListItem","position":1,"name":"Home","item":"https:\/\/planitpower.com\/"},{"@type":"ListItem","position":2,"name":"SHOP","item":"https:\/\/planitpower.com\/shop\/"},{"@type":"ListItem","position":3,"name":"FIBARO Walli Switch"}]},{"@type":"WebSite","@id":"https:\/\/planitpower.com\/#website","url":"https:\/\/planitpower.com\/","name":"Planitpower","description":"Inspirons l'\u00e9nergie!","publisher":{"@id":"https:\/\/planitpower.com\/#\/schema\/person\/b531587eda267b930b04174d12de6efa"},"potentialAction":[{"@type":"SearchAction","target":{"@type":"EntryPoint","urlTemplate":"https:\/\/planitpower.com\/?s={search_term_string}"},"query-input":{"@type":"PropertyValueSpecification","valueRequired":true,"valueName":"search_term_string"}}],"inLanguage":"fr-FR"},{"@type":["Person","Organization"],"@id":"https:\/\/planitpower.com\/#\/schema\/person\/b531587eda267b930b04174d12de6efa","name":"Equipe \u00e9ditoriale","image":{"@type":"ImageObject","inLanguage":"fr-FR","@id":"https:\/\/i0.wp.com\/planitpower.com\/wp-content\/uploads\/2025\/12\/cropped-planitpower_circle_375x375.png?fit=512%2C512&ssl=1","url":"https:\/\/i0.wp.com\/planitpower.com\/wp-content\/uploads\/2025\/12\/cropped-planitpower_circle_375x375.png?fit=512%2C512&ssl=1","contentUrl":"https:\/\/i0.wp.com\/planitpower.com\/wp-content\/uploads\/2025\/12\/cropped-planitpower_circle_375x375.png?fit=512%2C512&ssl=1","width":512,"height":512,"caption":"Editorial Team"},"logo":{"@id":"https:\/\/i0.wp.com\/planitpower.com\/wp-content\/uploads\/2025\/12\/cropped-planitpower_circle_375x375.png?fit=512%2C512&ssl=1"},"sameAs":["https:\/\/Planitpower.com"]}]}},"jetpack_publicize_connections":[],"jetpack_likes_enabled":true,"jetpack_sharing_enabled":true,"jetpack-related-posts":[{"id":5056,"url":"https:\/\/planitpower.com\/fr\/boutique\/controleur-fibaro-walli\/","url_meta":{"origin":4905,"position":0},"title":"Contr\u00f4leur FIBARO Walli","author":"Editorial Team","date":"23\/11\/2025","format":false,"excerpt":"Main features Advanced Z-Wave connectivity for secure, low-latency communication with your smart home ecosystem. Multi-click scene activation, allowing up to several actions such as single tap, double tap, or hold to trigger different automations. Customisable LED ring, enabling you to choose colours and brightness for visual feedback or ambient lighting.\u2026","rel":"","context":"Article similaire","block_context":{"text":"Article similaire","link":""},"img":{"alt_text":"FIBARO Walli Controller - planitpower","src":"https:\/\/i0.wp.com\/planitpower.com\/wp-content\/uploads\/2025\/11\/FIBARO-Walli-Controller-whiteEb8YpA7PFUUpx-scaled.webp?fit=1200%2C1200&ssl=1&resize=350%2C200","width":350,"height":200,"srcset":"https:\/\/i0.wp.com\/planitpower.com\/wp-content\/uploads\/2025\/11\/FIBARO-Walli-Controller-whiteEb8YpA7PFUUpx-scaled.webp?fit=1200%2C1200&ssl=1&resize=350%2C200 1x, https:\/\/i0.wp.com\/planitpower.com\/wp-content\/uploads\/2025\/11\/FIBARO-Walli-Controller-whiteEb8YpA7PFUUpx-scaled.webp?fit=1200%2C1200&ssl=1&resize=525%2C300 1.5x, https:\/\/i0.wp.com\/planitpower.com\/wp-content\/uploads\/2025\/11\/FIBARO-Walli-Controller-whiteEb8YpA7PFUUpx-scaled.webp?fit=1200%2C1200&ssl=1&resize=700%2C400 2x, https:\/\/i0.wp.com\/planitpower.com\/wp-content\/uploads\/2025\/11\/FIBARO-Walli-Controller-whiteEb8YpA7PFUUpx-scaled.webp?fit=1200%2C1200&ssl=1&resize=1050%2C600 3x"},"classes":[]},{"id":4865,"url":"https:\/\/planitpower.com\/fr\/boutique\/fibaro-walli-outlet-type-e\/","url_meta":{"origin":4905,"position":1},"title":"FIBARO Walli Outlet Type E","author":"Editorial Team","date":"21\/11\/2025","format":false,"excerpt":"Main Features Z-Wave smart control: Turn appliances on or off remotely and automate operations via compatible Z-Wave controllers. Energy monitoring: Tracks real-time and historical energy consumption of connected devices. Customisable LED ring: Adjust colours and brightness or use the ring as a status indicator. High-quality design: Modern, elegant finish that\u2026","rel":"","context":"Article similaire","block_context":{"text":"Article similaire","link":""},"img":{"alt_text":"FIBARO Walli Outlet (Type F) - planitpower","src":"https:\/\/i0.wp.com\/planitpower.com\/wp-content\/uploads\/2025\/11\/FIBARO-Walli-Outlet-Type-E-white-scaled.webp?fit=1200%2C1200&ssl=1&resize=350%2C200","width":350,"height":200,"srcset":"https:\/\/i0.wp.com\/planitpower.com\/wp-content\/uploads\/2025\/11\/FIBARO-Walli-Outlet-Type-E-white-scaled.webp?fit=1200%2C1200&ssl=1&resize=350%2C200 1x, https:\/\/i0.wp.com\/planitpower.com\/wp-content\/uploads\/2025\/11\/FIBARO-Walli-Outlet-Type-E-white-scaled.webp?fit=1200%2C1200&ssl=1&resize=525%2C300 1.5x, https:\/\/i0.wp.com\/planitpower.com\/wp-content\/uploads\/2025\/11\/FIBARO-Walli-Outlet-Type-E-white-scaled.webp?fit=1200%2C1200&ssl=1&resize=700%2C400 2x, https:\/\/i0.wp.com\/planitpower.com\/wp-content\/uploads\/2025\/11\/FIBARO-Walli-Outlet-Type-E-white-scaled.webp?fit=1200%2C1200&ssl=1&resize=1050%2C600 3x"},"classes":[]},{"id":4861,"url":"https:\/\/planitpower.com\/fr\/boutique\/fibaro-walli-outlet-type-f\/","url_meta":{"origin":4905,"position":2},"title":"FIBARO Walli Outlet (Type F)","author":"Editorial Team","date":"21\/11\/2025","format":false,"excerpt":"Main Features Z-Wave Plus technology for fast, secure and reliable communication within your smart home network. Remote control of connected devices through your smart home hub or mobile app. Real-time energy monitoring to track consumption and optimize household energy usage. Customizable LED ring that displays status, energy use levels, or\u2026","rel":"","context":"Article similaire","block_context":{"text":"Article similaire","link":""},"img":{"alt_text":"FIBARO Walli Outlet (Type F) - planitpower","src":"https:\/\/i0.wp.com\/planitpower.com\/wp-content\/uploads\/2025\/11\/FIBARO-Walli-Outlet-Type-E-white-scaled.webp?fit=1200%2C1200&ssl=1&resize=350%2C200","width":350,"height":200,"srcset":"https:\/\/i0.wp.com\/planitpower.com\/wp-content\/uploads\/2025\/11\/FIBARO-Walli-Outlet-Type-E-white-scaled.webp?fit=1200%2C1200&ssl=1&resize=350%2C200 1x, https:\/\/i0.wp.com\/planitpower.com\/wp-content\/uploads\/2025\/11\/FIBARO-Walli-Outlet-Type-E-white-scaled.webp?fit=1200%2C1200&ssl=1&resize=525%2C300 1.5x, https:\/\/i0.wp.com\/planitpower.com\/wp-content\/uploads\/2025\/11\/FIBARO-Walli-Outlet-Type-E-white-scaled.webp?fit=1200%2C1200&ssl=1&resize=700%2C400 2x, https:\/\/i0.wp.com\/planitpower.com\/wp-content\/uploads\/2025\/11\/FIBARO-Walli-Outlet-Type-E-white-scaled.webp?fit=1200%2C1200&ssl=1&resize=1050%2C600 3x"},"classes":[]},{"id":4928,"url":"https:\/\/planitpower.com\/fr\/boutique\/fibaro-double-switch-2\/","url_meta":{"origin":4905,"position":3},"title":"FIBARO Double Switch 2","author":"Editorial Team","date":"21\/11\/2025","format":false,"excerpt":"Main Features Z-Wave Plus Technology for extended range, improved communication, and better energy efficiency. Dual independent channels enabling on\/off control of two separate electrical loads. Energy & Power Monitoring with instant reporting for each connected circuit. Compact design suitable for most standard flush-mounted boxes and switch installations. Scene activation support\u2026","rel":"","context":"Article similaire","block_context":{"text":"Article similaire","link":""},"img":{"alt_text":"FIBARO Double Switch 2 -planitpower - 2","src":"https:\/\/i0.wp.com\/planitpower.com\/wp-content\/uploads\/2025\/11\/FIBARO-Double-Switch-2-packaging-scaled.webp?fit=1200%2C1200&ssl=1&resize=350%2C200","width":350,"height":200,"srcset":"https:\/\/i0.wp.com\/planitpower.com\/wp-content\/uploads\/2025\/11\/FIBARO-Double-Switch-2-packaging-scaled.webp?fit=1200%2C1200&ssl=1&resize=350%2C200 1x, https:\/\/i0.wp.com\/planitpower.com\/wp-content\/uploads\/2025\/11\/FIBARO-Double-Switch-2-packaging-scaled.webp?fit=1200%2C1200&ssl=1&resize=525%2C300 1.5x, https:\/\/i0.wp.com\/planitpower.com\/wp-content\/uploads\/2025\/11\/FIBARO-Double-Switch-2-packaging-scaled.webp?fit=1200%2C1200&ssl=1&resize=700%2C400 2x, https:\/\/i0.wp.com\/planitpower.com\/wp-content\/uploads\/2025\/11\/FIBARO-Double-Switch-2-packaging-scaled.webp?fit=1200%2C1200&ssl=1&resize=1050%2C600 3x"},"classes":[]},{"id":4949,"url":"https:\/\/planitpower.com\/fr\/boutique\/volet-roulant-fibaro-4\/","url_meta":{"origin":4905,"position":4},"title":"Volet roulant FIBARO 4","author":"Editorial Team","date":"22\/11\/2025","format":false,"excerpt":"Main features Precise control of roller blinds, shutters and Venetian slats with percentage-based positioning. Built-in active energy monitoring to track real-time and cumulative power consumption. Based on Z-Wave 800 technology for improved range, lower energy use and enhanced wireless stability. Supports secure S0 and S2 communication modes for increased data\u2026","rel":"","context":"Article similaire","block_context":{"text":"Article similaire","link":""},"img":{"alt_text":"FIBARO Roller Shutter 4 -planitpower - 1","src":"https:\/\/i0.wp.com\/planitpower.com\/wp-content\/uploads\/2025\/11\/Fibaro-Roller-Shutter4-Package.webp?fit=1200%2C1200&ssl=1&resize=350%2C200","width":350,"height":200,"srcset":"https:\/\/i0.wp.com\/planitpower.com\/wp-content\/uploads\/2025\/11\/Fibaro-Roller-Shutter4-Package.webp?fit=1200%2C1200&ssl=1&resize=350%2C200 1x, https:\/\/i0.wp.com\/planitpower.com\/wp-content\/uploads\/2025\/11\/Fibaro-Roller-Shutter4-Package.webp?fit=1200%2C1200&ssl=1&resize=525%2C300 1.5x, https:\/\/i0.wp.com\/planitpower.com\/wp-content\/uploads\/2025\/11\/Fibaro-Roller-Shutter4-Package.webp?fit=1200%2C1200&ssl=1&resize=700%2C400 2x, https:\/\/i0.wp.com\/planitpower.com\/wp-content\/uploads\/2025\/11\/Fibaro-Roller-Shutter4-Package.webp?fit=1200%2C1200&ssl=1&resize=1050%2C600 3x"},"classes":[]},{"id":4938,"url":"https:\/\/planitpower.com\/fr\/boutique\/implant-intelligent-fibaro\/","url_meta":{"origin":4905,"position":5},"title":"Implant intelligent FIBARO","author":"Editorial Team","date":"22\/11\/2025","format":false,"excerpt":"Main Features Z-Wave Plus connectivity for wide interoperability with certified controllers. Transform wired devices into smart devices, including sensors, switches, and relays. Two independent low-voltage outputs for controlling external equipment. Supports multiple sensor types, such as DS18B20 temperature probes and DHT22 humidity sensors. Six multi-functional input terminals for dry contact\u2026","rel":"","context":"Article similaire","block_context":{"text":"Article similaire","link":""},"img":{"alt_text":"FIBARO Smart Implant - planitpower - 1","src":"https:\/\/i0.wp.com\/planitpower.com\/wp-content\/uploads\/2025\/11\/smart-implant-packaging.jpg?fit=701%2C860&ssl=1&resize=350%2C200","width":350,"height":200,"srcset":"https:\/\/i0.wp.com\/planitpower.com\/wp-content\/uploads\/2025\/11\/smart-implant-packaging.jpg?fit=701%2C860&ssl=1&resize=350%2C200 1x, https:\/\/i0.wp.com\/planitpower.com\/wp-content\/uploads\/2025\/11\/smart-implant-packaging.jpg?fit=701%2C860&ssl=1&resize=525%2C300 1.5x, https:\/\/i0.wp.com\/planitpower.com\/wp-content\/uploads\/2025\/11\/smart-implant-packaging.jpg?fit=701%2C860&ssl=1&resize=700%2C400 2x"},"classes":[]}],"_links":{"self":[{"href":"https:\/\/planitpower.com\/fr\/wp-json\/wp\/v2\/product\/4905","targetHints":{"allow":["GET"]}}],"collection":[{"href":"https:\/\/planitpower.com\/fr\/wp-json\/wp\/v2\/product"}],"about":[{"href":"https:\/\/planitpower.com\/fr\/wp-json\/wp\/v2\/types\/product"}],"replies":[{"embeddable":true,"href":"https:\/\/planitpower.com\/fr\/wp-json\/wp\/v2\/comments?post=4905"}],"version-history":[{"count":1,"href":"https:\/\/planitpower.com\/fr\/wp-json\/wp\/v2\/product\/4905\/revisions"}],"predecessor-version":[{"id":6004,"href":"https:\/\/planitpower.com\/fr\/wp-json\/wp\/v2\/product\/4905\/revisions\/6004"}],"wp:featuredmedia":[{"embeddable":true,"href":"https:\/\/planitpower.com\/fr\/wp-json\/wp\/v2\/media\/4906"}],"wp:attachment":[{"href":"https:\/\/planitpower.com\/fr\/wp-json\/wp\/v2\/media?parent=4905"}],"wp:term":[{"taxonomy":"product_brand","embeddable":true,"href":"https:\/\/planitpower.com\/fr\/wp-json\/wp\/v2\/product_brand?post=4905"},{"taxonomy":"product_cat","embeddable":true,"href":"https:\/\/planitpower.com\/fr\/wp-json\/wp\/v2\/product_cat?post=4905"},{"taxonomy":"product_tag","embeddable":true,"href":"https:\/\/planitpower.com\/fr\/wp-json\/wp\/v2\/product_tag?post=4905"}],"curies":[{"name":"wp","href":"https:\/\/api.w.org\/{rel}","templated":true}]}}