{"id":4949,"date":"2025-11-22T23:23:42","date_gmt":"2025-11-22T23:23:42","guid":{"rendered":"https:\/\/planitpower.com\/?post_type=product&#038;p=4949"},"modified":"2026-01-30T00:42:04","modified_gmt":"2026-01-30T00:42:04","slug":"volet-roulant-fibaro-4","status":"publish","type":"product","link":"https:\/\/planitpower.com\/fr\/boutique\/volet-roulant-fibaro-4\/","title":{"rendered":"Volet roulant FIBARO 4"},"content":{"rendered":"<p>Le FIBARO Roller Shutter 4 est un contr\u00f4leur automatique compact con\u00e7u pour une gestion intelligente des volets roulants motoris\u00e9s, stores, persiennes, rideaux et autres \u00e9quipements similaires. Bas\u00e9 sur la puce Z-Wave s\u00e9rie 800, il offre une port\u00e9e sans fil \u00e9tendue, une communication s\u00e9curis\u00e9e et une compatibilit\u00e9 totale avec les r\u00e9seaux Z-Wave. Install\u00e9 derri\u00e8re un interrupteur mural classique, il transforme une installation \u00e9lectrique standard en une solution intelligente et automatis\u00e9e, capable de positionner les lames de stores ou de volets avec pr\u00e9cision et de contr\u00f4ler la consommation d&#039;\u00e9nergie. Son installation est simplifi\u00e9e gr\u00e2ce \u00e0 des connecteurs enfichables et un pontage int\u00e9gr\u00e9 pour les phases et le neutre, permettant une int\u00e9gration facile dans la plupart des bo\u00eetiers d&#039;encastrement standard.<\/p>\n\n\n\n<h2 class=\"wp-block-heading\"><strong>sp\u00e9cifications techniques<\/strong><\/h2>\n\n\n\n<figure class=\"wp-block-table\"><table class=\"has-fixed-layout\"><thead><tr><th><strong>Param\u00e8tres<\/strong><\/th><th><strong>D\u00e9tails<\/strong><\/th><\/tr><\/thead><tbody><tr><td>Alimentation \u00e9lectrique<\/td><td>100\u2013240 V CA, 50\/60 Hz<\/td><\/tr><tr><td>Charge maximale<\/td><td>2 A pour les moteurs \u00e0 facteur de puissance compens\u00e9<\/td><\/tr><tr><td>Type de moteur pris en charge<\/td><td>Moteurs \u00e0 courant alternatif monophas\u00e9s avec interrupteurs de fin de course m\u00e9caniques ou \u00e9lectroniques<\/td><\/tr><tr><td>Protocole sans fil<\/td><td>Z-Wave (puce s\u00e9rie 800)<\/td><\/tr><tr><td>Fr\u00e9quence radio (UE)<\/td><td>868,4 MHz, 869,85 MHz<\/td><\/tr><tr><td>Gamme<\/td><td>Jusqu&#039;\u00e0 100 m en ext\u00e9rieur, jusqu&#039;\u00e0 30 m en int\u00e9rieur (selon les mat\u00e9riaux de construction)<\/td><\/tr><tr><td>Mesure de l&#039;\u00e9nergie<\/td><td>Consommation d&#039;\u00e9nergie et de puissance active<\/td><\/tr><tr><td>Compatibilit\u00e9 avec Switch<\/td><td>Interrupteurs momentan\u00e9s, \u00e0 bascule, \u00e0 stores<\/td><\/tr><tr><td>Bo\u00eete d&#039;installation<\/td><td>Profondeur minimale 60 mm<\/td><\/tr><tr><td>Temp\u00e9rature de fonctionnement<\/td><td>0\u00b0C \u00e0 35\u00b0C<\/td><\/tr><tr><td>Dimensions<\/td><td>46 \u00d7 36 \u00d7 19,9 mm<\/td><\/tr><tr><td>Conformit\u00e9<\/td><td>Normes RoHS et RED<\/td><\/tr><\/tbody><\/table><\/figure>","protected":false},"excerpt":{"rendered":"<h2 data-start=\"1492\" data-end=\"1514\"><strong data-start=\"1495\" data-end=\"1512\">Principales caract\u00e9ristiques<\/strong><\/h2>\n<ul data-start=\"1515\" data-end=\"2387\">\n<li data-start=\"1515\" data-end=\"1615\">\n<p data-start=\"1517\" data-end=\"1615\">Contr\u00f4le pr\u00e9cis des stores enrouleurs, volets et lamelles v\u00e9nitiennes gr\u00e2ce \u00e0 un positionnement bas\u00e9 sur des pourcentages.<\/p>\n<\/li>\n<li data-start=\"1616\" data-end=\"1706\">\n<p data-start=\"1618\" data-end=\"1706\">Syst\u00e8me int\u00e9gr\u00e9 de surveillance active de la consommation d&#039;\u00e9nergie pour suivre la consommation en temps r\u00e9el et cumul\u00e9e.<\/p>\n<\/li>\n<li data-start=\"1707\" data-end=\"1811\">\n<p data-start=\"1709\" data-end=\"1811\">Bas\u00e9 sur la technologie Z-Wave 800 pour une port\u00e9e am\u00e9lior\u00e9e, une consommation d&#039;\u00e9nergie r\u00e9duite et une stabilit\u00e9 sans fil accrue.<\/p>\n<\/li>\n<li data-start=\"1812\" data-end=\"1892\">\n<p data-start=\"1814\" data-end=\"1892\">Prend en charge les modes de communication s\u00e9curis\u00e9s S0 et S2 pour une protection accrue des donn\u00e9es.<\/p>\n<\/li>\n<li data-start=\"1893\" data-end=\"1973\">\n<p data-start=\"1895\" data-end=\"1973\">Compatible avec les moteurs \u00e0 courant alternatif dot\u00e9s de fins de course m\u00e9caniques ou \u00e9lectroniques.<\/p>\n<\/li>\n<li data-start=\"1974\" data-end=\"2068\">\n<p data-start=\"1976\" data-end=\"2068\">Compatible avec plusieurs types d&#039;interrupteurs, notamment les interrupteurs momentan\u00e9s, \u00e0 bascule et les interrupteurs d\u00e9di\u00e9s aux stores.<\/p>\n<\/li>\n<li data-start=\"2069\" data-end=\"2155\">\n<p data-start=\"2071\" data-end=\"2155\">S&#039;int\u00e8gre discr\u00e8tement dans un bo\u00eetier mural profond standard pour des installations de r\u00e9novation sans faille.<\/p>\n<\/li>\n<li data-start=\"2156\" data-end=\"2238\">\n<p data-start=\"2158\" data-end=\"2238\">La fonction de r\u00e9p\u00e9teur Mesh am\u00e9liore les performances globales du r\u00e9seau Z-Wave.<\/p>\n<\/li>\n<li data-start=\"2239\" data-end=\"2311\">\n<p data-start=\"2241\" data-end=\"2311\">Positions favorites d\u00e9finies par l&#039;utilisateur et fonctions d&#039;\u00e9talonnage automatique.<\/p>\n<\/li>\n<li data-start=\"2312\" data-end=\"2387\">\n<p data-start=\"2314\" data-end=\"2387\">Con\u00e7u pour s&#039;int\u00e9grer aux principaux hubs et \u00e9cosyst\u00e8mes domotiques Z-Wave.<\/p>\n<\/li>\n<\/ul>","protected":false},"featured_media":4951,"comment_status":"open","ping_status":"closed","template":"","meta":{"jetpack_post_was_ever_published":false,"jetpack_publicize_message":"","jetpack_publicize_feature_enabled":false,"jetpack_social_post_already_shared":false,"jetpack_social_options":{"image_generator_settings":{"template":"highway","default_image_id":0,"font":"","enabled":false},"version":2}},"product_brand":[157],"product_cat":[123],"product_tag":[],"class_list":{"0":"post-4949","1":"product","2":"type-product","3":"status-publish","4":"has-post-thumbnail","6":"product_brand-fibaro","7":"product_cat-integration-installation-accessories","9":"first","10":"instock","11":"taxable","12":"shipping-taxable","13":"purchasable","14":"product-type-simple"},"yoast_head":"<!-- This site is optimized with the Yoast SEO plugin v27.3 - https:\/\/yoast.com\/product\/yoast-seo-wordpress\/ -->\n<title>FIBARO Roller Shutter 4 - Planitpower<\/title>\n<meta name=\"description\" content=\"Effortlessly control your blinds, awnings and shutters with the FIBARO Roller Shutter 4 \u2013 Z-Wave 800 powered for precise positioning, energy monitoring and seamless smart-home integration.\" \/>\n<meta name=\"robots\" content=\"index, follow, max-snippet:-1, max-image-preview:large, max-video-preview:-1\" \/>\n<link rel=\"canonical\" href=\"https:\/\/planitpower.com\/fr\/boutique\/volet-roulant-fibaro-4\/\" \/>\n<meta property=\"og:locale\" content=\"fr_FR\" \/>\n<meta property=\"og:type\" content=\"article\" \/>\n<meta property=\"og:title\" content=\"FIBARO Roller Shutter 4 - Planitpower\" \/>\n<meta property=\"og:description\" content=\"Effortlessly control your blinds, awnings and shutters with the FIBARO Roller Shutter 4 \u2013 Z-Wave 800 powered for precise positioning, energy monitoring and seamless smart-home integration.\" \/>\n<meta property=\"og:url\" content=\"https:\/\/planitpower.com\/fr\/boutique\/volet-roulant-fibaro-4\/\" \/>\n<meta property=\"og:site_name\" content=\"Planitpower\" \/>\n<meta property=\"article:modified_time\" content=\"2026-01-30T00:42:04+00:00\" \/>\n<meta property=\"og:image\" content=\"https:\/\/i0.wp.com\/planitpower.com\/wp-content\/uploads\/2025\/11\/Fibaro-Roller-Shutter4-Package.webp?fit=2048%2C2048&ssl=1\" \/>\n\t<meta property=\"og:image:width\" content=\"2048\" \/>\n\t<meta property=\"og:image:height\" content=\"2048\" \/>\n\t<meta property=\"og:image:type\" content=\"image\/webp\" \/>\n<meta name=\"twitter:card\" content=\"summary_large_image\" \/>\n<meta name=\"twitter:label1\" content=\"Dur\u00e9e de lecture estim\u00e9e\" \/>\n\t<meta name=\"twitter:data1\" content=\"2 minutes\" \/>\n<script type=\"application\/ld+json\" class=\"yoast-schema-graph\">{\"@context\":\"https:\\\/\\\/schema.org\",\"@graph\":[{\"@type\":\"WebPage\",\"@id\":\"https:\\\/\\\/planitpower.com\\\/shop\\\/fibaro-roller-shutter-4\\\/\",\"url\":\"https:\\\/\\\/planitpower.com\\\/shop\\\/fibaro-roller-shutter-4\\\/\",\"name\":\"FIBARO Roller Shutter 4 - Planitpower\",\"isPartOf\":{\"@id\":\"https:\\\/\\\/planitpower.com\\\/#website\"},\"primaryImageOfPage\":{\"@id\":\"https:\\\/\\\/planitpower.com\\\/shop\\\/fibaro-roller-shutter-4\\\/#primaryimage\"},\"image\":{\"@id\":\"https:\\\/\\\/planitpower.com\\\/shop\\\/fibaro-roller-shutter-4\\\/#primaryimage\"},\"thumbnailUrl\":\"https:\\\/\\\/i0.wp.com\\\/planitpower.com\\\/wp-content\\\/uploads\\\/2025\\\/11\\\/Fibaro-Roller-Shutter4-Package.webp?fit=2048%2C2048&ssl=1\",\"datePublished\":\"2025-11-22T23:23:42+00:00\",\"dateModified\":\"2026-01-30T00:42:04+00:00\",\"description\":\"Effortlessly control your blinds, awnings and shutters with the FIBARO Roller Shutter 4 \u2013 Z-Wave 800 powered for precise positioning, energy monitoring and seamless smart-home integration.\",\"breadcrumb\":{\"@id\":\"https:\\\/\\\/planitpower.com\\\/shop\\\/fibaro-roller-shutter-4\\\/#breadcrumb\"},\"inLanguage\":\"fr-FR\",\"potentialAction\":[{\"@type\":\"ReadAction\",\"target\":[\"https:\\\/\\\/planitpower.com\\\/shop\\\/fibaro-roller-shutter-4\\\/\"]}]},{\"@type\":\"ImageObject\",\"inLanguage\":\"fr-FR\",\"@id\":\"https:\\\/\\\/planitpower.com\\\/shop\\\/fibaro-roller-shutter-4\\\/#primaryimage\",\"url\":\"https:\\\/\\\/i0.wp.com\\\/planitpower.com\\\/wp-content\\\/uploads\\\/2025\\\/11\\\/Fibaro-Roller-Shutter4-Package.webp?fit=2048%2C2048&ssl=1\",\"contentUrl\":\"https:\\\/\\\/i0.wp.com\\\/planitpower.com\\\/wp-content\\\/uploads\\\/2025\\\/11\\\/Fibaro-Roller-Shutter4-Package.webp?fit=2048%2C2048&ssl=1\",\"width\":2048,\"height\":2048,\"caption\":\"FIBARO Roller Shutter 4 -planitpower - 1\"},{\"@type\":\"BreadcrumbList\",\"@id\":\"https:\\\/\\\/planitpower.com\\\/shop\\\/fibaro-roller-shutter-4\\\/#breadcrumb\",\"itemListElement\":[{\"@type\":\"ListItem\",\"position\":1,\"name\":\"Home\",\"item\":\"https:\\\/\\\/planitpower.com\\\/\"},{\"@type\":\"ListItem\",\"position\":2,\"name\":\"SHOP\",\"item\":\"https:\\\/\\\/planitpower.com\\\/shop\\\/\"},{\"@type\":\"ListItem\",\"position\":3,\"name\":\"FIBARO Roller Shutter 4\"}]},{\"@type\":\"WebSite\",\"@id\":\"https:\\\/\\\/planitpower.com\\\/#website\",\"url\":\"https:\\\/\\\/planitpower.com\\\/\",\"name\":\"Planitpower\",\"description\":\"Inspire energy\",\"publisher\":{\"@id\":\"https:\\\/\\\/planitpower.com\\\/#\\\/schema\\\/person\\\/b531587eda267b930b04174d12de6efa\"},\"potentialAction\":[{\"@type\":\"SearchAction\",\"target\":{\"@type\":\"EntryPoint\",\"urlTemplate\":\"https:\\\/\\\/planitpower.com\\\/?s={search_term_string}\"},\"query-input\":{\"@type\":\"PropertyValueSpecification\",\"valueRequired\":true,\"valueName\":\"search_term_string\"}}],\"inLanguage\":\"fr-FR\"},{\"@type\":[\"Person\",\"Organization\"],\"@id\":\"https:\\\/\\\/planitpower.com\\\/#\\\/schema\\\/person\\\/b531587eda267b930b04174d12de6efa\",\"name\":\"Editorial Team\",\"image\":{\"@type\":\"ImageObject\",\"inLanguage\":\"fr-FR\",\"@id\":\"https:\\\/\\\/i0.wp.com\\\/planitpower.com\\\/wp-content\\\/uploads\\\/2025\\\/12\\\/cropped-planitpower_circle_375x375.png?fit=512%2C512&ssl=1\",\"url\":\"https:\\\/\\\/i0.wp.com\\\/planitpower.com\\\/wp-content\\\/uploads\\\/2025\\\/12\\\/cropped-planitpower_circle_375x375.png?fit=512%2C512&ssl=1\",\"contentUrl\":\"https:\\\/\\\/i0.wp.com\\\/planitpower.com\\\/wp-content\\\/uploads\\\/2025\\\/12\\\/cropped-planitpower_circle_375x375.png?fit=512%2C512&ssl=1\",\"width\":512,\"height\":512,\"caption\":\"Editorial Team\"},\"logo\":{\"@id\":\"https:\\\/\\\/i0.wp.com\\\/planitpower.com\\\/wp-content\\\/uploads\\\/2025\\\/12\\\/cropped-planitpower_circle_375x375.png?fit=512%2C512&ssl=1\"},\"sameAs\":[\"https:\\\/\\\/Planitpower.com\"]}]}<\/script>\n<!-- \/ Yoast SEO plugin. -->","yoast_head_json":{"title":"Volet roulant FIBARO 4 - Planitpower","description":"Contr\u00f4lez sans effort vos stores, auvents et volets gr\u00e2ce au FIBARO Roller Shutter 4 \u2013 aliment\u00e9 par Z-Wave 800 pour un positionnement pr\u00e9cis, une surveillance de l&#039;\u00e9nergie et une int\u00e9gration domotique transparente.","robots":{"index":"index","follow":"follow","max-snippet":"max-snippet:-1","max-image-preview":"max-image-preview:large","max-video-preview":"max-video-preview:-1"},"canonical":"https:\/\/planitpower.com\/fr\/boutique\/volet-roulant-fibaro-4\/","og_locale":"fr_FR","og_type":"article","og_title":"FIBARO Roller Shutter 4 - Planitpower","og_description":"Effortlessly control your blinds, awnings and shutters with the FIBARO Roller Shutter 4 \u2013 Z-Wave 800 powered for precise positioning, energy monitoring and seamless smart-home integration.","og_url":"https:\/\/planitpower.com\/fr\/boutique\/volet-roulant-fibaro-4\/","og_site_name":"Planitpower","article_modified_time":"2026-01-30T00:42:04+00:00","og_image":[{"width":2048,"height":2048,"url":"https:\/\/i0.wp.com\/planitpower.com\/wp-content\/uploads\/2025\/11\/Fibaro-Roller-Shutter4-Package.webp?fit=2048%2C2048&ssl=1","type":"image\/webp"}],"twitter_card":"summary_large_image","twitter_misc":{"Dur\u00e9e de lecture estim\u00e9e":"2 minutes"},"schema":{"@context":"https:\/\/schema.org","@graph":[{"@type":"WebPage","@id":"https:\/\/planitpower.com\/shop\/fibaro-roller-shutter-4\/","url":"https:\/\/planitpower.com\/shop\/fibaro-roller-shutter-4\/","name":"Volet roulant FIBARO 4 - Planitpower","isPartOf":{"@id":"https:\/\/planitpower.com\/#website"},"primaryImageOfPage":{"@id":"https:\/\/planitpower.com\/shop\/fibaro-roller-shutter-4\/#primaryimage"},"image":{"@id":"https:\/\/planitpower.com\/shop\/fibaro-roller-shutter-4\/#primaryimage"},"thumbnailUrl":"https:\/\/i0.wp.com\/planitpower.com\/wp-content\/uploads\/2025\/11\/Fibaro-Roller-Shutter4-Package.webp?fit=2048%2C2048&ssl=1","datePublished":"2025-11-22T23:23:42+00:00","dateModified":"2026-01-30T00:42:04+00:00","description":"Contr\u00f4lez sans effort vos stores, auvents et volets gr\u00e2ce au FIBARO Roller Shutter 4 \u2013 aliment\u00e9 par Z-Wave 800 pour un positionnement pr\u00e9cis, une surveillance de l&#039;\u00e9nergie et une int\u00e9gration domotique transparente.","breadcrumb":{"@id":"https:\/\/planitpower.com\/shop\/fibaro-roller-shutter-4\/#breadcrumb"},"inLanguage":"fr-FR","potentialAction":[{"@type":"ReadAction","target":["https:\/\/planitpower.com\/shop\/fibaro-roller-shutter-4\/"]}]},{"@type":"ImageObject","inLanguage":"fr-FR","@id":"https:\/\/planitpower.com\/shop\/fibaro-roller-shutter-4\/#primaryimage","url":"https:\/\/i0.wp.com\/planitpower.com\/wp-content\/uploads\/2025\/11\/Fibaro-Roller-Shutter4-Package.webp?fit=2048%2C2048&ssl=1","contentUrl":"https:\/\/i0.wp.com\/planitpower.com\/wp-content\/uploads\/2025\/11\/Fibaro-Roller-Shutter4-Package.webp?fit=2048%2C2048&ssl=1","width":2048,"height":2048,"caption":"FIBARO Roller Shutter 4 -planitpower - 1"},{"@type":"BreadcrumbList","@id":"https:\/\/planitpower.com\/shop\/fibaro-roller-shutter-4\/#breadcrumb","itemListElement":[{"@type":"ListItem","position":1,"name":"Home","item":"https:\/\/planitpower.com\/"},{"@type":"ListItem","position":2,"name":"SHOP","item":"https:\/\/planitpower.com\/shop\/"},{"@type":"ListItem","position":3,"name":"FIBARO Roller Shutter 4"}]},{"@type":"WebSite","@id":"https:\/\/planitpower.com\/#website","url":"https:\/\/planitpower.com\/","name":"Planitpower","description":"Inspirons l'\u00e9nergie!","publisher":{"@id":"https:\/\/planitpower.com\/#\/schema\/person\/b531587eda267b930b04174d12de6efa"},"potentialAction":[{"@type":"SearchAction","target":{"@type":"EntryPoint","urlTemplate":"https:\/\/planitpower.com\/?s={search_term_string}"},"query-input":{"@type":"PropertyValueSpecification","valueRequired":true,"valueName":"search_term_string"}}],"inLanguage":"fr-FR"},{"@type":["Person","Organization"],"@id":"https:\/\/planitpower.com\/#\/schema\/person\/b531587eda267b930b04174d12de6efa","name":"Equipe \u00e9ditoriale","image":{"@type":"ImageObject","inLanguage":"fr-FR","@id":"https:\/\/i0.wp.com\/planitpower.com\/wp-content\/uploads\/2025\/12\/cropped-planitpower_circle_375x375.png?fit=512%2C512&ssl=1","url":"https:\/\/i0.wp.com\/planitpower.com\/wp-content\/uploads\/2025\/12\/cropped-planitpower_circle_375x375.png?fit=512%2C512&ssl=1","contentUrl":"https:\/\/i0.wp.com\/planitpower.com\/wp-content\/uploads\/2025\/12\/cropped-planitpower_circle_375x375.png?fit=512%2C512&ssl=1","width":512,"height":512,"caption":"Editorial Team"},"logo":{"@id":"https:\/\/i0.wp.com\/planitpower.com\/wp-content\/uploads\/2025\/12\/cropped-planitpower_circle_375x375.png?fit=512%2C512&ssl=1"},"sameAs":["https:\/\/Planitpower.com"]}]}},"jetpack_publicize_connections":[],"jetpack_likes_enabled":true,"jetpack_sharing_enabled":true,"jetpack-related-posts":[{"id":4943,"url":"https:\/\/planitpower.com\/fr\/boutique\/obturateur-shelly-qubino-wave-pro\/","url_meta":{"origin":4949,"position":0},"title":"Shelly Qubino Wave Z-Wave Pro Shutter","author":"Editorial Team","date":"22\/11\/2025","format":false,"excerpt":"Main Features Designed for motorised coverings such as blinds, roller shutters, venetian slats and awnings. Precise slat-tilt control: adjust the angle of venetian blind slats to regulate light and privacy. Supports both push-buttons\/momentary switches and toggle switches for manual control alongside smart automation. Integrated power metering: monitor real-time power consumption\u2026","rel":"","context":"Article similaire","block_context":{"text":"Article similaire","link":""},"img":{"alt_text":"shelly-qubino-wave-pro-shutter - planitpower - 2","src":"https:\/\/i0.wp.com\/planitpower.com\/wp-content\/uploads\/2025\/11\/Wave_Pro_Shutter_product_pic_package.webp?fit=1200%2C1200&ssl=1&resize=350%2C200","width":350,"height":200,"srcset":"https:\/\/i0.wp.com\/planitpower.com\/wp-content\/uploads\/2025\/11\/Wave_Pro_Shutter_product_pic_package.webp?fit=1200%2C1200&ssl=1&resize=350%2C200 1x, https:\/\/i0.wp.com\/planitpower.com\/wp-content\/uploads\/2025\/11\/Wave_Pro_Shutter_product_pic_package.webp?fit=1200%2C1200&ssl=1&resize=525%2C300 1.5x, https:\/\/i0.wp.com\/planitpower.com\/wp-content\/uploads\/2025\/11\/Wave_Pro_Shutter_product_pic_package.webp?fit=1200%2C1200&ssl=1&resize=700%2C400 2x, https:\/\/i0.wp.com\/planitpower.com\/wp-content\/uploads\/2025\/11\/Wave_Pro_Shutter_product_pic_package.webp?fit=1200%2C1200&ssl=1&resize=1050%2C600 3x"},"classes":[]},{"id":4954,"url":"https:\/\/planitpower.com\/fr\/boutique\/controleur-de-volet-roulant-philio\/","url_meta":{"origin":4949,"position":1},"title":"Contr\u00f4leur d&#039;obturateur Philio","author":"Editorial Team","date":"22\/11\/2025","format":false,"excerpt":"Caract\u00e9ristiques principales : Int\u00e9gration fluide des appareils \u00e0 moteur AC (volets roulants, stores, volets roulants \u00e9lectriques, portes de garage) dans un r\u00e9seau domotique Z-Wave. Positionnement pr\u00e9cis du moteur gr\u00e2ce \u00e0 la prise en charge int\u00e9gr\u00e9e des interrupteurs de fin de course m\u00e9caniques ou \u00e9lectriques, permettant une ouverture\/fermeture partielle (ex.\u00a0: 30\u00b0 % ou 50\u00b0 %). Le suivi du courant et de la consommation d&#039;\u00e9nergie permet de contr\u00f4ler la consommation et\u2026","rel":"","context":"Article similaire","block_context":{"text":"Article similaire","link":""},"img":{"alt_text":"Philio Roller Shutter Controller -planitpower","src":"https:\/\/i0.wp.com\/planitpower.com\/wp-content\/uploads\/2025\/11\/12490_0.webp?fit=800%2C452&ssl=1&resize=350%2C200","width":350,"height":200,"srcset":"https:\/\/i0.wp.com\/planitpower.com\/wp-content\/uploads\/2025\/11\/12490_0.webp?fit=800%2C452&ssl=1&resize=350%2C200 1x, https:\/\/i0.wp.com\/planitpower.com\/wp-content\/uploads\/2025\/11\/12490_0.webp?fit=800%2C452&ssl=1&resize=525%2C300 1.5x, https:\/\/i0.wp.com\/planitpower.com\/wp-content\/uploads\/2025\/11\/12490_0.webp?fit=800%2C452&ssl=1&resize=700%2C400 2x"},"classes":[]},{"id":4498,"url":"https:\/\/planitpower.com\/fr\/boutique\/interrupteur-dobturateur-aqara-h2-eu-2\/","url_meta":{"origin":4949,"position":2},"title":"Interrupteur \u00e0 obturateur Aqara H2 UE","author":"Editorial Team","date":"14\/11\/2025","format":false,"excerpt":"Main features Dual-protocol connectivity: Switch easily between Thread (Matter-ready) and Zigbee modes depending on your ecosystem preference. Precision shutter positioning: Control the exact window covering position from 1 % to 100 % via app, voice, button or schedule. Smart calibration: Automatic calibration of motor travel limits and ongoing route recalibration\u2026","rel":"","context":"Article similaire","block_context":{"text":"Article similaire","link":""},"img":{"alt_text":"Aqara Shutter Switch H2 EU - planitpower - 1","src":"https:\/\/i0.wp.com\/planitpower.com\/wp-content\/uploads\/2025\/11\/Aqara_Shutter_Switch_H2_EU_1-1.webp?fit=1200%2C1200&ssl=1&resize=350%2C200","width":350,"height":200,"srcset":"https:\/\/i0.wp.com\/planitpower.com\/wp-content\/uploads\/2025\/11\/Aqara_Shutter_Switch_H2_EU_1-1.webp?fit=1200%2C1200&ssl=1&resize=350%2C200 1x, https:\/\/i0.wp.com\/planitpower.com\/wp-content\/uploads\/2025\/11\/Aqara_Shutter_Switch_H2_EU_1-1.webp?fit=1200%2C1200&ssl=1&resize=525%2C300 1.5x, https:\/\/i0.wp.com\/planitpower.com\/wp-content\/uploads\/2025\/11\/Aqara_Shutter_Switch_H2_EU_1-1.webp?fit=1200%2C1200&ssl=1&resize=700%2C400 2x, https:\/\/i0.wp.com\/planitpower.com\/wp-content\/uploads\/2025\/11\/Aqara_Shutter_Switch_H2_EU_1-1.webp?fit=1200%2C1200&ssl=1&resize=1050%2C600 3x"},"classes":[]},{"id":4363,"url":"https:\/\/planitpower.com\/fr\/boutique\/interrupteur-dobturateur-aqara-h2-eu\/","url_meta":{"origin":4949,"position":3},"title":"Interrupteur \u00e0 obturateur Aqara H2 UE","author":"Editorial Team","date":"24\/11\/2025","format":false,"excerpt":"Main Features Dual Protocol Support: Works with Zigbee 3.0 and Matter-over-Bridge for future-proof smart home connectivity. Advanced Automation: Create smart routines using the Aqara Home app, such as opening blinds at sunrise or closing them when leaving home. Multi-Platform Compatibility: Fully integrates with Apple HomeKit, Google Assistant, Amazon Alexa, and\u2026","rel":"","context":"Article similaire","block_context":{"text":"Article similaire","link":""},"img":{"alt_text":"Aqara Shutter Switch H2 EU - planitpower - 3","src":"https:\/\/i0.wp.com\/planitpower.com\/wp-content\/uploads\/2025\/11\/Aqara_Shutter_Switch_H2_EU_1.webp?fit=1200%2C1200&ssl=1&resize=350%2C200","width":350,"height":200,"srcset":"https:\/\/i0.wp.com\/planitpower.com\/wp-content\/uploads\/2025\/11\/Aqara_Shutter_Switch_H2_EU_1.webp?fit=1200%2C1200&ssl=1&resize=350%2C200 1x, https:\/\/i0.wp.com\/planitpower.com\/wp-content\/uploads\/2025\/11\/Aqara_Shutter_Switch_H2_EU_1.webp?fit=1200%2C1200&ssl=1&resize=525%2C300 1.5x, https:\/\/i0.wp.com\/planitpower.com\/wp-content\/uploads\/2025\/11\/Aqara_Shutter_Switch_H2_EU_1.webp?fit=1200%2C1200&ssl=1&resize=700%2C400 2x, https:\/\/i0.wp.com\/planitpower.com\/wp-content\/uploads\/2025\/11\/Aqara_Shutter_Switch_H2_EU_1.webp?fit=1200%2C1200&ssl=1&resize=1050%2C600 3x"},"classes":[]},{"id":4999,"url":"https:\/\/planitpower.com\/fr\/boutique\/bouton-de-couleur-intelligent-philio\/","url_meta":{"origin":4949,"position":4},"title":"Bouton intelligent couleur Philio","author":"Editorial Team","date":"23\/11\/2025","format":false,"excerpt":"Caract\u00e9ristiques principales : Contr\u00f4leur intelligent multifonction pour lumi\u00e8res, stores et ambiances. Appuyez, maintenez ou faites pivoter l&#039;appareil pour d\u00e9clencher diff\u00e9rentes actions. Anneau LED RGB pour un retour visuel en temps r\u00e9el. Dos magn\u00e9tique pour une fixation facile sur les surfaces m\u00e9talliques. Support mural optionnel pour une installation fixe. Batterie lithium-polym\u00e8re rechargeable avec longue autonomie. Bo\u00eetier r\u00e9sistant \u00e0 l&#039;eau\u2026","rel":"","context":"Article similaire","block_context":{"text":"Article similaire","link":""},"img":{"alt_text":"Philio Smart Color Button - planitpower","src":"https:\/\/i0.wp.com\/planitpower.com\/wp-content\/uploads\/2025\/11\/13101_0.jpg?fit=800%2C600&ssl=1&resize=350%2C200","width":350,"height":200,"srcset":"https:\/\/i0.wp.com\/planitpower.com\/wp-content\/uploads\/2025\/11\/13101_0.jpg?fit=800%2C600&ssl=1&resize=350%2C200 1x, https:\/\/i0.wp.com\/planitpower.com\/wp-content\/uploads\/2025\/11\/13101_0.jpg?fit=800%2C600&ssl=1&resize=525%2C300 1.5x, https:\/\/i0.wp.com\/planitpower.com\/wp-content\/uploads\/2025\/11\/13101_0.jpg?fit=800%2C600&ssl=1&resize=700%2C400 2x"},"classes":[]},{"id":4164,"url":"https:\/\/planitpower.com\/fr\/boutique\/moteur-de-store-enrouleur-e1\/","url_meta":{"origin":4949,"position":5},"title":"Moteur de store enrouleur Aqara E1","author":"Editorial Team","date":"25\/12\/2025","format":false,"excerpt":"Main Features Easy Retrofit Installation: No need to replace your blinds \u2014 install the driver in minutes and connect it to your existing chain system. Smart Home Integration: Works with Aqara Home, Apple HomeKit, Alexa, Google Assistant, and IFTTT; compatible with Matter through Aqara Hub. Wireless Operation: Runs on a\u2026","rel":"","context":"Article similaire","block_context":{"text":"Article similaire","link":""},"img":{"alt_text":"Aqara Roller Shade Driver E1 - Planitpower - 4","src":"https:\/\/i0.wp.com\/planitpower.com\/wp-content\/uploads\/2025\/11\/1_53301595-7f66-4929-a3a7-669ee94ad190.webp?fit=1200%2C1200&ssl=1&resize=350%2C200","width":350,"height":200,"srcset":"https:\/\/i0.wp.com\/planitpower.com\/wp-content\/uploads\/2025\/11\/1_53301595-7f66-4929-a3a7-669ee94ad190.webp?fit=1200%2C1200&ssl=1&resize=350%2C200 1x, https:\/\/i0.wp.com\/planitpower.com\/wp-content\/uploads\/2025\/11\/1_53301595-7f66-4929-a3a7-669ee94ad190.webp?fit=1200%2C1200&ssl=1&resize=525%2C300 1.5x, https:\/\/i0.wp.com\/planitpower.com\/wp-content\/uploads\/2025\/11\/1_53301595-7f66-4929-a3a7-669ee94ad190.webp?fit=1200%2C1200&ssl=1&resize=700%2C400 2x, https:\/\/i0.wp.com\/planitpower.com\/wp-content\/uploads\/2025\/11\/1_53301595-7f66-4929-a3a7-669ee94ad190.webp?fit=1200%2C1200&ssl=1&resize=1050%2C600 3x"},"classes":[]}],"_links":{"self":[{"href":"https:\/\/planitpower.com\/fr\/wp-json\/wp\/v2\/product\/4949","targetHints":{"allow":["GET"]}}],"collection":[{"href":"https:\/\/planitpower.com\/fr\/wp-json\/wp\/v2\/product"}],"about":[{"href":"https:\/\/planitpower.com\/fr\/wp-json\/wp\/v2\/types\/product"}],"replies":[{"embeddable":true,"href":"https:\/\/planitpower.com\/fr\/wp-json\/wp\/v2\/comments?post=4949"}],"version-history":[{"count":1,"href":"https:\/\/planitpower.com\/fr\/wp-json\/wp\/v2\/product\/4949\/revisions"}],"predecessor-version":[{"id":6000,"href":"https:\/\/planitpower.com\/fr\/wp-json\/wp\/v2\/product\/4949\/revisions\/6000"}],"wp:featuredmedia":[{"embeddable":true,"href":"https:\/\/planitpower.com\/fr\/wp-json\/wp\/v2\/media\/4951"}],"wp:attachment":[{"href":"https:\/\/planitpower.com\/fr\/wp-json\/wp\/v2\/media?parent=4949"}],"wp:term":[{"taxonomy":"product_brand","embeddable":true,"href":"https:\/\/planitpower.com\/fr\/wp-json\/wp\/v2\/product_brand?post=4949"},{"taxonomy":"product_cat","embeddable":true,"href":"https:\/\/planitpower.com\/fr\/wp-json\/wp\/v2\/product_cat?post=4949"},{"taxonomy":"product_tag","embeddable":true,"href":"https:\/\/planitpower.com\/fr\/wp-json\/wp\/v2\/product_tag?post=4949"}],"curies":[{"name":"wp","href":"https:\/\/api.w.org\/{rel}","templated":true}]}}