{"id":4989,"date":"2025-11-23T00:12:51","date_gmt":"2025-11-23T00:12:51","guid":{"rendered":"https:\/\/planitpower.com\/?post_type=product&#038;p=4989"},"modified":"2026-01-30T00:41:16","modified_gmt":"2026-01-30T00:41:16","slug":"centre-daccueil-intelligent-fibaro-home-center-3","status":"publish","type":"product","link":"https:\/\/planitpower.com\/fr\/boutique\/centre-daccueil-intelligent-fibaro-home-center-3\/","title":{"rendered":"Centre d&#039;accueil FIBARO 3"},"content":{"rendered":"<h2 class=\"wp-block-heading\"><strong>Description<\/strong><\/h2>\n\n\n\n<p>Le <strong>Centre d&#039;accueil FIBARO 3<\/strong> Ce hub domotique performant est con\u00e7u pour offrir une automatisation fluide, un contr\u00f4le avanc\u00e9 et une stabilit\u00e9 syst\u00e8me exceptionnelle \u00e0 tous les foyers modernes. Destin\u00e9 \u00e0 g\u00e9rer des installations domotiques vastes et complexes, il associe un mat\u00e9riel haute performance \u00e0 un \u00e9cosyst\u00e8me logiciel flexible compatible avec les protocoles Z-Wave, Wi-Fi, Zigbee et autres protocoles domotiques courants.<br>Gr\u00e2ce \u00e0 son processeur rapide, sa large compatibilit\u00e9 avec de nombreux appareils et son interface utilisateur intuitive, le Home Center 3 offre une solution stable et s\u00e9curis\u00e9e pour g\u00e9rer le chauffage, l&#039;\u00e9clairage, la s\u00e9curit\u00e9, la climatisation, la consommation d&#039;\u00e9nergie et les appareils multim\u00e9dias depuis une plateforme unique. Utilis\u00e9 aussi bien dans un cadre r\u00e9sidentiel que professionnel, il propose des sc\u00e9narios d&#039;automatisation fiables, une surveillance en temps r\u00e9el et un acc\u00e8s \u00e0 distance via une application \u00e9l\u00e9gante et conviviale.<\/p>\n\n\n\n<h2 class=\"wp-block-heading\"><strong>Sp\u00e9cifications techniques<\/strong><\/h2>\n\n\n\n<figure class=\"wp-block-table\"><table class=\"has-fixed-layout\"><thead><tr><th><strong>Param\u00e8tres<\/strong><\/th><th><strong>Valeur<\/strong><\/th><\/tr><\/thead><tbody><tr><td>Processeur<\/td><td>Processeur quadric\u0153ur 1,3 GHz<\/td><\/tr><tr><td>B\u00c9LIER<\/td><td>2 Go<\/td><\/tr><tr><td>Stockage<\/td><td>8 Go eMMC<\/td><\/tr><tr><td>Connectivit\u00e9<\/td><td>Z-Wave Plus, Zigbee, Wi-Fi 2,4 GHz, Bluetooth Low Energy, LAN<\/td><\/tr><tr><td>Fr\u00e9quence Z-Wave<\/td><td>UE 868,4 \/ 869,8 MHz<\/td><\/tr><tr><td>Alimentation \u00e9lectrique<\/td><td>12 V CC<\/td><\/tr><tr><td>Temp\u00e9rature de fonctionnement<\/td><td>0\u00b0C \u00e0 40\u00b0C<\/td><\/tr><tr><td>Dimensions<\/td><td>220 \u00d7 140 \u00d7 35 mm<\/td><\/tr><tr><td>Installation<\/td><td>Bureau \/ Table<\/td><\/tr><\/tbody><\/table><\/figure>","protected":false},"excerpt":{"rendered":"<h2 data-start=\"1101\" data-end=\"1121\"><strong data-start=\"1104\" data-end=\"1121\">Caract\u00e9ristiques principales<\/strong><\/h2>\n<ul data-start=\"1122\" data-end=\"2057\">\n<li data-start=\"1122\" data-end=\"1262\">\n<p data-start=\"1124\" data-end=\"1262\"><strong data-start=\"1124\" data-end=\"1161\">Passerelle domotique multiprotocole<\/strong> Compatible avec Z-Wave Plus, Wi-Fi, Zigbee et d&#039;autres int\u00e9grations pour une large compatibilit\u00e9 avec les appareils.<\/p>\n<\/li>\n<li data-start=\"1263\" data-end=\"1364\">\n<p data-start=\"1265\" data-end=\"1364\"><strong data-start=\"1265\" data-end=\"1294\">Mat\u00e9riel haute performance<\/strong> permettant un traitement automatis\u00e9 rapide et un fonctionnement stable \u00e0 long terme.<\/p>\n<\/li>\n<li data-start=\"1365\" data-end=\"1492\">\n<p data-start=\"1367\" data-end=\"1492\"><strong data-start=\"1367\" data-end=\"1400\">outils avanc\u00e9s de cr\u00e9ation de sc\u00e8nes<\/strong> permettre des r\u00e8gles d&#039;automatisation simples et complexes via des blocs visuels ou des scripts LUA.<\/p>\n<\/li>\n<li data-start=\"1493\" data-end=\"1595\">\n<p data-start=\"1495\" data-end=\"1595\"><strong data-start=\"1495\" data-end=\"1519\">Acc\u00e8s distant s\u00e9curis\u00e9<\/strong> pour surveiller et contr\u00f4ler votre maison depuis n&#039;importe o\u00f9 via l&#039;application mobile FIBARO.<\/p>\n<\/li>\n<li data-start=\"1596\" data-end=\"1723\">\n<p data-start=\"1598\" data-end=\"1723\"><strong data-start=\"1598\" data-end=\"1629\">fonctions de gestion de l&#039;\u00e9nergie<\/strong> pour le suivi de la consommation, l&#039;optimisation de la consommation d&#039;\u00e9lectricit\u00e9 et l&#039;am\u00e9lioration de l&#039;efficacit\u00e9 \u00e9nerg\u00e9tique des m\u00e9nages.<\/p>\n<\/li>\n<li data-start=\"1724\" data-end=\"1841\">\n<p data-start=\"1726\" data-end=\"1841\"><strong data-start=\"1726\" data-end=\"1753\">Stabilit\u00e9 robuste du syst\u00e8me<\/strong> Convient aux grandes maisons et aux installations professionnelles comportant de nombreux appareils connect\u00e9s.<\/p>\n<\/li>\n<li data-start=\"1842\" data-end=\"1958\">\n<p data-start=\"1844\" data-end=\"1958\"><strong data-start=\"1844\" data-end=\"1864\">Interface moderne<\/strong> avec des tableaux de bord intuitifs et des vues personnalis\u00e9es pour l&#039;\u00e9clairage, la climatisation, la s\u00e9curit\u00e9 et bien plus encore.<\/p>\n<\/li>\n<li data-start=\"1959\" data-end=\"2057\">\n<p data-start=\"1961\" data-end=\"2057\"><strong data-start=\"1961\" data-end=\"1987\">Protection renforc\u00e9e des donn\u00e9es<\/strong> gr\u00e2ce \u00e0 des communications crypt\u00e9es et des param\u00e8tres de confidentialit\u00e9 contr\u00f4l\u00e9s par l&#039;utilisateur.<\/p>\n<\/li>\n<\/ul>","protected":false},"featured_media":4990,"comment_status":"open","ping_status":"closed","template":"","meta":{"jetpack_post_was_ever_published":false,"jetpack_publicize_message":"","jetpack_publicize_feature_enabled":false,"jetpack_social_post_already_shared":false,"jetpack_social_options":{"image_generator_settings":{"template":"highway","default_image_id":0,"font":"","enabled":false},"version":2}},"product_brand":[157],"product_cat":[122],"product_tag":[],"class_list":{"0":"post-4989","1":"product","2":"type-product","3":"status-publish","4":"has-post-thumbnail","6":"product_brand-fibaro","7":"product_cat-home-automation-hubs-ecosystems","9":"first","10":"instock","11":"taxable","12":"shipping-taxable","13":"purchasable","14":"product-type-simple"},"yoast_head":"<!-- This site is optimized with the Yoast SEO plugin v27.3 - https:\/\/yoast.com\/product\/yoast-seo-wordpress\/ -->\n<title>FIBARO Home Center 3 - Planitpower<\/title>\n<meta name=\"description\" content=\"FIBARO Home Center 3 \u2013 a high-performance smart home hub supporting Z-Wave, Zigbee, Wi-Fi, and more. Manage lighting, climate, security, and energy with powerful automations and a secure, user-friendly interface.\" \/>\n<meta name=\"robots\" content=\"index, follow, max-snippet:-1, max-image-preview:large, max-video-preview:-1\" \/>\n<link rel=\"canonical\" href=\"https:\/\/planitpower.com\/fr\/boutique\/centre-daccueil-intelligent-fibaro-home-center-3\/\" \/>\n<meta property=\"og:locale\" content=\"fr_FR\" \/>\n<meta property=\"og:type\" content=\"article\" \/>\n<meta property=\"og:title\" content=\"FIBARO Home Center 3 - Planitpower\" \/>\n<meta property=\"og:description\" content=\"FIBARO Home Center 3 \u2013 a high-performance smart home hub supporting Z-Wave, Zigbee, Wi-Fi, and more. Manage lighting, climate, security, and energy with powerful automations and a secure, user-friendly interface.\" \/>\n<meta property=\"og:url\" content=\"https:\/\/planitpower.com\/fr\/boutique\/centre-daccueil-intelligent-fibaro-home-center-3\/\" \/>\n<meta property=\"og:site_name\" content=\"Planitpower\" \/>\n<meta property=\"article:modified_time\" content=\"2026-01-30T00:41:16+00:00\" \/>\n<meta property=\"og:image\" content=\"https:\/\/i0.wp.com\/planitpower.com\/wp-content\/uploads\/2025\/11\/HC-3.jpg?fit=900%2C449&ssl=1\" \/>\n\t<meta property=\"og:image:width\" content=\"900\" \/>\n\t<meta property=\"og:image:height\" content=\"449\" \/>\n\t<meta property=\"og:image:type\" content=\"image\/jpeg\" \/>\n<meta name=\"twitter:card\" content=\"summary_large_image\" \/>\n<meta name=\"twitter:label1\" content=\"Dur\u00e9e de lecture estim\u00e9e\" \/>\n\t<meta name=\"twitter:data1\" content=\"1 minute\" \/>\n<script type=\"application\/ld+json\" class=\"yoast-schema-graph\">{\"@context\":\"https:\\\/\\\/schema.org\",\"@graph\":[{\"@type\":\"WebPage\",\"@id\":\"https:\\\/\\\/planitpower.com\\\/shop\\\/fibaro-home-center-3-smart-hub\\\/\",\"url\":\"https:\\\/\\\/planitpower.com\\\/shop\\\/fibaro-home-center-3-smart-hub\\\/\",\"name\":\"FIBARO Home Center 3 - Planitpower\",\"isPartOf\":{\"@id\":\"https:\\\/\\\/planitpower.com\\\/#website\"},\"primaryImageOfPage\":{\"@id\":\"https:\\\/\\\/planitpower.com\\\/shop\\\/fibaro-home-center-3-smart-hub\\\/#primaryimage\"},\"image\":{\"@id\":\"https:\\\/\\\/planitpower.com\\\/shop\\\/fibaro-home-center-3-smart-hub\\\/#primaryimage\"},\"thumbnailUrl\":\"https:\\\/\\\/i0.wp.com\\\/planitpower.com\\\/wp-content\\\/uploads\\\/2025\\\/11\\\/HC-3.jpg?fit=900%2C449&ssl=1\",\"datePublished\":\"2025-11-23T00:12:51+00:00\",\"dateModified\":\"2026-01-30T00:41:16+00:00\",\"description\":\"FIBARO Home Center 3 \u2013 a high-performance smart home hub supporting Z-Wave, Zigbee, Wi-Fi, and more. Manage lighting, climate, security, and energy with powerful automations and a secure, user-friendly interface.\",\"breadcrumb\":{\"@id\":\"https:\\\/\\\/planitpower.com\\\/shop\\\/fibaro-home-center-3-smart-hub\\\/#breadcrumb\"},\"inLanguage\":\"fr-FR\",\"potentialAction\":[{\"@type\":\"ReadAction\",\"target\":[\"https:\\\/\\\/planitpower.com\\\/shop\\\/fibaro-home-center-3-smart-hub\\\/\"]}]},{\"@type\":\"ImageObject\",\"inLanguage\":\"fr-FR\",\"@id\":\"https:\\\/\\\/planitpower.com\\\/shop\\\/fibaro-home-center-3-smart-hub\\\/#primaryimage\",\"url\":\"https:\\\/\\\/i0.wp.com\\\/planitpower.com\\\/wp-content\\\/uploads\\\/2025\\\/11\\\/HC-3.jpg?fit=900%2C449&ssl=1\",\"contentUrl\":\"https:\\\/\\\/i0.wp.com\\\/planitpower.com\\\/wp-content\\\/uploads\\\/2025\\\/11\\\/HC-3.jpg?fit=900%2C449&ssl=1\",\"width\":900,\"height\":449,\"caption\":\"FIBARO Home Center 3 - planitpower\"},{\"@type\":\"BreadcrumbList\",\"@id\":\"https:\\\/\\\/planitpower.com\\\/shop\\\/fibaro-home-center-3-smart-hub\\\/#breadcrumb\",\"itemListElement\":[{\"@type\":\"ListItem\",\"position\":1,\"name\":\"Home\",\"item\":\"https:\\\/\\\/planitpower.com\\\/\"},{\"@type\":\"ListItem\",\"position\":2,\"name\":\"SHOP\",\"item\":\"https:\\\/\\\/planitpower.com\\\/shop\\\/\"},{\"@type\":\"ListItem\",\"position\":3,\"name\":\"FIBARO Home Center 3\"}]},{\"@type\":\"WebSite\",\"@id\":\"https:\\\/\\\/planitpower.com\\\/#website\",\"url\":\"https:\\\/\\\/planitpower.com\\\/\",\"name\":\"Planitpower\",\"description\":\"Inspire energy\",\"publisher\":{\"@id\":\"https:\\\/\\\/planitpower.com\\\/#\\\/schema\\\/person\\\/b531587eda267b930b04174d12de6efa\"},\"potentialAction\":[{\"@type\":\"SearchAction\",\"target\":{\"@type\":\"EntryPoint\",\"urlTemplate\":\"https:\\\/\\\/planitpower.com\\\/?s={search_term_string}\"},\"query-input\":{\"@type\":\"PropertyValueSpecification\",\"valueRequired\":true,\"valueName\":\"search_term_string\"}}],\"inLanguage\":\"fr-FR\"},{\"@type\":[\"Person\",\"Organization\"],\"@id\":\"https:\\\/\\\/planitpower.com\\\/#\\\/schema\\\/person\\\/b531587eda267b930b04174d12de6efa\",\"name\":\"Editorial Team\",\"image\":{\"@type\":\"ImageObject\",\"inLanguage\":\"fr-FR\",\"@id\":\"https:\\\/\\\/i0.wp.com\\\/planitpower.com\\\/wp-content\\\/uploads\\\/2025\\\/12\\\/cropped-planitpower_circle_375x375.png?fit=512%2C512&ssl=1\",\"url\":\"https:\\\/\\\/i0.wp.com\\\/planitpower.com\\\/wp-content\\\/uploads\\\/2025\\\/12\\\/cropped-planitpower_circle_375x375.png?fit=512%2C512&ssl=1\",\"contentUrl\":\"https:\\\/\\\/i0.wp.com\\\/planitpower.com\\\/wp-content\\\/uploads\\\/2025\\\/12\\\/cropped-planitpower_circle_375x375.png?fit=512%2C512&ssl=1\",\"width\":512,\"height\":512,\"caption\":\"Editorial Team\"},\"logo\":{\"@id\":\"https:\\\/\\\/i0.wp.com\\\/planitpower.com\\\/wp-content\\\/uploads\\\/2025\\\/12\\\/cropped-planitpower_circle_375x375.png?fit=512%2C512&ssl=1\"},\"sameAs\":[\"https:\\\/\\\/Planitpower.com\"]}]}<\/script>\n<!-- \/ Yoast SEO plugin. -->","yoast_head_json":{"title":"FIBARO Home Center 3 - Planitpower","description":"FIBARO Home Center 3 \u2013 un hub domotique haute performance compatible avec Z-Wave, Zigbee, Wi-Fi et bien plus encore. G\u00e9rez l&#039;\u00e9clairage, le chauffage, la climatisation, la s\u00e9curit\u00e9 et l&#039;\u00e9nergie gr\u00e2ce \u00e0 des automatisations performantes et une interface s\u00e9curis\u00e9e et intuitive.","robots":{"index":"index","follow":"follow","max-snippet":"max-snippet:-1","max-image-preview":"max-image-preview:large","max-video-preview":"max-video-preview:-1"},"canonical":"https:\/\/planitpower.com\/fr\/boutique\/centre-daccueil-intelligent-fibaro-home-center-3\/","og_locale":"fr_FR","og_type":"article","og_title":"FIBARO Home Center 3 - Planitpower","og_description":"FIBARO Home Center 3 \u2013 a high-performance smart home hub supporting Z-Wave, Zigbee, Wi-Fi, and more. Manage lighting, climate, security, and energy with powerful automations and a secure, user-friendly interface.","og_url":"https:\/\/planitpower.com\/fr\/boutique\/centre-daccueil-intelligent-fibaro-home-center-3\/","og_site_name":"Planitpower","article_modified_time":"2026-01-30T00:41:16+00:00","og_image":[{"width":900,"height":449,"url":"https:\/\/i0.wp.com\/planitpower.com\/wp-content\/uploads\/2025\/11\/HC-3.jpg?fit=900%2C449&ssl=1","type":"image\/jpeg"}],"twitter_card":"summary_large_image","twitter_misc":{"Dur\u00e9e de lecture estim\u00e9e":"1 minute"},"schema":{"@context":"https:\/\/schema.org","@graph":[{"@type":"WebPage","@id":"https:\/\/planitpower.com\/shop\/fibaro-home-center-3-smart-hub\/","url":"https:\/\/planitpower.com\/shop\/fibaro-home-center-3-smart-hub\/","name":"FIBARO Home Center 3 - Planitpower","isPartOf":{"@id":"https:\/\/planitpower.com\/#website"},"primaryImageOfPage":{"@id":"https:\/\/planitpower.com\/shop\/fibaro-home-center-3-smart-hub\/#primaryimage"},"image":{"@id":"https:\/\/planitpower.com\/shop\/fibaro-home-center-3-smart-hub\/#primaryimage"},"thumbnailUrl":"https:\/\/i0.wp.com\/planitpower.com\/wp-content\/uploads\/2025\/11\/HC-3.jpg?fit=900%2C449&ssl=1","datePublished":"2025-11-23T00:12:51+00:00","dateModified":"2026-01-30T00:41:16+00:00","description":"FIBARO Home Center 3 \u2013 un hub domotique haute performance compatible avec Z-Wave, Zigbee, Wi-Fi et bien plus encore. G\u00e9rez l&#039;\u00e9clairage, le chauffage, la climatisation, la s\u00e9curit\u00e9 et l&#039;\u00e9nergie gr\u00e2ce \u00e0 des automatisations performantes et une interface s\u00e9curis\u00e9e et intuitive.","breadcrumb":{"@id":"https:\/\/planitpower.com\/shop\/fibaro-home-center-3-smart-hub\/#breadcrumb"},"inLanguage":"fr-FR","potentialAction":[{"@type":"ReadAction","target":["https:\/\/planitpower.com\/shop\/fibaro-home-center-3-smart-hub\/"]}]},{"@type":"ImageObject","inLanguage":"fr-FR","@id":"https:\/\/planitpower.com\/shop\/fibaro-home-center-3-smart-hub\/#primaryimage","url":"https:\/\/i0.wp.com\/planitpower.com\/wp-content\/uploads\/2025\/11\/HC-3.jpg?fit=900%2C449&ssl=1","contentUrl":"https:\/\/i0.wp.com\/planitpower.com\/wp-content\/uploads\/2025\/11\/HC-3.jpg?fit=900%2C449&ssl=1","width":900,"height":449,"caption":"FIBARO Home Center 3 - planitpower"},{"@type":"BreadcrumbList","@id":"https:\/\/planitpower.com\/shop\/fibaro-home-center-3-smart-hub\/#breadcrumb","itemListElement":[{"@type":"ListItem","position":1,"name":"Home","item":"https:\/\/planitpower.com\/"},{"@type":"ListItem","position":2,"name":"SHOP","item":"https:\/\/planitpower.com\/shop\/"},{"@type":"ListItem","position":3,"name":"FIBARO Home Center 3"}]},{"@type":"WebSite","@id":"https:\/\/planitpower.com\/#website","url":"https:\/\/planitpower.com\/","name":"Planitpower","description":"Inspirons l'\u00e9nergie!","publisher":{"@id":"https:\/\/planitpower.com\/#\/schema\/person\/b531587eda267b930b04174d12de6efa"},"potentialAction":[{"@type":"SearchAction","target":{"@type":"EntryPoint","urlTemplate":"https:\/\/planitpower.com\/?s={search_term_string}"},"query-input":{"@type":"PropertyValueSpecification","valueRequired":true,"valueName":"search_term_string"}}],"inLanguage":"fr-FR"},{"@type":["Person","Organization"],"@id":"https:\/\/planitpower.com\/#\/schema\/person\/b531587eda267b930b04174d12de6efa","name":"Equipe \u00e9ditoriale","image":{"@type":"ImageObject","inLanguage":"fr-FR","@id":"https:\/\/i0.wp.com\/planitpower.com\/wp-content\/uploads\/2025\/12\/cropped-planitpower_circle_375x375.png?fit=512%2C512&ssl=1","url":"https:\/\/i0.wp.com\/planitpower.com\/wp-content\/uploads\/2025\/12\/cropped-planitpower_circle_375x375.png?fit=512%2C512&ssl=1","contentUrl":"https:\/\/i0.wp.com\/planitpower.com\/wp-content\/uploads\/2025\/12\/cropped-planitpower_circle_375x375.png?fit=512%2C512&ssl=1","width":512,"height":512,"caption":"Editorial Team"},"logo":{"@id":"https:\/\/i0.wp.com\/planitpower.com\/wp-content\/uploads\/2025\/12\/cropped-planitpower_circle_375x375.png?fit=512%2C512&ssl=1"},"sameAs":["https:\/\/Planitpower.com"]}]}},"jetpack_publicize_connections":[],"jetpack_likes_enabled":true,"jetpack_sharing_enabled":true,"jetpack-related-posts":[{"id":5208,"url":"https:\/\/planitpower.com\/fr\/boutique\/zendure-solarflow-2400-ac\/","url_meta":{"origin":4989,"position":0},"title":"Zendure SolarFlow 2400 AC","author":"Editorial Team","date":"28\/11\/2025","format":false,"excerpt":"Main features Syst\u00e8me de gestion intelligent AC-coupl\u00e9Contr\u00f4le automatiquement la charge et la d\u00e9charge des batteries AB3000X selon la production solaire, votre consommation et les horaires tarifaires. Compatible avec les micro-onduleursFonctionne avec les installations photovolta\u00efques AC jusqu\u2019\u00e0 2000 W, sans modifier l\u2019infrastructure existante. Puissance de sortie flexible800 W en mode plug-and-play\u2026","rel":"","context":"Article similaire","block_context":{"text":"Article similaire","link":""},"img":{"alt_text":"Zendure SolarFlow 2400 AC - planitpower","src":"https:\/\/i0.wp.com\/planitpower.com\/wp-content\/uploads\/2025\/11\/zendure-solarflow-2400-ac-seul.jpg?fit=500%2C500&ssl=1&resize=350%2C200","width":350,"height":200},"classes":[]}],"_links":{"self":[{"href":"https:\/\/planitpower.com\/fr\/wp-json\/wp\/v2\/product\/4989","targetHints":{"allow":["GET"]}}],"collection":[{"href":"https:\/\/planitpower.com\/fr\/wp-json\/wp\/v2\/product"}],"about":[{"href":"https:\/\/planitpower.com\/fr\/wp-json\/wp\/v2\/types\/product"}],"replies":[{"embeddable":true,"href":"https:\/\/planitpower.com\/fr\/wp-json\/wp\/v2\/comments?post=4989"}],"version-history":[{"count":1,"href":"https:\/\/planitpower.com\/fr\/wp-json\/wp\/v2\/product\/4989\/revisions"}],"predecessor-version":[{"id":5998,"href":"https:\/\/planitpower.com\/fr\/wp-json\/wp\/v2\/product\/4989\/revisions\/5998"}],"wp:featuredmedia":[{"embeddable":true,"href":"https:\/\/planitpower.com\/fr\/wp-json\/wp\/v2\/media\/4990"}],"wp:attachment":[{"href":"https:\/\/planitpower.com\/fr\/wp-json\/wp\/v2\/media?parent=4989"}],"wp:term":[{"taxonomy":"product_brand","embeddable":true,"href":"https:\/\/planitpower.com\/fr\/wp-json\/wp\/v2\/product_brand?post=4989"},{"taxonomy":"product_cat","embeddable":true,"href":"https:\/\/planitpower.com\/fr\/wp-json\/wp\/v2\/product_cat?post=4989"},{"taxonomy":"product_tag","embeddable":true,"href":"https:\/\/planitpower.com\/fr\/wp-json\/wp\/v2\/product_tag?post=4989"}],"curies":[{"name":"wp","href":"https:\/\/api.w.org\/{rel}","templated":true}]}}