{"id":5012,"date":"2025-11-23T00:31:59","date_gmt":"2025-11-23T00:31:59","guid":{"rendered":"https:\/\/planitpower.com\/?post_type=product&#038;p=5012"},"modified":"2026-01-30T22:28:21","modified_gmt":"2026-01-30T22:28:21","slug":"tedee-lock-pro-or-bluetooth","status":"publish","type":"product","link":"https:\/\/planitpower.com\/fr\/boutique\/tedee-lock-pro-or-bluetooth\/","title":{"rendered":"Tedee Lock PRO Gold (Bluetooth)"},"content":{"rendered":"<h1 class=\"wp-block-heading\"><strong>Description<\/strong><\/h1>\n\n\n\n<p>Le <strong>tedee Lock PRO Gold (Bluetooth)<\/strong> Cette serrure connect\u00e9e haut de gamme est con\u00e7ue pour apporter confort, \u00e9l\u00e9gance et s\u00e9curit\u00e9 \u00e0 votre domicile ou votre bureau. Avec sa finition dor\u00e9e raffin\u00e9e, elle allie esth\u00e9tique premium et fonctionnalit\u00e9s d&#039;acc\u00e8s intelligentes avanc\u00e9es. Cette version fonctionne via Bluetooth, permettant aux utilisateurs de verrouiller et d\u00e9verrouiller leur porte sans effort gr\u00e2ce \u00e0 l&#039;application tedee, aux routines automatis\u00e9es ou en mode manuel.<\/p>\n\n\n\n<p>Con\u00e7ue pour offrir une exp\u00e9rience utilisateur exceptionnelle, la serrure tedee Lock PRO Gold est dot\u00e9e d&#039;un moteur renforc\u00e9, d&#039;une m\u00e9canique de pr\u00e9cision et d&#039;une batterie rechargeable longue dur\u00e9e. Silencieuse et fluide, elle permet un acc\u00e8s quotidien \u00e0 la fois efficace et discret. Son int\u00e9gration aux portes existantes est simple gr\u00e2ce \u00e0 un cylindre compatible, et son installation ne n\u00e9cessite aucune modification structurelle importante.<\/p>\n\n\n\n<p>Parfaite pour les maisons modernes, les locations et les petites entreprises, la serrure tedee Lock PRO Gold offre une solution d&#039;entr\u00e9e intelligente, s\u00e9curis\u00e9e et mains libres tout en pr\u00e9servant l&#039;esth\u00e9tique de votre quincaillerie de porte.<\/p>\n\n\n\n<h1 class=\"wp-block-heading\"><strong>Sp\u00e9cifications techniques<\/strong><\/h1>\n\n\n\n<figure class=\"wp-block-table\"><table class=\"has-fixed-layout\"><thead><tr><th><strong>Sp\u00e9cifications<\/strong><\/th><th><strong>D\u00e9tails<\/strong><\/th><\/tr><\/thead><tbody><tr><td>Mod\u00e8le<\/td><td>tedee Lock PRO Gold (Bluetooth)<\/td><\/tr><tr><td>Connectivit\u00e9<\/td><td>Bluetooth Low Energy (BLE)<\/td><\/tr><tr><td>Source d&#039;alimentation<\/td><td>Batterie rechargeable (chargement USB)<\/td><\/tr><tr><td>Autonomie de la batterie<\/td><td>Cycle de longue dur\u00e9e selon l&#039;utilisation<\/td><\/tr><tr><td>Moteur<\/td><td>Couple \u00e9lev\u00e9, fonctionnement silencieux<\/td><\/tr><tr><td>Finition<\/td><td>aluminium anodis\u00e9 or<\/td><\/tr><tr><td>Installation<\/td><td>Compatible avec les cylindres \u00e0 profil europ\u00e9en ; un adaptateur est n\u00e9cessaire pour certains cylindres.<\/td><\/tr><tr><td>Op\u00e9ration<\/td><td>Commande par application, verrouillage\/d\u00e9verrouillage automatique, bouton manuel<\/td><\/tr><tr><td>S\u00e9curit\u00e9<\/td><td>Communication chiffr\u00e9e et autorisations d&#039;acc\u00e8s avanc\u00e9es<\/td><\/tr><tr><td>Dimensions<\/td><td>Conception cylindrique compacte pour une saillie minimale de la porte<\/td><\/tr><tr><td>Compatibilit\u00e9<\/td><td>Compatible avec l&#039;application tedee\u00a0; un pont optionnel est requis pour l&#039;acc\u00e8s \u00e0 distance.<\/td><\/tr><tr><td>Usage<\/td><td>Installation int\u00e9rieure recommand\u00e9e<\/td><\/tr><\/tbody><\/table><\/figure>","protected":false},"excerpt":{"rendered":"<h1 data-start=\"1573\" data-end=\"1592\"><strong data-start=\"1575\" data-end=\"1592\">Caract\u00e9ristiques principales<\/strong><\/h1>\n<ul data-start=\"1593\" data-end=\"2368\">\n<li data-start=\"1593\" data-end=\"1685\">\n<p data-start=\"1595\" data-end=\"1685\"><strong data-start=\"1595\" data-end=\"1618\">finition or de qualit\u00e9 sup\u00e9rieure<\/strong> pour un look \u00e9l\u00e9gant et moderne sur n&#039;importe quelle porte int\u00e9rieure ou ext\u00e9rieure.<\/p>\n<\/li>\n<li data-start=\"1686\" data-end=\"1777\">\n<p data-start=\"1688\" data-end=\"1777\"><strong data-start=\"1688\" data-end=\"1714\">connectivit\u00e9 Bluetooth<\/strong> pour le contr\u00f4le via application, l&#039;automatisation et le d\u00e9verrouillage mains libres.<\/p>\n<\/li>\n<li data-start=\"1778\" data-end=\"1853\">\n<p data-start=\"1780\" data-end=\"1853\"><strong data-start=\"1780\" data-end=\"1809\">Moteur puissant et silencieux<\/strong> assurer un fonctionnement fluide et silencieux des portes.<\/p>\n<\/li>\n<li data-start=\"1854\" data-end=\"1934\">\n<p data-start=\"1856\" data-end=\"1934\"><strong data-start=\"1856\" data-end=\"1891\">Verrouillage et d\u00e9verrouillage automatiques<\/strong> en fonction de la proximit\u00e9 et des pr\u00e9f\u00e9rences de l&#039;utilisateur.<\/p>\n<\/li>\n<li data-start=\"1935\" data-end=\"2013\">\n<p data-start=\"1937\" data-end=\"2013\"><strong data-start=\"1937\" data-end=\"1961\">Batterie rechargeable<\/strong> offrant une longue autonomie sur une seule charge.<\/p>\n<\/li>\n<li data-start=\"2014\" data-end=\"2101\">\n<p data-start=\"2016\" data-end=\"2101\"><strong data-start=\"2016\" data-end=\"2038\">Installation rapide<\/strong> sur des cylindres compatibles sans remplacer la quincaillerie de porte.<\/p>\n<\/li>\n<li data-start=\"2102\" data-end=\"2169\">\n<p data-start=\"2104\" data-end=\"2169\"><strong data-start=\"2104\" data-end=\"2118\">Journaux d&#039;audit<\/strong> qui enregistrent les inscriptions pour plus de tranquillit\u00e9 d&#039;esprit.<\/p>\n<\/li>\n<li data-start=\"2170\" data-end=\"2259\">\n<p data-start=\"2172\" data-end=\"2259\"><strong data-start=\"2172\" data-end=\"2203\">acc\u00e8s m\u00e9canique d&#039;urgence<\/strong> Cela reste possible avec une configuration de cylindre appropri\u00e9e.<\/p>\n<\/li>\n<li data-start=\"2260\" data-end=\"2368\">\n<p data-start=\"2262\" data-end=\"2368\"><strong data-start=\"2262\" data-end=\"2303\">Compatibilit\u00e9 avec les syst\u00e8mes domotiques<\/strong> par le biais de ponts ou d&#039;accessoires d\u00e9di\u00e9s (selon la configuration).<\/p>\n<\/li>\n<\/ul>","protected":false},"featured_media":5015,"comment_status":"open","ping_status":"closed","template":"","meta":{"jetpack_post_was_ever_published":false,"jetpack_publicize_message":"","jetpack_publicize_feature_enabled":false,"jetpack_social_post_already_shared":true,"jetpack_social_options":{"image_generator_settings":{"template":"highway","default_image_id":0,"font":"","enabled":false},"version":2}},"product_brand":[166],"product_cat":[119],"product_tag":[],"class_list":{"0":"post-5012","1":"product","2":"type-product","3":"status-publish","4":"has-post-thumbnail","6":"product_brand-tedee","7":"product_cat-smart-locks-access-control","9":"first","10":"instock","11":"taxable","12":"shipping-taxable","13":"purchasable","14":"product-type-simple"},"yoast_head":"<!-- This site is optimized with the Yoast SEO plugin v27.3 - https:\/\/yoast.com\/product\/yoast-seo-wordpress\/ -->\n<title>Tedee Lock PRO Gold (Bluetooth) - Planitpower<\/title>\n<meta name=\"description\" content=\"Discover the tedee Lock PRO Gold (Bluetooth), a premium smart door lock offering seamless access control, advanced security, and elegant gold design for modern homes.\" \/>\n<meta name=\"robots\" content=\"index, follow, max-snippet:-1, max-image-preview:large, max-video-preview:-1\" \/>\n<link rel=\"canonical\" href=\"https:\/\/planitpower.com\/fr\/boutique\/tedee-lock-pro-or-bluetooth\/\" \/>\n<meta property=\"og:locale\" content=\"fr_FR\" \/>\n<meta property=\"og:type\" content=\"article\" \/>\n<meta property=\"og:title\" content=\"Tedee Lock PRO Gold (Bluetooth) - Planitpower\" \/>\n<meta property=\"og:description\" content=\"Discover the tedee Lock PRO Gold (Bluetooth), a premium smart door lock offering seamless access control, advanced security, and elegant gold design for modern homes.\" \/>\n<meta property=\"og:url\" content=\"https:\/\/planitpower.com\/fr\/boutique\/tedee-lock-pro-or-bluetooth\/\" \/>\n<meta property=\"og:site_name\" content=\"Planitpower\" \/>\n<meta property=\"article:modified_time\" content=\"2026-01-30T22:28:21+00:00\" \/>\n<meta property=\"og:image\" content=\"https:\/\/i0.wp.com\/planitpower.com\/wp-content\/uploads\/2025\/11\/5907720713973-2_600x600.png?fit=600%2C600&ssl=1\" \/>\n\t<meta property=\"og:image:width\" content=\"600\" \/>\n\t<meta property=\"og:image:height\" content=\"600\" \/>\n\t<meta property=\"og:image:type\" content=\"image\/png\" \/>\n<meta name=\"twitter:card\" content=\"summary_large_image\" \/>\n<meta name=\"twitter:label1\" content=\"Dur\u00e9e de lecture estim\u00e9e\" \/>\n\t<meta name=\"twitter:data1\" content=\"2 minutes\" \/>\n<script type=\"application\/ld+json\" class=\"yoast-schema-graph\">{\"@context\":\"https:\\\/\\\/schema.org\",\"@graph\":[{\"@type\":\"WebPage\",\"@id\":\"https:\\\/\\\/planitpower.com\\\/shop\\\/tedee-lock-pro-gold-bluetooth\\\/\",\"url\":\"https:\\\/\\\/planitpower.com\\\/shop\\\/tedee-lock-pro-gold-bluetooth\\\/\",\"name\":\"Tedee Lock PRO Gold (Bluetooth) - Planitpower\",\"isPartOf\":{\"@id\":\"https:\\\/\\\/planitpower.com\\\/#website\"},\"primaryImageOfPage\":{\"@id\":\"https:\\\/\\\/planitpower.com\\\/shop\\\/tedee-lock-pro-gold-bluetooth\\\/#primaryimage\"},\"image\":{\"@id\":\"https:\\\/\\\/planitpower.com\\\/shop\\\/tedee-lock-pro-gold-bluetooth\\\/#primaryimage\"},\"thumbnailUrl\":\"https:\\\/\\\/i0.wp.com\\\/planitpower.com\\\/wp-content\\\/uploads\\\/2025\\\/11\\\/5907720713973-2_600x600.png?fit=600%2C600&ssl=1\",\"datePublished\":\"2025-11-23T00:31:59+00:00\",\"dateModified\":\"2026-01-30T22:28:21+00:00\",\"description\":\"Discover the tedee Lock PRO Gold (Bluetooth), a premium smart door lock offering seamless access control, advanced security, and elegant gold design for modern homes.\",\"breadcrumb\":{\"@id\":\"https:\\\/\\\/planitpower.com\\\/shop\\\/tedee-lock-pro-gold-bluetooth\\\/#breadcrumb\"},\"inLanguage\":\"fr-FR\",\"potentialAction\":[{\"@type\":\"ReadAction\",\"target\":[\"https:\\\/\\\/planitpower.com\\\/shop\\\/tedee-lock-pro-gold-bluetooth\\\/\"]}]},{\"@type\":\"ImageObject\",\"inLanguage\":\"fr-FR\",\"@id\":\"https:\\\/\\\/planitpower.com\\\/shop\\\/tedee-lock-pro-gold-bluetooth\\\/#primaryimage\",\"url\":\"https:\\\/\\\/i0.wp.com\\\/planitpower.com\\\/wp-content\\\/uploads\\\/2025\\\/11\\\/5907720713973-2_600x600.png?fit=600%2C600&ssl=1\",\"contentUrl\":\"https:\\\/\\\/i0.wp.com\\\/planitpower.com\\\/wp-content\\\/uploads\\\/2025\\\/11\\\/5907720713973-2_600x600.png?fit=600%2C600&ssl=1\",\"width\":600,\"height\":600,\"caption\":\"tedee Lock PRO Gold (Bluetooth) - planitpower\"},{\"@type\":\"BreadcrumbList\",\"@id\":\"https:\\\/\\\/planitpower.com\\\/shop\\\/tedee-lock-pro-gold-bluetooth\\\/#breadcrumb\",\"itemListElement\":[{\"@type\":\"ListItem\",\"position\":1,\"name\":\"Home\",\"item\":\"https:\\\/\\\/planitpower.com\\\/\"},{\"@type\":\"ListItem\",\"position\":2,\"name\":\"SHOP\",\"item\":\"https:\\\/\\\/planitpower.com\\\/shop\\\/\"},{\"@type\":\"ListItem\",\"position\":3,\"name\":\"Tedee Lock PRO Gold (Bluetooth)\"}]},{\"@type\":\"WebSite\",\"@id\":\"https:\\\/\\\/planitpower.com\\\/#website\",\"url\":\"https:\\\/\\\/planitpower.com\\\/\",\"name\":\"Planitpower\",\"description\":\"Inspire energy\",\"publisher\":{\"@id\":\"https:\\\/\\\/planitpower.com\\\/#\\\/schema\\\/person\\\/b531587eda267b930b04174d12de6efa\"},\"potentialAction\":[{\"@type\":\"SearchAction\",\"target\":{\"@type\":\"EntryPoint\",\"urlTemplate\":\"https:\\\/\\\/planitpower.com\\\/?s={search_term_string}\"},\"query-input\":{\"@type\":\"PropertyValueSpecification\",\"valueRequired\":true,\"valueName\":\"search_term_string\"}}],\"inLanguage\":\"fr-FR\"},{\"@type\":[\"Person\",\"Organization\"],\"@id\":\"https:\\\/\\\/planitpower.com\\\/#\\\/schema\\\/person\\\/b531587eda267b930b04174d12de6efa\",\"name\":\"Editorial Team\",\"image\":{\"@type\":\"ImageObject\",\"inLanguage\":\"fr-FR\",\"@id\":\"https:\\\/\\\/i0.wp.com\\\/planitpower.com\\\/wp-content\\\/uploads\\\/2025\\\/12\\\/cropped-planitpower_circle_375x375.png?fit=512%2C512&ssl=1\",\"url\":\"https:\\\/\\\/i0.wp.com\\\/planitpower.com\\\/wp-content\\\/uploads\\\/2025\\\/12\\\/cropped-planitpower_circle_375x375.png?fit=512%2C512&ssl=1\",\"contentUrl\":\"https:\\\/\\\/i0.wp.com\\\/planitpower.com\\\/wp-content\\\/uploads\\\/2025\\\/12\\\/cropped-planitpower_circle_375x375.png?fit=512%2C512&ssl=1\",\"width\":512,\"height\":512,\"caption\":\"Editorial Team\"},\"logo\":{\"@id\":\"https:\\\/\\\/i0.wp.com\\\/planitpower.com\\\/wp-content\\\/uploads\\\/2025\\\/12\\\/cropped-planitpower_circle_375x375.png?fit=512%2C512&ssl=1\"},\"sameAs\":[\"https:\\\/\\\/Planitpower.com\"]}]}<\/script>\n<!-- \/ Yoast SEO plugin. -->","yoast_head_json":{"title":"Tedee Lock PRO Gold (Bluetooth) - Planitpower","description":"D\u00e9couvrez la serrure connect\u00e9e tedee Lock PRO Gold (Bluetooth), une serrure de porte intelligente haut de gamme offrant un contr\u00f4le d&#039;acc\u00e8s fluide, une s\u00e9curit\u00e9 avanc\u00e9e et un design dor\u00e9 \u00e9l\u00e9gant pour les maisons modernes.","robots":{"index":"index","follow":"follow","max-snippet":"max-snippet:-1","max-image-preview":"max-image-preview:large","max-video-preview":"max-video-preview:-1"},"canonical":"https:\/\/planitpower.com\/fr\/boutique\/tedee-lock-pro-or-bluetooth\/","og_locale":"fr_FR","og_type":"article","og_title":"Tedee Lock PRO Gold (Bluetooth) - Planitpower","og_description":"Discover the tedee Lock PRO Gold (Bluetooth), a premium smart door lock offering seamless access control, advanced security, and elegant gold design for modern homes.","og_url":"https:\/\/planitpower.com\/fr\/boutique\/tedee-lock-pro-or-bluetooth\/","og_site_name":"Planitpower","article_modified_time":"2026-01-30T22:28:21+00:00","og_image":[{"width":600,"height":600,"url":"https:\/\/i0.wp.com\/planitpower.com\/wp-content\/uploads\/2025\/11\/5907720713973-2_600x600.png?fit=600%2C600&ssl=1","type":"image\/png"}],"twitter_card":"summary_large_image","twitter_misc":{"Dur\u00e9e de lecture estim\u00e9e":"2 minutes"},"schema":{"@context":"https:\/\/schema.org","@graph":[{"@type":"WebPage","@id":"https:\/\/planitpower.com\/shop\/tedee-lock-pro-gold-bluetooth\/","url":"https:\/\/planitpower.com\/shop\/tedee-lock-pro-gold-bluetooth\/","name":"Tedee Lock PRO Gold (Bluetooth) - Planitpower","isPartOf":{"@id":"https:\/\/planitpower.com\/#website"},"primaryImageOfPage":{"@id":"https:\/\/planitpower.com\/shop\/tedee-lock-pro-gold-bluetooth\/#primaryimage"},"image":{"@id":"https:\/\/planitpower.com\/shop\/tedee-lock-pro-gold-bluetooth\/#primaryimage"},"thumbnailUrl":"https:\/\/i0.wp.com\/planitpower.com\/wp-content\/uploads\/2025\/11\/5907720713973-2_600x600.png?fit=600%2C600&ssl=1","datePublished":"2025-11-23T00:31:59+00:00","dateModified":"2026-01-30T22:28:21+00:00","description":"D\u00e9couvrez la serrure connect\u00e9e tedee Lock PRO Gold (Bluetooth), une serrure de porte intelligente haut de gamme offrant un contr\u00f4le d&#039;acc\u00e8s fluide, une s\u00e9curit\u00e9 avanc\u00e9e et un design dor\u00e9 \u00e9l\u00e9gant pour les maisons modernes.","breadcrumb":{"@id":"https:\/\/planitpower.com\/shop\/tedee-lock-pro-gold-bluetooth\/#breadcrumb"},"inLanguage":"fr-FR","potentialAction":[{"@type":"ReadAction","target":["https:\/\/planitpower.com\/shop\/tedee-lock-pro-gold-bluetooth\/"]}]},{"@type":"ImageObject","inLanguage":"fr-FR","@id":"https:\/\/planitpower.com\/shop\/tedee-lock-pro-gold-bluetooth\/#primaryimage","url":"https:\/\/i0.wp.com\/planitpower.com\/wp-content\/uploads\/2025\/11\/5907720713973-2_600x600.png?fit=600%2C600&ssl=1","contentUrl":"https:\/\/i0.wp.com\/planitpower.com\/wp-content\/uploads\/2025\/11\/5907720713973-2_600x600.png?fit=600%2C600&ssl=1","width":600,"height":600,"caption":"tedee Lock PRO Gold (Bluetooth) - planitpower"},{"@type":"BreadcrumbList","@id":"https:\/\/planitpower.com\/shop\/tedee-lock-pro-gold-bluetooth\/#breadcrumb","itemListElement":[{"@type":"ListItem","position":1,"name":"Home","item":"https:\/\/planitpower.com\/"},{"@type":"ListItem","position":2,"name":"SHOP","item":"https:\/\/planitpower.com\/shop\/"},{"@type":"ListItem","position":3,"name":"Tedee Lock PRO Gold (Bluetooth)"}]},{"@type":"WebSite","@id":"https:\/\/planitpower.com\/#website","url":"https:\/\/planitpower.com\/","name":"Planitpower","description":"Inspirons l'\u00e9nergie!","publisher":{"@id":"https:\/\/planitpower.com\/#\/schema\/person\/b531587eda267b930b04174d12de6efa"},"potentialAction":[{"@type":"SearchAction","target":{"@type":"EntryPoint","urlTemplate":"https:\/\/planitpower.com\/?s={search_term_string}"},"query-input":{"@type":"PropertyValueSpecification","valueRequired":true,"valueName":"search_term_string"}}],"inLanguage":"fr-FR"},{"@type":["Person","Organization"],"@id":"https:\/\/planitpower.com\/#\/schema\/person\/b531587eda267b930b04174d12de6efa","name":"Equipe \u00e9ditoriale","image":{"@type":"ImageObject","inLanguage":"fr-FR","@id":"https:\/\/i0.wp.com\/planitpower.com\/wp-content\/uploads\/2025\/12\/cropped-planitpower_circle_375x375.png?fit=512%2C512&ssl=1","url":"https:\/\/i0.wp.com\/planitpower.com\/wp-content\/uploads\/2025\/12\/cropped-planitpower_circle_375x375.png?fit=512%2C512&ssl=1","contentUrl":"https:\/\/i0.wp.com\/planitpower.com\/wp-content\/uploads\/2025\/12\/cropped-planitpower_circle_375x375.png?fit=512%2C512&ssl=1","width":512,"height":512,"caption":"Editorial Team"},"logo":{"@id":"https:\/\/i0.wp.com\/planitpower.com\/wp-content\/uploads\/2025\/12\/cropped-planitpower_circle_375x375.png?fit=512%2C512&ssl=1"},"sameAs":["https:\/\/Planitpower.com"]}]}},"jetpack_publicize_connections":[],"jetpack_likes_enabled":true,"jetpack_sharing_enabled":true,"jetpack-related-posts":[{"id":5003,"url":"https:\/\/planitpower.com\/fr\/boutique\/tedee-lock-pro-argent-bluetooth\/","url_meta":{"origin":5012,"position":0},"title":"Tedee Lock PRO Argent (Bluetooth)","author":"Editorial Team","date":"23\/11\/2025","format":false,"excerpt":"Main Features Premium aluminum construction in a stylish silver finish Motorized locking and unlocking for smooth, silent operation Bluetooth connectivity for keyless access through the Tedee app Remote control, automation, and voice assistant compatibility when used with the Tedee Bridge Activity logs and access monitoring for enhanced security Virtual keys\u2026","rel":"","context":"Article similaire","block_context":{"text":"Article similaire","link":""},"img":{"alt_text":"","src":"","width":0,"height":0},"classes":[]},{"id":4242,"url":"https:\/\/planitpower.com\/fr\/boutique\/kit-de-serrure-connectee-aqara-u200-hors-ligne-noir\/","url_meta":{"origin":5012,"position":1},"title":"Kit de serrure connect\u00e9e Aqara U200 (hors ligne, noir)","author":"Editorial Team","date":"14\/11\/2025","format":false,"excerpt":"Main Features Multiple Unlocking Options: Unlock via fingerprint, PIN code, NFC card, Bluetooth, Apple Home Key, or mechanical key. Matter-over-Thread Compatibility: Supports the latest smart home protocol for faster, more secure, and energy-efficient connections. Apple Home Key Integration: Unlock your door with an iPhone or Apple Watch, even offline. IPX5\u2026","rel":"","context":"Article similaire","block_context":{"text":"Article similaire","link":""},"img":{"alt_text":"Smart Lock U200 Kit - planitpower - 2","src":"https:\/\/i0.wp.com\/planitpower.com\/wp-content\/uploads\/2025\/11\/6975833358120-7KnLG2fnK4oaBn.png?fit=1200%2C1200&ssl=1&resize=350%2C200","width":350,"height":200,"srcset":"https:\/\/i0.wp.com\/planitpower.com\/wp-content\/uploads\/2025\/11\/6975833358120-7KnLG2fnK4oaBn.png?fit=1200%2C1200&ssl=1&resize=350%2C200 1x, https:\/\/i0.wp.com\/planitpower.com\/wp-content\/uploads\/2025\/11\/6975833358120-7KnLG2fnK4oaBn.png?fit=1200%2C1200&ssl=1&resize=525%2C300 1.5x, https:\/\/i0.wp.com\/planitpower.com\/wp-content\/uploads\/2025\/11\/6975833358120-7KnLG2fnK4oaBn.png?fit=1200%2C1200&ssl=1&resize=700%2C400 2x, https:\/\/i0.wp.com\/planitpower.com\/wp-content\/uploads\/2025\/11\/6975833358120-7KnLG2fnK4oaBn.png?fit=1200%2C1200&ssl=1&resize=1050%2C600 3x"},"classes":[]},{"id":4333,"url":"https:\/\/planitpower.com\/fr\/boutique\/kit-de-verrouillage-intelligent-aqara-u200-lite\/","url_meta":{"origin":5012,"position":2},"title":"Kit de verrouillage intelligent Aqara U200 Lite","author":"Editorial Team","date":"24\/11\/2025","format":false,"excerpt":"Main Features Multiple Unlock Methods \u2013 Access your door via fingerprint, password, NFC tag, mechanical key, or smartphone app. Matter & Apple Home Compatible \u2013 Works smoothly with major smart home ecosystems including Apple HomeKit, Alexa, Google Home, and Matter. Enhanced Security \u2013 Features anti-peeping passwords, encrypted communication, and an\u2026","rel":"","context":"Article similaire","block_context":{"text":"Article similaire","link":""},"img":{"alt_text":"","src":"","width":0,"height":0},"classes":[]},{"id":4477,"url":"https:\/\/planitpower.com\/fr\/boutique\/cylindre-reglable-aqara-u200\/","url_meta":{"origin":5012,"position":3},"title":"Cylindre r\u00e9glable Aqara U200","author":"Editorial Team","date":"14\/11\/2025","format":false,"excerpt":"Main features Universal fit for standard doors: The cylinder\u2019s adjustable length means it can adapt to both inner and outer dimensions of European-profile doors, making it ideal for a broad range of installations. Emergency unlock function: If a key remains inside the lock, this cylinder still allows opening from the\u2026","rel":"","context":"Article similaire","block_context":{"text":"Article similaire","link":""},"img":{"alt_text":"Aqara U200 Adjustable Cylinder - planitpower - 1","src":"https:\/\/i0.wp.com\/planitpower.com\/wp-content\/uploads\/2025\/11\/U200-Adjustable-Cylinder-new-2025_1_1920x1920.webp?fit=1000%2C1000&ssl=1&resize=350%2C200","width":350,"height":200,"srcset":"https:\/\/i0.wp.com\/planitpower.com\/wp-content\/uploads\/2025\/11\/U200-Adjustable-Cylinder-new-2025_1_1920x1920.webp?fit=1000%2C1000&ssl=1&resize=350%2C200 1x, https:\/\/i0.wp.com\/planitpower.com\/wp-content\/uploads\/2025\/11\/U200-Adjustable-Cylinder-new-2025_1_1920x1920.webp?fit=1000%2C1000&ssl=1&resize=525%2C300 1.5x, https:\/\/i0.wp.com\/planitpower.com\/wp-content\/uploads\/2025\/11\/U200-Adjustable-Cylinder-new-2025_1_1920x1920.webp?fit=1000%2C1000&ssl=1&resize=700%2C400 2x"},"classes":[]},{"id":4304,"url":"https:\/\/planitpower.com\/fr\/boutique\/hub-camera-aqara-g5-pro-poe\/","url_meta":{"origin":5012,"position":4},"title":"Hub de cam\u00e9ra Aqara G5 Pro PoE","author":"Editorial Team","date":"25\/12\/2025","format":false,"excerpt":"Main Features Quad HD (2688\u00d71520) resolution with a 133\u00b0 diagonal field of view for expansive and detailed coverage. Ultra-bright f\/1.0 aperture combined with a 1\/1.8\u2033 sensor ensures excellent image quality even in low light. True full-colour night vision with built-in 3 W spotlight (beam angle 120\u00b0, colour temperature 3000 K)\u2026","rel":"","context":"Article similaire","block_context":{"text":"Article similaire","link":""},"img":{"alt_text":"","src":"","width":0,"height":0},"classes":[]},{"id":4664,"url":"https:\/\/planitpower.com\/fr\/boutique\/hub-domotique-aeotec-2\/","url_meta":{"origin":5012,"position":5},"title":"Aeotec Smart Home Hub 2","author":"Editorial Team","date":"18\/11\/2025","format":false,"excerpt":"Caract\u00e9ristiques principales : Compatibilit\u00e9 \u00e9tendue avec les syst\u00e8mes domotiques : Fonctionne avec les appareils certifi\u00e9s Matter et prend en charge Zigbee 3.0, Thread, Wi-Fi et Bluetooth pour une interop\u00e9rabilit\u00e9 maximale. Automatisation locale prioritaire : Des routines plus rapides et plus fiables gr\u00e2ce \u00e0 un traitement embarqu\u00e9 am\u00e9lior\u00e9, r\u00e9duisant la d\u00e9pendance aux services cloud. Mat\u00e9riel am\u00e9lior\u00e9 : Dot\u00e9 d&#039;un processeur plus puissant et d&#039;une m\u00e9moire vive accrue pour\u2026","rel":"","context":"Article similaire","block_context":{"text":"Article similaire","link":""},"img":{"alt_text":"Aeotec Smart Home Hub 2 - planitpower - 3","src":"https:\/\/i0.wp.com\/planitpower.com\/wp-content\/uploads\/2025\/11\/shh2_packaging_01-scaled.webp?fit=1200%2C900&ssl=1&resize=350%2C200","width":350,"height":200,"srcset":"https:\/\/i0.wp.com\/planitpower.com\/wp-content\/uploads\/2025\/11\/shh2_packaging_01-scaled.webp?fit=1200%2C900&ssl=1&resize=350%2C200 1x, https:\/\/i0.wp.com\/planitpower.com\/wp-content\/uploads\/2025\/11\/shh2_packaging_01-scaled.webp?fit=1200%2C900&ssl=1&resize=525%2C300 1.5x, https:\/\/i0.wp.com\/planitpower.com\/wp-content\/uploads\/2025\/11\/shh2_packaging_01-scaled.webp?fit=1200%2C900&ssl=1&resize=700%2C400 2x, https:\/\/i0.wp.com\/planitpower.com\/wp-content\/uploads\/2025\/11\/shh2_packaging_01-scaled.webp?fit=1200%2C900&ssl=1&resize=1050%2C600 3x"},"classes":[]}],"_links":{"self":[{"href":"https:\/\/planitpower.com\/fr\/wp-json\/wp\/v2\/product\/5012","targetHints":{"allow":["GET"]}}],"collection":[{"href":"https:\/\/planitpower.com\/fr\/wp-json\/wp\/v2\/product"}],"about":[{"href":"https:\/\/planitpower.com\/fr\/wp-json\/wp\/v2\/types\/product"}],"replies":[{"embeddable":true,"href":"https:\/\/planitpower.com\/fr\/wp-json\/wp\/v2\/comments?post=5012"}],"version-history":[{"count":1,"href":"https:\/\/planitpower.com\/fr\/wp-json\/wp\/v2\/product\/5012\/revisions"}],"predecessor-version":[{"id":6056,"href":"https:\/\/planitpower.com\/fr\/wp-json\/wp\/v2\/product\/5012\/revisions\/6056"}],"wp:featuredmedia":[{"embeddable":true,"href":"https:\/\/planitpower.com\/fr\/wp-json\/wp\/v2\/media\/5015"}],"wp:attachment":[{"href":"https:\/\/planitpower.com\/fr\/wp-json\/wp\/v2\/media?parent=5012"}],"wp:term":[{"taxonomy":"product_brand","embeddable":true,"href":"https:\/\/planitpower.com\/fr\/wp-json\/wp\/v2\/product_brand?post=5012"},{"taxonomy":"product_cat","embeddable":true,"href":"https:\/\/planitpower.com\/fr\/wp-json\/wp\/v2\/product_cat?post=5012"},{"taxonomy":"product_tag","embeddable":true,"href":"https:\/\/planitpower.com\/fr\/wp-json\/wp\/v2\/product_tag?post=5012"}],"curies":[{"name":"wp","href":"https:\/\/api.w.org\/{rel}","templated":true}]}}